{"id":4779,"date":"2022-02-20T15:55:42","date_gmt":"2022-02-20T15:55:42","guid":{"rendered":"https:\/\/medicinasinc.com\/no\/?post_type=product&#038;p=4779"},"modified":"2022-03-22T01:10:41","modified_gmt":"2022-03-22T01:10:41","slug":"kjop-alaskan-thunder-fuck-budder-overste-hylle","status":"publish","type":"product","link":"https:\/\/medicinasinc.com\/no\/product\/kjop-alaskan-thunder-fuck-budder-overste-hylle\/","title":{"rendered":"Kj\u00f8p Alaskan Thunder Fuck Budder \u2013 \u00f8verste hylle"},"content":{"rendered":"<p>Kj\u00f8p Alaskan Thunder Fuck Budder \u2013 Premium Quality<\/p>\n<p>Alaskan Thunder Fuck, forkortet ATF, Matanuska Thunder Fuck eller Matanuska Tundra, er en sjelden sativa-dominerende stamme som har sin opprinnelse i Alaskas Matanuska Valley. Det antas \u00e5 ha sin opprinnelse som en krysning mellom en nord-California sativa og en russisk ruderalis, f\u00f8r den ble krysset med afghansk genetikk p\u00e5 slutten av 1970-tallet. Denne stammen har en skarp aroma som blander furu og sitron med skunk- og mentolnoter. ATF er elsket for sine appetittstimulerende egenskaper og creeper-lignende egenskaper. ATF-h\u00f8yen begynner med et utbrudd av cerebral stimulering, som fremmer sosial interaksjon og kreativitet. Etter hvert som intensiteten av euforien \u00f8ker, begynner kroppen \u00e5 slappe av og sulten melder seg. Alaskan Thunder Fuck kan brukes til \u00e5 behandle kronisk stress, depresjon og mild til moderat smerte.<\/p>\n","protected":false},"excerpt":{"rendered":"<p>Kj\u00f8p Alaskan Thunder Fuck Budder \u2013 Premium Quality<\/p>\n<p>&nbsp;<\/p>\n<ul>\n<li>Verdensomfattende frakt<\/li>\n<li>Minste bestillingsantall er <strong>3<\/strong> strong&gt;<\/li>\n<li><strong>Kontakt oss<\/strong>\u00a0for st\u00f8rre bestillinger<\/li>\n<\/ul>\n","protected":false},"featured_media":4793,"comment_status":"open","ping_status":"closed","template":"","meta":[],"product_brand":[],"product_cat":[702],"product_tag":[],"class_list":{"0":"post-4779","1":"product","2":"type-product","3":"status-publish","4":"has-post-thumbnail","6":"product_cat-kjpe-cannabis-voks","8":"first","9":"instock","10":"shipping-taxable","11":"purchasable","12":"product-type-variable","13":"has-default-attributes"},"yoast_head":"<!-- This site is optimized with the Yoast SEO plugin v27.3 - https:\/\/yoast.com\/product\/yoast-seo-wordpress\/ -->\n<title>Kj\u00f8p Alaskan Thunder Fuck Budder \u2013 \u00f8verste hylle - Medicinas Inc<\/title>\n<meta name=\"description\" content=\"Kj\u00f8p Alaskan Thunder Fuck Budder \u2013 f\u00f8rsteklasses kvalitet\" \/>\n<meta name=\"robots\" content=\"index, follow, max-snippet:-1, max-image-preview:large, max-video-preview:-1\" \/>\n<link rel=\"canonical\" href=\"https:\/\/medicinasinc.com\/no\/product\/kjop-alaskan-thunder-fuck-budder-overste-hylle\/\" \/>\n<meta property=\"og:locale\" content=\"nn_NO\" \/>\n<meta property=\"og:type\" content=\"article\" \/>\n<meta property=\"og:title\" content=\"Kj\u00f8p Alaskan Thunder Fuck Budder \u2013 \u00f8verste hylle - Medicinas Inc\" \/>\n<meta property=\"og:description\" content=\"Kj\u00f8p Alaskan Thunder Fuck Budder \u2013 f\u00f8rsteklasses kvalitet\" \/>\n<meta property=\"og:url\" content=\"https:\/\/medicinasinc.com\/no\/product\/kjop-alaskan-thunder-fuck-budder-overste-hylle\/\" \/>\n<meta property=\"og:site_name\" content=\"Medicinas Inc\" \/>\n<meta property=\"article:modified_time\" content=\"2022-03-22T01:10:41+00:00\" \/>\n<meta property=\"og:image\" content=\"https:\/\/medicinasinc.com\/no\/wp-content\/uploads\/sites\/14\/2022\/02\/Buy-Alaskan-Thunder-Fuck-Budder.jpg\" \/>\n\t<meta property=\"og:image:width\" content=\"600\" \/>\n\t<meta property=\"og:image:height\" content=\"600\" \/>\n\t<meta property=\"og:image:type\" content=\"image\/jpeg\" \/>\n<meta name=\"twitter:card\" content=\"summary_large_image\" \/>\n<meta name=\"twitter:label1\" content=\"Est. reading time\" \/>\n\t<meta name=\"twitter:data1\" content=\"1 minutt\" \/>\n<script type=\"application\/ld+json\" class=\"yoast-schema-graph\">{\"@context\":\"https:\\\/\\\/schema.org\",\"@graph\":[{\"@type\":\"WebPage\",\"@id\":\"https:\\\/\\\/medicinasinc.com\\\/no\\\/product\\\/kjop-alaskan-thunder-fuck-budder-overste-hylle\\\/\",\"url\":\"https:\\\/\\\/medicinasinc.com\\\/no\\\/product\\\/kjop-alaskan-thunder-fuck-budder-overste-hylle\\\/\",\"name\":\"Kj\u00f8p Alaskan Thunder Fuck Budder \u2013 \u00f8verste hylle - Medicinas Inc\",\"isPartOf\":{\"@id\":\"https:\\\/\\\/medicinasinc.com\\\/no\\\/#website\"},\"primaryImageOfPage\":{\"@id\":\"https:\\\/\\\/medicinasinc.com\\\/no\\\/product\\\/kjop-alaskan-thunder-fuck-budder-overste-hylle\\\/#primaryimage\"},\"image\":{\"@id\":\"https:\\\/\\\/medicinasinc.com\\\/no\\\/product\\\/kjop-alaskan-thunder-fuck-budder-overste-hylle\\\/#primaryimage\"},\"thumbnailUrl\":\"https:\\\/\\\/medicinasinc.com\\\/no\\\/wp-content\\\/uploads\\\/sites\\\/14\\\/2022\\\/02\\\/Buy-Alaskan-Thunder-Fuck-Budder.jpg\",\"datePublished\":\"2022-02-20T15:55:42+00:00\",\"dateModified\":\"2022-03-22T01:10:41+00:00\",\"description\":\"Kj\u00f8p Alaskan Thunder Fuck Budder \u2013 f\u00f8rsteklasses kvalitet\",\"breadcrumb\":{\"@id\":\"https:\\\/\\\/medicinasinc.com\\\/no\\\/product\\\/kjop-alaskan-thunder-fuck-budder-overste-hylle\\\/#breadcrumb\"},\"inLanguage\":\"nn-NO\",\"potentialAction\":[{\"@type\":\"ReadAction\",\"target\":[\"https:\\\/\\\/medicinasinc.com\\\/no\\\/product\\\/kjop-alaskan-thunder-fuck-budder-overste-hylle\\\/\"]}]},{\"@type\":\"ImageObject\",\"inLanguage\":\"nn-NO\",\"@id\":\"https:\\\/\\\/medicinasinc.com\\\/no\\\/product\\\/kjop-alaskan-thunder-fuck-budder-overste-hylle\\\/#primaryimage\",\"url\":\"https:\\\/\\\/medicinasinc.com\\\/no\\\/wp-content\\\/uploads\\\/sites\\\/14\\\/2022\\\/02\\\/Buy-Alaskan-Thunder-Fuck-Budder.jpg\",\"contentUrl\":\"https:\\\/\\\/medicinasinc.com\\\/no\\\/wp-content\\\/uploads\\\/sites\\\/14\\\/2022\\\/02\\\/Buy-Alaskan-Thunder-Fuck-Budder.jpg\",\"width\":600,\"height\":600},{\"@type\":\"BreadcrumbList\",\"@id\":\"https:\\\/\\\/medicinasinc.com\\\/no\\\/product\\\/kjop-alaskan-thunder-fuck-budder-overste-hylle\\\/#breadcrumb\",\"itemListElement\":[{\"@type\":\"ListItem\",\"position\":1,\"name\":\"Butikk\",\"item\":\"https:\\\/\\\/medicinasinc.com\\\/no\\\/butikk\\\/\"},{\"@type\":\"ListItem\",\"position\":2,\"name\":\"Kj\u00f8p Alaskan Thunder Fuck Budder \u2013 \u00f8verste hylle\"}]},{\"@type\":\"WebSite\",\"@id\":\"https:\\\/\\\/medicinasinc.com\\\/no\\\/#website\",\"url\":\"https:\\\/\\\/medicinasinc.com\\\/no\\\/\",\"name\":\"Medicinas Inc\",\"description\":\"Helsemedisinsk klinikk\",\"potentialAction\":[{\"@type\":\"SearchAction\",\"target\":{\"@type\":\"EntryPoint\",\"urlTemplate\":\"https:\\\/\\\/medicinasinc.com\\\/no\\\/?s={search_term_string}\"},\"query-input\":{\"@type\":\"PropertyValueSpecification\",\"valueRequired\":true,\"valueName\":\"search_term_string\"}}],\"inLanguage\":\"nn-NO\"}]}<\/script>\n<!-- \/ Yoast SEO plugin. -->","yoast_head_json":{"title":"Kj\u00f8p Alaskan Thunder Fuck Budder \u2013 \u00f8verste hylle - Medicinas Inc","description":"Kj\u00f8p Alaskan Thunder Fuck Budder \u2013 f\u00f8rsteklasses kvalitet","robots":{"index":"index","follow":"follow","max-snippet":"max-snippet:-1","max-image-preview":"max-image-preview:large","max-video-preview":"max-video-preview:-1"},"canonical":"https:\/\/medicinasinc.com\/no\/product\/kjop-alaskan-thunder-fuck-budder-overste-hylle\/","og_locale":"nn_NO","og_type":"article","og_title":"Kj\u00f8p Alaskan Thunder Fuck Budder \u2013 \u00f8verste hylle - Medicinas Inc","og_description":"Kj\u00f8p Alaskan Thunder Fuck Budder \u2013 f\u00f8rsteklasses kvalitet","og_url":"https:\/\/medicinasinc.com\/no\/product\/kjop-alaskan-thunder-fuck-budder-overste-hylle\/","og_site_name":"Medicinas Inc","article_modified_time":"2022-03-22T01:10:41+00:00","og_image":[{"width":600,"height":600,"url":"https:\/\/medicinasinc.com\/no\/wp-content\/uploads\/sites\/14\/2022\/02\/Buy-Alaskan-Thunder-Fuck-Budder.jpg","type":"image\/jpeg"}],"twitter_card":"summary_large_image","twitter_misc":{"Est. reading time":"1 minutt"},"schema":{"@context":"https:\/\/schema.org","@graph":[{"@type":"WebPage","@id":"https:\/\/medicinasinc.com\/no\/product\/kjop-alaskan-thunder-fuck-budder-overste-hylle\/","url":"https:\/\/medicinasinc.com\/no\/product\/kjop-alaskan-thunder-fuck-budder-overste-hylle\/","name":"Kj\u00f8p Alaskan Thunder Fuck Budder \u2013 \u00f8verste hylle - Medicinas Inc","isPartOf":{"@id":"https:\/\/medicinasinc.com\/no\/#website"},"primaryImageOfPage":{"@id":"https:\/\/medicinasinc.com\/no\/product\/kjop-alaskan-thunder-fuck-budder-overste-hylle\/#primaryimage"},"image":{"@id":"https:\/\/medicinasinc.com\/no\/product\/kjop-alaskan-thunder-fuck-budder-overste-hylle\/#primaryimage"},"thumbnailUrl":"https:\/\/medicinasinc.com\/no\/wp-content\/uploads\/sites\/14\/2022\/02\/Buy-Alaskan-Thunder-Fuck-Budder.jpg","datePublished":"2022-02-20T15:55:42+00:00","dateModified":"2022-03-22T01:10:41+00:00","description":"Kj\u00f8p Alaskan Thunder Fuck Budder \u2013 f\u00f8rsteklasses kvalitet","breadcrumb":{"@id":"https:\/\/medicinasinc.com\/no\/product\/kjop-alaskan-thunder-fuck-budder-overste-hylle\/#breadcrumb"},"inLanguage":"nn-NO","potentialAction":[{"@type":"ReadAction","target":["https:\/\/medicinasinc.com\/no\/product\/kjop-alaskan-thunder-fuck-budder-overste-hylle\/"]}]},{"@type":"ImageObject","inLanguage":"nn-NO","@id":"https:\/\/medicinasinc.com\/no\/product\/kjop-alaskan-thunder-fuck-budder-overste-hylle\/#primaryimage","url":"https:\/\/medicinasinc.com\/no\/wp-content\/uploads\/sites\/14\/2022\/02\/Buy-Alaskan-Thunder-Fuck-Budder.jpg","contentUrl":"https:\/\/medicinasinc.com\/no\/wp-content\/uploads\/sites\/14\/2022\/02\/Buy-Alaskan-Thunder-Fuck-Budder.jpg","width":600,"height":600},{"@type":"BreadcrumbList","@id":"https:\/\/medicinasinc.com\/no\/product\/kjop-alaskan-thunder-fuck-budder-overste-hylle\/#breadcrumb","itemListElement":[{"@type":"ListItem","position":1,"name":"Butikk","item":"https:\/\/medicinasinc.com\/no\/butikk\/"},{"@type":"ListItem","position":2,"name":"Kj\u00f8p Alaskan Thunder Fuck Budder \u2013 \u00f8verste hylle"}]},{"@type":"WebSite","@id":"https:\/\/medicinasinc.com\/no\/#website","url":"https:\/\/medicinasinc.com\/no\/","name":"Medicinas Inc","description":"Helsemedisinsk klinikk","potentialAction":[{"@type":"SearchAction","target":{"@type":"EntryPoint","urlTemplate":"https:\/\/medicinasinc.com\/no\/?s={search_term_string}"},"query-input":{"@type":"PropertyValueSpecification","valueRequired":true,"valueName":"search_term_string"}}],"inLanguage":"nn-NO"}]}},"_links":{"self":[{"href":"https:\/\/medicinasinc.com\/no\/wp-json\/wp\/v2\/product\/4779","targetHints":{"allow":["GET"]}}],"collection":[{"href":"https:\/\/medicinasinc.com\/no\/wp-json\/wp\/v2\/product"}],"about":[{"href":"https:\/\/medicinasinc.com\/no\/wp-json\/wp\/v2\/types\/product"}],"replies":[{"embeddable":true,"href":"https:\/\/medicinasinc.com\/no\/wp-json\/wp\/v2\/comments?post=4779"}],"wp:featuredmedia":[{"embeddable":true,"href":"https:\/\/medicinasinc.com\/no\/wp-json\/wp\/v2\/media\/4793"}],"wp:attachment":[{"href":"https:\/\/medicinasinc.com\/no\/wp-json\/wp\/v2\/media?parent=4779"}],"wp:term":[{"taxonomy":"product_brand","embeddable":true,"href":"https:\/\/medicinasinc.com\/no\/wp-json\/wp\/v2\/product_brand?post=4779"},{"taxonomy":"product_cat","embeddable":true,"href":"https:\/\/medicinasinc.com\/no\/wp-json\/wp\/v2\/product_cat?post=4779"},{"taxonomy":"product_tag","embeddable":true,"href":"https:\/\/medicinasinc.com\/no\/wp-json\/wp\/v2\/product_tag?post=4779"}],"curies":[{"name":"wp","href":"https:\/\/api.w.org\/{rel}","templated":true}]}}