{"id":4768,"date":"2022-02-20T15:46:58","date_gmt":"2022-02-20T15:46:58","guid":{"rendered":"https:\/\/medicinasinc.com\/no\/?post_type=product&#038;p=4768"},"modified":"2022-03-22T01:10:50","modified_gmt":"2022-03-22T01:10:50","slug":"kjop-k2-rokelse-spray","status":"publish","type":"product","link":"https:\/\/medicinasinc.com\/no\/product\/kjop-k2-rokelse-spray\/","title":{"rendered":"Kj\u00f8p K2 R\u00f8kelsesspray"},"content":{"rendered":"<p>Kj\u00f8p p\u00e5 nett av K2 r\u00f8kelsesspray<\/p>\n<p>I tillegg selger vi K2 papir.<\/p>\n<p>K2 spray er tilgjengelig for kj\u00f8p. Den er luktfri og fargel\u00f8s.<\/p>\n<p>25 ml er tilstrekkelig til \u00e5 spraye et helt A4-ark.<\/p>\n<p>Smak og K2 er de to vanligste navnene p\u00e5 syntetisk marihuana. De er konstruert ved hjelp av t\u00f8rket plantemateriale som har blitt tilf\u00f8rt en konstruert cannabinoid. Designede cannabinoider er syntetiske forbindelser som virker p\u00e5 hjernens cannabinoidreseptorer p\u00e5 samme m\u00e5te som Delta9-tetrahydrocannabinol (THC) gj\u00f8r. Personer som bruker Spice rapporterer at de opplever lignende opplevelser som de som er forbundet med marihuana. Marihuana er en plante som inneholder cannabinoider, som er blandinger. Flavor og K2 er to begreper som refererer til en samling av resepter referert til som designede (konstruerte) cannabinoider. De er konstruert av t\u00f8rkede plantematerialer som har blitt sprayet med tankeendrende syntetiske kjemikalier. Analytikere ordnet i utgangspunktet disse produserte stoffene for \u00e5 bruke dem i unders\u00f8kelsen.<\/p>\n<p>I tillegg er K2 tilgjengelig i en flytende form som brytes ned i e-sigaretter. I tillegg r\u00f8ykes den i piper, skj\u00f8ter eller lages til te. K2 drysses deretter p\u00e5 planter, papir og fibre i flytende tilstand. Selv om effekten av \u00e5 r\u00f8yke Spice kan ligne effekten av \u00e5 r\u00f8yke marihuana, er den prim\u00e6re grunnen til at folk r\u00f8yker Spice fordi det er beskjedent, og med tanke p\u00e5 hvordan det er kjent for \u00e5 v\u00e6re&#8230; Vanligvis selges dette stoffet som plantemateriale. Uavhengig av det faktum at vi selger eksepsjonell k2-smak, overholder aggregatet av v\u00e5re konstruerte blandinger alle gjeldende forskrifter. Kj\u00f8p urter\u00f8kelse p\u00e5 nett Tenn sansene dine med sterk K2 urter\u00f8kelse! Mens andre selger d\u00f8de blandinger uten etterligning av kraft, n\u00e5r du kj\u00f8per K2 fra oss, taler kvaliteten v\u00e5r for seg selv! Vi selger eksepsjonell urter\u00f8kelse og er unike blant urte-zing-handlere. I tillegg referert til som K2, Synthetic Marihuana og Synthetic Weed r\u00f8kelsesspray, er k2 spray til salgs en menneskeskapt gateberoligende som inneholder konstruerte stoffer sprayet p\u00e5 smaker. P\u00e5 papiret flytende k2. P\u00e5 nettet kan du kj\u00f8pe K2 Spray og flytende r\u00f8kelse. Kj\u00f8p K2 zing-papir av h\u00f8y kvalitet og f\u00e5 det levert p\u00e5 d\u00f8ren. Du har kommet til rett sted hvis du leter etter de beste K2 lokale r\u00f8kelsesv\u00e6skene og E-Liquids-dryssene p\u00e5 nettet. Vi selger mesteparten av K2 v\u00e6ske lokalt sint til lavest mulige priser for \u00e5 m\u00f8te kravene til alle kunder i USA og over hele verden. En annen bemerkelsesverdig applikasjon er \u00e5 lage en K2-dusj som vil bli p\u00e5f\u00f8rt lokalt generelt. Det er helt n\u00f8dvendig. Produserte cannabinoider, ofte referert til som &laquo;Flavor&raquo; eller &laquo;K2&raquo;, ble lovlige i USA p\u00e5 begynnelsen av 2000-tallet. Ekte K2 krydderpapir. Vi selger det beste K2-blandingspapiret tilgjengelig p\u00e5 nett. Kj\u00f8p den umiddelbart. Hva skapes Marihuana (ogs\u00e5 kjent som syntetiske cannabinoider, K2 eller Spice)? Vi har det beste utvalget av lokal r\u00f8kelse p\u00e5 nettet.<\/p>\n","protected":false},"excerpt":{"rendered":"<div class=\"woocommerce-product-details__short-description\">\n<p>Kj\u00f8p K2 R\u00f8kelsesspray, en luktfri og fargel\u00f8s r\u00f8kelsesspray. 25 ml er nok til \u00e5 spraye et helt A4-ark. I tillegg selger vi K2 papir.<\/p>\n<p>k2 spice spray diablo amazon, k2 spray engros, sterkeste k2 spray til salgs, lovlig h\u00f8y k2 spray til salgs, k2 spray til salgs online uk, flytende spray r\u00f8kelse, k2 papir ingredienser, k2 krydderpapirark<\/p>\n<\/p><\/div>\n","protected":false},"featured_media":4783,"comment_status":"open","ping_status":"closed","template":"","meta":[],"product_brand":[],"product_cat":[690],"product_tag":[701,699,695,696,694,697,698,700],"class_list":{"0":"post-4768","1":"product","2":"type-product","3":"status-publish","4":"has-post-thumbnail","6":"product_cat-kjop-k2-papir","7":"product_tag-engros-k2-spray","8":"product_tag-vske-spray-rkelse","9":"product_tag-k2-krydder-papir-ark","10":"product_tag-k2-krydder-spray-diablo-amazon","11":"product_tag-k2-papir-ingredienser","12":"product_tag-k2-spray-til-salg-online-uk","13":"product_tag-legal-high-spice-spray-for-sale","14":"product_tag-sterkeste-k2-spray-til-salg","16":"first","17":"instock","18":"shipping-taxable","19":"purchasable","20":"product-type-variable","21":"has-default-attributes"},"yoast_head":"<!-- This site is optimized with the Yoast SEO plugin v27.3 - https:\/\/yoast.com\/product\/yoast-seo-wordpress\/ -->\n<title>Kj\u00f8p K2 R\u00f8kelsesspray Online - Beste Beste Global Meds<\/title>\n<meta name=\"description\" content=\"Kj\u00f8p K2 R\u00f8kelsesspray , luktfri og fargel\u00f8s K2 spray tilgjengelig for salg. Du trenger 25 ml for \u00e5 spraye et helt A4-ark. Vi har ogs\u00e5 K2 papir til salgs.\" \/>\n<meta name=\"robots\" content=\"index, follow, max-snippet:-1, max-image-preview:large, max-video-preview:-1\" \/>\n<link rel=\"canonical\" href=\"https:\/\/medicinasinc.com\/no\/product\/kjop-k2-rokelse-spray\/\" \/>\n<meta property=\"og:locale\" content=\"nn_NO\" \/>\n<meta property=\"og:type\" content=\"article\" \/>\n<meta property=\"og:title\" content=\"Kj\u00f8p K2 R\u00f8kelsesspray Online - Beste Beste Global Meds\" \/>\n<meta property=\"og:description\" content=\"Kj\u00f8p K2 R\u00f8kelsesspray , luktfri og fargel\u00f8s K2 spray tilgjengelig for salg. Du trenger 25 ml for \u00e5 spraye et helt A4-ark. Vi har ogs\u00e5 K2 papir til salgs.\" \/>\n<meta property=\"og:url\" content=\"https:\/\/medicinasinc.com\/no\/product\/kjop-k2-rokelse-spray\/\" \/>\n<meta property=\"og:site_name\" content=\"Medicinas Inc\" \/>\n<meta property=\"article:modified_time\" content=\"2022-03-22T01:10:50+00:00\" \/>\n<meta property=\"og:image\" content=\"https:\/\/medicinasinc.com\/no\/wp-content\/uploads\/sites\/14\/2022\/02\/Buy-K2-Incense-Spray.png\" \/>\n\t<meta property=\"og:image:width\" content=\"873\" \/>\n\t<meta property=\"og:image:height\" content=\"433\" \/>\n\t<meta property=\"og:image:type\" content=\"image\/png\" \/>\n<meta name=\"twitter:card\" content=\"summary_large_image\" \/>\n<meta name=\"twitter:label1\" content=\"Est. reading time\" \/>\n\t<meta name=\"twitter:data1\" content=\"3 minutt\" \/>\n<script type=\"application\/ld+json\" class=\"yoast-schema-graph\">{\"@context\":\"https:\\\/\\\/schema.org\",\"@graph\":[{\"@type\":\"WebPage\",\"@id\":\"https:\\\/\\\/medicinasinc.com\\\/no\\\/product\\\/kjop-k2-rokelse-spray\\\/\",\"url\":\"https:\\\/\\\/medicinasinc.com\\\/no\\\/product\\\/kjop-k2-rokelse-spray\\\/\",\"name\":\"Kj\u00f8p K2 R\u00f8kelsesspray Online - Beste Beste Global Meds\",\"isPartOf\":{\"@id\":\"https:\\\/\\\/medicinasinc.com\\\/no\\\/#website\"},\"primaryImageOfPage\":{\"@id\":\"https:\\\/\\\/medicinasinc.com\\\/no\\\/product\\\/kjop-k2-rokelse-spray\\\/#primaryimage\"},\"image\":{\"@id\":\"https:\\\/\\\/medicinasinc.com\\\/no\\\/product\\\/kjop-k2-rokelse-spray\\\/#primaryimage\"},\"thumbnailUrl\":\"https:\\\/\\\/medicinasinc.com\\\/no\\\/wp-content\\\/uploads\\\/sites\\\/14\\\/2022\\\/02\\\/Buy-K2-Incense-Spray.png\",\"datePublished\":\"2022-02-20T15:46:58+00:00\",\"dateModified\":\"2022-03-22T01:10:50+00:00\",\"description\":\"Kj\u00f8p K2 R\u00f8kelsesspray , luktfri og fargel\u00f8s K2 spray tilgjengelig for salg. Du trenger 25 ml for \u00e5 spraye et helt A4-ark. Vi har ogs\u00e5 K2 papir til salgs.\",\"breadcrumb\":{\"@id\":\"https:\\\/\\\/medicinasinc.com\\\/no\\\/product\\\/kjop-k2-rokelse-spray\\\/#breadcrumb\"},\"inLanguage\":\"nn-NO\",\"potentialAction\":[{\"@type\":\"ReadAction\",\"target\":[\"https:\\\/\\\/medicinasinc.com\\\/no\\\/product\\\/kjop-k2-rokelse-spray\\\/\"]}]},{\"@type\":\"ImageObject\",\"inLanguage\":\"nn-NO\",\"@id\":\"https:\\\/\\\/medicinasinc.com\\\/no\\\/product\\\/kjop-k2-rokelse-spray\\\/#primaryimage\",\"url\":\"https:\\\/\\\/medicinasinc.com\\\/no\\\/wp-content\\\/uploads\\\/sites\\\/14\\\/2022\\\/02\\\/Buy-K2-Incense-Spray.png\",\"contentUrl\":\"https:\\\/\\\/medicinasinc.com\\\/no\\\/wp-content\\\/uploads\\\/sites\\\/14\\\/2022\\\/02\\\/Buy-K2-Incense-Spray.png\",\"width\":873,\"height\":433},{\"@type\":\"BreadcrumbList\",\"@id\":\"https:\\\/\\\/medicinasinc.com\\\/no\\\/product\\\/kjop-k2-rokelse-spray\\\/#breadcrumb\",\"itemListElement\":[{\"@type\":\"ListItem\",\"position\":1,\"name\":\"Butikk\",\"item\":\"https:\\\/\\\/medicinasinc.com\\\/no\\\/butikk\\\/\"},{\"@type\":\"ListItem\",\"position\":2,\"name\":\"Kj\u00f8p K2 R\u00f8kelsesspray\"}]},{\"@type\":\"WebSite\",\"@id\":\"https:\\\/\\\/medicinasinc.com\\\/no\\\/#website\",\"url\":\"https:\\\/\\\/medicinasinc.com\\\/no\\\/\",\"name\":\"Medicinas Inc\",\"description\":\"Helsemedisinsk klinikk\",\"potentialAction\":[{\"@type\":\"SearchAction\",\"target\":{\"@type\":\"EntryPoint\",\"urlTemplate\":\"https:\\\/\\\/medicinasinc.com\\\/no\\\/?s={search_term_string}\"},\"query-input\":{\"@type\":\"PropertyValueSpecification\",\"valueRequired\":true,\"valueName\":\"search_term_string\"}}],\"inLanguage\":\"nn-NO\"}]}<\/script>\n<!-- \/ Yoast SEO plugin. -->","yoast_head_json":{"title":"Kj\u00f8p K2 R\u00f8kelsesspray Online - Beste Beste Global Meds","description":"Kj\u00f8p K2 R\u00f8kelsesspray , luktfri og fargel\u00f8s K2 spray tilgjengelig for salg. Du trenger 25 ml for \u00e5 spraye et helt A4-ark. Vi har ogs\u00e5 K2 papir til salgs.","robots":{"index":"index","follow":"follow","max-snippet":"max-snippet:-1","max-image-preview":"max-image-preview:large","max-video-preview":"max-video-preview:-1"},"canonical":"https:\/\/medicinasinc.com\/no\/product\/kjop-k2-rokelse-spray\/","og_locale":"nn_NO","og_type":"article","og_title":"Kj\u00f8p K2 R\u00f8kelsesspray Online - Beste Beste Global Meds","og_description":"Kj\u00f8p K2 R\u00f8kelsesspray , luktfri og fargel\u00f8s K2 spray tilgjengelig for salg. Du trenger 25 ml for \u00e5 spraye et helt A4-ark. Vi har ogs\u00e5 K2 papir til salgs.","og_url":"https:\/\/medicinasinc.com\/no\/product\/kjop-k2-rokelse-spray\/","og_site_name":"Medicinas Inc","article_modified_time":"2022-03-22T01:10:50+00:00","og_image":[{"width":873,"height":433,"url":"https:\/\/medicinasinc.com\/no\/wp-content\/uploads\/sites\/14\/2022\/02\/Buy-K2-Incense-Spray.png","type":"image\/png"}],"twitter_card":"summary_large_image","twitter_misc":{"Est. reading time":"3 minutt"},"schema":{"@context":"https:\/\/schema.org","@graph":[{"@type":"WebPage","@id":"https:\/\/medicinasinc.com\/no\/product\/kjop-k2-rokelse-spray\/","url":"https:\/\/medicinasinc.com\/no\/product\/kjop-k2-rokelse-spray\/","name":"Kj\u00f8p K2 R\u00f8kelsesspray Online - Beste Beste Global Meds","isPartOf":{"@id":"https:\/\/medicinasinc.com\/no\/#website"},"primaryImageOfPage":{"@id":"https:\/\/medicinasinc.com\/no\/product\/kjop-k2-rokelse-spray\/#primaryimage"},"image":{"@id":"https:\/\/medicinasinc.com\/no\/product\/kjop-k2-rokelse-spray\/#primaryimage"},"thumbnailUrl":"https:\/\/medicinasinc.com\/no\/wp-content\/uploads\/sites\/14\/2022\/02\/Buy-K2-Incense-Spray.png","datePublished":"2022-02-20T15:46:58+00:00","dateModified":"2022-03-22T01:10:50+00:00","description":"Kj\u00f8p K2 R\u00f8kelsesspray , luktfri og fargel\u00f8s K2 spray tilgjengelig for salg. Du trenger 25 ml for \u00e5 spraye et helt A4-ark. Vi har ogs\u00e5 K2 papir til salgs.","breadcrumb":{"@id":"https:\/\/medicinasinc.com\/no\/product\/kjop-k2-rokelse-spray\/#breadcrumb"},"inLanguage":"nn-NO","potentialAction":[{"@type":"ReadAction","target":["https:\/\/medicinasinc.com\/no\/product\/kjop-k2-rokelse-spray\/"]}]},{"@type":"ImageObject","inLanguage":"nn-NO","@id":"https:\/\/medicinasinc.com\/no\/product\/kjop-k2-rokelse-spray\/#primaryimage","url":"https:\/\/medicinasinc.com\/no\/wp-content\/uploads\/sites\/14\/2022\/02\/Buy-K2-Incense-Spray.png","contentUrl":"https:\/\/medicinasinc.com\/no\/wp-content\/uploads\/sites\/14\/2022\/02\/Buy-K2-Incense-Spray.png","width":873,"height":433},{"@type":"BreadcrumbList","@id":"https:\/\/medicinasinc.com\/no\/product\/kjop-k2-rokelse-spray\/#breadcrumb","itemListElement":[{"@type":"ListItem","position":1,"name":"Butikk","item":"https:\/\/medicinasinc.com\/no\/butikk\/"},{"@type":"ListItem","position":2,"name":"Kj\u00f8p K2 R\u00f8kelsesspray"}]},{"@type":"WebSite","@id":"https:\/\/medicinasinc.com\/no\/#website","url":"https:\/\/medicinasinc.com\/no\/","name":"Medicinas Inc","description":"Helsemedisinsk klinikk","potentialAction":[{"@type":"SearchAction","target":{"@type":"EntryPoint","urlTemplate":"https:\/\/medicinasinc.com\/no\/?s={search_term_string}"},"query-input":{"@type":"PropertyValueSpecification","valueRequired":true,"valueName":"search_term_string"}}],"inLanguage":"nn-NO"}]}},"_links":{"self":[{"href":"https:\/\/medicinasinc.com\/no\/wp-json\/wp\/v2\/product\/4768","targetHints":{"allow":["GET"]}}],"collection":[{"href":"https:\/\/medicinasinc.com\/no\/wp-json\/wp\/v2\/product"}],"about":[{"href":"https:\/\/medicinasinc.com\/no\/wp-json\/wp\/v2\/types\/product"}],"replies":[{"embeddable":true,"href":"https:\/\/medicinasinc.com\/no\/wp-json\/wp\/v2\/comments?post=4768"}],"wp:featuredmedia":[{"embeddable":true,"href":"https:\/\/medicinasinc.com\/no\/wp-json\/wp\/v2\/media\/4783"}],"wp:attachment":[{"href":"https:\/\/medicinasinc.com\/no\/wp-json\/wp\/v2\/media?parent=4768"}],"wp:term":[{"taxonomy":"product_brand","embeddable":true,"href":"https:\/\/medicinasinc.com\/no\/wp-json\/wp\/v2\/product_brand?post=4768"},{"taxonomy":"product_cat","embeddable":true,"href":"https:\/\/medicinasinc.com\/no\/wp-json\/wp\/v2\/product_cat?post=4768"},{"taxonomy":"product_tag","embeddable":true,"href":"https:\/\/medicinasinc.com\/no\/wp-json\/wp\/v2\/product_tag?post=4768"}],"curies":[{"name":"wp","href":"https:\/\/api.w.org\/{rel}","templated":true}]}}