{"id":4767,"date":"2022-02-20T15:46:01","date_gmt":"2022-02-20T15:46:01","guid":{"rendered":"https:\/\/medicinasinc.com\/no\/?post_type=product&#038;p=4767"},"modified":"2022-03-22T01:11:04","modified_gmt":"2022-03-22T01:11:04","slug":"kjop-k2-papir","status":"publish","type":"product","link":"https:\/\/medicinasinc.com\/no\/product\/kjop-k2-papir\/","title":{"rendered":"Kj\u00f8p K2 papir"},"content":{"rendered":"<p>F\u00e5 rimelige K2-papirark levert direkte p\u00e5 d\u00f8ren.<\/p>\n<p>Syntetisk marihuana \u00f8ker raskt i popularitet blant marihuanaforbrukere. K2-infundert papir er en blanding av strimlet plantemateriale og syntetiske kjemikalier med psykedeliske egenskaper. If\u00f8lge forskning binder kjemikaliene seg til de samme nervecellereseptorene i hjernen som THC, og fremkaller f\u00f8lelser av velv\u00e6re, avslapping, endret oppfatning og psykose. Hvis du leter etter en anerkjent nettbutikk for \u00e5 kj\u00f8pe et produkt av h\u00f8y kvalitet, trenger du ikke lete lenger enn til v\u00e5r anerkjente nettbutikk. For \u00e5 sikre sikkerheten til kundene v\u00e5re henter vi varelageret v\u00e5rt fra anerkjente produsenter. Gi oss et fors\u00f8k; vi garanterer at du ikke vil bli skuffet.<\/p>\n<p>Cannabinoider er kjemiske forbindelser som finnes naturlig i marihuanaplanter og fungerer som grunnlaget for en rekke syntetiske stoffer. Kjemisk er det syntetiske ugresspapiret K2 relatert til den aktive ingrediensen i marihuana. Effektene er mer intense, og ved avslutningen av en \u00f8kt kan man f\u00f8le seg avslappet og opph\u00f8yet. Ettersom flere mennesker blir klar over marihuanas sanne fordeler, blir dette produktet brukt som et trygt alternativ for en rekke medisinske og rekreasjonsform\u00e5l. Du b\u00f8r imidlertid utvise forsiktighet, siden overdreven forbruk kan f\u00f8re til u\u00f8nskede bivirkninger som angst, hallusinasjoner, hypertensjon, brystsmerter, kortpustethet, anfall og oppkast. Enkelte K2 krydderprodukter p\u00e5 markedet kan ogs\u00e5 inneholde giftige ingredienser. Som et resultat er det avgj\u00f8rende \u00e5 kj\u00f8pe fra en anerkjent leverand\u00f8r.<\/p>\n<p>Er du ute etter \u00e5 kj\u00f8pe urteprodukter av h\u00f8yeste kvalitet? Med en global kundebase gir vi deg en utmerket mulighet til \u00e5 kj\u00f8pe K2-papir online til konkurransedyktige priser. Sammen med det st\u00f8rste utvalget tilbyr vi sikre betalingsmetoder og diskret frakt. Du er ikke p\u00e5lagt \u00e5 bes\u00f8ke n\u00e6rliggende n\u00e6rbutikker eller rasteplasser. Selskapets m\u00e5l er \u00e5 kontinuerlig forbedre produktkvalitet og kundeservice for \u00e5 ligge i forkant av konkurrentene. V\u00e5r f\u00f8rste prioritet er din tilfredshet, og vi har et erfarent team til r\u00e5dighet for \u00e5 h\u00e5ndtere eventuelle hikke. Ikke n\u00f8l med \u00e5 kontakte oss hvis du har sp\u00f8rsm\u00e5l eller bekymringer.<\/p>\n","protected":false},"excerpt":{"rendered":"<div class=\"woocommerce-product-details__short-description\">\n<p>Hvert A4-ark er fylt med\u00a0<em><strong>25 ml=0,845351 fluid oz<\/strong><\/em>\u00a0flytende K2. <strong>Lukt- og fargel\u00f8st<\/strong>\u00a0K2-papir til salgs. <strong>Vi har ogs\u00e5 K2 Spray til salgs<\/strong><\/p>\n<\/p><\/div>\n","protected":false},"featured_media":4781,"comment_status":"open","ping_status":"closed","template":"","meta":[],"product_brand":[],"product_cat":[690],"product_tag":[691,692,693],"class_list":{"0":"post-4767","1":"product","2":"type-product","3":"status-publish","4":"has-post-thumbnail","6":"product_cat-kjop-k2-papir","7":"product_tag-kjp-k2-papir-online-uk","8":"product_tag-kjp-k2-papir","9":"product_tag-kjp-k2-papir-ark","11":"first","12":"instock","13":"shipping-taxable","14":"purchasable","15":"product-type-variable","16":"has-default-attributes"},"yoast_head":"<!-- This site is optimized with the Yoast SEO plugin v27.3 - https:\/\/yoast.com\/product\/yoast-seo-wordpress\/ -->\n<title>Kj\u00f8p K2 papir online - Best Best Global Meds<\/title>\n<meta name=\"description\" content=\"Kj\u00f8p K2-papir online til billige priser. Hvert A4-ark er fylt med 25 ml=0,845351 fluid oz flytende K2. Lukt- og fargel\u00f8st K2-papir selges. Vi har ogs\u00e5 K2 Spray til salgs\" \/>\n<meta name=\"robots\" content=\"index, follow, max-snippet:-1, max-image-preview:large, max-video-preview:-1\" \/>\n<link rel=\"canonical\" href=\"https:\/\/medicinasinc.com\/no\/product\/kjop-k2-papir\/\" \/>\n<meta property=\"og:locale\" content=\"nn_NO\" \/>\n<meta property=\"og:type\" content=\"article\" \/>\n<meta property=\"og:title\" content=\"Kj\u00f8p K2 papir online - Best Best Global Meds\" \/>\n<meta property=\"og:description\" content=\"Kj\u00f8p K2-papir online til billige priser. Hvert A4-ark er fylt med 25 ml=0,845351 fluid oz flytende K2. Lukt- og fargel\u00f8st K2-papir selges. Vi har ogs\u00e5 K2 Spray til salgs\" \/>\n<meta property=\"og:url\" content=\"https:\/\/medicinasinc.com\/no\/product\/kjop-k2-papir\/\" \/>\n<meta property=\"og:site_name\" content=\"Medicinas Inc\" \/>\n<meta property=\"article:modified_time\" content=\"2022-03-22T01:11:04+00:00\" \/>\n<meta property=\"og:image\" content=\"https:\/\/medicinasinc.com\/no\/wp-content\/uploads\/sites\/14\/2022\/02\/Buy-K2-paper-online.jpg\" \/>\n\t<meta property=\"og:image:width\" content=\"600\" \/>\n\t<meta property=\"og:image:height\" content=\"600\" \/>\n\t<meta property=\"og:image:type\" content=\"image\/jpeg\" \/>\n<meta name=\"twitter:card\" content=\"summary_large_image\" \/>\n<meta name=\"twitter:label1\" content=\"Est. reading time\" \/>\n\t<meta name=\"twitter:data1\" content=\"2 minutt\" \/>\n<script type=\"application\/ld+json\" class=\"yoast-schema-graph\">{\"@context\":\"https:\\\/\\\/schema.org\",\"@graph\":[{\"@type\":\"WebPage\",\"@id\":\"https:\\\/\\\/medicinasinc.com\\\/no\\\/product\\\/kjop-k2-papir\\\/\",\"url\":\"https:\\\/\\\/medicinasinc.com\\\/no\\\/product\\\/kjop-k2-papir\\\/\",\"name\":\"Kj\u00f8p K2 papir online - Best Best Global Meds\",\"isPartOf\":{\"@id\":\"https:\\\/\\\/medicinasinc.com\\\/no\\\/#website\"},\"primaryImageOfPage\":{\"@id\":\"https:\\\/\\\/medicinasinc.com\\\/no\\\/product\\\/kjop-k2-papir\\\/#primaryimage\"},\"image\":{\"@id\":\"https:\\\/\\\/medicinasinc.com\\\/no\\\/product\\\/kjop-k2-papir\\\/#primaryimage\"},\"thumbnailUrl\":\"https:\\\/\\\/medicinasinc.com\\\/no\\\/wp-content\\\/uploads\\\/sites\\\/14\\\/2022\\\/02\\\/Buy-K2-paper-online.jpg\",\"datePublished\":\"2022-02-20T15:46:01+00:00\",\"dateModified\":\"2022-03-22T01:11:04+00:00\",\"description\":\"Kj\u00f8p K2-papir online til billige priser. Hvert A4-ark er fylt med 25 ml=0,845351 fluid oz flytende K2. Lukt- og fargel\u00f8st K2-papir selges. Vi har ogs\u00e5 K2 Spray til salgs\",\"breadcrumb\":{\"@id\":\"https:\\\/\\\/medicinasinc.com\\\/no\\\/product\\\/kjop-k2-papir\\\/#breadcrumb\"},\"inLanguage\":\"nn-NO\",\"potentialAction\":[{\"@type\":\"ReadAction\",\"target\":[\"https:\\\/\\\/medicinasinc.com\\\/no\\\/product\\\/kjop-k2-papir\\\/\"]}]},{\"@type\":\"ImageObject\",\"inLanguage\":\"nn-NO\",\"@id\":\"https:\\\/\\\/medicinasinc.com\\\/no\\\/product\\\/kjop-k2-papir\\\/#primaryimage\",\"url\":\"https:\\\/\\\/medicinasinc.com\\\/no\\\/wp-content\\\/uploads\\\/sites\\\/14\\\/2022\\\/02\\\/Buy-K2-paper-online.jpg\",\"contentUrl\":\"https:\\\/\\\/medicinasinc.com\\\/no\\\/wp-content\\\/uploads\\\/sites\\\/14\\\/2022\\\/02\\\/Buy-K2-paper-online.jpg\",\"width\":600,\"height\":600},{\"@type\":\"BreadcrumbList\",\"@id\":\"https:\\\/\\\/medicinasinc.com\\\/no\\\/product\\\/kjop-k2-papir\\\/#breadcrumb\",\"itemListElement\":[{\"@type\":\"ListItem\",\"position\":1,\"name\":\"Butikk\",\"item\":\"https:\\\/\\\/medicinasinc.com\\\/no\\\/butikk\\\/\"},{\"@type\":\"ListItem\",\"position\":2,\"name\":\"Kj\u00f8p K2 papir\"}]},{\"@type\":\"WebSite\",\"@id\":\"https:\\\/\\\/medicinasinc.com\\\/no\\\/#website\",\"url\":\"https:\\\/\\\/medicinasinc.com\\\/no\\\/\",\"name\":\"Medicinas Inc\",\"description\":\"Helsemedisinsk klinikk\",\"potentialAction\":[{\"@type\":\"SearchAction\",\"target\":{\"@type\":\"EntryPoint\",\"urlTemplate\":\"https:\\\/\\\/medicinasinc.com\\\/no\\\/?s={search_term_string}\"},\"query-input\":{\"@type\":\"PropertyValueSpecification\",\"valueRequired\":true,\"valueName\":\"search_term_string\"}}],\"inLanguage\":\"nn-NO\"}]}<\/script>\n<!-- \/ Yoast SEO plugin. -->","yoast_head_json":{"title":"Kj\u00f8p K2 papir online - Best Best Global Meds","description":"Kj\u00f8p K2-papir online til billige priser. Hvert A4-ark er fylt med 25 ml=0,845351 fluid oz flytende K2. Lukt- og fargel\u00f8st K2-papir selges. Vi har ogs\u00e5 K2 Spray til salgs","robots":{"index":"index","follow":"follow","max-snippet":"max-snippet:-1","max-image-preview":"max-image-preview:large","max-video-preview":"max-video-preview:-1"},"canonical":"https:\/\/medicinasinc.com\/no\/product\/kjop-k2-papir\/","og_locale":"nn_NO","og_type":"article","og_title":"Kj\u00f8p K2 papir online - Best Best Global Meds","og_description":"Kj\u00f8p K2-papir online til billige priser. Hvert A4-ark er fylt med 25 ml=0,845351 fluid oz flytende K2. Lukt- og fargel\u00f8st K2-papir selges. Vi har ogs\u00e5 K2 Spray til salgs","og_url":"https:\/\/medicinasinc.com\/no\/product\/kjop-k2-papir\/","og_site_name":"Medicinas Inc","article_modified_time":"2022-03-22T01:11:04+00:00","og_image":[{"width":600,"height":600,"url":"https:\/\/medicinasinc.com\/no\/wp-content\/uploads\/sites\/14\/2022\/02\/Buy-K2-paper-online.jpg","type":"image\/jpeg"}],"twitter_card":"summary_large_image","twitter_misc":{"Est. reading time":"2 minutt"},"schema":{"@context":"https:\/\/schema.org","@graph":[{"@type":"WebPage","@id":"https:\/\/medicinasinc.com\/no\/product\/kjop-k2-papir\/","url":"https:\/\/medicinasinc.com\/no\/product\/kjop-k2-papir\/","name":"Kj\u00f8p K2 papir online - Best Best Global Meds","isPartOf":{"@id":"https:\/\/medicinasinc.com\/no\/#website"},"primaryImageOfPage":{"@id":"https:\/\/medicinasinc.com\/no\/product\/kjop-k2-papir\/#primaryimage"},"image":{"@id":"https:\/\/medicinasinc.com\/no\/product\/kjop-k2-papir\/#primaryimage"},"thumbnailUrl":"https:\/\/medicinasinc.com\/no\/wp-content\/uploads\/sites\/14\/2022\/02\/Buy-K2-paper-online.jpg","datePublished":"2022-02-20T15:46:01+00:00","dateModified":"2022-03-22T01:11:04+00:00","description":"Kj\u00f8p K2-papir online til billige priser. Hvert A4-ark er fylt med 25 ml=0,845351 fluid oz flytende K2. Lukt- og fargel\u00f8st K2-papir selges. Vi har ogs\u00e5 K2 Spray til salgs","breadcrumb":{"@id":"https:\/\/medicinasinc.com\/no\/product\/kjop-k2-papir\/#breadcrumb"},"inLanguage":"nn-NO","potentialAction":[{"@type":"ReadAction","target":["https:\/\/medicinasinc.com\/no\/product\/kjop-k2-papir\/"]}]},{"@type":"ImageObject","inLanguage":"nn-NO","@id":"https:\/\/medicinasinc.com\/no\/product\/kjop-k2-papir\/#primaryimage","url":"https:\/\/medicinasinc.com\/no\/wp-content\/uploads\/sites\/14\/2022\/02\/Buy-K2-paper-online.jpg","contentUrl":"https:\/\/medicinasinc.com\/no\/wp-content\/uploads\/sites\/14\/2022\/02\/Buy-K2-paper-online.jpg","width":600,"height":600},{"@type":"BreadcrumbList","@id":"https:\/\/medicinasinc.com\/no\/product\/kjop-k2-papir\/#breadcrumb","itemListElement":[{"@type":"ListItem","position":1,"name":"Butikk","item":"https:\/\/medicinasinc.com\/no\/butikk\/"},{"@type":"ListItem","position":2,"name":"Kj\u00f8p K2 papir"}]},{"@type":"WebSite","@id":"https:\/\/medicinasinc.com\/no\/#website","url":"https:\/\/medicinasinc.com\/no\/","name":"Medicinas Inc","description":"Helsemedisinsk klinikk","potentialAction":[{"@type":"SearchAction","target":{"@type":"EntryPoint","urlTemplate":"https:\/\/medicinasinc.com\/no\/?s={search_term_string}"},"query-input":{"@type":"PropertyValueSpecification","valueRequired":true,"valueName":"search_term_string"}}],"inLanguage":"nn-NO"}]}},"_links":{"self":[{"href":"https:\/\/medicinasinc.com\/no\/wp-json\/wp\/v2\/product\/4767","targetHints":{"allow":["GET"]}}],"collection":[{"href":"https:\/\/medicinasinc.com\/no\/wp-json\/wp\/v2\/product"}],"about":[{"href":"https:\/\/medicinasinc.com\/no\/wp-json\/wp\/v2\/types\/product"}],"replies":[{"embeddable":true,"href":"https:\/\/medicinasinc.com\/no\/wp-json\/wp\/v2\/comments?post=4767"}],"wp:featuredmedia":[{"embeddable":true,"href":"https:\/\/medicinasinc.com\/no\/wp-json\/wp\/v2\/media\/4781"}],"wp:attachment":[{"href":"https:\/\/medicinasinc.com\/no\/wp-json\/wp\/v2\/media?parent=4767"}],"wp:term":[{"taxonomy":"product_brand","embeddable":true,"href":"https:\/\/medicinasinc.com\/no\/wp-json\/wp\/v2\/product_brand?post=4767"},{"taxonomy":"product_cat","embeddable":true,"href":"https:\/\/medicinasinc.com\/no\/wp-json\/wp\/v2\/product_cat?post=4767"},{"taxonomy":"product_tag","embeddable":true,"href":"https:\/\/medicinasinc.com\/no\/wp-json\/wp\/v2\/product_tag?post=4767"}],"curies":[{"name":"wp","href":"https:\/\/api.w.org\/{rel}","templated":true}]}}