{"id":4761,"date":"2022-02-20T15:41:01","date_gmt":"2022-02-20T15:41:01","guid":{"rendered":"https:\/\/medicinasinc.com\/no\/?post_type=product&#038;p=4761"},"modified":"2022-03-22T01:11:13","modified_gmt":"2022-03-22T01:11:13","slug":"kjop-sur-diesel-cbd-hamp-blomst-pa-nett","status":"publish","type":"product","link":"https:\/\/medicinasinc.com\/no\/product\/kjop-sur-diesel-cbd-hamp-blomst-pa-nett\/","title":{"rendered":"Kj\u00f8p Sour Diesel CBD Hemp Flower Online"},"content":{"rendered":"<div class=\"woocommerce-tabs wc-tabs-wrapper\">\n<div id=\"tab-description\" class=\"woocommerce-Tabs-panel woocommerce-Tabs-panel--description panel entry-content wc-tab\" role=\"tabpanel\" aria-labelledby=\"tab-title-description\">\n<p>Sour Diesel er en legendarisk kultivar som stammer fra to klassikere. Den kombinerer den overveldende bitterheten til bensin med den leppe-smellende prikken av syrlig sitrus. Den ikoniske urten har produsert en mengde stammer, p\u00e5 grunn av sin overlegne genetikk og distinkte effekter, som gj\u00f8r den til en favoritt blant b\u00f8nder som \u00f8nsker \u00e5 dyrke hampindustriens neste store ting.<\/p>\n<p>Sour Diesel-stammen virker raskt. og sv\u00e6rt potent, og leverer effekter som kan overvelde systemet ditt med de essensielle fordelene med en sativa-stamme. Det vil si muligheten for en hardtsl\u00e5ende, show-stoppende, kroppsl\u00f8ftende v\u00e5kenhet som kan fremme energi, produktivitet, motivasjon og kreativitet.<\/p>\n<p>&nbsp;<\/p>\n<p>Historien om Sour Diesel<\/p>\n<p>Sour Diesel blir ofte sett p\u00e5 som en av de mest essensielle hampstammene som finnes. Enhver hampkjenner vil fortelle deg at Sour Diesel er et must-pr\u00f8ve for alle som p\u00e5st\u00e5r \u00e5 verdsette urtens fordeler. For det meste stammer stammens popularitet fra foreldrenes rykte \u2013 Chemdog 91 og Super Skunk. Disse hamplegendene l\u00f8ftet Sour Diesel-stammens rykte til nye h\u00f8yder, og ga den uovertruffen genetikk som har resultert i at stammens avkom har blitt hampsuksessen den er i dag.<\/p>\n<p>Chemdog 91 er en g\u00e5tefull stamme som antas \u00e5 har gjort sin markedsdebut i 1991. Den uidentifiserte sorten avgir en skarp, skunky aroma med harde toner av bensin. Disse egenskapene er fremtredende i Sour Diesel-urten, med smaksprofilen som ligner mye p\u00e5 Chemdog 91-stammen.<\/p>\n<p>P\u00e5 den annen side er Super Skunk en stamme som er navngitt av \u00e5penbare grunner. Den ultra-skunky kultivaren produserer en duft (eller lukt, avhengig av toleranseniv\u00e5et ditt) som vil sl\u00e5 luktesansene dine ut av parken. Til tross for stammens st\u00f8tende aroma, leverer den en herlig overraskende, delikat s\u00f8dme som dekker tungen med prikkende honningaktig godhet.<\/p>\n<p>&nbsp;<\/p>\n<p>Estetikk og aroma<\/p>\n<p>Ditt f\u00f8rste inntrykk av Sour Diesel-stammen kan v\u00e6re underveldende. Tross alt er det bare en liten snev av gr\u00f8nt, med andre gr\u00f8nnaktige nyanser som g\u00e5r gjennom hele interi\u00f8ret for \u00e5 skape en monokromatisk palett av gresstoner. Blonde jordb\u00e6rh\u00e5r vikler inn bladene p\u00e5 utsiden, og skaper et nettverk av gule ranker som er st\u00f8vet med et frostbelegg av sukkerholdige trikomer. Bortsett fra det er det lite annet \u00e5 merke seg om kultivaren. Men det den mangler i farge, kompenserer den for med sin duft.<\/p>\n<p>Med begge foreldrene som viser ekstremt skarpe dufter, er det ikke overraskende at Sour Diesel har en s\u00e5 merkelig aroma. Den merkelig duftende stammen angriper luktreseptorene dine som et skunkgodstog. St\u00f8tende og overveldende, noen brukere hevder \u00e5 oppdage skarpe ostetoner som blander seg med bensin p\u00e5 toppen av den skunky aromaen for \u00e5 skape en hampopplevelse \u00e5 huske.<\/p>\n<p>&nbsp;<\/p>\n<p>Erfaringer og konsekvenser<\/p>\n<p>Til \u00e5 begynne med er ikke Sour Diesel en sp\u00f8k n\u00e5r det kommer til smak. Stammens r\u00f8yk inneholder en ekstremt potent smak som lett kan overvelde nybegynnere og brukere med lav toleranse. Se derfor p\u00e5 dette som en rettferdig advarsel \u2013 Sour Diesel vil knulle deg, og begynner med m\u00e5ten den smaker p\u00e5. For \u00e5 si det enkelt, produserer stammen en smak som er nesten identisk med lukten. Det vil si en stor mengde skunk kombinert med sterke bensinst\u00f8t.<\/p>\n<p>Mellom de uimotst\u00e5elige flodb\u00f8lgene med skarp smak, bryter b\u00f8lger av sur sitrus skunken. De delikate tonene gir opplevelsen nok glede, og forvandler den til et virkelig dynamisk og interessant smaksm\u00f8te.<\/p>\n<p>Et annet aspekt som bidrar til Sour Diesels lokkemiddel er dens umiddelbare effekt. Effektene sl\u00e5r inn minutter etter inhalering, og gir h\u00f8ytflyvende sativa-lente effekter som stimulerer sansene og vekke din kraft igjen. P\u00e5 mange m\u00e5ter kan belastningen sies \u00e5 hjelpe deg med \u00e5 overvinne hemningene dine, f\u00e5 deg til \u00e5 f\u00f8le deg mer modig, v\u00e5gal og selvsikker.<\/p>\n<p>Sour Diesel-stammen er i stand til \u00e5 lindre fysiske og kognitive ubehag, og fyller systemet med ekstra energi som gir deg styrke og motivasjon til \u00e5 komme deg gjennom en dags arbeid og ansvar. Men en advarsel \u2013 Sour Diesel er ikke for sarte sjeler. F\u00f8r du tar en toke av denne monsterstammen, s\u00f8rg for at du har toleransen for sterke sativa-effekter og sterk smak.<\/p>\n<p>&nbsp;<\/p>\n<p>Plantering og prosessering<\/p>\n<p> Selv om Sour Diesel-stammen er moderat vanskelig for nybegynnere, gj\u00f8r dens unike genetikk den til et utmerket valg for de som s\u00f8ker kraftige effekter med minimal innsats. Stammer med mer spesialiserte vekstkrav er vanligvis langt mer egnet for ekstraksjon, og gir kraftigere fullspekterkonsentrater for hampprodukter av h\u00f8yere kvalitet. Til tross for dens moderate vanskelighetsgrad, l\u00f8nner Sour Diesel seg derfor med suveren hamp som er ideell for en rekke ulike prosesser etter innh\u00f8sting.<\/p>\n<p>Om omtrent 11 uker, gi eller ta en uke, Sour Diesel-blomster. Det moderate utbyttet er begrenset til 3 gram per fot planteh\u00f8yde. P\u00e5 det meste vil urten din n\u00e5 en h\u00f8yde p\u00e5 over 7 fot, noe som gj\u00f8r den litt h\u00f8yere enn de fleste andre varianter.<\/p>\n<p>P\u00e5 grunn av plantens plassbehov kan det v\u00e6re ideelt \u00e5 dyrke den utend\u00f8rs, spesielt hvis du jobber med begrenset plass. Innend\u00f8rsforhold kan imidlertid v\u00e6re gunstige for Sour Diesel s\u00e5 lenge det er tilstrekkelig varme, lys og lav luftfuktighet. Ved \u00e5 tilf\u00f8re fosforrike n\u00e6ringsstoffer mot slutten av plantens vekstperiode og slutte \u00e5 vanne ca. tre dager f\u00f8r h\u00f8sting, b\u00f8r du oppn\u00e5 en tarmslitende, skarp lukt og et tett trikomlag for en utmerket tur.<\/p>\n<p>&nbsp;<\/p>\n<p>Hvem er den designet for?<\/p>\n<p>P\u00e5 grunn av den intense smaken og monstr\u00f8se effektene av Sour Diesel, vil ikke alle nyte opplevelsen den gir. Brukere med lav toleranse og nybegynnere kan bli overveldet, ikke bare av den utrolige smaken, men ogs\u00e5 av de overveldende effektene, som kan for\u00e5rsake angst og uro hos noen.<\/p>\n<p>Likevel er Sour Diesel fortsatt en legendarisk stamme for veteraner og purister. som setter pris p\u00e5 potent hamp. For de med mer erfaring kan den buldrende f\u00f8lelsen av enest\u00e5ende energiflyt som str\u00f8mmer gjennom systemet deres gi styrken, motivasjonen og tankegangen som er n\u00f8dvendig for \u00e5 fullf\u00f8re en dags ansvar \u2013 og mer.<\/p>\n<\/p><\/div><\/div>\n<section class=\"related products\">\n<h2><\/h2>\n<\/section>\n<div class=\"product-next-previous\">\n<div class=\"product-prev\"><\/div><\/div>\n","protected":false},"excerpt":{"rendered":"<div class=\"woocommerce-product-details__short-description\">\n<p>Kj\u00f8p Sour Diesel CBD-blomst for salg i Storbritannia, Europa er en energigivende Sativa-dominerende stamme som vil hjelpe deg med \u00e5 forbli fokusert, produktiv og balansert gjennom hele dag.<\/p>\n<\/p><\/div>\n","protected":false},"featured_media":4775,"comment_status":"open","ping_status":"closed","template":"","meta":[],"product_brand":[],"product_cat":[689],"product_tag":[],"class_list":{"0":"post-4761","1":"product","2":"type-product","3":"status-publish","4":"has-post-thumbnail","6":"product_cat-kjop-hampblomst","8":"first","9":"instock","10":"shipping-taxable","11":"purchasable","12":"product-type-variable","13":"has-default-attributes"},"yoast_head":"<!-- This site is optimized with the Yoast SEO plugin v27.3 - https:\/\/yoast.com\/product\/yoast-seo-wordpress\/ -->\n<title>Kj\u00f8p Sour Diesel CBD Hemp Flower Online -Beste beste globale medisiner<\/title>\n<meta name=\"description\" content=\"Kj\u00f8p Sour Diesel CBD-blomst Storbritannia, Europa er en energigivende Sativa-dominerende stamme som vil hjelpe deg \u00e5 holde deg fokusert, produktiv og balansert gjennom dagen.\" \/>\n<meta name=\"robots\" content=\"index, follow, max-snippet:-1, max-image-preview:large, max-video-preview:-1\" \/>\n<link rel=\"canonical\" href=\"https:\/\/medicinasinc.com\/no\/product\/kjop-sur-diesel-cbd-hamp-blomst-pa-nett\/\" \/>\n<meta property=\"og:locale\" content=\"nn_NO\" \/>\n<meta property=\"og:type\" content=\"article\" \/>\n<meta property=\"og:title\" content=\"Kj\u00f8p Sour Diesel CBD Hemp Flower Online -Beste beste globale medisiner\" \/>\n<meta property=\"og:description\" content=\"Kj\u00f8p Sour Diesel CBD-blomst Storbritannia, Europa er en energigivende Sativa-dominerende stamme som vil hjelpe deg \u00e5 holde deg fokusert, produktiv og balansert gjennom dagen.\" \/>\n<meta property=\"og:url\" content=\"https:\/\/medicinasinc.com\/no\/product\/kjop-sur-diesel-cbd-hamp-blomst-pa-nett\/\" \/>\n<meta property=\"og:site_name\" content=\"Medicinas Inc\" \/>\n<meta property=\"article:modified_time\" content=\"2022-03-22T01:11:13+00:00\" \/>\n<meta property=\"og:image\" content=\"https:\/\/medicinasinc.com\/no\/wp-content\/uploads\/sites\/14\/2022\/02\/Buy-Sour-Diesel-CBD-Hemp-Flower-Online.jpg\" \/>\n\t<meta property=\"og:image:width\" content=\"600\" \/>\n\t<meta property=\"og:image:height\" content=\"600\" \/>\n\t<meta property=\"og:image:type\" content=\"image\/jpeg\" \/>\n<meta name=\"twitter:card\" content=\"summary_large_image\" \/>\n<meta name=\"twitter:label1\" content=\"Est. reading time\" \/>\n\t<meta name=\"twitter:data1\" content=\"5 minutt\" \/>\n<script type=\"application\/ld+json\" class=\"yoast-schema-graph\">{\"@context\":\"https:\\\/\\\/schema.org\",\"@graph\":[{\"@type\":\"WebPage\",\"@id\":\"https:\\\/\\\/medicinasinc.com\\\/no\\\/product\\\/kjop-sur-diesel-cbd-hamp-blomst-pa-nett\\\/\",\"url\":\"https:\\\/\\\/medicinasinc.com\\\/no\\\/product\\\/kjop-sur-diesel-cbd-hamp-blomst-pa-nett\\\/\",\"name\":\"Kj\u00f8p Sour Diesel CBD Hemp Flower Online -Beste beste globale medisiner\",\"isPartOf\":{\"@id\":\"https:\\\/\\\/medicinasinc.com\\\/no\\\/#website\"},\"primaryImageOfPage\":{\"@id\":\"https:\\\/\\\/medicinasinc.com\\\/no\\\/product\\\/kjop-sur-diesel-cbd-hamp-blomst-pa-nett\\\/#primaryimage\"},\"image\":{\"@id\":\"https:\\\/\\\/medicinasinc.com\\\/no\\\/product\\\/kjop-sur-diesel-cbd-hamp-blomst-pa-nett\\\/#primaryimage\"},\"thumbnailUrl\":\"https:\\\/\\\/medicinasinc.com\\\/no\\\/wp-content\\\/uploads\\\/sites\\\/14\\\/2022\\\/02\\\/Buy-Sour-Diesel-CBD-Hemp-Flower-Online.jpg\",\"datePublished\":\"2022-02-20T15:41:01+00:00\",\"dateModified\":\"2022-03-22T01:11:13+00:00\",\"description\":\"Kj\u00f8p Sour Diesel CBD-blomst Storbritannia, Europa er en energigivende Sativa-dominerende stamme som vil hjelpe deg \u00e5 holde deg fokusert, produktiv og balansert gjennom dagen.\",\"breadcrumb\":{\"@id\":\"https:\\\/\\\/medicinasinc.com\\\/no\\\/product\\\/kjop-sur-diesel-cbd-hamp-blomst-pa-nett\\\/#breadcrumb\"},\"inLanguage\":\"nn-NO\",\"potentialAction\":[{\"@type\":\"ReadAction\",\"target\":[\"https:\\\/\\\/medicinasinc.com\\\/no\\\/product\\\/kjop-sur-diesel-cbd-hamp-blomst-pa-nett\\\/\"]}]},{\"@type\":\"ImageObject\",\"inLanguage\":\"nn-NO\",\"@id\":\"https:\\\/\\\/medicinasinc.com\\\/no\\\/product\\\/kjop-sur-diesel-cbd-hamp-blomst-pa-nett\\\/#primaryimage\",\"url\":\"https:\\\/\\\/medicinasinc.com\\\/no\\\/wp-content\\\/uploads\\\/sites\\\/14\\\/2022\\\/02\\\/Buy-Sour-Diesel-CBD-Hemp-Flower-Online.jpg\",\"contentUrl\":\"https:\\\/\\\/medicinasinc.com\\\/no\\\/wp-content\\\/uploads\\\/sites\\\/14\\\/2022\\\/02\\\/Buy-Sour-Diesel-CBD-Hemp-Flower-Online.jpg\",\"width\":600,\"height\":600},{\"@type\":\"BreadcrumbList\",\"@id\":\"https:\\\/\\\/medicinasinc.com\\\/no\\\/product\\\/kjop-sur-diesel-cbd-hamp-blomst-pa-nett\\\/#breadcrumb\",\"itemListElement\":[{\"@type\":\"ListItem\",\"position\":1,\"name\":\"Butikk\",\"item\":\"https:\\\/\\\/medicinasinc.com\\\/no\\\/butikk\\\/\"},{\"@type\":\"ListItem\",\"position\":2,\"name\":\"Kj\u00f8p Sour Diesel CBD Hemp Flower Online\"}]},{\"@type\":\"WebSite\",\"@id\":\"https:\\\/\\\/medicinasinc.com\\\/no\\\/#website\",\"url\":\"https:\\\/\\\/medicinasinc.com\\\/no\\\/\",\"name\":\"Medicinas Inc\",\"description\":\"Helsemedisinsk klinikk\",\"potentialAction\":[{\"@type\":\"SearchAction\",\"target\":{\"@type\":\"EntryPoint\",\"urlTemplate\":\"https:\\\/\\\/medicinasinc.com\\\/no\\\/?s={search_term_string}\"},\"query-input\":{\"@type\":\"PropertyValueSpecification\",\"valueRequired\":true,\"valueName\":\"search_term_string\"}}],\"inLanguage\":\"nn-NO\"}]}<\/script>\n<!-- \/ Yoast SEO plugin. -->","yoast_head_json":{"title":"Kj\u00f8p Sour Diesel CBD Hemp Flower Online -Beste beste globale medisiner","description":"Kj\u00f8p Sour Diesel CBD-blomst Storbritannia, Europa er en energigivende Sativa-dominerende stamme som vil hjelpe deg \u00e5 holde deg fokusert, produktiv og balansert gjennom dagen.","robots":{"index":"index","follow":"follow","max-snippet":"max-snippet:-1","max-image-preview":"max-image-preview:large","max-video-preview":"max-video-preview:-1"},"canonical":"https:\/\/medicinasinc.com\/no\/product\/kjop-sur-diesel-cbd-hamp-blomst-pa-nett\/","og_locale":"nn_NO","og_type":"article","og_title":"Kj\u00f8p Sour Diesel CBD Hemp Flower Online -Beste beste globale medisiner","og_description":"Kj\u00f8p Sour Diesel CBD-blomst Storbritannia, Europa er en energigivende Sativa-dominerende stamme som vil hjelpe deg \u00e5 holde deg fokusert, produktiv og balansert gjennom dagen.","og_url":"https:\/\/medicinasinc.com\/no\/product\/kjop-sur-diesel-cbd-hamp-blomst-pa-nett\/","og_site_name":"Medicinas Inc","article_modified_time":"2022-03-22T01:11:13+00:00","og_image":[{"width":600,"height":600,"url":"https:\/\/medicinasinc.com\/no\/wp-content\/uploads\/sites\/14\/2022\/02\/Buy-Sour-Diesel-CBD-Hemp-Flower-Online.jpg","type":"image\/jpeg"}],"twitter_card":"summary_large_image","twitter_misc":{"Est. reading time":"5 minutt"},"schema":{"@context":"https:\/\/schema.org","@graph":[{"@type":"WebPage","@id":"https:\/\/medicinasinc.com\/no\/product\/kjop-sur-diesel-cbd-hamp-blomst-pa-nett\/","url":"https:\/\/medicinasinc.com\/no\/product\/kjop-sur-diesel-cbd-hamp-blomst-pa-nett\/","name":"Kj\u00f8p Sour Diesel CBD Hemp Flower Online -Beste beste globale medisiner","isPartOf":{"@id":"https:\/\/medicinasinc.com\/no\/#website"},"primaryImageOfPage":{"@id":"https:\/\/medicinasinc.com\/no\/product\/kjop-sur-diesel-cbd-hamp-blomst-pa-nett\/#primaryimage"},"image":{"@id":"https:\/\/medicinasinc.com\/no\/product\/kjop-sur-diesel-cbd-hamp-blomst-pa-nett\/#primaryimage"},"thumbnailUrl":"https:\/\/medicinasinc.com\/no\/wp-content\/uploads\/sites\/14\/2022\/02\/Buy-Sour-Diesel-CBD-Hemp-Flower-Online.jpg","datePublished":"2022-02-20T15:41:01+00:00","dateModified":"2022-03-22T01:11:13+00:00","description":"Kj\u00f8p Sour Diesel CBD-blomst Storbritannia, Europa er en energigivende Sativa-dominerende stamme som vil hjelpe deg \u00e5 holde deg fokusert, produktiv og balansert gjennom dagen.","breadcrumb":{"@id":"https:\/\/medicinasinc.com\/no\/product\/kjop-sur-diesel-cbd-hamp-blomst-pa-nett\/#breadcrumb"},"inLanguage":"nn-NO","potentialAction":[{"@type":"ReadAction","target":["https:\/\/medicinasinc.com\/no\/product\/kjop-sur-diesel-cbd-hamp-blomst-pa-nett\/"]}]},{"@type":"ImageObject","inLanguage":"nn-NO","@id":"https:\/\/medicinasinc.com\/no\/product\/kjop-sur-diesel-cbd-hamp-blomst-pa-nett\/#primaryimage","url":"https:\/\/medicinasinc.com\/no\/wp-content\/uploads\/sites\/14\/2022\/02\/Buy-Sour-Diesel-CBD-Hemp-Flower-Online.jpg","contentUrl":"https:\/\/medicinasinc.com\/no\/wp-content\/uploads\/sites\/14\/2022\/02\/Buy-Sour-Diesel-CBD-Hemp-Flower-Online.jpg","width":600,"height":600},{"@type":"BreadcrumbList","@id":"https:\/\/medicinasinc.com\/no\/product\/kjop-sur-diesel-cbd-hamp-blomst-pa-nett\/#breadcrumb","itemListElement":[{"@type":"ListItem","position":1,"name":"Butikk","item":"https:\/\/medicinasinc.com\/no\/butikk\/"},{"@type":"ListItem","position":2,"name":"Kj\u00f8p Sour Diesel CBD Hemp Flower Online"}]},{"@type":"WebSite","@id":"https:\/\/medicinasinc.com\/no\/#website","url":"https:\/\/medicinasinc.com\/no\/","name":"Medicinas Inc","description":"Helsemedisinsk klinikk","potentialAction":[{"@type":"SearchAction","target":{"@type":"EntryPoint","urlTemplate":"https:\/\/medicinasinc.com\/no\/?s={search_term_string}"},"query-input":{"@type":"PropertyValueSpecification","valueRequired":true,"valueName":"search_term_string"}}],"inLanguage":"nn-NO"}]}},"_links":{"self":[{"href":"https:\/\/medicinasinc.com\/no\/wp-json\/wp\/v2\/product\/4761","targetHints":{"allow":["GET"]}}],"collection":[{"href":"https:\/\/medicinasinc.com\/no\/wp-json\/wp\/v2\/product"}],"about":[{"href":"https:\/\/medicinasinc.com\/no\/wp-json\/wp\/v2\/types\/product"}],"replies":[{"embeddable":true,"href":"https:\/\/medicinasinc.com\/no\/wp-json\/wp\/v2\/comments?post=4761"}],"wp:featuredmedia":[{"embeddable":true,"href":"https:\/\/medicinasinc.com\/no\/wp-json\/wp\/v2\/media\/4775"}],"wp:attachment":[{"href":"https:\/\/medicinasinc.com\/no\/wp-json\/wp\/v2\/media?parent=4761"}],"wp:term":[{"taxonomy":"product_brand","embeddable":true,"href":"https:\/\/medicinasinc.com\/no\/wp-json\/wp\/v2\/product_brand?post=4761"},{"taxonomy":"product_cat","embeddable":true,"href":"https:\/\/medicinasinc.com\/no\/wp-json\/wp\/v2\/product_cat?post=4761"},{"taxonomy":"product_tag","embeddable":true,"href":"https:\/\/medicinasinc.com\/no\/wp-json\/wp\/v2\/product_tag?post=4761"}],"curies":[{"name":"wp","href":"https:\/\/api.w.org\/{rel}","templated":true}]}}