{"id":4759,"date":"2022-02-20T15:39:59","date_gmt":"2022-02-20T15:39:59","guid":{"rendered":"https:\/\/medicinasinc.com\/no\/?post_type=product&#038;p=4759"},"modified":"2022-03-22T01:11:22","modified_gmt":"2022-03-22T01:11:22","slug":"kjop-suzy-q-cbd-hamp-blomst","status":"publish","type":"product","link":"https:\/\/medicinasinc.com\/no\/product\/kjop-suzy-q-cbd-hamp-blomst\/","title":{"rendered":"Kj\u00f8p Suzy Q CBD hampblomst"},"content":{"rendered":"<p>Suzy Q er en middels tett, olivengr\u00f8nn stamme med m\u00f8rke ravfargede h\u00e5r. Det anbefales for cannabisentusiaster som s\u00f8ker en klarhodet, oppl\u00f8ftende effekt. Den robuste smaken til denne stammen er preget av treaktige toner og et hint av krydder. Suzy Q er kjent for sin s\u00f8te, jordaktige aroma og terpenprofil av piney, krydret terpener.<\/p>\n<p>Den jevnt balanserte hybriden inneholder 50 % sativa (en mer stimulerende stamme) og 50 % indica (en mer avslappende stamme), noe som resulterer i en synergistisk effekt. P\u00e5 grunn av det relativt h\u00f8ye CBD-innholdet er det et utmerket valg for de som s\u00f8ker en beroligende opplevelse. Det er allment ansett som en av de mest beroligende stammene som finnes.<\/p>\n<p>Suzy Q inneholder en h\u00f8y konsentrasjon av CBD og kun et spor av THC, godt under den lovlige grensen for hamp. Dette forholdet indikerer at du b\u00f8r forutse en mildt sagt oppl\u00f8ftende opplevelse.<\/p>\n<p>Sikre kvaliteten p\u00e5 hampblomster fra g\u00e5rd til salg<\/p>\n<p>Suzy Q hampblomster dyrkes p\u00e5 en pittoresk 100 m\u00e5l stor g\u00e5rd i nordlige California. Nord-Californias idylliske klima skaper en illusjon av en endel\u00f8s sommer, og de t\u00f8rre, lyse dagene resulterer i store avlinger av nydelige blomster fri for mugg eller pulveraktig mugg.<\/p>\n<p>V\u00e5r g\u00e5rd er sertifisert \u00f8kologisk, noe som betyr at ingen kjemikalier gj\u00f8dsel eller spr\u00f8ytemidler brukes. Vi legger stor vekt p\u00e5 \u00e5 sikre riktig permakultur &#8211; dyrking av et selvopprettholdende og selvforsynt landbruks\u00f8kosystem. En m\u00e5te vi gj\u00f8r dette p\u00e5 er gjennom toppdressingsf\u00f4r, som tvinger r\u00f8ttene til \u00e5 jobbe hardere for \u00e5 fremme et sunt jordmilj\u00f8 som bidrar til plantevekst.<\/p>\n<p>N\u00e5r hampplantene v\u00e5re n\u00e5r sitt fulle potensial, blir de hengt opp p\u00e5 hodet. ned til t\u00f8rk, deretter t\u00f8rrherdet og h\u00e5ndtrimmet. Cannabis er en ekstremt delikat plante. Selv mindre feil under dyrking eller h\u00f8sting kan raskt forringe knoppenes kvalitet. Vi krever fullstendig \u00e5penhet og kvalitetskontroll&#8230;og det b\u00f8r du ogs\u00e5. Intet mindre kreves av hampblomster.<\/p>\n<p>V\u00e5r CBD-hampblomst har gjennomg\u00e5tt uavhengig testing<\/p>\n<p>Hver avling er testet for renhet og styrke hos en DEA-registrert, ISO 17025-akkreditert, AHCA -akkreditert og CLIA-akkreditert uavhengig laboratorium. Fullpaneltestingen unders\u00f8ker for f\u00f8lgende:<\/p>\n<p>CBD, THC og andre cannabinoiders styrke.<br \/> Metaller (bly, kvikks\u00f8lv, arsen, kadmium).<br \/> Bakterier som f.eks. E. coli, s\u00e5 vel som andre patogener<br \/> Forurensninger som mykotoksiner.<\/p>\n<p>Hver bestilling kommer med et analysesertifikat, som sikrer at du alltid vet n\u00f8yaktig hva du f\u00e5r n\u00e5r du kj\u00f8per Crescent Flower .<\/p>\n","protected":false},"excerpt":{"rendered":"<p>Suzy Q CBD Hamp Flower Full Spectrum Hemp Flower &#8211; Kj\u00f8p Suzy Q CBD Hamp Flower Full Spectrum Hemp Flower. Suzy Q er en h\u00f8y-CBD-, lav-THC-stamme med en piney-smak som hjelper til med behandling av symptomer samtidig som den produserer liten eller ingen eufori.<\/p>\n<p>Suzy Q er en h\u00f8y-CBD, lav-THC-stamme med en piney-smak som hjelper til med behandling av symptomer med liten eller ingen psykoaktiv effekt. Dette er en utmerket belastning \u00e5 legge til CBD-familien.<br \/> Cbd: 15 %\u201317 %<\/p>\n<p>0,2 % thc<\/p>\n","protected":false},"featured_media":4773,"comment_status":"open","ping_status":"closed","template":"","meta":[],"product_brand":[],"product_cat":[689],"product_tag":[],"class_list":{"0":"post-4759","1":"product","2":"type-product","3":"status-publish","4":"has-post-thumbnail","6":"product_cat-kjop-hampblomst","8":"first","9":"instock","10":"shipping-taxable","11":"purchasable","12":"product-type-variable","13":"has-default-attributes"},"yoast_head":"<!-- This site is optimized with the Yoast SEO plugin v27.3 - https:\/\/yoast.com\/product\/yoast-seo-wordpress\/ -->\n<title>Kj\u00f8p Suzy Q CBD Hamp Flower - Beste beste globale medisiner<\/title>\n<meta name=\"description\" content=\"Kj\u00f8p Suzy Q CBD Hamp Flower Full Spectrum Hemp Flower. Suzy Q er en h\u00f8y-CBD-, lav-THC-stamme med en piny-smak som hjelper til med \u00e5 behandle symptomer med lite eller ingen euforisk h\u00f8y.\" \/>\n<meta name=\"robots\" content=\"index, follow, max-snippet:-1, max-image-preview:large, max-video-preview:-1\" \/>\n<link rel=\"canonical\" href=\"https:\/\/medicinasinc.com\/no\/product\/kjop-suzy-q-cbd-hamp-blomst\/\" \/>\n<meta property=\"og:locale\" content=\"nn_NO\" \/>\n<meta property=\"og:type\" content=\"article\" \/>\n<meta property=\"og:title\" content=\"Kj\u00f8p Suzy Q CBD Hamp Flower - Beste beste globale medisiner\" \/>\n<meta property=\"og:description\" content=\"Kj\u00f8p Suzy Q CBD Hamp Flower Full Spectrum Hemp Flower. Suzy Q er en h\u00f8y-CBD-, lav-THC-stamme med en piny-smak som hjelper til med \u00e5 behandle symptomer med lite eller ingen euforisk h\u00f8y.\" \/>\n<meta property=\"og:url\" content=\"https:\/\/medicinasinc.com\/no\/product\/kjop-suzy-q-cbd-hamp-blomst\/\" \/>\n<meta property=\"og:site_name\" content=\"Medicinas Inc\" \/>\n<meta property=\"article:modified_time\" content=\"2022-03-22T01:11:22+00:00\" \/>\n<meta property=\"og:image\" content=\"https:\/\/medicinasinc.com\/no\/wp-content\/uploads\/sites\/14\/2022\/02\/Buy-Suzy-Q-CBD-Hemp-Flower-Online.jpg\" \/>\n\t<meta property=\"og:image:width\" content=\"600\" \/>\n\t<meta property=\"og:image:height\" content=\"600\" \/>\n\t<meta property=\"og:image:type\" content=\"image\/jpeg\" \/>\n<meta name=\"twitter:card\" content=\"summary_large_image\" \/>\n<meta name=\"twitter:label1\" content=\"Est. reading time\" \/>\n\t<meta name=\"twitter:data1\" content=\"2 minutt\" \/>\n<script type=\"application\/ld+json\" class=\"yoast-schema-graph\">{\"@context\":\"https:\\\/\\\/schema.org\",\"@graph\":[{\"@type\":\"WebPage\",\"@id\":\"https:\\\/\\\/medicinasinc.com\\\/no\\\/product\\\/kjop-suzy-q-cbd-hamp-blomst\\\/\",\"url\":\"https:\\\/\\\/medicinasinc.com\\\/no\\\/product\\\/kjop-suzy-q-cbd-hamp-blomst\\\/\",\"name\":\"Kj\u00f8p Suzy Q CBD Hamp Flower - Beste beste globale medisiner\",\"isPartOf\":{\"@id\":\"https:\\\/\\\/medicinasinc.com\\\/no\\\/#website\"},\"primaryImageOfPage\":{\"@id\":\"https:\\\/\\\/medicinasinc.com\\\/no\\\/product\\\/kjop-suzy-q-cbd-hamp-blomst\\\/#primaryimage\"},\"image\":{\"@id\":\"https:\\\/\\\/medicinasinc.com\\\/no\\\/product\\\/kjop-suzy-q-cbd-hamp-blomst\\\/#primaryimage\"},\"thumbnailUrl\":\"https:\\\/\\\/medicinasinc.com\\\/no\\\/wp-content\\\/uploads\\\/sites\\\/14\\\/2022\\\/02\\\/Buy-Suzy-Q-CBD-Hemp-Flower-Online.jpg\",\"datePublished\":\"2022-02-20T15:39:59+00:00\",\"dateModified\":\"2022-03-22T01:11:22+00:00\",\"description\":\"Kj\u00f8p Suzy Q CBD Hamp Flower Full Spectrum Hemp Flower. Suzy Q er en h\u00f8y-CBD-, lav-THC-stamme med en piny-smak som hjelper til med \u00e5 behandle symptomer med lite eller ingen euforisk h\u00f8y.\",\"breadcrumb\":{\"@id\":\"https:\\\/\\\/medicinasinc.com\\\/no\\\/product\\\/kjop-suzy-q-cbd-hamp-blomst\\\/#breadcrumb\"},\"inLanguage\":\"nn-NO\",\"potentialAction\":[{\"@type\":\"ReadAction\",\"target\":[\"https:\\\/\\\/medicinasinc.com\\\/no\\\/product\\\/kjop-suzy-q-cbd-hamp-blomst\\\/\"]}]},{\"@type\":\"ImageObject\",\"inLanguage\":\"nn-NO\",\"@id\":\"https:\\\/\\\/medicinasinc.com\\\/no\\\/product\\\/kjop-suzy-q-cbd-hamp-blomst\\\/#primaryimage\",\"url\":\"https:\\\/\\\/medicinasinc.com\\\/no\\\/wp-content\\\/uploads\\\/sites\\\/14\\\/2022\\\/02\\\/Buy-Suzy-Q-CBD-Hemp-Flower-Online.jpg\",\"contentUrl\":\"https:\\\/\\\/medicinasinc.com\\\/no\\\/wp-content\\\/uploads\\\/sites\\\/14\\\/2022\\\/02\\\/Buy-Suzy-Q-CBD-Hemp-Flower-Online.jpg\",\"width\":600,\"height\":600},{\"@type\":\"BreadcrumbList\",\"@id\":\"https:\\\/\\\/medicinasinc.com\\\/no\\\/product\\\/kjop-suzy-q-cbd-hamp-blomst\\\/#breadcrumb\",\"itemListElement\":[{\"@type\":\"ListItem\",\"position\":1,\"name\":\"Butikk\",\"item\":\"https:\\\/\\\/medicinasinc.com\\\/no\\\/butikk\\\/\"},{\"@type\":\"ListItem\",\"position\":2,\"name\":\"Kj\u00f8p Suzy Q CBD hampblomst\"}]},{\"@type\":\"WebSite\",\"@id\":\"https:\\\/\\\/medicinasinc.com\\\/no\\\/#website\",\"url\":\"https:\\\/\\\/medicinasinc.com\\\/no\\\/\",\"name\":\"Medicinas Inc\",\"description\":\"Helsemedisinsk klinikk\",\"potentialAction\":[{\"@type\":\"SearchAction\",\"target\":{\"@type\":\"EntryPoint\",\"urlTemplate\":\"https:\\\/\\\/medicinasinc.com\\\/no\\\/?s={search_term_string}\"},\"query-input\":{\"@type\":\"PropertyValueSpecification\",\"valueRequired\":true,\"valueName\":\"search_term_string\"}}],\"inLanguage\":\"nn-NO\"}]}<\/script>\n<!-- \/ Yoast SEO plugin. -->","yoast_head_json":{"title":"Kj\u00f8p Suzy Q CBD Hamp Flower - Beste beste globale medisiner","description":"Kj\u00f8p Suzy Q CBD Hamp Flower Full Spectrum Hemp Flower. Suzy Q er en h\u00f8y-CBD-, lav-THC-stamme med en piny-smak som hjelper til med \u00e5 behandle symptomer med lite eller ingen euforisk h\u00f8y.","robots":{"index":"index","follow":"follow","max-snippet":"max-snippet:-1","max-image-preview":"max-image-preview:large","max-video-preview":"max-video-preview:-1"},"canonical":"https:\/\/medicinasinc.com\/no\/product\/kjop-suzy-q-cbd-hamp-blomst\/","og_locale":"nn_NO","og_type":"article","og_title":"Kj\u00f8p Suzy Q CBD Hamp Flower - Beste beste globale medisiner","og_description":"Kj\u00f8p Suzy Q CBD Hamp Flower Full Spectrum Hemp Flower. Suzy Q er en h\u00f8y-CBD-, lav-THC-stamme med en piny-smak som hjelper til med \u00e5 behandle symptomer med lite eller ingen euforisk h\u00f8y.","og_url":"https:\/\/medicinasinc.com\/no\/product\/kjop-suzy-q-cbd-hamp-blomst\/","og_site_name":"Medicinas Inc","article_modified_time":"2022-03-22T01:11:22+00:00","og_image":[{"width":600,"height":600,"url":"https:\/\/medicinasinc.com\/no\/wp-content\/uploads\/sites\/14\/2022\/02\/Buy-Suzy-Q-CBD-Hemp-Flower-Online.jpg","type":"image\/jpeg"}],"twitter_card":"summary_large_image","twitter_misc":{"Est. reading time":"2 minutt"},"schema":{"@context":"https:\/\/schema.org","@graph":[{"@type":"WebPage","@id":"https:\/\/medicinasinc.com\/no\/product\/kjop-suzy-q-cbd-hamp-blomst\/","url":"https:\/\/medicinasinc.com\/no\/product\/kjop-suzy-q-cbd-hamp-blomst\/","name":"Kj\u00f8p Suzy Q CBD Hamp Flower - Beste beste globale medisiner","isPartOf":{"@id":"https:\/\/medicinasinc.com\/no\/#website"},"primaryImageOfPage":{"@id":"https:\/\/medicinasinc.com\/no\/product\/kjop-suzy-q-cbd-hamp-blomst\/#primaryimage"},"image":{"@id":"https:\/\/medicinasinc.com\/no\/product\/kjop-suzy-q-cbd-hamp-blomst\/#primaryimage"},"thumbnailUrl":"https:\/\/medicinasinc.com\/no\/wp-content\/uploads\/sites\/14\/2022\/02\/Buy-Suzy-Q-CBD-Hemp-Flower-Online.jpg","datePublished":"2022-02-20T15:39:59+00:00","dateModified":"2022-03-22T01:11:22+00:00","description":"Kj\u00f8p Suzy Q CBD Hamp Flower Full Spectrum Hemp Flower. Suzy Q er en h\u00f8y-CBD-, lav-THC-stamme med en piny-smak som hjelper til med \u00e5 behandle symptomer med lite eller ingen euforisk h\u00f8y.","breadcrumb":{"@id":"https:\/\/medicinasinc.com\/no\/product\/kjop-suzy-q-cbd-hamp-blomst\/#breadcrumb"},"inLanguage":"nn-NO","potentialAction":[{"@type":"ReadAction","target":["https:\/\/medicinasinc.com\/no\/product\/kjop-suzy-q-cbd-hamp-blomst\/"]}]},{"@type":"ImageObject","inLanguage":"nn-NO","@id":"https:\/\/medicinasinc.com\/no\/product\/kjop-suzy-q-cbd-hamp-blomst\/#primaryimage","url":"https:\/\/medicinasinc.com\/no\/wp-content\/uploads\/sites\/14\/2022\/02\/Buy-Suzy-Q-CBD-Hemp-Flower-Online.jpg","contentUrl":"https:\/\/medicinasinc.com\/no\/wp-content\/uploads\/sites\/14\/2022\/02\/Buy-Suzy-Q-CBD-Hemp-Flower-Online.jpg","width":600,"height":600},{"@type":"BreadcrumbList","@id":"https:\/\/medicinasinc.com\/no\/product\/kjop-suzy-q-cbd-hamp-blomst\/#breadcrumb","itemListElement":[{"@type":"ListItem","position":1,"name":"Butikk","item":"https:\/\/medicinasinc.com\/no\/butikk\/"},{"@type":"ListItem","position":2,"name":"Kj\u00f8p Suzy Q CBD hampblomst"}]},{"@type":"WebSite","@id":"https:\/\/medicinasinc.com\/no\/#website","url":"https:\/\/medicinasinc.com\/no\/","name":"Medicinas Inc","description":"Helsemedisinsk klinikk","potentialAction":[{"@type":"SearchAction","target":{"@type":"EntryPoint","urlTemplate":"https:\/\/medicinasinc.com\/no\/?s={search_term_string}"},"query-input":{"@type":"PropertyValueSpecification","valueRequired":true,"valueName":"search_term_string"}}],"inLanguage":"nn-NO"}]}},"_links":{"self":[{"href":"https:\/\/medicinasinc.com\/no\/wp-json\/wp\/v2\/product\/4759","targetHints":{"allow":["GET"]}}],"collection":[{"href":"https:\/\/medicinasinc.com\/no\/wp-json\/wp\/v2\/product"}],"about":[{"href":"https:\/\/medicinasinc.com\/no\/wp-json\/wp\/v2\/types\/product"}],"replies":[{"embeddable":true,"href":"https:\/\/medicinasinc.com\/no\/wp-json\/wp\/v2\/comments?post=4759"}],"wp:featuredmedia":[{"embeddable":true,"href":"https:\/\/medicinasinc.com\/no\/wp-json\/wp\/v2\/media\/4773"}],"wp:attachment":[{"href":"https:\/\/medicinasinc.com\/no\/wp-json\/wp\/v2\/media?parent=4759"}],"wp:term":[{"taxonomy":"product_brand","embeddable":true,"href":"https:\/\/medicinasinc.com\/no\/wp-json\/wp\/v2\/product_brand?post=4759"},{"taxonomy":"product_cat","embeddable":true,"href":"https:\/\/medicinasinc.com\/no\/wp-json\/wp\/v2\/product_cat?post=4759"},{"taxonomy":"product_tag","embeddable":true,"href":"https:\/\/medicinasinc.com\/no\/wp-json\/wp\/v2\/product_tag?post=4759"}],"curies":[{"name":"wp","href":"https:\/\/api.w.org\/{rel}","templated":true}]}}