{"id":4748,"date":"2022-02-20T15:30:50","date_gmt":"2022-02-20T15:30:50","guid":{"rendered":"https:\/\/medicinasinc.com\/no\/?post_type=product&#038;p=4748"},"modified":"2022-03-22T01:11:46","modified_gmt":"2022-03-22T01:11:46","slug":"kjop-hawaiian-furu-hamp-blomst","status":"publish","type":"product","link":"https:\/\/medicinasinc.com\/no\/product\/kjop-hawaiian-furu-hamp-blomst\/","title":{"rendered":"Kj\u00f8p Hawaiian Pine Hemp Flower"},"content":{"rendered":"<div class=\"woocommerce-tabs wc-tabs-wrapper\">\n<div id=\"tab-description\" class=\"woocommerce-Tabs-panel woocommerce-Tabs-panel--description panel entry-content wc-tab\" role=\"tabpanel\" aria-labelledby=\"tab-title-description\">\n<p>Hampblomst med Hawaiian Pine CBD<\/p>\n<p>Hawaiian Pine CBD Hemp Flower-stammen inneholder mindre enn 2 % Delta 9 THC, som er lovlig THC-grense, og hvis det konsumeres i moderate mengder, vil det ikke f\u00f8re til at du mislykkes i en narkotikatest, men vi gir ingen garantier.<\/p>\n<p>Hos Bud Chasers setter vi en premie p\u00e5 kvalitet og sikkerhet, og det er derfor hver parti med CBD-blomst er testet og godkjent av Landbruksdepartementet f\u00f8r distribusjon.<\/p>\n<p>CBD-rike medisiner kan kanskje hjelpe mot betennelser og anfall, men har f\u00e5 psykoaktive effekter. P\u00e5 grunn av det h\u00f8ye alkoholinnholdet anbefaler vi \u00e5 plassere det i siden av munnen (mot kinnet) og holde i 30-60 sekunder. Tinkturen kan fortynnes i juice eller te, men det vil ta lengre tid \u00e5 tre i kraft.<\/p>\n<p>CBD Hemp Flower fra Hawaiian Pine er n\u00e5 tilgjengelig.<\/p>\n<p>Kj\u00f8p Hawaiian Pine CBD Hemp Flower fra Hemp Online akkurat n\u00e5; i tillegg kan du legge inn en bestilling her og foreta et kj\u00f8p umiddelbart.<\/p>\n<p>CBD-blomst fra Hawaiian Pine<\/p>\n<\/p><\/div><\/div>\n","protected":false},"excerpt":{"rendered":"<div class=\"woocommerce-product-details__short-description\">\n<p>Kj\u00f8p\u00a0CBD-hampblomst fra hawaiisk furu p\u00e5 nettet fra bestglobalmeds.com. Handle etter en rekke marihuana-relaterte produkter og mer. Levering er gratis.<\/p>\n<p>Vi tilbyr overlegen Hawaiian Pine CBD Hemp Flower for medisinske eller rekreasjonsform\u00e5l.<\/p>\n<\/p><\/div>\n","protected":false},"featured_media":4760,"comment_status":"open","ping_status":"closed","template":"","meta":[],"product_brand":[],"product_cat":[689],"product_tag":[],"class_list":{"0":"post-4748","1":"product","2":"type-product","3":"status-publish","4":"has-post-thumbnail","6":"product_cat-kjop-hampblomst","8":"first","9":"instock","10":"shipping-taxable","11":"purchasable","12":"product-type-variable","13":"has-default-attributes"},"yoast_head":"<!-- This site is optimized with the Yoast SEO plugin v27.3 - https:\/\/yoast.com\/product\/yoast-seo-wordpress\/ -->\n<title>Kj\u00f8p Hawaiian Pine Hemp Flower - Best Best Global Meds<\/title>\n<meta name=\"description\" content=\"Kj\u00f8p hawaiisk furu CBD hamp blomst (1 pund) online p\u00e5 bestglobalmeds.com. Handle for et bredt utvalg av marihuanaprodukter og mer. Gratis levering.\" \/>\n<meta name=\"robots\" content=\"index, follow, max-snippet:-1, max-image-preview:large, max-video-preview:-1\" \/>\n<link rel=\"canonical\" href=\"https:\/\/medicinasinc.com\/no\/product\/kjop-hawaiian-furu-hamp-blomst\/\" \/>\n<meta property=\"og:locale\" content=\"nn_NO\" \/>\n<meta property=\"og:type\" content=\"article\" \/>\n<meta property=\"og:title\" content=\"Kj\u00f8p Hawaiian Pine Hemp Flower - Best Best Global Meds\" \/>\n<meta property=\"og:description\" content=\"Kj\u00f8p hawaiisk furu CBD hamp blomst (1 pund) online p\u00e5 bestglobalmeds.com. Handle for et bredt utvalg av marihuanaprodukter og mer. Gratis levering.\" \/>\n<meta property=\"og:url\" content=\"https:\/\/medicinasinc.com\/no\/product\/kjop-hawaiian-furu-hamp-blomst\/\" \/>\n<meta property=\"og:site_name\" content=\"Medicinas Inc\" \/>\n<meta property=\"article:modified_time\" content=\"2022-03-22T01:11:46+00:00\" \/>\n<meta property=\"og:image\" content=\"https:\/\/medicinasinc.com\/no\/wp-content\/uploads\/sites\/14\/2022\/02\/Buy-Hawaiian-Pine-Hemp-Flower-Onlin.jpg\" \/>\n\t<meta property=\"og:image:width\" content=\"600\" \/>\n\t<meta property=\"og:image:height\" content=\"600\" \/>\n\t<meta property=\"og:image:type\" content=\"image\/jpeg\" \/>\n<meta name=\"twitter:card\" content=\"summary_large_image\" \/>\n<meta name=\"twitter:label1\" content=\"Est. reading time\" \/>\n\t<meta name=\"twitter:data1\" content=\"1 minutt\" \/>\n<script type=\"application\/ld+json\" class=\"yoast-schema-graph\">{\"@context\":\"https:\\\/\\\/schema.org\",\"@graph\":[{\"@type\":\"WebPage\",\"@id\":\"https:\\\/\\\/medicinasinc.com\\\/no\\\/product\\\/kjop-hawaiian-furu-hamp-blomst\\\/\",\"url\":\"https:\\\/\\\/medicinasinc.com\\\/no\\\/product\\\/kjop-hawaiian-furu-hamp-blomst\\\/\",\"name\":\"Kj\u00f8p Hawaiian Pine Hemp Flower - Best Best Global Meds\",\"isPartOf\":{\"@id\":\"https:\\\/\\\/medicinasinc.com\\\/no\\\/#website\"},\"primaryImageOfPage\":{\"@id\":\"https:\\\/\\\/medicinasinc.com\\\/no\\\/product\\\/kjop-hawaiian-furu-hamp-blomst\\\/#primaryimage\"},\"image\":{\"@id\":\"https:\\\/\\\/medicinasinc.com\\\/no\\\/product\\\/kjop-hawaiian-furu-hamp-blomst\\\/#primaryimage\"},\"thumbnailUrl\":\"https:\\\/\\\/medicinasinc.com\\\/no\\\/wp-content\\\/uploads\\\/sites\\\/14\\\/2022\\\/02\\\/Buy-Hawaiian-Pine-Hemp-Flower-Onlin.jpg\",\"datePublished\":\"2022-02-20T15:30:50+00:00\",\"dateModified\":\"2022-03-22T01:11:46+00:00\",\"description\":\"Kj\u00f8p hawaiisk furu CBD hamp blomst (1 pund) online p\u00e5 bestglobalmeds.com. Handle for et bredt utvalg av marihuanaprodukter og mer. Gratis levering.\",\"breadcrumb\":{\"@id\":\"https:\\\/\\\/medicinasinc.com\\\/no\\\/product\\\/kjop-hawaiian-furu-hamp-blomst\\\/#breadcrumb\"},\"inLanguage\":\"nn-NO\",\"potentialAction\":[{\"@type\":\"ReadAction\",\"target\":[\"https:\\\/\\\/medicinasinc.com\\\/no\\\/product\\\/kjop-hawaiian-furu-hamp-blomst\\\/\"]}]},{\"@type\":\"ImageObject\",\"inLanguage\":\"nn-NO\",\"@id\":\"https:\\\/\\\/medicinasinc.com\\\/no\\\/product\\\/kjop-hawaiian-furu-hamp-blomst\\\/#primaryimage\",\"url\":\"https:\\\/\\\/medicinasinc.com\\\/no\\\/wp-content\\\/uploads\\\/sites\\\/14\\\/2022\\\/02\\\/Buy-Hawaiian-Pine-Hemp-Flower-Onlin.jpg\",\"contentUrl\":\"https:\\\/\\\/medicinasinc.com\\\/no\\\/wp-content\\\/uploads\\\/sites\\\/14\\\/2022\\\/02\\\/Buy-Hawaiian-Pine-Hemp-Flower-Onlin.jpg\",\"width\":600,\"height\":600},{\"@type\":\"BreadcrumbList\",\"@id\":\"https:\\\/\\\/medicinasinc.com\\\/no\\\/product\\\/kjop-hawaiian-furu-hamp-blomst\\\/#breadcrumb\",\"itemListElement\":[{\"@type\":\"ListItem\",\"position\":1,\"name\":\"Butikk\",\"item\":\"https:\\\/\\\/medicinasinc.com\\\/no\\\/butikk\\\/\"},{\"@type\":\"ListItem\",\"position\":2,\"name\":\"Kj\u00f8p Hawaiian Pine Hemp Flower\"}]},{\"@type\":\"WebSite\",\"@id\":\"https:\\\/\\\/medicinasinc.com\\\/no\\\/#website\",\"url\":\"https:\\\/\\\/medicinasinc.com\\\/no\\\/\",\"name\":\"Medicinas Inc\",\"description\":\"Helsemedisinsk klinikk\",\"potentialAction\":[{\"@type\":\"SearchAction\",\"target\":{\"@type\":\"EntryPoint\",\"urlTemplate\":\"https:\\\/\\\/medicinasinc.com\\\/no\\\/?s={search_term_string}\"},\"query-input\":{\"@type\":\"PropertyValueSpecification\",\"valueRequired\":true,\"valueName\":\"search_term_string\"}}],\"inLanguage\":\"nn-NO\"}]}<\/script>\n<!-- \/ Yoast SEO plugin. -->","yoast_head_json":{"title":"Kj\u00f8p Hawaiian Pine Hemp Flower - Best Best Global Meds","description":"Kj\u00f8p hawaiisk furu CBD hamp blomst (1 pund) online p\u00e5 bestglobalmeds.com. Handle for et bredt utvalg av marihuanaprodukter og mer. Gratis levering.","robots":{"index":"index","follow":"follow","max-snippet":"max-snippet:-1","max-image-preview":"max-image-preview:large","max-video-preview":"max-video-preview:-1"},"canonical":"https:\/\/medicinasinc.com\/no\/product\/kjop-hawaiian-furu-hamp-blomst\/","og_locale":"nn_NO","og_type":"article","og_title":"Kj\u00f8p Hawaiian Pine Hemp Flower - Best Best Global Meds","og_description":"Kj\u00f8p hawaiisk furu CBD hamp blomst (1 pund) online p\u00e5 bestglobalmeds.com. Handle for et bredt utvalg av marihuanaprodukter og mer. Gratis levering.","og_url":"https:\/\/medicinasinc.com\/no\/product\/kjop-hawaiian-furu-hamp-blomst\/","og_site_name":"Medicinas Inc","article_modified_time":"2022-03-22T01:11:46+00:00","og_image":[{"width":600,"height":600,"url":"https:\/\/medicinasinc.com\/no\/wp-content\/uploads\/sites\/14\/2022\/02\/Buy-Hawaiian-Pine-Hemp-Flower-Onlin.jpg","type":"image\/jpeg"}],"twitter_card":"summary_large_image","twitter_misc":{"Est. reading time":"1 minutt"},"schema":{"@context":"https:\/\/schema.org","@graph":[{"@type":"WebPage","@id":"https:\/\/medicinasinc.com\/no\/product\/kjop-hawaiian-furu-hamp-blomst\/","url":"https:\/\/medicinasinc.com\/no\/product\/kjop-hawaiian-furu-hamp-blomst\/","name":"Kj\u00f8p Hawaiian Pine Hemp Flower - Best Best Global Meds","isPartOf":{"@id":"https:\/\/medicinasinc.com\/no\/#website"},"primaryImageOfPage":{"@id":"https:\/\/medicinasinc.com\/no\/product\/kjop-hawaiian-furu-hamp-blomst\/#primaryimage"},"image":{"@id":"https:\/\/medicinasinc.com\/no\/product\/kjop-hawaiian-furu-hamp-blomst\/#primaryimage"},"thumbnailUrl":"https:\/\/medicinasinc.com\/no\/wp-content\/uploads\/sites\/14\/2022\/02\/Buy-Hawaiian-Pine-Hemp-Flower-Onlin.jpg","datePublished":"2022-02-20T15:30:50+00:00","dateModified":"2022-03-22T01:11:46+00:00","description":"Kj\u00f8p hawaiisk furu CBD hamp blomst (1 pund) online p\u00e5 bestglobalmeds.com. Handle for et bredt utvalg av marihuanaprodukter og mer. Gratis levering.","breadcrumb":{"@id":"https:\/\/medicinasinc.com\/no\/product\/kjop-hawaiian-furu-hamp-blomst\/#breadcrumb"},"inLanguage":"nn-NO","potentialAction":[{"@type":"ReadAction","target":["https:\/\/medicinasinc.com\/no\/product\/kjop-hawaiian-furu-hamp-blomst\/"]}]},{"@type":"ImageObject","inLanguage":"nn-NO","@id":"https:\/\/medicinasinc.com\/no\/product\/kjop-hawaiian-furu-hamp-blomst\/#primaryimage","url":"https:\/\/medicinasinc.com\/no\/wp-content\/uploads\/sites\/14\/2022\/02\/Buy-Hawaiian-Pine-Hemp-Flower-Onlin.jpg","contentUrl":"https:\/\/medicinasinc.com\/no\/wp-content\/uploads\/sites\/14\/2022\/02\/Buy-Hawaiian-Pine-Hemp-Flower-Onlin.jpg","width":600,"height":600},{"@type":"BreadcrumbList","@id":"https:\/\/medicinasinc.com\/no\/product\/kjop-hawaiian-furu-hamp-blomst\/#breadcrumb","itemListElement":[{"@type":"ListItem","position":1,"name":"Butikk","item":"https:\/\/medicinasinc.com\/no\/butikk\/"},{"@type":"ListItem","position":2,"name":"Kj\u00f8p Hawaiian Pine Hemp Flower"}]},{"@type":"WebSite","@id":"https:\/\/medicinasinc.com\/no\/#website","url":"https:\/\/medicinasinc.com\/no\/","name":"Medicinas Inc","description":"Helsemedisinsk klinikk","potentialAction":[{"@type":"SearchAction","target":{"@type":"EntryPoint","urlTemplate":"https:\/\/medicinasinc.com\/no\/?s={search_term_string}"},"query-input":{"@type":"PropertyValueSpecification","valueRequired":true,"valueName":"search_term_string"}}],"inLanguage":"nn-NO"}]}},"_links":{"self":[{"href":"https:\/\/medicinasinc.com\/no\/wp-json\/wp\/v2\/product\/4748","targetHints":{"allow":["GET"]}}],"collection":[{"href":"https:\/\/medicinasinc.com\/no\/wp-json\/wp\/v2\/product"}],"about":[{"href":"https:\/\/medicinasinc.com\/no\/wp-json\/wp\/v2\/types\/product"}],"replies":[{"embeddable":true,"href":"https:\/\/medicinasinc.com\/no\/wp-json\/wp\/v2\/comments?post=4748"}],"wp:featuredmedia":[{"embeddable":true,"href":"https:\/\/medicinasinc.com\/no\/wp-json\/wp\/v2\/media\/4760"}],"wp:attachment":[{"href":"https:\/\/medicinasinc.com\/no\/wp-json\/wp\/v2\/media?parent=4748"}],"wp:term":[{"taxonomy":"product_brand","embeddable":true,"href":"https:\/\/medicinasinc.com\/no\/wp-json\/wp\/v2\/product_brand?post=4748"},{"taxonomy":"product_cat","embeddable":true,"href":"https:\/\/medicinasinc.com\/no\/wp-json\/wp\/v2\/product_cat?post=4748"},{"taxonomy":"product_tag","embeddable":true,"href":"https:\/\/medicinasinc.com\/no\/wp-json\/wp\/v2\/product_tag?post=4748"}],"curies":[{"name":"wp","href":"https:\/\/api.w.org\/{rel}","templated":true}]}}