{"id":4733,"date":"2022-02-20T15:18:37","date_gmt":"2022-02-20T15:18:37","guid":{"rendered":"https:\/\/medicinasinc.com\/no\/?post_type=product&#038;p=4733"},"modified":"2022-03-22T01:12:02","modified_gmt":"2022-03-22T01:12:02","slug":"kjop-rosa-kush-hash","status":"publish","type":"product","link":"https:\/\/medicinasinc.com\/no\/product\/kjop-rosa-kush-hash\/","title":{"rendered":"Kj\u00f8p Pink Kush Hash"},"content":{"rendered":"<p>Kj\u00f8p p\u00e5 nett av Pink Kush Hash<\/p>\n<p>F\u00f8r du kj\u00f8per lovlig hasj p\u00e5 nettet, er det viktig \u00e5 forst\u00e5 hva det er, hvordan det er relatert til cannabis, og hva som skiller det fra andre ugressprodukter. Hash, en annen betegnelse for &laquo;hasj,&raquo; er et cannabiskonsentrat som formidles via banen til en marihuanaplante. Dette oppn\u00e5s ved \u00e5 separere en cannabisplantes saftorganer, som samlet refereres til som trikomer, fra blomstene. Disse trikomene er kjent for \u00e5 inneholde de h\u00f8yeste konsentrasjonene av cannabinoider og terpener, som er de kjemiske forbindelsene som er ansvarlige for Maryjanes unike egenskaper og egenskaper. P\u00e5 grunn av den h\u00f8ye konsentrasjonen av cannabinoider og terpener i hasj, har den en ekstraordin\u00e6r kapasitet til \u00e5 skape ufattelige psykoaktive og medisinske m\u00f8ter for cannabisklienter. Hash-olje er en sv\u00e6rt konsentrert form for cannabis som kan r\u00f8ykes, fordampes, konsumeres eller skures p\u00e5 huden. Noen ganger blir bruk av hasjolje referert til som &laquo;\u00e5 n\u00e5&raquo; eller &laquo;forbruke&raquo;. Hash-olje er avledet fra cannabisplanter og inneholder THC (delta-9-tetrahydrocannabinol), den samme revolusjonerende forbindelsen som finnes i andre Maryjane-produkter.<\/p>\n<p>I alle fall er hasjolje mer potent, og inneholder opptil 90 % ren THC. Selvf\u00f8lgelig, i andre deler av cannabisplanten, er den typiske THC-konsentrasjonen rundt 12%. P\u00e5litelig<\/p>\n<p>CO2-utvinning er for tiden den mest effektive metoden for \u00e5 utvinne THC-olje. I tillegg er det den vanligste og sikreste metoden for \u00e5 produsere cannabisolje, destillat og levende tyggegummibiler. Grunnen til at den er s\u00e5 utbredt i disse dager, er at denne THC-oljen er fri for ekstra l\u00f8semidler som brennevin eller butan.<\/p>\n<p>De fleste THC-oljer inneholder en form for avtagende beredskap. Dette er n\u00f8dvendig for \u00e5 sikre at oljen opprettholder en ideell konsistens for vaping. De mest effektive reduksjonsmidlene er vegetabilsk glyserin og propylenglykol (VG og PG), som ofte finnes i konvensjonell e-v\u00e6ske. Noen f\u00e5 inneholder forskjellige fyllstoffer, for eksempel PEG, og betydelig mer nylig, TEC Temper, som er en annen tilstand avledet fra konvensjonelle terpener. Hash-olje er tilgjengelig for kj\u00f8p.<\/p>\n","protected":false},"excerpt":{"rendered":"<p>Kj\u00f8p Pink Kush Hash for salg Storbritannia, Europa online. Pink Kush, like ettertraktet som OG Kush-slektningen, er en indica-dominerende hybrid med kraftige kroppsfokuserte effekter. Bestill online N\u00c5!<\/p>\n<ul>\n<li>Verdensomfattende frakt<\/li>\n<li>Kontakt oss for st\u00f8rre bestillinger<\/li>\n<\/ul>\n","protected":false},"featured_media":4745,"comment_status":"open","ping_status":"closed","template":"","meta":[],"product_brand":[],"product_cat":[610],"product_tag":[],"class_list":{"0":"post-4733","1":"product","2":"type-product","3":"status-publish","4":"has-post-thumbnail","6":"product_cat-kjop-hasj-hasj","8":"first","9":"instock","10":"shipping-taxable","11":"purchasable","12":"product-type-variable","13":"has-default-attributes"},"yoast_head":"<!-- This site is optimized with the Yoast SEO plugin v27.3 - https:\/\/yoast.com\/product\/yoast-seo-wordpress\/ -->\n<title>Kj\u00f8p Pink Kush Hash Online - Beste beste globale medisiner<\/title>\n<meta name=\"description\" content=\"Kj\u00f8p Pink Kush Hash til salgs Storbritannia, Europa p\u00e5 nett. Pink Kush, like ettertraktet som OG Kush-slektningen, er en indica-dominerende hybrid med kraftige kroppsfokuserte effekter. Bestill online N\u00c5!\" \/>\n<meta name=\"robots\" content=\"index, follow, max-snippet:-1, max-image-preview:large, max-video-preview:-1\" \/>\n<link rel=\"canonical\" href=\"https:\/\/medicinasinc.com\/no\/product\/kjop-rosa-kush-hash\/\" \/>\n<meta property=\"og:locale\" content=\"nn_NO\" \/>\n<meta property=\"og:type\" content=\"article\" \/>\n<meta property=\"og:title\" content=\"Kj\u00f8p Pink Kush Hash Online - Beste beste globale medisiner\" \/>\n<meta property=\"og:description\" content=\"Kj\u00f8p Pink Kush Hash til salgs Storbritannia, Europa p\u00e5 nett. Pink Kush, like ettertraktet som OG Kush-slektningen, er en indica-dominerende hybrid med kraftige kroppsfokuserte effekter. Bestill online N\u00c5!\" \/>\n<meta property=\"og:url\" content=\"https:\/\/medicinasinc.com\/no\/product\/kjop-rosa-kush-hash\/\" \/>\n<meta property=\"og:site_name\" content=\"Medicinas Inc\" \/>\n<meta property=\"article:modified_time\" content=\"2022-03-22T01:12:02+00:00\" \/>\n<meta property=\"og:image\" content=\"https:\/\/medicinasinc.com\/no\/wp-content\/uploads\/sites\/14\/2022\/02\/buy-pink-kush-hash.jpg\" \/>\n\t<meta property=\"og:image:width\" content=\"600\" \/>\n\t<meta property=\"og:image:height\" content=\"600\" \/>\n\t<meta property=\"og:image:type\" content=\"image\/jpeg\" \/>\n<meta name=\"twitter:card\" content=\"summary_large_image\" \/>\n<meta name=\"twitter:label1\" content=\"Est. reading time\" \/>\n\t<meta name=\"twitter:data1\" content=\"2 minutt\" \/>\n<script type=\"application\/ld+json\" class=\"yoast-schema-graph\">{\"@context\":\"https:\\\/\\\/schema.org\",\"@graph\":[{\"@type\":\"WebPage\",\"@id\":\"https:\\\/\\\/medicinasinc.com\\\/no\\\/product\\\/kjop-rosa-kush-hash\\\/\",\"url\":\"https:\\\/\\\/medicinasinc.com\\\/no\\\/product\\\/kjop-rosa-kush-hash\\\/\",\"name\":\"Kj\u00f8p Pink Kush Hash Online - Beste beste globale medisiner\",\"isPartOf\":{\"@id\":\"https:\\\/\\\/medicinasinc.com\\\/no\\\/#website\"},\"primaryImageOfPage\":{\"@id\":\"https:\\\/\\\/medicinasinc.com\\\/no\\\/product\\\/kjop-rosa-kush-hash\\\/#primaryimage\"},\"image\":{\"@id\":\"https:\\\/\\\/medicinasinc.com\\\/no\\\/product\\\/kjop-rosa-kush-hash\\\/#primaryimage\"},\"thumbnailUrl\":\"https:\\\/\\\/medicinasinc.com\\\/no\\\/wp-content\\\/uploads\\\/sites\\\/14\\\/2022\\\/02\\\/buy-pink-kush-hash.jpg\",\"datePublished\":\"2022-02-20T15:18:37+00:00\",\"dateModified\":\"2022-03-22T01:12:02+00:00\",\"description\":\"Kj\u00f8p Pink Kush Hash til salgs Storbritannia, Europa p\u00e5 nett. Pink Kush, like ettertraktet som OG Kush-slektningen, er en indica-dominerende hybrid med kraftige kroppsfokuserte effekter. Bestill online N\u00c5!\",\"breadcrumb\":{\"@id\":\"https:\\\/\\\/medicinasinc.com\\\/no\\\/product\\\/kjop-rosa-kush-hash\\\/#breadcrumb\"},\"inLanguage\":\"nn-NO\",\"potentialAction\":[{\"@type\":\"ReadAction\",\"target\":[\"https:\\\/\\\/medicinasinc.com\\\/no\\\/product\\\/kjop-rosa-kush-hash\\\/\"]}]},{\"@type\":\"ImageObject\",\"inLanguage\":\"nn-NO\",\"@id\":\"https:\\\/\\\/medicinasinc.com\\\/no\\\/product\\\/kjop-rosa-kush-hash\\\/#primaryimage\",\"url\":\"https:\\\/\\\/medicinasinc.com\\\/no\\\/wp-content\\\/uploads\\\/sites\\\/14\\\/2022\\\/02\\\/buy-pink-kush-hash.jpg\",\"contentUrl\":\"https:\\\/\\\/medicinasinc.com\\\/no\\\/wp-content\\\/uploads\\\/sites\\\/14\\\/2022\\\/02\\\/buy-pink-kush-hash.jpg\",\"width\":600,\"height\":600},{\"@type\":\"BreadcrumbList\",\"@id\":\"https:\\\/\\\/medicinasinc.com\\\/no\\\/product\\\/kjop-rosa-kush-hash\\\/#breadcrumb\",\"itemListElement\":[{\"@type\":\"ListItem\",\"position\":1,\"name\":\"Butikk\",\"item\":\"https:\\\/\\\/medicinasinc.com\\\/no\\\/butikk\\\/\"},{\"@type\":\"ListItem\",\"position\":2,\"name\":\"Kj\u00f8p Pink Kush Hash\"}]},{\"@type\":\"WebSite\",\"@id\":\"https:\\\/\\\/medicinasinc.com\\\/no\\\/#website\",\"url\":\"https:\\\/\\\/medicinasinc.com\\\/no\\\/\",\"name\":\"Medicinas Inc\",\"description\":\"Helsemedisinsk klinikk\",\"potentialAction\":[{\"@type\":\"SearchAction\",\"target\":{\"@type\":\"EntryPoint\",\"urlTemplate\":\"https:\\\/\\\/medicinasinc.com\\\/no\\\/?s={search_term_string}\"},\"query-input\":{\"@type\":\"PropertyValueSpecification\",\"valueRequired\":true,\"valueName\":\"search_term_string\"}}],\"inLanguage\":\"nn-NO\"}]}<\/script>\n<!-- \/ Yoast SEO plugin. -->","yoast_head_json":{"title":"Kj\u00f8p Pink Kush Hash Online - Beste beste globale medisiner","description":"Kj\u00f8p Pink Kush Hash til salgs Storbritannia, Europa p\u00e5 nett. Pink Kush, like ettertraktet som OG Kush-slektningen, er en indica-dominerende hybrid med kraftige kroppsfokuserte effekter. Bestill online N\u00c5!","robots":{"index":"index","follow":"follow","max-snippet":"max-snippet:-1","max-image-preview":"max-image-preview:large","max-video-preview":"max-video-preview:-1"},"canonical":"https:\/\/medicinasinc.com\/no\/product\/kjop-rosa-kush-hash\/","og_locale":"nn_NO","og_type":"article","og_title":"Kj\u00f8p Pink Kush Hash Online - Beste beste globale medisiner","og_description":"Kj\u00f8p Pink Kush Hash til salgs Storbritannia, Europa p\u00e5 nett. Pink Kush, like ettertraktet som OG Kush-slektningen, er en indica-dominerende hybrid med kraftige kroppsfokuserte effekter. Bestill online N\u00c5!","og_url":"https:\/\/medicinasinc.com\/no\/product\/kjop-rosa-kush-hash\/","og_site_name":"Medicinas Inc","article_modified_time":"2022-03-22T01:12:02+00:00","og_image":[{"width":600,"height":600,"url":"https:\/\/medicinasinc.com\/no\/wp-content\/uploads\/sites\/14\/2022\/02\/buy-pink-kush-hash.jpg","type":"image\/jpeg"}],"twitter_card":"summary_large_image","twitter_misc":{"Est. reading time":"2 minutt"},"schema":{"@context":"https:\/\/schema.org","@graph":[{"@type":"WebPage","@id":"https:\/\/medicinasinc.com\/no\/product\/kjop-rosa-kush-hash\/","url":"https:\/\/medicinasinc.com\/no\/product\/kjop-rosa-kush-hash\/","name":"Kj\u00f8p Pink Kush Hash Online - Beste beste globale medisiner","isPartOf":{"@id":"https:\/\/medicinasinc.com\/no\/#website"},"primaryImageOfPage":{"@id":"https:\/\/medicinasinc.com\/no\/product\/kjop-rosa-kush-hash\/#primaryimage"},"image":{"@id":"https:\/\/medicinasinc.com\/no\/product\/kjop-rosa-kush-hash\/#primaryimage"},"thumbnailUrl":"https:\/\/medicinasinc.com\/no\/wp-content\/uploads\/sites\/14\/2022\/02\/buy-pink-kush-hash.jpg","datePublished":"2022-02-20T15:18:37+00:00","dateModified":"2022-03-22T01:12:02+00:00","description":"Kj\u00f8p Pink Kush Hash til salgs Storbritannia, Europa p\u00e5 nett. Pink Kush, like ettertraktet som OG Kush-slektningen, er en indica-dominerende hybrid med kraftige kroppsfokuserte effekter. Bestill online N\u00c5!","breadcrumb":{"@id":"https:\/\/medicinasinc.com\/no\/product\/kjop-rosa-kush-hash\/#breadcrumb"},"inLanguage":"nn-NO","potentialAction":[{"@type":"ReadAction","target":["https:\/\/medicinasinc.com\/no\/product\/kjop-rosa-kush-hash\/"]}]},{"@type":"ImageObject","inLanguage":"nn-NO","@id":"https:\/\/medicinasinc.com\/no\/product\/kjop-rosa-kush-hash\/#primaryimage","url":"https:\/\/medicinasinc.com\/no\/wp-content\/uploads\/sites\/14\/2022\/02\/buy-pink-kush-hash.jpg","contentUrl":"https:\/\/medicinasinc.com\/no\/wp-content\/uploads\/sites\/14\/2022\/02\/buy-pink-kush-hash.jpg","width":600,"height":600},{"@type":"BreadcrumbList","@id":"https:\/\/medicinasinc.com\/no\/product\/kjop-rosa-kush-hash\/#breadcrumb","itemListElement":[{"@type":"ListItem","position":1,"name":"Butikk","item":"https:\/\/medicinasinc.com\/no\/butikk\/"},{"@type":"ListItem","position":2,"name":"Kj\u00f8p Pink Kush Hash"}]},{"@type":"WebSite","@id":"https:\/\/medicinasinc.com\/no\/#website","url":"https:\/\/medicinasinc.com\/no\/","name":"Medicinas Inc","description":"Helsemedisinsk klinikk","potentialAction":[{"@type":"SearchAction","target":{"@type":"EntryPoint","urlTemplate":"https:\/\/medicinasinc.com\/no\/?s={search_term_string}"},"query-input":{"@type":"PropertyValueSpecification","valueRequired":true,"valueName":"search_term_string"}}],"inLanguage":"nn-NO"}]}},"_links":{"self":[{"href":"https:\/\/medicinasinc.com\/no\/wp-json\/wp\/v2\/product\/4733","targetHints":{"allow":["GET"]}}],"collection":[{"href":"https:\/\/medicinasinc.com\/no\/wp-json\/wp\/v2\/product"}],"about":[{"href":"https:\/\/medicinasinc.com\/no\/wp-json\/wp\/v2\/types\/product"}],"replies":[{"embeddable":true,"href":"https:\/\/medicinasinc.com\/no\/wp-json\/wp\/v2\/comments?post=4733"}],"wp:featuredmedia":[{"embeddable":true,"href":"https:\/\/medicinasinc.com\/no\/wp-json\/wp\/v2\/media\/4745"}],"wp:attachment":[{"href":"https:\/\/medicinasinc.com\/no\/wp-json\/wp\/v2\/media?parent=4733"}],"wp:term":[{"taxonomy":"product_brand","embeddable":true,"href":"https:\/\/medicinasinc.com\/no\/wp-json\/wp\/v2\/product_brand?post=4733"},{"taxonomy":"product_cat","embeddable":true,"href":"https:\/\/medicinasinc.com\/no\/wp-json\/wp\/v2\/product_cat?post=4733"},{"taxonomy":"product_tag","embeddable":true,"href":"https:\/\/medicinasinc.com\/no\/wp-json\/wp\/v2\/product_tag?post=4733"}],"curies":[{"name":"wp","href":"https:\/\/api.w.org\/{rel}","templated":true}]}}