{"id":4717,"date":"2022-02-20T15:05:15","date_gmt":"2022-02-20T15:05:15","guid":{"rendered":"https:\/\/medicinasinc.com\/no\/?post_type=product&#038;p=4717"},"modified":"2022-03-22T01:12:12","modified_gmt":"2022-03-22T01:12:12","slug":"kjop-nepalesisk-pinne-hash","status":"publish","type":"product","link":"https:\/\/medicinasinc.com\/no\/product\/kjop-nepalesisk-pinne-hash\/","title":{"rendered":"Kj\u00f8p nepalesisk Stick Hash"},"content":{"rendered":"<p>Nettkj\u00f8p av nepalesisk pinnehash<\/p>\n<p>Nepalesisk pinnehash tilberedes p\u00e5 samme m\u00e5te som tempelballer. Cannabisplanter dyrker disse. Cannabisknopper eller -blomster samles f\u00f8rst og h\u00f8stes. Gni disse knoppene mellom hendene for \u00e5 trekke ut harpiksene eller trikomene. Temple Balls er laget av harpiksen som er oppn\u00e5dd. Tempelkulene presses deretter mot en tykk, hard hylle eller plate.<\/p>\n<p>Nepalesisk pinnehasj er svart p\u00e5 utsiden og brunaktig p\u00e5 innsiden. De inneholder nesten 15-20% THC. Disse er sv\u00e6rt konsentrerte og har en krydret eller s\u00f8tet smak.<\/p>\n<p>Effekter:<\/p>\n<p>Stick Hashs effekter er vanligvis avhengig av THC- og harpikskonsentrasjonene. De har en tendens til \u00e5 heve kroppstemperaturen og heve deg til et farlig h\u00f8yt niv\u00e5, selv i sm\u00e5 mengder. Det er generelt trygt \u00e5 bruke og har en halveringstid p\u00e5 6-7 timer. Disse Hash-pinnene er ideelle for de som trenger \u00e5 holde seg h\u00f8ye i en lengre periode.<\/p>\n<p>Slik bruker du:<\/p>\n<p>Nepalesisk Stick Hash er et produkt fra Nepal. De kan r\u00f8ykes, infunderes i en pipe, inkorporeres i spiselige varer eller duppes. N\u00e5r Stick Hash brukes i spiselige varer, tar det ca. 1-2 timer \u00e5 sl\u00e5 inn og vise effekter.<\/p>\n<p>Hvor kan jeg kj\u00f8pe nepalesisk Stick Hash p\u00e5 Internett?<\/p>\n<p>Du kan kj\u00f8pe nylaget nepalesisk Stick Hash p\u00e5 nettsiden v\u00e5r, Vi gir deg h\u00f8ykvalitets og ekstremt potente hasjpinner. Disse produseres p\u00e5 en naturlig m\u00e5te i Nepal. Du kan kj\u00f8pe dem til en rimelig pris og motta dem raskt.<\/p>\n","protected":false},"excerpt":{"rendered":"<p>Kj\u00f8p Nepalese Stick Hash Online Nepalesisk refererer til enhver stamme som vokser naivt i Nepal-regionen. Bestill Weed Online, disse urfolksvariantene.<\/p>\n","protected":false},"featured_media":4730,"comment_status":"open","ping_status":"closed","template":"","meta":[],"product_brand":[],"product_cat":[610],"product_tag":[],"class_list":{"0":"post-4717","1":"product","2":"type-product","3":"status-publish","4":"has-post-thumbnail","6":"product_cat-kjop-hasj-hasj","8":"first","9":"instock","10":"shipping-taxable","11":"purchasable","12":"product-type-variable","13":"has-default-attributes"},"yoast_head":"<!-- This site is optimized with the Yoast SEO plugin v27.3 - https:\/\/yoast.com\/product\/yoast-seo-wordpress\/ -->\n<title>Kj\u00f8p nepalesisk Stick Hash - Beste beste globale medisiner<\/title>\n<meta name=\"description\" content=\"Kj\u00f8p nepalesisk Stick Hash Online Nepalesisk refererer til enhver stamme som vokser naivt i Nepal-regionen. Bestill Weed Online, disse urfolksvariantene.\" \/>\n<meta name=\"robots\" content=\"index, follow, max-snippet:-1, max-image-preview:large, max-video-preview:-1\" \/>\n<link rel=\"canonical\" href=\"https:\/\/medicinasinc.com\/no\/product\/kjop-nepalesisk-pinne-hash\/\" \/>\n<meta property=\"og:locale\" content=\"nn_NO\" \/>\n<meta property=\"og:type\" content=\"article\" \/>\n<meta property=\"og:title\" content=\"Kj\u00f8p nepalesisk Stick Hash - Beste beste globale medisiner\" \/>\n<meta property=\"og:description\" content=\"Kj\u00f8p nepalesisk Stick Hash Online Nepalesisk refererer til enhver stamme som vokser naivt i Nepal-regionen. Bestill Weed Online, disse urfolksvariantene.\" \/>\n<meta property=\"og:url\" content=\"https:\/\/medicinasinc.com\/no\/product\/kjop-nepalesisk-pinne-hash\/\" \/>\n<meta property=\"og:site_name\" content=\"Medicinas Inc\" \/>\n<meta property=\"article:modified_time\" content=\"2022-03-22T01:12:12+00:00\" \/>\n<meta property=\"og:image\" content=\"https:\/\/medicinasinc.com\/no\/wp-content\/uploads\/sites\/14\/2022\/02\/Buy-Nepalese-Stick-Hash.jpg\" \/>\n\t<meta property=\"og:image:width\" content=\"600\" \/>\n\t<meta property=\"og:image:height\" content=\"600\" \/>\n\t<meta property=\"og:image:type\" content=\"image\/jpeg\" \/>\n<meta name=\"twitter:card\" content=\"summary_large_image\" \/>\n<meta name=\"twitter:label1\" content=\"Est. reading time\" \/>\n\t<meta name=\"twitter:data1\" content=\"2 minutt\" \/>\n<script type=\"application\/ld+json\" class=\"yoast-schema-graph\">{\"@context\":\"https:\\\/\\\/schema.org\",\"@graph\":[{\"@type\":\"WebPage\",\"@id\":\"https:\\\/\\\/medicinasinc.com\\\/no\\\/product\\\/kjop-nepalesisk-pinne-hash\\\/\",\"url\":\"https:\\\/\\\/medicinasinc.com\\\/no\\\/product\\\/kjop-nepalesisk-pinne-hash\\\/\",\"name\":\"Kj\u00f8p nepalesisk Stick Hash - Beste beste globale medisiner\",\"isPartOf\":{\"@id\":\"https:\\\/\\\/medicinasinc.com\\\/no\\\/#website\"},\"primaryImageOfPage\":{\"@id\":\"https:\\\/\\\/medicinasinc.com\\\/no\\\/product\\\/kjop-nepalesisk-pinne-hash\\\/#primaryimage\"},\"image\":{\"@id\":\"https:\\\/\\\/medicinasinc.com\\\/no\\\/product\\\/kjop-nepalesisk-pinne-hash\\\/#primaryimage\"},\"thumbnailUrl\":\"https:\\\/\\\/medicinasinc.com\\\/no\\\/wp-content\\\/uploads\\\/sites\\\/14\\\/2022\\\/02\\\/Buy-Nepalese-Stick-Hash.jpg\",\"datePublished\":\"2022-02-20T15:05:15+00:00\",\"dateModified\":\"2022-03-22T01:12:12+00:00\",\"description\":\"Kj\u00f8p nepalesisk Stick Hash Online Nepalesisk refererer til enhver stamme som vokser naivt i Nepal-regionen. Bestill Weed Online, disse urfolksvariantene.\",\"breadcrumb\":{\"@id\":\"https:\\\/\\\/medicinasinc.com\\\/no\\\/product\\\/kjop-nepalesisk-pinne-hash\\\/#breadcrumb\"},\"inLanguage\":\"nn-NO\",\"potentialAction\":[{\"@type\":\"ReadAction\",\"target\":[\"https:\\\/\\\/medicinasinc.com\\\/no\\\/product\\\/kjop-nepalesisk-pinne-hash\\\/\"]}]},{\"@type\":\"ImageObject\",\"inLanguage\":\"nn-NO\",\"@id\":\"https:\\\/\\\/medicinasinc.com\\\/no\\\/product\\\/kjop-nepalesisk-pinne-hash\\\/#primaryimage\",\"url\":\"https:\\\/\\\/medicinasinc.com\\\/no\\\/wp-content\\\/uploads\\\/sites\\\/14\\\/2022\\\/02\\\/Buy-Nepalese-Stick-Hash.jpg\",\"contentUrl\":\"https:\\\/\\\/medicinasinc.com\\\/no\\\/wp-content\\\/uploads\\\/sites\\\/14\\\/2022\\\/02\\\/Buy-Nepalese-Stick-Hash.jpg\",\"width\":600,\"height\":600},{\"@type\":\"BreadcrumbList\",\"@id\":\"https:\\\/\\\/medicinasinc.com\\\/no\\\/product\\\/kjop-nepalesisk-pinne-hash\\\/#breadcrumb\",\"itemListElement\":[{\"@type\":\"ListItem\",\"position\":1,\"name\":\"Butikk\",\"item\":\"https:\\\/\\\/medicinasinc.com\\\/no\\\/butikk\\\/\"},{\"@type\":\"ListItem\",\"position\":2,\"name\":\"Kj\u00f8p nepalesisk Stick Hash\"}]},{\"@type\":\"WebSite\",\"@id\":\"https:\\\/\\\/medicinasinc.com\\\/no\\\/#website\",\"url\":\"https:\\\/\\\/medicinasinc.com\\\/no\\\/\",\"name\":\"Medicinas Inc\",\"description\":\"Helsemedisinsk klinikk\",\"potentialAction\":[{\"@type\":\"SearchAction\",\"target\":{\"@type\":\"EntryPoint\",\"urlTemplate\":\"https:\\\/\\\/medicinasinc.com\\\/no\\\/?s={search_term_string}\"},\"query-input\":{\"@type\":\"PropertyValueSpecification\",\"valueRequired\":true,\"valueName\":\"search_term_string\"}}],\"inLanguage\":\"nn-NO\"}]}<\/script>\n<!-- \/ Yoast SEO plugin. -->","yoast_head_json":{"title":"Kj\u00f8p nepalesisk Stick Hash - Beste beste globale medisiner","description":"Kj\u00f8p nepalesisk Stick Hash Online Nepalesisk refererer til enhver stamme som vokser naivt i Nepal-regionen. Bestill Weed Online, disse urfolksvariantene.","robots":{"index":"index","follow":"follow","max-snippet":"max-snippet:-1","max-image-preview":"max-image-preview:large","max-video-preview":"max-video-preview:-1"},"canonical":"https:\/\/medicinasinc.com\/no\/product\/kjop-nepalesisk-pinne-hash\/","og_locale":"nn_NO","og_type":"article","og_title":"Kj\u00f8p nepalesisk Stick Hash - Beste beste globale medisiner","og_description":"Kj\u00f8p nepalesisk Stick Hash Online Nepalesisk refererer til enhver stamme som vokser naivt i Nepal-regionen. Bestill Weed Online, disse urfolksvariantene.","og_url":"https:\/\/medicinasinc.com\/no\/product\/kjop-nepalesisk-pinne-hash\/","og_site_name":"Medicinas Inc","article_modified_time":"2022-03-22T01:12:12+00:00","og_image":[{"width":600,"height":600,"url":"https:\/\/medicinasinc.com\/no\/wp-content\/uploads\/sites\/14\/2022\/02\/Buy-Nepalese-Stick-Hash.jpg","type":"image\/jpeg"}],"twitter_card":"summary_large_image","twitter_misc":{"Est. reading time":"2 minutt"},"schema":{"@context":"https:\/\/schema.org","@graph":[{"@type":"WebPage","@id":"https:\/\/medicinasinc.com\/no\/product\/kjop-nepalesisk-pinne-hash\/","url":"https:\/\/medicinasinc.com\/no\/product\/kjop-nepalesisk-pinne-hash\/","name":"Kj\u00f8p nepalesisk Stick Hash - Beste beste globale medisiner","isPartOf":{"@id":"https:\/\/medicinasinc.com\/no\/#website"},"primaryImageOfPage":{"@id":"https:\/\/medicinasinc.com\/no\/product\/kjop-nepalesisk-pinne-hash\/#primaryimage"},"image":{"@id":"https:\/\/medicinasinc.com\/no\/product\/kjop-nepalesisk-pinne-hash\/#primaryimage"},"thumbnailUrl":"https:\/\/medicinasinc.com\/no\/wp-content\/uploads\/sites\/14\/2022\/02\/Buy-Nepalese-Stick-Hash.jpg","datePublished":"2022-02-20T15:05:15+00:00","dateModified":"2022-03-22T01:12:12+00:00","description":"Kj\u00f8p nepalesisk Stick Hash Online Nepalesisk refererer til enhver stamme som vokser naivt i Nepal-regionen. Bestill Weed Online, disse urfolksvariantene.","breadcrumb":{"@id":"https:\/\/medicinasinc.com\/no\/product\/kjop-nepalesisk-pinne-hash\/#breadcrumb"},"inLanguage":"nn-NO","potentialAction":[{"@type":"ReadAction","target":["https:\/\/medicinasinc.com\/no\/product\/kjop-nepalesisk-pinne-hash\/"]}]},{"@type":"ImageObject","inLanguage":"nn-NO","@id":"https:\/\/medicinasinc.com\/no\/product\/kjop-nepalesisk-pinne-hash\/#primaryimage","url":"https:\/\/medicinasinc.com\/no\/wp-content\/uploads\/sites\/14\/2022\/02\/Buy-Nepalese-Stick-Hash.jpg","contentUrl":"https:\/\/medicinasinc.com\/no\/wp-content\/uploads\/sites\/14\/2022\/02\/Buy-Nepalese-Stick-Hash.jpg","width":600,"height":600},{"@type":"BreadcrumbList","@id":"https:\/\/medicinasinc.com\/no\/product\/kjop-nepalesisk-pinne-hash\/#breadcrumb","itemListElement":[{"@type":"ListItem","position":1,"name":"Butikk","item":"https:\/\/medicinasinc.com\/no\/butikk\/"},{"@type":"ListItem","position":2,"name":"Kj\u00f8p nepalesisk Stick Hash"}]},{"@type":"WebSite","@id":"https:\/\/medicinasinc.com\/no\/#website","url":"https:\/\/medicinasinc.com\/no\/","name":"Medicinas Inc","description":"Helsemedisinsk klinikk","potentialAction":[{"@type":"SearchAction","target":{"@type":"EntryPoint","urlTemplate":"https:\/\/medicinasinc.com\/no\/?s={search_term_string}"},"query-input":{"@type":"PropertyValueSpecification","valueRequired":true,"valueName":"search_term_string"}}],"inLanguage":"nn-NO"}]}},"_links":{"self":[{"href":"https:\/\/medicinasinc.com\/no\/wp-json\/wp\/v2\/product\/4717","targetHints":{"allow":["GET"]}}],"collection":[{"href":"https:\/\/medicinasinc.com\/no\/wp-json\/wp\/v2\/product"}],"about":[{"href":"https:\/\/medicinasinc.com\/no\/wp-json\/wp\/v2\/types\/product"}],"replies":[{"embeddable":true,"href":"https:\/\/medicinasinc.com\/no\/wp-json\/wp\/v2\/comments?post=4717"}],"wp:featuredmedia":[{"embeddable":true,"href":"https:\/\/medicinasinc.com\/no\/wp-json\/wp\/v2\/media\/4730"}],"wp:attachment":[{"href":"https:\/\/medicinasinc.com\/no\/wp-json\/wp\/v2\/media?parent=4717"}],"wp:term":[{"taxonomy":"product_brand","embeddable":true,"href":"https:\/\/medicinasinc.com\/no\/wp-json\/wp\/v2\/product_brand?post=4717"},{"taxonomy":"product_cat","embeddable":true,"href":"https:\/\/medicinasinc.com\/no\/wp-json\/wp\/v2\/product_cat?post=4717"},{"taxonomy":"product_tag","embeddable":true,"href":"https:\/\/medicinasinc.com\/no\/wp-json\/wp\/v2\/product_tag?post=4717"}],"curies":[{"name":"wp","href":"https:\/\/api.w.org\/{rel}","templated":true}]}}