{"id":4716,"date":"2022-02-20T15:05:01","date_gmt":"2022-02-20T15:05:01","guid":{"rendered":"https:\/\/medicinasinc.com\/no\/?post_type=product&#038;p=4716"},"modified":"2022-03-22T01:12:25","modified_gmt":"2022-03-22T01:12:25","slug":"kjop-nederhash-hasj","status":"publish","type":"product","link":"https:\/\/medicinasinc.com\/no\/product\/kjop-nederhash-hasj\/","title":{"rendered":"Kj\u00f8p Nederhash Hashish"},"content":{"rendered":"<p>Kj\u00f8p p\u00e5 nett av Nederhash Hashish<\/p>\n<p>Hva er egentlig en hasj? Hash er utvunnet fra cannabisplanter dyrket i Nederland. Planter dyrkes vanligvis innend\u00f8rs, men det er noen f\u00e5 utend\u00f8rs- og drivhusutviklinger ogs\u00e5. Generasjon: Monteringsteknikker varierer i henhold til produsenten. Mens mesteparten av Hash leveres via screening, som tilfellet er i Marokko, produseres ogs\u00e5 en liten mengde h\u00e5ndskuret Hash ved \u00e5 bruke den afghanske strategien (som \u00e5penbart er betydelig forbedret). I alle fall er bare en spormengde av Weed endret i hasj. Skyggelegging: Vanligvis veldig gr\u00f8nn, men dette varierer avhengig av typen Weed som brukes og produsenten. Lukt: Vanligvis gress eller skunk, men dette er avhengig av type ugress. Smak: Identisk med det som er nevnt tidligere. Konsistens: En stor del av nederlandsk hasj presses ikke presist (dette er utf\u00f8relse), og snutene skilles vanligvis for effektivt. Uansett har konsistensen blitt bedre i det siste, og de ser ut til \u00e5 tilpasse seg raskt. Det foreg\u00e5ende refererer \u00e5penbart ikke til h\u00e5ndskuret Hash, som er ekstremt delikat, lik afghansk. Vanligvis er hasj sammensatt av kvinnelige hoder som har blitt knust og klemt under enorme belastninger for \u00e5 skape en sterk uregelmessighet som pudres opp fullstendig. Type High varierer i henhold til stammen av Weed som brukes, men for det meste er high veldig dynamisk og cerebral. Intensitet: Fra kraftig til kraftig, dette materialet utkonkurrerer enhver annen type Hash tilgjengelig for den gjennomsnittlige brukeren. Den overg\u00e5r til og med flertallet av nepalere og nesten alle velvillige afghanere. (Inneholder opptil 59 prosent THC) Tilgjengelighet: Ekstremt sjelden utenfor Nederland og nabolandene. Jeg ville ikke holdt pusten mens jeg ventet p\u00e5 at dette skulle dukke opp p\u00e5 det britiske markedet. Generelt varierer kvaliteten, men kostnaden er alltid h\u00f8y. Det er ingen standardklassifisering for Dutch Hash. Sensi-Hash er navnet gitt til det ekstraordin\u00e6re pulveret, som i hovedsak er sv\u00e6rt tettpakkede THC-edelstener.<\/p>\n<p>Hvordan skapes Hash?<\/p>\n<p>St\u00f8rstedelen av hasjen produseres ved \u00e5 gni t\u00f8rkede planter mot et veldig finmasket. Etter det faller trikomene gjennom silen og skiller dem fra plantematerialet. Harpikskjertlene blir deretter oppvarmet og komprimert for \u00e5 danne en sammenhengende masse hasj.<\/p>\n<p>Hashish vs. Marihuana?<\/p>\n<p>Til \u00e5 begynne med er den \u00e5penbare sammenhengen mellom marihuana og hasj at begge er avledet fra samme cannabisplante. Som du sikkert allerede vet, er potten blomsterknoppen til den kvinnelige cannabisplanten. Hash weed er sammensatt av de samme knoppene som marihuana, men det behandles annerledes. Mens en cannabisplante er i full blomst, h\u00f8stes blomsterknoppene, og en bonde vil da fortsette i en av to retninger. Ved hasj henges blomstene til t\u00f8rk. Det resulterende produktet er planten som vi alle er kjent med, etter at hvert fr\u00f8, v\u00e5r og overfl\u00f8dig blad er fjernet. Det er helt opp til deg om du foretrekker marihuana eller hasj, men den eneste m\u00e5ten \u00e5 f\u00e5 tilgang til alle fordelene til cannabis er gjennom personlig utdanning. Utf\u00f8r unders\u00f8kelser f\u00f8r du r\u00f8yker, og abonner som alltid p\u00e5 v\u00e5rt nyhetsbrev for flere tips og triks!<\/p>\n<p>Hva er egentlig hasj?<\/p>\n<p>Hva er et hasjstoff? Hasj, alternativt referert til som &laquo;hash&raquo;, er en type marihuanaknopp skapt ved \u00e5 komprimere og behandle trikomene til cannabisplanten. Det r\u00f8ykes vanligvis i pipe, bong, vaporizer eller joint, men kan ogs\u00e5 konsumeres oralt. Hvordan produseres hasj? Online kj\u00f8p av Nederhash Hashish, hasj produseres ved \u00e5 skille disse trikomene fra plantens knopper, blader og stilker og varme opp\/presse dem for \u00e5 lage et kraftig stoff.<\/p>\n<p>Hvordan rulle en joint med hasj?<\/p>\n<p>Kombiner den med gress og tobakk i en skj\u00f8t. Hvis du har en t\u00f8rr blokk, kan du ganske enkelt knuse den eller bryte av sm\u00e5 rullesteiner og legge den inn i leddrullingen din. Kombiner den med tobakk eller marihuana. Den andre metoden inneb\u00e6rer en mer intens high, som du sannsynligvis vil opps\u00f8ke hvis du er en eventyrlysten. Den beste m\u00e5ten \u00e5 rulle et hasjledd p\u00e5 er \u00e5 bryte opp hasjen og kombinere den med ugress. Dette er virkelig den beste m\u00e5ten \u00e5 r\u00f8yke hasj p\u00e5 fordi det er enkelt \u00e5 dele og hasjsmaken forsterker doobie. Er hasj lovlig i USA? Selv om salg av cannabis ble forbudt i 1989, h\u00e5ndheves det sjelden lover, og stoffet selges \u00e5pent i mange deler av landet. Barbados, lovlig for \u00e5ndelig bruk av registrerte religi\u00f8se organisasjoner<\/p>\n<p>Hva er hasjeffektene?<\/p>\n<p>P\u00e5 kort sikt kan hasjbruk resultere i vanskeligheter med hukommelse og l\u00e6ring; forvrengt oppfatning (syn, lyder, tid, ber\u00f8ring); vanskeligheter med \u00e5 tenke og probleml\u00f8sning; tap av koordinasjon; og \u00f8kt hjertefrekvens, angst og panikkanfall. P\u00e5 grunn av den h\u00f8ye konsentrasjonen av THC i hasj og andre konsentrater, kan effektene bli mer intense.<\/p>\n<p>Bubble hash er et cannabiskonsentrat som best\u00e5r av tusenvis av trikomer, eller harpiksholdige kjertler, som har blitt ekstrahert fra plant ved hjelp av isvann, agitasjon og en sil. Begrepet &laquo;boblehasj&raquo; refererer til m\u00e5ten det bobler p\u00e5 n\u00e5r det utsettes for flammer. I tillegg blir posene som brukes til \u00e5 lage den hjemme referert til som &laquo;bobleposer.&raquo;<\/p>\n<p>Hash Plant, en Sensi Seeds-klassiker, holder seg kompakt gjennom sin ultrakorte blomstringsperiode. Dette 90 % India-produktet er et resultat av grundig genetisk seleksjon, som inkluderte krysning av den g\u00e5tefulle hasjplanten fra USA med nordlys.<\/p>\n","protected":false},"excerpt":{"rendered":"<p>Kj\u00f8p p\u00e5 nett av Nederhash Hashish,\u00a0kj\u00f8p medisinsk marihuana i Tyskland Hvor kan jeg kj\u00f8pe ulovlige stoffer p\u00e5 nettet? Nettapoteker i n\u00e6rheten av meg Salg av m\u00f8rkt nettmedisin.<\/p>\n<p>&nbsp;<\/p>\n","protected":false},"featured_media":4728,"comment_status":"open","ping_status":"closed","template":"","meta":[],"product_brand":[],"product_cat":[610],"product_tag":[],"class_list":{"0":"post-4716","1":"product","2":"type-product","3":"status-publish","4":"has-post-thumbnail","6":"product_cat-kjop-hasj-hasj","8":"first","9":"instock","10":"shipping-taxable","11":"purchasable","12":"product-type-variable","13":"has-default-attributes"},"yoast_head":"<!-- This site is optimized with the Yoast SEO plugin v27.3 - https:\/\/yoast.com\/product\/yoast-seo-wordpress\/ -->\n<title>Kj\u00f8p Nederhash Hashish - Beste beste globale medisiner<\/title>\n<meta name=\"description\" content=\"Kj\u00f8p Nederhash Hashish Online Kj\u00f8p Medical Weed I Tyskland Hvor kan du kj\u00f8pe ulovlige stoffer p\u00e5 nett Narkotika til salgs p\u00e5 nettet i n\u00e6rheten av meg Narkotika fra Dark web-salg.\" \/>\n<meta name=\"robots\" content=\"index, follow, max-snippet:-1, max-image-preview:large, max-video-preview:-1\" \/>\n<link rel=\"canonical\" href=\"https:\/\/medicinasinc.com\/no\/product\/kjop-nederhash-hasj\/\" \/>\n<meta property=\"og:locale\" content=\"nn_NO\" \/>\n<meta property=\"og:type\" content=\"article\" \/>\n<meta property=\"og:title\" content=\"Kj\u00f8p Nederhash Hashish - Beste beste globale medisiner\" \/>\n<meta property=\"og:description\" content=\"Kj\u00f8p Nederhash Hashish Online Kj\u00f8p Medical Weed I Tyskland Hvor kan du kj\u00f8pe ulovlige stoffer p\u00e5 nett Narkotika til salgs p\u00e5 nettet i n\u00e6rheten av meg Narkotika fra Dark web-salg.\" \/>\n<meta property=\"og:url\" content=\"https:\/\/medicinasinc.com\/no\/product\/kjop-nederhash-hasj\/\" \/>\n<meta property=\"og:site_name\" content=\"Medicinas Inc\" \/>\n<meta property=\"article:modified_time\" content=\"2022-03-22T01:12:25+00:00\" \/>\n<meta property=\"og:image\" content=\"https:\/\/medicinasinc.com\/no\/wp-content\/uploads\/sites\/14\/2022\/02\/Buy-Nederhash-Hashish-Online.jpg\" \/>\n\t<meta property=\"og:image:width\" content=\"600\" \/>\n\t<meta property=\"og:image:height\" content=\"600\" \/>\n\t<meta property=\"og:image:type\" content=\"image\/jpeg\" \/>\n<meta name=\"twitter:card\" content=\"summary_large_image\" \/>\n<meta name=\"twitter:label1\" content=\"Est. reading time\" \/>\n\t<meta name=\"twitter:data1\" content=\"4 minutt\" \/>\n<script type=\"application\/ld+json\" class=\"yoast-schema-graph\">{\"@context\":\"https:\\\/\\\/schema.org\",\"@graph\":[{\"@type\":\"WebPage\",\"@id\":\"https:\\\/\\\/medicinasinc.com\\\/no\\\/product\\\/kjop-nederhash-hasj\\\/\",\"url\":\"https:\\\/\\\/medicinasinc.com\\\/no\\\/product\\\/kjop-nederhash-hasj\\\/\",\"name\":\"Kj\u00f8p Nederhash Hashish - Beste beste globale medisiner\",\"isPartOf\":{\"@id\":\"https:\\\/\\\/medicinasinc.com\\\/no\\\/#website\"},\"primaryImageOfPage\":{\"@id\":\"https:\\\/\\\/medicinasinc.com\\\/no\\\/product\\\/kjop-nederhash-hasj\\\/#primaryimage\"},\"image\":{\"@id\":\"https:\\\/\\\/medicinasinc.com\\\/no\\\/product\\\/kjop-nederhash-hasj\\\/#primaryimage\"},\"thumbnailUrl\":\"https:\\\/\\\/medicinasinc.com\\\/no\\\/wp-content\\\/uploads\\\/sites\\\/14\\\/2022\\\/02\\\/Buy-Nederhash-Hashish-Online.jpg\",\"datePublished\":\"2022-02-20T15:05:01+00:00\",\"dateModified\":\"2022-03-22T01:12:25+00:00\",\"description\":\"Kj\u00f8p Nederhash Hashish Online Kj\u00f8p Medical Weed I Tyskland Hvor kan du kj\u00f8pe ulovlige stoffer p\u00e5 nett Narkotika til salgs p\u00e5 nettet i n\u00e6rheten av meg Narkotika fra Dark web-salg.\",\"breadcrumb\":{\"@id\":\"https:\\\/\\\/medicinasinc.com\\\/no\\\/product\\\/kjop-nederhash-hasj\\\/#breadcrumb\"},\"inLanguage\":\"nn-NO\",\"potentialAction\":[{\"@type\":\"ReadAction\",\"target\":[\"https:\\\/\\\/medicinasinc.com\\\/no\\\/product\\\/kjop-nederhash-hasj\\\/\"]}]},{\"@type\":\"ImageObject\",\"inLanguage\":\"nn-NO\",\"@id\":\"https:\\\/\\\/medicinasinc.com\\\/no\\\/product\\\/kjop-nederhash-hasj\\\/#primaryimage\",\"url\":\"https:\\\/\\\/medicinasinc.com\\\/no\\\/wp-content\\\/uploads\\\/sites\\\/14\\\/2022\\\/02\\\/Buy-Nederhash-Hashish-Online.jpg\",\"contentUrl\":\"https:\\\/\\\/medicinasinc.com\\\/no\\\/wp-content\\\/uploads\\\/sites\\\/14\\\/2022\\\/02\\\/Buy-Nederhash-Hashish-Online.jpg\",\"width\":600,\"height\":600},{\"@type\":\"BreadcrumbList\",\"@id\":\"https:\\\/\\\/medicinasinc.com\\\/no\\\/product\\\/kjop-nederhash-hasj\\\/#breadcrumb\",\"itemListElement\":[{\"@type\":\"ListItem\",\"position\":1,\"name\":\"Butikk\",\"item\":\"https:\\\/\\\/medicinasinc.com\\\/no\\\/butikk\\\/\"},{\"@type\":\"ListItem\",\"position\":2,\"name\":\"Kj\u00f8p Nederhash Hashish\"}]},{\"@type\":\"WebSite\",\"@id\":\"https:\\\/\\\/medicinasinc.com\\\/no\\\/#website\",\"url\":\"https:\\\/\\\/medicinasinc.com\\\/no\\\/\",\"name\":\"Medicinas Inc\",\"description\":\"Helsemedisinsk klinikk\",\"potentialAction\":[{\"@type\":\"SearchAction\",\"target\":{\"@type\":\"EntryPoint\",\"urlTemplate\":\"https:\\\/\\\/medicinasinc.com\\\/no\\\/?s={search_term_string}\"},\"query-input\":{\"@type\":\"PropertyValueSpecification\",\"valueRequired\":true,\"valueName\":\"search_term_string\"}}],\"inLanguage\":\"nn-NO\"}]}<\/script>\n<!-- \/ Yoast SEO plugin. -->","yoast_head_json":{"title":"Kj\u00f8p Nederhash Hashish - Beste beste globale medisiner","description":"Kj\u00f8p Nederhash Hashish Online Kj\u00f8p Medical Weed I Tyskland Hvor kan du kj\u00f8pe ulovlige stoffer p\u00e5 nett Narkotika til salgs p\u00e5 nettet i n\u00e6rheten av meg Narkotika fra Dark web-salg.","robots":{"index":"index","follow":"follow","max-snippet":"max-snippet:-1","max-image-preview":"max-image-preview:large","max-video-preview":"max-video-preview:-1"},"canonical":"https:\/\/medicinasinc.com\/no\/product\/kjop-nederhash-hasj\/","og_locale":"nn_NO","og_type":"article","og_title":"Kj\u00f8p Nederhash Hashish - Beste beste globale medisiner","og_description":"Kj\u00f8p Nederhash Hashish Online Kj\u00f8p Medical Weed I Tyskland Hvor kan du kj\u00f8pe ulovlige stoffer p\u00e5 nett Narkotika til salgs p\u00e5 nettet i n\u00e6rheten av meg Narkotika fra Dark web-salg.","og_url":"https:\/\/medicinasinc.com\/no\/product\/kjop-nederhash-hasj\/","og_site_name":"Medicinas Inc","article_modified_time":"2022-03-22T01:12:25+00:00","og_image":[{"width":600,"height":600,"url":"https:\/\/medicinasinc.com\/no\/wp-content\/uploads\/sites\/14\/2022\/02\/Buy-Nederhash-Hashish-Online.jpg","type":"image\/jpeg"}],"twitter_card":"summary_large_image","twitter_misc":{"Est. reading time":"4 minutt"},"schema":{"@context":"https:\/\/schema.org","@graph":[{"@type":"WebPage","@id":"https:\/\/medicinasinc.com\/no\/product\/kjop-nederhash-hasj\/","url":"https:\/\/medicinasinc.com\/no\/product\/kjop-nederhash-hasj\/","name":"Kj\u00f8p Nederhash Hashish - Beste beste globale medisiner","isPartOf":{"@id":"https:\/\/medicinasinc.com\/no\/#website"},"primaryImageOfPage":{"@id":"https:\/\/medicinasinc.com\/no\/product\/kjop-nederhash-hasj\/#primaryimage"},"image":{"@id":"https:\/\/medicinasinc.com\/no\/product\/kjop-nederhash-hasj\/#primaryimage"},"thumbnailUrl":"https:\/\/medicinasinc.com\/no\/wp-content\/uploads\/sites\/14\/2022\/02\/Buy-Nederhash-Hashish-Online.jpg","datePublished":"2022-02-20T15:05:01+00:00","dateModified":"2022-03-22T01:12:25+00:00","description":"Kj\u00f8p Nederhash Hashish Online Kj\u00f8p Medical Weed I Tyskland Hvor kan du kj\u00f8pe ulovlige stoffer p\u00e5 nett Narkotika til salgs p\u00e5 nettet i n\u00e6rheten av meg Narkotika fra Dark web-salg.","breadcrumb":{"@id":"https:\/\/medicinasinc.com\/no\/product\/kjop-nederhash-hasj\/#breadcrumb"},"inLanguage":"nn-NO","potentialAction":[{"@type":"ReadAction","target":["https:\/\/medicinasinc.com\/no\/product\/kjop-nederhash-hasj\/"]}]},{"@type":"ImageObject","inLanguage":"nn-NO","@id":"https:\/\/medicinasinc.com\/no\/product\/kjop-nederhash-hasj\/#primaryimage","url":"https:\/\/medicinasinc.com\/no\/wp-content\/uploads\/sites\/14\/2022\/02\/Buy-Nederhash-Hashish-Online.jpg","contentUrl":"https:\/\/medicinasinc.com\/no\/wp-content\/uploads\/sites\/14\/2022\/02\/Buy-Nederhash-Hashish-Online.jpg","width":600,"height":600},{"@type":"BreadcrumbList","@id":"https:\/\/medicinasinc.com\/no\/product\/kjop-nederhash-hasj\/#breadcrumb","itemListElement":[{"@type":"ListItem","position":1,"name":"Butikk","item":"https:\/\/medicinasinc.com\/no\/butikk\/"},{"@type":"ListItem","position":2,"name":"Kj\u00f8p Nederhash Hashish"}]},{"@type":"WebSite","@id":"https:\/\/medicinasinc.com\/no\/#website","url":"https:\/\/medicinasinc.com\/no\/","name":"Medicinas Inc","description":"Helsemedisinsk klinikk","potentialAction":[{"@type":"SearchAction","target":{"@type":"EntryPoint","urlTemplate":"https:\/\/medicinasinc.com\/no\/?s={search_term_string}"},"query-input":{"@type":"PropertyValueSpecification","valueRequired":true,"valueName":"search_term_string"}}],"inLanguage":"nn-NO"}]}},"_links":{"self":[{"href":"https:\/\/medicinasinc.com\/no\/wp-json\/wp\/v2\/product\/4716","targetHints":{"allow":["GET"]}}],"collection":[{"href":"https:\/\/medicinasinc.com\/no\/wp-json\/wp\/v2\/product"}],"about":[{"href":"https:\/\/medicinasinc.com\/no\/wp-json\/wp\/v2\/types\/product"}],"replies":[{"embeddable":true,"href":"https:\/\/medicinasinc.com\/no\/wp-json\/wp\/v2\/comments?post=4716"}],"wp:featuredmedia":[{"embeddable":true,"href":"https:\/\/medicinasinc.com\/no\/wp-json\/wp\/v2\/media\/4728"}],"wp:attachment":[{"href":"https:\/\/medicinasinc.com\/no\/wp-json\/wp\/v2\/media?parent=4716"}],"wp:term":[{"taxonomy":"product_brand","embeddable":true,"href":"https:\/\/medicinasinc.com\/no\/wp-json\/wp\/v2\/product_brand?post=4716"},{"taxonomy":"product_cat","embeddable":true,"href":"https:\/\/medicinasinc.com\/no\/wp-json\/wp\/v2\/product_cat?post=4716"},{"taxonomy":"product_tag","embeddable":true,"href":"https:\/\/medicinasinc.com\/no\/wp-json\/wp\/v2\/product_tag?post=4716"}],"curies":[{"name":"wp","href":"https:\/\/api.w.org\/{rel}","templated":true}]}}