{"id":4667,"date":"2022-02-20T14:27:35","date_gmt":"2022-02-20T14:27:35","guid":{"rendered":"https:\/\/medicinasinc.com\/no\/?post_type=product&#038;p=4667"},"modified":"2022-03-22T01:13:15","modified_gmt":"2022-03-22T01:13:15","slug":"kjop-india-charas-svart-hash","status":"publish","type":"product","link":"https:\/\/medicinasinc.com\/no\/product\/kjop-india-charas-svart-hash\/","title":{"rendered":"Kj\u00f8p India Charas Black Hash"},"content":{"rendered":"<p>Kj\u00f8p p\u00e5 nett av India Charas Black Hash| Online kj\u00f8p av India Charas Black Hash<\/p>\n<p>Online kj\u00f8p av India Charas Black Hash. Den er lett \u00e5 jobbe med, har en skarp, krydret aroma og gir brukerne en sterk buzz over hele kroppen. Vokst og produsert i The Parvati Valley, som er kjent for en unik stamme av Charas kalt Malana Cream, som er verdsatt for sitt h\u00f8ye THC-innhold. Det er en utmerket f\u00f8lgesvenn p\u00e5 dagtid for erfarne r\u00f8ykere som kan takle den sterke h\u00f8ye. Begrepet &laquo;Indian Charas Black Hash&raquo; refererer til hasj som har blitt h\u00e5ndlaget i India, Pakistan eller Nepal. P\u00e5 utsiden er hasj en m\u00f8rkebrun farge. N\u00e5r hasjen \u00e5pnes avsl\u00f8rer den et m\u00f8rkt gr\u00f8nnaktig\/brunt interi\u00f8r. Den distinkte aromaen varierer fra krydret til ekstremt krydret. Den produserer en ekstremt steinete og fysisk h\u00f8y. India Charas Black Hash er tilgjengelig for kj\u00f8p p\u00e5 nettet.<\/p>\n<p>Fordeler<\/p>\n<p>Det hjelper med \u00e5 lindre f\u00f8lgende:<\/p>\n<p>StressDepresjonerSmerterHodepine<br \/> S\u00f8vnl\u00f8shet<br \/> Hvor \u00e5 kj\u00f8pe i India Online Charas Black Hash<\/p>\n<p>V\u00e5rt m\u00e5l er \u00e5 glede kundene v\u00e5re og gi dem den beste online shoppingopplevelsen som er mulig. Vi sikrer at alle v\u00e5re produkter er av h\u00f8yeste kvalitet for \u00e5 sikre at v\u00e5re kunder mottar kun det beste. Vi tilbyr autentisk India Charas Black Hash. V\u00e5re priser er de laveste tilgjengelige p\u00e5 nett. Kj\u00f8p kvalitet og oppdag hva alle snakker om. Legg inn bestillingen din for India Charas Black Hash online hos oss i dag og v\u00e6r sikker p\u00e5 sikkerhet og de beste leveringstjenestene. Du er bare noen f\u00e5 klikk unna \u00e5 kj\u00f8pe India Charas Black Hash Online.<\/p>\n","protected":false},"excerpt":{"rendered":"<p>Kj\u00f8p India Charas Black Hash p\u00e5 nett. Enkel \u00e5 jobbe med, har en skarp, krydret aroma og gir en kraftig kroppssumming. Bestill svart hasj her.<\/p>\n<ul>\n<li>Verdensomfattende frakt<\/li>\n<li><strong>Klasse: AAAAA<\/strong><\/li>\n<li>Kontakt oss for st\u00f8rre bestillinger<\/li>\n<\/ul>\n","protected":false},"featured_media":4681,"comment_status":"open","ping_status":"closed","template":"","meta":[],"product_brand":[],"product_cat":[610],"product_tag":[],"class_list":{"0":"post-4667","1":"product","2":"type-product","3":"status-publish","4":"has-post-thumbnail","6":"product_cat-kjop-hasj-hasj","8":"first","9":"instock","10":"shipping-taxable","11":"purchasable","12":"product-type-variable","13":"has-default-attributes"},"yoast_head":"<!-- This site is optimized with the Yoast SEO plugin v27.3 - https:\/\/yoast.com\/product\/yoast-seo-wordpress\/ -->\n<title>Kj\u00f8p India Charas Black Hash - Beste beste globale medisiner<\/title>\n<meta name=\"description\" content=\"Kj\u00f8p India Charas Black Hash p\u00e5 nett. Enkel \u00e5 jobbe med, har en skarp, krydret aroma og gir en kraftig kroppssumming. Bestill svart hash her.\" \/>\n<meta name=\"robots\" content=\"index, follow, max-snippet:-1, max-image-preview:large, max-video-preview:-1\" \/>\n<link rel=\"canonical\" href=\"https:\/\/medicinasinc.com\/no\/product\/kjop-india-charas-svart-hash\/\" \/>\n<meta property=\"og:locale\" content=\"nn_NO\" \/>\n<meta property=\"og:type\" content=\"article\" \/>\n<meta property=\"og:title\" content=\"Kj\u00f8p India Charas Black Hash - Beste beste globale medisiner\" \/>\n<meta property=\"og:description\" content=\"Kj\u00f8p India Charas Black Hash p\u00e5 nett. Enkel \u00e5 jobbe med, har en skarp, krydret aroma og gir en kraftig kroppssumming. Bestill svart hash her.\" \/>\n<meta property=\"og:url\" content=\"https:\/\/medicinasinc.com\/no\/product\/kjop-india-charas-svart-hash\/\" \/>\n<meta property=\"og:site_name\" content=\"Medicinas Inc\" \/>\n<meta property=\"article:modified_time\" content=\"2022-03-22T01:13:15+00:00\" \/>\n<meta property=\"og:image\" content=\"https:\/\/medicinasinc.com\/no\/wp-content\/uploads\/sites\/14\/2022\/02\/Buy-India-Charas-Black-Hash.jpg\" \/>\n\t<meta property=\"og:image:width\" content=\"600\" \/>\n\t<meta property=\"og:image:height\" content=\"600\" \/>\n\t<meta property=\"og:image:type\" content=\"image\/jpeg\" \/>\n<meta name=\"twitter:card\" content=\"summary_large_image\" \/>\n<meta name=\"twitter:label1\" content=\"Est. reading time\" \/>\n\t<meta name=\"twitter:data1\" content=\"2 minutt\" \/>\n<script type=\"application\/ld+json\" class=\"yoast-schema-graph\">{\"@context\":\"https:\\\/\\\/schema.org\",\"@graph\":[{\"@type\":\"WebPage\",\"@id\":\"https:\\\/\\\/medicinasinc.com\\\/no\\\/product\\\/kjop-india-charas-svart-hash\\\/\",\"url\":\"https:\\\/\\\/medicinasinc.com\\\/no\\\/product\\\/kjop-india-charas-svart-hash\\\/\",\"name\":\"Kj\u00f8p India Charas Black Hash - Beste beste globale medisiner\",\"isPartOf\":{\"@id\":\"https:\\\/\\\/medicinasinc.com\\\/no\\\/#website\"},\"primaryImageOfPage\":{\"@id\":\"https:\\\/\\\/medicinasinc.com\\\/no\\\/product\\\/kjop-india-charas-svart-hash\\\/#primaryimage\"},\"image\":{\"@id\":\"https:\\\/\\\/medicinasinc.com\\\/no\\\/product\\\/kjop-india-charas-svart-hash\\\/#primaryimage\"},\"thumbnailUrl\":\"https:\\\/\\\/medicinasinc.com\\\/no\\\/wp-content\\\/uploads\\\/sites\\\/14\\\/2022\\\/02\\\/Buy-India-Charas-Black-Hash.jpg\",\"datePublished\":\"2022-02-20T14:27:35+00:00\",\"dateModified\":\"2022-03-22T01:13:15+00:00\",\"description\":\"Kj\u00f8p India Charas Black Hash p\u00e5 nett. Enkel \u00e5 jobbe med, har en skarp, krydret aroma og gir en kraftig kroppssumming. Bestill svart hash her.\",\"breadcrumb\":{\"@id\":\"https:\\\/\\\/medicinasinc.com\\\/no\\\/product\\\/kjop-india-charas-svart-hash\\\/#breadcrumb\"},\"inLanguage\":\"nn-NO\",\"potentialAction\":[{\"@type\":\"ReadAction\",\"target\":[\"https:\\\/\\\/medicinasinc.com\\\/no\\\/product\\\/kjop-india-charas-svart-hash\\\/\"]}]},{\"@type\":\"ImageObject\",\"inLanguage\":\"nn-NO\",\"@id\":\"https:\\\/\\\/medicinasinc.com\\\/no\\\/product\\\/kjop-india-charas-svart-hash\\\/#primaryimage\",\"url\":\"https:\\\/\\\/medicinasinc.com\\\/no\\\/wp-content\\\/uploads\\\/sites\\\/14\\\/2022\\\/02\\\/Buy-India-Charas-Black-Hash.jpg\",\"contentUrl\":\"https:\\\/\\\/medicinasinc.com\\\/no\\\/wp-content\\\/uploads\\\/sites\\\/14\\\/2022\\\/02\\\/Buy-India-Charas-Black-Hash.jpg\",\"width\":600,\"height\":600},{\"@type\":\"BreadcrumbList\",\"@id\":\"https:\\\/\\\/medicinasinc.com\\\/no\\\/product\\\/kjop-india-charas-svart-hash\\\/#breadcrumb\",\"itemListElement\":[{\"@type\":\"ListItem\",\"position\":1,\"name\":\"Butikk\",\"item\":\"https:\\\/\\\/medicinasinc.com\\\/no\\\/butikk\\\/\"},{\"@type\":\"ListItem\",\"position\":2,\"name\":\"Kj\u00f8p India Charas Black Hash\"}]},{\"@type\":\"WebSite\",\"@id\":\"https:\\\/\\\/medicinasinc.com\\\/no\\\/#website\",\"url\":\"https:\\\/\\\/medicinasinc.com\\\/no\\\/\",\"name\":\"Medicinas Inc\",\"description\":\"Helsemedisinsk klinikk\",\"potentialAction\":[{\"@type\":\"SearchAction\",\"target\":{\"@type\":\"EntryPoint\",\"urlTemplate\":\"https:\\\/\\\/medicinasinc.com\\\/no\\\/?s={search_term_string}\"},\"query-input\":{\"@type\":\"PropertyValueSpecification\",\"valueRequired\":true,\"valueName\":\"search_term_string\"}}],\"inLanguage\":\"nn-NO\"}]}<\/script>\n<!-- \/ Yoast SEO plugin. -->","yoast_head_json":{"title":"Kj\u00f8p India Charas Black Hash - Beste beste globale medisiner","description":"Kj\u00f8p India Charas Black Hash p\u00e5 nett. Enkel \u00e5 jobbe med, har en skarp, krydret aroma og gir en kraftig kroppssumming. Bestill svart hash her.","robots":{"index":"index","follow":"follow","max-snippet":"max-snippet:-1","max-image-preview":"max-image-preview:large","max-video-preview":"max-video-preview:-1"},"canonical":"https:\/\/medicinasinc.com\/no\/product\/kjop-india-charas-svart-hash\/","og_locale":"nn_NO","og_type":"article","og_title":"Kj\u00f8p India Charas Black Hash - Beste beste globale medisiner","og_description":"Kj\u00f8p India Charas Black Hash p\u00e5 nett. Enkel \u00e5 jobbe med, har en skarp, krydret aroma og gir en kraftig kroppssumming. Bestill svart hash her.","og_url":"https:\/\/medicinasinc.com\/no\/product\/kjop-india-charas-svart-hash\/","og_site_name":"Medicinas Inc","article_modified_time":"2022-03-22T01:13:15+00:00","og_image":[{"width":600,"height":600,"url":"https:\/\/medicinasinc.com\/no\/wp-content\/uploads\/sites\/14\/2022\/02\/Buy-India-Charas-Black-Hash.jpg","type":"image\/jpeg"}],"twitter_card":"summary_large_image","twitter_misc":{"Est. reading time":"2 minutt"},"schema":{"@context":"https:\/\/schema.org","@graph":[{"@type":"WebPage","@id":"https:\/\/medicinasinc.com\/no\/product\/kjop-india-charas-svart-hash\/","url":"https:\/\/medicinasinc.com\/no\/product\/kjop-india-charas-svart-hash\/","name":"Kj\u00f8p India Charas Black Hash - Beste beste globale medisiner","isPartOf":{"@id":"https:\/\/medicinasinc.com\/no\/#website"},"primaryImageOfPage":{"@id":"https:\/\/medicinasinc.com\/no\/product\/kjop-india-charas-svart-hash\/#primaryimage"},"image":{"@id":"https:\/\/medicinasinc.com\/no\/product\/kjop-india-charas-svart-hash\/#primaryimage"},"thumbnailUrl":"https:\/\/medicinasinc.com\/no\/wp-content\/uploads\/sites\/14\/2022\/02\/Buy-India-Charas-Black-Hash.jpg","datePublished":"2022-02-20T14:27:35+00:00","dateModified":"2022-03-22T01:13:15+00:00","description":"Kj\u00f8p India Charas Black Hash p\u00e5 nett. Enkel \u00e5 jobbe med, har en skarp, krydret aroma og gir en kraftig kroppssumming. Bestill svart hash her.","breadcrumb":{"@id":"https:\/\/medicinasinc.com\/no\/product\/kjop-india-charas-svart-hash\/#breadcrumb"},"inLanguage":"nn-NO","potentialAction":[{"@type":"ReadAction","target":["https:\/\/medicinasinc.com\/no\/product\/kjop-india-charas-svart-hash\/"]}]},{"@type":"ImageObject","inLanguage":"nn-NO","@id":"https:\/\/medicinasinc.com\/no\/product\/kjop-india-charas-svart-hash\/#primaryimage","url":"https:\/\/medicinasinc.com\/no\/wp-content\/uploads\/sites\/14\/2022\/02\/Buy-India-Charas-Black-Hash.jpg","contentUrl":"https:\/\/medicinasinc.com\/no\/wp-content\/uploads\/sites\/14\/2022\/02\/Buy-India-Charas-Black-Hash.jpg","width":600,"height":600},{"@type":"BreadcrumbList","@id":"https:\/\/medicinasinc.com\/no\/product\/kjop-india-charas-svart-hash\/#breadcrumb","itemListElement":[{"@type":"ListItem","position":1,"name":"Butikk","item":"https:\/\/medicinasinc.com\/no\/butikk\/"},{"@type":"ListItem","position":2,"name":"Kj\u00f8p India Charas Black Hash"}]},{"@type":"WebSite","@id":"https:\/\/medicinasinc.com\/no\/#website","url":"https:\/\/medicinasinc.com\/no\/","name":"Medicinas Inc","description":"Helsemedisinsk klinikk","potentialAction":[{"@type":"SearchAction","target":{"@type":"EntryPoint","urlTemplate":"https:\/\/medicinasinc.com\/no\/?s={search_term_string}"},"query-input":{"@type":"PropertyValueSpecification","valueRequired":true,"valueName":"search_term_string"}}],"inLanguage":"nn-NO"}]}},"_links":{"self":[{"href":"https:\/\/medicinasinc.com\/no\/wp-json\/wp\/v2\/product\/4667","targetHints":{"allow":["GET"]}}],"collection":[{"href":"https:\/\/medicinasinc.com\/no\/wp-json\/wp\/v2\/product"}],"about":[{"href":"https:\/\/medicinasinc.com\/no\/wp-json\/wp\/v2\/types\/product"}],"replies":[{"embeddable":true,"href":"https:\/\/medicinasinc.com\/no\/wp-json\/wp\/v2\/comments?post=4667"}],"wp:featuredmedia":[{"embeddable":true,"href":"https:\/\/medicinasinc.com\/no\/wp-json\/wp\/v2\/media\/4681"}],"wp:attachment":[{"href":"https:\/\/medicinasinc.com\/no\/wp-json\/wp\/v2\/media?parent=4667"}],"wp:term":[{"taxonomy":"product_brand","embeddable":true,"href":"https:\/\/medicinasinc.com\/no\/wp-json\/wp\/v2\/product_brand?post=4667"},{"taxonomy":"product_cat","embeddable":true,"href":"https:\/\/medicinasinc.com\/no\/wp-json\/wp\/v2\/product_cat?post=4667"},{"taxonomy":"product_tag","embeddable":true,"href":"https:\/\/medicinasinc.com\/no\/wp-json\/wp\/v2\/product_tag?post=4667"}],"curies":[{"name":"wp","href":"https:\/\/api.w.org\/{rel}","templated":true}]}}