{"id":4666,"date":"2022-02-20T14:26:53","date_gmt":"2022-02-20T14:26:53","guid":{"rendered":"https:\/\/medicinasinc.com\/no\/?post_type=product&#038;p=4666"},"modified":"2022-03-22T01:13:23","modified_gmt":"2022-03-22T01:13:23","slug":"kjop-is-hasj-pinner","status":"publish","type":"product","link":"https:\/\/medicinasinc.com\/no\/product\/kjop-is-hasj-pinner\/","title":{"rendered":"Kj\u00f8p Ice Hash Sticks"},"content":{"rendered":"<p>Ice Hash \u00f8ker raskt i popularitet som en metode med lite vedlikehold for \u00e5 produsere hasj av h\u00f8y kvalitet. Marihuana kombineres med vann og filtreres deretter gjennom ulike typer t\u00f8y. Harpiksen som resulterer er utrolig. Hash-pinner laget av is. Det er mange metoder for \u00e5 lage Ice Hash. Du kan kj\u00f8pe Ice-o-lators online for \u00e5 lage Ice Hash. Kj\u00f8p hasjpinner laget av is<\/p>\n<p>Hvordan defineres hasj (hasj)?<\/p>\n<p>&laquo;Hashish er et psykoaktivt stoff som kommer fra harpikskjertlene til den kvinnelige cannabisplanten (pistillat). [&#8230; ] M\u00e5let er \u00e5 isolere (og dermed konsentrere) harpiksen som inneholder THC for \u00e5 produsere hasj.&raquo; Hash-pinner laget av is<\/p>\n<p>Kj\u00f8p is-hash-pinner | Kj\u00f8p Ice Hash Sticks | Kj\u00f8p Ice Hash Sticks<\/p>\n<p>Enkelt sagt, hasj (som vi n\u00e5 vil referere til som hasj) er cannabisplantens isolerte harpikskjertler. Enda enklere, hasj er n\u00e5r de gode klissete tingene fra cannabisen din utvinnes helt av seg selv. Hash er p\u00e5 en m\u00e5te destillert cannabis! Hash-pinner laget av is<\/p>\n<p>\u00c5 lage hasj med t\u00f8rris er den enkleste, raskeste og mest effektive metoden for \u00e5 trekke ut harpiks fra cannabis. I et n\u00f8tteskall er dette v\u00e5r samlede mening. Dry Ice Hash er den optimale metoden for hasjproduksjon. Hash-pinner laget av is<\/p>\n<p>&nbsp;<\/p>\n<p>Hva gj\u00f8r Dry Ice Hash unik?<\/p>\n<p>Selv om ikke alle hasjer er identiske, er mange ganske like.<\/p>\n<p>Vannhasj \u2013 alternativt referert til som ishasj, boblehasj, gravitasjonshasj (Gumby) og t\u00f8rrishasj \u2013 alle produserer isolerte harpikskjertler.<\/p>\n<p>Hashsticks laget av is<\/p>\n<p>Selv om mange metoder produserer det samme eller et lignende produkt, har bruk av t\u00f8rris en rekke fordeler fremfor andre metoder for harpiksinnsamling:<\/p>\n<p>Det er mer hensiktsmessig enn alternative metoder.<br \/> Du kan fullf\u00f8r t\u00f8rrishasjen p\u00e5 omtrent 1\/25 av tiden det tar \u00e5 fullf\u00f8re gravitasjonshasjen! Selv om det eksemplet er ekstremt, tar det bare noen f\u00e5 minutter \u00e5 lage t\u00f8rrishasj og er betydelig raskere enn andre metoder. Hash-pinner laget av is<br \/> Det er latterlig enkelt, og den enkelheten oversettes til umiddelbar tilfredsstillelse. Du f\u00e5r premium hasj i mindre enn 15 minutter ved \u00e5 riste en b\u00f8tte og en pose.<br \/> Det er ingen fuktighet tilstede!<br \/> Det betyr at harpiksen er klar umiddelbart etter at den er ristet l\u00f8s!<\/p>\n","protected":false},"excerpt":{"rendered":"<div class=\"woocommerce-product-details__short-description\">\n<p>Ice Hash Sticks, ogs\u00e5 kjent som Thai Sticks, er en ren sativa-landrase som har sin opprinnelse i Thailand og tok seg til USA p\u00e5 1970-tallet.<\/p>\n<p>Ice Hash \u00f8ker raskt i popularitet som en metode med lite vedlikehold for \u00e5 produsere hasj av h\u00f8y kvalitet. Marihuana kombineres med vann og filtreres deretter gjennom ulike typer t\u00f8y. Harpiksen som resulterer er utrolig. Hash-pinner laget av is. Det er mange metoder for \u00e5 lage Ice Hash. Du kan kj\u00f8pe Ice-o-lators online for \u00e5 lage Ice Hash. Kj\u00f8p hasjpinner laget av is<\/p>\n<\/p><\/div>\n","protected":false},"featured_media":4679,"comment_status":"open","ping_status":"closed","template":"","meta":[],"product_brand":[],"product_cat":[610],"product_tag":[],"class_list":{"0":"post-4666","1":"product","2":"type-product","3":"status-publish","4":"has-post-thumbnail","6":"product_cat-kjop-hasj-hasj","8":"first","9":"instock","10":"shipping-taxable","11":"purchasable","12":"product-type-variable","13":"has-default-attributes"},"yoast_head":"<!-- This site is optimized with the Yoast SEO plugin v27.3 - https:\/\/yoast.com\/product\/yoast-seo-wordpress\/ -->\n<title>Kj\u00f8p Ice Hash Sticks - Beste beste globale medisiner<\/title>\n<meta name=\"description\" content=\"Kj\u00f8p Ice Hash Sticks for salg UK, Europe Online ogs\u00e5 kjent som Thai Sticks er en ren sativa-landrase som begynte i Thailand, f\u00f8rst p\u00e5 vei til USA p\u00e5 70-tallet.\" \/>\n<meta name=\"robots\" content=\"index, follow, max-snippet:-1, max-image-preview:large, max-video-preview:-1\" \/>\n<link rel=\"canonical\" href=\"https:\/\/medicinasinc.com\/no\/product\/kjop-is-hasj-pinner\/\" \/>\n<meta property=\"og:locale\" content=\"nn_NO\" \/>\n<meta property=\"og:type\" content=\"article\" \/>\n<meta property=\"og:title\" content=\"Kj\u00f8p Ice Hash Sticks - Beste beste globale medisiner\" \/>\n<meta property=\"og:description\" content=\"Kj\u00f8p Ice Hash Sticks for salg UK, Europe Online ogs\u00e5 kjent som Thai Sticks er en ren sativa-landrase som begynte i Thailand, f\u00f8rst p\u00e5 vei til USA p\u00e5 70-tallet.\" \/>\n<meta property=\"og:url\" content=\"https:\/\/medicinasinc.com\/no\/product\/kjop-is-hasj-pinner\/\" \/>\n<meta property=\"og:site_name\" content=\"Medicinas Inc\" \/>\n<meta property=\"article:modified_time\" content=\"2022-03-22T01:13:23+00:00\" \/>\n<meta property=\"og:image\" content=\"https:\/\/medicinasinc.com\/no\/wp-content\/uploads\/sites\/14\/2022\/02\/Buy-Ice-Hash-Sticks.jpg\" \/>\n\t<meta property=\"og:image:width\" content=\"600\" \/>\n\t<meta property=\"og:image:height\" content=\"600\" \/>\n\t<meta property=\"og:image:type\" content=\"image\/jpeg\" \/>\n<meta name=\"twitter:card\" content=\"summary_large_image\" \/>\n<meta name=\"twitter:label1\" content=\"Est. reading time\" \/>\n\t<meta name=\"twitter:data1\" content=\"2 minutt\" \/>\n<script type=\"application\/ld+json\" class=\"yoast-schema-graph\">{\"@context\":\"https:\\\/\\\/schema.org\",\"@graph\":[{\"@type\":\"WebPage\",\"@id\":\"https:\\\/\\\/medicinasinc.com\\\/no\\\/product\\\/kjop-is-hasj-pinner\\\/\",\"url\":\"https:\\\/\\\/medicinasinc.com\\\/no\\\/product\\\/kjop-is-hasj-pinner\\\/\",\"name\":\"Kj\u00f8p Ice Hash Sticks - Beste beste globale medisiner\",\"isPartOf\":{\"@id\":\"https:\\\/\\\/medicinasinc.com\\\/no\\\/#website\"},\"primaryImageOfPage\":{\"@id\":\"https:\\\/\\\/medicinasinc.com\\\/no\\\/product\\\/kjop-is-hasj-pinner\\\/#primaryimage\"},\"image\":{\"@id\":\"https:\\\/\\\/medicinasinc.com\\\/no\\\/product\\\/kjop-is-hasj-pinner\\\/#primaryimage\"},\"thumbnailUrl\":\"https:\\\/\\\/medicinasinc.com\\\/no\\\/wp-content\\\/uploads\\\/sites\\\/14\\\/2022\\\/02\\\/Buy-Ice-Hash-Sticks.jpg\",\"datePublished\":\"2022-02-20T14:26:53+00:00\",\"dateModified\":\"2022-03-22T01:13:23+00:00\",\"description\":\"Kj\u00f8p Ice Hash Sticks for salg UK, Europe Online ogs\u00e5 kjent som Thai Sticks er en ren sativa-landrase som begynte i Thailand, f\u00f8rst p\u00e5 vei til USA p\u00e5 70-tallet.\",\"breadcrumb\":{\"@id\":\"https:\\\/\\\/medicinasinc.com\\\/no\\\/product\\\/kjop-is-hasj-pinner\\\/#breadcrumb\"},\"inLanguage\":\"nn-NO\",\"potentialAction\":[{\"@type\":\"ReadAction\",\"target\":[\"https:\\\/\\\/medicinasinc.com\\\/no\\\/product\\\/kjop-is-hasj-pinner\\\/\"]}]},{\"@type\":\"ImageObject\",\"inLanguage\":\"nn-NO\",\"@id\":\"https:\\\/\\\/medicinasinc.com\\\/no\\\/product\\\/kjop-is-hasj-pinner\\\/#primaryimage\",\"url\":\"https:\\\/\\\/medicinasinc.com\\\/no\\\/wp-content\\\/uploads\\\/sites\\\/14\\\/2022\\\/02\\\/Buy-Ice-Hash-Sticks.jpg\",\"contentUrl\":\"https:\\\/\\\/medicinasinc.com\\\/no\\\/wp-content\\\/uploads\\\/sites\\\/14\\\/2022\\\/02\\\/Buy-Ice-Hash-Sticks.jpg\",\"width\":600,\"height\":600},{\"@type\":\"BreadcrumbList\",\"@id\":\"https:\\\/\\\/medicinasinc.com\\\/no\\\/product\\\/kjop-is-hasj-pinner\\\/#breadcrumb\",\"itemListElement\":[{\"@type\":\"ListItem\",\"position\":1,\"name\":\"Butikk\",\"item\":\"https:\\\/\\\/medicinasinc.com\\\/no\\\/butikk\\\/\"},{\"@type\":\"ListItem\",\"position\":2,\"name\":\"Kj\u00f8p Ice Hash Sticks\"}]},{\"@type\":\"WebSite\",\"@id\":\"https:\\\/\\\/medicinasinc.com\\\/no\\\/#website\",\"url\":\"https:\\\/\\\/medicinasinc.com\\\/no\\\/\",\"name\":\"Medicinas Inc\",\"description\":\"Helsemedisinsk klinikk\",\"potentialAction\":[{\"@type\":\"SearchAction\",\"target\":{\"@type\":\"EntryPoint\",\"urlTemplate\":\"https:\\\/\\\/medicinasinc.com\\\/no\\\/?s={search_term_string}\"},\"query-input\":{\"@type\":\"PropertyValueSpecification\",\"valueRequired\":true,\"valueName\":\"search_term_string\"}}],\"inLanguage\":\"nn-NO\"}]}<\/script>\n<!-- \/ Yoast SEO plugin. -->","yoast_head_json":{"title":"Kj\u00f8p Ice Hash Sticks - Beste beste globale medisiner","description":"Kj\u00f8p Ice Hash Sticks for salg UK, Europe Online ogs\u00e5 kjent som Thai Sticks er en ren sativa-landrase som begynte i Thailand, f\u00f8rst p\u00e5 vei til USA p\u00e5 70-tallet.","robots":{"index":"index","follow":"follow","max-snippet":"max-snippet:-1","max-image-preview":"max-image-preview:large","max-video-preview":"max-video-preview:-1"},"canonical":"https:\/\/medicinasinc.com\/no\/product\/kjop-is-hasj-pinner\/","og_locale":"nn_NO","og_type":"article","og_title":"Kj\u00f8p Ice Hash Sticks - Beste beste globale medisiner","og_description":"Kj\u00f8p Ice Hash Sticks for salg UK, Europe Online ogs\u00e5 kjent som Thai Sticks er en ren sativa-landrase som begynte i Thailand, f\u00f8rst p\u00e5 vei til USA p\u00e5 70-tallet.","og_url":"https:\/\/medicinasinc.com\/no\/product\/kjop-is-hasj-pinner\/","og_site_name":"Medicinas Inc","article_modified_time":"2022-03-22T01:13:23+00:00","og_image":[{"width":600,"height":600,"url":"https:\/\/medicinasinc.com\/no\/wp-content\/uploads\/sites\/14\/2022\/02\/Buy-Ice-Hash-Sticks.jpg","type":"image\/jpeg"}],"twitter_card":"summary_large_image","twitter_misc":{"Est. reading time":"2 minutt"},"schema":{"@context":"https:\/\/schema.org","@graph":[{"@type":"WebPage","@id":"https:\/\/medicinasinc.com\/no\/product\/kjop-is-hasj-pinner\/","url":"https:\/\/medicinasinc.com\/no\/product\/kjop-is-hasj-pinner\/","name":"Kj\u00f8p Ice Hash Sticks - Beste beste globale medisiner","isPartOf":{"@id":"https:\/\/medicinasinc.com\/no\/#website"},"primaryImageOfPage":{"@id":"https:\/\/medicinasinc.com\/no\/product\/kjop-is-hasj-pinner\/#primaryimage"},"image":{"@id":"https:\/\/medicinasinc.com\/no\/product\/kjop-is-hasj-pinner\/#primaryimage"},"thumbnailUrl":"https:\/\/medicinasinc.com\/no\/wp-content\/uploads\/sites\/14\/2022\/02\/Buy-Ice-Hash-Sticks.jpg","datePublished":"2022-02-20T14:26:53+00:00","dateModified":"2022-03-22T01:13:23+00:00","description":"Kj\u00f8p Ice Hash Sticks for salg UK, Europe Online ogs\u00e5 kjent som Thai Sticks er en ren sativa-landrase som begynte i Thailand, f\u00f8rst p\u00e5 vei til USA p\u00e5 70-tallet.","breadcrumb":{"@id":"https:\/\/medicinasinc.com\/no\/product\/kjop-is-hasj-pinner\/#breadcrumb"},"inLanguage":"nn-NO","potentialAction":[{"@type":"ReadAction","target":["https:\/\/medicinasinc.com\/no\/product\/kjop-is-hasj-pinner\/"]}]},{"@type":"ImageObject","inLanguage":"nn-NO","@id":"https:\/\/medicinasinc.com\/no\/product\/kjop-is-hasj-pinner\/#primaryimage","url":"https:\/\/medicinasinc.com\/no\/wp-content\/uploads\/sites\/14\/2022\/02\/Buy-Ice-Hash-Sticks.jpg","contentUrl":"https:\/\/medicinasinc.com\/no\/wp-content\/uploads\/sites\/14\/2022\/02\/Buy-Ice-Hash-Sticks.jpg","width":600,"height":600},{"@type":"BreadcrumbList","@id":"https:\/\/medicinasinc.com\/no\/product\/kjop-is-hasj-pinner\/#breadcrumb","itemListElement":[{"@type":"ListItem","position":1,"name":"Butikk","item":"https:\/\/medicinasinc.com\/no\/butikk\/"},{"@type":"ListItem","position":2,"name":"Kj\u00f8p Ice Hash Sticks"}]},{"@type":"WebSite","@id":"https:\/\/medicinasinc.com\/no\/#website","url":"https:\/\/medicinasinc.com\/no\/","name":"Medicinas Inc","description":"Helsemedisinsk klinikk","potentialAction":[{"@type":"SearchAction","target":{"@type":"EntryPoint","urlTemplate":"https:\/\/medicinasinc.com\/no\/?s={search_term_string}"},"query-input":{"@type":"PropertyValueSpecification","valueRequired":true,"valueName":"search_term_string"}}],"inLanguage":"nn-NO"}]}},"_links":{"self":[{"href":"https:\/\/medicinasinc.com\/no\/wp-json\/wp\/v2\/product\/4666","targetHints":{"allow":["GET"]}}],"collection":[{"href":"https:\/\/medicinasinc.com\/no\/wp-json\/wp\/v2\/product"}],"about":[{"href":"https:\/\/medicinasinc.com\/no\/wp-json\/wp\/v2\/types\/product"}],"replies":[{"embeddable":true,"href":"https:\/\/medicinasinc.com\/no\/wp-json\/wp\/v2\/comments?post=4666"}],"wp:featuredmedia":[{"embeddable":true,"href":"https:\/\/medicinasinc.com\/no\/wp-json\/wp\/v2\/media\/4679"}],"wp:attachment":[{"href":"https:\/\/medicinasinc.com\/no\/wp-json\/wp\/v2\/media?parent=4666"}],"wp:term":[{"taxonomy":"product_brand","embeddable":true,"href":"https:\/\/medicinasinc.com\/no\/wp-json\/wp\/v2\/product_brand?post=4666"},{"taxonomy":"product_cat","embeddable":true,"href":"https:\/\/medicinasinc.com\/no\/wp-json\/wp\/v2\/product_cat?post=4666"},{"taxonomy":"product_tag","embeddable":true,"href":"https:\/\/medicinasinc.com\/no\/wp-json\/wp\/v2\/product_tag?post=4666"}],"curies":[{"name":"wp","href":"https:\/\/api.w.org\/{rel}","templated":true}]}}