{"id":4627,"date":"2022-02-20T13:57:00","date_gmt":"2022-02-20T13:57:00","guid":{"rendered":"https:\/\/medicinasinc.com\/no\/?post_type=product&#038;p=4627"},"modified":"2022-03-22T01:14:10","modified_gmt":"2022-03-22T01:14:10","slug":"kjop-bc-hash","status":"publish","type":"product","link":"https:\/\/medicinasinc.com\/no\/product\/kjop-bc-hash\/","title":{"rendered":"Kj\u00f8p BC Hash"},"content":{"rendered":"<div class=\"woocommerce-tabs wc-tabs-wrapper\">\n<div id=\"tab-description\" class=\"woocommerce-Tabs-panel woocommerce-Tabs-panel--description panel entry-content wc-tab\" role=\"tabpanel\" aria-labelledby=\"tab-title-description\">\n<p>BC-Hash kan kj\u00f8pes online.<\/p>\n<p>Vil du pr\u00f8ve noe nytt i dag? V\u00e5r anbefaling er \u00e5 sjekke ut denne hashen av h\u00f8y kvalitet som er popul\u00e6r blant b\u00e5de nybegynnere og erfarne marihuanabrukere. BC-Hash kan kj\u00f8pes p\u00e5 nett.<\/p>\n<p>BC Hash har en distinkt furu-aroma og smak.<\/p>\n<p>Selv om mange forventer en sterk duft, er realiteten at den er ganske mild, noe som gj\u00f8r dette produktet er ogs\u00e5 ganske praktisk. Det beste er at h\u00f8yen ikke begynner umiddelbart, s\u00e5 du kan ta deg god tid og forvente at den varer lenge. Dette er et utmerket alternativ for de som s\u00f8ker en dag med avslapning, s\u00e5 vel som de som \u00f8nsker \u00e5 bekjempe angst. Vi sender til USA, Storbritannia, Australia, Canada og Europa, s\u00e5 vel som internasjonalt.<\/p>\n<\/p><\/div><\/div>\n","protected":false},"excerpt":{"rendered":"<p>Kj\u00f8p BC Hash for salg i UK Online i beste fall globalt rot. Bestill hasj oljeprodukter og BC hasj. Kj\u00f8p gras online her og f\u00e5 rask frakt hvor som helst i Europa, Storbritannia.<\/p>\n<p>&nbsp;<\/p>\n<ul>\n<li>Verdensomfattende frakt<\/li>\n<li><strong>Klasse: AAAA<\/p>\n<p> strong&gt;<\/li>\n<li><strong>Kontakt oss<\/strong>\u00a0for st\u00f8rre bestillinger<\/li>\n<\/ul>\n","protected":false},"featured_media":4639,"comment_status":"open","ping_status":"closed","template":"","meta":[],"product_brand":[],"product_cat":[610],"product_tag":[611,612,613,614,678,671,673,674,675,676,679,672,677,615,616,617,621,624,625,454,455,627,631,632,635,461,640,642,643,644,648,651,652,654,618,623,620,619,641,622,626,634,459,628,629,630,633,636,637,638,639,646,645,647,473,650,475,649,470,653,657,658,659,656,663,665,664,670,669,668,666,667,680,660,662,661,655,682,681],"class_list":{"0":"post-4627","1":"product","2":"type-product","3":"status-publish","4":"has-post-thumbnail","6":"product_cat-kjop-hasj-hasj","7":"product_tag-420-postordre-marihuana-usa","8":"product_tag-420-postordre-usa","9":"product_tag-best-marijuana-online-shop-usa","10":"product_tag-beste-online-dispensary","11":"product_tag-bestille-luke-p-nett","12":"product_tag-bestille-kush-online-usa","13":"product_tag-bestille-marihuana-online-europa","14":"product_tag-bestille-marihuana-online-frankrike","15":"product_tag-bestille-marihuana-online-usa","16":"product_tag-bestille-marihuana-online-verdensomspennende-frakt","17":"product_tag-bestille-weed-online-usa","18":"product_tag-bestille-marihuana-online","19":"product_tag-ordre-splint-online-usa","20":"product_tag-buy-cannabis-oil-online","21":"product_tag-buy-cannabis-online-kuwait","22":"product_tag-buy-cannabis-online-malaysia","23":"product_tag-buy-hash-oil-online-australia","24":"product_tag-buy-kush-online","25":"product_tag-buy-kush-online-usa","26":"product_tag-buy-marijuana-edibles-online","27":"product_tag-buy-marijuana-online","28":"product_tag-buy-marijuana-online-australia","29":"product_tag-buy-marijuana-online-latin-american","30":"product_tag-buy-marijuana-online-malaysia","31":"product_tag-buy-marijuana-online-with-worldwide-shipping","32":"product_tag-buy-medical-marijuana-online","33":"product_tag-buy-moon-rocks-online","34":"product_tag-buy-shatter-wax-online","35":"product_tag-buy-thc-oil-online","36":"product_tag-buy-thc-wax-online","37":"product_tag-buy-weed-online-australia","38":"product_tag-buy-weed-wax-online-with-worldwide-shipping","39":"product_tag-buying-marijuana-online-usa","40":"product_tag-california-dispensary-shipping-worldwide","41":"product_tag-kj-c3-b8p-billig-weed-online-usa","42":"product_tag-kjp-hy-thc-cannabis-olje-p-nettet","43":"product_tag-kjp-dabs-online-postordre","44":"product_tag-kjp-dabs-online","45":"product_tag-kjp-forvalsede-skjter-p-nett","46":"product_tag-kjp-hash-online-uk","47":"product_tag-kjp-lovlig-ugress-p-nett","48":"product_tag-kjp-marihuana-online-uk","49":"product_tag-kjp-marihuana-online-usa","50":"product_tag-kjp-marihuana-online-brasil","51":"product_tag-kjp-marihuana-online-ca","52":"product_tag-kjp-marihuana-online-diskret-emballasje","53":"product_tag-kjp-marihuana-online-midt-sten","54":"product_tag-kjp-marihuana-knuser-voks-online-med-verdensomspennende-frakt","55":"product_tag-kjp-marihuana-shatterwax-online-med-verdensomspennende-frakt","56":"product_tag-kjp-marihuana-voks-online-australia","57":"product_tag-kjp-marihuana-voks-online-uk","58":"product_tag-kjp-ugress-spiselige-p-nettet","59":"product_tag-kjp-voks-online-med-verdensomfattende-frakt","60":"product_tag-kjp-weed-online-asia","61":"product_tag-kjp-weed-online-europe","62":"product_tag-buy-weed-online-with-worldwide-shipping","63":"product_tag-kjp-weed-online-uk","64":"product_tag-kjp-weed-online-usa","65":"product_tag-kjp-ugress-p-nett","66":"product_tag-kj-c3-b8p-weed-online-usa-anmeldelser","67":"product_tag-legit-online-dispensary","68":"product_tag-legit-online-dispensary-shipping-usa","69":"product_tag-legit-online-dispensary-shipping-worldwide","70":"product_tag-lovlig-marihuana-til-salg-usa","71":"product_tag-mail-order-weed-online-with-worldwide-shipping","72":"product_tag-marihuana-online-usa","73":"product_tag-marihuana-til-salg-usa","74":"product_tag-online-dispensary-shipping-worldwide-anmeldelser","75":"product_tag-online-dispensary-frakt-over-hele-verden","76":"product_tag-online-dispensary-shipping-usa","77":"product_tag-online-dispensary-shipping","78":"product_tag-online-dispensary-shipping-uk","79":"product_tag-ordering-weed-online-in-usa","80":"product_tag-postordre-marihuana-online","81":"product_tag-postordre-marihuana-online-med-verdensomspennende-frakt","82":"product_tag-postordre-marihuana-online-usa","83":"product_tag-spiselige-varer-over-hele-verden","84":"product_tag-verdensomspennende-cannabis-nettbutikk","85":"product_tag-luke-til-salg-online-usa","87":"first","88":"instock","89":"shipping-taxable","90":"purchasable","91":"product-type-variable","92":"has-default-attributes"},"yoast_head":"<!-- This site is optimized with the Yoast SEO plugin v27.3 - https:\/\/yoast.com\/product\/yoast-seo-wordpress\/ -->\n<title>Kj\u00f8p BC Hash Online - Beste beste globale medisiner<\/title>\n<meta name=\"description\" content=\"Kj\u00f8p BC Hash for salg i Storbritannia Online p\u00e5 beste globalt rot. Bestill hasj oljeprodukter og BC hasj. Kj\u00f8p gras online her og f\u00e5 rask frakt hvor som helst i Europa, Storbritannia.\" \/>\n<meta name=\"robots\" content=\"index, follow, max-snippet:-1, max-image-preview:large, max-video-preview:-1\" \/>\n<link rel=\"canonical\" href=\"https:\/\/medicinasinc.com\/no\/product\/kjop-bc-hash\/\" \/>\n<meta property=\"og:locale\" content=\"nn_NO\" \/>\n<meta property=\"og:type\" content=\"article\" \/>\n<meta property=\"og:title\" content=\"Kj\u00f8p BC Hash Online - Beste beste globale medisiner\" \/>\n<meta property=\"og:description\" content=\"Kj\u00f8p BC Hash for salg i Storbritannia Online p\u00e5 beste globalt rot. Bestill hasj oljeprodukter og BC hasj. Kj\u00f8p gras online her og f\u00e5 rask frakt hvor som helst i Europa, Storbritannia.\" \/>\n<meta property=\"og:url\" content=\"https:\/\/medicinasinc.com\/no\/product\/kjop-bc-hash\/\" \/>\n<meta property=\"og:site_name\" content=\"Medicinas Inc\" \/>\n<meta property=\"article:modified_time\" content=\"2022-03-22T01:14:10+00:00\" \/>\n<meta property=\"og:image\" content=\"https:\/\/medicinasinc.com\/no\/wp-content\/uploads\/sites\/14\/2022\/02\/Buy-BC-Hash.jpg\" \/>\n\t<meta property=\"og:image:width\" content=\"600\" \/>\n\t<meta property=\"og:image:height\" content=\"600\" \/>\n\t<meta property=\"og:image:type\" content=\"image\/jpeg\" \/>\n<meta name=\"twitter:card\" content=\"summary_large_image\" \/>\n<meta name=\"twitter:label1\" content=\"Est. reading time\" \/>\n\t<meta name=\"twitter:data1\" content=\"1 minutt\" \/>\n<script type=\"application\/ld+json\" class=\"yoast-schema-graph\">{\"@context\":\"https:\\\/\\\/schema.org\",\"@graph\":[{\"@type\":\"WebPage\",\"@id\":\"https:\\\/\\\/medicinasinc.com\\\/no\\\/product\\\/kjop-bc-hash\\\/\",\"url\":\"https:\\\/\\\/medicinasinc.com\\\/no\\\/product\\\/kjop-bc-hash\\\/\",\"name\":\"Kj\u00f8p BC Hash Online - Beste beste globale medisiner\",\"isPartOf\":{\"@id\":\"https:\\\/\\\/medicinasinc.com\\\/no\\\/#website\"},\"primaryImageOfPage\":{\"@id\":\"https:\\\/\\\/medicinasinc.com\\\/no\\\/product\\\/kjop-bc-hash\\\/#primaryimage\"},\"image\":{\"@id\":\"https:\\\/\\\/medicinasinc.com\\\/no\\\/product\\\/kjop-bc-hash\\\/#primaryimage\"},\"thumbnailUrl\":\"https:\\\/\\\/medicinasinc.com\\\/no\\\/wp-content\\\/uploads\\\/sites\\\/14\\\/2022\\\/02\\\/Buy-BC-Hash.jpg\",\"datePublished\":\"2022-02-20T13:57:00+00:00\",\"dateModified\":\"2022-03-22T01:14:10+00:00\",\"description\":\"Kj\u00f8p BC Hash for salg i Storbritannia Online p\u00e5 beste globalt rot. Bestill hasj oljeprodukter og BC hasj. Kj\u00f8p gras online her og f\u00e5 rask frakt hvor som helst i Europa, Storbritannia.\",\"breadcrumb\":{\"@id\":\"https:\\\/\\\/medicinasinc.com\\\/no\\\/product\\\/kjop-bc-hash\\\/#breadcrumb\"},\"inLanguage\":\"nn-NO\",\"potentialAction\":[{\"@type\":\"ReadAction\",\"target\":[\"https:\\\/\\\/medicinasinc.com\\\/no\\\/product\\\/kjop-bc-hash\\\/\"]}]},{\"@type\":\"ImageObject\",\"inLanguage\":\"nn-NO\",\"@id\":\"https:\\\/\\\/medicinasinc.com\\\/no\\\/product\\\/kjop-bc-hash\\\/#primaryimage\",\"url\":\"https:\\\/\\\/medicinasinc.com\\\/no\\\/wp-content\\\/uploads\\\/sites\\\/14\\\/2022\\\/02\\\/Buy-BC-Hash.jpg\",\"contentUrl\":\"https:\\\/\\\/medicinasinc.com\\\/no\\\/wp-content\\\/uploads\\\/sites\\\/14\\\/2022\\\/02\\\/Buy-BC-Hash.jpg\",\"width\":600,\"height\":600},{\"@type\":\"BreadcrumbList\",\"@id\":\"https:\\\/\\\/medicinasinc.com\\\/no\\\/product\\\/kjop-bc-hash\\\/#breadcrumb\",\"itemListElement\":[{\"@type\":\"ListItem\",\"position\":1,\"name\":\"Butikk\",\"item\":\"https:\\\/\\\/medicinasinc.com\\\/no\\\/butikk\\\/\"},{\"@type\":\"ListItem\",\"position\":2,\"name\":\"Kj\u00f8p BC Hash\"}]},{\"@type\":\"WebSite\",\"@id\":\"https:\\\/\\\/medicinasinc.com\\\/no\\\/#website\",\"url\":\"https:\\\/\\\/medicinasinc.com\\\/no\\\/\",\"name\":\"Medicinas Inc\",\"description\":\"Helsemedisinsk klinikk\",\"potentialAction\":[{\"@type\":\"SearchAction\",\"target\":{\"@type\":\"EntryPoint\",\"urlTemplate\":\"https:\\\/\\\/medicinasinc.com\\\/no\\\/?s={search_term_string}\"},\"query-input\":{\"@type\":\"PropertyValueSpecification\",\"valueRequired\":true,\"valueName\":\"search_term_string\"}}],\"inLanguage\":\"nn-NO\"}]}<\/script>\n<!-- \/ Yoast SEO plugin. -->","yoast_head_json":{"title":"Kj\u00f8p BC Hash Online - Beste beste globale medisiner","description":"Kj\u00f8p BC Hash for salg i Storbritannia Online p\u00e5 beste globalt rot. Bestill hasj oljeprodukter og BC hasj. Kj\u00f8p gras online her og f\u00e5 rask frakt hvor som helst i Europa, Storbritannia.","robots":{"index":"index","follow":"follow","max-snippet":"max-snippet:-1","max-image-preview":"max-image-preview:large","max-video-preview":"max-video-preview:-1"},"canonical":"https:\/\/medicinasinc.com\/no\/product\/kjop-bc-hash\/","og_locale":"nn_NO","og_type":"article","og_title":"Kj\u00f8p BC Hash Online - Beste beste globale medisiner","og_description":"Kj\u00f8p BC Hash for salg i Storbritannia Online p\u00e5 beste globalt rot. Bestill hasj oljeprodukter og BC hasj. Kj\u00f8p gras online her og f\u00e5 rask frakt hvor som helst i Europa, Storbritannia.","og_url":"https:\/\/medicinasinc.com\/no\/product\/kjop-bc-hash\/","og_site_name":"Medicinas Inc","article_modified_time":"2022-03-22T01:14:10+00:00","og_image":[{"width":600,"height":600,"url":"https:\/\/medicinasinc.com\/no\/wp-content\/uploads\/sites\/14\/2022\/02\/Buy-BC-Hash.jpg","type":"image\/jpeg"}],"twitter_card":"summary_large_image","twitter_misc":{"Est. reading time":"1 minutt"},"schema":{"@context":"https:\/\/schema.org","@graph":[{"@type":"WebPage","@id":"https:\/\/medicinasinc.com\/no\/product\/kjop-bc-hash\/","url":"https:\/\/medicinasinc.com\/no\/product\/kjop-bc-hash\/","name":"Kj\u00f8p BC Hash Online - Beste beste globale medisiner","isPartOf":{"@id":"https:\/\/medicinasinc.com\/no\/#website"},"primaryImageOfPage":{"@id":"https:\/\/medicinasinc.com\/no\/product\/kjop-bc-hash\/#primaryimage"},"image":{"@id":"https:\/\/medicinasinc.com\/no\/product\/kjop-bc-hash\/#primaryimage"},"thumbnailUrl":"https:\/\/medicinasinc.com\/no\/wp-content\/uploads\/sites\/14\/2022\/02\/Buy-BC-Hash.jpg","datePublished":"2022-02-20T13:57:00+00:00","dateModified":"2022-03-22T01:14:10+00:00","description":"Kj\u00f8p BC Hash for salg i Storbritannia Online p\u00e5 beste globalt rot. Bestill hasj oljeprodukter og BC hasj. Kj\u00f8p gras online her og f\u00e5 rask frakt hvor som helst i Europa, Storbritannia.","breadcrumb":{"@id":"https:\/\/medicinasinc.com\/no\/product\/kjop-bc-hash\/#breadcrumb"},"inLanguage":"nn-NO","potentialAction":[{"@type":"ReadAction","target":["https:\/\/medicinasinc.com\/no\/product\/kjop-bc-hash\/"]}]},{"@type":"ImageObject","inLanguage":"nn-NO","@id":"https:\/\/medicinasinc.com\/no\/product\/kjop-bc-hash\/#primaryimage","url":"https:\/\/medicinasinc.com\/no\/wp-content\/uploads\/sites\/14\/2022\/02\/Buy-BC-Hash.jpg","contentUrl":"https:\/\/medicinasinc.com\/no\/wp-content\/uploads\/sites\/14\/2022\/02\/Buy-BC-Hash.jpg","width":600,"height":600},{"@type":"BreadcrumbList","@id":"https:\/\/medicinasinc.com\/no\/product\/kjop-bc-hash\/#breadcrumb","itemListElement":[{"@type":"ListItem","position":1,"name":"Butikk","item":"https:\/\/medicinasinc.com\/no\/butikk\/"},{"@type":"ListItem","position":2,"name":"Kj\u00f8p BC Hash"}]},{"@type":"WebSite","@id":"https:\/\/medicinasinc.com\/no\/#website","url":"https:\/\/medicinasinc.com\/no\/","name":"Medicinas Inc","description":"Helsemedisinsk klinikk","potentialAction":[{"@type":"SearchAction","target":{"@type":"EntryPoint","urlTemplate":"https:\/\/medicinasinc.com\/no\/?s={search_term_string}"},"query-input":{"@type":"PropertyValueSpecification","valueRequired":true,"valueName":"search_term_string"}}],"inLanguage":"nn-NO"}]}},"_links":{"self":[{"href":"https:\/\/medicinasinc.com\/no\/wp-json\/wp\/v2\/product\/4627","targetHints":{"allow":["GET"]}}],"collection":[{"href":"https:\/\/medicinasinc.com\/no\/wp-json\/wp\/v2\/product"}],"about":[{"href":"https:\/\/medicinasinc.com\/no\/wp-json\/wp\/v2\/types\/product"}],"replies":[{"embeddable":true,"href":"https:\/\/medicinasinc.com\/no\/wp-json\/wp\/v2\/comments?post=4627"}],"wp:featuredmedia":[{"embeddable":true,"href":"https:\/\/medicinasinc.com\/no\/wp-json\/wp\/v2\/media\/4639"}],"wp:attachment":[{"href":"https:\/\/medicinasinc.com\/no\/wp-json\/wp\/v2\/media?parent=4627"}],"wp:term":[{"taxonomy":"product_brand","embeddable":true,"href":"https:\/\/medicinasinc.com\/no\/wp-json\/wp\/v2\/product_brand?post=4627"},{"taxonomy":"product_cat","embeddable":true,"href":"https:\/\/medicinasinc.com\/no\/wp-json\/wp\/v2\/product_cat?post=4627"},{"taxonomy":"product_tag","embeddable":true,"href":"https:\/\/medicinasinc.com\/no\/wp-json\/wp\/v2\/product_tag?post=4627"}],"curies":[{"name":"wp","href":"https:\/\/api.w.org\/{rel}","templated":true}]}}