{"id":4609,"date":"2022-02-20T13:44:35","date_gmt":"2022-02-20T13:44:35","guid":{"rendered":"https:\/\/medicinasinc.com\/no\/?post_type=product&#038;p=4609"},"modified":"2022-03-22T01:14:34","modified_gmt":"2022-03-22T01:14:34","slug":"kjop-ekte-gronne-eple-ecstasy-piller","status":"publish","type":"product","link":"https:\/\/medicinasinc.com\/no\/product\/kjop-ekte-gronne-eple-ecstasy-piller\/","title":{"rendered":"Kj\u00f8p ekte gr\u00f8nne eple-ecstasy-piller"},"content":{"rendered":"<p>Kj\u00f8p Genuine Green Apple Ecstasy online.<\/p>\n<p>Jeg er sikker p\u00e5 at du er kjent for dette aksiomet. \u00abEt eple om dagen avverger spesialisten,\u00bb lyder ordtaket. Gitt de mange helsemessige fordelene forbundet med \u00e5 spise epler, er dette kostholdsordtaket kanskje ikke for langt unna. Her er noen av helsefordelene forbundet med \u00e5 spise gr\u00f8nne epler.<\/p>\n<p>Inntak av epler har vist seg \u00e5 forbedre hjertehelsen og redusere risikoen for \u00e5 utvikle hjerte- og karsykdommer.<\/p>\n<p>Den n\u00f8yaktige mekanismen ved hvilke epler som forbedrer hjertehelsen er rotete. En mulig forklaring er at epler inneholder en h\u00f8y mengde kostfiber, som har v\u00e6rt knyttet til senking av LDL-kolesterol.<\/p>\n<p>Reduser risikoen for \u00e5 utvikle type 2-diabetes<\/p>\n<p>Inntak s\u00e5 lite som en f\u00e5 gr\u00f8nne epler per uke kan redusere risikoen for \u00e5 utvikle diabetes type 2, if\u00f8lge en studie; Det b\u00f8r imidlertid utf\u00f8res ytterligere forskning. Det er fortsatt ukjent om forbindelsene som finnes i gr\u00f8nne epler hjelper individer med \u00e5 h\u00e5ndtere diabetessymptomene.<\/p>\n<p>Siden det gr\u00f8nne eplet har en mengde fordeler, har de gr\u00f8nne eplepillene ogs\u00e5 en mengde fordeler. Vi b\u00f8r ha en diskusjon om gr\u00f8nne eplepiller.<br \/> Hvis du liker \u00e5 drikke fersk eplejuice p\u00e5 en varm sommerdag, vil gr\u00f8nne og eplepiller forbedre opplevelsen og tilfredsheten din med et par hakk. Laget i Washington med gr\u00f8nne eplepiller, har gruppen tilf\u00f8rt disse pillene med statens beste cannabis.<\/p>\n<p>THC kan v\u00e6re vanskelig \u00e5 brenne gjennom fra et doseringsperspektiv, spesielt hvis holderne ikke er merket eksepsjonelt godt. Green Apple-piller har endret alt dette, ettersom de n\u00e5 tilbyr tre distinkte stammer av deres kjente 12 oz blanding i varierende grad av styrke. Betydelige treffere vil sette pris p\u00e5 deres mest jordede blanding, som inneholder 100 mg per 12 oz.<\/p>\n<p>P\u00e5 grunn av det faktum at Green Apple-piller inneholder cannabis via en ny metode, sitter kundene igjen uten p\u00e5viselig lukt eller smak av ugress, noe som gj\u00f8r dem ideelle for personer som \u00f8nsker \u00e5 bli h\u00f8ye, men som ikke klarer \u00e5 bevege seg utover typen andre piller. I tillegg bidrar det \u00e5 ta cannabis til \u00e5 fremme en sunnere livsstil, ettersom r\u00f8yken fra blomster eller damp kan bli skadelig etter en stund. Den gr\u00f8nne eplepillen er gunstig i ett \u00e5r og inneholder f\u00e5 kalorier, s\u00e5 det eneste du trenger \u00e5 bekymre deg for er \u00e5 avst\u00e5 fra mat etter \u00e5 ha tatt medisinen.<\/p>\n<table style=\"height: 104px\" width=\"508\">\n<tbody>\n<tr>\n<th><span style=\"font-weight: 400\">Farge:<\/span><\/th>\n<td>Gr\u00f8nn<\/td>\n<\/tr>\n<tr>\n<th> <span style=\"font-weight: 400\">St\u00f8rrelse:<\/span><\/th>\n<td>279 mg<\/td>\n<\/tr>\n<\/tbody>\n<\/table>\n","protected":false},"excerpt":{"rendered":"<div class=\"woocommerce-product-details__short-description\">\n<p>Kj\u00f8p ekte gr\u00f8nne eple-ecstasy-piller til salgs online Storbritannia, Europa til de beste prisene fra den beste p\u00e5litelige MDMA-leverand\u00f8ren, vi garanterer diskret og sikker levering over hele verden<\/p>\n<p><strong>Minstebestillingen<\/strong><strong> er 50 piller.<\/strong><\/p>\n<\/p><\/div>\n","protected":false},"featured_media":4620,"comment_status":"open","ping_status":"closed","template":"","meta":[],"product_brand":[],"product_cat":[498],"product_tag":[596,594,593,595,598,599,604,605,606,607,602,608,601,603,600,597,609],"class_list":{"0":"post-4609","1":"product","2":"type-product","3":"status-publish","4":"has-post-thumbnail","6":"product_cat-kjp-ecstasy-piller","7":"product_tag-e-pille-rosa","8":"product_tag-eple-ecstasy","9":"product_tag-eple-medikament","10":"product_tag-eplepiller","11":"product_tag-green-apple-drugs","12":"product_tag-green-apple-ecstasy","13":"product_tag-green-pills","14":"product_tag-green-pills-drugs","15":"product_tag-green-rolex-pill","16":"product_tag-green-rolex-pill-report","17":"product_tag-gr-c3-b8nn-ecstasy-pille","18":"product_tag-grnn-tablett-pille","19":"product_tag-grnn-eple-piller","20":"product_tag-grnne-ekstacy-piller","21":"product_tag-grnt-eple-logo","22":"product_tag-grnt-eple-stoff","23":"product_tag-sm-grnne-piller","25":"first","26":"instock","27":"shipping-taxable","28":"purchasable","29":"product-type-variable","30":"has-default-attributes"},"yoast_head":"<!-- This site is optimized with the Yoast SEO plugin v27.3 - https:\/\/yoast.com\/product\/yoast-seo-wordpress\/ -->\n<title>Kj\u00f8p ekte gr\u00f8nne eple-ecstasy-piller p\u00e5 nett - Beste beste globale medisiner<\/title>\n<meta name=\"description\" content=\"Kj\u00f8p ekte gr\u00f8nne eple ecstasy piller til salgs online Storbritannia, Europa til de beste prisene fra den beste p\u00e5litelige MDMA-leverand\u00f8ren, vi garanterer diskret og sikker levering over hele verden\" \/>\n<meta name=\"robots\" content=\"index, follow, max-snippet:-1, max-image-preview:large, max-video-preview:-1\" \/>\n<link rel=\"canonical\" href=\"https:\/\/medicinasinc.com\/no\/product\/kjop-ekte-gronne-eple-ecstasy-piller\/\" \/>\n<meta property=\"og:locale\" content=\"nn_NO\" \/>\n<meta property=\"og:type\" content=\"article\" \/>\n<meta property=\"og:title\" content=\"Kj\u00f8p ekte gr\u00f8nne eple-ecstasy-piller p\u00e5 nett - Beste beste globale medisiner\" \/>\n<meta property=\"og:description\" content=\"Kj\u00f8p ekte gr\u00f8nne eple ecstasy piller til salgs online Storbritannia, Europa til de beste prisene fra den beste p\u00e5litelige MDMA-leverand\u00f8ren, vi garanterer diskret og sikker levering over hele verden\" \/>\n<meta property=\"og:url\" content=\"https:\/\/medicinasinc.com\/no\/product\/kjop-ekte-gronne-eple-ecstasy-piller\/\" \/>\n<meta property=\"og:site_name\" content=\"Medicinas Inc\" \/>\n<meta property=\"article:modified_time\" content=\"2022-03-22T01:14:34+00:00\" \/>\n<meta property=\"og:image\" content=\"https:\/\/medicinasinc.com\/no\/wp-content\/uploads\/sites\/14\/2022\/02\/order-real-green-apple-ecstasy-pills-online.jpg\" \/>\n\t<meta property=\"og:image:width\" content=\"600\" \/>\n\t<meta property=\"og:image:height\" content=\"600\" \/>\n\t<meta property=\"og:image:type\" content=\"image\/jpeg\" \/>\n<meta name=\"twitter:card\" content=\"summary_large_image\" \/>\n<meta name=\"twitter:label1\" content=\"Est. reading time\" \/>\n\t<meta name=\"twitter:data1\" content=\"2 minutt\" \/>\n<script type=\"application\/ld+json\" class=\"yoast-schema-graph\">{\"@context\":\"https:\\\/\\\/schema.org\",\"@graph\":[{\"@type\":\"WebPage\",\"@id\":\"https:\\\/\\\/medicinasinc.com\\\/no\\\/product\\\/kjop-ekte-gronne-eple-ecstasy-piller\\\/\",\"url\":\"https:\\\/\\\/medicinasinc.com\\\/no\\\/product\\\/kjop-ekte-gronne-eple-ecstasy-piller\\\/\",\"name\":\"Kj\u00f8p ekte gr\u00f8nne eple-ecstasy-piller p\u00e5 nett - Beste beste globale medisiner\",\"isPartOf\":{\"@id\":\"https:\\\/\\\/medicinasinc.com\\\/no\\\/#website\"},\"primaryImageOfPage\":{\"@id\":\"https:\\\/\\\/medicinasinc.com\\\/no\\\/product\\\/kjop-ekte-gronne-eple-ecstasy-piller\\\/#primaryimage\"},\"image\":{\"@id\":\"https:\\\/\\\/medicinasinc.com\\\/no\\\/product\\\/kjop-ekte-gronne-eple-ecstasy-piller\\\/#primaryimage\"},\"thumbnailUrl\":\"https:\\\/\\\/medicinasinc.com\\\/no\\\/wp-content\\\/uploads\\\/sites\\\/14\\\/2022\\\/02\\\/order-real-green-apple-ecstasy-pills-online.jpg\",\"datePublished\":\"2022-02-20T13:44:35+00:00\",\"dateModified\":\"2022-03-22T01:14:34+00:00\",\"description\":\"Kj\u00f8p ekte gr\u00f8nne eple ecstasy piller til salgs online Storbritannia, Europa til de beste prisene fra den beste p\u00e5litelige MDMA-leverand\u00f8ren, vi garanterer diskret og sikker levering over hele verden\",\"breadcrumb\":{\"@id\":\"https:\\\/\\\/medicinasinc.com\\\/no\\\/product\\\/kjop-ekte-gronne-eple-ecstasy-piller\\\/#breadcrumb\"},\"inLanguage\":\"nn-NO\",\"potentialAction\":[{\"@type\":\"ReadAction\",\"target\":[\"https:\\\/\\\/medicinasinc.com\\\/no\\\/product\\\/kjop-ekte-gronne-eple-ecstasy-piller\\\/\"]}]},{\"@type\":\"ImageObject\",\"inLanguage\":\"nn-NO\",\"@id\":\"https:\\\/\\\/medicinasinc.com\\\/no\\\/product\\\/kjop-ekte-gronne-eple-ecstasy-piller\\\/#primaryimage\",\"url\":\"https:\\\/\\\/medicinasinc.com\\\/no\\\/wp-content\\\/uploads\\\/sites\\\/14\\\/2022\\\/02\\\/order-real-green-apple-ecstasy-pills-online.jpg\",\"contentUrl\":\"https:\\\/\\\/medicinasinc.com\\\/no\\\/wp-content\\\/uploads\\\/sites\\\/14\\\/2022\\\/02\\\/order-real-green-apple-ecstasy-pills-online.jpg\",\"width\":600,\"height\":600},{\"@type\":\"BreadcrumbList\",\"@id\":\"https:\\\/\\\/medicinasinc.com\\\/no\\\/product\\\/kjop-ekte-gronne-eple-ecstasy-piller\\\/#breadcrumb\",\"itemListElement\":[{\"@type\":\"ListItem\",\"position\":1,\"name\":\"Butikk\",\"item\":\"https:\\\/\\\/medicinasinc.com\\\/no\\\/butikk\\\/\"},{\"@type\":\"ListItem\",\"position\":2,\"name\":\"Kj\u00f8p ekte gr\u00f8nne eple-ecstasy-piller\"}]},{\"@type\":\"WebSite\",\"@id\":\"https:\\\/\\\/medicinasinc.com\\\/no\\\/#website\",\"url\":\"https:\\\/\\\/medicinasinc.com\\\/no\\\/\",\"name\":\"Medicinas Inc\",\"description\":\"Helsemedisinsk klinikk\",\"potentialAction\":[{\"@type\":\"SearchAction\",\"target\":{\"@type\":\"EntryPoint\",\"urlTemplate\":\"https:\\\/\\\/medicinasinc.com\\\/no\\\/?s={search_term_string}\"},\"query-input\":{\"@type\":\"PropertyValueSpecification\",\"valueRequired\":true,\"valueName\":\"search_term_string\"}}],\"inLanguage\":\"nn-NO\"}]}<\/script>\n<!-- \/ Yoast SEO plugin. -->","yoast_head_json":{"title":"Kj\u00f8p ekte gr\u00f8nne eple-ecstasy-piller p\u00e5 nett - Beste beste globale medisiner","description":"Kj\u00f8p ekte gr\u00f8nne eple ecstasy piller til salgs online Storbritannia, Europa til de beste prisene fra den beste p\u00e5litelige MDMA-leverand\u00f8ren, vi garanterer diskret og sikker levering over hele verden","robots":{"index":"index","follow":"follow","max-snippet":"max-snippet:-1","max-image-preview":"max-image-preview:large","max-video-preview":"max-video-preview:-1"},"canonical":"https:\/\/medicinasinc.com\/no\/product\/kjop-ekte-gronne-eple-ecstasy-piller\/","og_locale":"nn_NO","og_type":"article","og_title":"Kj\u00f8p ekte gr\u00f8nne eple-ecstasy-piller p\u00e5 nett - Beste beste globale medisiner","og_description":"Kj\u00f8p ekte gr\u00f8nne eple ecstasy piller til salgs online Storbritannia, Europa til de beste prisene fra den beste p\u00e5litelige MDMA-leverand\u00f8ren, vi garanterer diskret og sikker levering over hele verden","og_url":"https:\/\/medicinasinc.com\/no\/product\/kjop-ekte-gronne-eple-ecstasy-piller\/","og_site_name":"Medicinas Inc","article_modified_time":"2022-03-22T01:14:34+00:00","og_image":[{"width":600,"height":600,"url":"https:\/\/medicinasinc.com\/no\/wp-content\/uploads\/sites\/14\/2022\/02\/order-real-green-apple-ecstasy-pills-online.jpg","type":"image\/jpeg"}],"twitter_card":"summary_large_image","twitter_misc":{"Est. reading time":"2 minutt"},"schema":{"@context":"https:\/\/schema.org","@graph":[{"@type":"WebPage","@id":"https:\/\/medicinasinc.com\/no\/product\/kjop-ekte-gronne-eple-ecstasy-piller\/","url":"https:\/\/medicinasinc.com\/no\/product\/kjop-ekte-gronne-eple-ecstasy-piller\/","name":"Kj\u00f8p ekte gr\u00f8nne eple-ecstasy-piller p\u00e5 nett - Beste beste globale medisiner","isPartOf":{"@id":"https:\/\/medicinasinc.com\/no\/#website"},"primaryImageOfPage":{"@id":"https:\/\/medicinasinc.com\/no\/product\/kjop-ekte-gronne-eple-ecstasy-piller\/#primaryimage"},"image":{"@id":"https:\/\/medicinasinc.com\/no\/product\/kjop-ekte-gronne-eple-ecstasy-piller\/#primaryimage"},"thumbnailUrl":"https:\/\/medicinasinc.com\/no\/wp-content\/uploads\/sites\/14\/2022\/02\/order-real-green-apple-ecstasy-pills-online.jpg","datePublished":"2022-02-20T13:44:35+00:00","dateModified":"2022-03-22T01:14:34+00:00","description":"Kj\u00f8p ekte gr\u00f8nne eple ecstasy piller til salgs online Storbritannia, Europa til de beste prisene fra den beste p\u00e5litelige MDMA-leverand\u00f8ren, vi garanterer diskret og sikker levering over hele verden","breadcrumb":{"@id":"https:\/\/medicinasinc.com\/no\/product\/kjop-ekte-gronne-eple-ecstasy-piller\/#breadcrumb"},"inLanguage":"nn-NO","potentialAction":[{"@type":"ReadAction","target":["https:\/\/medicinasinc.com\/no\/product\/kjop-ekte-gronne-eple-ecstasy-piller\/"]}]},{"@type":"ImageObject","inLanguage":"nn-NO","@id":"https:\/\/medicinasinc.com\/no\/product\/kjop-ekte-gronne-eple-ecstasy-piller\/#primaryimage","url":"https:\/\/medicinasinc.com\/no\/wp-content\/uploads\/sites\/14\/2022\/02\/order-real-green-apple-ecstasy-pills-online.jpg","contentUrl":"https:\/\/medicinasinc.com\/no\/wp-content\/uploads\/sites\/14\/2022\/02\/order-real-green-apple-ecstasy-pills-online.jpg","width":600,"height":600},{"@type":"BreadcrumbList","@id":"https:\/\/medicinasinc.com\/no\/product\/kjop-ekte-gronne-eple-ecstasy-piller\/#breadcrumb","itemListElement":[{"@type":"ListItem","position":1,"name":"Butikk","item":"https:\/\/medicinasinc.com\/no\/butikk\/"},{"@type":"ListItem","position":2,"name":"Kj\u00f8p ekte gr\u00f8nne eple-ecstasy-piller"}]},{"@type":"WebSite","@id":"https:\/\/medicinasinc.com\/no\/#website","url":"https:\/\/medicinasinc.com\/no\/","name":"Medicinas Inc","description":"Helsemedisinsk klinikk","potentialAction":[{"@type":"SearchAction","target":{"@type":"EntryPoint","urlTemplate":"https:\/\/medicinasinc.com\/no\/?s={search_term_string}"},"query-input":{"@type":"PropertyValueSpecification","valueRequired":true,"valueName":"search_term_string"}}],"inLanguage":"nn-NO"}]}},"_links":{"self":[{"href":"https:\/\/medicinasinc.com\/no\/wp-json\/wp\/v2\/product\/4609","targetHints":{"allow":["GET"]}}],"collection":[{"href":"https:\/\/medicinasinc.com\/no\/wp-json\/wp\/v2\/product"}],"about":[{"href":"https:\/\/medicinasinc.com\/no\/wp-json\/wp\/v2\/types\/product"}],"replies":[{"embeddable":true,"href":"https:\/\/medicinasinc.com\/no\/wp-json\/wp\/v2\/comments?post=4609"}],"wp:featuredmedia":[{"embeddable":true,"href":"https:\/\/medicinasinc.com\/no\/wp-json\/wp\/v2\/media\/4620"}],"wp:attachment":[{"href":"https:\/\/medicinasinc.com\/no\/wp-json\/wp\/v2\/media?parent=4609"}],"wp:term":[{"taxonomy":"product_brand","embeddable":true,"href":"https:\/\/medicinasinc.com\/no\/wp-json\/wp\/v2\/product_brand?post=4609"},{"taxonomy":"product_cat","embeddable":true,"href":"https:\/\/medicinasinc.com\/no\/wp-json\/wp\/v2\/product_cat?post=4609"},{"taxonomy":"product_tag","embeddable":true,"href":"https:\/\/medicinasinc.com\/no\/wp-json\/wp\/v2\/product_tag?post=4609"}],"curies":[{"name":"wp","href":"https:\/\/api.w.org\/{rel}","templated":true}]}}