{"id":4592,"date":"2022-02-20T13:31:58","date_gmt":"2022-02-20T13:31:58","guid":{"rendered":"https:\/\/medicinasinc.com\/no\/?post_type=product&#038;p=4592"},"modified":"2022-08-02T17:19:49","modified_gmt":"2022-08-02T17:19:49","slug":"kjop-ecstasy-philipp-plein-bla-524-mg-mdma-piller","status":"publish","type":"product","link":"https:\/\/medicinasinc.com\/no\/product\/kjop-ecstasy-philipp-plein-bla-524-mg-mdma-piller\/","title":{"rendered":"Kj\u00f8p Ecstasy- Philipp Plein Blue- 524mg MDMA-piller"},"content":{"rendered":"<div class=\"woocommerce-tabs wc-tabs-wrapper\">\n<div id=\"tab-description\" class=\"woocommerce-Tabs-panel woocommerce-Tabs-panel--description panel entry-content wc-tab\" role=\"tabpanel\" aria-labelledby=\"tab-title-description\">\n<p>Nettkj\u00f8p av XTC-Philipp Plein Blue-524 mg MDMA-piller.<\/p>\n<p>\u2013 Philipp Plein 524MG gir en eksepsjonell opplevelse. Det er et helt trygt og hygienisk produkt. Utmerket kvalitet til en overkommelig pris. \u2013 Effektene begynner omtrent 30 minutter senere og varer omtrent 6 timer.<br \/> \u2013 Bruk halvparten av denne pillen om gangen. Drikk tilstrekkelig mengde vann mens du bruker medisiner.<\/p>\n<h1><a style=\"font-size: 16px\" href=\"https:\/\/merrydrug.com\/\">.<\/a><\/h1>\n<\/p><\/div><\/div>\n<div class=\"related products\"><\/div>\n","protected":false},"excerpt":{"rendered":"<div class=\"woocommerce-product-details__short-description\">\n<p>Kj\u00f8p Philipp Plein Blue- 524 Mg MDMA i Storbritannia og Europa til den beste markedsprisen. Alle produktene v\u00e5re er laget med helt naturlige, THC-frie ingredienser. Legg inn bestillingen din online n\u00e5!<\/p>\n<p>Philipp Blue-524 er en ekstrem partypille og MDMA-medisin som er mye brukt i USA og Korea. Dens psykoaktive egenskaper ble oppdaget p\u00e5 midten av 1750-tallet. Hvis noen \u00f8nsker \u00e5 oppleve et ekstremt h\u00f8yt niv\u00e5, vil han ikke forlate dette produktet etter \u00e5 ha pr\u00f8vd det. Philipp Blue brukes ogs\u00e5 i religi\u00f8se seremonier og har v\u00e6rt et produkt av h\u00f8y kvalitet i \u00e5revis fordi folk er klar over fordelene og ikke kan leve uten det.<\/p>\n<p>Enkeltpersoner omorganiserer dette p\u00e5 grunn av dets sterke effekter og raske resultater. P\u00e5 grunn av dens effektivitet vil den aldri forbli p\u00e5 lager i en lengre periode.<\/p>\n<p>Kj\u00f8p av Philip Plein Blue-524 piller<\/p>\n<p>Minste bestillingsmengde er femti piller.<\/p>\n<\/p><\/div>\n","protected":false},"featured_media":4605,"comment_status":"open","ping_status":"closed","template":"","meta":[],"product_brand":[],"product_cat":[498],"product_tag":[501,584,585,586,587,588,590,589,583,512,591,592],"class_list":{"0":"post-4592","1":"product","2":"type-product","3":"status-publish","4":"has-post-thumbnail","6":"product_cat-kjp-ecstasy-piller","7":"product_tag-buy-mdma-online","8":"product_tag-buy-xtc-pills-online","9":"product_tag-buy-xtc-philipp-plein-blue-524-mg-mdma-pills-online","10":"product_tag-drugs","11":"product_tag-ecstasy","12":"product_tag-ecstasy-tabletter","13":"product_tag-kjrlighetsstoffer","14":"product_tag-ghb","15":"product_tag-kjp-ecstasy-piller-p-nettet","16":"product_tag-mdma","17":"product_tag-mg-mdma","18":"product_tag-xtc-piller","20":"first","21":"instock","22":"shipping-taxable","23":"purchasable","24":"product-type-variable","25":"has-default-attributes"},"yoast_head":"<!-- This site is optimized with the Yoast SEO plugin v27.3 - https:\/\/yoast.com\/product\/yoast-seo-wordpress\/ -->\n<title>Kj\u00f8p Ecstasy- Philipp Plein Blue- 524mg MDMA-piller - Global Medicina<\/title>\n<meta name=\"description\" content=\"Kj\u00f8p Philipp Plein Blue- 524 Mg MDMA UK, Europa til den beste markedsprisen. Alle v\u00e5re produkter er laget med rene naturlige ingredienser fri for THC. Bestill online n\u00e5!\" \/>\n<meta name=\"robots\" content=\"index, follow, max-snippet:-1, max-image-preview:large, max-video-preview:-1\" \/>\n<link rel=\"canonical\" href=\"https:\/\/medicinasinc.com\/no\/product\/kjop-ecstasy-philipp-plein-bla-524-mg-mdma-piller\/\" \/>\n<meta property=\"og:locale\" content=\"nn_NO\" \/>\n<meta property=\"og:type\" content=\"article\" \/>\n<meta property=\"og:title\" content=\"Kj\u00f8p Ecstasy- Philipp Plein Blue- 524mg MDMA-piller - Global Medicina\" \/>\n<meta property=\"og:description\" content=\"Kj\u00f8p Philipp Plein Blue- 524 Mg MDMA UK, Europa til den beste markedsprisen. Alle v\u00e5re produkter er laget med rene naturlige ingredienser fri for THC. Bestill online n\u00e5!\" \/>\n<meta property=\"og:url\" content=\"https:\/\/medicinasinc.com\/no\/product\/kjop-ecstasy-philipp-plein-bla-524-mg-mdma-piller\/\" \/>\n<meta property=\"og:site_name\" content=\"Medicinas Inc\" \/>\n<meta property=\"article:modified_time\" content=\"2022-08-02T17:19:49+00:00\" \/>\n<meta property=\"og:image\" content=\"https:\/\/medicinasinc.com\/no\/wp-content\/uploads\/sites\/14\/2022\/02\/buy-xtc-philipp-plein-blue-524-mg-mdma-pills-online.jpg\" \/>\n\t<meta property=\"og:image:width\" content=\"600\" \/>\n\t<meta property=\"og:image:height\" content=\"600\" \/>\n\t<meta property=\"og:image:type\" content=\"image\/jpeg\" \/>\n<meta name=\"twitter:card\" content=\"summary_large_image\" \/>\n<meta name=\"twitter:label1\" content=\"Est. reading time\" \/>\n\t<meta name=\"twitter:data1\" content=\"1 minutt\" \/>\n<script type=\"application\/ld+json\" class=\"yoast-schema-graph\">{\"@context\":\"https:\\\/\\\/schema.org\",\"@graph\":[{\"@type\":\"WebPage\",\"@id\":\"https:\\\/\\\/medicinasinc.com\\\/no\\\/product\\\/kjop-ecstasy-philipp-plein-bla-524-mg-mdma-piller\\\/\",\"url\":\"https:\\\/\\\/medicinasinc.com\\\/no\\\/product\\\/kjop-ecstasy-philipp-plein-bla-524-mg-mdma-piller\\\/\",\"name\":\"Kj\u00f8p Ecstasy- Philipp Plein Blue- 524mg MDMA-piller - Global Medicina\",\"isPartOf\":{\"@id\":\"https:\\\/\\\/medicinasinc.com\\\/no\\\/#website\"},\"primaryImageOfPage\":{\"@id\":\"https:\\\/\\\/medicinasinc.com\\\/no\\\/product\\\/kjop-ecstasy-philipp-plein-bla-524-mg-mdma-piller\\\/#primaryimage\"},\"image\":{\"@id\":\"https:\\\/\\\/medicinasinc.com\\\/no\\\/product\\\/kjop-ecstasy-philipp-plein-bla-524-mg-mdma-piller\\\/#primaryimage\"},\"thumbnailUrl\":\"https:\\\/\\\/medicinasinc.com\\\/no\\\/wp-content\\\/uploads\\\/sites\\\/14\\\/2022\\\/02\\\/buy-xtc-philipp-plein-blue-524-mg-mdma-pills-online.jpg\",\"datePublished\":\"2022-02-20T13:31:58+00:00\",\"dateModified\":\"2022-08-02T17:19:49+00:00\",\"description\":\"Kj\u00f8p Philipp Plein Blue- 524 Mg MDMA UK, Europa til den beste markedsprisen. Alle v\u00e5re produkter er laget med rene naturlige ingredienser fri for THC. Bestill online n\u00e5!\",\"breadcrumb\":{\"@id\":\"https:\\\/\\\/medicinasinc.com\\\/no\\\/product\\\/kjop-ecstasy-philipp-plein-bla-524-mg-mdma-piller\\\/#breadcrumb\"},\"inLanguage\":\"nn-NO\",\"potentialAction\":[{\"@type\":\"ReadAction\",\"target\":[\"https:\\\/\\\/medicinasinc.com\\\/no\\\/product\\\/kjop-ecstasy-philipp-plein-bla-524-mg-mdma-piller\\\/\"]}]},{\"@type\":\"ImageObject\",\"inLanguage\":\"nn-NO\",\"@id\":\"https:\\\/\\\/medicinasinc.com\\\/no\\\/product\\\/kjop-ecstasy-philipp-plein-bla-524-mg-mdma-piller\\\/#primaryimage\",\"url\":\"https:\\\/\\\/medicinasinc.com\\\/no\\\/wp-content\\\/uploads\\\/sites\\\/14\\\/2022\\\/02\\\/buy-xtc-philipp-plein-blue-524-mg-mdma-pills-online.jpg\",\"contentUrl\":\"https:\\\/\\\/medicinasinc.com\\\/no\\\/wp-content\\\/uploads\\\/sites\\\/14\\\/2022\\\/02\\\/buy-xtc-philipp-plein-blue-524-mg-mdma-pills-online.jpg\",\"width\":600,\"height\":600},{\"@type\":\"BreadcrumbList\",\"@id\":\"https:\\\/\\\/medicinasinc.com\\\/no\\\/product\\\/kjop-ecstasy-philipp-plein-bla-524-mg-mdma-piller\\\/#breadcrumb\",\"itemListElement\":[{\"@type\":\"ListItem\",\"position\":1,\"name\":\"Butikk\",\"item\":\"https:\\\/\\\/medicinasinc.com\\\/no\\\/butikk\\\/\"},{\"@type\":\"ListItem\",\"position\":2,\"name\":\"Kj\u00f8p Ecstasy- Philipp Plein Blue- 524mg MDMA-piller\"}]},{\"@type\":\"WebSite\",\"@id\":\"https:\\\/\\\/medicinasinc.com\\\/no\\\/#website\",\"url\":\"https:\\\/\\\/medicinasinc.com\\\/no\\\/\",\"name\":\"Medicinas Inc\",\"description\":\"Helsemedisinsk klinikk\",\"potentialAction\":[{\"@type\":\"SearchAction\",\"target\":{\"@type\":\"EntryPoint\",\"urlTemplate\":\"https:\\\/\\\/medicinasinc.com\\\/no\\\/?s={search_term_string}\"},\"query-input\":{\"@type\":\"PropertyValueSpecification\",\"valueRequired\":true,\"valueName\":\"search_term_string\"}}],\"inLanguage\":\"nn-NO\"}]}<\/script>\n<!-- \/ Yoast SEO plugin. -->","yoast_head_json":{"title":"Kj\u00f8p Ecstasy- Philipp Plein Blue- 524mg MDMA-piller - Global Medicina","description":"Kj\u00f8p Philipp Plein Blue- 524 Mg MDMA UK, Europa til den beste markedsprisen. Alle v\u00e5re produkter er laget med rene naturlige ingredienser fri for THC. Bestill online n\u00e5!","robots":{"index":"index","follow":"follow","max-snippet":"max-snippet:-1","max-image-preview":"max-image-preview:large","max-video-preview":"max-video-preview:-1"},"canonical":"https:\/\/medicinasinc.com\/no\/product\/kjop-ecstasy-philipp-plein-bla-524-mg-mdma-piller\/","og_locale":"nn_NO","og_type":"article","og_title":"Kj\u00f8p Ecstasy- Philipp Plein Blue- 524mg MDMA-piller - Global Medicina","og_description":"Kj\u00f8p Philipp Plein Blue- 524 Mg MDMA UK, Europa til den beste markedsprisen. Alle v\u00e5re produkter er laget med rene naturlige ingredienser fri for THC. Bestill online n\u00e5!","og_url":"https:\/\/medicinasinc.com\/no\/product\/kjop-ecstasy-philipp-plein-bla-524-mg-mdma-piller\/","og_site_name":"Medicinas Inc","article_modified_time":"2022-08-02T17:19:49+00:00","og_image":[{"width":600,"height":600,"url":"https:\/\/medicinasinc.com\/no\/wp-content\/uploads\/sites\/14\/2022\/02\/buy-xtc-philipp-plein-blue-524-mg-mdma-pills-online.jpg","type":"image\/jpeg"}],"twitter_card":"summary_large_image","twitter_misc":{"Est. reading time":"1 minutt"},"schema":{"@context":"https:\/\/schema.org","@graph":[{"@type":"WebPage","@id":"https:\/\/medicinasinc.com\/no\/product\/kjop-ecstasy-philipp-plein-bla-524-mg-mdma-piller\/","url":"https:\/\/medicinasinc.com\/no\/product\/kjop-ecstasy-philipp-plein-bla-524-mg-mdma-piller\/","name":"Kj\u00f8p Ecstasy- Philipp Plein Blue- 524mg MDMA-piller - Global Medicina","isPartOf":{"@id":"https:\/\/medicinasinc.com\/no\/#website"},"primaryImageOfPage":{"@id":"https:\/\/medicinasinc.com\/no\/product\/kjop-ecstasy-philipp-plein-bla-524-mg-mdma-piller\/#primaryimage"},"image":{"@id":"https:\/\/medicinasinc.com\/no\/product\/kjop-ecstasy-philipp-plein-bla-524-mg-mdma-piller\/#primaryimage"},"thumbnailUrl":"https:\/\/medicinasinc.com\/no\/wp-content\/uploads\/sites\/14\/2022\/02\/buy-xtc-philipp-plein-blue-524-mg-mdma-pills-online.jpg","datePublished":"2022-02-20T13:31:58+00:00","dateModified":"2022-08-02T17:19:49+00:00","description":"Kj\u00f8p Philipp Plein Blue- 524 Mg MDMA UK, Europa til den beste markedsprisen. Alle v\u00e5re produkter er laget med rene naturlige ingredienser fri for THC. Bestill online n\u00e5!","breadcrumb":{"@id":"https:\/\/medicinasinc.com\/no\/product\/kjop-ecstasy-philipp-plein-bla-524-mg-mdma-piller\/#breadcrumb"},"inLanguage":"nn-NO","potentialAction":[{"@type":"ReadAction","target":["https:\/\/medicinasinc.com\/no\/product\/kjop-ecstasy-philipp-plein-bla-524-mg-mdma-piller\/"]}]},{"@type":"ImageObject","inLanguage":"nn-NO","@id":"https:\/\/medicinasinc.com\/no\/product\/kjop-ecstasy-philipp-plein-bla-524-mg-mdma-piller\/#primaryimage","url":"https:\/\/medicinasinc.com\/no\/wp-content\/uploads\/sites\/14\/2022\/02\/buy-xtc-philipp-plein-blue-524-mg-mdma-pills-online.jpg","contentUrl":"https:\/\/medicinasinc.com\/no\/wp-content\/uploads\/sites\/14\/2022\/02\/buy-xtc-philipp-plein-blue-524-mg-mdma-pills-online.jpg","width":600,"height":600},{"@type":"BreadcrumbList","@id":"https:\/\/medicinasinc.com\/no\/product\/kjop-ecstasy-philipp-plein-bla-524-mg-mdma-piller\/#breadcrumb","itemListElement":[{"@type":"ListItem","position":1,"name":"Butikk","item":"https:\/\/medicinasinc.com\/no\/butikk\/"},{"@type":"ListItem","position":2,"name":"Kj\u00f8p Ecstasy- Philipp Plein Blue- 524mg MDMA-piller"}]},{"@type":"WebSite","@id":"https:\/\/medicinasinc.com\/no\/#website","url":"https:\/\/medicinasinc.com\/no\/","name":"Medicinas Inc","description":"Helsemedisinsk klinikk","potentialAction":[{"@type":"SearchAction","target":{"@type":"EntryPoint","urlTemplate":"https:\/\/medicinasinc.com\/no\/?s={search_term_string}"},"query-input":{"@type":"PropertyValueSpecification","valueRequired":true,"valueName":"search_term_string"}}],"inLanguage":"nn-NO"}]}},"_links":{"self":[{"href":"https:\/\/medicinasinc.com\/no\/wp-json\/wp\/v2\/product\/4592","targetHints":{"allow":["GET"]}}],"collection":[{"href":"https:\/\/medicinasinc.com\/no\/wp-json\/wp\/v2\/product"}],"about":[{"href":"https:\/\/medicinasinc.com\/no\/wp-json\/wp\/v2\/types\/product"}],"replies":[{"embeddable":true,"href":"https:\/\/medicinasinc.com\/no\/wp-json\/wp\/v2\/comments?post=4592"}],"wp:featuredmedia":[{"embeddable":true,"href":"https:\/\/medicinasinc.com\/no\/wp-json\/wp\/v2\/media\/4605"}],"wp:attachment":[{"href":"https:\/\/medicinasinc.com\/no\/wp-json\/wp\/v2\/media?parent=4592"}],"wp:term":[{"taxonomy":"product_brand","embeddable":true,"href":"https:\/\/medicinasinc.com\/no\/wp-json\/wp\/v2\/product_brand?post=4592"},{"taxonomy":"product_cat","embeddable":true,"href":"https:\/\/medicinasinc.com\/no\/wp-json\/wp\/v2\/product_cat?post=4592"},{"taxonomy":"product_tag","embeddable":true,"href":"https:\/\/medicinasinc.com\/no\/wp-json\/wp\/v2\/product_tag?post=4592"}],"curies":[{"name":"wp","href":"https:\/\/api.w.org\/{rel}","templated":true}]}}