{"id":4576,"date":"2022-02-20T13:20:42","date_gmt":"2022-02-20T13:20:42","guid":{"rendered":"https:\/\/medicinasinc.com\/no\/?post_type=product&#038;p=4576"},"modified":"2022-03-22T01:15:04","modified_gmt":"2022-03-22T01:15:04","slug":"kjop-oransje-tesla-ecstasy-piller","status":"publish","type":"product","link":"https:\/\/medicinasinc.com\/no\/product\/kjop-oransje-tesla-ecstasy-piller\/","title":{"rendered":"Kj\u00f8p oransje Tesla Ecstasy-piller"},"content":{"rendered":"<p>Oransje Tesla Ecstasy Pills Kj\u00f8p<\/p>\n<p>3,4 methylenedioxy-metamfetamin er den aktive ingrediensen i Orange Tesla ecstasy piller (MDMA). De sm\u00e5 oransje nettbrettene er formet som et skjold og b\u00e6rer ordet &laquo;Tesla&raquo; over Tesla-logoen i form av en t.<\/p>\n<p>De lyser i m\u00f8rket og noen er drysset med lilla glitter.<\/p>\n<p>De er popul\u00e6re fordi de er sterke, har et morsomt design og assosieres med et kjent merke med et positivt rykte. Flertallet av mennesker er mer sannsynlig \u00e5 kj\u00f8pe en ecstasy-pille med en anerkjent logo enn en vanlig hvit pille laget av noen.<\/p>\n<p>Men oransje Tesla-piller har ingenting \u00e5 gj\u00f8re med Elon Musks Tesla, en amerikansk bilprodusent og ren energiselskap.<\/p>\n<p>Merkevarebyggingen inneb\u00e6rer ikke at de er av h\u00f8y kvalitet eller til og med jevn kvalitet. Ved \u00e5 bruke en lignende presse og fargestoff kan hvem som helst kopiere en oransje Tesla ecstasy-pille.<\/p>\n","protected":false},"excerpt":{"rendered":"<p>Kj\u00f8p Orange Tesla Ecstasy Pills for salg Europa, Storbritannia. Kj\u00f8p ecstasy p\u00e5 nett, ecstasy-selger, bestill ecstasy-piller p\u00e5 nett, vi har de mest rene og beste produktene.<\/p>\n<p>P\u00e5 Best globale medisiner\u00a0kan du kj\u00f8pe ekte Tesla Ecstasy-piller til en overkommelig pris. Alle produktene er laboratorietestet og av h\u00f8yeste kvalitet.<\/p>\n","protected":false},"featured_media":4589,"comment_status":"open","ping_status":"closed","template":"","meta":[],"product_brand":[],"product_cat":[498],"product_tag":[554,555,556,558,559,560,561,566,557,575,565,562,563,564,567,568,570,569,571,573,572,574],"class_list":{"0":"post-4576","1":"product","2":"type-product","3":"status-publish","4":"has-post-thumbnail","6":"product_cat-kjp-ecstasy-piller","7":"product_tag-bl-tesla-ecstasy","8":"product_tag-bl-tesla-pille-mg","9":"product_tag-bllys-oransje-tesla-ecstasy-vs-molly","10":"product_tag-ecstasy-piller-tesla-stempel-fra-nederland","11":"product_tag-ecstasy-press-piller-tesla","12":"product_tag-ecstasy-tesla","13":"product_tag-extacy-pille-bilder","14":"product_tag-fersken-hard-tesla-ecstasy-med-score-p-ryggen","15":"product_tag-forskjellige-ekstacy-piller-liste","16":"product_tag-gul-tesla-ecstasy-tampa","17":"product_tag-orange-tesla-pill-effects","18":"product_tag-orange-tesla-2021","19":"product_tag-orange-tesla-ecstasy-mg","20":"product_tag-oransje-tesla-ecstasy-piller-los-angeles-2019","21":"product_tag-reddit-ecstasy-pill-rating-tesla-vs-punisher-vs","22":"product_tag-tesla-ecstasy","23":"product_tag-tesla-ecstasy-anmeldelse","24":"product_tag-tesla-ecstasy-pille","25":"product_tag-tesla-ecstasy-tampa","26":"product_tag-tesla-pille-advarsel","27":"product_tag-tesla-pille-bl-effekter","28":"product_tag-tesla-piller-bl","30":"first","31":"instock","32":"shipping-taxable","33":"purchasable","34":"product-type-variable","35":"has-default-attributes"},"yoast_head":"<!-- This site is optimized with the Yoast SEO plugin v27.3 - https:\/\/yoast.com\/product\/yoast-seo-wordpress\/ -->\n<title>Kj\u00f8p oransje Tesla Ecstasy Pills - Beste beste globale medisiner<\/title>\n<meta name=\"description\" content=\"Kj\u00f8p Orange Tesla Ecstasy Pills for salg Europa, Storbritannia. Kj\u00f8p Ecstasy Online, Ecstasy-selger, Bestill ecstasy-piller p\u00e5 nett, vi har de mest rene og beste produktene.\" \/>\n<meta name=\"robots\" content=\"index, follow, max-snippet:-1, max-image-preview:large, max-video-preview:-1\" \/>\n<link rel=\"canonical\" href=\"https:\/\/medicinasinc.com\/no\/product\/kjop-oransje-tesla-ecstasy-piller\/\" \/>\n<meta property=\"og:locale\" content=\"nn_NO\" \/>\n<meta property=\"og:type\" content=\"article\" \/>\n<meta property=\"og:title\" content=\"Kj\u00f8p oransje Tesla Ecstasy Pills - Beste beste globale medisiner\" \/>\n<meta property=\"og:description\" content=\"Kj\u00f8p Orange Tesla Ecstasy Pills for salg Europa, Storbritannia. Kj\u00f8p Ecstasy Online, Ecstasy-selger, Bestill ecstasy-piller p\u00e5 nett, vi har de mest rene og beste produktene.\" \/>\n<meta property=\"og:url\" content=\"https:\/\/medicinasinc.com\/no\/product\/kjop-oransje-tesla-ecstasy-piller\/\" \/>\n<meta property=\"og:site_name\" content=\"Medicinas Inc\" \/>\n<meta property=\"article:modified_time\" content=\"2022-03-22T01:15:04+00:00\" \/>\n<meta property=\"og:image\" content=\"https:\/\/medicinasinc.com\/no\/wp-content\/uploads\/sites\/14\/2022\/02\/Buy-Orange-Tesla-Ecstasy-Pills.jpg\" \/>\n\t<meta property=\"og:image:width\" content=\"747\" \/>\n\t<meta property=\"og:image:height\" content=\"560\" \/>\n\t<meta property=\"og:image:type\" content=\"image\/jpeg\" \/>\n<meta name=\"twitter:card\" content=\"summary_large_image\" \/>\n<meta name=\"twitter:label1\" content=\"Est. reading time\" \/>\n\t<meta name=\"twitter:data1\" content=\"1 minutt\" \/>\n<script type=\"application\/ld+json\" class=\"yoast-schema-graph\">{\"@context\":\"https:\\\/\\\/schema.org\",\"@graph\":[{\"@type\":\"WebPage\",\"@id\":\"https:\\\/\\\/medicinasinc.com\\\/no\\\/product\\\/kjop-oransje-tesla-ecstasy-piller\\\/\",\"url\":\"https:\\\/\\\/medicinasinc.com\\\/no\\\/product\\\/kjop-oransje-tesla-ecstasy-piller\\\/\",\"name\":\"Kj\u00f8p oransje Tesla Ecstasy Pills - Beste beste globale medisiner\",\"isPartOf\":{\"@id\":\"https:\\\/\\\/medicinasinc.com\\\/no\\\/#website\"},\"primaryImageOfPage\":{\"@id\":\"https:\\\/\\\/medicinasinc.com\\\/no\\\/product\\\/kjop-oransje-tesla-ecstasy-piller\\\/#primaryimage\"},\"image\":{\"@id\":\"https:\\\/\\\/medicinasinc.com\\\/no\\\/product\\\/kjop-oransje-tesla-ecstasy-piller\\\/#primaryimage\"},\"thumbnailUrl\":\"https:\\\/\\\/medicinasinc.com\\\/no\\\/wp-content\\\/uploads\\\/sites\\\/14\\\/2022\\\/02\\\/Buy-Orange-Tesla-Ecstasy-Pills.jpg\",\"datePublished\":\"2022-02-20T13:20:42+00:00\",\"dateModified\":\"2022-03-22T01:15:04+00:00\",\"description\":\"Kj\u00f8p Orange Tesla Ecstasy Pills for salg Europa, Storbritannia. Kj\u00f8p Ecstasy Online, Ecstasy-selger, Bestill ecstasy-piller p\u00e5 nett, vi har de mest rene og beste produktene.\",\"breadcrumb\":{\"@id\":\"https:\\\/\\\/medicinasinc.com\\\/no\\\/product\\\/kjop-oransje-tesla-ecstasy-piller\\\/#breadcrumb\"},\"inLanguage\":\"nn-NO\",\"potentialAction\":[{\"@type\":\"ReadAction\",\"target\":[\"https:\\\/\\\/medicinasinc.com\\\/no\\\/product\\\/kjop-oransje-tesla-ecstasy-piller\\\/\"]}]},{\"@type\":\"ImageObject\",\"inLanguage\":\"nn-NO\",\"@id\":\"https:\\\/\\\/medicinasinc.com\\\/no\\\/product\\\/kjop-oransje-tesla-ecstasy-piller\\\/#primaryimage\",\"url\":\"https:\\\/\\\/medicinasinc.com\\\/no\\\/wp-content\\\/uploads\\\/sites\\\/14\\\/2022\\\/02\\\/Buy-Orange-Tesla-Ecstasy-Pills.jpg\",\"contentUrl\":\"https:\\\/\\\/medicinasinc.com\\\/no\\\/wp-content\\\/uploads\\\/sites\\\/14\\\/2022\\\/02\\\/Buy-Orange-Tesla-Ecstasy-Pills.jpg\",\"width\":747,\"height\":560},{\"@type\":\"BreadcrumbList\",\"@id\":\"https:\\\/\\\/medicinasinc.com\\\/no\\\/product\\\/kjop-oransje-tesla-ecstasy-piller\\\/#breadcrumb\",\"itemListElement\":[{\"@type\":\"ListItem\",\"position\":1,\"name\":\"Butikk\",\"item\":\"https:\\\/\\\/medicinasinc.com\\\/no\\\/butikk\\\/\"},{\"@type\":\"ListItem\",\"position\":2,\"name\":\"Kj\u00f8p oransje Tesla Ecstasy-piller\"}]},{\"@type\":\"WebSite\",\"@id\":\"https:\\\/\\\/medicinasinc.com\\\/no\\\/#website\",\"url\":\"https:\\\/\\\/medicinasinc.com\\\/no\\\/\",\"name\":\"Medicinas Inc\",\"description\":\"Helsemedisinsk klinikk\",\"potentialAction\":[{\"@type\":\"SearchAction\",\"target\":{\"@type\":\"EntryPoint\",\"urlTemplate\":\"https:\\\/\\\/medicinasinc.com\\\/no\\\/?s={search_term_string}\"},\"query-input\":{\"@type\":\"PropertyValueSpecification\",\"valueRequired\":true,\"valueName\":\"search_term_string\"}}],\"inLanguage\":\"nn-NO\"}]}<\/script>\n<!-- \/ Yoast SEO plugin. -->","yoast_head_json":{"title":"Kj\u00f8p oransje Tesla Ecstasy Pills - Beste beste globale medisiner","description":"Kj\u00f8p Orange Tesla Ecstasy Pills for salg Europa, Storbritannia. Kj\u00f8p Ecstasy Online, Ecstasy-selger, Bestill ecstasy-piller p\u00e5 nett, vi har de mest rene og beste produktene.","robots":{"index":"index","follow":"follow","max-snippet":"max-snippet:-1","max-image-preview":"max-image-preview:large","max-video-preview":"max-video-preview:-1"},"canonical":"https:\/\/medicinasinc.com\/no\/product\/kjop-oransje-tesla-ecstasy-piller\/","og_locale":"nn_NO","og_type":"article","og_title":"Kj\u00f8p oransje Tesla Ecstasy Pills - Beste beste globale medisiner","og_description":"Kj\u00f8p Orange Tesla Ecstasy Pills for salg Europa, Storbritannia. Kj\u00f8p Ecstasy Online, Ecstasy-selger, Bestill ecstasy-piller p\u00e5 nett, vi har de mest rene og beste produktene.","og_url":"https:\/\/medicinasinc.com\/no\/product\/kjop-oransje-tesla-ecstasy-piller\/","og_site_name":"Medicinas Inc","article_modified_time":"2022-03-22T01:15:04+00:00","og_image":[{"width":747,"height":560,"url":"https:\/\/medicinasinc.com\/no\/wp-content\/uploads\/sites\/14\/2022\/02\/Buy-Orange-Tesla-Ecstasy-Pills.jpg","type":"image\/jpeg"}],"twitter_card":"summary_large_image","twitter_misc":{"Est. reading time":"1 minutt"},"schema":{"@context":"https:\/\/schema.org","@graph":[{"@type":"WebPage","@id":"https:\/\/medicinasinc.com\/no\/product\/kjop-oransje-tesla-ecstasy-piller\/","url":"https:\/\/medicinasinc.com\/no\/product\/kjop-oransje-tesla-ecstasy-piller\/","name":"Kj\u00f8p oransje Tesla Ecstasy Pills - Beste beste globale medisiner","isPartOf":{"@id":"https:\/\/medicinasinc.com\/no\/#website"},"primaryImageOfPage":{"@id":"https:\/\/medicinasinc.com\/no\/product\/kjop-oransje-tesla-ecstasy-piller\/#primaryimage"},"image":{"@id":"https:\/\/medicinasinc.com\/no\/product\/kjop-oransje-tesla-ecstasy-piller\/#primaryimage"},"thumbnailUrl":"https:\/\/medicinasinc.com\/no\/wp-content\/uploads\/sites\/14\/2022\/02\/Buy-Orange-Tesla-Ecstasy-Pills.jpg","datePublished":"2022-02-20T13:20:42+00:00","dateModified":"2022-03-22T01:15:04+00:00","description":"Kj\u00f8p Orange Tesla Ecstasy Pills for salg Europa, Storbritannia. Kj\u00f8p Ecstasy Online, Ecstasy-selger, Bestill ecstasy-piller p\u00e5 nett, vi har de mest rene og beste produktene.","breadcrumb":{"@id":"https:\/\/medicinasinc.com\/no\/product\/kjop-oransje-tesla-ecstasy-piller\/#breadcrumb"},"inLanguage":"nn-NO","potentialAction":[{"@type":"ReadAction","target":["https:\/\/medicinasinc.com\/no\/product\/kjop-oransje-tesla-ecstasy-piller\/"]}]},{"@type":"ImageObject","inLanguage":"nn-NO","@id":"https:\/\/medicinasinc.com\/no\/product\/kjop-oransje-tesla-ecstasy-piller\/#primaryimage","url":"https:\/\/medicinasinc.com\/no\/wp-content\/uploads\/sites\/14\/2022\/02\/Buy-Orange-Tesla-Ecstasy-Pills.jpg","contentUrl":"https:\/\/medicinasinc.com\/no\/wp-content\/uploads\/sites\/14\/2022\/02\/Buy-Orange-Tesla-Ecstasy-Pills.jpg","width":747,"height":560},{"@type":"BreadcrumbList","@id":"https:\/\/medicinasinc.com\/no\/product\/kjop-oransje-tesla-ecstasy-piller\/#breadcrumb","itemListElement":[{"@type":"ListItem","position":1,"name":"Butikk","item":"https:\/\/medicinasinc.com\/no\/butikk\/"},{"@type":"ListItem","position":2,"name":"Kj\u00f8p oransje Tesla Ecstasy-piller"}]},{"@type":"WebSite","@id":"https:\/\/medicinasinc.com\/no\/#website","url":"https:\/\/medicinasinc.com\/no\/","name":"Medicinas Inc","description":"Helsemedisinsk klinikk","potentialAction":[{"@type":"SearchAction","target":{"@type":"EntryPoint","urlTemplate":"https:\/\/medicinasinc.com\/no\/?s={search_term_string}"},"query-input":{"@type":"PropertyValueSpecification","valueRequired":true,"valueName":"search_term_string"}}],"inLanguage":"nn-NO"}]}},"_links":{"self":[{"href":"https:\/\/medicinasinc.com\/no\/wp-json\/wp\/v2\/product\/4576","targetHints":{"allow":["GET"]}}],"collection":[{"href":"https:\/\/medicinasinc.com\/no\/wp-json\/wp\/v2\/product"}],"about":[{"href":"https:\/\/medicinasinc.com\/no\/wp-json\/wp\/v2\/types\/product"}],"replies":[{"embeddable":true,"href":"https:\/\/medicinasinc.com\/no\/wp-json\/wp\/v2\/comments?post=4576"}],"wp:featuredmedia":[{"embeddable":true,"href":"https:\/\/medicinasinc.com\/no\/wp-json\/wp\/v2\/media\/4589"}],"wp:attachment":[{"href":"https:\/\/medicinasinc.com\/no\/wp-json\/wp\/v2\/media?parent=4576"}],"wp:term":[{"taxonomy":"product_brand","embeddable":true,"href":"https:\/\/medicinasinc.com\/no\/wp-json\/wp\/v2\/product_brand?post=4576"},{"taxonomy":"product_cat","embeddable":true,"href":"https:\/\/medicinasinc.com\/no\/wp-json\/wp\/v2\/product_cat?post=4576"},{"taxonomy":"product_tag","embeddable":true,"href":"https:\/\/medicinasinc.com\/no\/wp-json\/wp\/v2\/product_tag?post=4576"}],"curies":[{"name":"wp","href":"https:\/\/api.w.org\/{rel}","templated":true}]}}