{"id":4575,"date":"2022-02-20T13:20:33","date_gmt":"2022-02-20T13:20:33","guid":{"rendered":"https:\/\/medicinasinc.com\/no\/?post_type=product&#038;p=4575"},"modified":"2022-03-22T01:15:13","modified_gmt":"2022-03-22T01:15:13","slug":"kjop-bla-rolex-ecstasy-piller","status":"publish","type":"product","link":"https:\/\/medicinasinc.com\/no\/product\/kjop-bla-rolex-ecstasy-piller\/","title":{"rendered":"Kj\u00f8p Blue Rolex ecstasy-piller"},"content":{"rendered":"<p>Kj\u00f8p bl\u00e5 Rolex ecstasy piller i bulk p\u00e5 nettet.<\/p>\n<p>Kj\u00f8p Blue Rolex ecstasy piller i bulk p\u00e5 nettet.<\/p>\n<p>Ecstasy ble oppfunnet i 1912 av Merck narkotikaforhold. Den ble kalt &laquo;MDMA&raquo; p\u00e5 grunn av dens nye struktur. Den ble f\u00f8rst brukt av de amerikanske v\u00e6pnede styrkene i 1953 for mentale engasjementstester, og kom tilbake kort p\u00e5 1960-tallet som en psykoterapil\u00f8sning for &laquo;lavere hemninger.&raquo; 1 MDMA ble ikke brukt som en samlingsresept f\u00f8r p\u00e5 1970-tallet.<\/p>\n<p>P\u00e5 midten av 1980-tallet ble MDMA promotert som &laquo;den mest skummende tingen i teknikken med oppdraget om \u00e5 glede mennesker gjennom vitenskap&raquo; og \u00abi l\u00f8sning\u00bb for langvarige fester. MDMA var fortsatt allment tilgjengelig i 1984 under merkenavnet &laquo;Joy&raquo;, men i 1985 hadde medisinen blitt begrenset p\u00e5 grunn av sikkerhetshensyn.<br \/> Den bl\u00e5 Rolex-pillen kan v\u00e6re spesielt gunstig for enkeltpersoner som opplever problemer med knusekomponenter etter en fantastisk knuse. (PTSD). Mange pasienter er ikke i stand til \u00e5 diskutere de farlige hendelsene som utl\u00f8ste problemene deres. Oppfyllelse, spekuleres det i, kan hjelpe enkeltpersoner med \u00e5 forst\u00f8rre disse s\u00e5rene.<\/p>\n<p>Doblin, 50, er autentisk ikke en forberedt kapabilitet eller en monitor; Han har imidlertid et omfattende ansvar for narkotika, etter \u00e5 ha konsumert dem ved flere anledninger. &laquo;Det har gjort en betydelig forskjell i livet mitt,&raquo; forklarte han. I l\u00f8pet av de siste \u00e5rene har han investert i \u00e5 spre budskapet om at Joy og andre energigivende medisiner har grunnleggende suksess under ideelle forhold.<br \/> Hvis du virkelig s\u00f8ker etter en tilknytning som kan gi deg varer av beste kvalitet, har du komme til rett sted. Hos v\u00e5r stiftelse kan du velge de beste varene som vil hjelpe deg \u00e5 bygge din tillit og etablere et rimelig forhold til oss p\u00e5 grunn av muligheten for v\u00e5re varer. Gj\u00f8r ditt kj\u00f8p n\u00e5 og motta bl\u00e5bl\u00e5 Rolex-piller p\u00e5 d\u00f8rstokken innen fem virkedager.<\/p>\n","protected":false},"excerpt":{"rendered":"<div class=\"woocommerce-product-details__short-description\">\n<p>Kj\u00f8p Blue Rolex ecstasy-piller Storbritannia, Europa p\u00e5 nett fra en p\u00e5litelig og p\u00e5litelig leverand\u00f8r, bes\u00f8k butikken v\u00e5r og f\u00e5 toppkvalitetspillere og forskningskjemikalier til usl\u00e5elige priser.<\/p>\n<\/p><\/div>\n","protected":false},"featured_media":4587,"comment_status":"open","ping_status":"closed","template":"","meta":[],"product_brand":[],"product_cat":[498],"product_tag":[],"class_list":{"0":"post-4575","1":"product","2":"type-product","3":"status-publish","4":"has-post-thumbnail","6":"product_cat-kjp-ecstasy-piller","8":"first","9":"instock","10":"shipping-taxable","11":"purchasable","12":"product-type-variable","13":"has-default-attributes"},"yoast_head":"<!-- This site is optimized with the Yoast SEO plugin v27.3 - https:\/\/yoast.com\/product\/yoast-seo-wordpress\/ -->\n<title>Kj\u00f8p bl\u00e5 Rolex ecstasy-piller - Beste beste globale medisiner<\/title>\n<meta name=\"description\" content=\"Kj\u00f8p Blue Rolex ecstasy piller Storbritannia, Europa online fra en p\u00e5litelig og p\u00e5litelig leverand\u00f8r, Bes\u00f8k butikken v\u00e5r og f\u00e5 toppkvalitetspillere og forskningskjemikalier til usl\u00e5elige priser.\" \/>\n<meta name=\"robots\" content=\"index, follow, max-snippet:-1, max-image-preview:large, max-video-preview:-1\" \/>\n<link rel=\"canonical\" href=\"https:\/\/medicinasinc.com\/no\/product\/kjop-bla-rolex-ecstasy-piller\/\" \/>\n<meta property=\"og:locale\" content=\"nn_NO\" \/>\n<meta property=\"og:type\" content=\"article\" \/>\n<meta property=\"og:title\" content=\"Kj\u00f8p bl\u00e5 Rolex ecstasy-piller - Beste beste globale medisiner\" \/>\n<meta property=\"og:description\" content=\"Kj\u00f8p Blue Rolex ecstasy piller Storbritannia, Europa online fra en p\u00e5litelig og p\u00e5litelig leverand\u00f8r, Bes\u00f8k butikken v\u00e5r og f\u00e5 toppkvalitetspillere og forskningskjemikalier til usl\u00e5elige priser.\" \/>\n<meta property=\"og:url\" content=\"https:\/\/medicinasinc.com\/no\/product\/kjop-bla-rolex-ecstasy-piller\/\" \/>\n<meta property=\"og:site_name\" content=\"Medicinas Inc\" \/>\n<meta property=\"article:modified_time\" content=\"2022-03-22T01:15:13+00:00\" \/>\n<meta property=\"og:image\" content=\"https:\/\/medicinasinc.com\/no\/wp-content\/uploads\/sites\/14\/2022\/02\/buy-quality-blue-rolex-ecstasy-pills-online.jpg\" \/>\n\t<meta property=\"og:image:width\" content=\"600\" \/>\n\t<meta property=\"og:image:height\" content=\"600\" \/>\n\t<meta property=\"og:image:type\" content=\"image\/jpeg\" \/>\n<meta name=\"twitter:card\" content=\"summary_large_image\" \/>\n<script type=\"application\/ld+json\" class=\"yoast-schema-graph\">{\"@context\":\"https:\\\/\\\/schema.org\",\"@graph\":[{\"@type\":\"WebPage\",\"@id\":\"https:\\\/\\\/medicinasinc.com\\\/no\\\/product\\\/kjop-bla-rolex-ecstasy-piller\\\/\",\"url\":\"https:\\\/\\\/medicinasinc.com\\\/no\\\/product\\\/kjop-bla-rolex-ecstasy-piller\\\/\",\"name\":\"Kj\u00f8p bl\u00e5 Rolex ecstasy-piller - Beste beste globale medisiner\",\"isPartOf\":{\"@id\":\"https:\\\/\\\/medicinasinc.com\\\/no\\\/#website\"},\"primaryImageOfPage\":{\"@id\":\"https:\\\/\\\/medicinasinc.com\\\/no\\\/product\\\/kjop-bla-rolex-ecstasy-piller\\\/#primaryimage\"},\"image\":{\"@id\":\"https:\\\/\\\/medicinasinc.com\\\/no\\\/product\\\/kjop-bla-rolex-ecstasy-piller\\\/#primaryimage\"},\"thumbnailUrl\":\"https:\\\/\\\/medicinasinc.com\\\/no\\\/wp-content\\\/uploads\\\/sites\\\/14\\\/2022\\\/02\\\/buy-quality-blue-rolex-ecstasy-pills-online.jpg\",\"datePublished\":\"2022-02-20T13:20:33+00:00\",\"dateModified\":\"2022-03-22T01:15:13+00:00\",\"description\":\"Kj\u00f8p Blue Rolex ecstasy piller Storbritannia, Europa online fra en p\u00e5litelig og p\u00e5litelig leverand\u00f8r, Bes\u00f8k butikken v\u00e5r og f\u00e5 toppkvalitetspillere og forskningskjemikalier til usl\u00e5elige priser.\",\"breadcrumb\":{\"@id\":\"https:\\\/\\\/medicinasinc.com\\\/no\\\/product\\\/kjop-bla-rolex-ecstasy-piller\\\/#breadcrumb\"},\"inLanguage\":\"nn-NO\",\"potentialAction\":[{\"@type\":\"ReadAction\",\"target\":[\"https:\\\/\\\/medicinasinc.com\\\/no\\\/product\\\/kjop-bla-rolex-ecstasy-piller\\\/\"]}]},{\"@type\":\"ImageObject\",\"inLanguage\":\"nn-NO\",\"@id\":\"https:\\\/\\\/medicinasinc.com\\\/no\\\/product\\\/kjop-bla-rolex-ecstasy-piller\\\/#primaryimage\",\"url\":\"https:\\\/\\\/medicinasinc.com\\\/no\\\/wp-content\\\/uploads\\\/sites\\\/14\\\/2022\\\/02\\\/buy-quality-blue-rolex-ecstasy-pills-online.jpg\",\"contentUrl\":\"https:\\\/\\\/medicinasinc.com\\\/no\\\/wp-content\\\/uploads\\\/sites\\\/14\\\/2022\\\/02\\\/buy-quality-blue-rolex-ecstasy-pills-online.jpg\",\"width\":600,\"height\":600},{\"@type\":\"BreadcrumbList\",\"@id\":\"https:\\\/\\\/medicinasinc.com\\\/no\\\/product\\\/kjop-bla-rolex-ecstasy-piller\\\/#breadcrumb\",\"itemListElement\":[{\"@type\":\"ListItem\",\"position\":1,\"name\":\"Butikk\",\"item\":\"https:\\\/\\\/medicinasinc.com\\\/no\\\/butikk\\\/\"},{\"@type\":\"ListItem\",\"position\":2,\"name\":\"Kj\u00f8p Blue Rolex ecstasy-piller\"}]},{\"@type\":\"WebSite\",\"@id\":\"https:\\\/\\\/medicinasinc.com\\\/no\\\/#website\",\"url\":\"https:\\\/\\\/medicinasinc.com\\\/no\\\/\",\"name\":\"Medicinas Inc\",\"description\":\"Helsemedisinsk klinikk\",\"potentialAction\":[{\"@type\":\"SearchAction\",\"target\":{\"@type\":\"EntryPoint\",\"urlTemplate\":\"https:\\\/\\\/medicinasinc.com\\\/no\\\/?s={search_term_string}\"},\"query-input\":{\"@type\":\"PropertyValueSpecification\",\"valueRequired\":true,\"valueName\":\"search_term_string\"}}],\"inLanguage\":\"nn-NO\"}]}<\/script>\n<!-- \/ Yoast SEO plugin. -->","yoast_head_json":{"title":"Kj\u00f8p bl\u00e5 Rolex ecstasy-piller - Beste beste globale medisiner","description":"Kj\u00f8p Blue Rolex ecstasy piller Storbritannia, Europa online fra en p\u00e5litelig og p\u00e5litelig leverand\u00f8r, Bes\u00f8k butikken v\u00e5r og f\u00e5 toppkvalitetspillere og forskningskjemikalier til usl\u00e5elige priser.","robots":{"index":"index","follow":"follow","max-snippet":"max-snippet:-1","max-image-preview":"max-image-preview:large","max-video-preview":"max-video-preview:-1"},"canonical":"https:\/\/medicinasinc.com\/no\/product\/kjop-bla-rolex-ecstasy-piller\/","og_locale":"nn_NO","og_type":"article","og_title":"Kj\u00f8p bl\u00e5 Rolex ecstasy-piller - Beste beste globale medisiner","og_description":"Kj\u00f8p Blue Rolex ecstasy piller Storbritannia, Europa online fra en p\u00e5litelig og p\u00e5litelig leverand\u00f8r, Bes\u00f8k butikken v\u00e5r og f\u00e5 toppkvalitetspillere og forskningskjemikalier til usl\u00e5elige priser.","og_url":"https:\/\/medicinasinc.com\/no\/product\/kjop-bla-rolex-ecstasy-piller\/","og_site_name":"Medicinas Inc","article_modified_time":"2022-03-22T01:15:13+00:00","og_image":[{"width":600,"height":600,"url":"https:\/\/medicinasinc.com\/no\/wp-content\/uploads\/sites\/14\/2022\/02\/buy-quality-blue-rolex-ecstasy-pills-online.jpg","type":"image\/jpeg"}],"twitter_card":"summary_large_image","schema":{"@context":"https:\/\/schema.org","@graph":[{"@type":"WebPage","@id":"https:\/\/medicinasinc.com\/no\/product\/kjop-bla-rolex-ecstasy-piller\/","url":"https:\/\/medicinasinc.com\/no\/product\/kjop-bla-rolex-ecstasy-piller\/","name":"Kj\u00f8p bl\u00e5 Rolex ecstasy-piller - Beste beste globale medisiner","isPartOf":{"@id":"https:\/\/medicinasinc.com\/no\/#website"},"primaryImageOfPage":{"@id":"https:\/\/medicinasinc.com\/no\/product\/kjop-bla-rolex-ecstasy-piller\/#primaryimage"},"image":{"@id":"https:\/\/medicinasinc.com\/no\/product\/kjop-bla-rolex-ecstasy-piller\/#primaryimage"},"thumbnailUrl":"https:\/\/medicinasinc.com\/no\/wp-content\/uploads\/sites\/14\/2022\/02\/buy-quality-blue-rolex-ecstasy-pills-online.jpg","datePublished":"2022-02-20T13:20:33+00:00","dateModified":"2022-03-22T01:15:13+00:00","description":"Kj\u00f8p Blue Rolex ecstasy piller Storbritannia, Europa online fra en p\u00e5litelig og p\u00e5litelig leverand\u00f8r, Bes\u00f8k butikken v\u00e5r og f\u00e5 toppkvalitetspillere og forskningskjemikalier til usl\u00e5elige priser.","breadcrumb":{"@id":"https:\/\/medicinasinc.com\/no\/product\/kjop-bla-rolex-ecstasy-piller\/#breadcrumb"},"inLanguage":"nn-NO","potentialAction":[{"@type":"ReadAction","target":["https:\/\/medicinasinc.com\/no\/product\/kjop-bla-rolex-ecstasy-piller\/"]}]},{"@type":"ImageObject","inLanguage":"nn-NO","@id":"https:\/\/medicinasinc.com\/no\/product\/kjop-bla-rolex-ecstasy-piller\/#primaryimage","url":"https:\/\/medicinasinc.com\/no\/wp-content\/uploads\/sites\/14\/2022\/02\/buy-quality-blue-rolex-ecstasy-pills-online.jpg","contentUrl":"https:\/\/medicinasinc.com\/no\/wp-content\/uploads\/sites\/14\/2022\/02\/buy-quality-blue-rolex-ecstasy-pills-online.jpg","width":600,"height":600},{"@type":"BreadcrumbList","@id":"https:\/\/medicinasinc.com\/no\/product\/kjop-bla-rolex-ecstasy-piller\/#breadcrumb","itemListElement":[{"@type":"ListItem","position":1,"name":"Butikk","item":"https:\/\/medicinasinc.com\/no\/butikk\/"},{"@type":"ListItem","position":2,"name":"Kj\u00f8p Blue Rolex ecstasy-piller"}]},{"@type":"WebSite","@id":"https:\/\/medicinasinc.com\/no\/#website","url":"https:\/\/medicinasinc.com\/no\/","name":"Medicinas Inc","description":"Helsemedisinsk klinikk","potentialAction":[{"@type":"SearchAction","target":{"@type":"EntryPoint","urlTemplate":"https:\/\/medicinasinc.com\/no\/?s={search_term_string}"},"query-input":{"@type":"PropertyValueSpecification","valueRequired":true,"valueName":"search_term_string"}}],"inLanguage":"nn-NO"}]}},"_links":{"self":[{"href":"https:\/\/medicinasinc.com\/no\/wp-json\/wp\/v2\/product\/4575","targetHints":{"allow":["GET"]}}],"collection":[{"href":"https:\/\/medicinasinc.com\/no\/wp-json\/wp\/v2\/product"}],"about":[{"href":"https:\/\/medicinasinc.com\/no\/wp-json\/wp\/v2\/types\/product"}],"replies":[{"embeddable":true,"href":"https:\/\/medicinasinc.com\/no\/wp-json\/wp\/v2\/comments?post=4575"}],"wp:featuredmedia":[{"embeddable":true,"href":"https:\/\/medicinasinc.com\/no\/wp-json\/wp\/v2\/media\/4587"}],"wp:attachment":[{"href":"https:\/\/medicinasinc.com\/no\/wp-json\/wp\/v2\/media?parent=4575"}],"wp:term":[{"taxonomy":"product_brand","embeddable":true,"href":"https:\/\/medicinasinc.com\/no\/wp-json\/wp\/v2\/product_brand?post=4575"},{"taxonomy":"product_cat","embeddable":true,"href":"https:\/\/medicinasinc.com\/no\/wp-json\/wp\/v2\/product_cat?post=4575"},{"taxonomy":"product_tag","embeddable":true,"href":"https:\/\/medicinasinc.com\/no\/wp-json\/wp\/v2\/product_tag?post=4575"}],"curies":[{"name":"wp","href":"https:\/\/api.w.org\/{rel}","templated":true}]}}