{"id":4535,"date":"2022-02-20T10:31:14","date_gmt":"2022-02-20T10:31:14","guid":{"rendered":"https:\/\/medicinasinc.com\/no\/?post_type=product&#038;p=4535"},"modified":"2022-03-22T01:15:46","modified_gmt":"2022-03-22T01:15:46","slug":"kjop-gra-bugatti-mdma-piller","status":"publish","type":"product","link":"https:\/\/medicinasinc.com\/no\/product\/kjop-gra-bugatti-mdma-piller\/","title":{"rendered":"Kj\u00f8p Gr\u00e5 Bugatti MDMA-piller"},"content":{"rendered":"<p>NETTKJ\u00d8P GR\u00c5 BUGATTI MDMA-PILLER<\/p>\n<p>MDMA (metamfetamin-metylendioksymetamfetamin) er et syntetisk sentralstimulerende middel som endrer oppfatning og hum\u00f8r (bevissthet om omgivelser og gjenstander). Kjemisk ligner det p\u00e5 hallusinogener og sentralstimulerende midler, og fremkaller f\u00f8lelser av \u00f8kt nytelse, energi, f\u00f8lelsesmessig varme, tidsoppfatning og forvrengt sanseoppfatning. Kj\u00f8p ren mdma p\u00e5 nettet.<\/p>\n<p>MDMA var opprinnelig popul\u00e6rt p\u00e5 dansefester hele natten og i nattklubbmilj\u00f8et, men stoffet p\u00e5virker n\u00e5 en mangfoldig gruppe mennesker som omtaler det som Molly eller Ecstasy. Kj\u00f8p p\u00e5 nett av Gr\u00e5 Bugatti MDMA-piller<\/p>\n<p>Ecstasy er et sentralstimulerende stoff som har potensial til \u00e5 for\u00e5rsake hallusinasjoner. Enkeltpersoner blir referert til som et designerstoff fordi de f\u00e5r en person til \u00e5 f\u00f8le seg avslappet, energisk og h\u00f8y. Stoffet er spesielt popul\u00e6rt blant unge voksne og ten\u00e5ringer som deltar p\u00e5 konserter, klubber og &laquo;rave&raquo;-fester. Kj\u00f8p mdma p\u00e5 nettet<\/p>\n<p>Ecstasy blir ofte referert til som &laquo;kj\u00e6rlighetspillen&raquo; fordi den forbedrer oppfatningen av lyd og farger og angivelig forsterker f\u00f8lelsene n\u00e5r man kj\u00e6rtegner eller tar p\u00e5 en annen, spesielt under sex. Du kan ogs\u00e5 kj\u00f8pe Viagra for forbedret sexytelse.<\/p>\n<p>Brukere tror at stoffet vil f\u00e5 dem til \u00e5 f\u00f8le seg avslappet og friske, og vil holde dem i gang i flere dager uten hvile. Personer som bruker Ecstasy er uvitende om farene forbundet med denne medisinen. Hvor kan jeg kj\u00f8pe ren mdma p\u00e5 nettet?<\/p>\n<p>Ecstasy har blitt en av de mest tilgjengelige gatenarkotika. Ecstasy har sendt flere av oss til akuttmottak de siste par \u00e5rene p\u00e5 grunn av farlige bivirkninger. Bestill MDMA i EU, kan jeg kj\u00f8pe MDMA p\u00e5 nettet, engros MDMA p\u00e5 nettet, ren MDMA til salgs p\u00e5 nettet, ekte MDMA til salgs p\u00e5 nettet i USA<\/p>\n","protected":false},"excerpt":{"rendered":"<p>Kj\u00f8p Gr\u00e5 Bugatti MDMA-piller for salg p\u00e5 nett til den beste prisen. Vi garanterer trygg og sikker frakt over hele verden. Bestill MDMA i EU, kan jeg kj\u00f8pe MDMA p\u00e5 nettet, engros MDMA p\u00e5 nettet<\/p>\n<p><em>Kj\u00f8p Gr\u00e5 Bugatti MDMA-piller<\/em>\u00a0p\u00e5 nettet til den beste prisen. Vi garanterer trygg og sikker frakt over hele verden. WhatsApp oss n\u00e5<\/p>\n","protected":false},"featured_media":4558,"comment_status":"open","ping_status":"closed","template":"","meta":[],"product_brand":[],"product_cat":[498],"product_tag":[539,540,499,501,502,503,506,508,543,509,547,544,545,546,510,511,507,500,504,505,512,513,514,515,516,530,531,521,522,524,523,529,526,525,527,528,532,533,535,534,517,520,519,518,536,538,537,541,542],"class_list":{"0":"post-4535","1":"product","2":"type-product","3":"status-publish","4":"has-post-thumbnail","6":"product_cat-kjp-ecstasy-piller","7":"product_tag-bestille-mdma-online","8":"product_tag-bestille-ren-mdma-online","9":"product_tag-buy-gray-bugatti-mdma-pills-online","10":"product_tag-buy-mdma-online","11":"product_tag-buy-mdma-pills","12":"product_tag-buy-mdma-pills-online","13":"product_tag-buy-pure-mdma-online","14":"product_tag-can-i-order-mdma-online","15":"product_tag-real-mdma-til-salg-online","16":"product_tag-f-mdma-online","17":"product_tag-hvor-kan-kjpe-pure-molly-online","18":"product_tag-hvor-kan-kjpe-mdma-piller","19":"product_tag-hvor-kan-kjpe-mdma-piller-online","20":"product_tag-hvor-kan-kjpe-ren-mdma-online","21":"product_tag-hvordan-bestille-mdma","22":"product_tag-illegal-drugs-for-sale-online-mdma","23":"product_tag-kjp-forskning-kjemikalier-p-nett","24":"product_tag-kjp-mdma","25":"product_tag-kjp-molly-online","26":"product_tag-kjp-mollymdma-online","27":"product_tag-mdma","28":"product_tag-mdma-100mg","29":"product_tag-mdma-1g","30":"product_tag-mdma-3-4-metylendioksy-n-metylamfetamin","31":"product_tag-mdma-3g","32":"product_tag-mdma-ordre-online","33":"product_tag-mdma-bilder","34":"product_tag-mdma-molly","35":"product_tag-mdma-molly-krystaller","36":"product_tag-mdma-molly-pulver","37":"product_tag-mdma-molly-til-salg","38":"product_tag-mdma-nettbutikk","39":"product_tag-mdma-online-salg","40":"product_tag-mdma-online-ordre","41":"product_tag-mdma-online-sales","42":"product_tag-mdma-online-salgsleverandrer","43":"product_tag-mdma-pille","44":"product_tag-mdma-pills-for-sale-online","45":"product_tag-mdma-sales","46":"product_tag-mdma-salg","47":"product_tag-mdma-til-salg","48":"product_tag-mdma-til-salg-bestill-online","49":"product_tag-mdma-til-salg-online-usa","50":"product_tag-mdma-til-salg-online","51":"product_tag-molly-mdma-pulver","52":"product_tag-online-mdma-salg","53":"product_tag-p-nett","54":"product_tag-pure-mdma","55":"product_tag-pure-mdma-for-sale-online","57":"first","58":"instock","59":"shipping-taxable","60":"purchasable","61":"product-type-variable","62":"has-default-attributes"},"yoast_head":"<!-- This site is optimized with the Yoast SEO plugin v27.3 - https:\/\/yoast.com\/product\/yoast-seo-wordpress\/ -->\n<title>Kj\u00f8p Gr\u00e5 Bugatti MDMA-piller - Beste beste globale medisiner<\/title>\n<meta name=\"description\" content=\"Kj\u00f8p Gr\u00e5 Bugatti MDMA piller til salgs p\u00e5 nett til den beste prisen. Vi garanterer trygg og sikker frakt over hele verden. Bestill MDMA i EU, kan jeg kj\u00f8pe MDMA online, engros MDMA online\" \/>\n<meta name=\"robots\" content=\"index, follow, max-snippet:-1, max-image-preview:large, max-video-preview:-1\" \/>\n<link rel=\"canonical\" href=\"https:\/\/medicinasinc.com\/no\/product\/kjop-gra-bugatti-mdma-piller\/\" \/>\n<meta property=\"og:locale\" content=\"nn_NO\" \/>\n<meta property=\"og:type\" content=\"article\" \/>\n<meta property=\"og:title\" content=\"Kj\u00f8p Gr\u00e5 Bugatti MDMA-piller - Beste beste globale medisiner\" \/>\n<meta property=\"og:description\" content=\"Kj\u00f8p Gr\u00e5 Bugatti MDMA piller til salgs p\u00e5 nett til den beste prisen. Vi garanterer trygg og sikker frakt over hele verden. Bestill MDMA i EU, kan jeg kj\u00f8pe MDMA online, engros MDMA online\" \/>\n<meta property=\"og:url\" content=\"https:\/\/medicinasinc.com\/no\/product\/kjop-gra-bugatti-mdma-piller\/\" \/>\n<meta property=\"og:site_name\" content=\"Medicinas Inc\" \/>\n<meta property=\"article:modified_time\" content=\"2022-03-22T01:15:46+00:00\" \/>\n<meta property=\"og:image\" content=\"https:\/\/medicinasinc.com\/no\/wp-content\/uploads\/sites\/14\/2022\/02\/buy-gray-bugatti-mdma-pills-online.jpg\" \/>\n\t<meta property=\"og:image:width\" content=\"600\" \/>\n\t<meta property=\"og:image:height\" content=\"600\" \/>\n\t<meta property=\"og:image:type\" content=\"image\/jpeg\" \/>\n<meta name=\"twitter:card\" content=\"summary_large_image\" \/>\n<meta name=\"twitter:label1\" content=\"Est. reading time\" \/>\n\t<meta name=\"twitter:data1\" content=\"2 minutt\" \/>\n<script type=\"application\/ld+json\" class=\"yoast-schema-graph\">{\"@context\":\"https:\\\/\\\/schema.org\",\"@graph\":[{\"@type\":\"WebPage\",\"@id\":\"https:\\\/\\\/medicinasinc.com\\\/no\\\/product\\\/kjop-gra-bugatti-mdma-piller\\\/\",\"url\":\"https:\\\/\\\/medicinasinc.com\\\/no\\\/product\\\/kjop-gra-bugatti-mdma-piller\\\/\",\"name\":\"Kj\u00f8p Gr\u00e5 Bugatti MDMA-piller - Beste beste globale medisiner\",\"isPartOf\":{\"@id\":\"https:\\\/\\\/medicinasinc.com\\\/no\\\/#website\"},\"primaryImageOfPage\":{\"@id\":\"https:\\\/\\\/medicinasinc.com\\\/no\\\/product\\\/kjop-gra-bugatti-mdma-piller\\\/#primaryimage\"},\"image\":{\"@id\":\"https:\\\/\\\/medicinasinc.com\\\/no\\\/product\\\/kjop-gra-bugatti-mdma-piller\\\/#primaryimage\"},\"thumbnailUrl\":\"https:\\\/\\\/medicinasinc.com\\\/no\\\/wp-content\\\/uploads\\\/sites\\\/14\\\/2022\\\/02\\\/buy-gray-bugatti-mdma-pills-online.jpg\",\"datePublished\":\"2022-02-20T10:31:14+00:00\",\"dateModified\":\"2022-03-22T01:15:46+00:00\",\"description\":\"Kj\u00f8p Gr\u00e5 Bugatti MDMA piller til salgs p\u00e5 nett til den beste prisen. Vi garanterer trygg og sikker frakt over hele verden. Bestill MDMA i EU, kan jeg kj\u00f8pe MDMA online, engros MDMA online\",\"breadcrumb\":{\"@id\":\"https:\\\/\\\/medicinasinc.com\\\/no\\\/product\\\/kjop-gra-bugatti-mdma-piller\\\/#breadcrumb\"},\"inLanguage\":\"nn-NO\",\"potentialAction\":[{\"@type\":\"ReadAction\",\"target\":[\"https:\\\/\\\/medicinasinc.com\\\/no\\\/product\\\/kjop-gra-bugatti-mdma-piller\\\/\"]}]},{\"@type\":\"ImageObject\",\"inLanguage\":\"nn-NO\",\"@id\":\"https:\\\/\\\/medicinasinc.com\\\/no\\\/product\\\/kjop-gra-bugatti-mdma-piller\\\/#primaryimage\",\"url\":\"https:\\\/\\\/medicinasinc.com\\\/no\\\/wp-content\\\/uploads\\\/sites\\\/14\\\/2022\\\/02\\\/buy-gray-bugatti-mdma-pills-online.jpg\",\"contentUrl\":\"https:\\\/\\\/medicinasinc.com\\\/no\\\/wp-content\\\/uploads\\\/sites\\\/14\\\/2022\\\/02\\\/buy-gray-bugatti-mdma-pills-online.jpg\",\"width\":600,\"height\":600},{\"@type\":\"BreadcrumbList\",\"@id\":\"https:\\\/\\\/medicinasinc.com\\\/no\\\/product\\\/kjop-gra-bugatti-mdma-piller\\\/#breadcrumb\",\"itemListElement\":[{\"@type\":\"ListItem\",\"position\":1,\"name\":\"Butikk\",\"item\":\"https:\\\/\\\/medicinasinc.com\\\/no\\\/butikk\\\/\"},{\"@type\":\"ListItem\",\"position\":2,\"name\":\"Kj\u00f8p Gr\u00e5 Bugatti MDMA-piller\"}]},{\"@type\":\"WebSite\",\"@id\":\"https:\\\/\\\/medicinasinc.com\\\/no\\\/#website\",\"url\":\"https:\\\/\\\/medicinasinc.com\\\/no\\\/\",\"name\":\"Medicinas Inc\",\"description\":\"Helsemedisinsk klinikk\",\"potentialAction\":[{\"@type\":\"SearchAction\",\"target\":{\"@type\":\"EntryPoint\",\"urlTemplate\":\"https:\\\/\\\/medicinasinc.com\\\/no\\\/?s={search_term_string}\"},\"query-input\":{\"@type\":\"PropertyValueSpecification\",\"valueRequired\":true,\"valueName\":\"search_term_string\"}}],\"inLanguage\":\"nn-NO\"}]}<\/script>\n<!-- \/ Yoast SEO plugin. -->","yoast_head_json":{"title":"Kj\u00f8p Gr\u00e5 Bugatti MDMA-piller - Beste beste globale medisiner","description":"Kj\u00f8p Gr\u00e5 Bugatti MDMA piller til salgs p\u00e5 nett til den beste prisen. Vi garanterer trygg og sikker frakt over hele verden. Bestill MDMA i EU, kan jeg kj\u00f8pe MDMA online, engros MDMA online","robots":{"index":"index","follow":"follow","max-snippet":"max-snippet:-1","max-image-preview":"max-image-preview:large","max-video-preview":"max-video-preview:-1"},"canonical":"https:\/\/medicinasinc.com\/no\/product\/kjop-gra-bugatti-mdma-piller\/","og_locale":"nn_NO","og_type":"article","og_title":"Kj\u00f8p Gr\u00e5 Bugatti MDMA-piller - Beste beste globale medisiner","og_description":"Kj\u00f8p Gr\u00e5 Bugatti MDMA piller til salgs p\u00e5 nett til den beste prisen. Vi garanterer trygg og sikker frakt over hele verden. Bestill MDMA i EU, kan jeg kj\u00f8pe MDMA online, engros MDMA online","og_url":"https:\/\/medicinasinc.com\/no\/product\/kjop-gra-bugatti-mdma-piller\/","og_site_name":"Medicinas Inc","article_modified_time":"2022-03-22T01:15:46+00:00","og_image":[{"width":600,"height":600,"url":"https:\/\/medicinasinc.com\/no\/wp-content\/uploads\/sites\/14\/2022\/02\/buy-gray-bugatti-mdma-pills-online.jpg","type":"image\/jpeg"}],"twitter_card":"summary_large_image","twitter_misc":{"Est. reading time":"2 minutt"},"schema":{"@context":"https:\/\/schema.org","@graph":[{"@type":"WebPage","@id":"https:\/\/medicinasinc.com\/no\/product\/kjop-gra-bugatti-mdma-piller\/","url":"https:\/\/medicinasinc.com\/no\/product\/kjop-gra-bugatti-mdma-piller\/","name":"Kj\u00f8p Gr\u00e5 Bugatti MDMA-piller - Beste beste globale medisiner","isPartOf":{"@id":"https:\/\/medicinasinc.com\/no\/#website"},"primaryImageOfPage":{"@id":"https:\/\/medicinasinc.com\/no\/product\/kjop-gra-bugatti-mdma-piller\/#primaryimage"},"image":{"@id":"https:\/\/medicinasinc.com\/no\/product\/kjop-gra-bugatti-mdma-piller\/#primaryimage"},"thumbnailUrl":"https:\/\/medicinasinc.com\/no\/wp-content\/uploads\/sites\/14\/2022\/02\/buy-gray-bugatti-mdma-pills-online.jpg","datePublished":"2022-02-20T10:31:14+00:00","dateModified":"2022-03-22T01:15:46+00:00","description":"Kj\u00f8p Gr\u00e5 Bugatti MDMA piller til salgs p\u00e5 nett til den beste prisen. Vi garanterer trygg og sikker frakt over hele verden. Bestill MDMA i EU, kan jeg kj\u00f8pe MDMA online, engros MDMA online","breadcrumb":{"@id":"https:\/\/medicinasinc.com\/no\/product\/kjop-gra-bugatti-mdma-piller\/#breadcrumb"},"inLanguage":"nn-NO","potentialAction":[{"@type":"ReadAction","target":["https:\/\/medicinasinc.com\/no\/product\/kjop-gra-bugatti-mdma-piller\/"]}]},{"@type":"ImageObject","inLanguage":"nn-NO","@id":"https:\/\/medicinasinc.com\/no\/product\/kjop-gra-bugatti-mdma-piller\/#primaryimage","url":"https:\/\/medicinasinc.com\/no\/wp-content\/uploads\/sites\/14\/2022\/02\/buy-gray-bugatti-mdma-pills-online.jpg","contentUrl":"https:\/\/medicinasinc.com\/no\/wp-content\/uploads\/sites\/14\/2022\/02\/buy-gray-bugatti-mdma-pills-online.jpg","width":600,"height":600},{"@type":"BreadcrumbList","@id":"https:\/\/medicinasinc.com\/no\/product\/kjop-gra-bugatti-mdma-piller\/#breadcrumb","itemListElement":[{"@type":"ListItem","position":1,"name":"Butikk","item":"https:\/\/medicinasinc.com\/no\/butikk\/"},{"@type":"ListItem","position":2,"name":"Kj\u00f8p Gr\u00e5 Bugatti MDMA-piller"}]},{"@type":"WebSite","@id":"https:\/\/medicinasinc.com\/no\/#website","url":"https:\/\/medicinasinc.com\/no\/","name":"Medicinas Inc","description":"Helsemedisinsk klinikk","potentialAction":[{"@type":"SearchAction","target":{"@type":"EntryPoint","urlTemplate":"https:\/\/medicinasinc.com\/no\/?s={search_term_string}"},"query-input":{"@type":"PropertyValueSpecification","valueRequired":true,"valueName":"search_term_string"}}],"inLanguage":"nn-NO"}]}},"_links":{"self":[{"href":"https:\/\/medicinasinc.com\/no\/wp-json\/wp\/v2\/product\/4535","targetHints":{"allow":["GET"]}}],"collection":[{"href":"https:\/\/medicinasinc.com\/no\/wp-json\/wp\/v2\/product"}],"about":[{"href":"https:\/\/medicinasinc.com\/no\/wp-json\/wp\/v2\/types\/product"}],"replies":[{"embeddable":true,"href":"https:\/\/medicinasinc.com\/no\/wp-json\/wp\/v2\/comments?post=4535"}],"wp:featuredmedia":[{"embeddable":true,"href":"https:\/\/medicinasinc.com\/no\/wp-json\/wp\/v2\/media\/4558"}],"wp:attachment":[{"href":"https:\/\/medicinasinc.com\/no\/wp-json\/wp\/v2\/media?parent=4535"}],"wp:term":[{"taxonomy":"product_brand","embeddable":true,"href":"https:\/\/medicinasinc.com\/no\/wp-json\/wp\/v2\/product_brand?post=4535"},{"taxonomy":"product_cat","embeddable":true,"href":"https:\/\/medicinasinc.com\/no\/wp-json\/wp\/v2\/product_cat?post=4535"},{"taxonomy":"product_tag","embeddable":true,"href":"https:\/\/medicinasinc.com\/no\/wp-json\/wp\/v2\/product_tag?post=4535"}],"curies":[{"name":"wp","href":"https:\/\/api.w.org\/{rel}","templated":true}]}}