{"id":4534,"date":"2022-02-20T10:30:39","date_gmt":"2022-02-20T10:30:39","guid":{"rendered":"https:\/\/medicinasinc.com\/no\/?post_type=product&#038;p=4534"},"modified":"2022-03-22T01:15:54","modified_gmt":"2022-03-22T01:15:54","slug":"kjop-gronne-stjerne-ecstasy-piller","status":"publish","type":"product","link":"https:\/\/medicinasinc.com\/no\/product\/kjop-gronne-stjerne-ecstasy-piller\/","title":{"rendered":"Kj\u00f8p Green Star Ecstasy Pills"},"content":{"rendered":"<p>Ecstasy Green Star 254 mg Kj\u00f8p online<\/p>\n<p>Green Star ecstasy-piller til salgs p\u00e5 nettet.<\/p>\n<p>Ecstasy ble unnfanget i 1912 som et resultat av Mercks narkotikaforhold. Den ble kalt &laquo;MDMA&raquo; p\u00e5 grunn av dens nye struktur. Den ble f\u00f8rst brukt av de amerikanske v\u00e6pnede styrkene i 1953 for mentale kamptester, og ble kort gjeninnf\u00f8rt p\u00e5 1960-tallet som en resept p\u00e5 psykoterapi for \u00e5 &laquo;senke hemninger.&raquo; 1 MDMA ble ikke brukt som en sosial medisin f\u00f8r p\u00e5 1970-tallet.<\/p>\n<p>P\u00e5 midten av 1980-tallet hadde MDMA blitt promotert som &laquo;den mest sprudlende tingen i metoden med et utseende for morsomt gjennom vitenskap&raquo; og som \u00abi medisin\u00bb for langvarige fester. MDMA ble fortsatt solgt under merkenavnet &laquo;Delight&raquo; i 1984, men i 1985 hadde medisinen blitt begrenset p\u00e5 grunn av sikkerhetshensyn.<br \/> Ecstacy, den gr\u00f8nne stjernen, kan v\u00e6re spesielt gunstig for de som har \u00e5 gj\u00f8re med post-terrible presserende faktorproblemer (PTSD). Mange pasienter er ikke i stand til \u00e5 diskutere de plagsomme hendelsene som utl\u00f8ste problemene deres. I f\u00f8lge denne teorien kan glede hjelpe enkeltpersoner med \u00e5 konfrontere disse s\u00e5rene.<\/p>\n<p>Doblin, 50, er ikke en sakkyndig eller etterforsker, men han har en bred tilknytning til medisin p\u00e5 grunn av sin hyppige bruk av det . &laquo;Det har gjort en betydelig forskjell i livet mitt,&raquo; forklarte han. Gjennom \u00e5rene har han innr\u00f8mmet \u00e5 spre budskapet om at Rapture og ulike hallusinogene medisiner har kritiske helsemessige konsekvenser.<br \/> Hvis du virkelig ser etter en virksomhet som kan levere produkter av h\u00f8yeste kvalitet, har du kommet til rett plass. Hos stiftelsen v\u00e5r kan du velge de beste varene som vil hjelpe deg \u00e5 bygge din tillit og etablere et legitimt forhold til oss p\u00e5 grunn av den h\u00f8ye kvaliteten p\u00e5 produktene v\u00e5re. Send inn foresp\u00f8rselen din n\u00e5, og Green star ecstasy vil bli levert p\u00e5 d\u00f8rstokken innen fem virkedager.<\/p>\n","protected":false},"excerpt":{"rendered":"<p>Kj\u00f8p Green Star ecstasy piller for salg Storbritannia, Europa Online. Kj\u00f8p Green Star ecstasy piller online fra den mest tillitsfulle mdma-leverand\u00f8ren, vi garanterer diskret og sikker levering<\/p>\n","protected":false},"featured_media":4557,"comment_status":"open","ping_status":"closed","template":"","meta":[],"product_brand":[],"product_cat":[498],"product_tag":[],"class_list":{"0":"post-4534","1":"product","2":"type-product","3":"status-publish","4":"has-post-thumbnail","6":"product_cat-kjp-ecstasy-piller","8":"first","9":"instock","10":"shipping-taxable","11":"purchasable","12":"product-type-variable","13":"has-default-attributes"},"yoast_head":"<!-- This site is optimized with the Yoast SEO plugin v27.3 - https:\/\/yoast.com\/product\/yoast-seo-wordpress\/ -->\n<title>Kj\u00f8p Green Star Ecstasy Pills - Beste beste globale medisiner<\/title>\n<meta name=\"description\" content=\"Kj\u00f8p Green Star ecstasy piller til salgs Storbritannia, Europa Online. Kj\u00f8p Green Star ecstasy piller online fra den mest tillitsfulle mdma-leverand\u00f8ren, vi garanterer diskret og sikker levering\" \/>\n<meta name=\"robots\" content=\"index, follow, max-snippet:-1, max-image-preview:large, max-video-preview:-1\" \/>\n<link rel=\"canonical\" href=\"https:\/\/medicinasinc.com\/no\/product\/kjop-gronne-stjerne-ecstasy-piller\/\" \/>\n<meta property=\"og:locale\" content=\"nn_NO\" \/>\n<meta property=\"og:type\" content=\"article\" \/>\n<meta property=\"og:title\" content=\"Kj\u00f8p Green Star Ecstasy Pills - Beste beste globale medisiner\" \/>\n<meta property=\"og:description\" content=\"Kj\u00f8p Green Star ecstasy piller til salgs Storbritannia, Europa Online. Kj\u00f8p Green Star ecstasy piller online fra den mest tillitsfulle mdma-leverand\u00f8ren, vi garanterer diskret og sikker levering\" \/>\n<meta property=\"og:url\" content=\"https:\/\/medicinasinc.com\/no\/product\/kjop-gronne-stjerne-ecstasy-piller\/\" \/>\n<meta property=\"og:site_name\" content=\"Medicinas Inc\" \/>\n<meta property=\"article:modified_time\" content=\"2022-03-22T01:15:54+00:00\" \/>\n<meta property=\"og:image\" content=\"https:\/\/medicinasinc.com\/no\/wp-content\/uploads\/sites\/14\/2022\/02\/buy-green-star-ecstasy-pills-online.jpg\" \/>\n\t<meta property=\"og:image:width\" content=\"600\" \/>\n\t<meta property=\"og:image:height\" content=\"600\" \/>\n\t<meta property=\"og:image:type\" content=\"image\/jpeg\" \/>\n<meta name=\"twitter:card\" content=\"summary_large_image\" \/>\n<meta name=\"twitter:label1\" content=\"Est. reading time\" \/>\n\t<meta name=\"twitter:data1\" content=\"2 minutt\" \/>\n<script type=\"application\/ld+json\" class=\"yoast-schema-graph\">{\"@context\":\"https:\\\/\\\/schema.org\",\"@graph\":[{\"@type\":\"WebPage\",\"@id\":\"https:\\\/\\\/medicinasinc.com\\\/no\\\/product\\\/kjop-gronne-stjerne-ecstasy-piller\\\/\",\"url\":\"https:\\\/\\\/medicinasinc.com\\\/no\\\/product\\\/kjop-gronne-stjerne-ecstasy-piller\\\/\",\"name\":\"Kj\u00f8p Green Star Ecstasy Pills - Beste beste globale medisiner\",\"isPartOf\":{\"@id\":\"https:\\\/\\\/medicinasinc.com\\\/no\\\/#website\"},\"primaryImageOfPage\":{\"@id\":\"https:\\\/\\\/medicinasinc.com\\\/no\\\/product\\\/kjop-gronne-stjerne-ecstasy-piller\\\/#primaryimage\"},\"image\":{\"@id\":\"https:\\\/\\\/medicinasinc.com\\\/no\\\/product\\\/kjop-gronne-stjerne-ecstasy-piller\\\/#primaryimage\"},\"thumbnailUrl\":\"https:\\\/\\\/medicinasinc.com\\\/no\\\/wp-content\\\/uploads\\\/sites\\\/14\\\/2022\\\/02\\\/buy-green-star-ecstasy-pills-online.jpg\",\"datePublished\":\"2022-02-20T10:30:39+00:00\",\"dateModified\":\"2022-03-22T01:15:54+00:00\",\"description\":\"Kj\u00f8p Green Star ecstasy piller til salgs Storbritannia, Europa Online. Kj\u00f8p Green Star ecstasy piller online fra den mest tillitsfulle mdma-leverand\u00f8ren, vi garanterer diskret og sikker levering\",\"breadcrumb\":{\"@id\":\"https:\\\/\\\/medicinasinc.com\\\/no\\\/product\\\/kjop-gronne-stjerne-ecstasy-piller\\\/#breadcrumb\"},\"inLanguage\":\"nn-NO\",\"potentialAction\":[{\"@type\":\"ReadAction\",\"target\":[\"https:\\\/\\\/medicinasinc.com\\\/no\\\/product\\\/kjop-gronne-stjerne-ecstasy-piller\\\/\"]}]},{\"@type\":\"ImageObject\",\"inLanguage\":\"nn-NO\",\"@id\":\"https:\\\/\\\/medicinasinc.com\\\/no\\\/product\\\/kjop-gronne-stjerne-ecstasy-piller\\\/#primaryimage\",\"url\":\"https:\\\/\\\/medicinasinc.com\\\/no\\\/wp-content\\\/uploads\\\/sites\\\/14\\\/2022\\\/02\\\/buy-green-star-ecstasy-pills-online.jpg\",\"contentUrl\":\"https:\\\/\\\/medicinasinc.com\\\/no\\\/wp-content\\\/uploads\\\/sites\\\/14\\\/2022\\\/02\\\/buy-green-star-ecstasy-pills-online.jpg\",\"width\":600,\"height\":600},{\"@type\":\"BreadcrumbList\",\"@id\":\"https:\\\/\\\/medicinasinc.com\\\/no\\\/product\\\/kjop-gronne-stjerne-ecstasy-piller\\\/#breadcrumb\",\"itemListElement\":[{\"@type\":\"ListItem\",\"position\":1,\"name\":\"Butikk\",\"item\":\"https:\\\/\\\/medicinasinc.com\\\/no\\\/butikk\\\/\"},{\"@type\":\"ListItem\",\"position\":2,\"name\":\"Kj\u00f8p Green Star Ecstasy Pills\"}]},{\"@type\":\"WebSite\",\"@id\":\"https:\\\/\\\/medicinasinc.com\\\/no\\\/#website\",\"url\":\"https:\\\/\\\/medicinasinc.com\\\/no\\\/\",\"name\":\"Medicinas Inc\",\"description\":\"Helsemedisinsk klinikk\",\"potentialAction\":[{\"@type\":\"SearchAction\",\"target\":{\"@type\":\"EntryPoint\",\"urlTemplate\":\"https:\\\/\\\/medicinasinc.com\\\/no\\\/?s={search_term_string}\"},\"query-input\":{\"@type\":\"PropertyValueSpecification\",\"valueRequired\":true,\"valueName\":\"search_term_string\"}}],\"inLanguage\":\"nn-NO\"}]}<\/script>\n<!-- \/ Yoast SEO plugin. -->","yoast_head_json":{"title":"Kj\u00f8p Green Star Ecstasy Pills - Beste beste globale medisiner","description":"Kj\u00f8p Green Star ecstasy piller til salgs Storbritannia, Europa Online. Kj\u00f8p Green Star ecstasy piller online fra den mest tillitsfulle mdma-leverand\u00f8ren, vi garanterer diskret og sikker levering","robots":{"index":"index","follow":"follow","max-snippet":"max-snippet:-1","max-image-preview":"max-image-preview:large","max-video-preview":"max-video-preview:-1"},"canonical":"https:\/\/medicinasinc.com\/no\/product\/kjop-gronne-stjerne-ecstasy-piller\/","og_locale":"nn_NO","og_type":"article","og_title":"Kj\u00f8p Green Star Ecstasy Pills - Beste beste globale medisiner","og_description":"Kj\u00f8p Green Star ecstasy piller til salgs Storbritannia, Europa Online. Kj\u00f8p Green Star ecstasy piller online fra den mest tillitsfulle mdma-leverand\u00f8ren, vi garanterer diskret og sikker levering","og_url":"https:\/\/medicinasinc.com\/no\/product\/kjop-gronne-stjerne-ecstasy-piller\/","og_site_name":"Medicinas Inc","article_modified_time":"2022-03-22T01:15:54+00:00","og_image":[{"width":600,"height":600,"url":"https:\/\/medicinasinc.com\/no\/wp-content\/uploads\/sites\/14\/2022\/02\/buy-green-star-ecstasy-pills-online.jpg","type":"image\/jpeg"}],"twitter_card":"summary_large_image","twitter_misc":{"Est. reading time":"2 minutt"},"schema":{"@context":"https:\/\/schema.org","@graph":[{"@type":"WebPage","@id":"https:\/\/medicinasinc.com\/no\/product\/kjop-gronne-stjerne-ecstasy-piller\/","url":"https:\/\/medicinasinc.com\/no\/product\/kjop-gronne-stjerne-ecstasy-piller\/","name":"Kj\u00f8p Green Star Ecstasy Pills - Beste beste globale medisiner","isPartOf":{"@id":"https:\/\/medicinasinc.com\/no\/#website"},"primaryImageOfPage":{"@id":"https:\/\/medicinasinc.com\/no\/product\/kjop-gronne-stjerne-ecstasy-piller\/#primaryimage"},"image":{"@id":"https:\/\/medicinasinc.com\/no\/product\/kjop-gronne-stjerne-ecstasy-piller\/#primaryimage"},"thumbnailUrl":"https:\/\/medicinasinc.com\/no\/wp-content\/uploads\/sites\/14\/2022\/02\/buy-green-star-ecstasy-pills-online.jpg","datePublished":"2022-02-20T10:30:39+00:00","dateModified":"2022-03-22T01:15:54+00:00","description":"Kj\u00f8p Green Star ecstasy piller til salgs Storbritannia, Europa Online. Kj\u00f8p Green Star ecstasy piller online fra den mest tillitsfulle mdma-leverand\u00f8ren, vi garanterer diskret og sikker levering","breadcrumb":{"@id":"https:\/\/medicinasinc.com\/no\/product\/kjop-gronne-stjerne-ecstasy-piller\/#breadcrumb"},"inLanguage":"nn-NO","potentialAction":[{"@type":"ReadAction","target":["https:\/\/medicinasinc.com\/no\/product\/kjop-gronne-stjerne-ecstasy-piller\/"]}]},{"@type":"ImageObject","inLanguage":"nn-NO","@id":"https:\/\/medicinasinc.com\/no\/product\/kjop-gronne-stjerne-ecstasy-piller\/#primaryimage","url":"https:\/\/medicinasinc.com\/no\/wp-content\/uploads\/sites\/14\/2022\/02\/buy-green-star-ecstasy-pills-online.jpg","contentUrl":"https:\/\/medicinasinc.com\/no\/wp-content\/uploads\/sites\/14\/2022\/02\/buy-green-star-ecstasy-pills-online.jpg","width":600,"height":600},{"@type":"BreadcrumbList","@id":"https:\/\/medicinasinc.com\/no\/product\/kjop-gronne-stjerne-ecstasy-piller\/#breadcrumb","itemListElement":[{"@type":"ListItem","position":1,"name":"Butikk","item":"https:\/\/medicinasinc.com\/no\/butikk\/"},{"@type":"ListItem","position":2,"name":"Kj\u00f8p Green Star Ecstasy Pills"}]},{"@type":"WebSite","@id":"https:\/\/medicinasinc.com\/no\/#website","url":"https:\/\/medicinasinc.com\/no\/","name":"Medicinas Inc","description":"Helsemedisinsk klinikk","potentialAction":[{"@type":"SearchAction","target":{"@type":"EntryPoint","urlTemplate":"https:\/\/medicinasinc.com\/no\/?s={search_term_string}"},"query-input":{"@type":"PropertyValueSpecification","valueRequired":true,"valueName":"search_term_string"}}],"inLanguage":"nn-NO"}]}},"_links":{"self":[{"href":"https:\/\/medicinasinc.com\/no\/wp-json\/wp\/v2\/product\/4534","targetHints":{"allow":["GET"]}}],"collection":[{"href":"https:\/\/medicinasinc.com\/no\/wp-json\/wp\/v2\/product"}],"about":[{"href":"https:\/\/medicinasinc.com\/no\/wp-json\/wp\/v2\/types\/product"}],"replies":[{"embeddable":true,"href":"https:\/\/medicinasinc.com\/no\/wp-json\/wp\/v2\/comments?post=4534"}],"wp:featuredmedia":[{"embeddable":true,"href":"https:\/\/medicinasinc.com\/no\/wp-json\/wp\/v2\/media\/4557"}],"wp:attachment":[{"href":"https:\/\/medicinasinc.com\/no\/wp-json\/wp\/v2\/media?parent=4534"}],"wp:term":[{"taxonomy":"product_brand","embeddable":true,"href":"https:\/\/medicinasinc.com\/no\/wp-json\/wp\/v2\/product_brand?post=4534"},{"taxonomy":"product_cat","embeddable":true,"href":"https:\/\/medicinasinc.com\/no\/wp-json\/wp\/v2\/product_cat?post=4534"},{"taxonomy":"product_tag","embeddable":true,"href":"https:\/\/medicinasinc.com\/no\/wp-json\/wp\/v2\/product_tag?post=4534"}],"curies":[{"name":"wp","href":"https:\/\/api.w.org\/{rel}","templated":true}]}}