{"id":4479,"date":"2022-02-20T09:44:15","date_gmt":"2022-02-20T09:44:15","guid":{"rendered":"https:\/\/medicinasinc.com\/no\/?post_type=product&#038;p=4479"},"modified":"2022-03-22T01:16:44","modified_gmt":"2022-03-22T01:16:44","slug":"kjop-bla-delfin-ecstasy-piller","status":"publish","type":"product","link":"https:\/\/medicinasinc.com\/no\/product\/kjop-bla-delfin-ecstasy-piller\/","title":{"rendered":"Kj\u00f8p Blue Dolphin Ecstasy Pills"},"content":{"rendered":"<p>Kj\u00f8p Blue Dolphin 295 mg ecstasy-piller p\u00e5 nettet.<\/p>\n<p>Blue Dolphin Substance<\/p>\n<p>Ecstasy ble oppfunnet i 1912 av Merck narkotikaforhold. Den ble kalt &laquo;MDMA&raquo; p\u00e5 grunn av dens nye struktur. Den ble f\u00f8rst brukt av de amerikanske v\u00e6pnede styrkene i 1953 for mentale engasjementstester, og kom tilbake kort p\u00e5 1960-tallet som en psykoterapil\u00f8sning for &laquo;lavere hemninger.&raquo; 1 MDMA ble ikke brukt som en samlingsresept f\u00f8r p\u00e5 1970-tallet.<\/p>\n<p>P\u00e5 midten av 1980-tallet ble MDMA promotert som &laquo;den mest skummende tingen i teknikken med oppdraget om \u00e5 glede mennesker gjennom vitenskap&raquo; og \u00abi l\u00f8sning\u00bb for langvarige fester. MDMA var fortsatt allment tilgjengelig i 1984 under merkenavnet &laquo;Joy&raquo;, men i 1985 hadde medisinen blitt begrenset p\u00e5 grunn av sikkerhetshensyn.<br \/> Medisinering med bl\u00e5 delfiner kan v\u00e6re spesielt gunstig for personer som opplever problemer med knusekomponenter etter en fantastisk knusing ( PTSD). Mange pasienter er ikke i stand til \u00e5 diskutere de farlige hendelsene som utl\u00f8ste problemene deres. Oppfyllelse, spekuleres det i, kan hjelpe enkeltpersoner med \u00e5 forst\u00f8rre disse s\u00e5rene.<\/p>\n<p>Ecstasy of the Blue Dolphin<\/p>\n<p>Doblin, 50, er autentisk ikke en forberedt kapabilitet eller en monitor; Han har imidlertid et omfattende ansvar for narkotika, etter \u00e5 ha konsumert dem ved flere anledninger. &laquo;Det har gjort en betydelig forskjell i livet mitt,&raquo; forklarte han. I l\u00f8pet av de siste \u00e5rene har han investert i \u00e5 spre budskapet om at Joy og andre energigivende medisiner har grunnleggende suksess under ideelle forhold.<br \/> Hvis du virkelig s\u00f8ker etter en tilknytning som kan gi deg varer av beste kvalitet, har du komme til rett sted. Hos v\u00e5r stiftelse kan du velge de beste varene som vil hjelpe deg \u00e5 bygge din tillit og etablere et rimelig forhold til oss p\u00e5 grunn av muligheten for v\u00e5re varer. Legg inn bestillingen n\u00e5 og motta Blue Dolphin Ecstasy p\u00e5 d\u00f8rstokken innen fem virkedager. Ecstacy, den bl\u00e5 delfinen<\/p>\n<p>Ecstacy ble utviklet av Merck narkotikaforhold i 1912. Den ble kalt &laquo;MDMA&raquo; p\u00e5 grunn av dens nye struktur. Den ble f\u00f8rst brukt av de amerikanske v\u00e6pnede styrkene i 1953 for mentale engasjementstester, og kom tilbake kort p\u00e5 1960-tallet som en psykoterapil\u00f8sning for &laquo;lavere hemninger.&raquo; 1 MDMA ble ikke brukt som en samlingsresept f\u00f8r p\u00e5 1970-tallet.<\/p>\n<p>P\u00e5 midten av 1980-tallet ble MDMA promotert som &laquo;den mest skummende tingen i teknikken med oppdraget om \u00e5 glede mennesker gjennom vitenskap&raquo; og \u00abi l\u00f8sning\u00bb for langvarige fester. MDMA var fortsatt allment tilgjengelig i 1984 under merkenavnet &laquo;Joy&raquo;, men i 1985 hadde medisinen blitt begrenset p\u00e5 grunn av sikkerhetshensyn.<\/p>\n<p>bl\u00e5 delfin-ecstasy, bl\u00e5 delfin-medikamenter, bl\u00e5 delfin-ecstasy<\/p>\n<table>\n<tbody>\n<tr>\n<th><span style=\"font-weight: 400\">Farge:<\/span><\/th>\n<td>Bl\u00e5<\/td>\n<\/tr>\n<tr>\n<th><span style=\"font-weight: 400\">St\u00f8rrelse:<\/span><\/th>\n<td>295 mg<\/td>\n<\/tr>\n<\/tbody>\n<\/table>\n","protected":false},"excerpt":{"rendered":"<p>Kj\u00f8p ecstasy-piller p\u00e5 nett. Kj\u00f8p Blue Dolphin ecstasy piller til salgs uk, europa til utmerkede priser fra oss. Pakking gj\u00f8res av fagfolk og levering er 100 % garantert.<\/p>\n","protected":false},"featured_media":4516,"comment_status":"open","ping_status":"closed","template":"","meta":[],"product_brand":[],"product_cat":[498],"product_tag":[],"class_list":{"0":"post-4479","1":"product","2":"type-product","3":"status-publish","4":"has-post-thumbnail","6":"product_cat-kjp-ecstasy-piller","8":"first","9":"instock","10":"shipping-taxable","11":"purchasable","12":"product-type-variable","13":"has-default-attributes"},"yoast_head":"<!-- This site is optimized with the Yoast SEO plugin v27.3 - https:\/\/yoast.com\/product\/yoast-seo-wordpress\/ -->\n<title>Kj\u00f8p Blue Dolphin Ecstasy Pills Online - Beste beste globale medisiner<\/title>\n<meta name=\"description\" content=\"Kj\u00f8p ecstasy-piller p\u00e5 nett. Kj\u00f8p Blue Dolphin ecstasy piller til salgs uk, europa til utmerkede priser fra oss. Pakking gj\u00f8res av fagfolk og levering er 100 % garantert.\" \/>\n<meta name=\"robots\" content=\"index, follow, max-snippet:-1, max-image-preview:large, max-video-preview:-1\" \/>\n<link rel=\"canonical\" href=\"https:\/\/medicinasinc.com\/no\/product\/kjop-bla-delfin-ecstasy-piller\/\" \/>\n<meta property=\"og:locale\" content=\"nn_NO\" \/>\n<meta property=\"og:type\" content=\"article\" \/>\n<meta property=\"og:title\" content=\"Kj\u00f8p Blue Dolphin Ecstasy Pills Online - Beste beste globale medisiner\" \/>\n<meta property=\"og:description\" content=\"Kj\u00f8p ecstasy-piller p\u00e5 nett. Kj\u00f8p Blue Dolphin ecstasy piller til salgs uk, europa til utmerkede priser fra oss. Pakking gj\u00f8res av fagfolk og levering er 100 % garantert.\" \/>\n<meta property=\"og:url\" content=\"https:\/\/medicinasinc.com\/no\/product\/kjop-bla-delfin-ecstasy-piller\/\" \/>\n<meta property=\"og:site_name\" content=\"Medicinas Inc\" \/>\n<meta property=\"article:modified_time\" content=\"2022-03-22T01:16:44+00:00\" \/>\n<meta property=\"og:image\" content=\"https:\/\/medicinasinc.com\/no\/wp-content\/uploads\/sites\/14\/2022\/02\/buy-blue-dolphin-ecstasy-pills-online.jpg\" \/>\n\t<meta property=\"og:image:width\" content=\"600\" \/>\n\t<meta property=\"og:image:height\" content=\"600\" \/>\n\t<meta property=\"og:image:type\" content=\"image\/jpeg\" \/>\n<meta name=\"twitter:card\" content=\"summary_large_image\" \/>\n<meta name=\"twitter:label1\" content=\"Est. reading time\" \/>\n\t<meta name=\"twitter:data1\" content=\"2 minutt\" \/>\n<script type=\"application\/ld+json\" class=\"yoast-schema-graph\">{\"@context\":\"https:\\\/\\\/schema.org\",\"@graph\":[{\"@type\":\"WebPage\",\"@id\":\"https:\\\/\\\/medicinasinc.com\\\/no\\\/product\\\/kjop-bla-delfin-ecstasy-piller\\\/\",\"url\":\"https:\\\/\\\/medicinasinc.com\\\/no\\\/product\\\/kjop-bla-delfin-ecstasy-piller\\\/\",\"name\":\"Kj\u00f8p Blue Dolphin Ecstasy Pills Online - Beste beste globale medisiner\",\"isPartOf\":{\"@id\":\"https:\\\/\\\/medicinasinc.com\\\/no\\\/#website\"},\"primaryImageOfPage\":{\"@id\":\"https:\\\/\\\/medicinasinc.com\\\/no\\\/product\\\/kjop-bla-delfin-ecstasy-piller\\\/#primaryimage\"},\"image\":{\"@id\":\"https:\\\/\\\/medicinasinc.com\\\/no\\\/product\\\/kjop-bla-delfin-ecstasy-piller\\\/#primaryimage\"},\"thumbnailUrl\":\"https:\\\/\\\/medicinasinc.com\\\/no\\\/wp-content\\\/uploads\\\/sites\\\/14\\\/2022\\\/02\\\/buy-blue-dolphin-ecstasy-pills-online.jpg\",\"datePublished\":\"2022-02-20T09:44:15+00:00\",\"dateModified\":\"2022-03-22T01:16:44+00:00\",\"description\":\"Kj\u00f8p ecstasy-piller p\u00e5 nett. Kj\u00f8p Blue Dolphin ecstasy piller til salgs uk, europa til utmerkede priser fra oss. Pakking gj\u00f8res av fagfolk og levering er 100 % garantert.\",\"breadcrumb\":{\"@id\":\"https:\\\/\\\/medicinasinc.com\\\/no\\\/product\\\/kjop-bla-delfin-ecstasy-piller\\\/#breadcrumb\"},\"inLanguage\":\"nn-NO\",\"potentialAction\":[{\"@type\":\"ReadAction\",\"target\":[\"https:\\\/\\\/medicinasinc.com\\\/no\\\/product\\\/kjop-bla-delfin-ecstasy-piller\\\/\"]}]},{\"@type\":\"ImageObject\",\"inLanguage\":\"nn-NO\",\"@id\":\"https:\\\/\\\/medicinasinc.com\\\/no\\\/product\\\/kjop-bla-delfin-ecstasy-piller\\\/#primaryimage\",\"url\":\"https:\\\/\\\/medicinasinc.com\\\/no\\\/wp-content\\\/uploads\\\/sites\\\/14\\\/2022\\\/02\\\/buy-blue-dolphin-ecstasy-pills-online.jpg\",\"contentUrl\":\"https:\\\/\\\/medicinasinc.com\\\/no\\\/wp-content\\\/uploads\\\/sites\\\/14\\\/2022\\\/02\\\/buy-blue-dolphin-ecstasy-pills-online.jpg\",\"width\":600,\"height\":600},{\"@type\":\"BreadcrumbList\",\"@id\":\"https:\\\/\\\/medicinasinc.com\\\/no\\\/product\\\/kjop-bla-delfin-ecstasy-piller\\\/#breadcrumb\",\"itemListElement\":[{\"@type\":\"ListItem\",\"position\":1,\"name\":\"Butikk\",\"item\":\"https:\\\/\\\/medicinasinc.com\\\/no\\\/butikk\\\/\"},{\"@type\":\"ListItem\",\"position\":2,\"name\":\"Kj\u00f8p Blue Dolphin Ecstasy Pills\"}]},{\"@type\":\"WebSite\",\"@id\":\"https:\\\/\\\/medicinasinc.com\\\/no\\\/#website\",\"url\":\"https:\\\/\\\/medicinasinc.com\\\/no\\\/\",\"name\":\"Medicinas Inc\",\"description\":\"Helsemedisinsk klinikk\",\"potentialAction\":[{\"@type\":\"SearchAction\",\"target\":{\"@type\":\"EntryPoint\",\"urlTemplate\":\"https:\\\/\\\/medicinasinc.com\\\/no\\\/?s={search_term_string}\"},\"query-input\":{\"@type\":\"PropertyValueSpecification\",\"valueRequired\":true,\"valueName\":\"search_term_string\"}}],\"inLanguage\":\"nn-NO\"}]}<\/script>\n<!-- \/ Yoast SEO plugin. -->","yoast_head_json":{"title":"Kj\u00f8p Blue Dolphin Ecstasy Pills Online - Beste beste globale medisiner","description":"Kj\u00f8p ecstasy-piller p\u00e5 nett. Kj\u00f8p Blue Dolphin ecstasy piller til salgs uk, europa til utmerkede priser fra oss. Pakking gj\u00f8res av fagfolk og levering er 100 % garantert.","robots":{"index":"index","follow":"follow","max-snippet":"max-snippet:-1","max-image-preview":"max-image-preview:large","max-video-preview":"max-video-preview:-1"},"canonical":"https:\/\/medicinasinc.com\/no\/product\/kjop-bla-delfin-ecstasy-piller\/","og_locale":"nn_NO","og_type":"article","og_title":"Kj\u00f8p Blue Dolphin Ecstasy Pills Online - Beste beste globale medisiner","og_description":"Kj\u00f8p ecstasy-piller p\u00e5 nett. Kj\u00f8p Blue Dolphin ecstasy piller til salgs uk, europa til utmerkede priser fra oss. Pakking gj\u00f8res av fagfolk og levering er 100 % garantert.","og_url":"https:\/\/medicinasinc.com\/no\/product\/kjop-bla-delfin-ecstasy-piller\/","og_site_name":"Medicinas Inc","article_modified_time":"2022-03-22T01:16:44+00:00","og_image":[{"width":600,"height":600,"url":"https:\/\/medicinasinc.com\/no\/wp-content\/uploads\/sites\/14\/2022\/02\/buy-blue-dolphin-ecstasy-pills-online.jpg","type":"image\/jpeg"}],"twitter_card":"summary_large_image","twitter_misc":{"Est. reading time":"2 minutt"},"schema":{"@context":"https:\/\/schema.org","@graph":[{"@type":"WebPage","@id":"https:\/\/medicinasinc.com\/no\/product\/kjop-bla-delfin-ecstasy-piller\/","url":"https:\/\/medicinasinc.com\/no\/product\/kjop-bla-delfin-ecstasy-piller\/","name":"Kj\u00f8p Blue Dolphin Ecstasy Pills Online - Beste beste globale medisiner","isPartOf":{"@id":"https:\/\/medicinasinc.com\/no\/#website"},"primaryImageOfPage":{"@id":"https:\/\/medicinasinc.com\/no\/product\/kjop-bla-delfin-ecstasy-piller\/#primaryimage"},"image":{"@id":"https:\/\/medicinasinc.com\/no\/product\/kjop-bla-delfin-ecstasy-piller\/#primaryimage"},"thumbnailUrl":"https:\/\/medicinasinc.com\/no\/wp-content\/uploads\/sites\/14\/2022\/02\/buy-blue-dolphin-ecstasy-pills-online.jpg","datePublished":"2022-02-20T09:44:15+00:00","dateModified":"2022-03-22T01:16:44+00:00","description":"Kj\u00f8p ecstasy-piller p\u00e5 nett. Kj\u00f8p Blue Dolphin ecstasy piller til salgs uk, europa til utmerkede priser fra oss. Pakking gj\u00f8res av fagfolk og levering er 100 % garantert.","breadcrumb":{"@id":"https:\/\/medicinasinc.com\/no\/product\/kjop-bla-delfin-ecstasy-piller\/#breadcrumb"},"inLanguage":"nn-NO","potentialAction":[{"@type":"ReadAction","target":["https:\/\/medicinasinc.com\/no\/product\/kjop-bla-delfin-ecstasy-piller\/"]}]},{"@type":"ImageObject","inLanguage":"nn-NO","@id":"https:\/\/medicinasinc.com\/no\/product\/kjop-bla-delfin-ecstasy-piller\/#primaryimage","url":"https:\/\/medicinasinc.com\/no\/wp-content\/uploads\/sites\/14\/2022\/02\/buy-blue-dolphin-ecstasy-pills-online.jpg","contentUrl":"https:\/\/medicinasinc.com\/no\/wp-content\/uploads\/sites\/14\/2022\/02\/buy-blue-dolphin-ecstasy-pills-online.jpg","width":600,"height":600},{"@type":"BreadcrumbList","@id":"https:\/\/medicinasinc.com\/no\/product\/kjop-bla-delfin-ecstasy-piller\/#breadcrumb","itemListElement":[{"@type":"ListItem","position":1,"name":"Butikk","item":"https:\/\/medicinasinc.com\/no\/butikk\/"},{"@type":"ListItem","position":2,"name":"Kj\u00f8p Blue Dolphin Ecstasy Pills"}]},{"@type":"WebSite","@id":"https:\/\/medicinasinc.com\/no\/#website","url":"https:\/\/medicinasinc.com\/no\/","name":"Medicinas Inc","description":"Helsemedisinsk klinikk","potentialAction":[{"@type":"SearchAction","target":{"@type":"EntryPoint","urlTemplate":"https:\/\/medicinasinc.com\/no\/?s={search_term_string}"},"query-input":{"@type":"PropertyValueSpecification","valueRequired":true,"valueName":"search_term_string"}}],"inLanguage":"nn-NO"}]}},"_links":{"self":[{"href":"https:\/\/medicinasinc.com\/no\/wp-json\/wp\/v2\/product\/4479","targetHints":{"allow":["GET"]}}],"collection":[{"href":"https:\/\/medicinasinc.com\/no\/wp-json\/wp\/v2\/product"}],"about":[{"href":"https:\/\/medicinasinc.com\/no\/wp-json\/wp\/v2\/types\/product"}],"replies":[{"embeddable":true,"href":"https:\/\/medicinasinc.com\/no\/wp-json\/wp\/v2\/comments?post=4479"}],"wp:featuredmedia":[{"embeddable":true,"href":"https:\/\/medicinasinc.com\/no\/wp-json\/wp\/v2\/media\/4516"}],"wp:attachment":[{"href":"https:\/\/medicinasinc.com\/no\/wp-json\/wp\/v2\/media?parent=4479"}],"wp:term":[{"taxonomy":"product_brand","embeddable":true,"href":"https:\/\/medicinasinc.com\/no\/wp-json\/wp\/v2\/product_brand?post=4479"},{"taxonomy":"product_cat","embeddable":true,"href":"https:\/\/medicinasinc.com\/no\/wp-json\/wp\/v2\/product_cat?post=4479"},{"taxonomy":"product_tag","embeddable":true,"href":"https:\/\/medicinasinc.com\/no\/wp-json\/wp\/v2\/product_tag?post=4479"}],"curies":[{"name":"wp","href":"https:\/\/api.w.org\/{rel}","templated":true}]}}