{"id":4460,"date":"2022-02-20T09:31:07","date_gmt":"2022-02-20T09:31:07","guid":{"rendered":"https:\/\/medicinasinc.com\/no\/?post_type=product&#038;p=4460"},"modified":"2022-03-22T01:17:20","modified_gmt":"2022-03-22T01:17:20","slug":"kjope-prometazin-sirup","status":"publish","type":"product","link":"https:\/\/medicinasinc.com\/no\/product\/kjope-prometazin-sirup\/","title":{"rendered":"Kj\u00f8p Promethazine Sirup"},"content":{"rendered":"<h1>Kj\u00f8p Promethazine DM Sirup Qualitest.<\/h1>\n<p>Kj\u00f8p Promethazine DM Sirup Qualitest. Vi har ogs\u00e5 crystal meth. De fleste av v\u00e5re forskningskjemikalier har g\u00e5tt gjennom kvalitetskontrollprosedyrer.<\/p>\n","protected":false},"excerpt":{"rendered":"<p>Kj\u00f8p Promethazine Sirup for salg Storbritannia, Europa. Garantert laveste priser. diskret frakt! Beste globale medisiner. Billig generisk kodein.<\/p>\n<p>Kj\u00f8p Promethazine DM-sirup fra Qualitest.<\/p>\n<p>Promethazine DM-sirup fra Qualitest&#8230;<\/p>\n<p>Promethazine (Phenergan\u00ae) med kodeinsirup 6,25mg\/10mg per 5 ml, 473 ml flaske<\/p>\n","protected":false},"featured_media":4495,"comment_status":"open","ping_status":"closed","template":"","meta":[],"product_brand":[],"product_cat":[497],"product_tag":[],"class_list":{"0":"post-4460","1":"product","2":"type-product","3":"status-publish","4":"has-post-thumbnail","6":"product_cat-kjp-hostesaft","8":"first","9":"instock","10":"shipping-taxable","11":"purchasable","12":"product-type-variable"},"yoast_head":"<!-- This site is optimized with the Yoast SEO plugin v27.3 - https:\/\/yoast.com\/product\/yoast-seo-wordpress\/ -->\n<title>Kj\u00f8p Promethazine Sirup - Best Best Global Meds<\/title>\n<meta name=\"description\" content=\"Kj\u00f8p Promethazine Sirup til salgs Storbritannia, Europa. Garantert laveste priser. diskret frakt! Beste globale medisiner. Billig generisk kodein.\" \/>\n<meta name=\"robots\" content=\"index, follow, max-snippet:-1, max-image-preview:large, max-video-preview:-1\" \/>\n<link rel=\"canonical\" href=\"https:\/\/medicinasinc.com\/no\/product\/kjope-prometazin-sirup\/\" \/>\n<meta property=\"og:locale\" content=\"nn_NO\" \/>\n<meta property=\"og:type\" content=\"article\" \/>\n<meta property=\"og:title\" content=\"Kj\u00f8p Promethazine Sirup - Best Best Global Meds\" \/>\n<meta property=\"og:description\" content=\"Kj\u00f8p Promethazine Sirup til salgs Storbritannia, Europa. Garantert laveste priser. diskret frakt! Beste globale medisiner. Billig generisk kodein.\" \/>\n<meta property=\"og:url\" content=\"https:\/\/medicinasinc.com\/no\/product\/kjope-prometazin-sirup\/\" \/>\n<meta property=\"og:site_name\" content=\"Medicinas Inc\" \/>\n<meta property=\"article:modified_time\" content=\"2022-03-22T01:17:20+00:00\" \/>\n<meta property=\"og:image\" content=\"https:\/\/medicinasinc.com\/no\/wp-content\/uploads\/sites\/14\/2022\/02\/buy-promethazine-dm-syrup-qualitest.jpg\" \/>\n\t<meta property=\"og:image:width\" content=\"600\" \/>\n\t<meta property=\"og:image:height\" content=\"600\" \/>\n\t<meta property=\"og:image:type\" content=\"image\/jpeg\" \/>\n<meta name=\"twitter:card\" content=\"summary_large_image\" \/>\n<meta name=\"twitter:label1\" content=\"Est. reading time\" \/>\n\t<meta name=\"twitter:data1\" content=\"1 minutt\" \/>\n<script type=\"application\/ld+json\" class=\"yoast-schema-graph\">{\"@context\":\"https:\\\/\\\/schema.org\",\"@graph\":[{\"@type\":\"WebPage\",\"@id\":\"https:\\\/\\\/medicinasinc.com\\\/no\\\/product\\\/kjope-prometazin-sirup\\\/\",\"url\":\"https:\\\/\\\/medicinasinc.com\\\/no\\\/product\\\/kjope-prometazin-sirup\\\/\",\"name\":\"Kj\u00f8p Promethazine Sirup - Best Best Global Meds\",\"isPartOf\":{\"@id\":\"https:\\\/\\\/medicinasinc.com\\\/no\\\/#website\"},\"primaryImageOfPage\":{\"@id\":\"https:\\\/\\\/medicinasinc.com\\\/no\\\/product\\\/kjope-prometazin-sirup\\\/#primaryimage\"},\"image\":{\"@id\":\"https:\\\/\\\/medicinasinc.com\\\/no\\\/product\\\/kjope-prometazin-sirup\\\/#primaryimage\"},\"thumbnailUrl\":\"https:\\\/\\\/medicinasinc.com\\\/no\\\/wp-content\\\/uploads\\\/sites\\\/14\\\/2022\\\/02\\\/buy-promethazine-dm-syrup-qualitest.jpg\",\"datePublished\":\"2022-02-20T09:31:07+00:00\",\"dateModified\":\"2022-03-22T01:17:20+00:00\",\"description\":\"Kj\u00f8p Promethazine Sirup til salgs Storbritannia, Europa. Garantert laveste priser. diskret frakt! Beste globale medisiner. Billig generisk kodein.\",\"breadcrumb\":{\"@id\":\"https:\\\/\\\/medicinasinc.com\\\/no\\\/product\\\/kjope-prometazin-sirup\\\/#breadcrumb\"},\"inLanguage\":\"nn-NO\",\"potentialAction\":[{\"@type\":\"ReadAction\",\"target\":[\"https:\\\/\\\/medicinasinc.com\\\/no\\\/product\\\/kjope-prometazin-sirup\\\/\"]}]},{\"@type\":\"ImageObject\",\"inLanguage\":\"nn-NO\",\"@id\":\"https:\\\/\\\/medicinasinc.com\\\/no\\\/product\\\/kjope-prometazin-sirup\\\/#primaryimage\",\"url\":\"https:\\\/\\\/medicinasinc.com\\\/no\\\/wp-content\\\/uploads\\\/sites\\\/14\\\/2022\\\/02\\\/buy-promethazine-dm-syrup-qualitest.jpg\",\"contentUrl\":\"https:\\\/\\\/medicinasinc.com\\\/no\\\/wp-content\\\/uploads\\\/sites\\\/14\\\/2022\\\/02\\\/buy-promethazine-dm-syrup-qualitest.jpg\",\"width\":600,\"height\":600},{\"@type\":\"BreadcrumbList\",\"@id\":\"https:\\\/\\\/medicinasinc.com\\\/no\\\/product\\\/kjope-prometazin-sirup\\\/#breadcrumb\",\"itemListElement\":[{\"@type\":\"ListItem\",\"position\":1,\"name\":\"Butikk\",\"item\":\"https:\\\/\\\/medicinasinc.com\\\/no\\\/butikk\\\/\"},{\"@type\":\"ListItem\",\"position\":2,\"name\":\"Kj\u00f8p Promethazine Sirup\"}]},{\"@type\":\"WebSite\",\"@id\":\"https:\\\/\\\/medicinasinc.com\\\/no\\\/#website\",\"url\":\"https:\\\/\\\/medicinasinc.com\\\/no\\\/\",\"name\":\"Medicinas Inc\",\"description\":\"Helsemedisinsk klinikk\",\"potentialAction\":[{\"@type\":\"SearchAction\",\"target\":{\"@type\":\"EntryPoint\",\"urlTemplate\":\"https:\\\/\\\/medicinasinc.com\\\/no\\\/?s={search_term_string}\"},\"query-input\":{\"@type\":\"PropertyValueSpecification\",\"valueRequired\":true,\"valueName\":\"search_term_string\"}}],\"inLanguage\":\"nn-NO\"}]}<\/script>\n<!-- \/ Yoast SEO plugin. -->","yoast_head_json":{"title":"Kj\u00f8p Promethazine Sirup - Best Best Global Meds","description":"Kj\u00f8p Promethazine Sirup til salgs Storbritannia, Europa. Garantert laveste priser. diskret frakt! Beste globale medisiner. Billig generisk kodein.","robots":{"index":"index","follow":"follow","max-snippet":"max-snippet:-1","max-image-preview":"max-image-preview:large","max-video-preview":"max-video-preview:-1"},"canonical":"https:\/\/medicinasinc.com\/no\/product\/kjope-prometazin-sirup\/","og_locale":"nn_NO","og_type":"article","og_title":"Kj\u00f8p Promethazine Sirup - Best Best Global Meds","og_description":"Kj\u00f8p Promethazine Sirup til salgs Storbritannia, Europa. Garantert laveste priser. diskret frakt! Beste globale medisiner. Billig generisk kodein.","og_url":"https:\/\/medicinasinc.com\/no\/product\/kjope-prometazin-sirup\/","og_site_name":"Medicinas Inc","article_modified_time":"2022-03-22T01:17:20+00:00","og_image":[{"width":600,"height":600,"url":"https:\/\/medicinasinc.com\/no\/wp-content\/uploads\/sites\/14\/2022\/02\/buy-promethazine-dm-syrup-qualitest.jpg","type":"image\/jpeg"}],"twitter_card":"summary_large_image","twitter_misc":{"Est. reading time":"1 minutt"},"schema":{"@context":"https:\/\/schema.org","@graph":[{"@type":"WebPage","@id":"https:\/\/medicinasinc.com\/no\/product\/kjope-prometazin-sirup\/","url":"https:\/\/medicinasinc.com\/no\/product\/kjope-prometazin-sirup\/","name":"Kj\u00f8p Promethazine Sirup - Best Best Global Meds","isPartOf":{"@id":"https:\/\/medicinasinc.com\/no\/#website"},"primaryImageOfPage":{"@id":"https:\/\/medicinasinc.com\/no\/product\/kjope-prometazin-sirup\/#primaryimage"},"image":{"@id":"https:\/\/medicinasinc.com\/no\/product\/kjope-prometazin-sirup\/#primaryimage"},"thumbnailUrl":"https:\/\/medicinasinc.com\/no\/wp-content\/uploads\/sites\/14\/2022\/02\/buy-promethazine-dm-syrup-qualitest.jpg","datePublished":"2022-02-20T09:31:07+00:00","dateModified":"2022-03-22T01:17:20+00:00","description":"Kj\u00f8p Promethazine Sirup til salgs Storbritannia, Europa. Garantert laveste priser. diskret frakt! Beste globale medisiner. Billig generisk kodein.","breadcrumb":{"@id":"https:\/\/medicinasinc.com\/no\/product\/kjope-prometazin-sirup\/#breadcrumb"},"inLanguage":"nn-NO","potentialAction":[{"@type":"ReadAction","target":["https:\/\/medicinasinc.com\/no\/product\/kjope-prometazin-sirup\/"]}]},{"@type":"ImageObject","inLanguage":"nn-NO","@id":"https:\/\/medicinasinc.com\/no\/product\/kjope-prometazin-sirup\/#primaryimage","url":"https:\/\/medicinasinc.com\/no\/wp-content\/uploads\/sites\/14\/2022\/02\/buy-promethazine-dm-syrup-qualitest.jpg","contentUrl":"https:\/\/medicinasinc.com\/no\/wp-content\/uploads\/sites\/14\/2022\/02\/buy-promethazine-dm-syrup-qualitest.jpg","width":600,"height":600},{"@type":"BreadcrumbList","@id":"https:\/\/medicinasinc.com\/no\/product\/kjope-prometazin-sirup\/#breadcrumb","itemListElement":[{"@type":"ListItem","position":1,"name":"Butikk","item":"https:\/\/medicinasinc.com\/no\/butikk\/"},{"@type":"ListItem","position":2,"name":"Kj\u00f8p Promethazine Sirup"}]},{"@type":"WebSite","@id":"https:\/\/medicinasinc.com\/no\/#website","url":"https:\/\/medicinasinc.com\/no\/","name":"Medicinas Inc","description":"Helsemedisinsk klinikk","potentialAction":[{"@type":"SearchAction","target":{"@type":"EntryPoint","urlTemplate":"https:\/\/medicinasinc.com\/no\/?s={search_term_string}"},"query-input":{"@type":"PropertyValueSpecification","valueRequired":true,"valueName":"search_term_string"}}],"inLanguage":"nn-NO"}]}},"_links":{"self":[{"href":"https:\/\/medicinasinc.com\/no\/wp-json\/wp\/v2\/product\/4460","targetHints":{"allow":["GET"]}}],"collection":[{"href":"https:\/\/medicinasinc.com\/no\/wp-json\/wp\/v2\/product"}],"about":[{"href":"https:\/\/medicinasinc.com\/no\/wp-json\/wp\/v2\/types\/product"}],"replies":[{"embeddable":true,"href":"https:\/\/medicinasinc.com\/no\/wp-json\/wp\/v2\/comments?post=4460"}],"wp:featuredmedia":[{"embeddable":true,"href":"https:\/\/medicinasinc.com\/no\/wp-json\/wp\/v2\/media\/4495"}],"wp:attachment":[{"href":"https:\/\/medicinasinc.com\/no\/wp-json\/wp\/v2\/media?parent=4460"}],"wp:term":[{"taxonomy":"product_brand","embeddable":true,"href":"https:\/\/medicinasinc.com\/no\/wp-json\/wp\/v2\/product_brand?post=4460"},{"taxonomy":"product_cat","embeddable":true,"href":"https:\/\/medicinasinc.com\/no\/wp-json\/wp\/v2\/product_cat?post=4460"},{"taxonomy":"product_tag","embeddable":true,"href":"https:\/\/medicinasinc.com\/no\/wp-json\/wp\/v2\/product_tag?post=4460"}],"curies":[{"name":"wp","href":"https:\/\/api.w.org\/{rel}","templated":true}]}}