{"id":4458,"date":"2022-02-20T09:30:17","date_gmt":"2022-02-20T09:30:17","guid":{"rendered":"https:\/\/medicinasinc.com\/no\/?post_type=product&#038;p=4458"},"modified":"2022-03-22T01:17:28","modified_gmt":"2022-03-22T01:17:28","slug":"kjope-ketof-hostesaft","status":"publish","type":"product","link":"https:\/\/medicinasinc.com\/no\/product\/kjope-ketof-hostesaft\/","title":{"rendered":"Kj\u00f8p Ketof Hostesaft"},"content":{"rendered":"<h1>Kj\u00f8p Keto-hostesirup p\u00e5 nettet<\/h1>\n<p>Kj\u00f8p Keto-hostesirup p\u00e5 nettet. Ogs\u00e5 tilgjengelig kan du kj\u00f8pe heroin online til billige priser. Vi har et bredt utvalg av narkotika tilgjengelig her for salg som kokain, crystal meth og mange flere.<\/p>\n","protected":false},"excerpt":{"rendered":"<p>Kj\u00f8p Ketof hostesaft for salg Storbritannia, Europa p\u00e5 nett. Aktive ingredienser: Ketotifen. Vi tilbyr spesialrabatter p\u00e5 engrosordrer. Merk at vi ogs\u00e5 gratis frakt n\u00e5r du dette produktet og ogs\u00e5 actavis til salgs.<\/p>\n","protected":false},"featured_media":4493,"comment_status":"open","ping_status":"closed","template":"","meta":[],"product_brand":[],"product_cat":[497],"product_tag":[],"class_list":{"0":"post-4458","1":"product","2":"type-product","3":"status-publish","4":"has-post-thumbnail","6":"product_cat-kjp-hostesaft","8":"first","9":"instock","10":"shipping-taxable","11":"purchasable","12":"product-type-variable","13":"has-default-attributes"},"yoast_head":"<!-- This site is optimized with the Yoast SEO plugin v27.3 - https:\/\/yoast.com\/product\/yoast-seo-wordpress\/ -->\n<title>Kj\u00f8p Ketof Hostesirup - Beste Beste Global Meds<\/title>\n<meta name=\"description\" content=\"Kj\u00f8p Ketof Hostesaft til salgs Storbritannia, Europa p\u00e5 nett. Aktive ingredienser: Ketotifen. Vi tilbyr spesialrabatter p\u00e5 engrosordrer. Merk at vi ogs\u00e5 gratis frakt n\u00e5r du dette produktet og ogs\u00e5 actavis til salgs.\" \/>\n<meta name=\"robots\" content=\"index, follow, max-snippet:-1, max-image-preview:large, max-video-preview:-1\" \/>\n<link rel=\"canonical\" href=\"https:\/\/medicinasinc.com\/no\/product\/kjope-ketof-hostesaft\/\" \/>\n<meta property=\"og:locale\" content=\"nn_NO\" \/>\n<meta property=\"og:type\" content=\"article\" \/>\n<meta property=\"og:title\" content=\"Kj\u00f8p Ketof Hostesirup - Beste Beste Global Meds\" \/>\n<meta property=\"og:description\" content=\"Kj\u00f8p Ketof Hostesaft til salgs Storbritannia, Europa p\u00e5 nett. Aktive ingredienser: Ketotifen. Vi tilbyr spesialrabatter p\u00e5 engrosordrer. Merk at vi ogs\u00e5 gratis frakt n\u00e5r du dette produktet og ogs\u00e5 actavis til salgs.\" \/>\n<meta property=\"og:url\" content=\"https:\/\/medicinasinc.com\/no\/product\/kjope-ketof-hostesaft\/\" \/>\n<meta property=\"og:site_name\" content=\"Medicinas Inc\" \/>\n<meta property=\"article:modified_time\" content=\"2022-03-22T01:17:28+00:00\" \/>\n<meta property=\"og:image\" content=\"https:\/\/medicinasinc.com\/no\/wp-content\/uploads\/sites\/14\/2022\/02\/buy-ketof-cough-syrup-online.jpg\" \/>\n\t<meta property=\"og:image:width\" content=\"600\" \/>\n\t<meta property=\"og:image:height\" content=\"600\" \/>\n\t<meta property=\"og:image:type\" content=\"image\/jpeg\" \/>\n<meta name=\"twitter:card\" content=\"summary_large_image\" \/>\n<meta name=\"twitter:label1\" content=\"Est. reading time\" \/>\n\t<meta name=\"twitter:data1\" content=\"1 minutt\" \/>\n<script type=\"application\/ld+json\" class=\"yoast-schema-graph\">{\"@context\":\"https:\\\/\\\/schema.org\",\"@graph\":[{\"@type\":\"WebPage\",\"@id\":\"https:\\\/\\\/medicinasinc.com\\\/no\\\/product\\\/kjope-ketof-hostesaft\\\/\",\"url\":\"https:\\\/\\\/medicinasinc.com\\\/no\\\/product\\\/kjope-ketof-hostesaft\\\/\",\"name\":\"Kj\u00f8p Ketof Hostesirup - Beste Beste Global Meds\",\"isPartOf\":{\"@id\":\"https:\\\/\\\/medicinasinc.com\\\/no\\\/#website\"},\"primaryImageOfPage\":{\"@id\":\"https:\\\/\\\/medicinasinc.com\\\/no\\\/product\\\/kjope-ketof-hostesaft\\\/#primaryimage\"},\"image\":{\"@id\":\"https:\\\/\\\/medicinasinc.com\\\/no\\\/product\\\/kjope-ketof-hostesaft\\\/#primaryimage\"},\"thumbnailUrl\":\"https:\\\/\\\/medicinasinc.com\\\/no\\\/wp-content\\\/uploads\\\/sites\\\/14\\\/2022\\\/02\\\/buy-ketof-cough-syrup-online.jpg\",\"datePublished\":\"2022-02-20T09:30:17+00:00\",\"dateModified\":\"2022-03-22T01:17:28+00:00\",\"description\":\"Kj\u00f8p Ketof Hostesaft til salgs Storbritannia, Europa p\u00e5 nett. Aktive ingredienser: Ketotifen. Vi tilbyr spesialrabatter p\u00e5 engrosordrer. Merk at vi ogs\u00e5 gratis frakt n\u00e5r du dette produktet og ogs\u00e5 actavis til salgs.\",\"breadcrumb\":{\"@id\":\"https:\\\/\\\/medicinasinc.com\\\/no\\\/product\\\/kjope-ketof-hostesaft\\\/#breadcrumb\"},\"inLanguage\":\"nn-NO\",\"potentialAction\":[{\"@type\":\"ReadAction\",\"target\":[\"https:\\\/\\\/medicinasinc.com\\\/no\\\/product\\\/kjope-ketof-hostesaft\\\/\"]}]},{\"@type\":\"ImageObject\",\"inLanguage\":\"nn-NO\",\"@id\":\"https:\\\/\\\/medicinasinc.com\\\/no\\\/product\\\/kjope-ketof-hostesaft\\\/#primaryimage\",\"url\":\"https:\\\/\\\/medicinasinc.com\\\/no\\\/wp-content\\\/uploads\\\/sites\\\/14\\\/2022\\\/02\\\/buy-ketof-cough-syrup-online.jpg\",\"contentUrl\":\"https:\\\/\\\/medicinasinc.com\\\/no\\\/wp-content\\\/uploads\\\/sites\\\/14\\\/2022\\\/02\\\/buy-ketof-cough-syrup-online.jpg\",\"width\":600,\"height\":600},{\"@type\":\"BreadcrumbList\",\"@id\":\"https:\\\/\\\/medicinasinc.com\\\/no\\\/product\\\/kjope-ketof-hostesaft\\\/#breadcrumb\",\"itemListElement\":[{\"@type\":\"ListItem\",\"position\":1,\"name\":\"Butikk\",\"item\":\"https:\\\/\\\/medicinasinc.com\\\/no\\\/butikk\\\/\"},{\"@type\":\"ListItem\",\"position\":2,\"name\":\"Kj\u00f8p Ketof Hostesaft\"}]},{\"@type\":\"WebSite\",\"@id\":\"https:\\\/\\\/medicinasinc.com\\\/no\\\/#website\",\"url\":\"https:\\\/\\\/medicinasinc.com\\\/no\\\/\",\"name\":\"Medicinas Inc\",\"description\":\"Helsemedisinsk klinikk\",\"potentialAction\":[{\"@type\":\"SearchAction\",\"target\":{\"@type\":\"EntryPoint\",\"urlTemplate\":\"https:\\\/\\\/medicinasinc.com\\\/no\\\/?s={search_term_string}\"},\"query-input\":{\"@type\":\"PropertyValueSpecification\",\"valueRequired\":true,\"valueName\":\"search_term_string\"}}],\"inLanguage\":\"nn-NO\"}]}<\/script>\n<!-- \/ Yoast SEO plugin. -->","yoast_head_json":{"title":"Kj\u00f8p Ketof Hostesirup - Beste Beste Global Meds","description":"Kj\u00f8p Ketof Hostesaft til salgs Storbritannia, Europa p\u00e5 nett. Aktive ingredienser: Ketotifen. Vi tilbyr spesialrabatter p\u00e5 engrosordrer. Merk at vi ogs\u00e5 gratis frakt n\u00e5r du dette produktet og ogs\u00e5 actavis til salgs.","robots":{"index":"index","follow":"follow","max-snippet":"max-snippet:-1","max-image-preview":"max-image-preview:large","max-video-preview":"max-video-preview:-1"},"canonical":"https:\/\/medicinasinc.com\/no\/product\/kjope-ketof-hostesaft\/","og_locale":"nn_NO","og_type":"article","og_title":"Kj\u00f8p Ketof Hostesirup - Beste Beste Global Meds","og_description":"Kj\u00f8p Ketof Hostesaft til salgs Storbritannia, Europa p\u00e5 nett. Aktive ingredienser: Ketotifen. Vi tilbyr spesialrabatter p\u00e5 engrosordrer. Merk at vi ogs\u00e5 gratis frakt n\u00e5r du dette produktet og ogs\u00e5 actavis til salgs.","og_url":"https:\/\/medicinasinc.com\/no\/product\/kjope-ketof-hostesaft\/","og_site_name":"Medicinas Inc","article_modified_time":"2022-03-22T01:17:28+00:00","og_image":[{"width":600,"height":600,"url":"https:\/\/medicinasinc.com\/no\/wp-content\/uploads\/sites\/14\/2022\/02\/buy-ketof-cough-syrup-online.jpg","type":"image\/jpeg"}],"twitter_card":"summary_large_image","twitter_misc":{"Est. reading time":"1 minutt"},"schema":{"@context":"https:\/\/schema.org","@graph":[{"@type":"WebPage","@id":"https:\/\/medicinasinc.com\/no\/product\/kjope-ketof-hostesaft\/","url":"https:\/\/medicinasinc.com\/no\/product\/kjope-ketof-hostesaft\/","name":"Kj\u00f8p Ketof Hostesirup - Beste Beste Global Meds","isPartOf":{"@id":"https:\/\/medicinasinc.com\/no\/#website"},"primaryImageOfPage":{"@id":"https:\/\/medicinasinc.com\/no\/product\/kjope-ketof-hostesaft\/#primaryimage"},"image":{"@id":"https:\/\/medicinasinc.com\/no\/product\/kjope-ketof-hostesaft\/#primaryimage"},"thumbnailUrl":"https:\/\/medicinasinc.com\/no\/wp-content\/uploads\/sites\/14\/2022\/02\/buy-ketof-cough-syrup-online.jpg","datePublished":"2022-02-20T09:30:17+00:00","dateModified":"2022-03-22T01:17:28+00:00","description":"Kj\u00f8p Ketof Hostesaft til salgs Storbritannia, Europa p\u00e5 nett. Aktive ingredienser: Ketotifen. Vi tilbyr spesialrabatter p\u00e5 engrosordrer. Merk at vi ogs\u00e5 gratis frakt n\u00e5r du dette produktet og ogs\u00e5 actavis til salgs.","breadcrumb":{"@id":"https:\/\/medicinasinc.com\/no\/product\/kjope-ketof-hostesaft\/#breadcrumb"},"inLanguage":"nn-NO","potentialAction":[{"@type":"ReadAction","target":["https:\/\/medicinasinc.com\/no\/product\/kjope-ketof-hostesaft\/"]}]},{"@type":"ImageObject","inLanguage":"nn-NO","@id":"https:\/\/medicinasinc.com\/no\/product\/kjope-ketof-hostesaft\/#primaryimage","url":"https:\/\/medicinasinc.com\/no\/wp-content\/uploads\/sites\/14\/2022\/02\/buy-ketof-cough-syrup-online.jpg","contentUrl":"https:\/\/medicinasinc.com\/no\/wp-content\/uploads\/sites\/14\/2022\/02\/buy-ketof-cough-syrup-online.jpg","width":600,"height":600},{"@type":"BreadcrumbList","@id":"https:\/\/medicinasinc.com\/no\/product\/kjope-ketof-hostesaft\/#breadcrumb","itemListElement":[{"@type":"ListItem","position":1,"name":"Butikk","item":"https:\/\/medicinasinc.com\/no\/butikk\/"},{"@type":"ListItem","position":2,"name":"Kj\u00f8p Ketof Hostesaft"}]},{"@type":"WebSite","@id":"https:\/\/medicinasinc.com\/no\/#website","url":"https:\/\/medicinasinc.com\/no\/","name":"Medicinas Inc","description":"Helsemedisinsk klinikk","potentialAction":[{"@type":"SearchAction","target":{"@type":"EntryPoint","urlTemplate":"https:\/\/medicinasinc.com\/no\/?s={search_term_string}"},"query-input":{"@type":"PropertyValueSpecification","valueRequired":true,"valueName":"search_term_string"}}],"inLanguage":"nn-NO"}]}},"_links":{"self":[{"href":"https:\/\/medicinasinc.com\/no\/wp-json\/wp\/v2\/product\/4458","targetHints":{"allow":["GET"]}}],"collection":[{"href":"https:\/\/medicinasinc.com\/no\/wp-json\/wp\/v2\/product"}],"about":[{"href":"https:\/\/medicinasinc.com\/no\/wp-json\/wp\/v2\/types\/product"}],"replies":[{"embeddable":true,"href":"https:\/\/medicinasinc.com\/no\/wp-json\/wp\/v2\/comments?post=4458"}],"wp:featuredmedia":[{"embeddable":true,"href":"https:\/\/medicinasinc.com\/no\/wp-json\/wp\/v2\/media\/4493"}],"wp:attachment":[{"href":"https:\/\/medicinasinc.com\/no\/wp-json\/wp\/v2\/media?parent=4458"}],"wp:term":[{"taxonomy":"product_brand","embeddable":true,"href":"https:\/\/medicinasinc.com\/no\/wp-json\/wp\/v2\/product_brand?post=4458"},{"taxonomy":"product_cat","embeddable":true,"href":"https:\/\/medicinasinc.com\/no\/wp-json\/wp\/v2\/product_cat?post=4458"},{"taxonomy":"product_tag","embeddable":true,"href":"https:\/\/medicinasinc.com\/no\/wp-json\/wp\/v2\/product_tag?post=4458"}],"curies":[{"name":"wp","href":"https:\/\/api.w.org\/{rel}","templated":true}]}}