{"id":4455,"date":"2022-02-20T09:28:05","date_gmt":"2022-02-20T09:28:05","guid":{"rendered":"https:\/\/medicinasinc.com\/no\/?post_type=product&#038;p=4455"},"modified":"2022-03-22T01:17:41","modified_gmt":"2022-03-22T01:17:41","slug":"kjop-hi-tech-hostesaft","status":"publish","type":"product","link":"https:\/\/medicinasinc.com\/no\/product\/kjop-hi-tech-hostesaft\/","title":{"rendered":"Kj\u00f8p Hi-Tech Hostesaft"},"content":{"rendered":"<p>Kj\u00f8p p\u00e5 nett av Hi-Tech hostesaft.<\/p>\n<p>Kj\u00f8p Hi-Tech hostesaft p\u00e5 nett til ekstremt lave priser. i tillegg kj\u00f8pe kokain for videresalg. Vi selger en rekke sentralstimulerende midler og narkotika, inkludert GHB.<\/p>\n<p>Selv om jeg setter pris p\u00e5 en anstendig velsmakende, tror jeg at de tar altfor lang tid \u00e5 f\u00e5 i seg. P\u00e5 grunn av sin styrke og smak kan THC-sirup bli din nye g\u00e5 til stoffet for hjelp.<\/p>\n<p>Cannabissirup er fantastisk for gjenoppbyggende s\u00e5 vel som rekreasjonsklienter. Den er sterk og effektiv \u2013 trer ofte i kraft innen 20 til 30 minutter \u2013 og fornuftig \u00e5 bruke. Bare legg porsjonen din til mat eller drikke, og du er ferdig. Du kan imidlertid drikke en liten mengde uten uhell. Det er alt som skal til!<\/p>\n<p>hostesaft til salgs, h\u00f8yteknologisk thc sirup, hostesaft p\u00e5 nett, h\u00f8yteknologisk lavpris, h\u00f8yteknologisk hostesaft p\u00e5 nett, h\u00f8yteknologisk p\u00e5 nett. De som ikke t\u00e5ler tanken p\u00e5 \u00e5 r\u00f8yke hasj (eller kanskje er for uf\u00f8re \u200b\u200btil \u00e5 vurdere det), men likevel \u00f8nsker \u00e5 h\u00f8ste fordelene av denne virkelig fantastiske planten, oppfordres til \u00e5 vurdere THC-sirup som en alternativ konsummetode. Strengt terapeutiske klienter vil gjerne h\u00f8re at CBD-sirup ogs\u00e5 er tilgjengelig. Det er imidlertid et emne for en annen artikkel!<\/p>\n<p>LAG THC-SIRUP: STEG-FOR-STEG-INSTRUKSJONER<\/p>\n<p>Hvis du leter etter en enkel THC-sirupoppskrift, trenger du ikke lete lenger. Du kan utvilsomt lage en hellbar THC-sirup hjemme med bare noen f\u00e5 ingredienser og minimalt med maskinvare. Det er sannsynligvis den enkleste gjenstanden \u00e5 lage selv, siden ingen potensielt farlige syntetiske stoffer forventes \u00e5 trekke ut THC fra plantemateriale.<\/p>\n<p>For \u00e5 lage din egen THC-infunderte sirup, trenger du&#8230;<\/p>\n<p>Vann. Rundt 200 ml vil gi en rimelig mengde sirup. Fordi formelen er s\u00e5 enkel, kan du vanligvis lage s\u00e5 mange du vil senere.<\/p>\n<p>Sukker. Mengden sukker du bruker vil p\u00e5virke hvor lenge cannabissirupen kan lagres. Sirupen laget av to seksjoner sukker og en seksjon vann kan lagres i omtrent et kvart \u00e5r). En 1:1 sirup kan ogs\u00e5 lages, selv om den ikke vil vare s\u00e5 lenge.<\/p>\n<p>Forskjellige former for grovt dekarboksylert THC (bloom, trim, shake, hash, oil, break, wax, i egentlig forstand alt kan brukes).<\/p>\n<p>DOSERING AV THC-SIRUP<\/p>\n<p>Mengden THC-sirup som konsumeres varierer betydelig mellom individer. Det er viktig \u00e5 utvise forsiktighet og veie kapasiteten din mot styrken til en gjenstand som inneholder THC. hostesaft p\u00e5 nett, h\u00f8yteknologisk thc sirup, h\u00f8yteknologisk mager pris, h\u00f8yteknologisk hostesaft p\u00e5 nett, h\u00f8yteknologisk p\u00e5 nettet, hostesaft til salgs<\/p>\n<p>Problemet med hjemmelagde THC blandede siruper er at deres kraftf\u00f4rstyrke er ofte ukjent. Hvis du er bekymret for dette eller rett og slett ikke \u00f8nsker \u00e5 takle det (ubetydelige) bryet med \u00e5 sette opp din egen, kan du se nedenfor for v\u00e5re toppvalg p\u00e5 markedet i dag.<\/p>\n","protected":false},"excerpt":{"rendered":"<p>Kj\u00f8p Hi-Tech hostesaft for salg Storbritannia, Europa p\u00e5 nett. Hi-Tech Promethazine Hydrochloride og Codeine Fosfat Sirup &#8230; hver 5 mL inneholder: Promethazine hydrochloride 6,25 mg; kodeinfosfat 10 mg. Alkohol 7 % Indikasjon: Hostestillende<\/p>\n","protected":false},"featured_media":4489,"comment_status":"open","ping_status":"closed","template":"","meta":[],"product_brand":[],"product_cat":[497],"product_tag":[],"class_list":{"0":"post-4455","1":"product","2":"type-product","3":"status-publish","4":"has-post-thumbnail","6":"product_cat-kjp-hostesaft","8":"first","9":"instock","10":"shipping-taxable","11":"purchasable","12":"product-type-variable","13":"has-default-attributes"},"yoast_head":"<!-- This site is optimized with the Yoast SEO plugin v27.3 - https:\/\/yoast.com\/product\/yoast-seo-wordpress\/ -->\n<title>Kj\u00f8p Hi-Tech hostesaft - Beste beste globale medisiner<\/title>\n<meta name=\"description\" content=\"Kj\u00f8p Hi-Tech hostesaft til salgs Storbritannia, Europa p\u00e5 nett. Hi-Tech Promethazine Hydrochloride og Codeine Fosfat Sirup ... hver 5 mL inneholder: Promethazine hydrochloride 6,25 mg; kodeinfosfat 10 mg. Alkohol 7 % Indikasjon: Hostestillende\" \/>\n<meta name=\"robots\" content=\"index, follow, max-snippet:-1, max-image-preview:large, max-video-preview:-1\" \/>\n<link rel=\"canonical\" href=\"https:\/\/medicinasinc.com\/no\/product\/kjop-hi-tech-hostesaft\/\" \/>\n<meta property=\"og:locale\" content=\"nn_NO\" \/>\n<meta property=\"og:type\" content=\"article\" \/>\n<meta property=\"og:title\" content=\"Kj\u00f8p Hi-Tech hostesaft - Beste beste globale medisiner\" \/>\n<meta property=\"og:description\" content=\"Kj\u00f8p Hi-Tech hostesaft til salgs Storbritannia, Europa p\u00e5 nett. Hi-Tech Promethazine Hydrochloride og Codeine Fosfat Sirup ... hver 5 mL inneholder: Promethazine hydrochloride 6,25 mg; kodeinfosfat 10 mg. Alkohol 7 % Indikasjon: Hostestillende\" \/>\n<meta property=\"og:url\" content=\"https:\/\/medicinasinc.com\/no\/product\/kjop-hi-tech-hostesaft\/\" \/>\n<meta property=\"og:site_name\" content=\"Medicinas Inc\" \/>\n<meta property=\"article:modified_time\" content=\"2022-03-22T01:17:41+00:00\" \/>\n<meta property=\"og:image\" content=\"https:\/\/medicinasinc.com\/no\/wp-content\/uploads\/sites\/14\/2022\/02\/buy-hi-tech-cough-syrup-online.jpg\" \/>\n\t<meta property=\"og:image:width\" content=\"600\" \/>\n\t<meta property=\"og:image:height\" content=\"600\" \/>\n\t<meta property=\"og:image:type\" content=\"image\/jpeg\" \/>\n<meta name=\"twitter:card\" content=\"summary_large_image\" \/>\n<meta name=\"twitter:label1\" content=\"Est. reading time\" \/>\n\t<meta name=\"twitter:data1\" content=\"3 minutt\" \/>\n<script type=\"application\/ld+json\" class=\"yoast-schema-graph\">{\"@context\":\"https:\\\/\\\/schema.org\",\"@graph\":[{\"@type\":\"WebPage\",\"@id\":\"https:\\\/\\\/medicinasinc.com\\\/no\\\/product\\\/kjop-hi-tech-hostesaft\\\/\",\"url\":\"https:\\\/\\\/medicinasinc.com\\\/no\\\/product\\\/kjop-hi-tech-hostesaft\\\/\",\"name\":\"Kj\u00f8p Hi-Tech hostesaft - Beste beste globale medisiner\",\"isPartOf\":{\"@id\":\"https:\\\/\\\/medicinasinc.com\\\/no\\\/#website\"},\"primaryImageOfPage\":{\"@id\":\"https:\\\/\\\/medicinasinc.com\\\/no\\\/product\\\/kjop-hi-tech-hostesaft\\\/#primaryimage\"},\"image\":{\"@id\":\"https:\\\/\\\/medicinasinc.com\\\/no\\\/product\\\/kjop-hi-tech-hostesaft\\\/#primaryimage\"},\"thumbnailUrl\":\"https:\\\/\\\/medicinasinc.com\\\/no\\\/wp-content\\\/uploads\\\/sites\\\/14\\\/2022\\\/02\\\/buy-hi-tech-cough-syrup-online.jpg\",\"datePublished\":\"2022-02-20T09:28:05+00:00\",\"dateModified\":\"2022-03-22T01:17:41+00:00\",\"description\":\"Kj\u00f8p Hi-Tech hostesaft til salgs Storbritannia, Europa p\u00e5 nett. Hi-Tech Promethazine Hydrochloride og Codeine Fosfat Sirup ... hver 5 mL inneholder: Promethazine hydrochloride 6,25 mg; kodeinfosfat 10 mg. Alkohol 7 % Indikasjon: Hostestillende\",\"breadcrumb\":{\"@id\":\"https:\\\/\\\/medicinasinc.com\\\/no\\\/product\\\/kjop-hi-tech-hostesaft\\\/#breadcrumb\"},\"inLanguage\":\"nn-NO\",\"potentialAction\":[{\"@type\":\"ReadAction\",\"target\":[\"https:\\\/\\\/medicinasinc.com\\\/no\\\/product\\\/kjop-hi-tech-hostesaft\\\/\"]}]},{\"@type\":\"ImageObject\",\"inLanguage\":\"nn-NO\",\"@id\":\"https:\\\/\\\/medicinasinc.com\\\/no\\\/product\\\/kjop-hi-tech-hostesaft\\\/#primaryimage\",\"url\":\"https:\\\/\\\/medicinasinc.com\\\/no\\\/wp-content\\\/uploads\\\/sites\\\/14\\\/2022\\\/02\\\/buy-hi-tech-cough-syrup-online.jpg\",\"contentUrl\":\"https:\\\/\\\/medicinasinc.com\\\/no\\\/wp-content\\\/uploads\\\/sites\\\/14\\\/2022\\\/02\\\/buy-hi-tech-cough-syrup-online.jpg\",\"width\":600,\"height\":600},{\"@type\":\"BreadcrumbList\",\"@id\":\"https:\\\/\\\/medicinasinc.com\\\/no\\\/product\\\/kjop-hi-tech-hostesaft\\\/#breadcrumb\",\"itemListElement\":[{\"@type\":\"ListItem\",\"position\":1,\"name\":\"Butikk\",\"item\":\"https:\\\/\\\/medicinasinc.com\\\/no\\\/butikk\\\/\"},{\"@type\":\"ListItem\",\"position\":2,\"name\":\"Kj\u00f8p Hi-Tech Hostesaft\"}]},{\"@type\":\"WebSite\",\"@id\":\"https:\\\/\\\/medicinasinc.com\\\/no\\\/#website\",\"url\":\"https:\\\/\\\/medicinasinc.com\\\/no\\\/\",\"name\":\"Medicinas Inc\",\"description\":\"Helsemedisinsk klinikk\",\"potentialAction\":[{\"@type\":\"SearchAction\",\"target\":{\"@type\":\"EntryPoint\",\"urlTemplate\":\"https:\\\/\\\/medicinasinc.com\\\/no\\\/?s={search_term_string}\"},\"query-input\":{\"@type\":\"PropertyValueSpecification\",\"valueRequired\":true,\"valueName\":\"search_term_string\"}}],\"inLanguage\":\"nn-NO\"}]}<\/script>\n<!-- \/ Yoast SEO plugin. -->","yoast_head_json":{"title":"Kj\u00f8p Hi-Tech hostesaft - Beste beste globale medisiner","description":"Kj\u00f8p Hi-Tech hostesaft til salgs Storbritannia, Europa p\u00e5 nett. Hi-Tech Promethazine Hydrochloride og Codeine Fosfat Sirup ... hver 5 mL inneholder: Promethazine hydrochloride 6,25 mg; kodeinfosfat 10 mg. Alkohol 7 % Indikasjon: Hostestillende","robots":{"index":"index","follow":"follow","max-snippet":"max-snippet:-1","max-image-preview":"max-image-preview:large","max-video-preview":"max-video-preview:-1"},"canonical":"https:\/\/medicinasinc.com\/no\/product\/kjop-hi-tech-hostesaft\/","og_locale":"nn_NO","og_type":"article","og_title":"Kj\u00f8p Hi-Tech hostesaft - Beste beste globale medisiner","og_description":"Kj\u00f8p Hi-Tech hostesaft til salgs Storbritannia, Europa p\u00e5 nett. Hi-Tech Promethazine Hydrochloride og Codeine Fosfat Sirup ... hver 5 mL inneholder: Promethazine hydrochloride 6,25 mg; kodeinfosfat 10 mg. Alkohol 7 % Indikasjon: Hostestillende","og_url":"https:\/\/medicinasinc.com\/no\/product\/kjop-hi-tech-hostesaft\/","og_site_name":"Medicinas Inc","article_modified_time":"2022-03-22T01:17:41+00:00","og_image":[{"width":600,"height":600,"url":"https:\/\/medicinasinc.com\/no\/wp-content\/uploads\/sites\/14\/2022\/02\/buy-hi-tech-cough-syrup-online.jpg","type":"image\/jpeg"}],"twitter_card":"summary_large_image","twitter_misc":{"Est. reading time":"3 minutt"},"schema":{"@context":"https:\/\/schema.org","@graph":[{"@type":"WebPage","@id":"https:\/\/medicinasinc.com\/no\/product\/kjop-hi-tech-hostesaft\/","url":"https:\/\/medicinasinc.com\/no\/product\/kjop-hi-tech-hostesaft\/","name":"Kj\u00f8p Hi-Tech hostesaft - Beste beste globale medisiner","isPartOf":{"@id":"https:\/\/medicinasinc.com\/no\/#website"},"primaryImageOfPage":{"@id":"https:\/\/medicinasinc.com\/no\/product\/kjop-hi-tech-hostesaft\/#primaryimage"},"image":{"@id":"https:\/\/medicinasinc.com\/no\/product\/kjop-hi-tech-hostesaft\/#primaryimage"},"thumbnailUrl":"https:\/\/medicinasinc.com\/no\/wp-content\/uploads\/sites\/14\/2022\/02\/buy-hi-tech-cough-syrup-online.jpg","datePublished":"2022-02-20T09:28:05+00:00","dateModified":"2022-03-22T01:17:41+00:00","description":"Kj\u00f8p Hi-Tech hostesaft til salgs Storbritannia, Europa p\u00e5 nett. Hi-Tech Promethazine Hydrochloride og Codeine Fosfat Sirup ... hver 5 mL inneholder: Promethazine hydrochloride 6,25 mg; kodeinfosfat 10 mg. Alkohol 7 % Indikasjon: Hostestillende","breadcrumb":{"@id":"https:\/\/medicinasinc.com\/no\/product\/kjop-hi-tech-hostesaft\/#breadcrumb"},"inLanguage":"nn-NO","potentialAction":[{"@type":"ReadAction","target":["https:\/\/medicinasinc.com\/no\/product\/kjop-hi-tech-hostesaft\/"]}]},{"@type":"ImageObject","inLanguage":"nn-NO","@id":"https:\/\/medicinasinc.com\/no\/product\/kjop-hi-tech-hostesaft\/#primaryimage","url":"https:\/\/medicinasinc.com\/no\/wp-content\/uploads\/sites\/14\/2022\/02\/buy-hi-tech-cough-syrup-online.jpg","contentUrl":"https:\/\/medicinasinc.com\/no\/wp-content\/uploads\/sites\/14\/2022\/02\/buy-hi-tech-cough-syrup-online.jpg","width":600,"height":600},{"@type":"BreadcrumbList","@id":"https:\/\/medicinasinc.com\/no\/product\/kjop-hi-tech-hostesaft\/#breadcrumb","itemListElement":[{"@type":"ListItem","position":1,"name":"Butikk","item":"https:\/\/medicinasinc.com\/no\/butikk\/"},{"@type":"ListItem","position":2,"name":"Kj\u00f8p Hi-Tech Hostesaft"}]},{"@type":"WebSite","@id":"https:\/\/medicinasinc.com\/no\/#website","url":"https:\/\/medicinasinc.com\/no\/","name":"Medicinas Inc","description":"Helsemedisinsk klinikk","potentialAction":[{"@type":"SearchAction","target":{"@type":"EntryPoint","urlTemplate":"https:\/\/medicinasinc.com\/no\/?s={search_term_string}"},"query-input":{"@type":"PropertyValueSpecification","valueRequired":true,"valueName":"search_term_string"}}],"inLanguage":"nn-NO"}]}},"_links":{"self":[{"href":"https:\/\/medicinasinc.com\/no\/wp-json\/wp\/v2\/product\/4455","targetHints":{"allow":["GET"]}}],"collection":[{"href":"https:\/\/medicinasinc.com\/no\/wp-json\/wp\/v2\/product"}],"about":[{"href":"https:\/\/medicinasinc.com\/no\/wp-json\/wp\/v2\/types\/product"}],"replies":[{"embeddable":true,"href":"https:\/\/medicinasinc.com\/no\/wp-json\/wp\/v2\/comments?post=4455"}],"wp:featuredmedia":[{"embeddable":true,"href":"https:\/\/medicinasinc.com\/no\/wp-json\/wp\/v2\/media\/4489"}],"wp:attachment":[{"href":"https:\/\/medicinasinc.com\/no\/wp-json\/wp\/v2\/media?parent=4455"}],"wp:term":[{"taxonomy":"product_brand","embeddable":true,"href":"https:\/\/medicinasinc.com\/no\/wp-json\/wp\/v2\/product_brand?post=4455"},{"taxonomy":"product_cat","embeddable":true,"href":"https:\/\/medicinasinc.com\/no\/wp-json\/wp\/v2\/product_cat?post=4455"},{"taxonomy":"product_tag","embeddable":true,"href":"https:\/\/medicinasinc.com\/no\/wp-json\/wp\/v2\/product_tag?post=4455"}],"curies":[{"name":"wp","href":"https:\/\/api.w.org\/{rel}","templated":true}]}}