{"id":4449,"date":"2022-02-20T09:24:06","date_gmt":"2022-02-20T09:24:06","guid":{"rendered":"https:\/\/medicinasinc.com\/no\/?post_type=product&#038;p=4449"},"modified":"2022-03-22T01:17:49","modified_gmt":"2022-03-22T01:17:49","slug":"kjop-actavis-promethazine-hostesaft-16oz","status":"publish","type":"product","link":"https:\/\/medicinasinc.com\/no\/product\/kjop-actavis-promethazine-hostesaft-16oz\/","title":{"rendered":"Kj\u00f8p actavis promethazine hostesaft 16OZ"},"content":{"rendered":"<h1>kj\u00f8p Actavis promethazine hostesaft 16OZ<\/h1>\n<p>kj\u00f8p Actavis promethazine hostesaft 16OZ ved \u00e5 bruke western union, MoneyGram eller bitcoins. Vi har ogs\u00e5 kokain til salgs til sv\u00e6rt billige priser. Actavis til salgs til billige priser. Kom og legg inn bestillingen din n\u00e5.<\/p>\n","protected":false},"excerpt":{"rendered":"<div class=\"woocommerce-product-details__short-description\">\n<p>kj\u00f8p actavis promethazine hostesaft for salg Storbritannia,Europa 16 OZ. prometh med kodein hostesaft prometazin med kodein til salgs online actavis til salgs online bestill actavis online<\/p>\n<\/p><\/div>\n","protected":false},"featured_media":4481,"comment_status":"open","ping_status":"closed","template":"","meta":[],"product_brand":[],"product_cat":[497],"product_tag":[],"class_list":{"0":"post-4449","1":"product","2":"type-product","3":"status-publish","4":"has-post-thumbnail","6":"product_cat-kjp-hostesaft","8":"first","9":"instock","10":"shipping-taxable","11":"purchasable","12":"product-type-variable","13":"has-default-attributes"},"yoast_head":"<!-- This site is optimized with the Yoast SEO plugin v27.3 - https:\/\/yoast.com\/product\/yoast-seo-wordpress\/ -->\n<title>Kj\u00f8p actavis promethazine hostesaft 16OZ - Best Best Global Meds<\/title>\n<meta name=\"description\" content=\"kj\u00f8p actavis promethazine hostesaft til salgs Storbritannia,Europa 16OZ. prometh med kodein hostesaft promethazine med kodein til salgs online actavis til salgs online bestill actavis online\" \/>\n<meta name=\"robots\" content=\"index, follow, max-snippet:-1, max-image-preview:large, max-video-preview:-1\" \/>\n<link rel=\"canonical\" href=\"https:\/\/medicinasinc.com\/no\/product\/kjop-actavis-promethazine-hostesaft-16oz\/\" \/>\n<meta property=\"og:locale\" content=\"nn_NO\" \/>\n<meta property=\"og:type\" content=\"article\" \/>\n<meta property=\"og:title\" content=\"Kj\u00f8p actavis promethazine hostesaft 16OZ - Best Best Global Meds\" \/>\n<meta property=\"og:description\" content=\"kj\u00f8p actavis promethazine hostesaft til salgs Storbritannia,Europa 16OZ. prometh med kodein hostesaft promethazine med kodein til salgs online actavis til salgs online bestill actavis online\" \/>\n<meta property=\"og:url\" content=\"https:\/\/medicinasinc.com\/no\/product\/kjop-actavis-promethazine-hostesaft-16oz\/\" \/>\n<meta property=\"og:site_name\" content=\"Medicinas Inc\" \/>\n<meta property=\"article:modified_time\" content=\"2022-03-22T01:17:49+00:00\" \/>\n<meta property=\"og:image\" content=\"https:\/\/medicinasinc.com\/no\/wp-content\/uploads\/sites\/14\/2022\/02\/buy-actavis-promethazine-cough-syrup-16oz.jpg\" \/>\n\t<meta property=\"og:image:width\" content=\"600\" \/>\n\t<meta property=\"og:image:height\" content=\"600\" \/>\n\t<meta property=\"og:image:type\" content=\"image\/jpeg\" \/>\n<meta name=\"twitter:card\" content=\"summary_large_image\" \/>\n<meta name=\"twitter:label1\" content=\"Est. reading time\" \/>\n\t<meta name=\"twitter:data1\" content=\"1 minutt\" \/>\n<script type=\"application\/ld+json\" class=\"yoast-schema-graph\">{\"@context\":\"https:\\\/\\\/schema.org\",\"@graph\":[{\"@type\":\"WebPage\",\"@id\":\"https:\\\/\\\/medicinasinc.com\\\/no\\\/product\\\/kjop-actavis-promethazine-hostesaft-16oz\\\/\",\"url\":\"https:\\\/\\\/medicinasinc.com\\\/no\\\/product\\\/kjop-actavis-promethazine-hostesaft-16oz\\\/\",\"name\":\"Kj\u00f8p actavis promethazine hostesaft 16OZ - Best Best Global Meds\",\"isPartOf\":{\"@id\":\"https:\\\/\\\/medicinasinc.com\\\/no\\\/#website\"},\"primaryImageOfPage\":{\"@id\":\"https:\\\/\\\/medicinasinc.com\\\/no\\\/product\\\/kjop-actavis-promethazine-hostesaft-16oz\\\/#primaryimage\"},\"image\":{\"@id\":\"https:\\\/\\\/medicinasinc.com\\\/no\\\/product\\\/kjop-actavis-promethazine-hostesaft-16oz\\\/#primaryimage\"},\"thumbnailUrl\":\"https:\\\/\\\/medicinasinc.com\\\/no\\\/wp-content\\\/uploads\\\/sites\\\/14\\\/2022\\\/02\\\/buy-actavis-promethazine-cough-syrup-16oz.jpg\",\"datePublished\":\"2022-02-20T09:24:06+00:00\",\"dateModified\":\"2022-03-22T01:17:49+00:00\",\"description\":\"kj\u00f8p actavis promethazine hostesaft til salgs Storbritannia,Europa 16OZ. prometh med kodein hostesaft promethazine med kodein til salgs online actavis til salgs online bestill actavis online\",\"breadcrumb\":{\"@id\":\"https:\\\/\\\/medicinasinc.com\\\/no\\\/product\\\/kjop-actavis-promethazine-hostesaft-16oz\\\/#breadcrumb\"},\"inLanguage\":\"nn-NO\",\"potentialAction\":[{\"@type\":\"ReadAction\",\"target\":[\"https:\\\/\\\/medicinasinc.com\\\/no\\\/product\\\/kjop-actavis-promethazine-hostesaft-16oz\\\/\"]}]},{\"@type\":\"ImageObject\",\"inLanguage\":\"nn-NO\",\"@id\":\"https:\\\/\\\/medicinasinc.com\\\/no\\\/product\\\/kjop-actavis-promethazine-hostesaft-16oz\\\/#primaryimage\",\"url\":\"https:\\\/\\\/medicinasinc.com\\\/no\\\/wp-content\\\/uploads\\\/sites\\\/14\\\/2022\\\/02\\\/buy-actavis-promethazine-cough-syrup-16oz.jpg\",\"contentUrl\":\"https:\\\/\\\/medicinasinc.com\\\/no\\\/wp-content\\\/uploads\\\/sites\\\/14\\\/2022\\\/02\\\/buy-actavis-promethazine-cough-syrup-16oz.jpg\",\"width\":600,\"height\":600},{\"@type\":\"BreadcrumbList\",\"@id\":\"https:\\\/\\\/medicinasinc.com\\\/no\\\/product\\\/kjop-actavis-promethazine-hostesaft-16oz\\\/#breadcrumb\",\"itemListElement\":[{\"@type\":\"ListItem\",\"position\":1,\"name\":\"Butikk\",\"item\":\"https:\\\/\\\/medicinasinc.com\\\/no\\\/butikk\\\/\"},{\"@type\":\"ListItem\",\"position\":2,\"name\":\"Kj\u00f8p actavis promethazine hostesaft 16OZ\"}]},{\"@type\":\"WebSite\",\"@id\":\"https:\\\/\\\/medicinasinc.com\\\/no\\\/#website\",\"url\":\"https:\\\/\\\/medicinasinc.com\\\/no\\\/\",\"name\":\"Medicinas Inc\",\"description\":\"Helsemedisinsk klinikk\",\"potentialAction\":[{\"@type\":\"SearchAction\",\"target\":{\"@type\":\"EntryPoint\",\"urlTemplate\":\"https:\\\/\\\/medicinasinc.com\\\/no\\\/?s={search_term_string}\"},\"query-input\":{\"@type\":\"PropertyValueSpecification\",\"valueRequired\":true,\"valueName\":\"search_term_string\"}}],\"inLanguage\":\"nn-NO\"}]}<\/script>\n<!-- \/ Yoast SEO plugin. -->","yoast_head_json":{"title":"Kj\u00f8p actavis promethazine hostesaft 16OZ - Best Best Global Meds","description":"kj\u00f8p actavis promethazine hostesaft til salgs Storbritannia,Europa 16OZ. prometh med kodein hostesaft promethazine med kodein til salgs online actavis til salgs online bestill actavis online","robots":{"index":"index","follow":"follow","max-snippet":"max-snippet:-1","max-image-preview":"max-image-preview:large","max-video-preview":"max-video-preview:-1"},"canonical":"https:\/\/medicinasinc.com\/no\/product\/kjop-actavis-promethazine-hostesaft-16oz\/","og_locale":"nn_NO","og_type":"article","og_title":"Kj\u00f8p actavis promethazine hostesaft 16OZ - Best Best Global Meds","og_description":"kj\u00f8p actavis promethazine hostesaft til salgs Storbritannia,Europa 16OZ. prometh med kodein hostesaft promethazine med kodein til salgs online actavis til salgs online bestill actavis online","og_url":"https:\/\/medicinasinc.com\/no\/product\/kjop-actavis-promethazine-hostesaft-16oz\/","og_site_name":"Medicinas Inc","article_modified_time":"2022-03-22T01:17:49+00:00","og_image":[{"width":600,"height":600,"url":"https:\/\/medicinasinc.com\/no\/wp-content\/uploads\/sites\/14\/2022\/02\/buy-actavis-promethazine-cough-syrup-16oz.jpg","type":"image\/jpeg"}],"twitter_card":"summary_large_image","twitter_misc":{"Est. reading time":"1 minutt"},"schema":{"@context":"https:\/\/schema.org","@graph":[{"@type":"WebPage","@id":"https:\/\/medicinasinc.com\/no\/product\/kjop-actavis-promethazine-hostesaft-16oz\/","url":"https:\/\/medicinasinc.com\/no\/product\/kjop-actavis-promethazine-hostesaft-16oz\/","name":"Kj\u00f8p actavis promethazine hostesaft 16OZ - Best Best Global Meds","isPartOf":{"@id":"https:\/\/medicinasinc.com\/no\/#website"},"primaryImageOfPage":{"@id":"https:\/\/medicinasinc.com\/no\/product\/kjop-actavis-promethazine-hostesaft-16oz\/#primaryimage"},"image":{"@id":"https:\/\/medicinasinc.com\/no\/product\/kjop-actavis-promethazine-hostesaft-16oz\/#primaryimage"},"thumbnailUrl":"https:\/\/medicinasinc.com\/no\/wp-content\/uploads\/sites\/14\/2022\/02\/buy-actavis-promethazine-cough-syrup-16oz.jpg","datePublished":"2022-02-20T09:24:06+00:00","dateModified":"2022-03-22T01:17:49+00:00","description":"kj\u00f8p actavis promethazine hostesaft til salgs Storbritannia,Europa 16OZ. prometh med kodein hostesaft promethazine med kodein til salgs online actavis til salgs online bestill actavis online","breadcrumb":{"@id":"https:\/\/medicinasinc.com\/no\/product\/kjop-actavis-promethazine-hostesaft-16oz\/#breadcrumb"},"inLanguage":"nn-NO","potentialAction":[{"@type":"ReadAction","target":["https:\/\/medicinasinc.com\/no\/product\/kjop-actavis-promethazine-hostesaft-16oz\/"]}]},{"@type":"ImageObject","inLanguage":"nn-NO","@id":"https:\/\/medicinasinc.com\/no\/product\/kjop-actavis-promethazine-hostesaft-16oz\/#primaryimage","url":"https:\/\/medicinasinc.com\/no\/wp-content\/uploads\/sites\/14\/2022\/02\/buy-actavis-promethazine-cough-syrup-16oz.jpg","contentUrl":"https:\/\/medicinasinc.com\/no\/wp-content\/uploads\/sites\/14\/2022\/02\/buy-actavis-promethazine-cough-syrup-16oz.jpg","width":600,"height":600},{"@type":"BreadcrumbList","@id":"https:\/\/medicinasinc.com\/no\/product\/kjop-actavis-promethazine-hostesaft-16oz\/#breadcrumb","itemListElement":[{"@type":"ListItem","position":1,"name":"Butikk","item":"https:\/\/medicinasinc.com\/no\/butikk\/"},{"@type":"ListItem","position":2,"name":"Kj\u00f8p actavis promethazine hostesaft 16OZ"}]},{"@type":"WebSite","@id":"https:\/\/medicinasinc.com\/no\/#website","url":"https:\/\/medicinasinc.com\/no\/","name":"Medicinas Inc","description":"Helsemedisinsk klinikk","potentialAction":[{"@type":"SearchAction","target":{"@type":"EntryPoint","urlTemplate":"https:\/\/medicinasinc.com\/no\/?s={search_term_string}"},"query-input":{"@type":"PropertyValueSpecification","valueRequired":true,"valueName":"search_term_string"}}],"inLanguage":"nn-NO"}]}},"_links":{"self":[{"href":"https:\/\/medicinasinc.com\/no\/wp-json\/wp\/v2\/product\/4449","targetHints":{"allow":["GET"]}}],"collection":[{"href":"https:\/\/medicinasinc.com\/no\/wp-json\/wp\/v2\/product"}],"about":[{"href":"https:\/\/medicinasinc.com\/no\/wp-json\/wp\/v2\/types\/product"}],"replies":[{"embeddable":true,"href":"https:\/\/medicinasinc.com\/no\/wp-json\/wp\/v2\/comments?post=4449"}],"wp:featuredmedia":[{"embeddable":true,"href":"https:\/\/medicinasinc.com\/no\/wp-json\/wp\/v2\/media\/4481"}],"wp:attachment":[{"href":"https:\/\/medicinasinc.com\/no\/wp-json\/wp\/v2\/media?parent=4449"}],"wp:term":[{"taxonomy":"product_brand","embeddable":true,"href":"https:\/\/medicinasinc.com\/no\/wp-json\/wp\/v2\/product_brand?post=4449"},{"taxonomy":"product_cat","embeddable":true,"href":"https:\/\/medicinasinc.com\/no\/wp-json\/wp\/v2\/product_cat?post=4449"},{"taxonomy":"product_tag","embeddable":true,"href":"https:\/\/medicinasinc.com\/no\/wp-json\/wp\/v2\/product_tag?post=4449"}],"curies":[{"name":"wp","href":"https:\/\/api.w.org\/{rel}","templated":true}]}}