{"id":4431,"date":"2022-02-20T09:14:34","date_gmt":"2022-02-20T09:14:34","guid":{"rendered":"https:\/\/medicinasinc.com\/no\/?post_type=product&#038;p=4431"},"modified":"2022-03-22T01:18:05","modified_gmt":"2022-03-22T01:18:05","slug":"kjop-thc-destillat-superior-ekstrakt","status":"publish","type":"product","link":"https:\/\/medicinasinc.com\/no\/product\/kjop-thc-destillat-superior-ekstrakt\/","title":{"rendered":"Kj\u00f8p THC-destillat \u2013 Superior-ekstrakt"},"content":{"rendered":"<p>Kj\u00f8p THC-destillat \u2013 Premium-ekstrakt<\/p>\n<p>Premium-THC-destillat er et kanadiskprodusert cannabiskonsentrat. Dette produktet har blitt laboratorietestet og funnet \u00e5 inneholde en h\u00f8y konsentrasjon av THC, fra 95 til 98 prosent. V\u00e5rt THC-destillat er ekstremt stabilt ved romtemperatur og vil ikke bli rennende. I tillegg er den av eksepsjonell kvalitet, l\u00f8semiddelfri, krystallklar og gjennomsiktig. Destillat er en type ekstrakt som brukes p\u00e5 en rekke m\u00e5ter. For \u00e5 nevne noen, inkluderer disse p\u00e5fylling av vape-patroner, lage matvarer og duppe i en rigg.<\/p>\n","protected":false},"excerpt":{"rendered":"<ul>\n<li>Forsendelse over hele verden<\/li>\n<li>Minste bestillingsantall er <strong>2<\/strong><\/li>\n<li><strong>Kontakt oss<\/strong>\u00a0for st\u00f8rre bestillinger<\/li>\n<\/ul>\n","protected":false},"featured_media":4465,"comment_status":"open","ping_status":"closed","template":"","meta":[],"product_brand":[],"product_cat":[440],"product_tag":[],"class_list":{"0":"post-4431","1":"product","2":"type-product","3":"status-publish","4":"has-post-thumbnail","6":"product_cat-kjp-cannabis-cbd-olje","8":"first","9":"instock","10":"shipping-taxable","11":"purchasable","12":"product-type-variable","13":"has-default-attributes"},"yoast_head":"<!-- This site is optimized with the Yoast SEO plugin v27.3 - https:\/\/yoast.com\/product\/yoast-seo-wordpress\/ -->\n<title>Kj\u00f8p THC-destillat \u2013 overlegent ekstrakt \u2013 beste globale medisiner<\/title>\n<meta name=\"description\" content=\"Kj\u00f8p THC Destillate Superior Extract og THC-konsentrater for salg fra Storbritannias, Europas beste nettbutikk. Bestill n\u00e5 og f\u00e5 gratis frakt ved kj\u00f8p over $150!\" \/>\n<meta name=\"robots\" content=\"index, follow, max-snippet:-1, max-image-preview:large, max-video-preview:-1\" \/>\n<link rel=\"canonical\" href=\"https:\/\/medicinasinc.com\/no\/product\/kjop-thc-destillat-superior-ekstrakt\/\" \/>\n<meta property=\"og:locale\" content=\"nn_NO\" \/>\n<meta property=\"og:type\" content=\"article\" \/>\n<meta property=\"og:title\" content=\"Kj\u00f8p THC-destillat \u2013 overlegent ekstrakt \u2013 beste globale medisiner\" \/>\n<meta property=\"og:description\" content=\"Kj\u00f8p THC Destillate Superior Extract og THC-konsentrater for salg fra Storbritannias, Europas beste nettbutikk. Bestill n\u00e5 og f\u00e5 gratis frakt ved kj\u00f8p over $150!\" \/>\n<meta property=\"og:url\" content=\"https:\/\/medicinasinc.com\/no\/product\/kjop-thc-destillat-superior-ekstrakt\/\" \/>\n<meta property=\"og:site_name\" content=\"Medicinas Inc\" \/>\n<meta property=\"article:modified_time\" content=\"2022-03-22T01:18:05+00:00\" \/>\n<meta property=\"og:image\" content=\"https:\/\/medicinasinc.com\/no\/wp-content\/uploads\/sites\/14\/2022\/02\/Buy-THC-DISTILLATE-1.jpg\" \/>\n\t<meta property=\"og:image:width\" content=\"800\" \/>\n\t<meta property=\"og:image:height\" content=\"800\" \/>\n\t<meta property=\"og:image:type\" content=\"image\/jpeg\" \/>\n<meta name=\"twitter:card\" content=\"summary_large_image\" \/>\n<meta name=\"twitter:label1\" content=\"Est. reading time\" \/>\n\t<meta name=\"twitter:data1\" content=\"1 minutt\" \/>\n<script type=\"application\/ld+json\" class=\"yoast-schema-graph\">{\"@context\":\"https:\\\/\\\/schema.org\",\"@graph\":[{\"@type\":\"WebPage\",\"@id\":\"https:\\\/\\\/medicinasinc.com\\\/no\\\/product\\\/kjop-thc-destillat-superior-ekstrakt\\\/\",\"url\":\"https:\\\/\\\/medicinasinc.com\\\/no\\\/product\\\/kjop-thc-destillat-superior-ekstrakt\\\/\",\"name\":\"Kj\u00f8p THC-destillat \u2013 overlegent ekstrakt \u2013 beste globale medisiner\",\"isPartOf\":{\"@id\":\"https:\\\/\\\/medicinasinc.com\\\/no\\\/#website\"},\"primaryImageOfPage\":{\"@id\":\"https:\\\/\\\/medicinasinc.com\\\/no\\\/product\\\/kjop-thc-destillat-superior-ekstrakt\\\/#primaryimage\"},\"image\":{\"@id\":\"https:\\\/\\\/medicinasinc.com\\\/no\\\/product\\\/kjop-thc-destillat-superior-ekstrakt\\\/#primaryimage\"},\"thumbnailUrl\":\"https:\\\/\\\/medicinasinc.com\\\/no\\\/wp-content\\\/uploads\\\/sites\\\/14\\\/2022\\\/02\\\/Buy-THC-DISTILLATE-1.jpg\",\"datePublished\":\"2022-02-20T09:14:34+00:00\",\"dateModified\":\"2022-03-22T01:18:05+00:00\",\"description\":\"Kj\u00f8p THC Destillate Superior Extract og THC-konsentrater for salg fra Storbritannias, Europas beste nettbutikk. Bestill n\u00e5 og f\u00e5 gratis frakt ved kj\u00f8p over $150!\",\"breadcrumb\":{\"@id\":\"https:\\\/\\\/medicinasinc.com\\\/no\\\/product\\\/kjop-thc-destillat-superior-ekstrakt\\\/#breadcrumb\"},\"inLanguage\":\"nn-NO\",\"potentialAction\":[{\"@type\":\"ReadAction\",\"target\":[\"https:\\\/\\\/medicinasinc.com\\\/no\\\/product\\\/kjop-thc-destillat-superior-ekstrakt\\\/\"]}]},{\"@type\":\"ImageObject\",\"inLanguage\":\"nn-NO\",\"@id\":\"https:\\\/\\\/medicinasinc.com\\\/no\\\/product\\\/kjop-thc-destillat-superior-ekstrakt\\\/#primaryimage\",\"url\":\"https:\\\/\\\/medicinasinc.com\\\/no\\\/wp-content\\\/uploads\\\/sites\\\/14\\\/2022\\\/02\\\/Buy-THC-DISTILLATE-1.jpg\",\"contentUrl\":\"https:\\\/\\\/medicinasinc.com\\\/no\\\/wp-content\\\/uploads\\\/sites\\\/14\\\/2022\\\/02\\\/Buy-THC-DISTILLATE-1.jpg\",\"width\":800,\"height\":800},{\"@type\":\"BreadcrumbList\",\"@id\":\"https:\\\/\\\/medicinasinc.com\\\/no\\\/product\\\/kjop-thc-destillat-superior-ekstrakt\\\/#breadcrumb\",\"itemListElement\":[{\"@type\":\"ListItem\",\"position\":1,\"name\":\"Butikk\",\"item\":\"https:\\\/\\\/medicinasinc.com\\\/no\\\/butikk\\\/\"},{\"@type\":\"ListItem\",\"position\":2,\"name\":\"Kj\u00f8p THC-destillat \u2013 Superior-ekstrakt\"}]},{\"@type\":\"WebSite\",\"@id\":\"https:\\\/\\\/medicinasinc.com\\\/no\\\/#website\",\"url\":\"https:\\\/\\\/medicinasinc.com\\\/no\\\/\",\"name\":\"Medicinas Inc\",\"description\":\"Helsemedisinsk klinikk\",\"potentialAction\":[{\"@type\":\"SearchAction\",\"target\":{\"@type\":\"EntryPoint\",\"urlTemplate\":\"https:\\\/\\\/medicinasinc.com\\\/no\\\/?s={search_term_string}\"},\"query-input\":{\"@type\":\"PropertyValueSpecification\",\"valueRequired\":true,\"valueName\":\"search_term_string\"}}],\"inLanguage\":\"nn-NO\"}]}<\/script>\n<!-- \/ Yoast SEO plugin. -->","yoast_head_json":{"title":"Kj\u00f8p THC-destillat \u2013 overlegent ekstrakt \u2013 beste globale medisiner","description":"Kj\u00f8p THC Destillate Superior Extract og THC-konsentrater for salg fra Storbritannias, Europas beste nettbutikk. Bestill n\u00e5 og f\u00e5 gratis frakt ved kj\u00f8p over $150!","robots":{"index":"index","follow":"follow","max-snippet":"max-snippet:-1","max-image-preview":"max-image-preview:large","max-video-preview":"max-video-preview:-1"},"canonical":"https:\/\/medicinasinc.com\/no\/product\/kjop-thc-destillat-superior-ekstrakt\/","og_locale":"nn_NO","og_type":"article","og_title":"Kj\u00f8p THC-destillat \u2013 overlegent ekstrakt \u2013 beste globale medisiner","og_description":"Kj\u00f8p THC Destillate Superior Extract og THC-konsentrater for salg fra Storbritannias, Europas beste nettbutikk. Bestill n\u00e5 og f\u00e5 gratis frakt ved kj\u00f8p over $150!","og_url":"https:\/\/medicinasinc.com\/no\/product\/kjop-thc-destillat-superior-ekstrakt\/","og_site_name":"Medicinas Inc","article_modified_time":"2022-03-22T01:18:05+00:00","og_image":[{"width":800,"height":800,"url":"https:\/\/medicinasinc.com\/no\/wp-content\/uploads\/sites\/14\/2022\/02\/Buy-THC-DISTILLATE-1.jpg","type":"image\/jpeg"}],"twitter_card":"summary_large_image","twitter_misc":{"Est. reading time":"1 minutt"},"schema":{"@context":"https:\/\/schema.org","@graph":[{"@type":"WebPage","@id":"https:\/\/medicinasinc.com\/no\/product\/kjop-thc-destillat-superior-ekstrakt\/","url":"https:\/\/medicinasinc.com\/no\/product\/kjop-thc-destillat-superior-ekstrakt\/","name":"Kj\u00f8p THC-destillat \u2013 overlegent ekstrakt \u2013 beste globale medisiner","isPartOf":{"@id":"https:\/\/medicinasinc.com\/no\/#website"},"primaryImageOfPage":{"@id":"https:\/\/medicinasinc.com\/no\/product\/kjop-thc-destillat-superior-ekstrakt\/#primaryimage"},"image":{"@id":"https:\/\/medicinasinc.com\/no\/product\/kjop-thc-destillat-superior-ekstrakt\/#primaryimage"},"thumbnailUrl":"https:\/\/medicinasinc.com\/no\/wp-content\/uploads\/sites\/14\/2022\/02\/Buy-THC-DISTILLATE-1.jpg","datePublished":"2022-02-20T09:14:34+00:00","dateModified":"2022-03-22T01:18:05+00:00","description":"Kj\u00f8p THC Destillate Superior Extract og THC-konsentrater for salg fra Storbritannias, Europas beste nettbutikk. Bestill n\u00e5 og f\u00e5 gratis frakt ved kj\u00f8p over $150!","breadcrumb":{"@id":"https:\/\/medicinasinc.com\/no\/product\/kjop-thc-destillat-superior-ekstrakt\/#breadcrumb"},"inLanguage":"nn-NO","potentialAction":[{"@type":"ReadAction","target":["https:\/\/medicinasinc.com\/no\/product\/kjop-thc-destillat-superior-ekstrakt\/"]}]},{"@type":"ImageObject","inLanguage":"nn-NO","@id":"https:\/\/medicinasinc.com\/no\/product\/kjop-thc-destillat-superior-ekstrakt\/#primaryimage","url":"https:\/\/medicinasinc.com\/no\/wp-content\/uploads\/sites\/14\/2022\/02\/Buy-THC-DISTILLATE-1.jpg","contentUrl":"https:\/\/medicinasinc.com\/no\/wp-content\/uploads\/sites\/14\/2022\/02\/Buy-THC-DISTILLATE-1.jpg","width":800,"height":800},{"@type":"BreadcrumbList","@id":"https:\/\/medicinasinc.com\/no\/product\/kjop-thc-destillat-superior-ekstrakt\/#breadcrumb","itemListElement":[{"@type":"ListItem","position":1,"name":"Butikk","item":"https:\/\/medicinasinc.com\/no\/butikk\/"},{"@type":"ListItem","position":2,"name":"Kj\u00f8p THC-destillat \u2013 Superior-ekstrakt"}]},{"@type":"WebSite","@id":"https:\/\/medicinasinc.com\/no\/#website","url":"https:\/\/medicinasinc.com\/no\/","name":"Medicinas Inc","description":"Helsemedisinsk klinikk","potentialAction":[{"@type":"SearchAction","target":{"@type":"EntryPoint","urlTemplate":"https:\/\/medicinasinc.com\/no\/?s={search_term_string}"},"query-input":{"@type":"PropertyValueSpecification","valueRequired":true,"valueName":"search_term_string"}}],"inLanguage":"nn-NO"}]}},"_links":{"self":[{"href":"https:\/\/medicinasinc.com\/no\/wp-json\/wp\/v2\/product\/4431","targetHints":{"allow":["GET"]}}],"collection":[{"href":"https:\/\/medicinasinc.com\/no\/wp-json\/wp\/v2\/product"}],"about":[{"href":"https:\/\/medicinasinc.com\/no\/wp-json\/wp\/v2\/types\/product"}],"replies":[{"embeddable":true,"href":"https:\/\/medicinasinc.com\/no\/wp-json\/wp\/v2\/comments?post=4431"}],"wp:featuredmedia":[{"embeddable":true,"href":"https:\/\/medicinasinc.com\/no\/wp-json\/wp\/v2\/media\/4465"}],"wp:attachment":[{"href":"https:\/\/medicinasinc.com\/no\/wp-json\/wp\/v2\/media?parent=4431"}],"wp:term":[{"taxonomy":"product_brand","embeddable":true,"href":"https:\/\/medicinasinc.com\/no\/wp-json\/wp\/v2\/product_brand?post=4431"},{"taxonomy":"product_cat","embeddable":true,"href":"https:\/\/medicinasinc.com\/no\/wp-json\/wp\/v2\/product_cat?post=4431"},{"taxonomy":"product_tag","embeddable":true,"href":"https:\/\/medicinasinc.com\/no\/wp-json\/wp\/v2\/product_tag?post=4431"}],"curies":[{"name":"wp","href":"https:\/\/api.w.org\/{rel}","templated":true}]}}