{"id":4425,"date":"2022-02-20T09:10:27","date_gmt":"2022-02-20T09:10:27","guid":{"rendered":"https:\/\/medicinasinc.com\/no\/?post_type=product&#038;p=4425"},"modified":"2022-03-22T01:18:16","modified_gmt":"2022-03-22T01:18:16","slug":"kjop-skywalker-og-thc-destillat-kosher-ekstrakt","status":"publish","type":"product","link":"https:\/\/medicinasinc.com\/no\/product\/kjop-skywalker-og-thc-destillat-kosher-ekstrakt\/","title":{"rendered":"Kj\u00f8p Skywalker OG THC-destillat \u2013 Kosher-ekstrakt"},"content":{"rendered":"<p>THC Destillate Extract Kosher<\/p>\n<p>THC Destillate er et av de reneste og mest potente cannabisekstraktene p\u00e5 markedet, og gir et bredt utvalg av medisinske fordeler og egenskaper. Cannabisen brytes ned ved hjelp av molekyl\u00e6r kortbanedestillasjon inntil praktisk talt hver komponent er separert fra THC (dette inkluderer: terpener, plantelipider, plantevernmidler og andre forurensninger). Denne metoden produserer et ekstremt rent cannabisekstrakt uten bruk av l\u00f8semidler for \u00e5 trekke ut THC. Sammen med denne renheten produserer destillasjon et produkt som er betydelig kraftigere enn t\u00f8rre urter eller andre cannabisekstrakter. THC-destillat kan inneholde mellom 85 og 99 prosent THC!<\/p>\n","protected":false},"excerpt":{"rendered":"<p><em>Kj\u00f8p Skywalker OG Destillate<\/em>\u00a0Spr\u00f8yten er en avslappende Indica-olje som beroliger sinnet, slapper av kroppen og setter deg i en total tilstand av eufori.<\/p>\n<p><em>Kj\u00f8p Skywalker OG THC-destillat<\/em>\u00a0&#8211; kosher-ekstrakt online Canada fra den st\u00f8rste nettbutikken, Buy My Weed Online.<\/p>\n<ul>\n<li><\/li>\n<li>Verdensomfattende frakt<\/li>\n<li>Minste bestillingsantall er 5<\/li>\n<li><strong>Kontakt oss<\/strong>\u00a0for st\u00f8rre bestillinger<\/li>\n<\/ul>\n","protected":false},"featured_media":4459,"comment_status":"open","ping_status":"closed","template":"","meta":[],"product_brand":[],"product_cat":[440],"product_tag":[],"class_list":{"0":"post-4425","1":"product","2":"type-product","3":"status-publish","4":"has-post-thumbnail","6":"product_cat-kjp-cannabis-cbd-olje","8":"first","9":"instock","10":"shipping-taxable","11":"purchasable","12":"product-type-variable","13":"has-default-attributes"},"yoast_head":"<!-- This site is optimized with the Yoast SEO plugin v27.3 - https:\/\/yoast.com\/product\/yoast-seo-wordpress\/ -->\n<title>Kj\u00f8p Skywalker OG THC-destillat \u2013 kosherekstrakt \u2013 forh\u00e5ndsvisning av beste globale MedsMeta-beskrivelse:<\/title>\n<meta name=\"description\" content=\"Kj\u00f8p Skywalker OG THC destillatsalg - kosherekstrakt p\u00e5 nett Europa fra den st\u00f8rste nettbutikken, Kj\u00f8p My Weed Online.\" \/>\n<meta name=\"robots\" content=\"index, follow, max-snippet:-1, max-image-preview:large, max-video-preview:-1\" \/>\n<link rel=\"canonical\" href=\"https:\/\/medicinasinc.com\/no\/product\/kjop-skywalker-og-thc-destillat-kosher-ekstrakt\/\" \/>\n<meta property=\"og:locale\" content=\"nn_NO\" \/>\n<meta property=\"og:type\" content=\"article\" \/>\n<meta property=\"og:title\" content=\"Kj\u00f8p Skywalker OG THC-destillat \u2013 kosherekstrakt \u2013 forh\u00e5ndsvisning av beste globale MedsMeta-beskrivelse:\" \/>\n<meta property=\"og:description\" content=\"Kj\u00f8p Skywalker OG THC destillatsalg - kosherekstrakt p\u00e5 nett Europa fra den st\u00f8rste nettbutikken, Kj\u00f8p My Weed Online.\" \/>\n<meta property=\"og:url\" content=\"https:\/\/medicinasinc.com\/no\/product\/kjop-skywalker-og-thc-destillat-kosher-ekstrakt\/\" \/>\n<meta property=\"og:site_name\" content=\"Medicinas Inc\" \/>\n<meta property=\"article:modified_time\" content=\"2022-03-22T01:18:16+00:00\" \/>\n<meta property=\"og:image\" content=\"https:\/\/medicinasinc.com\/no\/wp-content\/uploads\/sites\/14\/2022\/02\/Buy-Skywalker-OG-THC-Distillate.jpg\" \/>\n\t<meta property=\"og:image:width\" content=\"980\" \/>\n\t<meta property=\"og:image:height\" content=\"980\" \/>\n\t<meta property=\"og:image:type\" content=\"image\/jpeg\" \/>\n<meta name=\"twitter:card\" content=\"summary_large_image\" \/>\n<meta name=\"twitter:label1\" content=\"Est. reading time\" \/>\n\t<meta name=\"twitter:data1\" content=\"1 minutt\" \/>\n<script type=\"application\/ld+json\" class=\"yoast-schema-graph\">{\"@context\":\"https:\\\/\\\/schema.org\",\"@graph\":[{\"@type\":\"WebPage\",\"@id\":\"https:\\\/\\\/medicinasinc.com\\\/no\\\/product\\\/kjop-skywalker-og-thc-destillat-kosher-ekstrakt\\\/\",\"url\":\"https:\\\/\\\/medicinasinc.com\\\/no\\\/product\\\/kjop-skywalker-og-thc-destillat-kosher-ekstrakt\\\/\",\"name\":\"Kj\u00f8p Skywalker OG THC-destillat \u2013 kosherekstrakt \u2013 forh\u00e5ndsvisning av beste globale MedsMeta-beskrivelse:\",\"isPartOf\":{\"@id\":\"https:\\\/\\\/medicinasinc.com\\\/no\\\/#website\"},\"primaryImageOfPage\":{\"@id\":\"https:\\\/\\\/medicinasinc.com\\\/no\\\/product\\\/kjop-skywalker-og-thc-destillat-kosher-ekstrakt\\\/#primaryimage\"},\"image\":{\"@id\":\"https:\\\/\\\/medicinasinc.com\\\/no\\\/product\\\/kjop-skywalker-og-thc-destillat-kosher-ekstrakt\\\/#primaryimage\"},\"thumbnailUrl\":\"https:\\\/\\\/medicinasinc.com\\\/no\\\/wp-content\\\/uploads\\\/sites\\\/14\\\/2022\\\/02\\\/Buy-Skywalker-OG-THC-Distillate.jpg\",\"datePublished\":\"2022-02-20T09:10:27+00:00\",\"dateModified\":\"2022-03-22T01:18:16+00:00\",\"description\":\"Kj\u00f8p Skywalker OG THC destillatsalg - kosherekstrakt p\u00e5 nett Europa fra den st\u00f8rste nettbutikken, Kj\u00f8p My Weed Online.\",\"breadcrumb\":{\"@id\":\"https:\\\/\\\/medicinasinc.com\\\/no\\\/product\\\/kjop-skywalker-og-thc-destillat-kosher-ekstrakt\\\/#breadcrumb\"},\"inLanguage\":\"nn-NO\",\"potentialAction\":[{\"@type\":\"ReadAction\",\"target\":[\"https:\\\/\\\/medicinasinc.com\\\/no\\\/product\\\/kjop-skywalker-og-thc-destillat-kosher-ekstrakt\\\/\"]}]},{\"@type\":\"ImageObject\",\"inLanguage\":\"nn-NO\",\"@id\":\"https:\\\/\\\/medicinasinc.com\\\/no\\\/product\\\/kjop-skywalker-og-thc-destillat-kosher-ekstrakt\\\/#primaryimage\",\"url\":\"https:\\\/\\\/medicinasinc.com\\\/no\\\/wp-content\\\/uploads\\\/sites\\\/14\\\/2022\\\/02\\\/Buy-Skywalker-OG-THC-Distillate.jpg\",\"contentUrl\":\"https:\\\/\\\/medicinasinc.com\\\/no\\\/wp-content\\\/uploads\\\/sites\\\/14\\\/2022\\\/02\\\/Buy-Skywalker-OG-THC-Distillate.jpg\",\"width\":980,\"height\":980},{\"@type\":\"BreadcrumbList\",\"@id\":\"https:\\\/\\\/medicinasinc.com\\\/no\\\/product\\\/kjop-skywalker-og-thc-destillat-kosher-ekstrakt\\\/#breadcrumb\",\"itemListElement\":[{\"@type\":\"ListItem\",\"position\":1,\"name\":\"Butikk\",\"item\":\"https:\\\/\\\/medicinasinc.com\\\/no\\\/butikk\\\/\"},{\"@type\":\"ListItem\",\"position\":2,\"name\":\"Kj\u00f8p Skywalker OG THC-destillat \u2013 Kosher-ekstrakt\"}]},{\"@type\":\"WebSite\",\"@id\":\"https:\\\/\\\/medicinasinc.com\\\/no\\\/#website\",\"url\":\"https:\\\/\\\/medicinasinc.com\\\/no\\\/\",\"name\":\"Medicinas Inc\",\"description\":\"Helsemedisinsk klinikk\",\"potentialAction\":[{\"@type\":\"SearchAction\",\"target\":{\"@type\":\"EntryPoint\",\"urlTemplate\":\"https:\\\/\\\/medicinasinc.com\\\/no\\\/?s={search_term_string}\"},\"query-input\":{\"@type\":\"PropertyValueSpecification\",\"valueRequired\":true,\"valueName\":\"search_term_string\"}}],\"inLanguage\":\"nn-NO\"}]}<\/script>\n<!-- \/ Yoast SEO plugin. -->","yoast_head_json":{"title":"Kj\u00f8p Skywalker OG THC-destillat \u2013 kosherekstrakt \u2013 forh\u00e5ndsvisning av beste globale MedsMeta-beskrivelse:","description":"Kj\u00f8p Skywalker OG THC destillatsalg - kosherekstrakt p\u00e5 nett Europa fra den st\u00f8rste nettbutikken, Kj\u00f8p My Weed Online.","robots":{"index":"index","follow":"follow","max-snippet":"max-snippet:-1","max-image-preview":"max-image-preview:large","max-video-preview":"max-video-preview:-1"},"canonical":"https:\/\/medicinasinc.com\/no\/product\/kjop-skywalker-og-thc-destillat-kosher-ekstrakt\/","og_locale":"nn_NO","og_type":"article","og_title":"Kj\u00f8p Skywalker OG THC-destillat \u2013 kosherekstrakt \u2013 forh\u00e5ndsvisning av beste globale MedsMeta-beskrivelse:","og_description":"Kj\u00f8p Skywalker OG THC destillatsalg - kosherekstrakt p\u00e5 nett Europa fra den st\u00f8rste nettbutikken, Kj\u00f8p My Weed Online.","og_url":"https:\/\/medicinasinc.com\/no\/product\/kjop-skywalker-og-thc-destillat-kosher-ekstrakt\/","og_site_name":"Medicinas Inc","article_modified_time":"2022-03-22T01:18:16+00:00","og_image":[{"width":980,"height":980,"url":"https:\/\/medicinasinc.com\/no\/wp-content\/uploads\/sites\/14\/2022\/02\/Buy-Skywalker-OG-THC-Distillate.jpg","type":"image\/jpeg"}],"twitter_card":"summary_large_image","twitter_misc":{"Est. reading time":"1 minutt"},"schema":{"@context":"https:\/\/schema.org","@graph":[{"@type":"WebPage","@id":"https:\/\/medicinasinc.com\/no\/product\/kjop-skywalker-og-thc-destillat-kosher-ekstrakt\/","url":"https:\/\/medicinasinc.com\/no\/product\/kjop-skywalker-og-thc-destillat-kosher-ekstrakt\/","name":"Kj\u00f8p Skywalker OG THC-destillat \u2013 kosherekstrakt \u2013 forh\u00e5ndsvisning av beste globale MedsMeta-beskrivelse:","isPartOf":{"@id":"https:\/\/medicinasinc.com\/no\/#website"},"primaryImageOfPage":{"@id":"https:\/\/medicinasinc.com\/no\/product\/kjop-skywalker-og-thc-destillat-kosher-ekstrakt\/#primaryimage"},"image":{"@id":"https:\/\/medicinasinc.com\/no\/product\/kjop-skywalker-og-thc-destillat-kosher-ekstrakt\/#primaryimage"},"thumbnailUrl":"https:\/\/medicinasinc.com\/no\/wp-content\/uploads\/sites\/14\/2022\/02\/Buy-Skywalker-OG-THC-Distillate.jpg","datePublished":"2022-02-20T09:10:27+00:00","dateModified":"2022-03-22T01:18:16+00:00","description":"Kj\u00f8p Skywalker OG THC destillatsalg - kosherekstrakt p\u00e5 nett Europa fra den st\u00f8rste nettbutikken, Kj\u00f8p My Weed Online.","breadcrumb":{"@id":"https:\/\/medicinasinc.com\/no\/product\/kjop-skywalker-og-thc-destillat-kosher-ekstrakt\/#breadcrumb"},"inLanguage":"nn-NO","potentialAction":[{"@type":"ReadAction","target":["https:\/\/medicinasinc.com\/no\/product\/kjop-skywalker-og-thc-destillat-kosher-ekstrakt\/"]}]},{"@type":"ImageObject","inLanguage":"nn-NO","@id":"https:\/\/medicinasinc.com\/no\/product\/kjop-skywalker-og-thc-destillat-kosher-ekstrakt\/#primaryimage","url":"https:\/\/medicinasinc.com\/no\/wp-content\/uploads\/sites\/14\/2022\/02\/Buy-Skywalker-OG-THC-Distillate.jpg","contentUrl":"https:\/\/medicinasinc.com\/no\/wp-content\/uploads\/sites\/14\/2022\/02\/Buy-Skywalker-OG-THC-Distillate.jpg","width":980,"height":980},{"@type":"BreadcrumbList","@id":"https:\/\/medicinasinc.com\/no\/product\/kjop-skywalker-og-thc-destillat-kosher-ekstrakt\/#breadcrumb","itemListElement":[{"@type":"ListItem","position":1,"name":"Butikk","item":"https:\/\/medicinasinc.com\/no\/butikk\/"},{"@type":"ListItem","position":2,"name":"Kj\u00f8p Skywalker OG THC-destillat \u2013 Kosher-ekstrakt"}]},{"@type":"WebSite","@id":"https:\/\/medicinasinc.com\/no\/#website","url":"https:\/\/medicinasinc.com\/no\/","name":"Medicinas Inc","description":"Helsemedisinsk klinikk","potentialAction":[{"@type":"SearchAction","target":{"@type":"EntryPoint","urlTemplate":"https:\/\/medicinasinc.com\/no\/?s={search_term_string}"},"query-input":{"@type":"PropertyValueSpecification","valueRequired":true,"valueName":"search_term_string"}}],"inLanguage":"nn-NO"}]}},"_links":{"self":[{"href":"https:\/\/medicinasinc.com\/no\/wp-json\/wp\/v2\/product\/4425","targetHints":{"allow":["GET"]}}],"collection":[{"href":"https:\/\/medicinasinc.com\/no\/wp-json\/wp\/v2\/product"}],"about":[{"href":"https:\/\/medicinasinc.com\/no\/wp-json\/wp\/v2\/types\/product"}],"replies":[{"embeddable":true,"href":"https:\/\/medicinasinc.com\/no\/wp-json\/wp\/v2\/comments?post=4425"}],"wp:featuredmedia":[{"embeddable":true,"href":"https:\/\/medicinasinc.com\/no\/wp-json\/wp\/v2\/media\/4459"}],"wp:attachment":[{"href":"https:\/\/medicinasinc.com\/no\/wp-json\/wp\/v2\/media?parent=4425"}],"wp:term":[{"taxonomy":"product_brand","embeddable":true,"href":"https:\/\/medicinasinc.com\/no\/wp-json\/wp\/v2\/product_brand?post=4425"},{"taxonomy":"product_cat","embeddable":true,"href":"https:\/\/medicinasinc.com\/no\/wp-json\/wp\/v2\/product_cat?post=4425"},{"taxonomy":"product_tag","embeddable":true,"href":"https:\/\/medicinasinc.com\/no\/wp-json\/wp\/v2\/product_tag?post=4425"}],"curies":[{"name":"wp","href":"https:\/\/api.w.org\/{rel}","templated":true}]}}