{"id":4413,"date":"2022-02-20T09:01:25","date_gmt":"2022-02-20T09:01:25","guid":{"rendered":"https:\/\/medicinasinc.com\/no\/?post_type=product&#038;p=4413"},"modified":"2022-03-22T01:18:24","modified_gmt":"2022-03-22T01:18:24","slug":"rso-rosa-kush-olje-5ml","status":"publish","type":"product","link":"https:\/\/medicinasinc.com\/no\/product\/rso-rosa-kush-olje-5ml\/","title":{"rendered":"RSO | Pink Kush-olje \u2013 5 ml"},"content":{"rendered":"<p>Kush Pink (Rick Simpson Oil)<\/p>\n<p>5mL i en &laquo;Eos&raquo;-dispenser laget av polypropylen med en gr\u00f8nn tr\u00e5d for n\u00f8yaktig dosering.<\/p>\n<p>Denne Rick Simpson-oljen er avledet fra Pink Kush-blomster dyrket i British Columbias frodige interi\u00f8r!<\/p>\n<p>Pink Kush antas \u00e5 v\u00e6re en fjern slektning av den legendariske OG Kush (en av cannabishistoriens mest popul\u00e6re stammer). Pink Kush videref\u00f8rer tradisjonen ved \u00e5 gi en sterk kroppsh\u00f8yhet, noe som gj\u00f8r den til en av de mest medisinske stammene som finnes. Effekten av denne stammen er nesten \u00f8yeblikkelig. Brukeren oversv\u00f8mmes av en varmende kroppsf\u00f8lelse som er ledsaget av en intenst euforisk cerebral buzz. En sativa-dominant hybrid som leverer en intens kroppsfokusert high. Pink Kush er derfor en effektiv behandling for angst, depresjon, betennelse, kroniske smerter, hodepine, s\u00f8vnl\u00f8shet og tap av appetitt.<\/p>\n<p>Uavhengige tester ved MB-laboratorier avsl\u00f8rte at denne premium RSO-en inneholder over 73,27 prosent cannabinoider, inkludert 68,80 prosent THC!<\/p>\n<p>Vi har bestemt at dette produktet inneholder 90 % indica.<\/p>\n<p>1) Delta-9 THC = 68,80 %<br \/> 2) CBG = 1,80 %<br \/> 3) CBC = 0,96 %<br \/> 4) CBN = 0,89 %<br \/> 5) CBD = 0,44 %<\/p>\n<div class=\"product-next-previous\">\n<div class=\"product-prev \"><\/div><\/div>\n","protected":false},"excerpt":{"rendered":"<p>Kj\u00f8p RSO | Rosa Kush Oil &amp; # 8211; 5 ml for salg p\u00e5 nett USA, Europa fra den st\u00f8rste nettbutikken, Buy My Weed Online for salg.<\/p>\n<p><em>Kj\u00f8p<\/em>\u00a0Viridesco&#8217;s\u00a0<em>RSO Pink Kush 5 ml<\/em>\u00a0i dag hjemmefra. <em>Kj\u00f8p RSO<\/em>\u00a0trygt og diskret fra en hvilken som helst provins i Canada. Bestill online i dag!<\/p>\n<ul>\n<li><\/li>\n<li>Forsendelse over hele verden<\/li>\n<li>Minste bestillingsantall er 5<\/li>\n<li><strong>Kontakt oss<\/li>\n<p> strong&gt;\u00a0for st\u00f8rre bestillinger<\/li>\n<\/ul>\n","protected":false},"featured_media":4447,"comment_status":"open","ping_status":"closed","template":"","meta":[],"product_brand":[],"product_cat":[440],"product_tag":[],"class_list":{"0":"post-4413","1":"product","2":"type-product","3":"status-publish","4":"has-post-thumbnail","6":"product_cat-kjp-cannabis-cbd-olje","8":"first","9":"instock","10":"shipping-taxable","11":"purchasable","12":"product-type-variable","13":"has-default-attributes"},"yoast_head":"<!-- This site is optimized with the Yoast SEO plugin v27.3 - https:\/\/yoast.com\/product\/yoast-seo-wordpress\/ -->\n<title>RSO | Pink Kush Oil - 5ml - Kj\u00f8p My Weed Online - Global Medicnas<\/title>\n<meta name=\"description\" content=\"Kj\u00f8p RSO | Pink Kush Oil - 5ml for salg online USA, Europa fra den st\u00f8rste online dispensary, Buy My Weed Online for salg.\" \/>\n<meta name=\"robots\" content=\"index, follow, max-snippet:-1, max-image-preview:large, max-video-preview:-1\" \/>\n<link rel=\"canonical\" href=\"https:\/\/medicinasinc.com\/no\/product\/rso-rosa-kush-olje-5ml\/\" \/>\n<meta property=\"og:locale\" content=\"nn_NO\" \/>\n<meta property=\"og:type\" content=\"article\" \/>\n<meta property=\"og:title\" content=\"RSO | Pink Kush Oil - 5ml - Kj\u00f8p My Weed Online - Global Medicnas\" \/>\n<meta property=\"og:description\" content=\"Kj\u00f8p RSO | Pink Kush Oil - 5ml for salg online USA, Europa fra den st\u00f8rste online dispensary, Buy My Weed Online for salg.\" \/>\n<meta property=\"og:url\" content=\"https:\/\/medicinasinc.com\/no\/product\/rso-rosa-kush-olje-5ml\/\" \/>\n<meta property=\"og:site_name\" content=\"Medicinas Inc\" \/>\n<meta property=\"article:modified_time\" content=\"2022-03-22T01:18:24+00:00\" \/>\n<meta property=\"og:image\" content=\"https:\/\/medicinasinc.com\/no\/wp-content\/uploads\/sites\/14\/2022\/02\/Buy-RSO-Pink-Kush-Oil-\u2013-5ml.jpg\" \/>\n\t<meta property=\"og:image:width\" content=\"800\" \/>\n\t<meta property=\"og:image:height\" content=\"800\" \/>\n\t<meta property=\"og:image:type\" content=\"image\/jpeg\" \/>\n<meta name=\"twitter:card\" content=\"summary_large_image\" \/>\n<meta name=\"twitter:label1\" content=\"Est. reading time\" \/>\n\t<meta name=\"twitter:data1\" content=\"1 minutt\" \/>\n<script type=\"application\/ld+json\" class=\"yoast-schema-graph\">{\"@context\":\"https:\\\/\\\/schema.org\",\"@graph\":[{\"@type\":\"WebPage\",\"@id\":\"https:\\\/\\\/medicinasinc.com\\\/no\\\/product\\\/rso-rosa-kush-olje-5ml\\\/\",\"url\":\"https:\\\/\\\/medicinasinc.com\\\/no\\\/product\\\/rso-rosa-kush-olje-5ml\\\/\",\"name\":\"RSO | Pink Kush Oil - 5ml - Kj\u00f8p My Weed Online - Global Medicnas\",\"isPartOf\":{\"@id\":\"https:\\\/\\\/medicinasinc.com\\\/no\\\/#website\"},\"primaryImageOfPage\":{\"@id\":\"https:\\\/\\\/medicinasinc.com\\\/no\\\/product\\\/rso-rosa-kush-olje-5ml\\\/#primaryimage\"},\"image\":{\"@id\":\"https:\\\/\\\/medicinasinc.com\\\/no\\\/product\\\/rso-rosa-kush-olje-5ml\\\/#primaryimage\"},\"thumbnailUrl\":\"https:\\\/\\\/medicinasinc.com\\\/no\\\/wp-content\\\/uploads\\\/sites\\\/14\\\/2022\\\/02\\\/Buy-RSO-Pink-Kush-Oil-\u2013-5ml.jpg\",\"datePublished\":\"2022-02-20T09:01:25+00:00\",\"dateModified\":\"2022-03-22T01:18:24+00:00\",\"description\":\"Kj\u00f8p RSO | Pink Kush Oil - 5ml for salg online USA, Europa fra den st\u00f8rste online dispensary, Buy My Weed Online for salg.\",\"breadcrumb\":{\"@id\":\"https:\\\/\\\/medicinasinc.com\\\/no\\\/product\\\/rso-rosa-kush-olje-5ml\\\/#breadcrumb\"},\"inLanguage\":\"nn-NO\",\"potentialAction\":[{\"@type\":\"ReadAction\",\"target\":[\"https:\\\/\\\/medicinasinc.com\\\/no\\\/product\\\/rso-rosa-kush-olje-5ml\\\/\"]}]},{\"@type\":\"ImageObject\",\"inLanguage\":\"nn-NO\",\"@id\":\"https:\\\/\\\/medicinasinc.com\\\/no\\\/product\\\/rso-rosa-kush-olje-5ml\\\/#primaryimage\",\"url\":\"https:\\\/\\\/medicinasinc.com\\\/no\\\/wp-content\\\/uploads\\\/sites\\\/14\\\/2022\\\/02\\\/Buy-RSO-Pink-Kush-Oil-\u2013-5ml.jpg\",\"contentUrl\":\"https:\\\/\\\/medicinasinc.com\\\/no\\\/wp-content\\\/uploads\\\/sites\\\/14\\\/2022\\\/02\\\/Buy-RSO-Pink-Kush-Oil-\u2013-5ml.jpg\",\"width\":800,\"height\":800},{\"@type\":\"BreadcrumbList\",\"@id\":\"https:\\\/\\\/medicinasinc.com\\\/no\\\/product\\\/rso-rosa-kush-olje-5ml\\\/#breadcrumb\",\"itemListElement\":[{\"@type\":\"ListItem\",\"position\":1,\"name\":\"Butikk\",\"item\":\"https:\\\/\\\/medicinasinc.com\\\/no\\\/butikk\\\/\"},{\"@type\":\"ListItem\",\"position\":2,\"name\":\"RSO | Pink Kush-olje \u2013 5 ml\"}]},{\"@type\":\"WebSite\",\"@id\":\"https:\\\/\\\/medicinasinc.com\\\/no\\\/#website\",\"url\":\"https:\\\/\\\/medicinasinc.com\\\/no\\\/\",\"name\":\"Medicinas Inc\",\"description\":\"Helsemedisinsk klinikk\",\"potentialAction\":[{\"@type\":\"SearchAction\",\"target\":{\"@type\":\"EntryPoint\",\"urlTemplate\":\"https:\\\/\\\/medicinasinc.com\\\/no\\\/?s={search_term_string}\"},\"query-input\":{\"@type\":\"PropertyValueSpecification\",\"valueRequired\":true,\"valueName\":\"search_term_string\"}}],\"inLanguage\":\"nn-NO\"}]}<\/script>\n<!-- \/ Yoast SEO plugin. -->","yoast_head_json":{"title":"RSO | Pink Kush Oil - 5ml - Kj\u00f8p My Weed Online - Global Medicnas","description":"Kj\u00f8p RSO | Pink Kush Oil - 5ml for salg online USA, Europa fra den st\u00f8rste online dispensary, Buy My Weed Online for salg.","robots":{"index":"index","follow":"follow","max-snippet":"max-snippet:-1","max-image-preview":"max-image-preview:large","max-video-preview":"max-video-preview:-1"},"canonical":"https:\/\/medicinasinc.com\/no\/product\/rso-rosa-kush-olje-5ml\/","og_locale":"nn_NO","og_type":"article","og_title":"RSO | Pink Kush Oil - 5ml - Kj\u00f8p My Weed Online - Global Medicnas","og_description":"Kj\u00f8p RSO | Pink Kush Oil - 5ml for salg online USA, Europa fra den st\u00f8rste online dispensary, Buy My Weed Online for salg.","og_url":"https:\/\/medicinasinc.com\/no\/product\/rso-rosa-kush-olje-5ml\/","og_site_name":"Medicinas Inc","article_modified_time":"2022-03-22T01:18:24+00:00","og_image":[{"width":800,"height":800,"url":"https:\/\/medicinasinc.com\/no\/wp-content\/uploads\/sites\/14\/2022\/02\/Buy-RSO-Pink-Kush-Oil-\u2013-5ml.jpg","type":"image\/jpeg"}],"twitter_card":"summary_large_image","twitter_misc":{"Est. reading time":"1 minutt"},"schema":{"@context":"https:\/\/schema.org","@graph":[{"@type":"WebPage","@id":"https:\/\/medicinasinc.com\/no\/product\/rso-rosa-kush-olje-5ml\/","url":"https:\/\/medicinasinc.com\/no\/product\/rso-rosa-kush-olje-5ml\/","name":"RSO | Pink Kush Oil - 5ml - Kj\u00f8p My Weed Online - Global Medicnas","isPartOf":{"@id":"https:\/\/medicinasinc.com\/no\/#website"},"primaryImageOfPage":{"@id":"https:\/\/medicinasinc.com\/no\/product\/rso-rosa-kush-olje-5ml\/#primaryimage"},"image":{"@id":"https:\/\/medicinasinc.com\/no\/product\/rso-rosa-kush-olje-5ml\/#primaryimage"},"thumbnailUrl":"https:\/\/medicinasinc.com\/no\/wp-content\/uploads\/sites\/14\/2022\/02\/Buy-RSO-Pink-Kush-Oil-\u2013-5ml.jpg","datePublished":"2022-02-20T09:01:25+00:00","dateModified":"2022-03-22T01:18:24+00:00","description":"Kj\u00f8p RSO | Pink Kush Oil - 5ml for salg online USA, Europa fra den st\u00f8rste online dispensary, Buy My Weed Online for salg.","breadcrumb":{"@id":"https:\/\/medicinasinc.com\/no\/product\/rso-rosa-kush-olje-5ml\/#breadcrumb"},"inLanguage":"nn-NO","potentialAction":[{"@type":"ReadAction","target":["https:\/\/medicinasinc.com\/no\/product\/rso-rosa-kush-olje-5ml\/"]}]},{"@type":"ImageObject","inLanguage":"nn-NO","@id":"https:\/\/medicinasinc.com\/no\/product\/rso-rosa-kush-olje-5ml\/#primaryimage","url":"https:\/\/medicinasinc.com\/no\/wp-content\/uploads\/sites\/14\/2022\/02\/Buy-RSO-Pink-Kush-Oil-\u2013-5ml.jpg","contentUrl":"https:\/\/medicinasinc.com\/no\/wp-content\/uploads\/sites\/14\/2022\/02\/Buy-RSO-Pink-Kush-Oil-\u2013-5ml.jpg","width":800,"height":800},{"@type":"BreadcrumbList","@id":"https:\/\/medicinasinc.com\/no\/product\/rso-rosa-kush-olje-5ml\/#breadcrumb","itemListElement":[{"@type":"ListItem","position":1,"name":"Butikk","item":"https:\/\/medicinasinc.com\/no\/butikk\/"},{"@type":"ListItem","position":2,"name":"RSO | Pink Kush-olje \u2013 5 ml"}]},{"@type":"WebSite","@id":"https:\/\/medicinasinc.com\/no\/#website","url":"https:\/\/medicinasinc.com\/no\/","name":"Medicinas Inc","description":"Helsemedisinsk klinikk","potentialAction":[{"@type":"SearchAction","target":{"@type":"EntryPoint","urlTemplate":"https:\/\/medicinasinc.com\/no\/?s={search_term_string}"},"query-input":{"@type":"PropertyValueSpecification","valueRequired":true,"valueName":"search_term_string"}}],"inLanguage":"nn-NO"}]}},"_links":{"self":[{"href":"https:\/\/medicinasinc.com\/no\/wp-json\/wp\/v2\/product\/4413","targetHints":{"allow":["GET"]}}],"collection":[{"href":"https:\/\/medicinasinc.com\/no\/wp-json\/wp\/v2\/product"}],"about":[{"href":"https:\/\/medicinasinc.com\/no\/wp-json\/wp\/v2\/types\/product"}],"replies":[{"embeddable":true,"href":"https:\/\/medicinasinc.com\/no\/wp-json\/wp\/v2\/comments?post=4413"}],"wp:featuredmedia":[{"embeddable":true,"href":"https:\/\/medicinasinc.com\/no\/wp-json\/wp\/v2\/media\/4447"}],"wp:attachment":[{"href":"https:\/\/medicinasinc.com\/no\/wp-json\/wp\/v2\/media?parent=4413"}],"wp:term":[{"taxonomy":"product_brand","embeddable":true,"href":"https:\/\/medicinasinc.com\/no\/wp-json\/wp\/v2\/product_brand?post=4413"},{"taxonomy":"product_cat","embeddable":true,"href":"https:\/\/medicinasinc.com\/no\/wp-json\/wp\/v2\/product_cat?post=4413"},{"taxonomy":"product_tag","embeddable":true,"href":"https:\/\/medicinasinc.com\/no\/wp-json\/wp\/v2\/product_tag?post=4413"}],"curies":[{"name":"wp","href":"https:\/\/api.w.org\/{rel}","templated":true}]}}