{"id":4412,"date":"2022-02-20T09:00:17","date_gmt":"2022-02-20T09:00:17","guid":{"rendered":"https:\/\/medicinasinc.com\/no\/?post_type=product&#038;p=4412"},"modified":"2022-03-22T01:18:33","modified_gmt":"2022-03-22T01:18:33","slug":"kjop-rick-simpson-olje","status":"publish","type":"product","link":"https:\/\/medicinasinc.com\/no\/product\/kjop-rick-simpson-olje\/","title":{"rendered":"Kj\u00f8p Rick Simpson Oil"},"content":{"rendered":"<p><strong>Kj\u00f8p Rick Simpsons olje<\/strong><\/p>\n<div class=\"woocommerce-tabs wc-tabs-wrapper\">\n<div id=\"tab-description\" class=\"woocommerce-Tabs-panel woocommerce-Tabs-panel--description panel entry-content wc-tab\" role=\"tabpanel\" aria-labelledby=\"tab-title-description\">\n<p><strong>RSO er en l\u00f8semiddelavledet olje oppn\u00e5dd ved \u00e5 vaske cannabis knopper i et l\u00f8semiddel som ren lett nafta og deretter koke av l\u00f8sningsmidlet for \u00e5 trekke ut oljen.<\/strong><br \/> <strong>RSO er et generisk produkt. Det betyr at det ikke er noen &laquo;Rick Simpson Oil&raquo; tilgjengelig for kj\u00f8p. Simpson demonstrerer hvordan man lager sin eponyme olje p\u00e5 nettstedet hans. Han tjener imidlertid ikke p\u00e5 oljen.<\/strong><\/p>\n<\/p><\/div><\/div>\n<div class=\"related products\">\n<div class=\"woocommerce-tabs wc-tabs-wrapper\">\n<div id=\"tab-description\" class=\"woocommerce-Tabs-panel woocommerce-Tabs-panel--description panel entry-content wc-tab\" role=\"tabpanel\" aria-labelledby=\"tab-title-description\">\n<p>&nbsp;<\/p>\n<\/p><\/div><\/div><\/div>\n<p>&nbsp;<\/p>\n","protected":false},"excerpt":{"rendered":"<p>Kj\u00f8p Rick Simpson Oil (RSO) for salg Storbritannia, Europa Bestill online. Vi har den h\u00f8yeste kvaliteten p\u00e5 Rick Simpson olje til salgs. Vi tilbyr RSO original formel med h\u00f8y THC.<\/p>\n<p><em>Kj\u00f8p<\/em>\u00a0v\u00e5r\u00a0<em>Rick Simpson-olje<\/em>\u00a0for salg og bruk den riktig. Klassisk\u00a0<em>RSO<\/em>\u00a0lages vanligvis med Indica-dominante stammer fordi de inneholder h\u00f8yere niv\u00e5er av\u00a0<em>CBD<\/em>.<\/p>\n<ul>\n<li>Verdensomspennende frakt<\/li>\n<li>Minste bestillingsantall er 5<\/li>\n<li><strong>Kontakt oss<\/strong>\u00a0for st\u00f8rre bestillinger<\/li>\n<\/ul>\n","protected":false},"featured_media":4445,"comment_status":"open","ping_status":"closed","template":"","meta":[],"product_brand":[],"product_cat":[440],"product_tag":[489,490,491,492,493,494,495,496],"class_list":{"0":"post-4412","1":"product","2":"type-product","3":"status-publish","4":"has-post-thumbnail","6":"product_cat-kjp-cannabis-cbd-olje","7":"product_tag-bulk-cbd-rso","8":"product_tag-high-cbd-rso","9":"product_tag-rick-simpson-olje-california","10":"product_tag-rick-simpson-olje-wiki","11":"product_tag-rso-cbd-olje-for-angst","12":"product_tag-rso-olje-mot-smerte","13":"product_tag-rso-olje-til-salg-i-ohio","14":"product_tag-rso-olje-pris-colorado","16":"first","17":"instock","18":"shipping-taxable","19":"purchasable","20":"product-type-variable","21":"has-default-attributes"},"yoast_head":"<!-- This site is optimized with the Yoast SEO plugin v27.3 - https:\/\/yoast.com\/product\/yoast-seo-wordpress\/ -->\n<title>Kj\u00f8p Rick Simpson Oil - USA - Europa - Beste globale medisiner<\/title>\n<meta name=\"description\" content=\"Kj\u00f8p Rick Simpson Oil (RSO) for salg Storbritannia, Europa Bestill online. Vi har den h\u00f8yeste kvaliteten p\u00e5 Rick Simpson olje til salgs. Vi tilbyr RSO original formel med h\u00f8y THC.\" \/>\n<meta name=\"robots\" content=\"index, follow, max-snippet:-1, max-image-preview:large, max-video-preview:-1\" \/>\n<link rel=\"canonical\" href=\"https:\/\/medicinasinc.com\/no\/product\/kjop-rick-simpson-olje\/\" \/>\n<meta property=\"og:locale\" content=\"nn_NO\" \/>\n<meta property=\"og:type\" content=\"article\" \/>\n<meta property=\"og:title\" content=\"Kj\u00f8p Rick Simpson Oil - USA - Europa - Beste globale medisiner\" \/>\n<meta property=\"og:description\" content=\"Kj\u00f8p Rick Simpson Oil (RSO) for salg Storbritannia, Europa Bestill online. Vi har den h\u00f8yeste kvaliteten p\u00e5 Rick Simpson olje til salgs. Vi tilbyr RSO original formel med h\u00f8y THC.\" \/>\n<meta property=\"og:url\" content=\"https:\/\/medicinasinc.com\/no\/product\/kjop-rick-simpson-olje\/\" \/>\n<meta property=\"og:site_name\" content=\"Medicinas Inc\" \/>\n<meta property=\"article:modified_time\" content=\"2022-03-22T01:18:33+00:00\" \/>\n<meta property=\"og:image\" content=\"https:\/\/medicinasinc.com\/no\/wp-content\/uploads\/sites\/14\/2022\/02\/Buy-Rick-Simpson-Oil.jpg\" \/>\n\t<meta property=\"og:image:width\" content=\"1170\" \/>\n\t<meta property=\"og:image:height\" content=\"658\" \/>\n\t<meta property=\"og:image:type\" content=\"image\/jpeg\" \/>\n<meta name=\"twitter:card\" content=\"summary_large_image\" \/>\n<meta name=\"twitter:label1\" content=\"Est. reading time\" \/>\n\t<meta name=\"twitter:data1\" content=\"1 minutt\" \/>\n<script type=\"application\/ld+json\" class=\"yoast-schema-graph\">{\"@context\":\"https:\\\/\\\/schema.org\",\"@graph\":[{\"@type\":\"WebPage\",\"@id\":\"https:\\\/\\\/medicinasinc.com\\\/no\\\/product\\\/kjop-rick-simpson-olje\\\/\",\"url\":\"https:\\\/\\\/medicinasinc.com\\\/no\\\/product\\\/kjop-rick-simpson-olje\\\/\",\"name\":\"Kj\u00f8p Rick Simpson Oil - USA - Europa - Beste globale medisiner\",\"isPartOf\":{\"@id\":\"https:\\\/\\\/medicinasinc.com\\\/no\\\/#website\"},\"primaryImageOfPage\":{\"@id\":\"https:\\\/\\\/medicinasinc.com\\\/no\\\/product\\\/kjop-rick-simpson-olje\\\/#primaryimage\"},\"image\":{\"@id\":\"https:\\\/\\\/medicinasinc.com\\\/no\\\/product\\\/kjop-rick-simpson-olje\\\/#primaryimage\"},\"thumbnailUrl\":\"https:\\\/\\\/medicinasinc.com\\\/no\\\/wp-content\\\/uploads\\\/sites\\\/14\\\/2022\\\/02\\\/Buy-Rick-Simpson-Oil.jpg\",\"datePublished\":\"2022-02-20T09:00:17+00:00\",\"dateModified\":\"2022-03-22T01:18:33+00:00\",\"description\":\"Kj\u00f8p Rick Simpson Oil (RSO) for salg Storbritannia, Europa Bestill online. Vi har den h\u00f8yeste kvaliteten p\u00e5 Rick Simpson olje til salgs. Vi tilbyr RSO original formel med h\u00f8y THC.\",\"breadcrumb\":{\"@id\":\"https:\\\/\\\/medicinasinc.com\\\/no\\\/product\\\/kjop-rick-simpson-olje\\\/#breadcrumb\"},\"inLanguage\":\"nn-NO\",\"potentialAction\":[{\"@type\":\"ReadAction\",\"target\":[\"https:\\\/\\\/medicinasinc.com\\\/no\\\/product\\\/kjop-rick-simpson-olje\\\/\"]}]},{\"@type\":\"ImageObject\",\"inLanguage\":\"nn-NO\",\"@id\":\"https:\\\/\\\/medicinasinc.com\\\/no\\\/product\\\/kjop-rick-simpson-olje\\\/#primaryimage\",\"url\":\"https:\\\/\\\/medicinasinc.com\\\/no\\\/wp-content\\\/uploads\\\/sites\\\/14\\\/2022\\\/02\\\/Buy-Rick-Simpson-Oil.jpg\",\"contentUrl\":\"https:\\\/\\\/medicinasinc.com\\\/no\\\/wp-content\\\/uploads\\\/sites\\\/14\\\/2022\\\/02\\\/Buy-Rick-Simpson-Oil.jpg\",\"width\":1170,\"height\":658},{\"@type\":\"BreadcrumbList\",\"@id\":\"https:\\\/\\\/medicinasinc.com\\\/no\\\/product\\\/kjop-rick-simpson-olje\\\/#breadcrumb\",\"itemListElement\":[{\"@type\":\"ListItem\",\"position\":1,\"name\":\"Butikk\",\"item\":\"https:\\\/\\\/medicinasinc.com\\\/no\\\/butikk\\\/\"},{\"@type\":\"ListItem\",\"position\":2,\"name\":\"Kj\u00f8p Rick Simpson Oil\"}]},{\"@type\":\"WebSite\",\"@id\":\"https:\\\/\\\/medicinasinc.com\\\/no\\\/#website\",\"url\":\"https:\\\/\\\/medicinasinc.com\\\/no\\\/\",\"name\":\"Medicinas Inc\",\"description\":\"Helsemedisinsk klinikk\",\"potentialAction\":[{\"@type\":\"SearchAction\",\"target\":{\"@type\":\"EntryPoint\",\"urlTemplate\":\"https:\\\/\\\/medicinasinc.com\\\/no\\\/?s={search_term_string}\"},\"query-input\":{\"@type\":\"PropertyValueSpecification\",\"valueRequired\":true,\"valueName\":\"search_term_string\"}}],\"inLanguage\":\"nn-NO\"}]}<\/script>\n<!-- \/ Yoast SEO plugin. -->","yoast_head_json":{"title":"Kj\u00f8p Rick Simpson Oil - USA - Europa - Beste globale medisiner","description":"Kj\u00f8p Rick Simpson Oil (RSO) for salg Storbritannia, Europa Bestill online. Vi har den h\u00f8yeste kvaliteten p\u00e5 Rick Simpson olje til salgs. Vi tilbyr RSO original formel med h\u00f8y THC.","robots":{"index":"index","follow":"follow","max-snippet":"max-snippet:-1","max-image-preview":"max-image-preview:large","max-video-preview":"max-video-preview:-1"},"canonical":"https:\/\/medicinasinc.com\/no\/product\/kjop-rick-simpson-olje\/","og_locale":"nn_NO","og_type":"article","og_title":"Kj\u00f8p Rick Simpson Oil - USA - Europa - Beste globale medisiner","og_description":"Kj\u00f8p Rick Simpson Oil (RSO) for salg Storbritannia, Europa Bestill online. Vi har den h\u00f8yeste kvaliteten p\u00e5 Rick Simpson olje til salgs. Vi tilbyr RSO original formel med h\u00f8y THC.","og_url":"https:\/\/medicinasinc.com\/no\/product\/kjop-rick-simpson-olje\/","og_site_name":"Medicinas Inc","article_modified_time":"2022-03-22T01:18:33+00:00","og_image":[{"width":1170,"height":658,"url":"https:\/\/medicinasinc.com\/no\/wp-content\/uploads\/sites\/14\/2022\/02\/Buy-Rick-Simpson-Oil.jpg","type":"image\/jpeg"}],"twitter_card":"summary_large_image","twitter_misc":{"Est. reading time":"1 minutt"},"schema":{"@context":"https:\/\/schema.org","@graph":[{"@type":"WebPage","@id":"https:\/\/medicinasinc.com\/no\/product\/kjop-rick-simpson-olje\/","url":"https:\/\/medicinasinc.com\/no\/product\/kjop-rick-simpson-olje\/","name":"Kj\u00f8p Rick Simpson Oil - USA - Europa - Beste globale medisiner","isPartOf":{"@id":"https:\/\/medicinasinc.com\/no\/#website"},"primaryImageOfPage":{"@id":"https:\/\/medicinasinc.com\/no\/product\/kjop-rick-simpson-olje\/#primaryimage"},"image":{"@id":"https:\/\/medicinasinc.com\/no\/product\/kjop-rick-simpson-olje\/#primaryimage"},"thumbnailUrl":"https:\/\/medicinasinc.com\/no\/wp-content\/uploads\/sites\/14\/2022\/02\/Buy-Rick-Simpson-Oil.jpg","datePublished":"2022-02-20T09:00:17+00:00","dateModified":"2022-03-22T01:18:33+00:00","description":"Kj\u00f8p Rick Simpson Oil (RSO) for salg Storbritannia, Europa Bestill online. Vi har den h\u00f8yeste kvaliteten p\u00e5 Rick Simpson olje til salgs. Vi tilbyr RSO original formel med h\u00f8y THC.","breadcrumb":{"@id":"https:\/\/medicinasinc.com\/no\/product\/kjop-rick-simpson-olje\/#breadcrumb"},"inLanguage":"nn-NO","potentialAction":[{"@type":"ReadAction","target":["https:\/\/medicinasinc.com\/no\/product\/kjop-rick-simpson-olje\/"]}]},{"@type":"ImageObject","inLanguage":"nn-NO","@id":"https:\/\/medicinasinc.com\/no\/product\/kjop-rick-simpson-olje\/#primaryimage","url":"https:\/\/medicinasinc.com\/no\/wp-content\/uploads\/sites\/14\/2022\/02\/Buy-Rick-Simpson-Oil.jpg","contentUrl":"https:\/\/medicinasinc.com\/no\/wp-content\/uploads\/sites\/14\/2022\/02\/Buy-Rick-Simpson-Oil.jpg","width":1170,"height":658},{"@type":"BreadcrumbList","@id":"https:\/\/medicinasinc.com\/no\/product\/kjop-rick-simpson-olje\/#breadcrumb","itemListElement":[{"@type":"ListItem","position":1,"name":"Butikk","item":"https:\/\/medicinasinc.com\/no\/butikk\/"},{"@type":"ListItem","position":2,"name":"Kj\u00f8p Rick Simpson Oil"}]},{"@type":"WebSite","@id":"https:\/\/medicinasinc.com\/no\/#website","url":"https:\/\/medicinasinc.com\/no\/","name":"Medicinas Inc","description":"Helsemedisinsk klinikk","potentialAction":[{"@type":"SearchAction","target":{"@type":"EntryPoint","urlTemplate":"https:\/\/medicinasinc.com\/no\/?s={search_term_string}"},"query-input":{"@type":"PropertyValueSpecification","valueRequired":true,"valueName":"search_term_string"}}],"inLanguage":"nn-NO"}]}},"_links":{"self":[{"href":"https:\/\/medicinasinc.com\/no\/wp-json\/wp\/v2\/product\/4412","targetHints":{"allow":["GET"]}}],"collection":[{"href":"https:\/\/medicinasinc.com\/no\/wp-json\/wp\/v2\/product"}],"about":[{"href":"https:\/\/medicinasinc.com\/no\/wp-json\/wp\/v2\/types\/product"}],"replies":[{"embeddable":true,"href":"https:\/\/medicinasinc.com\/no\/wp-json\/wp\/v2\/comments?post=4412"}],"wp:featuredmedia":[{"embeddable":true,"href":"https:\/\/medicinasinc.com\/no\/wp-json\/wp\/v2\/media\/4445"}],"wp:attachment":[{"href":"https:\/\/medicinasinc.com\/no\/wp-json\/wp\/v2\/media?parent=4412"}],"wp:term":[{"taxonomy":"product_brand","embeddable":true,"href":"https:\/\/medicinasinc.com\/no\/wp-json\/wp\/v2\/product_brand?post=4412"},{"taxonomy":"product_cat","embeddable":true,"href":"https:\/\/medicinasinc.com\/no\/wp-json\/wp\/v2\/product_cat?post=4412"},{"taxonomy":"product_tag","embeddable":true,"href":"https:\/\/medicinasinc.com\/no\/wp-json\/wp\/v2\/product_tag?post=4412"}],"curies":[{"name":"wp","href":"https:\/\/api.w.org\/{rel}","templated":true}]}}