{"id":4404,"date":"2022-02-20T08:55:28","date_gmt":"2022-02-20T08:55:28","guid":{"rendered":"https:\/\/medicinasinc.com\/no\/?post_type=product&#038;p=4404"},"modified":"2022-03-22T01:18:43","modified_gmt":"2022-03-22T01:18:43","slug":"kjop-rosa-kush-thc-destillat-dabeast","status":"publish","type":"product","link":"https:\/\/medicinasinc.com\/no\/product\/kjop-rosa-kush-thc-destillat-dabeast\/","title":{"rendered":"Kj\u00f8p Pink Kush THC-destillat \u2013 Dabeast"},"content":{"rendered":"<p>Pink Kush THC-destillat til salgs \u2013 Dabeast<\/p>\n<p>Sabre Vape-penn med Pink Kush THC-destillat \u2013 Dabeast<\/p>\n<p>1 x Sabre elektronisk sigarett<br \/> 1 x Pink Kush pre- fylt pod<br \/> 1 x mikro-USB-kabel OG\/ELLER 1 x Pink Kush forh\u00e5ndsfylt pod<\/p>\n<p>Sett inn pod i Sabre Pen og begynn \u00e5 dampe umiddelbart. Det kan ta opptil femten minutter \u00e5 f\u00f8le den fulle effekten. To til fire drag anbefales for pasienter som ikke har konsumert p\u00e5 en stund, men opptil ti drag b\u00f8r v\u00e6re tilstrekkelig for de som konsumerer oftere.<\/p>\n<p>Kush Pink<br \/> Pink Kushs genetiske avstamning er ukjent \u2013 men det er allment antatt \u00e5 v\u00e6re en slektning av den legendariske OG Kush. Denne indica-dominante hybriden produserer en sterk fysisk high, noe som gj\u00f8r den til en av de mest medisinske stammene som er tilgjengelige. Pink Kush har en s\u00f8t aroma som minner om vanilje eller sukkerholdig godteri, med undertoner av frisk furu. Pink Kush gir en langvarig, kroppsfokusert high som er akkompagnert av euforiske og oppl\u00f8ftende effekter. Ved h\u00f8ye doser kan noen brukere oppleve alvorlige munchies, noe som gj\u00f8r Pink Kush til en utmerket belastning for \u00e5 stimulere appetitttap. Pink Kush er en allsidig medisin som kan brukes til \u00e5 behandle depresjon, angst, betennelser, kroniske smerter, migrene, hodepine, s\u00f8vnl\u00f8shet og tap av matlyst.<\/p>\n","protected":false},"excerpt":{"rendered":"<p>Kj\u00f8p Pink Kush THC Destillate Saber Vape-penner for salg i Storbritannia, Europa og USA fra verdens st\u00f8rste online dispensary, Buy My Weed Online.<\/p>\n<p>Kj\u00f8p Pink Kush THC Indica destillatspr\u00f8yter fra #1 mest p\u00e5litelige postordremarihuananettsted &#8211; Beste urtemedisiner med gratis frakt! Mer enn $150.<\/p>\n<p>&nbsp;<\/p>\n<ul>\n<li>Verdensomfattende frakt<\/li>\n<li>Minste bestillingsantall er 5 kassetter<\/li>\n<li><strong>Kontakt oss <\/strong>\u00a0for st\u00f8rre bestillinger<\/li>\n<\/ul>\n","protected":false},"featured_media":4438,"comment_status":"open","ping_status":"closed","template":"","meta":[],"product_brand":[],"product_cat":[440],"product_tag":[],"class_list":{"0":"post-4404","1":"product","2":"type-product","3":"status-publish","4":"has-post-thumbnail","6":"product_cat-kjp-cannabis-cbd-olje","8":"first","9":"instock","10":"shipping-taxable","11":"purchasable","12":"product-type-simple"},"yoast_head":"<!-- This site is optimized with the Yoast SEO plugin v27.3 - https:\/\/yoast.com\/product\/yoast-seo-wordpress\/ -->\n<title>Kj\u00f8p Pink Kush THC-destillat \u2013 Dabeast \u2013 Beste globale medisiner<\/title>\n<meta name=\"description\" content=\"Kj\u00f8p Pink Kush THC Destillate Sabre Vape Pen til salgs UK, Europe- Dabeast online USA fra den st\u00f8rste online dispensary, Buy My Weed Online.\" \/>\n<meta name=\"robots\" content=\"index, follow, max-snippet:-1, max-image-preview:large, max-video-preview:-1\" \/>\n<link rel=\"canonical\" href=\"https:\/\/medicinasinc.com\/no\/product\/kjop-rosa-kush-thc-destillat-dabeast\/\" \/>\n<meta property=\"og:locale\" content=\"nn_NO\" \/>\n<meta property=\"og:type\" content=\"article\" \/>\n<meta property=\"og:title\" content=\"Kj\u00f8p Pink Kush THC-destillat \u2013 Dabeast \u2013 Beste globale medisiner\" \/>\n<meta property=\"og:description\" content=\"Kj\u00f8p Pink Kush THC Destillate Sabre Vape Pen til salgs UK, Europe- Dabeast online USA fra den st\u00f8rste online dispensary, Buy My Weed Online.\" \/>\n<meta property=\"og:url\" content=\"https:\/\/medicinasinc.com\/no\/product\/kjop-rosa-kush-thc-destillat-dabeast\/\" \/>\n<meta property=\"og:site_name\" content=\"Medicinas Inc\" \/>\n<meta property=\"article:modified_time\" content=\"2022-03-22T01:18:43+00:00\" \/>\n<meta property=\"og:image\" content=\"https:\/\/medicinasinc.com\/no\/wp-content\/uploads\/sites\/14\/2022\/02\/Buy-Pink-Kush-THC-Distillate-\u2013-Dabeast.jpg\" \/>\n\t<meta property=\"og:image:width\" content=\"600\" \/>\n\t<meta property=\"og:image:height\" content=\"600\" \/>\n\t<meta property=\"og:image:type\" content=\"image\/jpeg\" \/>\n<meta name=\"twitter:card\" content=\"summary_large_image\" \/>\n<meta name=\"twitter:label1\" content=\"Est. reading time\" \/>\n\t<meta name=\"twitter:data1\" content=\"1 minutt\" \/>\n<script type=\"application\/ld+json\" class=\"yoast-schema-graph\">{\"@context\":\"https:\\\/\\\/schema.org\",\"@graph\":[{\"@type\":\"WebPage\",\"@id\":\"https:\\\/\\\/medicinasinc.com\\\/no\\\/product\\\/kjop-rosa-kush-thc-destillat-dabeast\\\/\",\"url\":\"https:\\\/\\\/medicinasinc.com\\\/no\\\/product\\\/kjop-rosa-kush-thc-destillat-dabeast\\\/\",\"name\":\"Kj\u00f8p Pink Kush THC-destillat \u2013 Dabeast \u2013 Beste globale medisiner\",\"isPartOf\":{\"@id\":\"https:\\\/\\\/medicinasinc.com\\\/no\\\/#website\"},\"primaryImageOfPage\":{\"@id\":\"https:\\\/\\\/medicinasinc.com\\\/no\\\/product\\\/kjop-rosa-kush-thc-destillat-dabeast\\\/#primaryimage\"},\"image\":{\"@id\":\"https:\\\/\\\/medicinasinc.com\\\/no\\\/product\\\/kjop-rosa-kush-thc-destillat-dabeast\\\/#primaryimage\"},\"thumbnailUrl\":\"https:\\\/\\\/medicinasinc.com\\\/no\\\/wp-content\\\/uploads\\\/sites\\\/14\\\/2022\\\/02\\\/Buy-Pink-Kush-THC-Distillate-\u2013-Dabeast.jpg\",\"datePublished\":\"2022-02-20T08:55:28+00:00\",\"dateModified\":\"2022-03-22T01:18:43+00:00\",\"description\":\"Kj\u00f8p Pink Kush THC Destillate Sabre Vape Pen til salgs UK, Europe- Dabeast online USA fra den st\u00f8rste online dispensary, Buy My Weed Online.\",\"breadcrumb\":{\"@id\":\"https:\\\/\\\/medicinasinc.com\\\/no\\\/product\\\/kjop-rosa-kush-thc-destillat-dabeast\\\/#breadcrumb\"},\"inLanguage\":\"nn-NO\",\"potentialAction\":[{\"@type\":\"ReadAction\",\"target\":[\"https:\\\/\\\/medicinasinc.com\\\/no\\\/product\\\/kjop-rosa-kush-thc-destillat-dabeast\\\/\"]}]},{\"@type\":\"ImageObject\",\"inLanguage\":\"nn-NO\",\"@id\":\"https:\\\/\\\/medicinasinc.com\\\/no\\\/product\\\/kjop-rosa-kush-thc-destillat-dabeast\\\/#primaryimage\",\"url\":\"https:\\\/\\\/medicinasinc.com\\\/no\\\/wp-content\\\/uploads\\\/sites\\\/14\\\/2022\\\/02\\\/Buy-Pink-Kush-THC-Distillate-\u2013-Dabeast.jpg\",\"contentUrl\":\"https:\\\/\\\/medicinasinc.com\\\/no\\\/wp-content\\\/uploads\\\/sites\\\/14\\\/2022\\\/02\\\/Buy-Pink-Kush-THC-Distillate-\u2013-Dabeast.jpg\",\"width\":600,\"height\":600},{\"@type\":\"BreadcrumbList\",\"@id\":\"https:\\\/\\\/medicinasinc.com\\\/no\\\/product\\\/kjop-rosa-kush-thc-destillat-dabeast\\\/#breadcrumb\",\"itemListElement\":[{\"@type\":\"ListItem\",\"position\":1,\"name\":\"Butikk\",\"item\":\"https:\\\/\\\/medicinasinc.com\\\/no\\\/butikk\\\/\"},{\"@type\":\"ListItem\",\"position\":2,\"name\":\"Kj\u00f8p Pink Kush THC-destillat \u2013 Dabeast\"}]},{\"@type\":\"WebSite\",\"@id\":\"https:\\\/\\\/medicinasinc.com\\\/no\\\/#website\",\"url\":\"https:\\\/\\\/medicinasinc.com\\\/no\\\/\",\"name\":\"Medicinas Inc\",\"description\":\"Helsemedisinsk klinikk\",\"potentialAction\":[{\"@type\":\"SearchAction\",\"target\":{\"@type\":\"EntryPoint\",\"urlTemplate\":\"https:\\\/\\\/medicinasinc.com\\\/no\\\/?s={search_term_string}\"},\"query-input\":{\"@type\":\"PropertyValueSpecification\",\"valueRequired\":true,\"valueName\":\"search_term_string\"}}],\"inLanguage\":\"nn-NO\"}]}<\/script>\n<!-- \/ Yoast SEO plugin. -->","yoast_head_json":{"title":"Kj\u00f8p Pink Kush THC-destillat \u2013 Dabeast \u2013 Beste globale medisiner","description":"Kj\u00f8p Pink Kush THC Destillate Sabre Vape Pen til salgs UK, Europe- Dabeast online USA fra den st\u00f8rste online dispensary, Buy My Weed Online.","robots":{"index":"index","follow":"follow","max-snippet":"max-snippet:-1","max-image-preview":"max-image-preview:large","max-video-preview":"max-video-preview:-1"},"canonical":"https:\/\/medicinasinc.com\/no\/product\/kjop-rosa-kush-thc-destillat-dabeast\/","og_locale":"nn_NO","og_type":"article","og_title":"Kj\u00f8p Pink Kush THC-destillat \u2013 Dabeast \u2013 Beste globale medisiner","og_description":"Kj\u00f8p Pink Kush THC Destillate Sabre Vape Pen til salgs UK, Europe- Dabeast online USA fra den st\u00f8rste online dispensary, Buy My Weed Online.","og_url":"https:\/\/medicinasinc.com\/no\/product\/kjop-rosa-kush-thc-destillat-dabeast\/","og_site_name":"Medicinas Inc","article_modified_time":"2022-03-22T01:18:43+00:00","og_image":[{"width":600,"height":600,"url":"https:\/\/medicinasinc.com\/no\/wp-content\/uploads\/sites\/14\/2022\/02\/Buy-Pink-Kush-THC-Distillate-\u2013-Dabeast.jpg","type":"image\/jpeg"}],"twitter_card":"summary_large_image","twitter_misc":{"Est. reading time":"1 minutt"},"schema":{"@context":"https:\/\/schema.org","@graph":[{"@type":"WebPage","@id":"https:\/\/medicinasinc.com\/no\/product\/kjop-rosa-kush-thc-destillat-dabeast\/","url":"https:\/\/medicinasinc.com\/no\/product\/kjop-rosa-kush-thc-destillat-dabeast\/","name":"Kj\u00f8p Pink Kush THC-destillat \u2013 Dabeast \u2013 Beste globale medisiner","isPartOf":{"@id":"https:\/\/medicinasinc.com\/no\/#website"},"primaryImageOfPage":{"@id":"https:\/\/medicinasinc.com\/no\/product\/kjop-rosa-kush-thc-destillat-dabeast\/#primaryimage"},"image":{"@id":"https:\/\/medicinasinc.com\/no\/product\/kjop-rosa-kush-thc-destillat-dabeast\/#primaryimage"},"thumbnailUrl":"https:\/\/medicinasinc.com\/no\/wp-content\/uploads\/sites\/14\/2022\/02\/Buy-Pink-Kush-THC-Distillate-\u2013-Dabeast.jpg","datePublished":"2022-02-20T08:55:28+00:00","dateModified":"2022-03-22T01:18:43+00:00","description":"Kj\u00f8p Pink Kush THC Destillate Sabre Vape Pen til salgs UK, Europe- Dabeast online USA fra den st\u00f8rste online dispensary, Buy My Weed Online.","breadcrumb":{"@id":"https:\/\/medicinasinc.com\/no\/product\/kjop-rosa-kush-thc-destillat-dabeast\/#breadcrumb"},"inLanguage":"nn-NO","potentialAction":[{"@type":"ReadAction","target":["https:\/\/medicinasinc.com\/no\/product\/kjop-rosa-kush-thc-destillat-dabeast\/"]}]},{"@type":"ImageObject","inLanguage":"nn-NO","@id":"https:\/\/medicinasinc.com\/no\/product\/kjop-rosa-kush-thc-destillat-dabeast\/#primaryimage","url":"https:\/\/medicinasinc.com\/no\/wp-content\/uploads\/sites\/14\/2022\/02\/Buy-Pink-Kush-THC-Distillate-\u2013-Dabeast.jpg","contentUrl":"https:\/\/medicinasinc.com\/no\/wp-content\/uploads\/sites\/14\/2022\/02\/Buy-Pink-Kush-THC-Distillate-\u2013-Dabeast.jpg","width":600,"height":600},{"@type":"BreadcrumbList","@id":"https:\/\/medicinasinc.com\/no\/product\/kjop-rosa-kush-thc-destillat-dabeast\/#breadcrumb","itemListElement":[{"@type":"ListItem","position":1,"name":"Butikk","item":"https:\/\/medicinasinc.com\/no\/butikk\/"},{"@type":"ListItem","position":2,"name":"Kj\u00f8p Pink Kush THC-destillat \u2013 Dabeast"}]},{"@type":"WebSite","@id":"https:\/\/medicinasinc.com\/no\/#website","url":"https:\/\/medicinasinc.com\/no\/","name":"Medicinas Inc","description":"Helsemedisinsk klinikk","potentialAction":[{"@type":"SearchAction","target":{"@type":"EntryPoint","urlTemplate":"https:\/\/medicinasinc.com\/no\/?s={search_term_string}"},"query-input":{"@type":"PropertyValueSpecification","valueRequired":true,"valueName":"search_term_string"}}],"inLanguage":"nn-NO"}]}},"_links":{"self":[{"href":"https:\/\/medicinasinc.com\/no\/wp-json\/wp\/v2\/product\/4404","targetHints":{"allow":["GET"]}}],"collection":[{"href":"https:\/\/medicinasinc.com\/no\/wp-json\/wp\/v2\/product"}],"about":[{"href":"https:\/\/medicinasinc.com\/no\/wp-json\/wp\/v2\/types\/product"}],"replies":[{"embeddable":true,"href":"https:\/\/medicinasinc.com\/no\/wp-json\/wp\/v2\/comments?post=4404"}],"wp:featuredmedia":[{"embeddable":true,"href":"https:\/\/medicinasinc.com\/no\/wp-json\/wp\/v2\/media\/4438"}],"wp:attachment":[{"href":"https:\/\/medicinasinc.com\/no\/wp-json\/wp\/v2\/media?parent=4404"}],"wp:term":[{"taxonomy":"product_brand","embeddable":true,"href":"https:\/\/medicinasinc.com\/no\/wp-json\/wp\/v2\/product_brand?post=4404"},{"taxonomy":"product_cat","embeddable":true,"href":"https:\/\/medicinasinc.com\/no\/wp-json\/wp\/v2\/product_cat?post=4404"},{"taxonomy":"product_tag","embeddable":true,"href":"https:\/\/medicinasinc.com\/no\/wp-json\/wp\/v2\/product_tag?post=4404"}],"curies":[{"name":"wp","href":"https:\/\/api.w.org\/{rel}","templated":true}]}}