{"id":4403,"date":"2022-02-20T08:54:28","date_gmt":"2022-02-20T08:54:28","guid":{"rendered":"https:\/\/medicinasinc.com\/no\/?post_type=product&#038;p=4403"},"modified":"2022-03-22T01:18:54","modified_gmt":"2022-03-22T01:18:54","slug":"kjop-sitron-lime-thc-destillat-dabeast","status":"publish","type":"product","link":"https:\/\/medicinasinc.com\/no\/product\/kjop-sitron-lime-thc-destillat-dabeast\/","title":{"rendered":"Kj\u00f8p sitronlime THC-destillat \u2013 Dabeast"},"content":{"rendered":"<p>Hvor kan du kj\u00f8pe sitronlime THC-destillat \u2013 Dabeast<\/p>\n<p>V\u00e5rt smaksatte THC-destillat er tilgjengelig i en rekke forskjellige smaker som garantert vil glede smaksl\u00f8kene dine!<br \/> V\u00e5re THC-destillater er forbedret med organiske og naturlige terpener, skaper en appetittvekkende opplevelse ulik alle andre.<\/p>\n<ul>\n<li>1 x Sabre Vape-penn<\/li>\n<li>1 x forh\u00e5ndsfylt\u00a0<strong>\u00a0<span class=\"hidden- xs\">Sitron Lime-smak<\/span>\u00a0THC-destillat<\/strong>\u00a0pod<\/li>\n<li>1 x Micro USB-kabel<\/li>\n<\/ul>\n<div class=\"product-next-previous\">\n<div class=\"product-prev\"><\/div><\/div>\n","protected":false},"excerpt":{"rendered":"<p>Kj\u00f8p Lemon Lime THC Destillate Sabre Pen for salg &#8211; \u00d8verste hylle p\u00e5 nett Europa, Storbritannia fra den st\u00f8rste nettbutikken, Kj\u00f8p My Weed p\u00e5 nett.<\/p>\n<p><em>Sitronlime THC-destillat<\/em> Sabre Pen \u2013 Topphylle til en overkommelig pris til beste globale medisiner! Alle produktene er laboratoriekvalifiserte og har f\u00f8rsteklasses kvalitet.<\/p>\n<ul>\n<li>Verdensomfattende frakt<\/li>\n<li>Minste bestillingsantall er 5<\/li>\n<li>Kontakt oss for st\u00f8rre bestillinger<\/li>\n<\/ul>\n","protected":false},"featured_media":4436,"comment_status":"open","ping_status":"closed","template":"","meta":[],"product_brand":[],"product_cat":[440],"product_tag":[],"class_list":{"0":"post-4403","1":"product","2":"type-product","3":"status-publish","4":"has-post-thumbnail","6":"product_cat-kjp-cannabis-cbd-olje","8":"first","9":"instock","10":"shipping-taxable","11":"purchasable","12":"product-type-variable","13":"has-default-attributes"},"yoast_head":"<!-- This site is optimized with the Yoast SEO plugin v27.3 - https:\/\/yoast.com\/product\/yoast-seo-wordpress\/ -->\n<title>Kj\u00f8p sitronlime THC-destillat \u2013 Dabeast \u2013 Beste globale medisiner<\/title>\n<meta name=\"description\" content=\"Kj\u00f8p sitronlime THC destillat sabelpenn for salg - \u00f8verste hylle p\u00e5 nett Europa, Storbritannia fra den st\u00f8rste nettbutikken, Kj\u00f8p My Weed p\u00e5 nett.\" \/>\n<meta name=\"robots\" content=\"index, follow, max-snippet:-1, max-image-preview:large, max-video-preview:-1\" \/>\n<link rel=\"canonical\" href=\"https:\/\/medicinasinc.com\/no\/product\/kjop-sitron-lime-thc-destillat-dabeast\/\" \/>\n<meta property=\"og:locale\" content=\"nn_NO\" \/>\n<meta property=\"og:type\" content=\"article\" \/>\n<meta property=\"og:title\" content=\"Kj\u00f8p sitronlime THC-destillat \u2013 Dabeast \u2013 Beste globale medisiner\" \/>\n<meta property=\"og:description\" content=\"Kj\u00f8p sitronlime THC destillat sabelpenn for salg - \u00f8verste hylle p\u00e5 nett Europa, Storbritannia fra den st\u00f8rste nettbutikken, Kj\u00f8p My Weed p\u00e5 nett.\" \/>\n<meta property=\"og:url\" content=\"https:\/\/medicinasinc.com\/no\/product\/kjop-sitron-lime-thc-destillat-dabeast\/\" \/>\n<meta property=\"og:site_name\" content=\"Medicinas Inc\" \/>\n<meta property=\"article:modified_time\" content=\"2022-03-22T01:18:54+00:00\" \/>\n<meta property=\"og:image\" content=\"https:\/\/medicinasinc.com\/no\/wp-content\/uploads\/sites\/14\/2022\/02\/Buy-Lemon-Lime-THC-Distillate.jpg\" \/>\n\t<meta property=\"og:image:width\" content=\"800\" \/>\n\t<meta property=\"og:image:height\" content=\"800\" \/>\n\t<meta property=\"og:image:type\" content=\"image\/jpeg\" \/>\n<meta name=\"twitter:card\" content=\"summary_large_image\" \/>\n<meta name=\"twitter:label1\" content=\"Est. reading time\" \/>\n\t<meta name=\"twitter:data1\" content=\"1 minutt\" \/>\n<script type=\"application\/ld+json\" class=\"yoast-schema-graph\">{\"@context\":\"https:\\\/\\\/schema.org\",\"@graph\":[{\"@type\":\"WebPage\",\"@id\":\"https:\\\/\\\/medicinasinc.com\\\/no\\\/product\\\/kjop-sitron-lime-thc-destillat-dabeast\\\/\",\"url\":\"https:\\\/\\\/medicinasinc.com\\\/no\\\/product\\\/kjop-sitron-lime-thc-destillat-dabeast\\\/\",\"name\":\"Kj\u00f8p sitronlime THC-destillat \u2013 Dabeast \u2013 Beste globale medisiner\",\"isPartOf\":{\"@id\":\"https:\\\/\\\/medicinasinc.com\\\/no\\\/#website\"},\"primaryImageOfPage\":{\"@id\":\"https:\\\/\\\/medicinasinc.com\\\/no\\\/product\\\/kjop-sitron-lime-thc-destillat-dabeast\\\/#primaryimage\"},\"image\":{\"@id\":\"https:\\\/\\\/medicinasinc.com\\\/no\\\/product\\\/kjop-sitron-lime-thc-destillat-dabeast\\\/#primaryimage\"},\"thumbnailUrl\":\"https:\\\/\\\/medicinasinc.com\\\/no\\\/wp-content\\\/uploads\\\/sites\\\/14\\\/2022\\\/02\\\/Buy-Lemon-Lime-THC-Distillate.jpg\",\"datePublished\":\"2022-02-20T08:54:28+00:00\",\"dateModified\":\"2022-03-22T01:18:54+00:00\",\"description\":\"Kj\u00f8p sitronlime THC destillat sabelpenn for salg - \u00f8verste hylle p\u00e5 nett Europa, Storbritannia fra den st\u00f8rste nettbutikken, Kj\u00f8p My Weed p\u00e5 nett.\",\"breadcrumb\":{\"@id\":\"https:\\\/\\\/medicinasinc.com\\\/no\\\/product\\\/kjop-sitron-lime-thc-destillat-dabeast\\\/#breadcrumb\"},\"inLanguage\":\"nn-NO\",\"potentialAction\":[{\"@type\":\"ReadAction\",\"target\":[\"https:\\\/\\\/medicinasinc.com\\\/no\\\/product\\\/kjop-sitron-lime-thc-destillat-dabeast\\\/\"]}]},{\"@type\":\"ImageObject\",\"inLanguage\":\"nn-NO\",\"@id\":\"https:\\\/\\\/medicinasinc.com\\\/no\\\/product\\\/kjop-sitron-lime-thc-destillat-dabeast\\\/#primaryimage\",\"url\":\"https:\\\/\\\/medicinasinc.com\\\/no\\\/wp-content\\\/uploads\\\/sites\\\/14\\\/2022\\\/02\\\/Buy-Lemon-Lime-THC-Distillate.jpg\",\"contentUrl\":\"https:\\\/\\\/medicinasinc.com\\\/no\\\/wp-content\\\/uploads\\\/sites\\\/14\\\/2022\\\/02\\\/Buy-Lemon-Lime-THC-Distillate.jpg\",\"width\":800,\"height\":800},{\"@type\":\"BreadcrumbList\",\"@id\":\"https:\\\/\\\/medicinasinc.com\\\/no\\\/product\\\/kjop-sitron-lime-thc-destillat-dabeast\\\/#breadcrumb\",\"itemListElement\":[{\"@type\":\"ListItem\",\"position\":1,\"name\":\"Butikk\",\"item\":\"https:\\\/\\\/medicinasinc.com\\\/no\\\/butikk\\\/\"},{\"@type\":\"ListItem\",\"position\":2,\"name\":\"Kj\u00f8p sitronlime THC-destillat \u2013 Dabeast\"}]},{\"@type\":\"WebSite\",\"@id\":\"https:\\\/\\\/medicinasinc.com\\\/no\\\/#website\",\"url\":\"https:\\\/\\\/medicinasinc.com\\\/no\\\/\",\"name\":\"Medicinas Inc\",\"description\":\"Helsemedisinsk klinikk\",\"potentialAction\":[{\"@type\":\"SearchAction\",\"target\":{\"@type\":\"EntryPoint\",\"urlTemplate\":\"https:\\\/\\\/medicinasinc.com\\\/no\\\/?s={search_term_string}\"},\"query-input\":{\"@type\":\"PropertyValueSpecification\",\"valueRequired\":true,\"valueName\":\"search_term_string\"}}],\"inLanguage\":\"nn-NO\"}]}<\/script>\n<!-- \/ Yoast SEO plugin. -->","yoast_head_json":{"title":"Kj\u00f8p sitronlime THC-destillat \u2013 Dabeast \u2013 Beste globale medisiner","description":"Kj\u00f8p sitronlime THC destillat sabelpenn for salg - \u00f8verste hylle p\u00e5 nett Europa, Storbritannia fra den st\u00f8rste nettbutikken, Kj\u00f8p My Weed p\u00e5 nett.","robots":{"index":"index","follow":"follow","max-snippet":"max-snippet:-1","max-image-preview":"max-image-preview:large","max-video-preview":"max-video-preview:-1"},"canonical":"https:\/\/medicinasinc.com\/no\/product\/kjop-sitron-lime-thc-destillat-dabeast\/","og_locale":"nn_NO","og_type":"article","og_title":"Kj\u00f8p sitronlime THC-destillat \u2013 Dabeast \u2013 Beste globale medisiner","og_description":"Kj\u00f8p sitronlime THC destillat sabelpenn for salg - \u00f8verste hylle p\u00e5 nett Europa, Storbritannia fra den st\u00f8rste nettbutikken, Kj\u00f8p My Weed p\u00e5 nett.","og_url":"https:\/\/medicinasinc.com\/no\/product\/kjop-sitron-lime-thc-destillat-dabeast\/","og_site_name":"Medicinas Inc","article_modified_time":"2022-03-22T01:18:54+00:00","og_image":[{"width":800,"height":800,"url":"https:\/\/medicinasinc.com\/no\/wp-content\/uploads\/sites\/14\/2022\/02\/Buy-Lemon-Lime-THC-Distillate.jpg","type":"image\/jpeg"}],"twitter_card":"summary_large_image","twitter_misc":{"Est. reading time":"1 minutt"},"schema":{"@context":"https:\/\/schema.org","@graph":[{"@type":"WebPage","@id":"https:\/\/medicinasinc.com\/no\/product\/kjop-sitron-lime-thc-destillat-dabeast\/","url":"https:\/\/medicinasinc.com\/no\/product\/kjop-sitron-lime-thc-destillat-dabeast\/","name":"Kj\u00f8p sitronlime THC-destillat \u2013 Dabeast \u2013 Beste globale medisiner","isPartOf":{"@id":"https:\/\/medicinasinc.com\/no\/#website"},"primaryImageOfPage":{"@id":"https:\/\/medicinasinc.com\/no\/product\/kjop-sitron-lime-thc-destillat-dabeast\/#primaryimage"},"image":{"@id":"https:\/\/medicinasinc.com\/no\/product\/kjop-sitron-lime-thc-destillat-dabeast\/#primaryimage"},"thumbnailUrl":"https:\/\/medicinasinc.com\/no\/wp-content\/uploads\/sites\/14\/2022\/02\/Buy-Lemon-Lime-THC-Distillate.jpg","datePublished":"2022-02-20T08:54:28+00:00","dateModified":"2022-03-22T01:18:54+00:00","description":"Kj\u00f8p sitronlime THC destillat sabelpenn for salg - \u00f8verste hylle p\u00e5 nett Europa, Storbritannia fra den st\u00f8rste nettbutikken, Kj\u00f8p My Weed p\u00e5 nett.","breadcrumb":{"@id":"https:\/\/medicinasinc.com\/no\/product\/kjop-sitron-lime-thc-destillat-dabeast\/#breadcrumb"},"inLanguage":"nn-NO","potentialAction":[{"@type":"ReadAction","target":["https:\/\/medicinasinc.com\/no\/product\/kjop-sitron-lime-thc-destillat-dabeast\/"]}]},{"@type":"ImageObject","inLanguage":"nn-NO","@id":"https:\/\/medicinasinc.com\/no\/product\/kjop-sitron-lime-thc-destillat-dabeast\/#primaryimage","url":"https:\/\/medicinasinc.com\/no\/wp-content\/uploads\/sites\/14\/2022\/02\/Buy-Lemon-Lime-THC-Distillate.jpg","contentUrl":"https:\/\/medicinasinc.com\/no\/wp-content\/uploads\/sites\/14\/2022\/02\/Buy-Lemon-Lime-THC-Distillate.jpg","width":800,"height":800},{"@type":"BreadcrumbList","@id":"https:\/\/medicinasinc.com\/no\/product\/kjop-sitron-lime-thc-destillat-dabeast\/#breadcrumb","itemListElement":[{"@type":"ListItem","position":1,"name":"Butikk","item":"https:\/\/medicinasinc.com\/no\/butikk\/"},{"@type":"ListItem","position":2,"name":"Kj\u00f8p sitronlime THC-destillat \u2013 Dabeast"}]},{"@type":"WebSite","@id":"https:\/\/medicinasinc.com\/no\/#website","url":"https:\/\/medicinasinc.com\/no\/","name":"Medicinas Inc","description":"Helsemedisinsk klinikk","potentialAction":[{"@type":"SearchAction","target":{"@type":"EntryPoint","urlTemplate":"https:\/\/medicinasinc.com\/no\/?s={search_term_string}"},"query-input":{"@type":"PropertyValueSpecification","valueRequired":true,"valueName":"search_term_string"}}],"inLanguage":"nn-NO"}]}},"_links":{"self":[{"href":"https:\/\/medicinasinc.com\/no\/wp-json\/wp\/v2\/product\/4403","targetHints":{"allow":["GET"]}}],"collection":[{"href":"https:\/\/medicinasinc.com\/no\/wp-json\/wp\/v2\/product"}],"about":[{"href":"https:\/\/medicinasinc.com\/no\/wp-json\/wp\/v2\/types\/product"}],"replies":[{"embeddable":true,"href":"https:\/\/medicinasinc.com\/no\/wp-json\/wp\/v2\/comments?post=4403"}],"wp:featuredmedia":[{"embeddable":true,"href":"https:\/\/medicinasinc.com\/no\/wp-json\/wp\/v2\/media\/4436"}],"wp:attachment":[{"href":"https:\/\/medicinasinc.com\/no\/wp-json\/wp\/v2\/media?parent=4403"}],"wp:term":[{"taxonomy":"product_brand","embeddable":true,"href":"https:\/\/medicinasinc.com\/no\/wp-json\/wp\/v2\/product_brand?post=4403"},{"taxonomy":"product_cat","embeddable":true,"href":"https:\/\/medicinasinc.com\/no\/wp-json\/wp\/v2\/product_cat?post=4403"},{"taxonomy":"product_tag","embeddable":true,"href":"https:\/\/medicinasinc.com\/no\/wp-json\/wp\/v2\/product_tag?post=4403"}],"curies":[{"name":"wp","href":"https:\/\/api.w.org\/{rel}","templated":true}]}}