{"id":4390,"date":"2022-02-20T08:47:42","date_gmt":"2022-02-20T08:47:42","guid":{"rendered":"https:\/\/medicinasinc.com\/no\/?post_type=product&#038;p=4390"},"modified":"2022-03-22T01:19:03","modified_gmt":"2022-03-22T01:19:03","slug":"kjop-sitron-haze-co2-1g-vape-patron","status":"publish","type":"product","link":"https:\/\/medicinasinc.com\/no\/product\/kjop-sitron-haze-co2-1g-vape-patron\/","title":{"rendered":"Kj\u00f8p Lemon Haze CO2 1g vape patron"},"content":{"rendered":"<p>Lemon Haze CO2 1g vape patron til salgs.<\/p>\n<p>Lemon Haze CO2 1g vape patron til salgs.<\/p>\n<p>Lemon Haze CO2 vape patroner til salgs. Av Pure streber vi etter \u00e5 gi den reneste, sikreste og mest konsistente oljen som er tilgjengelig. V\u00e5re smaker er laget utelukkende av naturlig forekommende fruktterpener. 1 gram uforfalsket cannabisolje<br \/> Green House Seeds&raquo; Lemon Skunk Super Silver Haze er en Sativa-dominerende hybrid av Lemon Skunk og Super Silver Haze som har vunnet to Cannabis Cups. Super Lemon Haze er et flerfarget kief-kaket vidunder. Som antydet av navnet, viser denne stammen distinkte sitronaktige egenskaper. Aromaen er sitrusaktig, frisk og litt s\u00f8tlig. Smaken er akkurat det man forventer av navnebroren; syrlig og s\u00f8t, lik Lemonheads godteri \u2013 men ikke fullt s\u00e5 skarpt som man kunne forvente.<\/p>\n<p>THC-innhold: 65,22 prosent CBD-innhold: 2,86 prosent<\/p>\n","protected":false},"excerpt":{"rendered":"<p>Co2 Vape Cartridge Super Lemon Haze<\/p>\n<p>Kj\u00f8p Super Lemon Haze Cannabis Oil Vape Cartridge Stam i Storbritannia og Europa. Metode for utvinning av SativaOil: Subkritisk CO2. Vape Cartridge for Super Lemon Haze Cannabis Oil.<\/p>\n<p>En av de beste Co2 Vape Cartridges p\u00e5 markedet er Super Lemon Haze. Mer spesifikt er aromaen pikant, sitrusaktig og litt s\u00f8t. Smaken er syrlig og s\u00f8t, minner om sitronhodegodteri. X-trates CO2 vape-patroner inneholder kun ren cannabisolje som inneholder et bredt spekter av organiske cannabinoider og terpener. I tillegg er 1g og 0,5ml kassetter tilgjengelig.<\/p>\n<p>Prisen p\u00e5 produktet er som f\u00f8lger: per 1g kassett<br \/> Det kreves et minimumsbestillingsantall p\u00e5 5 kassetter.<\/p>\n","protected":false},"featured_media":4423,"comment_status":"open","ping_status":"closed","template":"","meta":[],"product_brand":[],"product_cat":[440],"product_tag":[481,482,483,487,488,486,484,485],"class_list":{"0":"post-4390","1":"product","2":"type-product","3":"status-publish","4":"has-post-thumbnail","6":"product_cat-kjp-cannabis-cbd-olje","7":"product_tag-ferdigfylte-vape-kassetter-europe-tags-super-lemon-haze-allbud","8":"product_tag-super-lemon-haze-cartridge","9":"product_tag-super-lemon-haze-co2-vape-cartridge","10":"product_tag-super-lemon-haze-seeds","11":"product_tag-super-lemon-haze-yield-description-reviews-0","12":"product_tag-super-sitron-dis-pris","13":"product_tag-super-sitron-dis-kongepenn","14":"product_tag-super-sitron-dis-olje-patron","16":"first","17":"instock","18":"shipping-taxable","19":"purchasable","20":"product-type-variable","21":"has-default-attributes"},"yoast_head":"<!-- This site is optimized with the Yoast SEO plugin v27.3 - https:\/\/yoast.com\/product\/yoast-seo-wordpress\/ -->\n<title>Kj\u00f8p Lemon Haze CO2 vape Cartridge - Best Global Meds<\/title>\n<meta name=\"description\" content=\"Kj\u00f8p Super Lemon Haze Cannabis Oil Vape Cartridge Strain for salg Storbritannia, Europa. SativaOil Ekstraksjonsmetode: Subkritisk CO2. Super Lemon Haze Cannabis Oil Vape Cartridge.\" \/>\n<meta name=\"robots\" content=\"index, follow, max-snippet:-1, max-image-preview:large, max-video-preview:-1\" \/>\n<link rel=\"canonical\" href=\"https:\/\/medicinasinc.com\/no\/product\/kjop-sitron-haze-co2-1g-vape-patron\/\" \/>\n<meta property=\"og:locale\" content=\"nn_NO\" \/>\n<meta property=\"og:type\" content=\"article\" \/>\n<meta property=\"og:title\" content=\"Kj\u00f8p Lemon Haze CO2 vape Cartridge - Best Global Meds\" \/>\n<meta property=\"og:description\" content=\"Kj\u00f8p Super Lemon Haze Cannabis Oil Vape Cartridge Strain for salg Storbritannia, Europa. SativaOil Ekstraksjonsmetode: Subkritisk CO2. Super Lemon Haze Cannabis Oil Vape Cartridge.\" \/>\n<meta property=\"og:url\" content=\"https:\/\/medicinasinc.com\/no\/product\/kjop-sitron-haze-co2-1g-vape-patron\/\" \/>\n<meta property=\"og:site_name\" content=\"Medicinas Inc\" \/>\n<meta property=\"article:modified_time\" content=\"2022-03-22T01:19:03+00:00\" \/>\n<meta property=\"og:image\" content=\"https:\/\/medicinasinc.com\/no\/wp-content\/uploads\/sites\/14\/2022\/02\/Buy-High-THC-Cannabis-Oil-1g-cartridge-online.jpg\" \/>\n\t<meta property=\"og:image:width\" content=\"600\" \/>\n\t<meta property=\"og:image:height\" content=\"600\" \/>\n\t<meta property=\"og:image:type\" content=\"image\/jpeg\" \/>\n<meta name=\"twitter:card\" content=\"summary_large_image\" \/>\n<meta name=\"twitter:label1\" content=\"Est. reading time\" \/>\n\t<meta name=\"twitter:data1\" content=\"1 minutt\" \/>\n<script type=\"application\/ld+json\" class=\"yoast-schema-graph\">{\"@context\":\"https:\\\/\\\/schema.org\",\"@graph\":[{\"@type\":\"WebPage\",\"@id\":\"https:\\\/\\\/medicinasinc.com\\\/no\\\/product\\\/kjop-sitron-haze-co2-1g-vape-patron\\\/\",\"url\":\"https:\\\/\\\/medicinasinc.com\\\/no\\\/product\\\/kjop-sitron-haze-co2-1g-vape-patron\\\/\",\"name\":\"Kj\u00f8p Lemon Haze CO2 vape Cartridge - Best Global Meds\",\"isPartOf\":{\"@id\":\"https:\\\/\\\/medicinasinc.com\\\/no\\\/#website\"},\"primaryImageOfPage\":{\"@id\":\"https:\\\/\\\/medicinasinc.com\\\/no\\\/product\\\/kjop-sitron-haze-co2-1g-vape-patron\\\/#primaryimage\"},\"image\":{\"@id\":\"https:\\\/\\\/medicinasinc.com\\\/no\\\/product\\\/kjop-sitron-haze-co2-1g-vape-patron\\\/#primaryimage\"},\"thumbnailUrl\":\"https:\\\/\\\/medicinasinc.com\\\/no\\\/wp-content\\\/uploads\\\/sites\\\/14\\\/2022\\\/02\\\/Buy-High-THC-Cannabis-Oil-1g-cartridge-online.jpg\",\"datePublished\":\"2022-02-20T08:47:42+00:00\",\"dateModified\":\"2022-03-22T01:19:03+00:00\",\"description\":\"Kj\u00f8p Super Lemon Haze Cannabis Oil Vape Cartridge Strain for salg Storbritannia, Europa. SativaOil Ekstraksjonsmetode: Subkritisk CO2. Super Lemon Haze Cannabis Oil Vape Cartridge.\",\"breadcrumb\":{\"@id\":\"https:\\\/\\\/medicinasinc.com\\\/no\\\/product\\\/kjop-sitron-haze-co2-1g-vape-patron\\\/#breadcrumb\"},\"inLanguage\":\"nn-NO\",\"potentialAction\":[{\"@type\":\"ReadAction\",\"target\":[\"https:\\\/\\\/medicinasinc.com\\\/no\\\/product\\\/kjop-sitron-haze-co2-1g-vape-patron\\\/\"]}]},{\"@type\":\"ImageObject\",\"inLanguage\":\"nn-NO\",\"@id\":\"https:\\\/\\\/medicinasinc.com\\\/no\\\/product\\\/kjop-sitron-haze-co2-1g-vape-patron\\\/#primaryimage\",\"url\":\"https:\\\/\\\/medicinasinc.com\\\/no\\\/wp-content\\\/uploads\\\/sites\\\/14\\\/2022\\\/02\\\/Buy-High-THC-Cannabis-Oil-1g-cartridge-online.jpg\",\"contentUrl\":\"https:\\\/\\\/medicinasinc.com\\\/no\\\/wp-content\\\/uploads\\\/sites\\\/14\\\/2022\\\/02\\\/Buy-High-THC-Cannabis-Oil-1g-cartridge-online.jpg\",\"width\":600,\"height\":600},{\"@type\":\"BreadcrumbList\",\"@id\":\"https:\\\/\\\/medicinasinc.com\\\/no\\\/product\\\/kjop-sitron-haze-co2-1g-vape-patron\\\/#breadcrumb\",\"itemListElement\":[{\"@type\":\"ListItem\",\"position\":1,\"name\":\"Butikk\",\"item\":\"https:\\\/\\\/medicinasinc.com\\\/no\\\/butikk\\\/\"},{\"@type\":\"ListItem\",\"position\":2,\"name\":\"Kj\u00f8p Lemon Haze CO2 1g vape patron\"}]},{\"@type\":\"WebSite\",\"@id\":\"https:\\\/\\\/medicinasinc.com\\\/no\\\/#website\",\"url\":\"https:\\\/\\\/medicinasinc.com\\\/no\\\/\",\"name\":\"Medicinas Inc\",\"description\":\"Helsemedisinsk klinikk\",\"potentialAction\":[{\"@type\":\"SearchAction\",\"target\":{\"@type\":\"EntryPoint\",\"urlTemplate\":\"https:\\\/\\\/medicinasinc.com\\\/no\\\/?s={search_term_string}\"},\"query-input\":{\"@type\":\"PropertyValueSpecification\",\"valueRequired\":true,\"valueName\":\"search_term_string\"}}],\"inLanguage\":\"nn-NO\"}]}<\/script>\n<!-- \/ Yoast SEO plugin. -->","yoast_head_json":{"title":"Kj\u00f8p Lemon Haze CO2 vape Cartridge - Best Global Meds","description":"Kj\u00f8p Super Lemon Haze Cannabis Oil Vape Cartridge Strain for salg Storbritannia, Europa. SativaOil Ekstraksjonsmetode: Subkritisk CO2. Super Lemon Haze Cannabis Oil Vape Cartridge.","robots":{"index":"index","follow":"follow","max-snippet":"max-snippet:-1","max-image-preview":"max-image-preview:large","max-video-preview":"max-video-preview:-1"},"canonical":"https:\/\/medicinasinc.com\/no\/product\/kjop-sitron-haze-co2-1g-vape-patron\/","og_locale":"nn_NO","og_type":"article","og_title":"Kj\u00f8p Lemon Haze CO2 vape Cartridge - Best Global Meds","og_description":"Kj\u00f8p Super Lemon Haze Cannabis Oil Vape Cartridge Strain for salg Storbritannia, Europa. SativaOil Ekstraksjonsmetode: Subkritisk CO2. Super Lemon Haze Cannabis Oil Vape Cartridge.","og_url":"https:\/\/medicinasinc.com\/no\/product\/kjop-sitron-haze-co2-1g-vape-patron\/","og_site_name":"Medicinas Inc","article_modified_time":"2022-03-22T01:19:03+00:00","og_image":[{"width":600,"height":600,"url":"https:\/\/medicinasinc.com\/no\/wp-content\/uploads\/sites\/14\/2022\/02\/Buy-High-THC-Cannabis-Oil-1g-cartridge-online.jpg","type":"image\/jpeg"}],"twitter_card":"summary_large_image","twitter_misc":{"Est. reading time":"1 minutt"},"schema":{"@context":"https:\/\/schema.org","@graph":[{"@type":"WebPage","@id":"https:\/\/medicinasinc.com\/no\/product\/kjop-sitron-haze-co2-1g-vape-patron\/","url":"https:\/\/medicinasinc.com\/no\/product\/kjop-sitron-haze-co2-1g-vape-patron\/","name":"Kj\u00f8p Lemon Haze CO2 vape Cartridge - Best Global Meds","isPartOf":{"@id":"https:\/\/medicinasinc.com\/no\/#website"},"primaryImageOfPage":{"@id":"https:\/\/medicinasinc.com\/no\/product\/kjop-sitron-haze-co2-1g-vape-patron\/#primaryimage"},"image":{"@id":"https:\/\/medicinasinc.com\/no\/product\/kjop-sitron-haze-co2-1g-vape-patron\/#primaryimage"},"thumbnailUrl":"https:\/\/medicinasinc.com\/no\/wp-content\/uploads\/sites\/14\/2022\/02\/Buy-High-THC-Cannabis-Oil-1g-cartridge-online.jpg","datePublished":"2022-02-20T08:47:42+00:00","dateModified":"2022-03-22T01:19:03+00:00","description":"Kj\u00f8p Super Lemon Haze Cannabis Oil Vape Cartridge Strain for salg Storbritannia, Europa. SativaOil Ekstraksjonsmetode: Subkritisk CO2. Super Lemon Haze Cannabis Oil Vape Cartridge.","breadcrumb":{"@id":"https:\/\/medicinasinc.com\/no\/product\/kjop-sitron-haze-co2-1g-vape-patron\/#breadcrumb"},"inLanguage":"nn-NO","potentialAction":[{"@type":"ReadAction","target":["https:\/\/medicinasinc.com\/no\/product\/kjop-sitron-haze-co2-1g-vape-patron\/"]}]},{"@type":"ImageObject","inLanguage":"nn-NO","@id":"https:\/\/medicinasinc.com\/no\/product\/kjop-sitron-haze-co2-1g-vape-patron\/#primaryimage","url":"https:\/\/medicinasinc.com\/no\/wp-content\/uploads\/sites\/14\/2022\/02\/Buy-High-THC-Cannabis-Oil-1g-cartridge-online.jpg","contentUrl":"https:\/\/medicinasinc.com\/no\/wp-content\/uploads\/sites\/14\/2022\/02\/Buy-High-THC-Cannabis-Oil-1g-cartridge-online.jpg","width":600,"height":600},{"@type":"BreadcrumbList","@id":"https:\/\/medicinasinc.com\/no\/product\/kjop-sitron-haze-co2-1g-vape-patron\/#breadcrumb","itemListElement":[{"@type":"ListItem","position":1,"name":"Butikk","item":"https:\/\/medicinasinc.com\/no\/butikk\/"},{"@type":"ListItem","position":2,"name":"Kj\u00f8p Lemon Haze CO2 1g vape patron"}]},{"@type":"WebSite","@id":"https:\/\/medicinasinc.com\/no\/#website","url":"https:\/\/medicinasinc.com\/no\/","name":"Medicinas Inc","description":"Helsemedisinsk klinikk","potentialAction":[{"@type":"SearchAction","target":{"@type":"EntryPoint","urlTemplate":"https:\/\/medicinasinc.com\/no\/?s={search_term_string}"},"query-input":{"@type":"PropertyValueSpecification","valueRequired":true,"valueName":"search_term_string"}}],"inLanguage":"nn-NO"}]}},"_links":{"self":[{"href":"https:\/\/medicinasinc.com\/no\/wp-json\/wp\/v2\/product\/4390","targetHints":{"allow":["GET"]}}],"collection":[{"href":"https:\/\/medicinasinc.com\/no\/wp-json\/wp\/v2\/product"}],"about":[{"href":"https:\/\/medicinasinc.com\/no\/wp-json\/wp\/v2\/types\/product"}],"replies":[{"embeddable":true,"href":"https:\/\/medicinasinc.com\/no\/wp-json\/wp\/v2\/comments?post=4390"}],"wp:featuredmedia":[{"embeddable":true,"href":"https:\/\/medicinasinc.com\/no\/wp-json\/wp\/v2\/media\/4423"}],"wp:attachment":[{"href":"https:\/\/medicinasinc.com\/no\/wp-json\/wp\/v2\/media?parent=4390"}],"wp:term":[{"taxonomy":"product_brand","embeddable":true,"href":"https:\/\/medicinasinc.com\/no\/wp-json\/wp\/v2\/product_brand?post=4390"},{"taxonomy":"product_cat","embeddable":true,"href":"https:\/\/medicinasinc.com\/no\/wp-json\/wp\/v2\/product_cat?post=4390"},{"taxonomy":"product_tag","embeddable":true,"href":"https:\/\/medicinasinc.com\/no\/wp-json\/wp\/v2\/product_tag?post=4390"}],"curies":[{"name":"wp","href":"https:\/\/api.w.org\/{rel}","templated":true}]}}