{"id":4388,"date":"2022-02-20T08:46:53","date_gmt":"2022-02-20T08:46:53","guid":{"rendered":"https:\/\/medicinasinc.com\/no\/?post_type=product&#038;p=4388"},"modified":"2022-03-22T01:19:12","modified_gmt":"2022-03-22T01:19:12","slug":"kjop-hoy-thc-cannabis-olje-1g-patron-online","status":"publish","type":"product","link":"https:\/\/medicinasinc.com\/no\/product\/kjop-hoy-thc-cannabis-olje-1g-patron-online\/","title":{"rendered":"Kj\u00f8p High THC Cannabis Oil 1g Cartridge Online"},"content":{"rendered":"<p>Kj\u00f8p en 1g patron med h\u00f8y THC Cannabis Oil p\u00e5 nettet.<\/p>\n<p>I stedet for \u00e5 blande cannabisen v\u00e5r, tilbyr vi patroner i 18 forskjellige stammer. Vi bruker ingen tilsetningsstoffer. Cannabisen v\u00e5r dyrkes naturlig i Nord-Californias f\u00f8rsteklasses cannabisregion og ekstraheres deretter rent ved hjelp av en patentert superkritisk CO2-metode.<\/p>\n<p>Cannabisolje for medisinsk bruk. Hybrid, Sativa og Indica<\/p>\n<p>De medisinske fordelene med cannabisolje<br \/> Immunsystembeskyttelse \u00f8ker sjansene dine for remisjon betraktelig<br \/> Bidrar til \u00e5 stabilisere og utrydde akutte eller kroniske smerter<br \/> Eliminerer potensielt skadelige farmas\u00f8ytiske protokoller<br \/> Reduserer eller eliminerer ondartet cellevekst. Reduserer eller eliminerer kvalme.<\/p>\n<p>Cannabis har historisk inneholdt THC-konsentrasjoner p\u00e5 mellom 12 og 21 %.<\/p>\n<p>CBD-konsentrasjoner i flertallet av Cannabisplanter varierer mellom 0,1 og 0,3 prosent. Imidlertid er h\u00f8yere CBD-holdige Cannabis-stammer n\u00e5 tilgjengelig, noe som gj\u00f8r CBD-rike Cannabisoljer mer tilgjengelige. Disse Cannabisoljene er tilgjengelige for kj\u00f8p og kan bestilles trygt p\u00e5 nett fra oss. hasj olje til salgs p\u00e5 nett, hvordan kj\u00f8pe hasj olje p\u00e5 nett, h\u00f8y thc olje til salgs, bestill hasj olje p\u00e5 nett, kj\u00f8p hasj olje p\u00e5 nett, hasj olje patron til salgs, hvor kan jeg kj\u00f8pe thc olje p\u00e5 nett, thc hasj olje til salgs, hasj oljepatroner til salgs p\u00e5 nett, hvor kan du kj\u00f8pe olje p\u00e5 nett, kj\u00f8pe hasj-oljepatroner p\u00e5 nett<\/p>\n<p>I tillegg foretrekkes CBD-rike oljer for tilstander som epilepsi, angst, stress og kvalme. CBD-oljer vil ogs\u00e5 hjelpe deg med \u00e5 slappe av og vil hjelpe deg med behandling av s\u00f8vnl\u00f8shet, spenningshodepine, hum\u00f8rforstyrrelser og oppmerksomhetsforstyrrelser.<\/p>\n<p>F\u00f8r du kj\u00f8per hasj p\u00e5 nettet, er det viktig \u00e5 forst\u00e5 effekten, hvordan den henger sammen. til cannabis, og hva som skiller det fra andre ugressprodukter. Hash, en annen betegnelse for &laquo;hasj&raquo; i staten, er et cannabiskonsentrat som formidles via banen til en marihuanaplante. Dette oppn\u00e5s ved \u00e5 separere en cannabisplantes saftorganer, som samlet refereres til som trikomer, fra blomstene. Disse trikomene er kjent for \u00e5 inneholde de h\u00f8yeste konsentrasjonene av cannabinoider og terpener, som er de kjemiske forbindelsene som er ansvarlige for Maryjanes unike egenskaper og egenskaper. P\u00e5 grunn av den h\u00f8ye konsentrasjonen av cannabinoider og terpener i hasj, har den en ekstraordin\u00e6r kapasitet til \u00e5 skape overveldende psykoaktive og medisinske m\u00f8ter for cannabisklienter. Hash-olje er en sv\u00e6rt konsentrert form for cannabis som kan r\u00f8ykes, fordampes, konsumeres eller skures p\u00e5 huden. Noen ganger blir bruk av hasjolje referert til som &laquo;\u00e5 n\u00e5&raquo; eller &laquo;forbruke&raquo;. Hash-olje er avledet fra cannabisplanter og inneholder THC (delta-9-tetrahydrocannabinol), den samme revolusjonerende forbindelsen som finnes i andre Maryjane-produkter. Ikke desto mindre er hasjolje mer potent, og inneholder opptil 90 % ren THC. Naturligvis, i andre deler av cannabisplanten, er THC-innholdet typisk rundt 12 %. P\u00e5litelig CO2-utvinning er for tiden den mest effektive metoden for \u00e5 utvinne THC-olje. I tillegg er det den vanligste og sikreste metoden for \u00e5 produsere cannabisolje, destillat og levende tyggegummibiler. Grunnen til at den er s\u00e5 utbredt i disse dager er at denne THC-oljen er fri for ekstra l\u00f8semidler som brennevin eller butan. De fleste THC-oljer inneholder en form for avtagende beredskap. Dette er n\u00f8dvendig for \u00e5 sikre at oljen opprettholder en ideell konsistens for vaping. De mest bemerkelsesverdige avtagende spesialistene er vegetabilsk glyserin og propylenglykol (VG og PG), som ofte finnes i standard e-v\u00e6ske. Noen f\u00e5 inneholder forskjellige fyllstoffer som PEG og, mer nylig, TEC Temper, som er en annen tilstand avledet fra naturlige terpener. Hash-olje er tilgjengelig for kj\u00f8p.<\/p>\n","protected":false},"excerpt":{"rendered":"<p>Kj\u00f8p High THC Marihuana Oil for salg Storbritannia, Europa Online. Kj\u00f8p 100% ren thc cannabisolje for salg USA. Cannabisolje med full spektrum. THC oljekreft til salgs.Styrke: 85% THC &amp; 15 % CBD<\/p>\n<p>produktprisen er som: per 5 kassetter<\/p>\n<p>Minste bestillingsantall er: 5 kassetter<\/p>\n","protected":false},"featured_media":4423,"comment_status":"open","ping_status":"closed","template":"","meta":[],"product_brand":[],"product_cat":[440],"product_tag":[],"class_list":{"0":"post-4388","1":"product","2":"type-product","3":"status-publish","4":"has-post-thumbnail","6":"product_cat-kjp-cannabis-cbd-olje","8":"first","9":"instock","10":"shipping-taxable","11":"purchasable","12":"product-type-variable","13":"has-default-attributes"},"yoast_head":"<!-- This site is optimized with the Yoast SEO plugin v27.3 - https:\/\/yoast.com\/product\/yoast-seo-wordpress\/ -->\n<title>Kj\u00f8p h\u00f8y THC Cannabis Oil 1g patron online - Beste globale medisiner<\/title>\n<meta name=\"description\" content=\"Kj\u00f8p h\u00f8y THC marihuanaolje til salgs Storbritannia, Europa Online. Kj\u00f8p 100% ren thc cannabisolje for salg USA. Cannabisolje med full spektrum. THC oljekreft til salgs.Styrke: 85% THC &amp; 15 % CBD\" \/>\n<meta name=\"robots\" content=\"index, follow, max-snippet:-1, max-image-preview:large, max-video-preview:-1\" \/>\n<link rel=\"canonical\" href=\"https:\/\/medicinasinc.com\/no\/product\/kjop-hoy-thc-cannabis-olje-1g-patron-online\/\" \/>\n<meta property=\"og:locale\" content=\"nn_NO\" \/>\n<meta property=\"og:type\" content=\"article\" \/>\n<meta property=\"og:title\" content=\"Kj\u00f8p h\u00f8y THC Cannabis Oil 1g patron online - Beste globale medisiner\" \/>\n<meta property=\"og:description\" content=\"Kj\u00f8p h\u00f8y THC marihuanaolje til salgs Storbritannia, Europa Online. Kj\u00f8p 100% ren thc cannabisolje for salg USA. Cannabisolje med full spektrum. THC oljekreft til salgs.Styrke: 85% THC &amp; 15 % CBD\" \/>\n<meta property=\"og:url\" content=\"https:\/\/medicinasinc.com\/no\/product\/kjop-hoy-thc-cannabis-olje-1g-patron-online\/\" \/>\n<meta property=\"og:site_name\" content=\"Medicinas Inc\" \/>\n<meta property=\"article:modified_time\" content=\"2022-03-22T01:19:12+00:00\" \/>\n<meta property=\"og:image\" content=\"https:\/\/medicinasinc.com\/no\/wp-content\/uploads\/sites\/14\/2022\/02\/Buy-High-THC-Cannabis-Oil-1g-cartridge-online.jpg\" \/>\n\t<meta property=\"og:image:width\" content=\"600\" \/>\n\t<meta property=\"og:image:height\" content=\"600\" \/>\n\t<meta property=\"og:image:type\" content=\"image\/jpeg\" \/>\n<meta name=\"twitter:card\" content=\"summary_large_image\" \/>\n<meta name=\"twitter:label1\" content=\"Est. reading time\" \/>\n\t<meta name=\"twitter:data1\" content=\"3 minutt\" \/>\n<script type=\"application\/ld+json\" class=\"yoast-schema-graph\">{\"@context\":\"https:\\\/\\\/schema.org\",\"@graph\":[{\"@type\":\"WebPage\",\"@id\":\"https:\\\/\\\/medicinasinc.com\\\/no\\\/product\\\/kjop-hoy-thc-cannabis-olje-1g-patron-online\\\/\",\"url\":\"https:\\\/\\\/medicinasinc.com\\\/no\\\/product\\\/kjop-hoy-thc-cannabis-olje-1g-patron-online\\\/\",\"name\":\"Kj\u00f8p h\u00f8y THC Cannabis Oil 1g patron online - Beste globale medisiner\",\"isPartOf\":{\"@id\":\"https:\\\/\\\/medicinasinc.com\\\/no\\\/#website\"},\"primaryImageOfPage\":{\"@id\":\"https:\\\/\\\/medicinasinc.com\\\/no\\\/product\\\/kjop-hoy-thc-cannabis-olje-1g-patron-online\\\/#primaryimage\"},\"image\":{\"@id\":\"https:\\\/\\\/medicinasinc.com\\\/no\\\/product\\\/kjop-hoy-thc-cannabis-olje-1g-patron-online\\\/#primaryimage\"},\"thumbnailUrl\":\"https:\\\/\\\/medicinasinc.com\\\/no\\\/wp-content\\\/uploads\\\/sites\\\/14\\\/2022\\\/02\\\/Buy-High-THC-Cannabis-Oil-1g-cartridge-online.jpg\",\"datePublished\":\"2022-02-20T08:46:53+00:00\",\"dateModified\":\"2022-03-22T01:19:12+00:00\",\"description\":\"Kj\u00f8p h\u00f8y THC marihuanaolje til salgs Storbritannia, Europa Online. Kj\u00f8p 100% ren thc cannabisolje for salg USA. Cannabisolje med full spektrum. THC oljekreft til salgs.Styrke: 85% THC &amp; 15 % CBD\",\"breadcrumb\":{\"@id\":\"https:\\\/\\\/medicinasinc.com\\\/no\\\/product\\\/kjop-hoy-thc-cannabis-olje-1g-patron-online\\\/#breadcrumb\"},\"inLanguage\":\"nn-NO\",\"potentialAction\":[{\"@type\":\"ReadAction\",\"target\":[\"https:\\\/\\\/medicinasinc.com\\\/no\\\/product\\\/kjop-hoy-thc-cannabis-olje-1g-patron-online\\\/\"]}]},{\"@type\":\"ImageObject\",\"inLanguage\":\"nn-NO\",\"@id\":\"https:\\\/\\\/medicinasinc.com\\\/no\\\/product\\\/kjop-hoy-thc-cannabis-olje-1g-patron-online\\\/#primaryimage\",\"url\":\"https:\\\/\\\/medicinasinc.com\\\/no\\\/wp-content\\\/uploads\\\/sites\\\/14\\\/2022\\\/02\\\/Buy-High-THC-Cannabis-Oil-1g-cartridge-online.jpg\",\"contentUrl\":\"https:\\\/\\\/medicinasinc.com\\\/no\\\/wp-content\\\/uploads\\\/sites\\\/14\\\/2022\\\/02\\\/Buy-High-THC-Cannabis-Oil-1g-cartridge-online.jpg\",\"width\":600,\"height\":600},{\"@type\":\"BreadcrumbList\",\"@id\":\"https:\\\/\\\/medicinasinc.com\\\/no\\\/product\\\/kjop-hoy-thc-cannabis-olje-1g-patron-online\\\/#breadcrumb\",\"itemListElement\":[{\"@type\":\"ListItem\",\"position\":1,\"name\":\"Butikk\",\"item\":\"https:\\\/\\\/medicinasinc.com\\\/no\\\/butikk\\\/\"},{\"@type\":\"ListItem\",\"position\":2,\"name\":\"Kj\u00f8p High THC Cannabis Oil 1g Cartridge Online\"}]},{\"@type\":\"WebSite\",\"@id\":\"https:\\\/\\\/medicinasinc.com\\\/no\\\/#website\",\"url\":\"https:\\\/\\\/medicinasinc.com\\\/no\\\/\",\"name\":\"Medicinas Inc\",\"description\":\"Helsemedisinsk klinikk\",\"potentialAction\":[{\"@type\":\"SearchAction\",\"target\":{\"@type\":\"EntryPoint\",\"urlTemplate\":\"https:\\\/\\\/medicinasinc.com\\\/no\\\/?s={search_term_string}\"},\"query-input\":{\"@type\":\"PropertyValueSpecification\",\"valueRequired\":true,\"valueName\":\"search_term_string\"}}],\"inLanguage\":\"nn-NO\"}]}<\/script>\n<!-- \/ Yoast SEO plugin. -->","yoast_head_json":{"title":"Kj\u00f8p h\u00f8y THC Cannabis Oil 1g patron online - Beste globale medisiner","description":"Kj\u00f8p h\u00f8y THC marihuanaolje til salgs Storbritannia, Europa Online. Kj\u00f8p 100% ren thc cannabisolje for salg USA. Cannabisolje med full spektrum. THC oljekreft til salgs.Styrke: 85% THC &amp; 15 % CBD","robots":{"index":"index","follow":"follow","max-snippet":"max-snippet:-1","max-image-preview":"max-image-preview:large","max-video-preview":"max-video-preview:-1"},"canonical":"https:\/\/medicinasinc.com\/no\/product\/kjop-hoy-thc-cannabis-olje-1g-patron-online\/","og_locale":"nn_NO","og_type":"article","og_title":"Kj\u00f8p h\u00f8y THC Cannabis Oil 1g patron online - Beste globale medisiner","og_description":"Kj\u00f8p h\u00f8y THC marihuanaolje til salgs Storbritannia, Europa Online. Kj\u00f8p 100% ren thc cannabisolje for salg USA. Cannabisolje med full spektrum. THC oljekreft til salgs.Styrke: 85% THC &amp; 15 % CBD","og_url":"https:\/\/medicinasinc.com\/no\/product\/kjop-hoy-thc-cannabis-olje-1g-patron-online\/","og_site_name":"Medicinas Inc","article_modified_time":"2022-03-22T01:19:12+00:00","og_image":[{"width":600,"height":600,"url":"https:\/\/medicinasinc.com\/no\/wp-content\/uploads\/sites\/14\/2022\/02\/Buy-High-THC-Cannabis-Oil-1g-cartridge-online.jpg","type":"image\/jpeg"}],"twitter_card":"summary_large_image","twitter_misc":{"Est. reading time":"3 minutt"},"schema":{"@context":"https:\/\/schema.org","@graph":[{"@type":"WebPage","@id":"https:\/\/medicinasinc.com\/no\/product\/kjop-hoy-thc-cannabis-olje-1g-patron-online\/","url":"https:\/\/medicinasinc.com\/no\/product\/kjop-hoy-thc-cannabis-olje-1g-patron-online\/","name":"Kj\u00f8p h\u00f8y THC Cannabis Oil 1g patron online - Beste globale medisiner","isPartOf":{"@id":"https:\/\/medicinasinc.com\/no\/#website"},"primaryImageOfPage":{"@id":"https:\/\/medicinasinc.com\/no\/product\/kjop-hoy-thc-cannabis-olje-1g-patron-online\/#primaryimage"},"image":{"@id":"https:\/\/medicinasinc.com\/no\/product\/kjop-hoy-thc-cannabis-olje-1g-patron-online\/#primaryimage"},"thumbnailUrl":"https:\/\/medicinasinc.com\/no\/wp-content\/uploads\/sites\/14\/2022\/02\/Buy-High-THC-Cannabis-Oil-1g-cartridge-online.jpg","datePublished":"2022-02-20T08:46:53+00:00","dateModified":"2022-03-22T01:19:12+00:00","description":"Kj\u00f8p h\u00f8y THC marihuanaolje til salgs Storbritannia, Europa Online. Kj\u00f8p 100% ren thc cannabisolje for salg USA. Cannabisolje med full spektrum. THC oljekreft til salgs.Styrke: 85% THC &amp; 15 % CBD","breadcrumb":{"@id":"https:\/\/medicinasinc.com\/no\/product\/kjop-hoy-thc-cannabis-olje-1g-patron-online\/#breadcrumb"},"inLanguage":"nn-NO","potentialAction":[{"@type":"ReadAction","target":["https:\/\/medicinasinc.com\/no\/product\/kjop-hoy-thc-cannabis-olje-1g-patron-online\/"]}]},{"@type":"ImageObject","inLanguage":"nn-NO","@id":"https:\/\/medicinasinc.com\/no\/product\/kjop-hoy-thc-cannabis-olje-1g-patron-online\/#primaryimage","url":"https:\/\/medicinasinc.com\/no\/wp-content\/uploads\/sites\/14\/2022\/02\/Buy-High-THC-Cannabis-Oil-1g-cartridge-online.jpg","contentUrl":"https:\/\/medicinasinc.com\/no\/wp-content\/uploads\/sites\/14\/2022\/02\/Buy-High-THC-Cannabis-Oil-1g-cartridge-online.jpg","width":600,"height":600},{"@type":"BreadcrumbList","@id":"https:\/\/medicinasinc.com\/no\/product\/kjop-hoy-thc-cannabis-olje-1g-patron-online\/#breadcrumb","itemListElement":[{"@type":"ListItem","position":1,"name":"Butikk","item":"https:\/\/medicinasinc.com\/no\/butikk\/"},{"@type":"ListItem","position":2,"name":"Kj\u00f8p High THC Cannabis Oil 1g Cartridge Online"}]},{"@type":"WebSite","@id":"https:\/\/medicinasinc.com\/no\/#website","url":"https:\/\/medicinasinc.com\/no\/","name":"Medicinas Inc","description":"Helsemedisinsk klinikk","potentialAction":[{"@type":"SearchAction","target":{"@type":"EntryPoint","urlTemplate":"https:\/\/medicinasinc.com\/no\/?s={search_term_string}"},"query-input":{"@type":"PropertyValueSpecification","valueRequired":true,"valueName":"search_term_string"}}],"inLanguage":"nn-NO"}]}},"_links":{"self":[{"href":"https:\/\/medicinasinc.com\/no\/wp-json\/wp\/v2\/product\/4388","targetHints":{"allow":["GET"]}}],"collection":[{"href":"https:\/\/medicinasinc.com\/no\/wp-json\/wp\/v2\/product"}],"about":[{"href":"https:\/\/medicinasinc.com\/no\/wp-json\/wp\/v2\/types\/product"}],"replies":[{"embeddable":true,"href":"https:\/\/medicinasinc.com\/no\/wp-json\/wp\/v2\/comments?post=4388"}],"wp:featuredmedia":[{"embeddable":true,"href":"https:\/\/medicinasinc.com\/no\/wp-json\/wp\/v2\/media\/4423"}],"wp:attachment":[{"href":"https:\/\/medicinasinc.com\/no\/wp-json\/wp\/v2\/media?parent=4388"}],"wp:term":[{"taxonomy":"product_brand","embeddable":true,"href":"https:\/\/medicinasinc.com\/no\/wp-json\/wp\/v2\/product_brand?post=4388"},{"taxonomy":"product_cat","embeddable":true,"href":"https:\/\/medicinasinc.com\/no\/wp-json\/wp\/v2\/product_cat?post=4388"},{"taxonomy":"product_tag","embeddable":true,"href":"https:\/\/medicinasinc.com\/no\/wp-json\/wp\/v2\/product_tag?post=4388"}],"curies":[{"name":"wp","href":"https:\/\/api.w.org\/{rel}","templated":true}]}}