{"id":4374,"date":"2022-02-20T08:40:15","date_gmt":"2022-02-20T08:40:15","guid":{"rendered":"https:\/\/medicinasinc.com\/no\/?post_type=product&#038;p=4374"},"modified":"2022-03-22T01:19:38","modified_gmt":"2022-03-22T01:19:38","slug":"kjop-harlekin-co2-olje-1g-patron","status":"publish","type":"product","link":"https:\/\/medicinasinc.com\/no\/product\/kjop-harlekin-co2-olje-1g-patron\/","title":{"rendered":"Kj\u00f8p Harlequin CO2 Oil 1g patron"},"content":{"rendered":"<p>Nettkj\u00f8p av Harlequin CO2 Oil 1g Cartridge.<\/p>\n<p>Nettkj\u00f8p av Harlequin CO2 Oil 1g Cartridge.<\/p>\n<p>Online kj\u00f8p av Harlequin CO2 oljepatroner. 13,02 prosent THCA | 6,54 prosent THC | 49,10 prosent CBDA | 5,35 prosent CBD<\/p>\n<p>Harlequin er en mildt psykoaktiv Sativa-dominerende stamme med ristede n\u00f8tter, sjokolade, og ikke minst kirseb\u00e6rduftende blomster. Harlequin er en h\u00f8y-CBD-stamme med ubetydelig psykoaktivitet og smertestillende egenskaper. Harlekin brukes ofte til \u00e5 behandle smerter og er egnet for bruk p\u00e5 dagtid p\u00e5 grunn av dets h\u00f8ye CBD-innhold og klare effekter.<\/p>\n<p>COLOMBISK GULL + NEPALI + THAI + SWISS LANDRACE LINEAGE<\/p>\n<p>JORD \u2013 KRYDRET \u2013 TREET \u2013 MANGO SMAKER<\/p>\n<p>SMERTE \u2013 STRESS \u2013 BETENNELSE \u2013 DEPRESSJON \u2013 KVALM \u2013 MEDISINSK<\/p>\n<p>OPPLIFTET \u2013 AVSLAPPET \u2013 M\u00d8T \u2013 FOKUSERT \u2013 GLAD GENERELT\/p<\/p>\n","protected":false},"excerpt":{"rendered":"<p>Kj\u00f8p Harlequin Co2 patroner til salgs, harlequin vape patron, harlequin cbd vape patron, &#8230; Kj\u00f8p THC Vape Pen oljekassetter, THC kassetter til salgs p\u00e5 nett. Kj\u00f8p Harlequin CO2 Oil 1g patron p\u00e5 nett. UK THC-kassetter til salgs. Kj\u00f8p co2 Vape oljepatroner.<\/p>\n<h2>Kj\u00f8p THC Cannabis Oil Cartridges<\/h2>\n<p>produktprisen er som: per 1g patron<br \/> <strong>Minste bestillingsantall er: 5 patroner<\/strong> sterk&gt;<\/p>\n","protected":false},"featured_media":4409,"comment_status":"open","ping_status":"closed","template":"","meta":[],"product_brand":[],"product_cat":[440],"product_tag":[],"class_list":{"0":"post-4374","1":"product","2":"type-product","3":"status-publish","4":"has-post-thumbnail","6":"product_cat-kjp-cannabis-cbd-olje","8":"first","9":"instock","10":"shipping-taxable","11":"purchasable","12":"product-type-variable","13":"has-default-attributes"},"yoast_head":"<!-- This site is optimized with the Yoast SEO plugin v27.3 - https:\/\/yoast.com\/product\/yoast-seo-wordpress\/ -->\n<title>Kj\u00f8p Harlequin CO2 Oil 1g Cartridge Online - Beste globale medisiner<\/title>\n<meta name=\"description\" content=\"Kj\u00f8p Harlequin Co2 patroner til salgs, harlekin vape patron, harlequin cbd vape patron, ... Kj\u00f8p THC Vape Pen oljepatroner, THC patroner til salgs p\u00e5 nett. Kj\u00f8p Harlequin CO2 Oil 1g patron p\u00e5 nett. UK THC-kassetter til salgs. Kj\u00f8p co2 Vape oljepatroner.\" \/>\n<meta name=\"robots\" content=\"index, follow, max-snippet:-1, max-image-preview:large, max-video-preview:-1\" \/>\n<link rel=\"canonical\" href=\"https:\/\/medicinasinc.com\/no\/product\/kjop-harlekin-co2-olje-1g-patron\/\" \/>\n<meta property=\"og:locale\" content=\"nn_NO\" \/>\n<meta property=\"og:type\" content=\"article\" \/>\n<meta property=\"og:title\" content=\"Kj\u00f8p Harlequin CO2 Oil 1g Cartridge Online - Beste globale medisiner\" \/>\n<meta property=\"og:description\" content=\"Kj\u00f8p Harlequin Co2 patroner til salgs, harlekin vape patron, harlequin cbd vape patron, ... Kj\u00f8p THC Vape Pen oljepatroner, THC patroner til salgs p\u00e5 nett. Kj\u00f8p Harlequin CO2 Oil 1g patron p\u00e5 nett. UK THC-kassetter til salgs. Kj\u00f8p co2 Vape oljepatroner.\" \/>\n<meta property=\"og:url\" content=\"https:\/\/medicinasinc.com\/no\/product\/kjop-harlekin-co2-olje-1g-patron\/\" \/>\n<meta property=\"og:site_name\" content=\"Medicinas Inc\" \/>\n<meta property=\"article:modified_time\" content=\"2022-03-22T01:19:38+00:00\" \/>\n<meta property=\"og:image\" content=\"https:\/\/medicinasinc.com\/no\/wp-content\/uploads\/sites\/14\/2022\/02\/Buy-Harlequin-CO2-Oil-1g-Cartridge-Online.jpg\" \/>\n\t<meta property=\"og:image:width\" content=\"600\" \/>\n\t<meta property=\"og:image:height\" content=\"600\" \/>\n\t<meta property=\"og:image:type\" content=\"image\/jpeg\" \/>\n<meta name=\"twitter:card\" content=\"summary_large_image\" \/>\n<meta name=\"twitter:label1\" content=\"Est. reading time\" \/>\n\t<meta name=\"twitter:data1\" content=\"1 minutt\" \/>\n<script type=\"application\/ld+json\" class=\"yoast-schema-graph\">{\"@context\":\"https:\\\/\\\/schema.org\",\"@graph\":[{\"@type\":\"WebPage\",\"@id\":\"https:\\\/\\\/medicinasinc.com\\\/no\\\/product\\\/kjop-harlekin-co2-olje-1g-patron\\\/\",\"url\":\"https:\\\/\\\/medicinasinc.com\\\/no\\\/product\\\/kjop-harlekin-co2-olje-1g-patron\\\/\",\"name\":\"Kj\u00f8p Harlequin CO2 Oil 1g Cartridge Online - Beste globale medisiner\",\"isPartOf\":{\"@id\":\"https:\\\/\\\/medicinasinc.com\\\/no\\\/#website\"},\"primaryImageOfPage\":{\"@id\":\"https:\\\/\\\/medicinasinc.com\\\/no\\\/product\\\/kjop-harlekin-co2-olje-1g-patron\\\/#primaryimage\"},\"image\":{\"@id\":\"https:\\\/\\\/medicinasinc.com\\\/no\\\/product\\\/kjop-harlekin-co2-olje-1g-patron\\\/#primaryimage\"},\"thumbnailUrl\":\"https:\\\/\\\/medicinasinc.com\\\/no\\\/wp-content\\\/uploads\\\/sites\\\/14\\\/2022\\\/02\\\/Buy-Harlequin-CO2-Oil-1g-Cartridge-Online.jpg\",\"datePublished\":\"2022-02-20T08:40:15+00:00\",\"dateModified\":\"2022-03-22T01:19:38+00:00\",\"description\":\"Kj\u00f8p Harlequin Co2 patroner til salgs, harlekin vape patron, harlequin cbd vape patron, ... Kj\u00f8p THC Vape Pen oljepatroner, THC patroner til salgs p\u00e5 nett. Kj\u00f8p Harlequin CO2 Oil 1g patron p\u00e5 nett. UK THC-kassetter til salgs. Kj\u00f8p co2 Vape oljepatroner.\",\"breadcrumb\":{\"@id\":\"https:\\\/\\\/medicinasinc.com\\\/no\\\/product\\\/kjop-harlekin-co2-olje-1g-patron\\\/#breadcrumb\"},\"inLanguage\":\"nn-NO\",\"potentialAction\":[{\"@type\":\"ReadAction\",\"target\":[\"https:\\\/\\\/medicinasinc.com\\\/no\\\/product\\\/kjop-harlekin-co2-olje-1g-patron\\\/\"]}]},{\"@type\":\"ImageObject\",\"inLanguage\":\"nn-NO\",\"@id\":\"https:\\\/\\\/medicinasinc.com\\\/no\\\/product\\\/kjop-harlekin-co2-olje-1g-patron\\\/#primaryimage\",\"url\":\"https:\\\/\\\/medicinasinc.com\\\/no\\\/wp-content\\\/uploads\\\/sites\\\/14\\\/2022\\\/02\\\/Buy-Harlequin-CO2-Oil-1g-Cartridge-Online.jpg\",\"contentUrl\":\"https:\\\/\\\/medicinasinc.com\\\/no\\\/wp-content\\\/uploads\\\/sites\\\/14\\\/2022\\\/02\\\/Buy-Harlequin-CO2-Oil-1g-Cartridge-Online.jpg\",\"width\":600,\"height\":600},{\"@type\":\"BreadcrumbList\",\"@id\":\"https:\\\/\\\/medicinasinc.com\\\/no\\\/product\\\/kjop-harlekin-co2-olje-1g-patron\\\/#breadcrumb\",\"itemListElement\":[{\"@type\":\"ListItem\",\"position\":1,\"name\":\"Butikk\",\"item\":\"https:\\\/\\\/medicinasinc.com\\\/no\\\/butikk\\\/\"},{\"@type\":\"ListItem\",\"position\":2,\"name\":\"Kj\u00f8p Harlequin CO2 Oil 1g patron\"}]},{\"@type\":\"WebSite\",\"@id\":\"https:\\\/\\\/medicinasinc.com\\\/no\\\/#website\",\"url\":\"https:\\\/\\\/medicinasinc.com\\\/no\\\/\",\"name\":\"Medicinas Inc\",\"description\":\"Helsemedisinsk klinikk\",\"potentialAction\":[{\"@type\":\"SearchAction\",\"target\":{\"@type\":\"EntryPoint\",\"urlTemplate\":\"https:\\\/\\\/medicinasinc.com\\\/no\\\/?s={search_term_string}\"},\"query-input\":{\"@type\":\"PropertyValueSpecification\",\"valueRequired\":true,\"valueName\":\"search_term_string\"}}],\"inLanguage\":\"nn-NO\"}]}<\/script>\n<!-- \/ Yoast SEO plugin. -->","yoast_head_json":{"title":"Kj\u00f8p Harlequin CO2 Oil 1g Cartridge Online - Beste globale medisiner","description":"Kj\u00f8p Harlequin Co2 patroner til salgs, harlekin vape patron, harlequin cbd vape patron, ... Kj\u00f8p THC Vape Pen oljepatroner, THC patroner til salgs p\u00e5 nett. Kj\u00f8p Harlequin CO2 Oil 1g patron p\u00e5 nett. UK THC-kassetter til salgs. Kj\u00f8p co2 Vape oljepatroner.","robots":{"index":"index","follow":"follow","max-snippet":"max-snippet:-1","max-image-preview":"max-image-preview:large","max-video-preview":"max-video-preview:-1"},"canonical":"https:\/\/medicinasinc.com\/no\/product\/kjop-harlekin-co2-olje-1g-patron\/","og_locale":"nn_NO","og_type":"article","og_title":"Kj\u00f8p Harlequin CO2 Oil 1g Cartridge Online - Beste globale medisiner","og_description":"Kj\u00f8p Harlequin Co2 patroner til salgs, harlekin vape patron, harlequin cbd vape patron, ... Kj\u00f8p THC Vape Pen oljepatroner, THC patroner til salgs p\u00e5 nett. Kj\u00f8p Harlequin CO2 Oil 1g patron p\u00e5 nett. UK THC-kassetter til salgs. Kj\u00f8p co2 Vape oljepatroner.","og_url":"https:\/\/medicinasinc.com\/no\/product\/kjop-harlekin-co2-olje-1g-patron\/","og_site_name":"Medicinas Inc","article_modified_time":"2022-03-22T01:19:38+00:00","og_image":[{"width":600,"height":600,"url":"https:\/\/medicinasinc.com\/no\/wp-content\/uploads\/sites\/14\/2022\/02\/Buy-Harlequin-CO2-Oil-1g-Cartridge-Online.jpg","type":"image\/jpeg"}],"twitter_card":"summary_large_image","twitter_misc":{"Est. reading time":"1 minutt"},"schema":{"@context":"https:\/\/schema.org","@graph":[{"@type":"WebPage","@id":"https:\/\/medicinasinc.com\/no\/product\/kjop-harlekin-co2-olje-1g-patron\/","url":"https:\/\/medicinasinc.com\/no\/product\/kjop-harlekin-co2-olje-1g-patron\/","name":"Kj\u00f8p Harlequin CO2 Oil 1g Cartridge Online - Beste globale medisiner","isPartOf":{"@id":"https:\/\/medicinasinc.com\/no\/#website"},"primaryImageOfPage":{"@id":"https:\/\/medicinasinc.com\/no\/product\/kjop-harlekin-co2-olje-1g-patron\/#primaryimage"},"image":{"@id":"https:\/\/medicinasinc.com\/no\/product\/kjop-harlekin-co2-olje-1g-patron\/#primaryimage"},"thumbnailUrl":"https:\/\/medicinasinc.com\/no\/wp-content\/uploads\/sites\/14\/2022\/02\/Buy-Harlequin-CO2-Oil-1g-Cartridge-Online.jpg","datePublished":"2022-02-20T08:40:15+00:00","dateModified":"2022-03-22T01:19:38+00:00","description":"Kj\u00f8p Harlequin Co2 patroner til salgs, harlekin vape patron, harlequin cbd vape patron, ... Kj\u00f8p THC Vape Pen oljepatroner, THC patroner til salgs p\u00e5 nett. Kj\u00f8p Harlequin CO2 Oil 1g patron p\u00e5 nett. UK THC-kassetter til salgs. Kj\u00f8p co2 Vape oljepatroner.","breadcrumb":{"@id":"https:\/\/medicinasinc.com\/no\/product\/kjop-harlekin-co2-olje-1g-patron\/#breadcrumb"},"inLanguage":"nn-NO","potentialAction":[{"@type":"ReadAction","target":["https:\/\/medicinasinc.com\/no\/product\/kjop-harlekin-co2-olje-1g-patron\/"]}]},{"@type":"ImageObject","inLanguage":"nn-NO","@id":"https:\/\/medicinasinc.com\/no\/product\/kjop-harlekin-co2-olje-1g-patron\/#primaryimage","url":"https:\/\/medicinasinc.com\/no\/wp-content\/uploads\/sites\/14\/2022\/02\/Buy-Harlequin-CO2-Oil-1g-Cartridge-Online.jpg","contentUrl":"https:\/\/medicinasinc.com\/no\/wp-content\/uploads\/sites\/14\/2022\/02\/Buy-Harlequin-CO2-Oil-1g-Cartridge-Online.jpg","width":600,"height":600},{"@type":"BreadcrumbList","@id":"https:\/\/medicinasinc.com\/no\/product\/kjop-harlekin-co2-olje-1g-patron\/#breadcrumb","itemListElement":[{"@type":"ListItem","position":1,"name":"Butikk","item":"https:\/\/medicinasinc.com\/no\/butikk\/"},{"@type":"ListItem","position":2,"name":"Kj\u00f8p Harlequin CO2 Oil 1g patron"}]},{"@type":"WebSite","@id":"https:\/\/medicinasinc.com\/no\/#website","url":"https:\/\/medicinasinc.com\/no\/","name":"Medicinas Inc","description":"Helsemedisinsk klinikk","potentialAction":[{"@type":"SearchAction","target":{"@type":"EntryPoint","urlTemplate":"https:\/\/medicinasinc.com\/no\/?s={search_term_string}"},"query-input":{"@type":"PropertyValueSpecification","valueRequired":true,"valueName":"search_term_string"}}],"inLanguage":"nn-NO"}]}},"_links":{"self":[{"href":"https:\/\/medicinasinc.com\/no\/wp-json\/wp\/v2\/product\/4374","targetHints":{"allow":["GET"]}}],"collection":[{"href":"https:\/\/medicinasinc.com\/no\/wp-json\/wp\/v2\/product"}],"about":[{"href":"https:\/\/medicinasinc.com\/no\/wp-json\/wp\/v2\/types\/product"}],"replies":[{"embeddable":true,"href":"https:\/\/medicinasinc.com\/no\/wp-json\/wp\/v2\/comments?post=4374"}],"wp:featuredmedia":[{"embeddable":true,"href":"https:\/\/medicinasinc.com\/no\/wp-json\/wp\/v2\/media\/4409"}],"wp:attachment":[{"href":"https:\/\/medicinasinc.com\/no\/wp-json\/wp\/v2\/media?parent=4374"}],"wp:term":[{"taxonomy":"product_brand","embeddable":true,"href":"https:\/\/medicinasinc.com\/no\/wp-json\/wp\/v2\/product_brand?post=4374"},{"taxonomy":"product_cat","embeddable":true,"href":"https:\/\/medicinasinc.com\/no\/wp-json\/wp\/v2\/product_cat?post=4374"},{"taxonomy":"product_tag","embeddable":true,"href":"https:\/\/medicinasinc.com\/no\/wp-json\/wp\/v2\/product_tag?post=4374"}],"curies":[{"name":"wp","href":"https:\/\/api.w.org\/{rel}","templated":true}]}}