{"id":4367,"date":"2022-02-20T08:35:49","date_gmt":"2022-02-20T08:35:49","guid":{"rendered":"https:\/\/medicinasinc.com\/no\/?post_type=product&#038;p=4367"},"modified":"2022-03-22T01:19:47","modified_gmt":"2022-03-22T01:19:47","slug":"kjop-cannatonic-co2-oljepatron","status":"publish","type":"product","link":"https:\/\/medicinasinc.com\/no\/product\/kjop-cannatonic-co2-oljepatron\/","title":{"rendered":"Kj\u00f8p Cannatonic CO2 oljepatron"},"content":{"rendered":"<p>Kj\u00f8p Rick Simpson Cannabis Oil 1g patroner online i USA.<\/p>\n<p>Kj\u00f8p Rick Simpson Cannabis Oil 1g patroner online i USA.<\/p>\n<p>Etter \u00e5 ha bl\u00f8tlagt fineste cannabis i ren nafta eller isopropylalkohol, terapeutiske forbindelser ekstraheres fra planten, og etterlater en tj\u00e6relignende v\u00e6ske n\u00e5r l\u00f8sningsmidlet fordamper fullstendig. Vi f\u00e5r tak i en Rick Simpson Cannabis Oil av h\u00f8y kvalitet. Dette kan tas oralt eller p\u00e5f\u00f8res direkte p\u00e5 huden.<\/p>\n<p>Washington, DC, Rick Simpson-olje<\/p>\n<p>Rick Simpson-olje er en fordampet l\u00f8sning fra cannabis. Det var en vei ut av kreft for mange mennesker. I tillegg blir oljen referert til som Rick Simpson hampolje og Rick Simpson cannabisolje.<\/p>\n<p>Hvis du har sett p\u00e5 marihuana for medisinske form\u00e5l, kan du ha kommet over Rick Simpson Oil. RSO er et unikt cannabisekstrakt som har f\u00e5tt navnet sitt fra en mann som heter, du gjettet riktig, Rick Simpson.<\/p>\n<p>Det er et ekstremt potent cannabisekstrakt med h\u00f8ye konsentrasjoner av THC, den psykoaktive komponent i cannabis. Oljen produseres ved \u00e5 konsentrere THC-innholdet i t\u00f8rkede indikatorblomster ved \u00e5 bruke en oppl\u00f8selig. Indica foretrekkes fremfor andre stammer p\u00e5 grunn av dens beroligende effekt. P\u00e5 grunn av den h\u00f8ye konsentrasjonen av plantemateriale og frav\u00e6ret av transportoljer, er den resulterende oljen m\u00f8rk jordaktig i fargen og tykk, i motsetning til de mange konsentratene vi er vant til \u00e5 se.<\/p>\n<p>Oljen ble oppdaget i 2003. Rick Simpson ble diagnostisert med en type hudkreft og vendte seg til cannabis for behandling. Han forh\u00f8rte seg nylig om cannabis kunne hjelpe mot de ulike plagene hans, men ble m\u00f8tt med misn\u00f8ye. Han opps\u00f8kte planten p\u00e5 egen h\u00e5nd og mente at det beroliget indikasjonene hans. Da han skj\u00f8nte at han hadde kreft, gjennomgikk han en unders\u00f8kelse som oppdaget at cannabis kunne krympe svulster hos mus, og valgte \u00e5 pr\u00f8ve en effektiv cannabisordning.<\/p>\n<p>I fire dager brukte han cannabiskonsentrater p\u00e5 gasbind og dekket til svulstene. Da han eliminerte sk\u00e5rene, forsvant svulstene. Denne \u00e5penbaringen f\u00f8rte til etableringen av Rick Simpson Oil. Han begynte \u00e5 dele sin innsikt, i alle fall, ved \u00e5 h\u00f8ste cannabis og produsere olje for andre som ble fratatt f\u00f8r de m\u00f8tte juridiske vanskeligheter. For \u00f8yeblikket oppfordrer Rick Simpson andre til \u00e5 lage sin egen olje og gir retningslinjer.<\/p>\n<p>Hvis du leter etter verdens beste olje, er rick Simpson oil Washington det beste alternativet. Vi gir Washington ren Rick Simpson-olje. Legg inn bestillingen n\u00e5, og den vil bli levert p\u00e5 d\u00f8rstokken innen noen f\u00e5 dager.<\/p>\n<p>Medisin som er b\u00e5de sikker og effektiv<br \/> Rick Simpson cannabisolje er i en klasse for seg p\u00e5 grunn av at den ikke er -giftig natur. Hvis du leter etter en trygg m\u00e5te \u00e5 behandle kreft eller en rekke andre plager p\u00e5, kan Rick Simpson hampolje v\u00e6re svaret. Du trenger ikke en gang tilsyn av en lege for \u00e5 bruke denne oljen.<\/p>\n","protected":false},"excerpt":{"rendered":"<p>Kj\u00f8p Cannatonic CO2-oljepatroner trygt og rimelig online. Oppdag et mangfoldig utvalg av h\u00f8ykvalitets marihuanaprodukter til salgs i USA, Europa og Storbritannia!<\/p>\n<p>Kj\u00f8p Rick Simpson Cannabis Oil 1g patroner online i USA.<\/p>\n<p> p&gt; <\/p>\n<p>Rick Simpson Cannabis Oil er tilgjengelig i en rekke varianter. Ulike CBD &amp; THC-konsentrasjoner for kreft &amp; mer.<\/p>\n<p>Kj\u00f8p Rick Simpson 1g-kassetter med cannabisolje<\/p>\n<p>Prisen p\u00e5 produktet er som f\u00f8lger: per 1g-kassett<br \/> Det kreves et minimumsbestillingsantall p\u00e5 5 kassetter. <\/p>\n","protected":false},"featured_media":4402,"comment_status":"open","ping_status":"closed","template":"","meta":[],"product_brand":[],"product_cat":[440],"product_tag":[454,455,456,457,458,460,461,462,463,464,465,466,467,468,471,474,476,480,452,453,459,472,469,473,475,470,451,477,478,479],"class_list":{"0":"post-4367","1":"product","2":"type-product","3":"status-publish","4":"has-post-thumbnail","6":"product_cat-kjp-cannabis-cbd-olje","7":"product_tag-buy-marijuana-edibles-online","8":"product_tag-buy-marijuana-online","9":"product_tag-buy-marijuana-online-bitcoin","10":"product_tag-buy-marijuana-online-europe","11":"product_tag-buy-marijuana-online-in-usa","12":"product_tag-buy-marijuana-wax-online-usa","13":"product_tag-buy-medical-marijuana-online","14":"product_tag-buy-moonrock-online-bitcoin","15":"product_tag-buy-moonrock-online-uk","16":"product_tag-buy-moonrocks-online","17":"product_tag-buy-weed-in-australia","18":"product_tag-buy-weed-in-france","19":"product_tag-buy-weed-in-ireland","20":"product_tag-buy-weed-in-switzerland","21":"product_tag-buy-weed-online-bitcoin","22":"product_tag-buy-weed-online-legally","23":"product_tag-buying-marijuana-online","24":"product_tag-hvor-kan-kjpe-marihuana-online","25":"product_tag-kj-c3-b8p-cannatonic-co2-oljepatron","26":"product_tag-kj-c3-b8p-cannatonic-co2-olje-patron-online","27":"product_tag-kjp-marihuana-online-usa","28":"product_tag-kjp-luke-p-nett-diskret","29":"product_tag-kjp-luke-i-usa","30":"product_tag-kjp-weed-online-europe","31":"product_tag-kjp-weed-online-uk","32":"product_tag-kjp-ugress-p-nett","33":"product_tag-kjp-cannabis-med-bitcoin","34":"product_tag-kjpe-luke-p-nettet","35":"product_tag-kush-til-salg","36":"product_tag-marihuana-til-salg","38":"first","39":"instock","40":"shipping-taxable","41":"purchasable","42":"product-type-variable","43":"has-default-attributes"},"yoast_head":"<!-- This site is optimized with the Yoast SEO plugin v27.3 - https:\/\/yoast.com\/product\/yoast-seo-wordpress\/ -->\n<title>Kj\u00f8p Cannatonic CO2 Oil 1g patron online (Kopi) - Best Global Meds<\/title>\n<meta name=\"description\" content=\"Kj\u00f8p Cannatonic CO2 Oil Cartridge for salg trygt p\u00e5 nett til rimelige priser. Oppdag et bredt utvalg av ugressprodukter av h\u00f8y kvalitet til salgs USA,EU,UK!\" \/>\n<meta name=\"robots\" content=\"index, follow, max-snippet:-1, max-image-preview:large, max-video-preview:-1\" \/>\n<link rel=\"canonical\" href=\"https:\/\/medicinasinc.com\/no\/product\/kjop-cannatonic-co2-oljepatron\/\" \/>\n<meta property=\"og:locale\" content=\"nn_NO\" \/>\n<meta property=\"og:type\" content=\"article\" \/>\n<meta property=\"og:title\" content=\"Kj\u00f8p Cannatonic CO2 Oil 1g patron online (Kopi) - Best Global Meds\" \/>\n<meta property=\"og:description\" content=\"Kj\u00f8p Cannatonic CO2 Oil Cartridge for salg trygt p\u00e5 nett til rimelige priser. Oppdag et bredt utvalg av ugressprodukter av h\u00f8y kvalitet til salgs USA,EU,UK!\" \/>\n<meta property=\"og:url\" content=\"https:\/\/medicinasinc.com\/no\/product\/kjop-cannatonic-co2-oljepatron\/\" \/>\n<meta property=\"og:site_name\" content=\"Medicinas Inc\" \/>\n<meta property=\"article:modified_time\" content=\"2022-03-22T01:19:47+00:00\" \/>\n<meta property=\"og:image\" content=\"https:\/\/medicinasinc.com\/no\/wp-content\/uploads\/sites\/14\/2022\/02\/Buy-Cannatonic-CO2-Oil-Cartridge.png\" \/>\n\t<meta property=\"og:image:width\" content=\"542\" \/>\n\t<meta property=\"og:image:height\" content=\"420\" \/>\n\t<meta property=\"og:image:type\" content=\"image\/png\" \/>\n<meta name=\"twitter:card\" content=\"summary_large_image\" \/>\n<meta name=\"twitter:label1\" content=\"Est. reading time\" \/>\n\t<meta name=\"twitter:data1\" content=\"3 minutt\" \/>\n<script type=\"application\/ld+json\" class=\"yoast-schema-graph\">{\"@context\":\"https:\\\/\\\/schema.org\",\"@graph\":[{\"@type\":\"WebPage\",\"@id\":\"https:\\\/\\\/medicinasinc.com\\\/no\\\/product\\\/kjop-cannatonic-co2-oljepatron\\\/\",\"url\":\"https:\\\/\\\/medicinasinc.com\\\/no\\\/product\\\/kjop-cannatonic-co2-oljepatron\\\/\",\"name\":\"Kj\u00f8p Cannatonic CO2 Oil 1g patron online (Kopi) - Best Global Meds\",\"isPartOf\":{\"@id\":\"https:\\\/\\\/medicinasinc.com\\\/no\\\/#website\"},\"primaryImageOfPage\":{\"@id\":\"https:\\\/\\\/medicinasinc.com\\\/no\\\/product\\\/kjop-cannatonic-co2-oljepatron\\\/#primaryimage\"},\"image\":{\"@id\":\"https:\\\/\\\/medicinasinc.com\\\/no\\\/product\\\/kjop-cannatonic-co2-oljepatron\\\/#primaryimage\"},\"thumbnailUrl\":\"https:\\\/\\\/medicinasinc.com\\\/no\\\/wp-content\\\/uploads\\\/sites\\\/14\\\/2022\\\/02\\\/Buy-Cannatonic-CO2-Oil-Cartridge.png\",\"datePublished\":\"2022-02-20T08:35:49+00:00\",\"dateModified\":\"2022-03-22T01:19:47+00:00\",\"description\":\"Kj\u00f8p Cannatonic CO2 Oil Cartridge for salg trygt p\u00e5 nett til rimelige priser. Oppdag et bredt utvalg av ugressprodukter av h\u00f8y kvalitet til salgs USA,EU,UK!\",\"breadcrumb\":{\"@id\":\"https:\\\/\\\/medicinasinc.com\\\/no\\\/product\\\/kjop-cannatonic-co2-oljepatron\\\/#breadcrumb\"},\"inLanguage\":\"nn-NO\",\"potentialAction\":[{\"@type\":\"ReadAction\",\"target\":[\"https:\\\/\\\/medicinasinc.com\\\/no\\\/product\\\/kjop-cannatonic-co2-oljepatron\\\/\"]}]},{\"@type\":\"ImageObject\",\"inLanguage\":\"nn-NO\",\"@id\":\"https:\\\/\\\/medicinasinc.com\\\/no\\\/product\\\/kjop-cannatonic-co2-oljepatron\\\/#primaryimage\",\"url\":\"https:\\\/\\\/medicinasinc.com\\\/no\\\/wp-content\\\/uploads\\\/sites\\\/14\\\/2022\\\/02\\\/Buy-Cannatonic-CO2-Oil-Cartridge.png\",\"contentUrl\":\"https:\\\/\\\/medicinasinc.com\\\/no\\\/wp-content\\\/uploads\\\/sites\\\/14\\\/2022\\\/02\\\/Buy-Cannatonic-CO2-Oil-Cartridge.png\",\"width\":542,\"height\":420},{\"@type\":\"BreadcrumbList\",\"@id\":\"https:\\\/\\\/medicinasinc.com\\\/no\\\/product\\\/kjop-cannatonic-co2-oljepatron\\\/#breadcrumb\",\"itemListElement\":[{\"@type\":\"ListItem\",\"position\":1,\"name\":\"Butikk\",\"item\":\"https:\\\/\\\/medicinasinc.com\\\/no\\\/butikk\\\/\"},{\"@type\":\"ListItem\",\"position\":2,\"name\":\"Kj\u00f8p Cannatonic CO2 oljepatron\"}]},{\"@type\":\"WebSite\",\"@id\":\"https:\\\/\\\/medicinasinc.com\\\/no\\\/#website\",\"url\":\"https:\\\/\\\/medicinasinc.com\\\/no\\\/\",\"name\":\"Medicinas Inc\",\"description\":\"Helsemedisinsk klinikk\",\"potentialAction\":[{\"@type\":\"SearchAction\",\"target\":{\"@type\":\"EntryPoint\",\"urlTemplate\":\"https:\\\/\\\/medicinasinc.com\\\/no\\\/?s={search_term_string}\"},\"query-input\":{\"@type\":\"PropertyValueSpecification\",\"valueRequired\":true,\"valueName\":\"search_term_string\"}}],\"inLanguage\":\"nn-NO\"}]}<\/script>\n<!-- \/ Yoast SEO plugin. -->","yoast_head_json":{"title":"Kj\u00f8p Cannatonic CO2 Oil 1g patron online (Kopi) - Best Global Meds","description":"Kj\u00f8p Cannatonic CO2 Oil Cartridge for salg trygt p\u00e5 nett til rimelige priser. Oppdag et bredt utvalg av ugressprodukter av h\u00f8y kvalitet til salgs USA,EU,UK!","robots":{"index":"index","follow":"follow","max-snippet":"max-snippet:-1","max-image-preview":"max-image-preview:large","max-video-preview":"max-video-preview:-1"},"canonical":"https:\/\/medicinasinc.com\/no\/product\/kjop-cannatonic-co2-oljepatron\/","og_locale":"nn_NO","og_type":"article","og_title":"Kj\u00f8p Cannatonic CO2 Oil 1g patron online (Kopi) - Best Global Meds","og_description":"Kj\u00f8p Cannatonic CO2 Oil Cartridge for salg trygt p\u00e5 nett til rimelige priser. Oppdag et bredt utvalg av ugressprodukter av h\u00f8y kvalitet til salgs USA,EU,UK!","og_url":"https:\/\/medicinasinc.com\/no\/product\/kjop-cannatonic-co2-oljepatron\/","og_site_name":"Medicinas Inc","article_modified_time":"2022-03-22T01:19:47+00:00","og_image":[{"width":542,"height":420,"url":"https:\/\/medicinasinc.com\/no\/wp-content\/uploads\/sites\/14\/2022\/02\/Buy-Cannatonic-CO2-Oil-Cartridge.png","type":"image\/png"}],"twitter_card":"summary_large_image","twitter_misc":{"Est. reading time":"3 minutt"},"schema":{"@context":"https:\/\/schema.org","@graph":[{"@type":"WebPage","@id":"https:\/\/medicinasinc.com\/no\/product\/kjop-cannatonic-co2-oljepatron\/","url":"https:\/\/medicinasinc.com\/no\/product\/kjop-cannatonic-co2-oljepatron\/","name":"Kj\u00f8p Cannatonic CO2 Oil 1g patron online (Kopi) - Best Global Meds","isPartOf":{"@id":"https:\/\/medicinasinc.com\/no\/#website"},"primaryImageOfPage":{"@id":"https:\/\/medicinasinc.com\/no\/product\/kjop-cannatonic-co2-oljepatron\/#primaryimage"},"image":{"@id":"https:\/\/medicinasinc.com\/no\/product\/kjop-cannatonic-co2-oljepatron\/#primaryimage"},"thumbnailUrl":"https:\/\/medicinasinc.com\/no\/wp-content\/uploads\/sites\/14\/2022\/02\/Buy-Cannatonic-CO2-Oil-Cartridge.png","datePublished":"2022-02-20T08:35:49+00:00","dateModified":"2022-03-22T01:19:47+00:00","description":"Kj\u00f8p Cannatonic CO2 Oil Cartridge for salg trygt p\u00e5 nett til rimelige priser. Oppdag et bredt utvalg av ugressprodukter av h\u00f8y kvalitet til salgs USA,EU,UK!","breadcrumb":{"@id":"https:\/\/medicinasinc.com\/no\/product\/kjop-cannatonic-co2-oljepatron\/#breadcrumb"},"inLanguage":"nn-NO","potentialAction":[{"@type":"ReadAction","target":["https:\/\/medicinasinc.com\/no\/product\/kjop-cannatonic-co2-oljepatron\/"]}]},{"@type":"ImageObject","inLanguage":"nn-NO","@id":"https:\/\/medicinasinc.com\/no\/product\/kjop-cannatonic-co2-oljepatron\/#primaryimage","url":"https:\/\/medicinasinc.com\/no\/wp-content\/uploads\/sites\/14\/2022\/02\/Buy-Cannatonic-CO2-Oil-Cartridge.png","contentUrl":"https:\/\/medicinasinc.com\/no\/wp-content\/uploads\/sites\/14\/2022\/02\/Buy-Cannatonic-CO2-Oil-Cartridge.png","width":542,"height":420},{"@type":"BreadcrumbList","@id":"https:\/\/medicinasinc.com\/no\/product\/kjop-cannatonic-co2-oljepatron\/#breadcrumb","itemListElement":[{"@type":"ListItem","position":1,"name":"Butikk","item":"https:\/\/medicinasinc.com\/no\/butikk\/"},{"@type":"ListItem","position":2,"name":"Kj\u00f8p Cannatonic CO2 oljepatron"}]},{"@type":"WebSite","@id":"https:\/\/medicinasinc.com\/no\/#website","url":"https:\/\/medicinasinc.com\/no\/","name":"Medicinas Inc","description":"Helsemedisinsk klinikk","potentialAction":[{"@type":"SearchAction","target":{"@type":"EntryPoint","urlTemplate":"https:\/\/medicinasinc.com\/no\/?s={search_term_string}"},"query-input":{"@type":"PropertyValueSpecification","valueRequired":true,"valueName":"search_term_string"}}],"inLanguage":"nn-NO"}]}},"_links":{"self":[{"href":"https:\/\/medicinasinc.com\/no\/wp-json\/wp\/v2\/product\/4367","targetHints":{"allow":["GET"]}}],"collection":[{"href":"https:\/\/medicinasinc.com\/no\/wp-json\/wp\/v2\/product"}],"about":[{"href":"https:\/\/medicinasinc.com\/no\/wp-json\/wp\/v2\/types\/product"}],"replies":[{"embeddable":true,"href":"https:\/\/medicinasinc.com\/no\/wp-json\/wp\/v2\/comments?post=4367"}],"wp:featuredmedia":[{"embeddable":true,"href":"https:\/\/medicinasinc.com\/no\/wp-json\/wp\/v2\/media\/4402"}],"wp:attachment":[{"href":"https:\/\/medicinasinc.com\/no\/wp-json\/wp\/v2\/media?parent=4367"}],"wp:term":[{"taxonomy":"product_brand","embeddable":true,"href":"https:\/\/medicinasinc.com\/no\/wp-json\/wp\/v2\/product_brand?post=4367"},{"taxonomy":"product_cat","embeddable":true,"href":"https:\/\/medicinasinc.com\/no\/wp-json\/wp\/v2\/product_cat?post=4367"},{"taxonomy":"product_tag","embeddable":true,"href":"https:\/\/medicinasinc.com\/no\/wp-json\/wp\/v2\/product_tag?post=4367"}],"curies":[{"name":"wp","href":"https:\/\/api.w.org\/{rel}","templated":true}]}}