{"id":4359,"date":"2022-02-20T08:31:50","date_gmt":"2022-02-20T08:31:50","guid":{"rendered":"https:\/\/medicinasinc.com\/no\/?post_type=product&#038;p=4359"},"modified":"2022-03-22T01:19:56","modified_gmt":"2022-03-22T01:19:56","slug":"kjop-fab-cbd-olje-300mg-600mg-1200mg","status":"publish","type":"product","link":"https:\/\/medicinasinc.com\/no\/product\/kjop-fab-cbd-olje-300mg-600mg-1200mg\/","title":{"rendered":"Kj\u00f8p Fab CBD Oil 300mg, 600mg, 1200mg"},"content":{"rendered":"<p>CBD-oljedr\u00e5per er en utmerket m\u00e5te \u00e5 fremme generell velv\u00e6re og vitalitet. Vi tilbyr en rekke CBD-hampolje-smaker som er popul\u00e6re blant v\u00e5re kunder, inkludert sitrus, mynte, naturlig, b\u00e6r og vanilje. FAB CBD Oljesmak er avledet fra de fineste ingrediensene. Nyt den deilige smaken og aromaen til disse smaksatte CBD-oljene eller den tradisjonelle smaken av v\u00e5r naturlige CBD-olje.<\/p>\n","protected":false},"excerpt":{"rendered":"<p>Kj\u00f8p Fab CBD Oil 300mg, Kj\u00f8p Fab CBD Oil 600mg, Kj\u00f8p fab cbd 2400 mg,cbd olje som gj\u00f8r deg glad,beste cbd isolat olje,kj\u00f8p cbd tinktur online,gnc cbd olje for angst,cbd olje spiselige dr\u00e5per,amazon fab cbd, fab cbd white label,<\/p>\n<p><strong>Minste bestillingsantall er: 5 kassetter<\/strong><\/p>\n","protected":false},"featured_media":4394,"comment_status":"open","ping_status":"closed","template":"","meta":[],"product_brand":[],"product_cat":[440],"product_tag":[441,442,443,447,448,449,450,444,445,446],"class_list":{"0":"post-4359","1":"product","2":"type-product","3":"status-publish","4":"has-post-thumbnail","6":"product_cat-kjp-cannabis-cbd-olje","7":"product_tag-amazon-fab-cbd","8":"product_tag-best-cbd-isolate-oil","9":"product_tag-buy-cbd-tincture-online","10":"product_tag-cbd-oil-edible-drops","11":"product_tag-cbd-oil-that-makes-you-happy","12":"product_tag-fab-cbd-white-label","13":"product_tag-gnc-cbd-olje-for-angst","14":"product_tag-kjp-fab-cbd-2400-mg","15":"product_tag-kjp-fab-cbd-olje-300mg","16":"product_tag-kjp-fab-cbd-olje-600mg","18":"first","19":"instock","20":"shipping-taxable","21":"purchasable","22":"product-type-variable","23":"has-default-attributes"},"yoast_head":"<!-- This site is optimized with the Yoast SEO plugin v27.3 - https:\/\/yoast.com\/product\/yoast-seo-wordpress\/ -->\n<title>Kj\u00f8p Fab CBD Oil 300mg, 600mg, 1200mg - Beste globale medisiner<\/title>\n<meta name=\"description\" content=\"Kj\u00f8p Fab CBD Oil 300mg, Kj\u00f8p Fab CBD Oil 600mg, Kj\u00f8p fab cbd 2400 mg,cbd olje som gj\u00f8r deg glad,beste cbd isolat olje,kj\u00f8p cbd tinktur online,gnc cbd olje for angst,cbd olje spiselige dr\u00e5per,amazon fab cbd, fab cbd hvit etikett,\" \/>\n<meta name=\"robots\" content=\"index, follow, max-snippet:-1, max-image-preview:large, max-video-preview:-1\" \/>\n<link rel=\"canonical\" href=\"https:\/\/medicinasinc.com\/no\/product\/kjop-fab-cbd-olje-300mg-600mg-1200mg\/\" \/>\n<meta property=\"og:locale\" content=\"nn_NO\" \/>\n<meta property=\"og:type\" content=\"article\" \/>\n<meta property=\"og:title\" content=\"Kj\u00f8p Fab CBD Oil 300mg, 600mg, 1200mg - Beste globale medisiner\" \/>\n<meta property=\"og:description\" content=\"Kj\u00f8p Fab CBD Oil 300mg, Kj\u00f8p Fab CBD Oil 600mg, Kj\u00f8p fab cbd 2400 mg,cbd olje som gj\u00f8r deg glad,beste cbd isolat olje,kj\u00f8p cbd tinktur online,gnc cbd olje for angst,cbd olje spiselige dr\u00e5per,amazon fab cbd, fab cbd hvit etikett,\" \/>\n<meta property=\"og:url\" content=\"https:\/\/medicinasinc.com\/no\/product\/kjop-fab-cbd-olje-300mg-600mg-1200mg\/\" \/>\n<meta property=\"og:site_name\" content=\"Medicinas Inc\" \/>\n<meta property=\"article:modified_time\" content=\"2022-03-22T01:19:56+00:00\" \/>\n<meta property=\"og:image\" content=\"https:\/\/medicinasinc.com\/no\/wp-content\/uploads\/sites\/14\/2022\/02\/Buy-Fab-CBD-Oil.jpg\" \/>\n\t<meta property=\"og:image:width\" content=\"600\" \/>\n\t<meta property=\"og:image:height\" content=\"600\" \/>\n\t<meta property=\"og:image:type\" content=\"image\/jpeg\" \/>\n<meta name=\"twitter:card\" content=\"summary_large_image\" \/>\n<meta name=\"twitter:label1\" content=\"Est. reading time\" \/>\n\t<meta name=\"twitter:data1\" content=\"1 minutt\" \/>\n<script type=\"application\/ld+json\" class=\"yoast-schema-graph\">{\"@context\":\"https:\\\/\\\/schema.org\",\"@graph\":[{\"@type\":\"WebPage\",\"@id\":\"https:\\\/\\\/medicinasinc.com\\\/no\\\/product\\\/kjop-fab-cbd-olje-300mg-600mg-1200mg\\\/\",\"url\":\"https:\\\/\\\/medicinasinc.com\\\/no\\\/product\\\/kjop-fab-cbd-olje-300mg-600mg-1200mg\\\/\",\"name\":\"Kj\u00f8p Fab CBD Oil 300mg, 600mg, 1200mg - Beste globale medisiner\",\"isPartOf\":{\"@id\":\"https:\\\/\\\/medicinasinc.com\\\/no\\\/#website\"},\"primaryImageOfPage\":{\"@id\":\"https:\\\/\\\/medicinasinc.com\\\/no\\\/product\\\/kjop-fab-cbd-olje-300mg-600mg-1200mg\\\/#primaryimage\"},\"image\":{\"@id\":\"https:\\\/\\\/medicinasinc.com\\\/no\\\/product\\\/kjop-fab-cbd-olje-300mg-600mg-1200mg\\\/#primaryimage\"},\"thumbnailUrl\":\"https:\\\/\\\/medicinasinc.com\\\/no\\\/wp-content\\\/uploads\\\/sites\\\/14\\\/2022\\\/02\\\/Buy-Fab-CBD-Oil.jpg\",\"datePublished\":\"2022-02-20T08:31:50+00:00\",\"dateModified\":\"2022-03-22T01:19:56+00:00\",\"description\":\"Kj\u00f8p Fab CBD Oil 300mg, Kj\u00f8p Fab CBD Oil 600mg, Kj\u00f8p fab cbd 2400 mg,cbd olje som gj\u00f8r deg glad,beste cbd isolat olje,kj\u00f8p cbd tinktur online,gnc cbd olje for angst,cbd olje spiselige dr\u00e5per,amazon fab cbd, fab cbd hvit etikett,\",\"breadcrumb\":{\"@id\":\"https:\\\/\\\/medicinasinc.com\\\/no\\\/product\\\/kjop-fab-cbd-olje-300mg-600mg-1200mg\\\/#breadcrumb\"},\"inLanguage\":\"nn-NO\",\"potentialAction\":[{\"@type\":\"ReadAction\",\"target\":[\"https:\\\/\\\/medicinasinc.com\\\/no\\\/product\\\/kjop-fab-cbd-olje-300mg-600mg-1200mg\\\/\"]}]},{\"@type\":\"ImageObject\",\"inLanguage\":\"nn-NO\",\"@id\":\"https:\\\/\\\/medicinasinc.com\\\/no\\\/product\\\/kjop-fab-cbd-olje-300mg-600mg-1200mg\\\/#primaryimage\",\"url\":\"https:\\\/\\\/medicinasinc.com\\\/no\\\/wp-content\\\/uploads\\\/sites\\\/14\\\/2022\\\/02\\\/Buy-Fab-CBD-Oil.jpg\",\"contentUrl\":\"https:\\\/\\\/medicinasinc.com\\\/no\\\/wp-content\\\/uploads\\\/sites\\\/14\\\/2022\\\/02\\\/Buy-Fab-CBD-Oil.jpg\",\"width\":600,\"height\":600},{\"@type\":\"BreadcrumbList\",\"@id\":\"https:\\\/\\\/medicinasinc.com\\\/no\\\/product\\\/kjop-fab-cbd-olje-300mg-600mg-1200mg\\\/#breadcrumb\",\"itemListElement\":[{\"@type\":\"ListItem\",\"position\":1,\"name\":\"Butikk\",\"item\":\"https:\\\/\\\/medicinasinc.com\\\/no\\\/butikk\\\/\"},{\"@type\":\"ListItem\",\"position\":2,\"name\":\"Kj\u00f8p Fab CBD Oil 300mg, 600mg, 1200mg\"}]},{\"@type\":\"WebSite\",\"@id\":\"https:\\\/\\\/medicinasinc.com\\\/no\\\/#website\",\"url\":\"https:\\\/\\\/medicinasinc.com\\\/no\\\/\",\"name\":\"Medicinas Inc\",\"description\":\"Helsemedisinsk klinikk\",\"potentialAction\":[{\"@type\":\"SearchAction\",\"target\":{\"@type\":\"EntryPoint\",\"urlTemplate\":\"https:\\\/\\\/medicinasinc.com\\\/no\\\/?s={search_term_string}\"},\"query-input\":{\"@type\":\"PropertyValueSpecification\",\"valueRequired\":true,\"valueName\":\"search_term_string\"}}],\"inLanguage\":\"nn-NO\"}]}<\/script>\n<!-- \/ Yoast SEO plugin. -->","yoast_head_json":{"title":"Kj\u00f8p Fab CBD Oil 300mg, 600mg, 1200mg - Beste globale medisiner","description":"Kj\u00f8p Fab CBD Oil 300mg, Kj\u00f8p Fab CBD Oil 600mg, Kj\u00f8p fab cbd 2400 mg,cbd olje som gj\u00f8r deg glad,beste cbd isolat olje,kj\u00f8p cbd tinktur online,gnc cbd olje for angst,cbd olje spiselige dr\u00e5per,amazon fab cbd, fab cbd hvit etikett,","robots":{"index":"index","follow":"follow","max-snippet":"max-snippet:-1","max-image-preview":"max-image-preview:large","max-video-preview":"max-video-preview:-1"},"canonical":"https:\/\/medicinasinc.com\/no\/product\/kjop-fab-cbd-olje-300mg-600mg-1200mg\/","og_locale":"nn_NO","og_type":"article","og_title":"Kj\u00f8p Fab CBD Oil 300mg, 600mg, 1200mg - Beste globale medisiner","og_description":"Kj\u00f8p Fab CBD Oil 300mg, Kj\u00f8p Fab CBD Oil 600mg, Kj\u00f8p fab cbd 2400 mg,cbd olje som gj\u00f8r deg glad,beste cbd isolat olje,kj\u00f8p cbd tinktur online,gnc cbd olje for angst,cbd olje spiselige dr\u00e5per,amazon fab cbd, fab cbd hvit etikett,","og_url":"https:\/\/medicinasinc.com\/no\/product\/kjop-fab-cbd-olje-300mg-600mg-1200mg\/","og_site_name":"Medicinas Inc","article_modified_time":"2022-03-22T01:19:56+00:00","og_image":[{"width":600,"height":600,"url":"https:\/\/medicinasinc.com\/no\/wp-content\/uploads\/sites\/14\/2022\/02\/Buy-Fab-CBD-Oil.jpg","type":"image\/jpeg"}],"twitter_card":"summary_large_image","twitter_misc":{"Est. reading time":"1 minutt"},"schema":{"@context":"https:\/\/schema.org","@graph":[{"@type":"WebPage","@id":"https:\/\/medicinasinc.com\/no\/product\/kjop-fab-cbd-olje-300mg-600mg-1200mg\/","url":"https:\/\/medicinasinc.com\/no\/product\/kjop-fab-cbd-olje-300mg-600mg-1200mg\/","name":"Kj\u00f8p Fab CBD Oil 300mg, 600mg, 1200mg - Beste globale medisiner","isPartOf":{"@id":"https:\/\/medicinasinc.com\/no\/#website"},"primaryImageOfPage":{"@id":"https:\/\/medicinasinc.com\/no\/product\/kjop-fab-cbd-olje-300mg-600mg-1200mg\/#primaryimage"},"image":{"@id":"https:\/\/medicinasinc.com\/no\/product\/kjop-fab-cbd-olje-300mg-600mg-1200mg\/#primaryimage"},"thumbnailUrl":"https:\/\/medicinasinc.com\/no\/wp-content\/uploads\/sites\/14\/2022\/02\/Buy-Fab-CBD-Oil.jpg","datePublished":"2022-02-20T08:31:50+00:00","dateModified":"2022-03-22T01:19:56+00:00","description":"Kj\u00f8p Fab CBD Oil 300mg, Kj\u00f8p Fab CBD Oil 600mg, Kj\u00f8p fab cbd 2400 mg,cbd olje som gj\u00f8r deg glad,beste cbd isolat olje,kj\u00f8p cbd tinktur online,gnc cbd olje for angst,cbd olje spiselige dr\u00e5per,amazon fab cbd, fab cbd hvit etikett,","breadcrumb":{"@id":"https:\/\/medicinasinc.com\/no\/product\/kjop-fab-cbd-olje-300mg-600mg-1200mg\/#breadcrumb"},"inLanguage":"nn-NO","potentialAction":[{"@type":"ReadAction","target":["https:\/\/medicinasinc.com\/no\/product\/kjop-fab-cbd-olje-300mg-600mg-1200mg\/"]}]},{"@type":"ImageObject","inLanguage":"nn-NO","@id":"https:\/\/medicinasinc.com\/no\/product\/kjop-fab-cbd-olje-300mg-600mg-1200mg\/#primaryimage","url":"https:\/\/medicinasinc.com\/no\/wp-content\/uploads\/sites\/14\/2022\/02\/Buy-Fab-CBD-Oil.jpg","contentUrl":"https:\/\/medicinasinc.com\/no\/wp-content\/uploads\/sites\/14\/2022\/02\/Buy-Fab-CBD-Oil.jpg","width":600,"height":600},{"@type":"BreadcrumbList","@id":"https:\/\/medicinasinc.com\/no\/product\/kjop-fab-cbd-olje-300mg-600mg-1200mg\/#breadcrumb","itemListElement":[{"@type":"ListItem","position":1,"name":"Butikk","item":"https:\/\/medicinasinc.com\/no\/butikk\/"},{"@type":"ListItem","position":2,"name":"Kj\u00f8p Fab CBD Oil 300mg, 600mg, 1200mg"}]},{"@type":"WebSite","@id":"https:\/\/medicinasinc.com\/no\/#website","url":"https:\/\/medicinasinc.com\/no\/","name":"Medicinas Inc","description":"Helsemedisinsk klinikk","potentialAction":[{"@type":"SearchAction","target":{"@type":"EntryPoint","urlTemplate":"https:\/\/medicinasinc.com\/no\/?s={search_term_string}"},"query-input":{"@type":"PropertyValueSpecification","valueRequired":true,"valueName":"search_term_string"}}],"inLanguage":"nn-NO"}]}},"_links":{"self":[{"href":"https:\/\/medicinasinc.com\/no\/wp-json\/wp\/v2\/product\/4359","targetHints":{"allow":["GET"]}}],"collection":[{"href":"https:\/\/medicinasinc.com\/no\/wp-json\/wp\/v2\/product"}],"about":[{"href":"https:\/\/medicinasinc.com\/no\/wp-json\/wp\/v2\/types\/product"}],"replies":[{"embeddable":true,"href":"https:\/\/medicinasinc.com\/no\/wp-json\/wp\/v2\/comments?post=4359"}],"wp:featuredmedia":[{"embeddable":true,"href":"https:\/\/medicinasinc.com\/no\/wp-json\/wp\/v2\/media\/4394"}],"wp:attachment":[{"href":"https:\/\/medicinasinc.com\/no\/wp-json\/wp\/v2\/media?parent=4359"}],"wp:term":[{"taxonomy":"product_brand","embeddable":true,"href":"https:\/\/medicinasinc.com\/no\/wp-json\/wp\/v2\/product_brand?post=4359"},{"taxonomy":"product_cat","embeddable":true,"href":"https:\/\/medicinasinc.com\/no\/wp-json\/wp\/v2\/product_cat?post=4359"},{"taxonomy":"product_tag","embeddable":true,"href":"https:\/\/medicinasinc.com\/no\/wp-json\/wp\/v2\/product_tag?post=4359"}],"curies":[{"name":"wp","href":"https:\/\/api.w.org\/{rel}","templated":true}]}}