{"id":4353,"date":"2022-02-20T08:29:33","date_gmt":"2022-02-20T08:29:33","guid":{"rendered":"https:\/\/medicinasinc.com\/no\/?post_type=product&#038;p=4353"},"modified":"2022-03-22T01:20:04","modified_gmt":"2022-03-22T01:20:04","slug":"kjop-500mg-cbd-blackberry-keey-flava-blast","status":"publish","type":"product","link":"https:\/\/medicinasinc.com\/no\/product\/kjop-500mg-cbd-blackberry-keey-flava-blast\/","title":{"rendered":"Kj\u00f8p 500mg CBD Blackberry Keey FLAVA BLAST"},"content":{"rendered":"<div class=\"woocommerce-tabs wc-tabs-wrapper\">\n<div id=\"tab-description\" class=\"woocommerce-Tabs-panel woocommerce-Tabs-panel--description panel entry-content wc-tab\" role=\"tabpanel\" aria-labelledby=\"tab-title-description\">\n<p>FLAVA BLAST 500mg CBD Blackberry Keey<\/p>\n<p>Keey CBD er l\u00f8sningen for forbedret helse og velv\u00e6re. CBD er gunstig for \u00e5 hjelpe til med daglig stress, opprettholde en rolig og samlet sinnstilstand, redusere betennelse, kvalme og svimmelhet, og hjelpe til med \u00e5 komme seg etter fysisk s\u00e5rhet eller smerte. N\u00e5, med 500 mg CBD FLAVA BLAST, kan du inkorporere en deilig CBD-tinktur i din daglige rutine.<\/p>\n<p>Keey kombinerer organiske terpeninfusjoner, naturlig smakstilsetning og CBD-ekstrakter med MCT-olje (KOKOLOLE) for \u00e5 akselerere absorpsjonen for ford\u00f8yelsesinntaket ditt og gir energi til dagen din.<\/p>\n<p>Keey CBD 500mg FLAVA BLAST tilbyr en rekke smaksBLASTS! 30 ml dr\u00e5peflaske for tinktur.<\/p>\n<\/p><\/div><\/div>\n<div class=\"related products\"><\/div>\n","protected":false},"excerpt":{"rendered":"<p>Kj\u00f8p 500mg CBD Blackberry Keey FLAVA BLAST online fra Sigma Vape Shop med rask verdensomspennende frakt. Du kan finne 500 mg CBD Blackberry Keey FLAVA BLAST til salgs<\/p>\n<ul>\n<li>Forsendelse over hele verden<\/li>\n<li>Minste bestillingsantall er 5<\/li>\n<li><strong>Kontakt oss<\/strong> &gt;\u00a0for st\u00f8rre bestillinger<\/li>\n<\/ul>\n","protected":false},"featured_media":4389,"comment_status":"open","ping_status":"closed","template":"","meta":[],"product_brand":[],"product_cat":[440],"product_tag":[],"class_list":{"0":"post-4353","1":"product","2":"type-product","3":"status-publish","4":"has-post-thumbnail","6":"product_cat-kjp-cannabis-cbd-olje","8":"first","9":"instock","10":"shipping-taxable","11":"purchasable","12":"product-type-variable","13":"has-default-attributes"},"yoast_head":"<!-- This site is optimized with the Yoast SEO plugin v27.3 - https:\/\/yoast.com\/product\/yoast-seo-wordpress\/ -->\n<title>Kj\u00f8p 500mg CBD Blackberry Keey FLAVA BLAST - Best Global Meds<\/title>\n<meta name=\"description\" content=\"Kj\u00f8p 500mg CBD Blackberry Keey FLAVA BLAST online fra Sigma Vape Shop med rask verdensomspennende frakt. Du kan finne 500mg CBD Blackberry Keey FLAVA BLAST til salgs\" \/>\n<meta name=\"robots\" content=\"index, follow, max-snippet:-1, max-image-preview:large, max-video-preview:-1\" \/>\n<link rel=\"canonical\" href=\"https:\/\/medicinasinc.com\/no\/product\/kjop-500mg-cbd-blackberry-keey-flava-blast\/\" \/>\n<meta property=\"og:locale\" content=\"nn_NO\" \/>\n<meta property=\"og:type\" content=\"article\" \/>\n<meta property=\"og:title\" content=\"Kj\u00f8p 500mg CBD Blackberry Keey FLAVA BLAST - Best Global Meds\" \/>\n<meta property=\"og:description\" content=\"Kj\u00f8p 500mg CBD Blackberry Keey FLAVA BLAST online fra Sigma Vape Shop med rask verdensomspennende frakt. Du kan finne 500mg CBD Blackberry Keey FLAVA BLAST til salgs\" \/>\n<meta property=\"og:url\" content=\"https:\/\/medicinasinc.com\/no\/product\/kjop-500mg-cbd-blackberry-keey-flava-blast\/\" \/>\n<meta property=\"og:site_name\" content=\"Medicinas Inc\" \/>\n<meta property=\"article:modified_time\" content=\"2022-03-22T01:20:04+00:00\" \/>\n<meta property=\"og:image\" content=\"https:\/\/medicinasinc.com\/no\/wp-content\/uploads\/sites\/14\/2022\/02\/Buy-500mg-CBD-Blackberry-Keey-FLAVA-BLAST.jpg\" \/>\n\t<meta property=\"og:image:width\" content=\"800\" \/>\n\t<meta property=\"og:image:height\" content=\"800\" \/>\n\t<meta property=\"og:image:type\" content=\"image\/jpeg\" \/>\n<meta name=\"twitter:card\" content=\"summary_large_image\" \/>\n<meta name=\"twitter:label1\" content=\"Est. reading time\" \/>\n\t<meta name=\"twitter:data1\" content=\"1 minutt\" \/>\n<script type=\"application\/ld+json\" class=\"yoast-schema-graph\">{\"@context\":\"https:\\\/\\\/schema.org\",\"@graph\":[{\"@type\":\"WebPage\",\"@id\":\"https:\\\/\\\/medicinasinc.com\\\/no\\\/product\\\/kjop-500mg-cbd-blackberry-keey-flava-blast\\\/\",\"url\":\"https:\\\/\\\/medicinasinc.com\\\/no\\\/product\\\/kjop-500mg-cbd-blackberry-keey-flava-blast\\\/\",\"name\":\"Kj\u00f8p 500mg CBD Blackberry Keey FLAVA BLAST - Best Global Meds\",\"isPartOf\":{\"@id\":\"https:\\\/\\\/medicinasinc.com\\\/no\\\/#website\"},\"primaryImageOfPage\":{\"@id\":\"https:\\\/\\\/medicinasinc.com\\\/no\\\/product\\\/kjop-500mg-cbd-blackberry-keey-flava-blast\\\/#primaryimage\"},\"image\":{\"@id\":\"https:\\\/\\\/medicinasinc.com\\\/no\\\/product\\\/kjop-500mg-cbd-blackberry-keey-flava-blast\\\/#primaryimage\"},\"thumbnailUrl\":\"https:\\\/\\\/medicinasinc.com\\\/no\\\/wp-content\\\/uploads\\\/sites\\\/14\\\/2022\\\/02\\\/Buy-500mg-CBD-Blackberry-Keey-FLAVA-BLAST.jpg\",\"datePublished\":\"2022-02-20T08:29:33+00:00\",\"dateModified\":\"2022-03-22T01:20:04+00:00\",\"description\":\"Kj\u00f8p 500mg CBD Blackberry Keey FLAVA BLAST online fra Sigma Vape Shop med rask verdensomspennende frakt. Du kan finne 500mg CBD Blackberry Keey FLAVA BLAST til salgs\",\"breadcrumb\":{\"@id\":\"https:\\\/\\\/medicinasinc.com\\\/no\\\/product\\\/kjop-500mg-cbd-blackberry-keey-flava-blast\\\/#breadcrumb\"},\"inLanguage\":\"nn-NO\",\"potentialAction\":[{\"@type\":\"ReadAction\",\"target\":[\"https:\\\/\\\/medicinasinc.com\\\/no\\\/product\\\/kjop-500mg-cbd-blackberry-keey-flava-blast\\\/\"]}]},{\"@type\":\"ImageObject\",\"inLanguage\":\"nn-NO\",\"@id\":\"https:\\\/\\\/medicinasinc.com\\\/no\\\/product\\\/kjop-500mg-cbd-blackberry-keey-flava-blast\\\/#primaryimage\",\"url\":\"https:\\\/\\\/medicinasinc.com\\\/no\\\/wp-content\\\/uploads\\\/sites\\\/14\\\/2022\\\/02\\\/Buy-500mg-CBD-Blackberry-Keey-FLAVA-BLAST.jpg\",\"contentUrl\":\"https:\\\/\\\/medicinasinc.com\\\/no\\\/wp-content\\\/uploads\\\/sites\\\/14\\\/2022\\\/02\\\/Buy-500mg-CBD-Blackberry-Keey-FLAVA-BLAST.jpg\",\"width\":800,\"height\":800},{\"@type\":\"BreadcrumbList\",\"@id\":\"https:\\\/\\\/medicinasinc.com\\\/no\\\/product\\\/kjop-500mg-cbd-blackberry-keey-flava-blast\\\/#breadcrumb\",\"itemListElement\":[{\"@type\":\"ListItem\",\"position\":1,\"name\":\"Butikk\",\"item\":\"https:\\\/\\\/medicinasinc.com\\\/no\\\/butikk\\\/\"},{\"@type\":\"ListItem\",\"position\":2,\"name\":\"Kj\u00f8p 500mg CBD Blackberry Keey FLAVA BLAST\"}]},{\"@type\":\"WebSite\",\"@id\":\"https:\\\/\\\/medicinasinc.com\\\/no\\\/#website\",\"url\":\"https:\\\/\\\/medicinasinc.com\\\/no\\\/\",\"name\":\"Medicinas Inc\",\"description\":\"Helsemedisinsk klinikk\",\"potentialAction\":[{\"@type\":\"SearchAction\",\"target\":{\"@type\":\"EntryPoint\",\"urlTemplate\":\"https:\\\/\\\/medicinasinc.com\\\/no\\\/?s={search_term_string}\"},\"query-input\":{\"@type\":\"PropertyValueSpecification\",\"valueRequired\":true,\"valueName\":\"search_term_string\"}}],\"inLanguage\":\"nn-NO\"}]}<\/script>\n<!-- \/ Yoast SEO plugin. -->","yoast_head_json":{"title":"Kj\u00f8p 500mg CBD Blackberry Keey FLAVA BLAST - Best Global Meds","description":"Kj\u00f8p 500mg CBD Blackberry Keey FLAVA BLAST online fra Sigma Vape Shop med rask verdensomspennende frakt. Du kan finne 500mg CBD Blackberry Keey FLAVA BLAST til salgs","robots":{"index":"index","follow":"follow","max-snippet":"max-snippet:-1","max-image-preview":"max-image-preview:large","max-video-preview":"max-video-preview:-1"},"canonical":"https:\/\/medicinasinc.com\/no\/product\/kjop-500mg-cbd-blackberry-keey-flava-blast\/","og_locale":"nn_NO","og_type":"article","og_title":"Kj\u00f8p 500mg CBD Blackberry Keey FLAVA BLAST - Best Global Meds","og_description":"Kj\u00f8p 500mg CBD Blackberry Keey FLAVA BLAST online fra Sigma Vape Shop med rask verdensomspennende frakt. Du kan finne 500mg CBD Blackberry Keey FLAVA BLAST til salgs","og_url":"https:\/\/medicinasinc.com\/no\/product\/kjop-500mg-cbd-blackberry-keey-flava-blast\/","og_site_name":"Medicinas Inc","article_modified_time":"2022-03-22T01:20:04+00:00","og_image":[{"width":800,"height":800,"url":"https:\/\/medicinasinc.com\/no\/wp-content\/uploads\/sites\/14\/2022\/02\/Buy-500mg-CBD-Blackberry-Keey-FLAVA-BLAST.jpg","type":"image\/jpeg"}],"twitter_card":"summary_large_image","twitter_misc":{"Est. reading time":"1 minutt"},"schema":{"@context":"https:\/\/schema.org","@graph":[{"@type":"WebPage","@id":"https:\/\/medicinasinc.com\/no\/product\/kjop-500mg-cbd-blackberry-keey-flava-blast\/","url":"https:\/\/medicinasinc.com\/no\/product\/kjop-500mg-cbd-blackberry-keey-flava-blast\/","name":"Kj\u00f8p 500mg CBD Blackberry Keey FLAVA BLAST - Best Global Meds","isPartOf":{"@id":"https:\/\/medicinasinc.com\/no\/#website"},"primaryImageOfPage":{"@id":"https:\/\/medicinasinc.com\/no\/product\/kjop-500mg-cbd-blackberry-keey-flava-blast\/#primaryimage"},"image":{"@id":"https:\/\/medicinasinc.com\/no\/product\/kjop-500mg-cbd-blackberry-keey-flava-blast\/#primaryimage"},"thumbnailUrl":"https:\/\/medicinasinc.com\/no\/wp-content\/uploads\/sites\/14\/2022\/02\/Buy-500mg-CBD-Blackberry-Keey-FLAVA-BLAST.jpg","datePublished":"2022-02-20T08:29:33+00:00","dateModified":"2022-03-22T01:20:04+00:00","description":"Kj\u00f8p 500mg CBD Blackberry Keey FLAVA BLAST online fra Sigma Vape Shop med rask verdensomspennende frakt. Du kan finne 500mg CBD Blackberry Keey FLAVA BLAST til salgs","breadcrumb":{"@id":"https:\/\/medicinasinc.com\/no\/product\/kjop-500mg-cbd-blackberry-keey-flava-blast\/#breadcrumb"},"inLanguage":"nn-NO","potentialAction":[{"@type":"ReadAction","target":["https:\/\/medicinasinc.com\/no\/product\/kjop-500mg-cbd-blackberry-keey-flava-blast\/"]}]},{"@type":"ImageObject","inLanguage":"nn-NO","@id":"https:\/\/medicinasinc.com\/no\/product\/kjop-500mg-cbd-blackberry-keey-flava-blast\/#primaryimage","url":"https:\/\/medicinasinc.com\/no\/wp-content\/uploads\/sites\/14\/2022\/02\/Buy-500mg-CBD-Blackberry-Keey-FLAVA-BLAST.jpg","contentUrl":"https:\/\/medicinasinc.com\/no\/wp-content\/uploads\/sites\/14\/2022\/02\/Buy-500mg-CBD-Blackberry-Keey-FLAVA-BLAST.jpg","width":800,"height":800},{"@type":"BreadcrumbList","@id":"https:\/\/medicinasinc.com\/no\/product\/kjop-500mg-cbd-blackberry-keey-flava-blast\/#breadcrumb","itemListElement":[{"@type":"ListItem","position":1,"name":"Butikk","item":"https:\/\/medicinasinc.com\/no\/butikk\/"},{"@type":"ListItem","position":2,"name":"Kj\u00f8p 500mg CBD Blackberry Keey FLAVA BLAST"}]},{"@type":"WebSite","@id":"https:\/\/medicinasinc.com\/no\/#website","url":"https:\/\/medicinasinc.com\/no\/","name":"Medicinas Inc","description":"Helsemedisinsk klinikk","potentialAction":[{"@type":"SearchAction","target":{"@type":"EntryPoint","urlTemplate":"https:\/\/medicinasinc.com\/no\/?s={search_term_string}"},"query-input":{"@type":"PropertyValueSpecification","valueRequired":true,"valueName":"search_term_string"}}],"inLanguage":"nn-NO"}]}},"_links":{"self":[{"href":"https:\/\/medicinasinc.com\/no\/wp-json\/wp\/v2\/product\/4353","targetHints":{"allow":["GET"]}}],"collection":[{"href":"https:\/\/medicinasinc.com\/no\/wp-json\/wp\/v2\/product"}],"about":[{"href":"https:\/\/medicinasinc.com\/no\/wp-json\/wp\/v2\/types\/product"}],"replies":[{"embeddable":true,"href":"https:\/\/medicinasinc.com\/no\/wp-json\/wp\/v2\/comments?post=4353"}],"wp:featuredmedia":[{"embeddable":true,"href":"https:\/\/medicinasinc.com\/no\/wp-json\/wp\/v2\/media\/4389"}],"wp:attachment":[{"href":"https:\/\/medicinasinc.com\/no\/wp-json\/wp\/v2\/media?parent=4353"}],"wp:term":[{"taxonomy":"product_brand","embeddable":true,"href":"https:\/\/medicinasinc.com\/no\/wp-json\/wp\/v2\/product_brand?post=4353"},{"taxonomy":"product_cat","embeddable":true,"href":"https:\/\/medicinasinc.com\/no\/wp-json\/wp\/v2\/product_cat?post=4353"},{"taxonomy":"product_tag","embeddable":true,"href":"https:\/\/medicinasinc.com\/no\/wp-json\/wp\/v2\/product_tag?post=4353"}],"curies":[{"name":"wp","href":"https:\/\/api.w.org\/{rel}","templated":true}]}}