{"id":4348,"date":"2022-02-20T08:28:43","date_gmt":"2022-02-20T08:28:43","guid":{"rendered":"https:\/\/medicinasinc.com\/no\/?post_type=product&#038;p=4348"},"modified":"2022-03-22T01:20:17","modified_gmt":"2022-03-22T01:20:17","slug":"kjop-41-tinktur-30ml-spearmint-smak-gronn-gudinne","status":"publish","type":"product","link":"https:\/\/medicinasinc.com\/no\/product\/kjop-41-tinktur-30ml-spearmint-smak-gronn-gudinne\/","title":{"rendered":"Kj\u00f8p 4:1 Tinktur (30mL) Spearmint Flavor Green Goddess"},"content":{"rendered":"<p>Kj\u00f8p Green, Goddess 4:1 Tinktur (30mL) Spearmint Flavour<\/p>\n<p>Tinkturdr\u00e5per har betydelige fordeler i forhold til andre metoder for administrering av medisinske cannabinoider: en 30 ml krukke med en brukervennlig dr\u00e5peapplikasjon gir mulighet for en presis dose som skal leveres sublingualt inn i munnen. Absorpsjon i blodet via munnslimhinnen er rask og konsistent. Tinkturen omdannes ikke til en metabolitt av ford\u00f8yelsessystemet eller leveren, slik tilfellet er med oralt inntatte cannabinoider i spiselige varer.<\/p>\n<p>Formulert med et ekstrakt av hele cannabisplanten. Vi har lagt til en helt naturlig C8+C10-olje, som er utledet utelukkende fra kokosn\u00f8tter og er en utmerket kilde til kraftige mellomkjedede fettsyrer som bidrar til \u00e5 holde kroppen og sinnet i funksjon optimalt.<\/p>\n<p>13 milligram per dr\u00e5pe 400 milligram CBD 100 milligram THC<\/p>\n<p>Ingredienser:<\/p>\n<p>MCT-olje med spearmint-smak Hele cannabisplanteekstrakt (CBD)<\/p>\n","protected":false},"excerpt":{"rendered":"<p>Kj\u00f8p 4:1 Tinktur (30mL) Spearmint Flavour Green Goddess for salg UK, Europe online USA fra den st\u00f8rste online dispensary, Buy My Weed Online.<\/p>\n<ul>\n<li>Verdensomfattende frakt<\/li>\n<li>30ml indikert dropper<\/li>\n<li>400mg CBD: 100mg THC tinktur<\/li>\n<li>Spearmint Flavour<\/li>\n<li>Minste bestillingsmengde er 5<\/li>\n<\/ul>\n","protected":false},"featured_media":4383,"comment_status":"open","ping_status":"closed","template":"","meta":[],"product_brand":[],"product_cat":[440],"product_tag":[],"class_list":{"0":"post-4348","1":"product","2":"type-product","3":"status-publish","4":"has-post-thumbnail","6":"product_cat-kjp-cannabis-cbd-olje","8":"first","9":"instock","10":"shipping-taxable","11":"purchasable","12":"product-type-variable","13":"has-default-attributes"},"yoast_head":"<!-- This site is optimized with the Yoast SEO plugin v27.3 - https:\/\/yoast.com\/product\/yoast-seo-wordpress\/ -->\n<title>Kj\u00f8p 4:1 tinktur (30 ml) Spearmint Flavor Green Goddess - Beste globale medisiner<\/title>\n<meta name=\"description\" content=\"Kj\u00f8p 4:1 Tinktur (30mL) Spearmint Flavor Green Goddess for salg UK, Europa online USA fra den st\u00f8rste online dispensary, Buy My Weed Online.\" \/>\n<meta name=\"robots\" content=\"index, follow, max-snippet:-1, max-image-preview:large, max-video-preview:-1\" \/>\n<link rel=\"canonical\" href=\"https:\/\/medicinasinc.com\/no\/product\/kjop-41-tinktur-30ml-spearmint-smak-gronn-gudinne\/\" \/>\n<meta property=\"og:locale\" content=\"nn_NO\" \/>\n<meta property=\"og:type\" content=\"article\" \/>\n<meta property=\"og:title\" content=\"Kj\u00f8p 4:1 tinktur (30 ml) Spearmint Flavor Green Goddess - Beste globale medisiner\" \/>\n<meta property=\"og:description\" content=\"Kj\u00f8p 4:1 Tinktur (30mL) Spearmint Flavor Green Goddess for salg UK, Europa online USA fra den st\u00f8rste online dispensary, Buy My Weed Online.\" \/>\n<meta property=\"og:url\" content=\"https:\/\/medicinasinc.com\/no\/product\/kjop-41-tinktur-30ml-spearmint-smak-gronn-gudinne\/\" \/>\n<meta property=\"og:site_name\" content=\"Medicinas Inc\" \/>\n<meta property=\"article:modified_time\" content=\"2022-03-22T01:20:17+00:00\" \/>\n<meta property=\"og:image\" content=\"https:\/\/medicinasinc.com\/no\/wp-content\/uploads\/sites\/14\/2022\/02\/Spearmint-Flavour-Green-Goddess.jpg\" \/>\n\t<meta property=\"og:image:width\" content=\"483\" \/>\n\t<meta property=\"og:image:height\" content=\"483\" \/>\n\t<meta property=\"og:image:type\" content=\"image\/jpeg\" \/>\n<meta name=\"twitter:card\" content=\"summary_large_image\" \/>\n<meta name=\"twitter:label1\" content=\"Est. reading time\" \/>\n\t<meta name=\"twitter:data1\" content=\"1 minutt\" \/>\n<script type=\"application\/ld+json\" class=\"yoast-schema-graph\">{\"@context\":\"https:\\\/\\\/schema.org\",\"@graph\":[{\"@type\":\"WebPage\",\"@id\":\"https:\\\/\\\/medicinasinc.com\\\/no\\\/product\\\/kjop-41-tinktur-30ml-spearmint-smak-gronn-gudinne\\\/\",\"url\":\"https:\\\/\\\/medicinasinc.com\\\/no\\\/product\\\/kjop-41-tinktur-30ml-spearmint-smak-gronn-gudinne\\\/\",\"name\":\"Kj\u00f8p 4:1 tinktur (30 ml) Spearmint Flavor Green Goddess - Beste globale medisiner\",\"isPartOf\":{\"@id\":\"https:\\\/\\\/medicinasinc.com\\\/no\\\/#website\"},\"primaryImageOfPage\":{\"@id\":\"https:\\\/\\\/medicinasinc.com\\\/no\\\/product\\\/kjop-41-tinktur-30ml-spearmint-smak-gronn-gudinne\\\/#primaryimage\"},\"image\":{\"@id\":\"https:\\\/\\\/medicinasinc.com\\\/no\\\/product\\\/kjop-41-tinktur-30ml-spearmint-smak-gronn-gudinne\\\/#primaryimage\"},\"thumbnailUrl\":\"https:\\\/\\\/medicinasinc.com\\\/no\\\/wp-content\\\/uploads\\\/sites\\\/14\\\/2022\\\/02\\\/Spearmint-Flavour-Green-Goddess.jpg\",\"datePublished\":\"2022-02-20T08:28:43+00:00\",\"dateModified\":\"2022-03-22T01:20:17+00:00\",\"description\":\"Kj\u00f8p 4:1 Tinktur (30mL) Spearmint Flavor Green Goddess for salg UK, Europa online USA fra den st\u00f8rste online dispensary, Buy My Weed Online.\",\"breadcrumb\":{\"@id\":\"https:\\\/\\\/medicinasinc.com\\\/no\\\/product\\\/kjop-41-tinktur-30ml-spearmint-smak-gronn-gudinne\\\/#breadcrumb\"},\"inLanguage\":\"nn-NO\",\"potentialAction\":[{\"@type\":\"ReadAction\",\"target\":[\"https:\\\/\\\/medicinasinc.com\\\/no\\\/product\\\/kjop-41-tinktur-30ml-spearmint-smak-gronn-gudinne\\\/\"]}]},{\"@type\":\"ImageObject\",\"inLanguage\":\"nn-NO\",\"@id\":\"https:\\\/\\\/medicinasinc.com\\\/no\\\/product\\\/kjop-41-tinktur-30ml-spearmint-smak-gronn-gudinne\\\/#primaryimage\",\"url\":\"https:\\\/\\\/medicinasinc.com\\\/no\\\/wp-content\\\/uploads\\\/sites\\\/14\\\/2022\\\/02\\\/Spearmint-Flavour-Green-Goddess.jpg\",\"contentUrl\":\"https:\\\/\\\/medicinasinc.com\\\/no\\\/wp-content\\\/uploads\\\/sites\\\/14\\\/2022\\\/02\\\/Spearmint-Flavour-Green-Goddess.jpg\",\"width\":483,\"height\":483},{\"@type\":\"BreadcrumbList\",\"@id\":\"https:\\\/\\\/medicinasinc.com\\\/no\\\/product\\\/kjop-41-tinktur-30ml-spearmint-smak-gronn-gudinne\\\/#breadcrumb\",\"itemListElement\":[{\"@type\":\"ListItem\",\"position\":1,\"name\":\"Butikk\",\"item\":\"https:\\\/\\\/medicinasinc.com\\\/no\\\/butikk\\\/\"},{\"@type\":\"ListItem\",\"position\":2,\"name\":\"Kj\u00f8p 4:1 Tinktur (30mL) Spearmint Flavor Green Goddess\"}]},{\"@type\":\"WebSite\",\"@id\":\"https:\\\/\\\/medicinasinc.com\\\/no\\\/#website\",\"url\":\"https:\\\/\\\/medicinasinc.com\\\/no\\\/\",\"name\":\"Medicinas Inc\",\"description\":\"Helsemedisinsk klinikk\",\"potentialAction\":[{\"@type\":\"SearchAction\",\"target\":{\"@type\":\"EntryPoint\",\"urlTemplate\":\"https:\\\/\\\/medicinasinc.com\\\/no\\\/?s={search_term_string}\"},\"query-input\":{\"@type\":\"PropertyValueSpecification\",\"valueRequired\":true,\"valueName\":\"search_term_string\"}}],\"inLanguage\":\"nn-NO\"}]}<\/script>\n<!-- \/ Yoast SEO plugin. -->","yoast_head_json":{"title":"Kj\u00f8p 4:1 tinktur (30 ml) Spearmint Flavor Green Goddess - Beste globale medisiner","description":"Kj\u00f8p 4:1 Tinktur (30mL) Spearmint Flavor Green Goddess for salg UK, Europa online USA fra den st\u00f8rste online dispensary, Buy My Weed Online.","robots":{"index":"index","follow":"follow","max-snippet":"max-snippet:-1","max-image-preview":"max-image-preview:large","max-video-preview":"max-video-preview:-1"},"canonical":"https:\/\/medicinasinc.com\/no\/product\/kjop-41-tinktur-30ml-spearmint-smak-gronn-gudinne\/","og_locale":"nn_NO","og_type":"article","og_title":"Kj\u00f8p 4:1 tinktur (30 ml) Spearmint Flavor Green Goddess - Beste globale medisiner","og_description":"Kj\u00f8p 4:1 Tinktur (30mL) Spearmint Flavor Green Goddess for salg UK, Europa online USA fra den st\u00f8rste online dispensary, Buy My Weed Online.","og_url":"https:\/\/medicinasinc.com\/no\/product\/kjop-41-tinktur-30ml-spearmint-smak-gronn-gudinne\/","og_site_name":"Medicinas Inc","article_modified_time":"2022-03-22T01:20:17+00:00","og_image":[{"width":483,"height":483,"url":"https:\/\/medicinasinc.com\/no\/wp-content\/uploads\/sites\/14\/2022\/02\/Spearmint-Flavour-Green-Goddess.jpg","type":"image\/jpeg"}],"twitter_card":"summary_large_image","twitter_misc":{"Est. reading time":"1 minutt"},"schema":{"@context":"https:\/\/schema.org","@graph":[{"@type":"WebPage","@id":"https:\/\/medicinasinc.com\/no\/product\/kjop-41-tinktur-30ml-spearmint-smak-gronn-gudinne\/","url":"https:\/\/medicinasinc.com\/no\/product\/kjop-41-tinktur-30ml-spearmint-smak-gronn-gudinne\/","name":"Kj\u00f8p 4:1 tinktur (30 ml) Spearmint Flavor Green Goddess - Beste globale medisiner","isPartOf":{"@id":"https:\/\/medicinasinc.com\/no\/#website"},"primaryImageOfPage":{"@id":"https:\/\/medicinasinc.com\/no\/product\/kjop-41-tinktur-30ml-spearmint-smak-gronn-gudinne\/#primaryimage"},"image":{"@id":"https:\/\/medicinasinc.com\/no\/product\/kjop-41-tinktur-30ml-spearmint-smak-gronn-gudinne\/#primaryimage"},"thumbnailUrl":"https:\/\/medicinasinc.com\/no\/wp-content\/uploads\/sites\/14\/2022\/02\/Spearmint-Flavour-Green-Goddess.jpg","datePublished":"2022-02-20T08:28:43+00:00","dateModified":"2022-03-22T01:20:17+00:00","description":"Kj\u00f8p 4:1 Tinktur (30mL) Spearmint Flavor Green Goddess for salg UK, Europa online USA fra den st\u00f8rste online dispensary, Buy My Weed Online.","breadcrumb":{"@id":"https:\/\/medicinasinc.com\/no\/product\/kjop-41-tinktur-30ml-spearmint-smak-gronn-gudinne\/#breadcrumb"},"inLanguage":"nn-NO","potentialAction":[{"@type":"ReadAction","target":["https:\/\/medicinasinc.com\/no\/product\/kjop-41-tinktur-30ml-spearmint-smak-gronn-gudinne\/"]}]},{"@type":"ImageObject","inLanguage":"nn-NO","@id":"https:\/\/medicinasinc.com\/no\/product\/kjop-41-tinktur-30ml-spearmint-smak-gronn-gudinne\/#primaryimage","url":"https:\/\/medicinasinc.com\/no\/wp-content\/uploads\/sites\/14\/2022\/02\/Spearmint-Flavour-Green-Goddess.jpg","contentUrl":"https:\/\/medicinasinc.com\/no\/wp-content\/uploads\/sites\/14\/2022\/02\/Spearmint-Flavour-Green-Goddess.jpg","width":483,"height":483},{"@type":"BreadcrumbList","@id":"https:\/\/medicinasinc.com\/no\/product\/kjop-41-tinktur-30ml-spearmint-smak-gronn-gudinne\/#breadcrumb","itemListElement":[{"@type":"ListItem","position":1,"name":"Butikk","item":"https:\/\/medicinasinc.com\/no\/butikk\/"},{"@type":"ListItem","position":2,"name":"Kj\u00f8p 4:1 Tinktur (30mL) Spearmint Flavor Green Goddess"}]},{"@type":"WebSite","@id":"https:\/\/medicinasinc.com\/no\/#website","url":"https:\/\/medicinasinc.com\/no\/","name":"Medicinas Inc","description":"Helsemedisinsk klinikk","potentialAction":[{"@type":"SearchAction","target":{"@type":"EntryPoint","urlTemplate":"https:\/\/medicinasinc.com\/no\/?s={search_term_string}"},"query-input":{"@type":"PropertyValueSpecification","valueRequired":true,"valueName":"search_term_string"}}],"inLanguage":"nn-NO"}]}},"_links":{"self":[{"href":"https:\/\/medicinasinc.com\/no\/wp-json\/wp\/v2\/product\/4348","targetHints":{"allow":["GET"]}}],"collection":[{"href":"https:\/\/medicinasinc.com\/no\/wp-json\/wp\/v2\/product"}],"about":[{"href":"https:\/\/medicinasinc.com\/no\/wp-json\/wp\/v2\/types\/product"}],"replies":[{"embeddable":true,"href":"https:\/\/medicinasinc.com\/no\/wp-json\/wp\/v2\/comments?post=4348"}],"wp:featuredmedia":[{"embeddable":true,"href":"https:\/\/medicinasinc.com\/no\/wp-json\/wp\/v2\/media\/4383"}],"wp:attachment":[{"href":"https:\/\/medicinasinc.com\/no\/wp-json\/wp\/v2\/media?parent=4348"}],"wp:term":[{"taxonomy":"product_brand","embeddable":true,"href":"https:\/\/medicinasinc.com\/no\/wp-json\/wp\/v2\/product_brand?post=4348"},{"taxonomy":"product_cat","embeddable":true,"href":"https:\/\/medicinasinc.com\/no\/wp-json\/wp\/v2\/product_cat?post=4348"},{"taxonomy":"product_tag","embeddable":true,"href":"https:\/\/medicinasinc.com\/no\/wp-json\/wp\/v2\/product_tag?post=4348"}],"curies":[{"name":"wp","href":"https:\/\/api.w.org\/{rel}","templated":true}]}}