{"id":4338,"date":"2022-02-20T08:27:22","date_gmt":"2022-02-20T08:27:22","guid":{"rendered":"https:\/\/medicinasinc.com\/no\/?post_type=product&#038;p=4338"},"modified":"2022-03-22T01:20:36","modified_gmt":"2022-03-22T01:20:36","slug":"kjop-250mg-thc-mist-spray-10ml-ease","status":"publish","type":"product","link":"https:\/\/medicinasinc.com\/no\/product\/kjop-250mg-thc-mist-spray-10ml-ease\/","title":{"rendered":"Kj\u00f8p 250mg THC Mist Spray 10ml \u2013 Enkel"},"content":{"rendered":"<p>Kj\u00f8p 10ml 250mg THC Mist Spray \u2013 Ease<\/p>\n<p>Med v\u00e5r deilige cannabis-infunderte pustespray l\u00f8fter Ease sublingual Spray det tradisjonelle tinkturkonseptet til et helt nytt niv\u00e5. Ease Spray lar deg dosere etter behov, uavhengig av sted, uten frykt for stigmaet som tradisjonelt er forbundet med de fleste cannabisprodukter. Ease Spray inneholder hele 5 mg medisin per spray, slik at du kan medisinere n\u00f8yaktig til det niv\u00e5et som dekker dine behov. Ease Spray inneholder ingen alkohol, l\u00f8semidler eller petrokjemikalier i deres helt naturlige formel av kokosn\u00f8ttekstrakter, terpener og cannabisekstrakter.<\/p>\n<p>Dette produktet forenkler medisinering mens du er p\u00e5 farten! Med den helt nye lettheten Shake n Spray Extra Strength!<\/p>\n<p>DOSER FOR SPRAYFLASKER P\u00c5 SUBLINGUALE<\/p>\n<p>250 \u200b\u200bmg THC i en 10 ml glassflaske<\/p>\n<p>Hver flaske inneholder 50 -60 sprayer.<\/p>\n","protected":false},"excerpt":{"rendered":"<p>Kj\u00f8p 250mg THC Mist Spray UK 10ml for salg Europa Online. Ease Spray gir deg friheten til \u00e5 dosere etter behov uansett hvor du er, uten \u00e5 bekymre deg for stigmaet som er tradisjonelt<\/p>\n<ul>\n<li>Verdensomfattende frakt<\/li>\n<li>EKSTRA STYRKE THC T\u00c5KESPRAY<\/li>\n<li>10 ml glassflaske 250 mg THC<\/li>\n<li>Minste bestillingsmengde er 5<\/li>\n<li><strong>Kontakt oss<\/strong>\u00a0for st\u00f8rre bestillinger<\/li>\n<\/ul>\n","protected":false},"featured_media":4371,"comment_status":"open","ping_status":"closed","template":"","meta":[],"product_brand":[],"product_cat":[440],"product_tag":[],"class_list":{"0":"post-4338","1":"product","2":"type-product","3":"status-publish","4":"has-post-thumbnail","6":"product_cat-kjp-cannabis-cbd-olje","8":"first","9":"instock","10":"shipping-taxable","11":"purchasable","12":"product-type-variable","13":"has-default-attributes"},"yoast_head":"<!-- This site is optimized with the Yoast SEO plugin v27.3 - https:\/\/yoast.com\/product\/yoast-seo-wordpress\/ -->\n<title>Kj\u00f8p 250mg THC Mist Spray 10ml \u2013 Ease - Best Global Meds<\/title>\n<meta name=\"description\" content=\"Kj\u00f8p 250mg THC Mist Spray UK 10ml for salg Europa Online. Ease Spray gir deg friheten til \u00e5 dosere etter behov hvor som helst du er, uten \u00e5 bekymre deg for stigmaet som er tradisjonelt\" \/>\n<meta name=\"robots\" content=\"index, follow, max-snippet:-1, max-image-preview:large, max-video-preview:-1\" \/>\n<link rel=\"canonical\" href=\"https:\/\/medicinasinc.com\/no\/product\/kjop-250mg-thc-mist-spray-10ml-ease\/\" \/>\n<meta property=\"og:locale\" content=\"nn_NO\" \/>\n<meta property=\"og:type\" content=\"article\" \/>\n<meta property=\"og:title\" content=\"Kj\u00f8p 250mg THC Mist Spray 10ml \u2013 Ease - Best Global Meds\" \/>\n<meta property=\"og:description\" content=\"Kj\u00f8p 250mg THC Mist Spray UK 10ml for salg Europa Online. Ease Spray gir deg friheten til \u00e5 dosere etter behov hvor som helst du er, uten \u00e5 bekymre deg for stigmaet som er tradisjonelt\" \/>\n<meta property=\"og:url\" content=\"https:\/\/medicinasinc.com\/no\/product\/kjop-250mg-thc-mist-spray-10ml-ease\/\" \/>\n<meta property=\"og:site_name\" content=\"Medicinas Inc\" \/>\n<meta property=\"article:modified_time\" content=\"2022-03-22T01:20:36+00:00\" \/>\n<meta property=\"og:image\" content=\"https:\/\/medicinasinc.com\/no\/wp-content\/uploads\/sites\/14\/2022\/02\/Buy-250mg-THC-Mist-Spray-10ml.jpg\" \/>\n\t<meta property=\"og:image:width\" content=\"1500\" \/>\n\t<meta property=\"og:image:height\" content=\"1500\" \/>\n\t<meta property=\"og:image:type\" content=\"image\/jpeg\" \/>\n<meta name=\"twitter:card\" content=\"summary_large_image\" \/>\n<meta name=\"twitter:label1\" content=\"Est. reading time\" \/>\n\t<meta name=\"twitter:data1\" content=\"1 minutt\" \/>\n<script type=\"application\/ld+json\" class=\"yoast-schema-graph\">{\"@context\":\"https:\\\/\\\/schema.org\",\"@graph\":[{\"@type\":\"WebPage\",\"@id\":\"https:\\\/\\\/medicinasinc.com\\\/no\\\/product\\\/kjop-250mg-thc-mist-spray-10ml-ease\\\/\",\"url\":\"https:\\\/\\\/medicinasinc.com\\\/no\\\/product\\\/kjop-250mg-thc-mist-spray-10ml-ease\\\/\",\"name\":\"Kj\u00f8p 250mg THC Mist Spray 10ml \u2013 Ease - Best Global Meds\",\"isPartOf\":{\"@id\":\"https:\\\/\\\/medicinasinc.com\\\/no\\\/#website\"},\"primaryImageOfPage\":{\"@id\":\"https:\\\/\\\/medicinasinc.com\\\/no\\\/product\\\/kjop-250mg-thc-mist-spray-10ml-ease\\\/#primaryimage\"},\"image\":{\"@id\":\"https:\\\/\\\/medicinasinc.com\\\/no\\\/product\\\/kjop-250mg-thc-mist-spray-10ml-ease\\\/#primaryimage\"},\"thumbnailUrl\":\"https:\\\/\\\/medicinasinc.com\\\/no\\\/wp-content\\\/uploads\\\/sites\\\/14\\\/2022\\\/02\\\/Buy-250mg-THC-Mist-Spray-10ml.jpg\",\"datePublished\":\"2022-02-20T08:27:22+00:00\",\"dateModified\":\"2022-03-22T01:20:36+00:00\",\"description\":\"Kj\u00f8p 250mg THC Mist Spray UK 10ml for salg Europa Online. Ease Spray gir deg friheten til \u00e5 dosere etter behov hvor som helst du er, uten \u00e5 bekymre deg for stigmaet som er tradisjonelt\",\"breadcrumb\":{\"@id\":\"https:\\\/\\\/medicinasinc.com\\\/no\\\/product\\\/kjop-250mg-thc-mist-spray-10ml-ease\\\/#breadcrumb\"},\"inLanguage\":\"nn-NO\",\"potentialAction\":[{\"@type\":\"ReadAction\",\"target\":[\"https:\\\/\\\/medicinasinc.com\\\/no\\\/product\\\/kjop-250mg-thc-mist-spray-10ml-ease\\\/\"]}]},{\"@type\":\"ImageObject\",\"inLanguage\":\"nn-NO\",\"@id\":\"https:\\\/\\\/medicinasinc.com\\\/no\\\/product\\\/kjop-250mg-thc-mist-spray-10ml-ease\\\/#primaryimage\",\"url\":\"https:\\\/\\\/medicinasinc.com\\\/no\\\/wp-content\\\/uploads\\\/sites\\\/14\\\/2022\\\/02\\\/Buy-250mg-THC-Mist-Spray-10ml.jpg\",\"contentUrl\":\"https:\\\/\\\/medicinasinc.com\\\/no\\\/wp-content\\\/uploads\\\/sites\\\/14\\\/2022\\\/02\\\/Buy-250mg-THC-Mist-Spray-10ml.jpg\",\"width\":1500,\"height\":1500},{\"@type\":\"BreadcrumbList\",\"@id\":\"https:\\\/\\\/medicinasinc.com\\\/no\\\/product\\\/kjop-250mg-thc-mist-spray-10ml-ease\\\/#breadcrumb\",\"itemListElement\":[{\"@type\":\"ListItem\",\"position\":1,\"name\":\"Butikk\",\"item\":\"https:\\\/\\\/medicinasinc.com\\\/no\\\/butikk\\\/\"},{\"@type\":\"ListItem\",\"position\":2,\"name\":\"Kj\u00f8p 250mg THC Mist Spray 10ml \u2013 Enkel\"}]},{\"@type\":\"WebSite\",\"@id\":\"https:\\\/\\\/medicinasinc.com\\\/no\\\/#website\",\"url\":\"https:\\\/\\\/medicinasinc.com\\\/no\\\/\",\"name\":\"Medicinas Inc\",\"description\":\"Helsemedisinsk klinikk\",\"potentialAction\":[{\"@type\":\"SearchAction\",\"target\":{\"@type\":\"EntryPoint\",\"urlTemplate\":\"https:\\\/\\\/medicinasinc.com\\\/no\\\/?s={search_term_string}\"},\"query-input\":{\"@type\":\"PropertyValueSpecification\",\"valueRequired\":true,\"valueName\":\"search_term_string\"}}],\"inLanguage\":\"nn-NO\"}]}<\/script>\n<!-- \/ Yoast SEO plugin. -->","yoast_head_json":{"title":"Kj\u00f8p 250mg THC Mist Spray 10ml \u2013 Ease - Best Global Meds","description":"Kj\u00f8p 250mg THC Mist Spray UK 10ml for salg Europa Online. Ease Spray gir deg friheten til \u00e5 dosere etter behov hvor som helst du er, uten \u00e5 bekymre deg for stigmaet som er tradisjonelt","robots":{"index":"index","follow":"follow","max-snippet":"max-snippet:-1","max-image-preview":"max-image-preview:large","max-video-preview":"max-video-preview:-1"},"canonical":"https:\/\/medicinasinc.com\/no\/product\/kjop-250mg-thc-mist-spray-10ml-ease\/","og_locale":"nn_NO","og_type":"article","og_title":"Kj\u00f8p 250mg THC Mist Spray 10ml \u2013 Ease - Best Global Meds","og_description":"Kj\u00f8p 250mg THC Mist Spray UK 10ml for salg Europa Online. Ease Spray gir deg friheten til \u00e5 dosere etter behov hvor som helst du er, uten \u00e5 bekymre deg for stigmaet som er tradisjonelt","og_url":"https:\/\/medicinasinc.com\/no\/product\/kjop-250mg-thc-mist-spray-10ml-ease\/","og_site_name":"Medicinas Inc","article_modified_time":"2022-03-22T01:20:36+00:00","og_image":[{"width":1500,"height":1500,"url":"https:\/\/medicinasinc.com\/no\/wp-content\/uploads\/sites\/14\/2022\/02\/Buy-250mg-THC-Mist-Spray-10ml.jpg","type":"image\/jpeg"}],"twitter_card":"summary_large_image","twitter_misc":{"Est. reading time":"1 minutt"},"schema":{"@context":"https:\/\/schema.org","@graph":[{"@type":"WebPage","@id":"https:\/\/medicinasinc.com\/no\/product\/kjop-250mg-thc-mist-spray-10ml-ease\/","url":"https:\/\/medicinasinc.com\/no\/product\/kjop-250mg-thc-mist-spray-10ml-ease\/","name":"Kj\u00f8p 250mg THC Mist Spray 10ml \u2013 Ease - Best Global Meds","isPartOf":{"@id":"https:\/\/medicinasinc.com\/no\/#website"},"primaryImageOfPage":{"@id":"https:\/\/medicinasinc.com\/no\/product\/kjop-250mg-thc-mist-spray-10ml-ease\/#primaryimage"},"image":{"@id":"https:\/\/medicinasinc.com\/no\/product\/kjop-250mg-thc-mist-spray-10ml-ease\/#primaryimage"},"thumbnailUrl":"https:\/\/medicinasinc.com\/no\/wp-content\/uploads\/sites\/14\/2022\/02\/Buy-250mg-THC-Mist-Spray-10ml.jpg","datePublished":"2022-02-20T08:27:22+00:00","dateModified":"2022-03-22T01:20:36+00:00","description":"Kj\u00f8p 250mg THC Mist Spray UK 10ml for salg Europa Online. Ease Spray gir deg friheten til \u00e5 dosere etter behov hvor som helst du er, uten \u00e5 bekymre deg for stigmaet som er tradisjonelt","breadcrumb":{"@id":"https:\/\/medicinasinc.com\/no\/product\/kjop-250mg-thc-mist-spray-10ml-ease\/#breadcrumb"},"inLanguage":"nn-NO","potentialAction":[{"@type":"ReadAction","target":["https:\/\/medicinasinc.com\/no\/product\/kjop-250mg-thc-mist-spray-10ml-ease\/"]}]},{"@type":"ImageObject","inLanguage":"nn-NO","@id":"https:\/\/medicinasinc.com\/no\/product\/kjop-250mg-thc-mist-spray-10ml-ease\/#primaryimage","url":"https:\/\/medicinasinc.com\/no\/wp-content\/uploads\/sites\/14\/2022\/02\/Buy-250mg-THC-Mist-Spray-10ml.jpg","contentUrl":"https:\/\/medicinasinc.com\/no\/wp-content\/uploads\/sites\/14\/2022\/02\/Buy-250mg-THC-Mist-Spray-10ml.jpg","width":1500,"height":1500},{"@type":"BreadcrumbList","@id":"https:\/\/medicinasinc.com\/no\/product\/kjop-250mg-thc-mist-spray-10ml-ease\/#breadcrumb","itemListElement":[{"@type":"ListItem","position":1,"name":"Butikk","item":"https:\/\/medicinasinc.com\/no\/butikk\/"},{"@type":"ListItem","position":2,"name":"Kj\u00f8p 250mg THC Mist Spray 10ml \u2013 Enkel"}]},{"@type":"WebSite","@id":"https:\/\/medicinasinc.com\/no\/#website","url":"https:\/\/medicinasinc.com\/no\/","name":"Medicinas Inc","description":"Helsemedisinsk klinikk","potentialAction":[{"@type":"SearchAction","target":{"@type":"EntryPoint","urlTemplate":"https:\/\/medicinasinc.com\/no\/?s={search_term_string}"},"query-input":{"@type":"PropertyValueSpecification","valueRequired":true,"valueName":"search_term_string"}}],"inLanguage":"nn-NO"}]}},"_links":{"self":[{"href":"https:\/\/medicinasinc.com\/no\/wp-json\/wp\/v2\/product\/4338","targetHints":{"allow":["GET"]}}],"collection":[{"href":"https:\/\/medicinasinc.com\/no\/wp-json\/wp\/v2\/product"}],"about":[{"href":"https:\/\/medicinasinc.com\/no\/wp-json\/wp\/v2\/types\/product"}],"replies":[{"embeddable":true,"href":"https:\/\/medicinasinc.com\/no\/wp-json\/wp\/v2\/comments?post=4338"}],"wp:featuredmedia":[{"embeddable":true,"href":"https:\/\/medicinasinc.com\/no\/wp-json\/wp\/v2\/media\/4371"}],"wp:attachment":[{"href":"https:\/\/medicinasinc.com\/no\/wp-json\/wp\/v2\/media?parent=4338"}],"wp:term":[{"taxonomy":"product_brand","embeddable":true,"href":"https:\/\/medicinasinc.com\/no\/wp-json\/wp\/v2\/product_brand?post=4338"},{"taxonomy":"product_cat","embeddable":true,"href":"https:\/\/medicinasinc.com\/no\/wp-json\/wp\/v2\/product_cat?post=4338"},{"taxonomy":"product_tag","embeddable":true,"href":"https:\/\/medicinasinc.com\/no\/wp-json\/wp\/v2\/product_tag?post=4338"}],"curies":[{"name":"wp","href":"https:\/\/api.w.org\/{rel}","templated":true}]}}