{"id":4333,"date":"2022-02-20T08:26:46","date_gmt":"2022-02-20T08:26:46","guid":{"rendered":"https:\/\/medicinasinc.com\/no\/?post_type=product&#038;p=4333"},"modified":"2022-03-22T01:20:44","modified_gmt":"2022-03-22T01:20:44","slug":"kjop-100mg-thc-hamp-fro-olje-kapsler","status":"publish","type":"product","link":"https:\/\/medicinasinc.com\/no\/product\/kjop-100mg-thc-hamp-fro-olje-kapsler\/","title":{"rendered":"Kj\u00f8p 100 mg THC hampfr\u00f8oljekapsler"},"content":{"rendered":"<p>Kj\u00f8p hampfr\u00f8oljekapsler 100 mg THC<\/p>\n<p>For \u00e5 skille disse kapslene fra de allment tilgjengelige, men d\u00e5rligere THC-pulverkapslene, inneholder hver kapsel 100 mg THC hampfr\u00f8olje.<\/p>\n<p>Solges i trepakninger<\/p>\n<p>V\u00e5re THC-oljekapsler er avledet fra hele Cannabis-planten og er eksepsjonelt h\u00f8ye i terpener. Disse kapslene inneholder den reneste THC og hampfr\u00f8oljen som er tilgjengelig. Hampfr\u00f8olje inneholder et forhold p\u00e5 3:1 av omega 6 til omega 3 fettsyrer, som oppfyller de optimale kravene for langsiktig helse. Hver batch med THC-olje er laboratorietestet for \u00e5 sikre renhet og sikkerhet.<\/p>\n","protected":false},"excerpt":{"rendered":"<p>Kj\u00f8p 100mg THC hampfr\u00f8oljekapsler for salg er formulert fra hele Cannabis-planten og er rike p\u00e5 terpener. Disse kapslene inneholder THC og hampfr\u00f8olje av h\u00f8yeste kvalitet.<\/p>\n<ul>\n<li>Verdensomfattende frakt<\/li>\n<li>Hver kapsel inneholder 100 mg THC.<\/li>\n<li>Hver flaske inneholder 3 kapsler.<\/li>\n<li>Minste bestillingsantall er 5<strong><em>\u00a0flasker<\/em><\/strong><\/li>\n<li>Kontakt oss for st\u00f8rre bestillinger<\/li>\n<\/ul>\n","protected":false},"featured_media":4365,"comment_status":"open","ping_status":"closed","template":"","meta":[],"product_brand":[],"product_cat":[440],"product_tag":[],"class_list":{"0":"post-4333","1":"product","2":"type-product","3":"status-publish","4":"has-post-thumbnail","6":"product_cat-kjp-cannabis-cbd-olje","8":"first","9":"instock","10":"shipping-taxable","11":"purchasable","12":"product-type-variable","13":"has-default-attributes"},"yoast_head":"<!-- This site is optimized with the Yoast SEO plugin v27.3 - https:\/\/yoast.com\/product\/yoast-seo-wordpress\/ -->\n<title>Kj\u00f8p 100 mg THC hampfr\u00f8oljekapsler - Beste globale medisiner<\/title>\n<meta name=\"description\" content=\"Kj\u00f8p 100mg THC hampfr\u00f8oljekapsler for salg er formulert fra hele Cannabis-planten og er rike p\u00e5 terpener. Disse kapslene inneholder THC og hampfr\u00f8olje av h\u00f8yeste kvalitet.\" \/>\n<meta name=\"robots\" content=\"index, follow, max-snippet:-1, max-image-preview:large, max-video-preview:-1\" \/>\n<link rel=\"canonical\" href=\"https:\/\/medicinasinc.com\/no\/product\/kjop-100mg-thc-hamp-fro-olje-kapsler\/\" \/>\n<meta property=\"og:locale\" content=\"nn_NO\" \/>\n<meta property=\"og:type\" content=\"article\" \/>\n<meta property=\"og:title\" content=\"Kj\u00f8p 100 mg THC hampfr\u00f8oljekapsler - Beste globale medisiner\" \/>\n<meta property=\"og:description\" content=\"Kj\u00f8p 100mg THC hampfr\u00f8oljekapsler for salg er formulert fra hele Cannabis-planten og er rike p\u00e5 terpener. Disse kapslene inneholder THC og hampfr\u00f8olje av h\u00f8yeste kvalitet.\" \/>\n<meta property=\"og:url\" content=\"https:\/\/medicinasinc.com\/no\/product\/kjop-100mg-thc-hamp-fro-olje-kapsler\/\" \/>\n<meta property=\"og:site_name\" content=\"Medicinas Inc\" \/>\n<meta property=\"article:modified_time\" content=\"2022-03-22T01:20:44+00:00\" \/>\n<meta property=\"og:image\" content=\"https:\/\/medicinasinc.com\/no\/wp-content\/uploads\/sites\/14\/2022\/02\/Buy-100mg-THC-Hemp-Seed-Oil-Capsules-2.jpg\" \/>\n\t<meta property=\"og:image:width\" content=\"344\" \/>\n\t<meta property=\"og:image:height\" content=\"400\" \/>\n\t<meta property=\"og:image:type\" content=\"image\/jpeg\" \/>\n<meta name=\"twitter:card\" content=\"summary_large_image\" \/>\n<meta name=\"twitter:label1\" content=\"Est. reading time\" \/>\n\t<meta name=\"twitter:data1\" content=\"1 minutt\" \/>\n<script type=\"application\/ld+json\" class=\"yoast-schema-graph\">{\"@context\":\"https:\\\/\\\/schema.org\",\"@graph\":[{\"@type\":\"WebPage\",\"@id\":\"https:\\\/\\\/medicinasinc.com\\\/no\\\/product\\\/kjop-100mg-thc-hamp-fro-olje-kapsler\\\/\",\"url\":\"https:\\\/\\\/medicinasinc.com\\\/no\\\/product\\\/kjop-100mg-thc-hamp-fro-olje-kapsler\\\/\",\"name\":\"Kj\u00f8p 100 mg THC hampfr\u00f8oljekapsler - Beste globale medisiner\",\"isPartOf\":{\"@id\":\"https:\\\/\\\/medicinasinc.com\\\/no\\\/#website\"},\"primaryImageOfPage\":{\"@id\":\"https:\\\/\\\/medicinasinc.com\\\/no\\\/product\\\/kjop-100mg-thc-hamp-fro-olje-kapsler\\\/#primaryimage\"},\"image\":{\"@id\":\"https:\\\/\\\/medicinasinc.com\\\/no\\\/product\\\/kjop-100mg-thc-hamp-fro-olje-kapsler\\\/#primaryimage\"},\"thumbnailUrl\":\"https:\\\/\\\/medicinasinc.com\\\/no\\\/wp-content\\\/uploads\\\/sites\\\/14\\\/2022\\\/02\\\/Buy-100mg-THC-Hemp-Seed-Oil-Capsules-2.jpg\",\"datePublished\":\"2022-02-20T08:26:46+00:00\",\"dateModified\":\"2022-03-22T01:20:44+00:00\",\"description\":\"Kj\u00f8p 100mg THC hampfr\u00f8oljekapsler for salg er formulert fra hele Cannabis-planten og er rike p\u00e5 terpener. Disse kapslene inneholder THC og hampfr\u00f8olje av h\u00f8yeste kvalitet.\",\"breadcrumb\":{\"@id\":\"https:\\\/\\\/medicinasinc.com\\\/no\\\/product\\\/kjop-100mg-thc-hamp-fro-olje-kapsler\\\/#breadcrumb\"},\"inLanguage\":\"nn-NO\",\"potentialAction\":[{\"@type\":\"ReadAction\",\"target\":[\"https:\\\/\\\/medicinasinc.com\\\/no\\\/product\\\/kjop-100mg-thc-hamp-fro-olje-kapsler\\\/\"]}]},{\"@type\":\"ImageObject\",\"inLanguage\":\"nn-NO\",\"@id\":\"https:\\\/\\\/medicinasinc.com\\\/no\\\/product\\\/kjop-100mg-thc-hamp-fro-olje-kapsler\\\/#primaryimage\",\"url\":\"https:\\\/\\\/medicinasinc.com\\\/no\\\/wp-content\\\/uploads\\\/sites\\\/14\\\/2022\\\/02\\\/Buy-100mg-THC-Hemp-Seed-Oil-Capsules-2.jpg\",\"contentUrl\":\"https:\\\/\\\/medicinasinc.com\\\/no\\\/wp-content\\\/uploads\\\/sites\\\/14\\\/2022\\\/02\\\/Buy-100mg-THC-Hemp-Seed-Oil-Capsules-2.jpg\",\"width\":344,\"height\":400},{\"@type\":\"BreadcrumbList\",\"@id\":\"https:\\\/\\\/medicinasinc.com\\\/no\\\/product\\\/kjop-100mg-thc-hamp-fro-olje-kapsler\\\/#breadcrumb\",\"itemListElement\":[{\"@type\":\"ListItem\",\"position\":1,\"name\":\"Butikk\",\"item\":\"https:\\\/\\\/medicinasinc.com\\\/no\\\/butikk\\\/\"},{\"@type\":\"ListItem\",\"position\":2,\"name\":\"Kj\u00f8p 100 mg THC hampfr\u00f8oljekapsler\"}]},{\"@type\":\"WebSite\",\"@id\":\"https:\\\/\\\/medicinasinc.com\\\/no\\\/#website\",\"url\":\"https:\\\/\\\/medicinasinc.com\\\/no\\\/\",\"name\":\"Medicinas Inc\",\"description\":\"Helsemedisinsk klinikk\",\"potentialAction\":[{\"@type\":\"SearchAction\",\"target\":{\"@type\":\"EntryPoint\",\"urlTemplate\":\"https:\\\/\\\/medicinasinc.com\\\/no\\\/?s={search_term_string}\"},\"query-input\":{\"@type\":\"PropertyValueSpecification\",\"valueRequired\":true,\"valueName\":\"search_term_string\"}}],\"inLanguage\":\"nn-NO\"}]}<\/script>\n<!-- \/ Yoast SEO plugin. -->","yoast_head_json":{"title":"Kj\u00f8p 100 mg THC hampfr\u00f8oljekapsler - Beste globale medisiner","description":"Kj\u00f8p 100mg THC hampfr\u00f8oljekapsler for salg er formulert fra hele Cannabis-planten og er rike p\u00e5 terpener. Disse kapslene inneholder THC og hampfr\u00f8olje av h\u00f8yeste kvalitet.","robots":{"index":"index","follow":"follow","max-snippet":"max-snippet:-1","max-image-preview":"max-image-preview:large","max-video-preview":"max-video-preview:-1"},"canonical":"https:\/\/medicinasinc.com\/no\/product\/kjop-100mg-thc-hamp-fro-olje-kapsler\/","og_locale":"nn_NO","og_type":"article","og_title":"Kj\u00f8p 100 mg THC hampfr\u00f8oljekapsler - Beste globale medisiner","og_description":"Kj\u00f8p 100mg THC hampfr\u00f8oljekapsler for salg er formulert fra hele Cannabis-planten og er rike p\u00e5 terpener. Disse kapslene inneholder THC og hampfr\u00f8olje av h\u00f8yeste kvalitet.","og_url":"https:\/\/medicinasinc.com\/no\/product\/kjop-100mg-thc-hamp-fro-olje-kapsler\/","og_site_name":"Medicinas Inc","article_modified_time":"2022-03-22T01:20:44+00:00","og_image":[{"width":344,"height":400,"url":"https:\/\/medicinasinc.com\/no\/wp-content\/uploads\/sites\/14\/2022\/02\/Buy-100mg-THC-Hemp-Seed-Oil-Capsules-2.jpg","type":"image\/jpeg"}],"twitter_card":"summary_large_image","twitter_misc":{"Est. reading time":"1 minutt"},"schema":{"@context":"https:\/\/schema.org","@graph":[{"@type":"WebPage","@id":"https:\/\/medicinasinc.com\/no\/product\/kjop-100mg-thc-hamp-fro-olje-kapsler\/","url":"https:\/\/medicinasinc.com\/no\/product\/kjop-100mg-thc-hamp-fro-olje-kapsler\/","name":"Kj\u00f8p 100 mg THC hampfr\u00f8oljekapsler - Beste globale medisiner","isPartOf":{"@id":"https:\/\/medicinasinc.com\/no\/#website"},"primaryImageOfPage":{"@id":"https:\/\/medicinasinc.com\/no\/product\/kjop-100mg-thc-hamp-fro-olje-kapsler\/#primaryimage"},"image":{"@id":"https:\/\/medicinasinc.com\/no\/product\/kjop-100mg-thc-hamp-fro-olje-kapsler\/#primaryimage"},"thumbnailUrl":"https:\/\/medicinasinc.com\/no\/wp-content\/uploads\/sites\/14\/2022\/02\/Buy-100mg-THC-Hemp-Seed-Oil-Capsules-2.jpg","datePublished":"2022-02-20T08:26:46+00:00","dateModified":"2022-03-22T01:20:44+00:00","description":"Kj\u00f8p 100mg THC hampfr\u00f8oljekapsler for salg er formulert fra hele Cannabis-planten og er rike p\u00e5 terpener. Disse kapslene inneholder THC og hampfr\u00f8olje av h\u00f8yeste kvalitet.","breadcrumb":{"@id":"https:\/\/medicinasinc.com\/no\/product\/kjop-100mg-thc-hamp-fro-olje-kapsler\/#breadcrumb"},"inLanguage":"nn-NO","potentialAction":[{"@type":"ReadAction","target":["https:\/\/medicinasinc.com\/no\/product\/kjop-100mg-thc-hamp-fro-olje-kapsler\/"]}]},{"@type":"ImageObject","inLanguage":"nn-NO","@id":"https:\/\/medicinasinc.com\/no\/product\/kjop-100mg-thc-hamp-fro-olje-kapsler\/#primaryimage","url":"https:\/\/medicinasinc.com\/no\/wp-content\/uploads\/sites\/14\/2022\/02\/Buy-100mg-THC-Hemp-Seed-Oil-Capsules-2.jpg","contentUrl":"https:\/\/medicinasinc.com\/no\/wp-content\/uploads\/sites\/14\/2022\/02\/Buy-100mg-THC-Hemp-Seed-Oil-Capsules-2.jpg","width":344,"height":400},{"@type":"BreadcrumbList","@id":"https:\/\/medicinasinc.com\/no\/product\/kjop-100mg-thc-hamp-fro-olje-kapsler\/#breadcrumb","itemListElement":[{"@type":"ListItem","position":1,"name":"Butikk","item":"https:\/\/medicinasinc.com\/no\/butikk\/"},{"@type":"ListItem","position":2,"name":"Kj\u00f8p 100 mg THC hampfr\u00f8oljekapsler"}]},{"@type":"WebSite","@id":"https:\/\/medicinasinc.com\/no\/#website","url":"https:\/\/medicinasinc.com\/no\/","name":"Medicinas Inc","description":"Helsemedisinsk klinikk","potentialAction":[{"@type":"SearchAction","target":{"@type":"EntryPoint","urlTemplate":"https:\/\/medicinasinc.com\/no\/?s={search_term_string}"},"query-input":{"@type":"PropertyValueSpecification","valueRequired":true,"valueName":"search_term_string"}}],"inLanguage":"nn-NO"}]}},"_links":{"self":[{"href":"https:\/\/medicinasinc.com\/no\/wp-json\/wp\/v2\/product\/4333","targetHints":{"allow":["GET"]}}],"collection":[{"href":"https:\/\/medicinasinc.com\/no\/wp-json\/wp\/v2\/product"}],"about":[{"href":"https:\/\/medicinasinc.com\/no\/wp-json\/wp\/v2\/types\/product"}],"replies":[{"embeddable":true,"href":"https:\/\/medicinasinc.com\/no\/wp-json\/wp\/v2\/comments?post=4333"}],"wp:featuredmedia":[{"embeddable":true,"href":"https:\/\/medicinasinc.com\/no\/wp-json\/wp\/v2\/media\/4365"}],"wp:attachment":[{"href":"https:\/\/medicinasinc.com\/no\/wp-json\/wp\/v2\/media?parent=4333"}],"wp:term":[{"taxonomy":"product_brand","embeddable":true,"href":"https:\/\/medicinasinc.com\/no\/wp-json\/wp\/v2\/product_brand?post=4333"},{"taxonomy":"product_cat","embeddable":true,"href":"https:\/\/medicinasinc.com\/no\/wp-json\/wp\/v2\/product_cat?post=4333"},{"taxonomy":"product_tag","embeddable":true,"href":"https:\/\/medicinasinc.com\/no\/wp-json\/wp\/v2\/product_tag?post=4333"}],"curies":[{"name":"wp","href":"https:\/\/api.w.org\/{rel}","templated":true}]}}