{"id":4327,"date":"2022-02-20T08:26:03","date_gmt":"2022-02-20T08:26:03","guid":{"rendered":"https:\/\/medicinasinc.com\/no\/?post_type=product&#038;p=4327"},"modified":"2022-03-22T01:21:06","modified_gmt":"2022-03-22T01:21:06","slug":"destillat-tinktur-1000mg-thc-gronn-gudinne","status":"publish","type":"product","link":"https:\/\/medicinasinc.com\/no\/product\/destillat-tinktur-1000mg-thc-gronn-gudinne\/","title":{"rendered":"Destillat tinktur &#8211; 1000mg THC &#8211; Gr\u00f8nn gudinne"},"content":{"rendered":"<p>Green Goddess \u2013 1000mg THC Tinktur<\/p>\n<p>Green Goddess Tinkturdr\u00e5per har flere fordeler i forhold til andre metoder for administrering av medisinske cannabinoider: en 30 ml boks med brukervennlig dr\u00e5pep\u00e5f\u00f8ring muliggj\u00f8r presis og p\u00e5litelig sublingual dosering. Munnslimhinnen letter rask og konsekvent absorpsjon i blodet. Ford\u00f8yelsessystemet og leveren er ikke involvert i behandlingen av disse tinkturene, som de er med oralt inntatte cannabinoider som finnes i spiselige varer. Diskret og ideell for ikke-r\u00f8ykere som s\u00f8ker fordelene med THC, men som mangler \u00e5ndedrettskapasiteten som er n\u00f8dvendig for r\u00f8yking.<\/p>\n<p>Produsert med et ekstrakt av hele cannabisplanten. Vi har lagt til en helt naturlig C8+C10-olje, en 100 prosent organisk kokosn\u00f8tt-avledet kilde til potente mellomkjedede fettsyrer som hjelper kroppen og sinnet til \u00e5 yte sitt beste. Naturlig smakstilsetning er tilsatt.<\/p>\n<p>Ingredienser:<\/p>\n<p>MCT-olje tilsatt hele cannabisplanteekstrakt (THC)<\/p>\n<p>Bruksforslag<\/p>\n<p>1 -2 droppere hver tredje til fjerde time, slipp under tungen og hold i 30 sekunder for maksimal lindring. R\u00e5df\u00f8r deg med legen din for \u00e5 bestemme riktig dosering. \u00c5 ta p\u00e5 tom mage anbefales ikke.<\/p>\n","protected":false},"excerpt":{"rendered":"<p>V\u00e5r f\u00f8rsteklasses CBD-destillat 1000mg THC Tincture hampolje har 1000 mg CBD ekstrahert fra Colorado-dyrket organisk hamp. Ta denne tinkturen daglig for velv\u00e6re drevet av planter!<\/p>\n<ul>\n<li>Verdensomfattende frakt<\/li>\n<li>1000mg THC per 30mL<\/li>\n<li>Minste bestillingsmengde er 5<\/li>\n<li>Kontakt oss for st\u00f8rre bestillinger<\/li>\n<\/ul>\n","protected":false},"featured_media":4357,"comment_status":"open","ping_status":"closed","template":"","meta":[],"product_brand":[],"product_cat":[440],"product_tag":[],"class_list":{"0":"post-4327","1":"product","2":"type-product","3":"status-publish","4":"has-post-thumbnail","6":"product_cat-kjp-cannabis-cbd-olje","8":"first","9":"instock","10":"shipping-taxable","11":"purchasable","12":"product-type-variable","13":"has-default-attributes"},"yoast_head":"<!-- This site is optimized with the Yoast SEO plugin v27.3 - https:\/\/yoast.com\/product\/yoast-seo-wordpress\/ -->\n<title>Destillat 1000mg THC tinktur \u2013 gr\u00f8nn gudinne \u2013 beste globale medisiner<\/title>\n<meta name=\"description\" content=\"V\u00e5r f\u00f8rsteklasses CBD-destillat 1000mg THC Tincture hampolje har 1000 mg CBD ekstrahert fra Colorado-dyrket organisk hamp. Ta denne tinkturen daglig for velv\u00e6re drevet av planter!\" \/>\n<meta name=\"robots\" content=\"index, follow, max-snippet:-1, max-image-preview:large, max-video-preview:-1\" \/>\n<link rel=\"canonical\" href=\"https:\/\/medicinasinc.com\/no\/product\/destillat-tinktur-1000mg-thc-gronn-gudinne\/\" \/>\n<meta property=\"og:locale\" content=\"nn_NO\" \/>\n<meta property=\"og:type\" content=\"article\" \/>\n<meta property=\"og:title\" content=\"Destillat 1000mg THC tinktur \u2013 gr\u00f8nn gudinne \u2013 beste globale medisiner\" \/>\n<meta property=\"og:description\" content=\"V\u00e5r f\u00f8rsteklasses CBD-destillat 1000mg THC Tincture hampolje har 1000 mg CBD ekstrahert fra Colorado-dyrket organisk hamp. Ta denne tinkturen daglig for velv\u00e6re drevet av planter!\" \/>\n<meta property=\"og:url\" content=\"https:\/\/medicinasinc.com\/no\/product\/destillat-tinktur-1000mg-thc-gronn-gudinne\/\" \/>\n<meta property=\"og:site_name\" content=\"Medicinas Inc\" \/>\n<meta property=\"article:modified_time\" content=\"2022-03-22T01:21:06+00:00\" \/>\n<meta property=\"og:image\" content=\"https:\/\/medicinasinc.com\/no\/wp-content\/uploads\/sites\/14\/2022\/02\/1000mg-THC-Tincture.jpg\" \/>\n\t<meta property=\"og:image:width\" content=\"600\" \/>\n\t<meta property=\"og:image:height\" content=\"600\" \/>\n\t<meta property=\"og:image:type\" content=\"image\/jpeg\" \/>\n<meta name=\"twitter:card\" content=\"summary_large_image\" \/>\n<meta name=\"twitter:label1\" content=\"Est. reading time\" \/>\n\t<meta name=\"twitter:data1\" content=\"1 minutt\" \/>\n<script type=\"application\/ld+json\" class=\"yoast-schema-graph\">{\"@context\":\"https:\\\/\\\/schema.org\",\"@graph\":[{\"@type\":\"WebPage\",\"@id\":\"https:\\\/\\\/medicinasinc.com\\\/no\\\/product\\\/destillat-tinktur-1000mg-thc-gronn-gudinne\\\/\",\"url\":\"https:\\\/\\\/medicinasinc.com\\\/no\\\/product\\\/destillat-tinktur-1000mg-thc-gronn-gudinne\\\/\",\"name\":\"Destillat 1000mg THC tinktur \u2013 gr\u00f8nn gudinne \u2013 beste globale medisiner\",\"isPartOf\":{\"@id\":\"https:\\\/\\\/medicinasinc.com\\\/no\\\/#website\"},\"primaryImageOfPage\":{\"@id\":\"https:\\\/\\\/medicinasinc.com\\\/no\\\/product\\\/destillat-tinktur-1000mg-thc-gronn-gudinne\\\/#primaryimage\"},\"image\":{\"@id\":\"https:\\\/\\\/medicinasinc.com\\\/no\\\/product\\\/destillat-tinktur-1000mg-thc-gronn-gudinne\\\/#primaryimage\"},\"thumbnailUrl\":\"https:\\\/\\\/medicinasinc.com\\\/no\\\/wp-content\\\/uploads\\\/sites\\\/14\\\/2022\\\/02\\\/1000mg-THC-Tincture.jpg\",\"datePublished\":\"2022-02-20T08:26:03+00:00\",\"dateModified\":\"2022-03-22T01:21:06+00:00\",\"description\":\"V\u00e5r f\u00f8rsteklasses CBD-destillat 1000mg THC Tincture hampolje har 1000 mg CBD ekstrahert fra Colorado-dyrket organisk hamp. Ta denne tinkturen daglig for velv\u00e6re drevet av planter!\",\"breadcrumb\":{\"@id\":\"https:\\\/\\\/medicinasinc.com\\\/no\\\/product\\\/destillat-tinktur-1000mg-thc-gronn-gudinne\\\/#breadcrumb\"},\"inLanguage\":\"nn-NO\",\"potentialAction\":[{\"@type\":\"ReadAction\",\"target\":[\"https:\\\/\\\/medicinasinc.com\\\/no\\\/product\\\/destillat-tinktur-1000mg-thc-gronn-gudinne\\\/\"]}]},{\"@type\":\"ImageObject\",\"inLanguage\":\"nn-NO\",\"@id\":\"https:\\\/\\\/medicinasinc.com\\\/no\\\/product\\\/destillat-tinktur-1000mg-thc-gronn-gudinne\\\/#primaryimage\",\"url\":\"https:\\\/\\\/medicinasinc.com\\\/no\\\/wp-content\\\/uploads\\\/sites\\\/14\\\/2022\\\/02\\\/1000mg-THC-Tincture.jpg\",\"contentUrl\":\"https:\\\/\\\/medicinasinc.com\\\/no\\\/wp-content\\\/uploads\\\/sites\\\/14\\\/2022\\\/02\\\/1000mg-THC-Tincture.jpg\",\"width\":600,\"height\":600},{\"@type\":\"BreadcrumbList\",\"@id\":\"https:\\\/\\\/medicinasinc.com\\\/no\\\/product\\\/destillat-tinktur-1000mg-thc-gronn-gudinne\\\/#breadcrumb\",\"itemListElement\":[{\"@type\":\"ListItem\",\"position\":1,\"name\":\"Butikk\",\"item\":\"https:\\\/\\\/medicinasinc.com\\\/no\\\/butikk\\\/\"},{\"@type\":\"ListItem\",\"position\":2,\"name\":\"Destillat tinktur &#8211; 1000mg THC &#8211; Gr\u00f8nn gudinne\"}]},{\"@type\":\"WebSite\",\"@id\":\"https:\\\/\\\/medicinasinc.com\\\/no\\\/#website\",\"url\":\"https:\\\/\\\/medicinasinc.com\\\/no\\\/\",\"name\":\"Medicinas Inc\",\"description\":\"Helsemedisinsk klinikk\",\"potentialAction\":[{\"@type\":\"SearchAction\",\"target\":{\"@type\":\"EntryPoint\",\"urlTemplate\":\"https:\\\/\\\/medicinasinc.com\\\/no\\\/?s={search_term_string}\"},\"query-input\":{\"@type\":\"PropertyValueSpecification\",\"valueRequired\":true,\"valueName\":\"search_term_string\"}}],\"inLanguage\":\"nn-NO\"}]}<\/script>\n<!-- \/ Yoast SEO plugin. -->","yoast_head_json":{"title":"Destillat 1000mg THC tinktur \u2013 gr\u00f8nn gudinne \u2013 beste globale medisiner","description":"V\u00e5r f\u00f8rsteklasses CBD-destillat 1000mg THC Tincture hampolje har 1000 mg CBD ekstrahert fra Colorado-dyrket organisk hamp. Ta denne tinkturen daglig for velv\u00e6re drevet av planter!","robots":{"index":"index","follow":"follow","max-snippet":"max-snippet:-1","max-image-preview":"max-image-preview:large","max-video-preview":"max-video-preview:-1"},"canonical":"https:\/\/medicinasinc.com\/no\/product\/destillat-tinktur-1000mg-thc-gronn-gudinne\/","og_locale":"nn_NO","og_type":"article","og_title":"Destillat 1000mg THC tinktur \u2013 gr\u00f8nn gudinne \u2013 beste globale medisiner","og_description":"V\u00e5r f\u00f8rsteklasses CBD-destillat 1000mg THC Tincture hampolje har 1000 mg CBD ekstrahert fra Colorado-dyrket organisk hamp. Ta denne tinkturen daglig for velv\u00e6re drevet av planter!","og_url":"https:\/\/medicinasinc.com\/no\/product\/destillat-tinktur-1000mg-thc-gronn-gudinne\/","og_site_name":"Medicinas Inc","article_modified_time":"2022-03-22T01:21:06+00:00","og_image":[{"width":600,"height":600,"url":"https:\/\/medicinasinc.com\/no\/wp-content\/uploads\/sites\/14\/2022\/02\/1000mg-THC-Tincture.jpg","type":"image\/jpeg"}],"twitter_card":"summary_large_image","twitter_misc":{"Est. reading time":"1 minutt"},"schema":{"@context":"https:\/\/schema.org","@graph":[{"@type":"WebPage","@id":"https:\/\/medicinasinc.com\/no\/product\/destillat-tinktur-1000mg-thc-gronn-gudinne\/","url":"https:\/\/medicinasinc.com\/no\/product\/destillat-tinktur-1000mg-thc-gronn-gudinne\/","name":"Destillat 1000mg THC tinktur \u2013 gr\u00f8nn gudinne \u2013 beste globale medisiner","isPartOf":{"@id":"https:\/\/medicinasinc.com\/no\/#website"},"primaryImageOfPage":{"@id":"https:\/\/medicinasinc.com\/no\/product\/destillat-tinktur-1000mg-thc-gronn-gudinne\/#primaryimage"},"image":{"@id":"https:\/\/medicinasinc.com\/no\/product\/destillat-tinktur-1000mg-thc-gronn-gudinne\/#primaryimage"},"thumbnailUrl":"https:\/\/medicinasinc.com\/no\/wp-content\/uploads\/sites\/14\/2022\/02\/1000mg-THC-Tincture.jpg","datePublished":"2022-02-20T08:26:03+00:00","dateModified":"2022-03-22T01:21:06+00:00","description":"V\u00e5r f\u00f8rsteklasses CBD-destillat 1000mg THC Tincture hampolje har 1000 mg CBD ekstrahert fra Colorado-dyrket organisk hamp. Ta denne tinkturen daglig for velv\u00e6re drevet av planter!","breadcrumb":{"@id":"https:\/\/medicinasinc.com\/no\/product\/destillat-tinktur-1000mg-thc-gronn-gudinne\/#breadcrumb"},"inLanguage":"nn-NO","potentialAction":[{"@type":"ReadAction","target":["https:\/\/medicinasinc.com\/no\/product\/destillat-tinktur-1000mg-thc-gronn-gudinne\/"]}]},{"@type":"ImageObject","inLanguage":"nn-NO","@id":"https:\/\/medicinasinc.com\/no\/product\/destillat-tinktur-1000mg-thc-gronn-gudinne\/#primaryimage","url":"https:\/\/medicinasinc.com\/no\/wp-content\/uploads\/sites\/14\/2022\/02\/1000mg-THC-Tincture.jpg","contentUrl":"https:\/\/medicinasinc.com\/no\/wp-content\/uploads\/sites\/14\/2022\/02\/1000mg-THC-Tincture.jpg","width":600,"height":600},{"@type":"BreadcrumbList","@id":"https:\/\/medicinasinc.com\/no\/product\/destillat-tinktur-1000mg-thc-gronn-gudinne\/#breadcrumb","itemListElement":[{"@type":"ListItem","position":1,"name":"Butikk","item":"https:\/\/medicinasinc.com\/no\/butikk\/"},{"@type":"ListItem","position":2,"name":"Destillat tinktur &#8211; 1000mg THC &#8211; Gr\u00f8nn gudinne"}]},{"@type":"WebSite","@id":"https:\/\/medicinasinc.com\/no\/#website","url":"https:\/\/medicinasinc.com\/no\/","name":"Medicinas Inc","description":"Helsemedisinsk klinikk","potentialAction":[{"@type":"SearchAction","target":{"@type":"EntryPoint","urlTemplate":"https:\/\/medicinasinc.com\/no\/?s={search_term_string}"},"query-input":{"@type":"PropertyValueSpecification","valueRequired":true,"valueName":"search_term_string"}}],"inLanguage":"nn-NO"}]}},"_links":{"self":[{"href":"https:\/\/medicinasinc.com\/no\/wp-json\/wp\/v2\/product\/4327","targetHints":{"allow":["GET"]}}],"collection":[{"href":"https:\/\/medicinasinc.com\/no\/wp-json\/wp\/v2\/product"}],"about":[{"href":"https:\/\/medicinasinc.com\/no\/wp-json\/wp\/v2\/types\/product"}],"replies":[{"embeddable":true,"href":"https:\/\/medicinasinc.com\/no\/wp-json\/wp\/v2\/comments?post=4327"}],"wp:featuredmedia":[{"embeddable":true,"href":"https:\/\/medicinasinc.com\/no\/wp-json\/wp\/v2\/media\/4357"}],"wp:attachment":[{"href":"https:\/\/medicinasinc.com\/no\/wp-json\/wp\/v2\/media?parent=4327"}],"wp:term":[{"taxonomy":"product_brand","embeddable":true,"href":"https:\/\/medicinasinc.com\/no\/wp-json\/wp\/v2\/product_brand?post=4327"},{"taxonomy":"product_cat","embeddable":true,"href":"https:\/\/medicinasinc.com\/no\/wp-json\/wp\/v2\/product_cat?post=4327"},{"taxonomy":"product_tag","embeddable":true,"href":"https:\/\/medicinasinc.com\/no\/wp-json\/wp\/v2\/product_tag?post=4327"}],"curies":[{"name":"wp","href":"https:\/\/api.w.org\/{rel}","templated":true}]}}