{"id":3,"date":"2022-02-19T02:31:18","date_gmt":"2022-02-19T02:31:18","guid":{"rendered":"https:\/\/medicinasinc.com\/no\/?page_id=3"},"modified":"2022-04-13T16:19:31","modified_gmt":"2022-04-13T16:19:31","slug":"retningslinjer","status":"publish","type":"page","link":"https:\/\/medicinasinc.com\/no\/retningslinjer\/","title":{"rendered":"Personvern og vilk\u00e5r"},"content":{"rendered":"<p>[vc_section][vc_row][vc_column][vc_row_inner][vc_column_inner][vc_custom_heading text=&raquo;V\u00e5re retningslinjer&raquo; font_container=&raquo;tag:h1|text_align:left&raquo; use_theme_fonts=&raquo;yes&raquo;][vc_separator align=&raquo;align_left&raquo; border_width=&raquo;2&#8243; el_width=&raquo;10&#8243;][\/vc_column_inner][\/vc_row_inner][\/vc_column][\/vc_row][vc_row][vc_column][vc_row_inner][vc_column_inner][vc_empty_space][vc_custom_heading text=&raquo;Har et sp\u00f8rsm\u00e5l?&raquo; use_theme_fonts=&raquo;yes&raquo;][\/vc_column_inner][\/vc_row_inner][vc_row_inner][vc_column_inner][vc_column_text]Ta en titt p\u00e5 de oftest stilte sp\u00f8rsm\u00e5lene ang\u00e5ende Medicinas nedenfor.<\/p>\n<p>Hvis det er et sp\u00f8rsm\u00e5l du leter etter, men ikke finner det, kan du gjerne <strong>ta kontakt<\/strong> med oss.[\/vc_column_text][\/vc_column_inner][\/vc_row_inner][vc_row_inner][vc_column_inner][vc_btn title=&raquo;Ta kontakt&raquo; link=&raquo;url:%2Fno%2Fkontakt%2F&raquo;][\/vc_column_inner][\/vc_row_inner][\/vc_column][\/vc_row][\/vc_section][vc_section][vc_row][vc_column][vc_row_inner][vc_column_inner][vc_empty_space height=&raquo;75px&raquo;][\/vc_column_inner][\/vc_row_inner][vc_row_inner][vc_column_inner][vc_column_text]<\/p>\n<ul>\n<li><a href=\"#shipping\">Retningslinjer for frakt<\/a><\/li>\n<li><a href=\"#cancellation\">Retningslinjer for kansellering av ordre<\/a><\/li>\n<li><a href=\"#refund\">Refusjonsretningslinjer<\/a><\/li>\n<li><a href=\"#privacy\">Personvernreglene<\/a><\/li>\n<li><a href=\"#disclaimer\">Ansvarsfraskrivelse<\/a><\/li>\n<\/ul>\n<p>[\/vc_column_text][\/vc_column_inner][\/vc_row_inner][\/vc_column][\/vc_row][\/vc_section][vc_section el_id=&raquo;shipping&raquo;][vc_row][vc_column][vc_row_inner][vc_column_inner][vc_empty_space height=&raquo;75px&raquo;][vc_custom_heading text=&raquo;Fraktpolicy&raquo; use_theme_fonts=&raquo;yes&raquo;][\/vc_column_inner][\/vc_row_inner][vc_row_inner][vc_column_inner][vc_column_text]Medisinene vi tilbyr er produsert og sendt fra India. Det er langt, s\u00e5 leveringen tar tid. Vanligvis blir forsendelsene levert innen 10-17 dager, men i noen tilfeller kan det v\u00e6re en forsinkelse p\u00e5 5 dager til.<\/p>\n<p>Ved manglende levering etter fristen, vennligst kontakt oss for \u00e5 informere om saken. Vi vil gj\u00f8re v\u00e5rt beste for \u00e5 tilby deg l\u00f8sningen som fullt ut tilfredsstiller dine interesser. Klikk <a href=\"\/faq#shipping\" rel=\"nofollow\">her<\/a> for \u00e5 l\u00e6re mer om frakt.[\/vc_column_text][\/vc_column_inner][\/vc_row_inner][\/vc_column][\/vc_row][\/vc_section][vc_section el_id=&raquo;cancellation&raquo;][vc_row][vc_column][vc_row_inner][vc_column_inner][vc_empty_space height=&raquo;75px&raquo;][vc_custom_heading text=&raquo;Avbestillingsregler for bestilling&raquo; use_theme_fonts=&raquo;yes&raquo;][\/vc_column_inner][\/vc_row_inner][vc_row_inner][vc_column_inner][vc_column_text]V\u00e6r informert om at vi aksepterer kanselleringer av ordre KUN innen 24 timer etter innsending av ordre. Hvis du \u00f8nsker \u00e5 kansellere bestillingen, m\u00e5 du kontakte supportteamet v\u00e5rt p\u00e5 telefon eller e-post ( <a href=\"\/no\/kontakt\/\" rel=\"nofollow\">Kontakt oss<\/a> ) og gi dem beskjed om avgj\u00f8relsen din . I tilfelle du kontakter oss etter 24 timer, vil ingen ordrekansellering bli behandlet.<\/p>\n<p>S\u00f8rg for at du legger inn en gyldig leveringsadresse i bestillingsskjemaet, vi anbefaler deg \u00e5 dobbeltsjekke notatene f\u00f8r du sender inn bestillingen. Enhver feil kan f\u00f8re til manglende levering av bestilte produkter. Hvis du har lagt merke til at adressenotatene var feil spesifisert, kontakt oss s\u00e5 snart du kan for \u00e5 informere om saken ( <a href=\"\/no\/kontakt\/\" rel=\"nofollow\">Kontakt oss<\/a> ).[\/vc_column_text][\/vc_column_inner][\/vc_row_inner][\/vc_column][\/vc_row][\/vc_section][vc_section el_id=&raquo;refund&raquo;][vc_row][vc_column][vc_row_inner][vc_column_inner][vc_empty_space height=&raquo;75px&raquo;][vc_custom_heading text=&raquo;Angrerett&raquo; use_theme_fonts=&raquo;yes&raquo;][\/vc_column_inner][\/vc_row_inner][vc_row_inner][vc_column_inner][vc_column_text]Medisinene vi tilbyr er generisk likeverdige med deres merkenavn-motparter. Vi garanterer at de er like kjemisk og har samme medisinske effekt.<\/p>\n<p>Hvis du ikke er forn\u00f8yd med effekten v\u00e5re medisiner gir, vennligst <a href=\"\/contact\/\" rel=\"nofollow\">kontakt oss<\/a> for \u00e5 informere om problemet. Vi vil gi deg returadressen, og s\u00e5 snart produktet er mottatt av v\u00e5r returavdeling, starter vi refusjonsprosedyren.<\/p>\n<p>F\u00f8r du kontakter oss, vennligst s\u00f8rg for at du tar riktig dosering av produktene og f\u00f8lg bruksanvisningen. V\u00e6r oppmerksom p\u00e5 at effektene kan bremses av fet mat og alkohol du tar f\u00f8r fanen.<\/p>\n<p>I tilfelle <strong>ikke-levering av produktet<\/strong> innen fristen (leveringen tar 10-17 dager, det kan v\u00e6re en ytterligere forsinkelse p\u00e5 5 dager for tollkontrollen) kan du kontakte v\u00e5rt supportteam ( &lt; a href=&raquo;\/contact\/&raquo; rel=&raquo;nofollow&raquo;&gt;Kontakt USA ) for \u00e5 kvalifisere for refusjon. Betalingen din vil bli refundert i sin helhet til kredittkortet ditt. Refusjonsprosedyren tar vanligvis 5-7 virkedager, etter denne perioden vil refusjonen reflekteres p\u00e5 kredittkortutskriften.<\/p>\n<p>P\u00e5 grunn av den spesifikke karakteren til produktene vi tilbyr godtar vi ikke retur. Ingen kan garantere at lagringsbetingelsene er oppfylt under bestillingstransporten, s\u00e5 vi kan ikke godta dem selv om pakken forblir u\u00e5pnet.[\/vc_column_text][\/vc_column_inner][\/vc_row_inner][\/vc_column][\/vc_row][\/vc_section][vc_section el_id=&raquo;privacy&raquo;][vc_row][vc_column][vc_row_inner][vc_column_inner][vc_empty_space height=&raquo;75px&raquo;][vc_custom_heading text=&raquo;Personvernerkl\u00e6ring&raquo; use_theme_fonts=&raquo;yes&raquo;][\/vc_column_inner][\/vc_row_inner][vc_row_inner][vc_column_inner][vc_column_text]Vi forst\u00e5r at personvernet til all informasjon du oppgir er av prim\u00e6r betydning. Dette er grunnen til at vi gj\u00f8r alt vi kan for \u00e5 bruke den forsiktig og fornuftig. Denne informasjonen deles aldri med andre selskaper eller tredjeparts tjenesteleverand\u00f8rer.<\/p>\n<p>Alle transaksjoner p\u00e5 betalingssiden v\u00e5r er 100 % sikre. Vi beskytter sikkerheten til informasjonen din ved \u00e5 bruke 256-biters Secure Sockets Layer (SSL) programvare, som krypterer all informasjon du legger inn. I tillegg er faktureringsserverne v\u00e5re sertifisert av uavhengige og anerkjente byr\u00e5er som sikrer at vi holder informasjonen din trygg og privat.<\/p>\n<p>Bare de siste 4 sifrene p\u00e5 kredittkortet ditt reflekteres i databasen v\u00e5r, s\u00e5 selv v\u00e5re kundest\u00f8tteoperat\u00f8rer har ikke tilgang til kredittkortinformasjonen.[\/vc_column_text][\/vc_column_inner][\/vc_row_inner][\/vc_column][\/vc_row][\/vc_section][vc_section el_id=&raquo;disclaimer&raquo;][vc_row][vc_column][vc_row_inner][vc_column_inner][vc_empty_space height=&raquo;75px&raquo;][vc_custom_heading text=&raquo;Ansvarsfraskrivelse&raquo; use_theme_fonts=&raquo;yes&raquo;][\/vc_column_inner][\/vc_row_inner][vc_row_inner][vc_column_inner][vc_column_text]V\u00e5rt firma er ikke ansvarlig for, og fraskriver seg uttrykkelig ethvert ansvar for enhver forsinkelse i levering som ikke overstiger 10 dager etter angitt estimert leveringsdato. 10 (ti) dager etter den angitte estimerte leveringsdatoen, eller neste virkedag, i tilfelle en lokal helligdag, regnes som en frist.<\/p>\n<p>V\u00e5rt firma er ikke ansvarlig for mislykket levering i tilfelle Kunden spesifiserte en utilstrekkelig adresse, feil adresse eller en adresse som ikke f\u00f8rer til en vellykket levering p\u00e5 noen annen m\u00e5te.<br \/>\nV\u00e5rt firma er ikke ansvarlig for mislykket levering i tilfelle Kunden unnlot \u00e5 kreve pakken, nektet den eller forhindret en vellykket levering p\u00e5 annen m\u00e5te. Alle omsendinger i slike tilfeller gj\u00f8res kun via internasjonal vanlig post.<\/p>\n<p>V\u00e5rt firma er ikke ansvarlig for, og fraskriver seg uttrykkelig ethvert ansvar for levering av generiske produkter som ikke oppfyller kundens forventninger etter kriterier som \u2013 farge, form og st\u00f8rrelse p\u00e5 pillen, tilstedev\u00e6relse av merking trykket p\u00e5 eller merket p\u00e5 pillen, som b\u00e6rer et markedsf\u00f8ringsnavn, eller er laget av en annen produsent enn den kunden forventet \u00e5 f\u00e5.<br \/>\nFor et hvilket som helst generisk produkt er all produktinformasjon som presenteres p\u00e5 nettstedet, som, men ikke begrenset til \u2013 miniatyrbilder, produktbilder, produsentens navn og markedsf\u00f8ringsnavn, utelukkende til informasjonsform\u00e5l.<\/p>\n<p>V\u00e5rt firma er ikke ansvarlig for, og fraskriver seg uttrykkelig alt ansvar for manglende effektivitet av det mottatte produktet i tilfelle produktet ble kj\u00f8pt for off-label bruk.<\/p>\n<p>Ved \u00e5 legge inn en bestilling hos v\u00e5rt selskap bekrefter du at du har lest, forst\u00e5tt og godtatt denne ansvarsfraskrivelsen. Enhver handling som tas for \u00e5 kreve tilbakebetalingen din av noen av \u00e5rsakene som er oppf\u00f8rt ovenfor, vil bli ansett som en uredelig handling og kan f\u00f8re til rettslige skritt og utestengelse fra systemet v\u00e5rt.[\/vc_column_text][\/vc_column_inner][\/vc_row_inner][\/vc_column][\/vc_row][\/vc_section]<\/p>\n","protected":false},"excerpt":{"rendered":"<p>[vc_section][vc_row][vc_column][vc_row_inner][vc_column_inner][vc_custom_heading text=&raquo;V\u00e5re retningslinjer&raquo; font_container=&raquo;tag:h1|text_align:left&raquo; use_theme_fonts=&raquo;yes&raquo;][vc_separator align=&raquo;align_left&raquo; border_width=&raquo;2&#8243; el_width=&raquo;10&#8243;][\/vc_column_inner][\/vc_row_inner][\/vc_column][\/vc_row][vc_row][vc_column][vc_row_inner][vc_column_inner][vc_empty_space][vc_custom_heading text=&raquo;Har et sp\u00f8rsm\u00e5l?&raquo; use_theme_fonts=&raquo;yes&raquo;][\/vc_column_inner][\/vc_row_inner][vc_row_inner][vc_column_inner][vc_column_text]Ta en titt p\u00e5 de oftest stilte sp\u00f8rsm\u00e5lene ang\u00e5ende Medicinas nedenfor. Hvis det er et sp\u00f8rsm\u00e5l du leter etter, men ikke finner det, kan du gjerne ta kontakt med oss.[\/vc_column_text][\/vc_column_inner][\/vc_row_inner][vc_row_inner][vc_column_inner][vc_btn title=&raquo;Ta kontakt&raquo; link=&raquo;url:%2Fno%2Fkontakt%2F&raquo;][\/vc_column_inner][\/vc_row_inner][\/vc_column][\/vc_row][\/vc_section][vc_section][vc_row][vc_column][vc_row_inner][vc_column_inner][vc_empty_space height=&raquo;75px&raquo;][\/vc_column_inner][\/vc_row_inner][vc_row_inner][vc_column_inner][vc_column_text] Retningslinjer for frakt Retningslinjer for kansellering av ordre Refusjonsretningslinjer Personvernreglene<\/p>\n","protected":false},"author":1,"featured_media":6033,"parent":0,"menu_order":0,"comment_status":"closed","ping_status":"closed","template":"","meta":{"footnotes":""},"class_list":["post-3","page","type-page","status-publish","has-post-thumbnail","hentry"],"yoast_head":"<!-- This site is optimized with the Yoast SEO plugin v27.3 - https:\/\/yoast.com\/product\/yoast-seo-wordpress\/ -->\n<title>Personvern og vilk\u00e5r - Medicinas Inc<\/title>\n<meta name=\"robots\" content=\"index, follow, max-snippet:-1, max-image-preview:large, max-video-preview:-1\" \/>\n<link rel=\"canonical\" href=\"https:\/\/medicinasinc.com\/no\/retningslinjer\/\" \/>\n<meta property=\"og:locale\" content=\"nn_NO\" \/>\n<meta property=\"og:type\" content=\"article\" \/>\n<meta property=\"og:title\" content=\"Personvern og vilk\u00e5r - Medicinas Inc\" \/>\n<meta property=\"og:description\" content=\"[vc_section][vc_row][vc_column][vc_row_inner][vc_column_inner][vc_custom_heading text=&raquo;V\u00e5re retningslinjer&raquo; font_container=&raquo;tag:h1|text_align:left&raquo; use_theme_fonts=&raquo;yes&raquo;][vc_separator align=&raquo;align_left&raquo; border_width=&raquo;2&#8243; el_width=&raquo;10&#8243;][\/vc_column_inner][\/vc_row_inner][\/vc_column][\/vc_row][vc_row][vc_column][vc_row_inner][vc_column_inner][vc_empty_space][vc_custom_heading text=&raquo;Har et sp\u00f8rsm\u00e5l?&raquo; use_theme_fonts=&raquo;yes&raquo;][\/vc_column_inner][\/vc_row_inner][vc_row_inner][vc_column_inner][vc_column_text]Ta en titt p\u00e5 de oftest stilte sp\u00f8rsm\u00e5lene ang\u00e5ende Medicinas nedenfor. Hvis det er et sp\u00f8rsm\u00e5l du leter etter, men ikke finner det, kan du gjerne ta kontakt med oss.[\/vc_column_text][\/vc_column_inner][\/vc_row_inner][vc_row_inner][vc_column_inner][vc_btn title=&raquo;Ta kontakt&raquo; link=&raquo;url:%2Fno%2Fkontakt%2F&raquo;][\/vc_column_inner][\/vc_row_inner][\/vc_column][\/vc_row][\/vc_section][vc_section][vc_row][vc_column][vc_row_inner][vc_column_inner][vc_empty_space height=&raquo;75px&raquo;][\/vc_column_inner][\/vc_row_inner][vc_row_inner][vc_column_inner][vc_column_text] Retningslinjer for frakt Retningslinjer for kansellering av ordre Refusjonsretningslinjer Personvernreglene\" \/>\n<meta property=\"og:url\" content=\"https:\/\/medicinasinc.com\/no\/retningslinjer\/\" \/>\n<meta property=\"og:site_name\" content=\"Medicinas Inc\" \/>\n<meta property=\"article:modified_time\" content=\"2022-04-13T16:19:31+00:00\" \/>\n<meta name=\"twitter:card\" content=\"summary_large_image\" \/>\n<meta name=\"twitter:label1\" content=\"Est. reading time\" \/>\n\t<meta name=\"twitter:data1\" content=\"4 minutt\" \/>\n<script type=\"application\/ld+json\" class=\"yoast-schema-graph\">{\"@context\":\"https:\\\/\\\/schema.org\",\"@graph\":[{\"@type\":\"WebPage\",\"@id\":\"https:\\\/\\\/medicinasinc.com\\\/no\\\/retningslinjer\\\/\",\"url\":\"https:\\\/\\\/medicinasinc.com\\\/no\\\/retningslinjer\\\/\",\"name\":\"Personvern og vilk\u00e5r - Medicinas Inc\",\"isPartOf\":{\"@id\":\"https:\\\/\\\/medicinasinc.com\\\/no\\\/#website\"},\"primaryImageOfPage\":{\"@id\":\"https:\\\/\\\/medicinasinc.com\\\/no\\\/retningslinjer\\\/#primaryimage\"},\"image\":{\"@id\":\"https:\\\/\\\/medicinasinc.com\\\/no\\\/retningslinjer\\\/#primaryimage\"},\"thumbnailUrl\":\"https:\\\/\\\/medicinasinc.com\\\/no\\\/wp-content\\\/uploads\\\/sites\\\/14\\\/2022\\\/04\\\/woocommerce-placeholder-medicinasinc.com_.png\",\"datePublished\":\"2022-02-19T02:31:18+00:00\",\"dateModified\":\"2022-04-13T16:19:31+00:00\",\"inLanguage\":\"nn-NO\",\"potentialAction\":[{\"@type\":\"ReadAction\",\"target\":[\"https:\\\/\\\/medicinasinc.com\\\/no\\\/retningslinjer\\\/\"]}]},{\"@type\":\"ImageObject\",\"inLanguage\":\"nn-NO\",\"@id\":\"https:\\\/\\\/medicinasinc.com\\\/no\\\/retningslinjer\\\/#primaryimage\",\"url\":\"https:\\\/\\\/medicinasinc.com\\\/no\\\/wp-content\\\/uploads\\\/sites\\\/14\\\/2022\\\/04\\\/woocommerce-placeholder-medicinasinc.com_.png\",\"contentUrl\":\"https:\\\/\\\/medicinasinc.com\\\/no\\\/wp-content\\\/uploads\\\/sites\\\/14\\\/2022\\\/04\\\/woocommerce-placeholder-medicinasinc.com_.png\",\"width\":1200,\"height\":1200},{\"@type\":\"WebSite\",\"@id\":\"https:\\\/\\\/medicinasinc.com\\\/no\\\/#website\",\"url\":\"https:\\\/\\\/medicinasinc.com\\\/no\\\/\",\"name\":\"Medicinas Inc\",\"description\":\"Helsemedisinsk klinikk\",\"potentialAction\":[{\"@type\":\"SearchAction\",\"target\":{\"@type\":\"EntryPoint\",\"urlTemplate\":\"https:\\\/\\\/medicinasinc.com\\\/no\\\/?s={search_term_string}\"},\"query-input\":{\"@type\":\"PropertyValueSpecification\",\"valueRequired\":true,\"valueName\":\"search_term_string\"}}],\"inLanguage\":\"nn-NO\"}]}<\/script>\n<!-- \/ Yoast SEO plugin. -->","yoast_head_json":{"title":"Personvern og vilk\u00e5r - Medicinas Inc","robots":{"index":"index","follow":"follow","max-snippet":"max-snippet:-1","max-image-preview":"max-image-preview:large","max-video-preview":"max-video-preview:-1"},"canonical":"https:\/\/medicinasinc.com\/no\/retningslinjer\/","og_locale":"nn_NO","og_type":"article","og_title":"Personvern og vilk\u00e5r - Medicinas Inc","og_description":"[vc_section][vc_row][vc_column][vc_row_inner][vc_column_inner][vc_custom_heading text=&raquo;V\u00e5re retningslinjer&raquo; font_container=&raquo;tag:h1|text_align:left&raquo; use_theme_fonts=&raquo;yes&raquo;][vc_separator align=&raquo;align_left&raquo; border_width=&raquo;2&#8243; el_width=&raquo;10&#8243;][\/vc_column_inner][\/vc_row_inner][\/vc_column][\/vc_row][vc_row][vc_column][vc_row_inner][vc_column_inner][vc_empty_space][vc_custom_heading text=&raquo;Har et sp\u00f8rsm\u00e5l?&raquo; use_theme_fonts=&raquo;yes&raquo;][\/vc_column_inner][\/vc_row_inner][vc_row_inner][vc_column_inner][vc_column_text]Ta en titt p\u00e5 de oftest stilte sp\u00f8rsm\u00e5lene ang\u00e5ende Medicinas nedenfor. Hvis det er et sp\u00f8rsm\u00e5l du leter etter, men ikke finner det, kan du gjerne ta kontakt med oss.[\/vc_column_text][\/vc_column_inner][\/vc_row_inner][vc_row_inner][vc_column_inner][vc_btn title=&raquo;Ta kontakt&raquo; link=&raquo;url:%2Fno%2Fkontakt%2F&raquo;][\/vc_column_inner][\/vc_row_inner][\/vc_column][\/vc_row][\/vc_section][vc_section][vc_row][vc_column][vc_row_inner][vc_column_inner][vc_empty_space height=&raquo;75px&raquo;][\/vc_column_inner][\/vc_row_inner][vc_row_inner][vc_column_inner][vc_column_text] Retningslinjer for frakt Retningslinjer for kansellering av ordre Refusjonsretningslinjer Personvernreglene","og_url":"https:\/\/medicinasinc.com\/no\/retningslinjer\/","og_site_name":"Medicinas Inc","article_modified_time":"2022-04-13T16:19:31+00:00","twitter_card":"summary_large_image","twitter_misc":{"Est. reading time":"4 minutt"},"schema":{"@context":"https:\/\/schema.org","@graph":[{"@type":"WebPage","@id":"https:\/\/medicinasinc.com\/no\/retningslinjer\/","url":"https:\/\/medicinasinc.com\/no\/retningslinjer\/","name":"Personvern og vilk\u00e5r - Medicinas Inc","isPartOf":{"@id":"https:\/\/medicinasinc.com\/no\/#website"},"primaryImageOfPage":{"@id":"https:\/\/medicinasinc.com\/no\/retningslinjer\/#primaryimage"},"image":{"@id":"https:\/\/medicinasinc.com\/no\/retningslinjer\/#primaryimage"},"thumbnailUrl":"https:\/\/medicinasinc.com\/no\/wp-content\/uploads\/sites\/14\/2022\/04\/woocommerce-placeholder-medicinasinc.com_.png","datePublished":"2022-02-19T02:31:18+00:00","dateModified":"2022-04-13T16:19:31+00:00","inLanguage":"nn-NO","potentialAction":[{"@type":"ReadAction","target":["https:\/\/medicinasinc.com\/no\/retningslinjer\/"]}]},{"@type":"ImageObject","inLanguage":"nn-NO","@id":"https:\/\/medicinasinc.com\/no\/retningslinjer\/#primaryimage","url":"https:\/\/medicinasinc.com\/no\/wp-content\/uploads\/sites\/14\/2022\/04\/woocommerce-placeholder-medicinasinc.com_.png","contentUrl":"https:\/\/medicinasinc.com\/no\/wp-content\/uploads\/sites\/14\/2022\/04\/woocommerce-placeholder-medicinasinc.com_.png","width":1200,"height":1200},{"@type":"WebSite","@id":"https:\/\/medicinasinc.com\/no\/#website","url":"https:\/\/medicinasinc.com\/no\/","name":"Medicinas Inc","description":"Helsemedisinsk klinikk","potentialAction":[{"@type":"SearchAction","target":{"@type":"EntryPoint","urlTemplate":"https:\/\/medicinasinc.com\/no\/?s={search_term_string}"},"query-input":{"@type":"PropertyValueSpecification","valueRequired":true,"valueName":"search_term_string"}}],"inLanguage":"nn-NO"}]}},"_links":{"self":[{"href":"https:\/\/medicinasinc.com\/no\/wp-json\/wp\/v2\/pages\/3","targetHints":{"allow":["GET"]}}],"collection":[{"href":"https:\/\/medicinasinc.com\/no\/wp-json\/wp\/v2\/pages"}],"about":[{"href":"https:\/\/medicinasinc.com\/no\/wp-json\/wp\/v2\/types\/page"}],"author":[{"embeddable":true,"href":"https:\/\/medicinasinc.com\/no\/wp-json\/wp\/v2\/users\/1"}],"replies":[{"embeddable":true,"href":"https:\/\/medicinasinc.com\/no\/wp-json\/wp\/v2\/comments?post=3"}],"version-history":[{"count":0,"href":"https:\/\/medicinasinc.com\/no\/wp-json\/wp\/v2\/pages\/3\/revisions"}],"wp:featuredmedia":[{"embeddable":true,"href":"https:\/\/medicinasinc.com\/no\/wp-json\/wp\/v2\/media\/6033"}],"wp:attachment":[{"href":"https:\/\/medicinasinc.com\/no\/wp-json\/wp\/v2\/media?parent=3"}],"curies":[{"name":"wp","href":"https:\/\/api.w.org\/{rel}","templated":true}]}}