{"id":5897,"date":"2022-02-22T08:07:13","date_gmt":"2022-02-22T08:07:13","guid":{"rendered":"https:\/\/medicinasinc.com\/nl\/?post_type=product&#038;p=5897"},"modified":"2022-07-05T02:11:24","modified_gmt":"2022-07-05T02:11:24","slug":"koop-5c-akb48","status":"publish","type":"product","link":"https:\/\/medicinasinc.com\/nl\/product\/koop-5c-akb48\/","title":{"rendered":"Koop 5C-AKB48"},"content":{"rendered":"<p>Wat is de 5C-AKB48-code?<\/p>\n<p>5C-AKB48 is een synthetische cannabino\u00efde die behoort tot de klasse van indazolcarboxamide. Het is de 5-chlooranaloog van 5F-AKB48 (vaak aangeduid als AKB48, 5F-APINACA of 5F-AKB48), de bekendere synthetische cannabino\u00efde die in Zuid-Korea is ontdekt.<\/p>\n<p>Europa&#8217;s grootste retailer van 5C-AKB48-poeder.<\/p>\n<p>5C-AKB48 kan online worden gekocht met Bitcoin. 5C-AKB48 is een sterkere versie van AKB-48 die werkt op cannabino\u00efde-receptoren.<\/p>\n<p>5C-AKB48 zou vergelijkbare, maar krachtigere effecten hebben dan 5F-AKB48, en, zoals alle synthetische cannabino\u00efden, het heeft een hoge affiniteit voor de CB1- en CB2-receptoren.<\/p>\n<p>5C-AKB48 chemische eigenschappen<\/p>\n<p>C23H30CIN3O<\/p>\n<p>N- (adamantan-1-yl)<\/p>\n<p>-1-(5-chloorpentyl)-1H-indazol<\/p>\n<p>-3-carboxamide<\/p>\n<p>Molecuulgewicht: 400,00 g\/mol<\/p>\n<p>Zuiverheid : meer dan 98 procent<\/p>\n<p>5C-AKB48 is een synthetische cannabino\u00efde die behoort tot de familie van indazol-3-carboxamide. Het deelt vergelijkbare moleculaire kenmerken met 5F-ABD. Zoals het geval is met veel cannabino\u00efden, heeft het een hoge affiniteit voor de CB1- en CB2-receptoren, wat bijdraagt \u200b\u200baan de euforische eigenschappen. Zoals het geval is met de meeste cannabino\u00efden, is het onoplosbaar in water en stabiel bij kamertemperatuur. Zoals het geval is met de meeste cannabino\u00efden, heeft 5C-AKB48 een aanzienlijk potentieel voor gebruik als pijnstiller en eetlustopwekker. Hoewel er geen proeven bij mensen zijn uitgevoerd, is het redelijk om aan te nemen dat 5C-AKB48 dezelfde synthetische cannabino\u00efde-effecten heeft als andere chemicali\u00ebn in dezelfde klasse. Er moet worden vermeld dat het veiligheidsprofiel van dit medicijn niet grondig is ge\u00ebvalueerd en dat het niet bedoeld is voor menselijke consumptie.<\/p>\n<p>Wat zijn de waarschijnlijke bijwerkingen en voorzorgsmaatregelen die verband houden met 5C-AKB48?<\/p>\n<p>De effecten van 5C-psychoactieve AKB48 zijn vergelijkbaar met die van andere natuurlijke en synthetische cannabino\u00efden, met name 5F-ABD.<\/p>\n<p>Sedatie: misschien wel het meest bekende effect van cannabino\u00efden, consumenten melden een diep gevoel van kalmte en verminderde energieniveaus na consumptie van 5C-AKB48.<\/p>\n<p>Ontsteking verminderen: millennia lang worden natuurlijk voorkomende cannabino\u00efden gebruikt vanwege hun ontstekingsremmende eigenschappen. CBD (een niet-psychoactieve cannabino\u00efde) is recentelijk populair geworden als pijn- en ontstekingsverlichter. Hoewel er geen offici\u00eble onderzoeken zijn uitgevoerd, is het redelijk om aan te nemen dat 5C-AKB48 de ontstekingsremmende eigenschappen bezit die geassocieerd worden met cannabino\u00efden.<\/p>\n<p>Kenmerken tegen misselijkheid en braken: Cannabino\u00efden hebben anti-misselijkheid en braakwerende eigenschappen die worden al vele jaren klinisch gezien [1], met routinematig voorgeschreven medicijnen zoals Marinol, syndros en Nabilone die synthetische cannabino\u00efden bevatten.<\/p>\n<p>Cannabino\u00efden staan \u200b\u200bal lang bekend om hun vermogen om de ernst van migraine aanzienlijk te verminderen en chronische hoofdpijn bij mensen [2]. Helaas zijn er geen gecontroleerde onderzoeken uitgevoerd naar het nut van 5C-AKB48 bij de behandeling van hoofdpijn en bestaan \u200b\u200ber slechts enkele anekdotische rapporten.<\/p>\n<p>Zoals eerder aangegeven, is er geen formeel onderzoek gedaan naar 5C-AKB48 en daarom is het veiligheidsprofiel op dit moment onduidelijk. Ondanks het ontbreken van testen, mogen we verwachten dat het de typische nadelige effecten van cannabis zal vertonen. Daarom is het van cruciaal belang om te onthouden dat 5C-AKB48 alleen bedoeld is voor onderzoeksgebruik en niet bedoeld is voor menselijke consumptie. Het mag niet worden gehanteerd zonder het gebruik van geschikte laboratoriumapparatuur, waaronder oogbescherming en handschoenen.<\/p>\n<p>Waar kan ik kopen?<\/p>\n<p>Chemical Planet is er trots op de hoogste kwaliteit 5C- AKB48 op de markt. Chemical Planet is ook een nummer 1 betrouwbare leverancier, die snelle, discrete verzending naar een aantal plaatsen over de hele wereld biedt.<\/p>\n<p>Om 5C-AKB48 te kopen, moet u minimaal 18 jaar oud zijn en alle gangbare creditcards hebben evenals bitcoin worden geaccepteerd. Alle producten, inclusief 5C-AKB48, zijn uitsluitend bedoeld voor onderzoeksdoeleinden en zijn niet bedoeld voor menselijke consumptie.<\/p>\n","protected":false},"excerpt":{"rendered":"<p>Koop 5c-akb48 te koop, groothandel 5c-akb48 VK, bestel 5cakb48 Europa leverancier. 5c-akb48 is een op indazol gebaseerde synthetische cannabino\u00efde die online is verkocht als designerdrug.<\/p>\n","protected":false},"featured_media":5928,"comment_status":"open","ping_status":"closed","template":"","meta":[],"product_brand":[],"product_cat":[2596],"product_tag":[4052,4053,4054,4055,4056,2600,2616,4059,4058,4057,2615,4060,4061,4062,4064,4063,4065],"class_list":{"0":"post-5897","1":"product","2":"type-product","3":"status-publish","4":"has-post-thumbnail","6":"product_cat-cannabinoiden-te-koop","7":"product_tag-5c-akb48","8":"product_tag-5c-akb48-te-koop","9":"product_tag-5cakb48","10":"product_tag-5f-mdmb-2201-5f-mdmb-2201-cannabinode","11":"product_tag-5f-mdmb-2201-psychonaut","12":"product_tag-5f-mdmb-2201","13":"product_tag-5f-mdmb-2201-review","14":"product_tag-5f-mdmb-2201-reviews","15":"product_tag-5f-mdmb-2201-dosering","16":"product_tag-5f-mdmb-2201-cayman","17":"product_tag-5f-mdmb-2201-reddit","18":"product_tag-5f-mdmb-2201-wiki","19":"product_tag-5fmdmb2201-5f-mdmb-2201-kannabinode","20":"product_tag-buy-5c-akb48-online","21":"product_tag-de-beste-plaats-om-te-kopen-5c-akb48-online","22":"product_tag-aankoop-5c-akb48-online","23":"product_tag-waar-te-kopen-5c-akb48-online","25":"first","26":"instock","27":"shipping-taxable","28":"purchasable","29":"product-type-variable"},"yoast_head":"<!-- This site is optimized with the Yoast SEO plugin v27.2 - https:\/\/yoast.com\/product\/yoast-seo-wordpress\/ -->\n<title>Koop 5c-akb48 bij een betrouwbare leverancier - Cannabino\u00efden - Best Global Meds<\/title>\n<meta name=\"description\" content=\"Koop 5c-akb48 te koop, groothandel 5c-akb48 VK, bestel 5cakb48 Europa leverancier. 5c-akb48 is een op indazol gebaseerde synthetische cannabino\u00efde die online is verkocht als designerdrug.\" \/>\n<meta name=\"robots\" content=\"index, follow, max-snippet:-1, max-image-preview:large, max-video-preview:-1\" \/>\n<link rel=\"canonical\" href=\"https:\/\/medicinasinc.com\/nl\/product\/koop-5c-akb48\/\" \/>\n<meta property=\"og:locale\" content=\"nl_NL\" \/>\n<meta property=\"og:type\" content=\"article\" \/>\n<meta property=\"og:title\" content=\"Koop 5c-akb48 bij een betrouwbare leverancier - Cannabino\u00efden - Best Global Meds\" \/>\n<meta property=\"og:description\" content=\"Koop 5c-akb48 te koop, groothandel 5c-akb48 VK, bestel 5cakb48 Europa leverancier. 5c-akb48 is een op indazol gebaseerde synthetische cannabino\u00efde die online is verkocht als designerdrug.\" \/>\n<meta property=\"og:url\" content=\"https:\/\/medicinasinc.com\/nl\/product\/koop-5c-akb48\/\" \/>\n<meta property=\"og:site_name\" content=\"Medicinas Inc\" \/>\n<meta property=\"article:modified_time\" content=\"2022-07-05T02:11:24+00:00\" \/>\n<meta property=\"og:image\" content=\"https:\/\/medicinasinc.com\/nl\/wp-content\/uploads\/sites\/17\/2022\/02\/Buy-5C-AKB48.png\" \/>\n\t<meta property=\"og:image:width\" content=\"500\" \/>\n\t<meta property=\"og:image:height\" content=\"500\" \/>\n\t<meta property=\"og:image:type\" content=\"image\/png\" \/>\n<meta name=\"twitter:card\" content=\"summary_large_image\" \/>\n<meta name=\"twitter:label1\" content=\"Geschatte leestijd\" \/>\n\t<meta name=\"twitter:data1\" content=\"3 minuten\" \/>\n<script type=\"application\/ld+json\" class=\"yoast-schema-graph\">{\"@context\":\"https:\/\/schema.org\",\"@graph\":[{\"@type\":\"WebPage\",\"@id\":\"https:\/\/medicinasinc.com\/nl\/product\/koop-5c-akb48\/\",\"url\":\"https:\/\/medicinasinc.com\/nl\/product\/koop-5c-akb48\/\",\"name\":\"Koop 5c-akb48 bij een betrouwbare leverancier - Cannabino\u00efden - Best Global Meds\",\"isPartOf\":{\"@id\":\"https:\/\/medicinasinc.com\/nl\/#website\"},\"primaryImageOfPage\":{\"@id\":\"https:\/\/medicinasinc.com\/nl\/product\/koop-5c-akb48\/#primaryimage\"},\"image\":{\"@id\":\"https:\/\/medicinasinc.com\/nl\/product\/koop-5c-akb48\/#primaryimage\"},\"thumbnailUrl\":\"https:\/\/medicinasinc.com\/nl\/wp-content\/uploads\/sites\/17\/2022\/02\/Buy-5C-AKB48.png\",\"datePublished\":\"2022-02-22T08:07:13+00:00\",\"dateModified\":\"2022-07-05T02:11:24+00:00\",\"description\":\"Koop 5c-akb48 te koop, groothandel 5c-akb48 VK, bestel 5cakb48 Europa leverancier. 5c-akb48 is een op indazol gebaseerde synthetische cannabino\u00efde die online is verkocht als designerdrug.\",\"breadcrumb\":{\"@id\":\"https:\/\/medicinasinc.com\/nl\/product\/koop-5c-akb48\/#breadcrumb\"},\"inLanguage\":\"nl-NL\",\"potentialAction\":[{\"@type\":\"ReadAction\",\"target\":[\"https:\/\/medicinasinc.com\/nl\/product\/koop-5c-akb48\/\"]}]},{\"@type\":\"ImageObject\",\"inLanguage\":\"nl-NL\",\"@id\":\"https:\/\/medicinasinc.com\/nl\/product\/koop-5c-akb48\/#primaryimage\",\"url\":\"https:\/\/medicinasinc.com\/nl\/wp-content\/uploads\/sites\/17\/2022\/02\/Buy-5C-AKB48.png\",\"contentUrl\":\"https:\/\/medicinasinc.com\/nl\/wp-content\/uploads\/sites\/17\/2022\/02\/Buy-5C-AKB48.png\",\"width\":500,\"height\":500},{\"@type\":\"BreadcrumbList\",\"@id\":\"https:\/\/medicinasinc.com\/nl\/product\/koop-5c-akb48\/#breadcrumb\",\"itemListElement\":[{\"@type\":\"ListItem\",\"position\":1,\"name\":\"Winkel\",\"item\":\"https:\/\/medicinasinc.com\/nl\/winkel\/\"},{\"@type\":\"ListItem\",\"position\":2,\"name\":\"Koop 5C-AKB48\"}]},{\"@type\":\"WebSite\",\"@id\":\"https:\/\/medicinasinc.com\/nl\/#website\",\"url\":\"https:\/\/medicinasinc.com\/nl\/\",\"name\":\"Medicinas Inc\",\"description\":\"Health Medical Clinic\",\"potentialAction\":[{\"@type\":\"SearchAction\",\"target\":{\"@type\":\"EntryPoint\",\"urlTemplate\":\"https:\/\/medicinasinc.com\/nl\/?s={search_term_string}\"},\"query-input\":{\"@type\":\"PropertyValueSpecification\",\"valueRequired\":true,\"valueName\":\"search_term_string\"}}],\"inLanguage\":\"nl-NL\"}]}<\/script>\n<!-- \/ Yoast SEO plugin. -->","yoast_head_json":{"title":"Koop 5c-akb48 bij een betrouwbare leverancier - Cannabino\u00efden - Best Global Meds","description":"Koop 5c-akb48 te koop, groothandel 5c-akb48 VK, bestel 5cakb48 Europa leverancier. 5c-akb48 is een op indazol gebaseerde synthetische cannabino\u00efde die online is verkocht als designerdrug.","robots":{"index":"index","follow":"follow","max-snippet":"max-snippet:-1","max-image-preview":"max-image-preview:large","max-video-preview":"max-video-preview:-1"},"canonical":"https:\/\/medicinasinc.com\/nl\/product\/koop-5c-akb48\/","og_locale":"nl_NL","og_type":"article","og_title":"Koop 5c-akb48 bij een betrouwbare leverancier - Cannabino\u00efden - Best Global Meds","og_description":"Koop 5c-akb48 te koop, groothandel 5c-akb48 VK, bestel 5cakb48 Europa leverancier. 5c-akb48 is een op indazol gebaseerde synthetische cannabino\u00efde die online is verkocht als designerdrug.","og_url":"https:\/\/medicinasinc.com\/nl\/product\/koop-5c-akb48\/","og_site_name":"Medicinas Inc","article_modified_time":"2022-07-05T02:11:24+00:00","og_image":[{"width":500,"height":500,"url":"https:\/\/medicinasinc.com\/nl\/wp-content\/uploads\/sites\/17\/2022\/02\/Buy-5C-AKB48.png","type":"image\/png"}],"twitter_card":"summary_large_image","twitter_misc":{"Geschatte leestijd":"3 minuten"},"schema":{"@context":"https:\/\/schema.org","@graph":[{"@type":"WebPage","@id":"https:\/\/medicinasinc.com\/nl\/product\/koop-5c-akb48\/","url":"https:\/\/medicinasinc.com\/nl\/product\/koop-5c-akb48\/","name":"Koop 5c-akb48 bij een betrouwbare leverancier - Cannabino\u00efden - Best Global Meds","isPartOf":{"@id":"https:\/\/medicinasinc.com\/nl\/#website"},"primaryImageOfPage":{"@id":"https:\/\/medicinasinc.com\/nl\/product\/koop-5c-akb48\/#primaryimage"},"image":{"@id":"https:\/\/medicinasinc.com\/nl\/product\/koop-5c-akb48\/#primaryimage"},"thumbnailUrl":"https:\/\/medicinasinc.com\/nl\/wp-content\/uploads\/sites\/17\/2022\/02\/Buy-5C-AKB48.png","datePublished":"2022-02-22T08:07:13+00:00","dateModified":"2022-07-05T02:11:24+00:00","description":"Koop 5c-akb48 te koop, groothandel 5c-akb48 VK, bestel 5cakb48 Europa leverancier. 5c-akb48 is een op indazol gebaseerde synthetische cannabino\u00efde die online is verkocht als designerdrug.","breadcrumb":{"@id":"https:\/\/medicinasinc.com\/nl\/product\/koop-5c-akb48\/#breadcrumb"},"inLanguage":"nl-NL","potentialAction":[{"@type":"ReadAction","target":["https:\/\/medicinasinc.com\/nl\/product\/koop-5c-akb48\/"]}]},{"@type":"ImageObject","inLanguage":"nl-NL","@id":"https:\/\/medicinasinc.com\/nl\/product\/koop-5c-akb48\/#primaryimage","url":"https:\/\/medicinasinc.com\/nl\/wp-content\/uploads\/sites\/17\/2022\/02\/Buy-5C-AKB48.png","contentUrl":"https:\/\/medicinasinc.com\/nl\/wp-content\/uploads\/sites\/17\/2022\/02\/Buy-5C-AKB48.png","width":500,"height":500},{"@type":"BreadcrumbList","@id":"https:\/\/medicinasinc.com\/nl\/product\/koop-5c-akb48\/#breadcrumb","itemListElement":[{"@type":"ListItem","position":1,"name":"Winkel","item":"https:\/\/medicinasinc.com\/nl\/winkel\/"},{"@type":"ListItem","position":2,"name":"Koop 5C-AKB48"}]},{"@type":"WebSite","@id":"https:\/\/medicinasinc.com\/nl\/#website","url":"https:\/\/medicinasinc.com\/nl\/","name":"Medicinas Inc","description":"Health Medical Clinic","potentialAction":[{"@type":"SearchAction","target":{"@type":"EntryPoint","urlTemplate":"https:\/\/medicinasinc.com\/nl\/?s={search_term_string}"},"query-input":{"@type":"PropertyValueSpecification","valueRequired":true,"valueName":"search_term_string"}}],"inLanguage":"nl-NL"}]}},"_links":{"self":[{"href":"https:\/\/medicinasinc.com\/nl\/wp-json\/wp\/v2\/product\/5897","targetHints":{"allow":["GET"]}}],"collection":[{"href":"https:\/\/medicinasinc.com\/nl\/wp-json\/wp\/v2\/product"}],"about":[{"href":"https:\/\/medicinasinc.com\/nl\/wp-json\/wp\/v2\/types\/product"}],"replies":[{"embeddable":true,"href":"https:\/\/medicinasinc.com\/nl\/wp-json\/wp\/v2\/comments?post=5897"}],"wp:featuredmedia":[{"embeddable":true,"href":"https:\/\/medicinasinc.com\/nl\/wp-json\/wp\/v2\/media\/5928"}],"wp:attachment":[{"href":"https:\/\/medicinasinc.com\/nl\/wp-json\/wp\/v2\/media?parent=5897"}],"wp:term":[{"taxonomy":"product_brand","embeddable":true,"href":"https:\/\/medicinasinc.com\/nl\/wp-json\/wp\/v2\/product_brand?post=5897"},{"taxonomy":"product_cat","embeddable":true,"href":"https:\/\/medicinasinc.com\/nl\/wp-json\/wp\/v2\/product_cat?post=5897"},{"taxonomy":"product_tag","embeddable":true,"href":"https:\/\/medicinasinc.com\/nl\/wp-json\/wp\/v2\/product_tag?post=5897"}],"curies":[{"name":"wp","href":"https:\/\/api.w.org\/{rel}","templated":true}]}}