{"id":5834,"date":"2022-02-22T07:05:31","date_gmt":"2022-02-22T07:05:31","guid":{"rendered":"https:\/\/medicinasinc.com\/nl\/?post_type=product&#038;p=5834"},"modified":"2022-07-05T02:17:28","modified_gmt":"2022-07-05T02:17:28","slug":"butabarbital-online-kopen","status":"publish","type":"product","link":"https:\/\/medicinasinc.com\/nl\/product\/butabarbital-online-kopen\/","title":{"rendered":"Butabarbital online kopen"},"content":{"rendered":"<p>Koop butabarbital natrium 50 mg tabletten van The Best Pharmacy Online.<\/p>\n<p>Nembutal Online Pharmacy is de beste plaats om butabarbital natrium 50 mg tabletten te kopen tegen de laagste kosten. We zijn al heel lang actief in de farmaceutische industrie. U kunt bij ons rekenen op de best mogelijke zorg voor uw gezondheid. Onze bekwame teamleden zullen er alles aan doen om uw verwachtingen te overtreffen. Koop onmiddellijk!<\/p>\n<p>Hoe moet u butabarbital-natrium gebruiken nadat u het bij ons heeft gekocht?<\/p>\n<p>Butabarbital-natrium is een uitstekend medicijn voor de behandeling van slapeloosheid bij mensen. Meestal is het een kortdurend medicijn. Deze stof kan in de medische industrie worden gebruikt als kalmerend middel v\u00f3\u00f3r een operatie.<\/p>\n<p>Om een \u200b\u200bjuiste toediening van butabarbitalnatrium te garanderen, bieden we onze klanten een handleiding aan. Deze handleiding bevat alle instructies van de medicatie. Je kunt ze gemakkelijk \u00e9\u00e9n voor \u00e9\u00e9n lezen en gebruiken voor de redenen waarvoor ze bedoeld zijn. U kunt volledig vertrouwen op onze gerenommeerde online apotheek. We houden consequent rekening met de belangen van onze gewaardeerde consumenten. We maken ons voortdurend zorgen over de gezondheid van onze klanten en inspecteren alle producten voordat ze worden afgeleverd.<\/p>\n<p>U kunt contact met ons opnemen om de beste prijs voor Butabarbital Natrium te krijgen. Onze experts vertalen uw bestelling en regelen deze voor onmiddellijke levering. Uw medicijnen worden binnen de door onze online apotheek aangegeven termijn naar u opgestuurd. Nembutal is nu beschikbaar voor een kortingsprijs!<\/p>\n","protected":false},"excerpt":{"rendered":"<p>Hoe kan ik Butabarbital Natrium krijgen van een Nembutal Online Apotheek?<\/p>\n<p>Online Nembutal Apotheek is nu beschikbaar. Dien uw bestelgegevens en betaling voor Butabarbital Natrium 50 mg Tabletten in op onze offici\u00eble website. Zodra een bestelling is geplaatst, wordt deze binnen de opgegeven termijn verwerkt. Plaats vandaag nog uw bestelling!<\/p>\n","protected":false},"featured_media":5844,"comment_status":"open","ping_status":"closed","template":"","meta":[],"product_brand":[],"product_cat":[3818],"product_tag":[],"class_list":{"0":"post-5834","1":"product","2":"type-product","3":"status-publish","4":"has-post-thumbnail","6":"product_cat-pentobarbital-te-koop","8":"first","9":"instock","10":"shipping-taxable","11":"purchasable","12":"product-type-variable"},"yoast_head":"<!-- This site is optimized with the Yoast SEO plugin v27.3 - https:\/\/yoast.com\/product\/yoast-seo-wordpress\/ -->\n<title>Koop Butabarbital Online - Beste Beste Wereldwijde Meds<\/title>\n<meta name=\"robots\" content=\"index, follow, max-snippet:-1, max-image-preview:large, max-video-preview:-1\" \/>\n<link rel=\"canonical\" href=\"https:\/\/medicinasinc.com\/nl\/product\/butabarbital-online-kopen\/\" \/>\n<meta property=\"og:locale\" content=\"nl_NL\" \/>\n<meta property=\"og:type\" content=\"article\" \/>\n<meta property=\"og:title\" content=\"Koop Butabarbital Online - Beste Beste Wereldwijde Meds\" \/>\n<meta property=\"og:description\" content=\"Hoe kan ik Butabarbital Natrium krijgen van een Nembutal Online Apotheek? Online Nembutal Apotheek is nu beschikbaar. Dien uw bestelgegevens en betaling voor Butabarbital Natrium 50 mg Tabletten in op onze offici\u00eble website. Zodra een bestelling is geplaatst, wordt deze binnen de opgegeven termijn verwerkt. Plaats vandaag nog uw bestelling!\" \/>\n<meta property=\"og:url\" content=\"https:\/\/medicinasinc.com\/nl\/product\/butabarbital-online-kopen\/\" \/>\n<meta property=\"og:site_name\" content=\"Medicinas Inc\" \/>\n<meta property=\"article:modified_time\" content=\"2022-07-05T02:17:28+00:00\" \/>\n<meta property=\"og:image\" content=\"https:\/\/medicinasinc.com\/nl\/wp-content\/uploads\/sites\/17\/2022\/02\/Buy-Butabarbital.jpg\" \/>\n\t<meta property=\"og:image:width\" content=\"600\" \/>\n\t<meta property=\"og:image:height\" content=\"600\" \/>\n\t<meta property=\"og:image:type\" content=\"image\/jpeg\" \/>\n<meta name=\"twitter:card\" content=\"summary_large_image\" \/>\n<meta name=\"twitter:label1\" content=\"Geschatte leestijd\" \/>\n\t<meta name=\"twitter:data1\" content=\"2 minuten\" \/>\n<script type=\"application\/ld+json\" class=\"yoast-schema-graph\">{\"@context\":\"https:\\\/\\\/schema.org\",\"@graph\":[{\"@type\":\"WebPage\",\"@id\":\"https:\\\/\\\/medicinasinc.com\\\/nl\\\/product\\\/butabarbital-online-kopen\\\/\",\"url\":\"https:\\\/\\\/medicinasinc.com\\\/nl\\\/product\\\/butabarbital-online-kopen\\\/\",\"name\":\"Koop Butabarbital Online - Beste Beste Wereldwijde Meds\",\"isPartOf\":{\"@id\":\"https:\\\/\\\/medicinasinc.com\\\/nl\\\/#website\"},\"primaryImageOfPage\":{\"@id\":\"https:\\\/\\\/medicinasinc.com\\\/nl\\\/product\\\/butabarbital-online-kopen\\\/#primaryimage\"},\"image\":{\"@id\":\"https:\\\/\\\/medicinasinc.com\\\/nl\\\/product\\\/butabarbital-online-kopen\\\/#primaryimage\"},\"thumbnailUrl\":\"https:\\\/\\\/medicinasinc.com\\\/nl\\\/wp-content\\\/uploads\\\/sites\\\/17\\\/2022\\\/02\\\/Buy-Butabarbital.jpg\",\"datePublished\":\"2022-02-22T07:05:31+00:00\",\"dateModified\":\"2022-07-05T02:17:28+00:00\",\"breadcrumb\":{\"@id\":\"https:\\\/\\\/medicinasinc.com\\\/nl\\\/product\\\/butabarbital-online-kopen\\\/#breadcrumb\"},\"inLanguage\":\"nl-NL\",\"potentialAction\":[{\"@type\":\"ReadAction\",\"target\":[\"https:\\\/\\\/medicinasinc.com\\\/nl\\\/product\\\/butabarbital-online-kopen\\\/\"]}]},{\"@type\":\"ImageObject\",\"inLanguage\":\"nl-NL\",\"@id\":\"https:\\\/\\\/medicinasinc.com\\\/nl\\\/product\\\/butabarbital-online-kopen\\\/#primaryimage\",\"url\":\"https:\\\/\\\/medicinasinc.com\\\/nl\\\/wp-content\\\/uploads\\\/sites\\\/17\\\/2022\\\/02\\\/Buy-Butabarbital.jpg\",\"contentUrl\":\"https:\\\/\\\/medicinasinc.com\\\/nl\\\/wp-content\\\/uploads\\\/sites\\\/17\\\/2022\\\/02\\\/Buy-Butabarbital.jpg\",\"width\":600,\"height\":600},{\"@type\":\"BreadcrumbList\",\"@id\":\"https:\\\/\\\/medicinasinc.com\\\/nl\\\/product\\\/butabarbital-online-kopen\\\/#breadcrumb\",\"itemListElement\":[{\"@type\":\"ListItem\",\"position\":1,\"name\":\"Winkel\",\"item\":\"https:\\\/\\\/medicinasinc.com\\\/nl\\\/winkel\\\/\"},{\"@type\":\"ListItem\",\"position\":2,\"name\":\"Butabarbital online kopen\"}]},{\"@type\":\"WebSite\",\"@id\":\"https:\\\/\\\/medicinasinc.com\\\/nl\\\/#website\",\"url\":\"https:\\\/\\\/medicinasinc.com\\\/nl\\\/\",\"name\":\"Medicinas Inc\",\"description\":\"Health Medical Clinic\",\"potentialAction\":[{\"@type\":\"SearchAction\",\"target\":{\"@type\":\"EntryPoint\",\"urlTemplate\":\"https:\\\/\\\/medicinasinc.com\\\/nl\\\/?s={search_term_string}\"},\"query-input\":{\"@type\":\"PropertyValueSpecification\",\"valueRequired\":true,\"valueName\":\"search_term_string\"}}],\"inLanguage\":\"nl-NL\"}]}<\/script>\n<!-- \/ Yoast SEO plugin. -->","yoast_head_json":{"title":"Koop Butabarbital Online - Beste Beste Wereldwijde Meds","robots":{"index":"index","follow":"follow","max-snippet":"max-snippet:-1","max-image-preview":"max-image-preview:large","max-video-preview":"max-video-preview:-1"},"canonical":"https:\/\/medicinasinc.com\/nl\/product\/butabarbital-online-kopen\/","og_locale":"nl_NL","og_type":"article","og_title":"Koop Butabarbital Online - Beste Beste Wereldwijde Meds","og_description":"Hoe kan ik Butabarbital Natrium krijgen van een Nembutal Online Apotheek? Online Nembutal Apotheek is nu beschikbaar. Dien uw bestelgegevens en betaling voor Butabarbital Natrium 50 mg Tabletten in op onze offici\u00eble website. Zodra een bestelling is geplaatst, wordt deze binnen de opgegeven termijn verwerkt. Plaats vandaag nog uw bestelling!","og_url":"https:\/\/medicinasinc.com\/nl\/product\/butabarbital-online-kopen\/","og_site_name":"Medicinas Inc","article_modified_time":"2022-07-05T02:17:28+00:00","og_image":[{"width":600,"height":600,"url":"https:\/\/medicinasinc.com\/nl\/wp-content\/uploads\/sites\/17\/2022\/02\/Buy-Butabarbital.jpg","type":"image\/jpeg"}],"twitter_card":"summary_large_image","twitter_misc":{"Geschatte leestijd":"2 minuten"},"schema":{"@context":"https:\/\/schema.org","@graph":[{"@type":"WebPage","@id":"https:\/\/medicinasinc.com\/nl\/product\/butabarbital-online-kopen\/","url":"https:\/\/medicinasinc.com\/nl\/product\/butabarbital-online-kopen\/","name":"Koop Butabarbital Online - Beste Beste Wereldwijde Meds","isPartOf":{"@id":"https:\/\/medicinasinc.com\/nl\/#website"},"primaryImageOfPage":{"@id":"https:\/\/medicinasinc.com\/nl\/product\/butabarbital-online-kopen\/#primaryimage"},"image":{"@id":"https:\/\/medicinasinc.com\/nl\/product\/butabarbital-online-kopen\/#primaryimage"},"thumbnailUrl":"https:\/\/medicinasinc.com\/nl\/wp-content\/uploads\/sites\/17\/2022\/02\/Buy-Butabarbital.jpg","datePublished":"2022-02-22T07:05:31+00:00","dateModified":"2022-07-05T02:17:28+00:00","breadcrumb":{"@id":"https:\/\/medicinasinc.com\/nl\/product\/butabarbital-online-kopen\/#breadcrumb"},"inLanguage":"nl-NL","potentialAction":[{"@type":"ReadAction","target":["https:\/\/medicinasinc.com\/nl\/product\/butabarbital-online-kopen\/"]}]},{"@type":"ImageObject","inLanguage":"nl-NL","@id":"https:\/\/medicinasinc.com\/nl\/product\/butabarbital-online-kopen\/#primaryimage","url":"https:\/\/medicinasinc.com\/nl\/wp-content\/uploads\/sites\/17\/2022\/02\/Buy-Butabarbital.jpg","contentUrl":"https:\/\/medicinasinc.com\/nl\/wp-content\/uploads\/sites\/17\/2022\/02\/Buy-Butabarbital.jpg","width":600,"height":600},{"@type":"BreadcrumbList","@id":"https:\/\/medicinasinc.com\/nl\/product\/butabarbital-online-kopen\/#breadcrumb","itemListElement":[{"@type":"ListItem","position":1,"name":"Winkel","item":"https:\/\/medicinasinc.com\/nl\/winkel\/"},{"@type":"ListItem","position":2,"name":"Butabarbital online kopen"}]},{"@type":"WebSite","@id":"https:\/\/medicinasinc.com\/nl\/#website","url":"https:\/\/medicinasinc.com\/nl\/","name":"Medicinas Inc","description":"Health Medical Clinic","potentialAction":[{"@type":"SearchAction","target":{"@type":"EntryPoint","urlTemplate":"https:\/\/medicinasinc.com\/nl\/?s={search_term_string}"},"query-input":{"@type":"PropertyValueSpecification","valueRequired":true,"valueName":"search_term_string"}}],"inLanguage":"nl-NL"}]}},"_links":{"self":[{"href":"https:\/\/medicinasinc.com\/nl\/wp-json\/wp\/v2\/product\/5834","targetHints":{"allow":["GET"]}}],"collection":[{"href":"https:\/\/medicinasinc.com\/nl\/wp-json\/wp\/v2\/product"}],"about":[{"href":"https:\/\/medicinasinc.com\/nl\/wp-json\/wp\/v2\/types\/product"}],"replies":[{"embeddable":true,"href":"https:\/\/medicinasinc.com\/nl\/wp-json\/wp\/v2\/comments?post=5834"}],"wp:featuredmedia":[{"embeddable":true,"href":"https:\/\/medicinasinc.com\/nl\/wp-json\/wp\/v2\/media\/5844"}],"wp:attachment":[{"href":"https:\/\/medicinasinc.com\/nl\/wp-json\/wp\/v2\/media?parent=5834"}],"wp:term":[{"taxonomy":"product_brand","embeddable":true,"href":"https:\/\/medicinasinc.com\/nl\/wp-json\/wp\/v2\/product_brand?post=5834"},{"taxonomy":"product_cat","embeddable":true,"href":"https:\/\/medicinasinc.com\/nl\/wp-json\/wp\/v2\/product_cat?post=5834"},{"taxonomy":"product_tag","embeddable":true,"href":"https:\/\/medicinasinc.com\/nl\/wp-json\/wp\/v2\/product_tag?post=5834"}],"curies":[{"name":"wp","href":"https:\/\/api.w.org\/{rel}","templated":true}]}}