{"id":5729,"date":"2022-02-22T04:59:37","date_gmt":"2022-02-22T04:59:37","guid":{"rendered":"https:\/\/medicinasinc.com\/nl\/?post_type=product&#038;p=5729"},"modified":"2022-07-05T02:23:29","modified_gmt":"2022-07-05T02:23:29","slug":"koop-hydrocodon-poeder","status":"publish","type":"product","link":"https:\/\/medicinasinc.com\/nl\/product\/koop-hydrocodon-poeder\/","title":{"rendered":"Hydrocodon-poeder kopen"},"content":{"rendered":"<p>Klik hier om Hydrocodon-poeder online te kopen.<br \/> Online kunt u Hydrocodon-poeder in bulk kopen voor een goede prijs tegen groothandelsprijzen. Hydrocodon, dat wordt verkocht onder de merknaam Hysingla en andere namen, is een opio\u00efde die kan worden gebruikt om pijn te behandelen die lang aanhoudt als andere behandelingen niet werken. Als hoestonderdrukker wordt het ook gebruikt door mensen ouder dan 18 jaar. Mensen eten het. Acetaminophen en hydrocodon worden meestal samen verkocht. Ibuprofen en hydrocodon worden meestal ook samen verkocht. Op zichzelf komt het in een langwerkende vorm die je kunt kopen.<\/p>\n<p>Er zijn twee soorten hydrocodonzout of -poeder:<\/p>\n<p>Hydrocodon is een semi-synthetisch opio\u00efde dat afkomstig is van de code\u00efneplant. Hydrocodon kan via de mond worden ingenomen om pijn te verlichten en hoesten te stoppen, vaak met paracetamol of ibuprofen. Er zijn veel voorschriften voor hydrocodon in de Verenigde Staten.<\/p>\n","protected":false},"excerpt":{"rendered":"<p>Hydrocodonpoeder te koop in Europa, het Verenigd Koninkrijk en Australi\u00eb. Code\u00efne wordt gebruikt om hydrocodonpoeder te maken, een semi-synthetische opio\u00efde. Goedkoopste tarieven voor Hydrocodon-poeder.<\/p>\n<p>Koop Hydrocodon-poeder online bij een betrouwbare bron.<\/p>\n<p>Het is een semi-synthetisch opio\u00efde afgeleid van code\u00efne. Hydrocodon poeder<\/p>\n","protected":false},"featured_media":5738,"comment_status":"open","ping_status":"closed","template":"","meta":[],"product_brand":[],"product_cat":[2014],"product_tag":[3671,3672,3673,3691,3687,3676,3677,3685,3682,3678,3683,3681,3686,3688,3689,3679,3684,3680,3674,3670,3692,3690,3695,3693,3694,3696,3697,3675,3700,3699,3698],"class_list":{"0":"post-5729","1":"product","2":"type-product","3":"status-publish","4":"has-post-thumbnail","6":"product_cat-onderzoek-chemicalien-kopen","7":"product_tag-buy-hydrocodone-online-usa","8":"product_tag-buy-hydrocodone-online-without-rx","9":"product_tag-buy-hydrocodone-powder","10":"product_tag-kratom-en-hydrocodon-combinatie","11":"product_tag-hydrocodon-poeder-gebruik","12":"product_tag-hydrocodon-hcl","13":"product_tag-hydrocodon-poeder","14":"product_tag-hydrocodon-poeder-review","15":"product_tag-hydrocodon-poeder-order","16":"product_tag-hydrocodon-poeder-kopen","17":"product_tag-hydrocodon-poeder-prijs","18":"product_tag-hydrocodon-poeder-te-verkoop","19":"product_tag-hydrocodon-poeder-verkoop","20":"product_tag-hydrocodon-vs-kratom","21":"product_tag-hydrocodon-vs-vicodin","22":"product_tag-hydrocodon-poeder-effect","23":"product_tag-hydrocodone-powder-reddit","24":"product_tag-hydrocodon-poeder-voor-compounding","25":"product_tag-kan-hydrocodon-je-doden","26":"product_tag-koop-hydrocodon-acetaminophen","27":"product_tag-kratom-bali-vergeleken-met-hydrocodon","28":"product_tag-kratom-en-hydrocodon","29":"product_tag-mengen-kratom-en-hydrocodon","30":"product_tag-kratom-vergeleken-met-norco","31":"product_tag-kratom-vs-hydrocodon-sterkte","32":"product_tag-pure-hydrocodon-poeder-te-koop","33":"product_tag-raw-hydrocodone-powder","34":"product_tag-veroorzaakt-hydrocodon-obstipatie","35":"product_tag-waar-hydrocodon-pillen-te-kopen","36":"product_tag-wat-is-hydrocodon-bestaat-uit","37":"product_tag-wat-gebeurt-als-je-hydrocodon-snuiven","39":"first","40":"instock","41":"shipping-taxable","42":"purchasable","43":"product-type-variable","44":"has-default-attributes"},"yoast_head":"<!-- This site is optimized with the Yoast SEO plugin v27.3 - https:\/\/yoast.com\/product\/yoast-seo-wordpress\/ -->\n<title>Koop Hydrocodon-poeder - Hydrocodon-poeder - Best Global Meds<\/title>\n<meta name=\"description\" content=\"Koop kwaliteit Hydrocodon-poeder te koop in Europa, VK, AU Online. Hydrocodon-poeder is een semi-synthetisch opio\u00efde afgeleid van code\u00efne. Bestel Hydrocodon Poeder tegen de beste prijzen\" \/>\n<meta name=\"robots\" content=\"index, follow, max-snippet:-1, max-image-preview:large, max-video-preview:-1\" \/>\n<link rel=\"canonical\" href=\"https:\/\/medicinasinc.com\/nl\/product\/koop-hydrocodon-poeder\/\" \/>\n<meta property=\"og:locale\" content=\"nl_NL\" \/>\n<meta property=\"og:type\" content=\"article\" \/>\n<meta property=\"og:title\" content=\"Koop Hydrocodon-poeder - Hydrocodon-poeder - Best Global Meds\" \/>\n<meta property=\"og:description\" content=\"Koop kwaliteit Hydrocodon-poeder te koop in Europa, VK, AU Online. Hydrocodon-poeder is een semi-synthetisch opio\u00efde afgeleid van code\u00efne. Bestel Hydrocodon Poeder tegen de beste prijzen\" \/>\n<meta property=\"og:url\" content=\"https:\/\/medicinasinc.com\/nl\/product\/koop-hydrocodon-poeder\/\" \/>\n<meta property=\"og:site_name\" content=\"Medicinas Inc\" \/>\n<meta property=\"article:modified_time\" content=\"2022-07-05T02:23:29+00:00\" \/>\n<meta property=\"og:image\" content=\"https:\/\/medicinasinc.com\/nl\/wp-content\/uploads\/sites\/17\/2022\/02\/Buy-Hydrocodone-Powder.jpg\" \/>\n\t<meta property=\"og:image:width\" content=\"650\" \/>\n\t<meta property=\"og:image:height\" content=\"390\" \/>\n\t<meta property=\"og:image:type\" content=\"image\/jpeg\" \/>\n<meta name=\"twitter:card\" content=\"summary_large_image\" \/>\n<meta name=\"twitter:label1\" content=\"Geschatte leestijd\" \/>\n\t<meta name=\"twitter:data1\" content=\"1 minuut\" \/>\n<script type=\"application\/ld+json\" class=\"yoast-schema-graph\">{\"@context\":\"https:\\\/\\\/schema.org\",\"@graph\":[{\"@type\":\"WebPage\",\"@id\":\"https:\\\/\\\/medicinasinc.com\\\/nl\\\/product\\\/koop-hydrocodon-poeder\\\/\",\"url\":\"https:\\\/\\\/medicinasinc.com\\\/nl\\\/product\\\/koop-hydrocodon-poeder\\\/\",\"name\":\"Koop Hydrocodon-poeder - Hydrocodon-poeder - Best Global Meds\",\"isPartOf\":{\"@id\":\"https:\\\/\\\/medicinasinc.com\\\/nl\\\/#website\"},\"primaryImageOfPage\":{\"@id\":\"https:\\\/\\\/medicinasinc.com\\\/nl\\\/product\\\/koop-hydrocodon-poeder\\\/#primaryimage\"},\"image\":{\"@id\":\"https:\\\/\\\/medicinasinc.com\\\/nl\\\/product\\\/koop-hydrocodon-poeder\\\/#primaryimage\"},\"thumbnailUrl\":\"https:\\\/\\\/medicinasinc.com\\\/nl\\\/wp-content\\\/uploads\\\/sites\\\/17\\\/2022\\\/02\\\/Buy-Hydrocodone-Powder.jpg\",\"datePublished\":\"2022-02-22T04:59:37+00:00\",\"dateModified\":\"2022-07-05T02:23:29+00:00\",\"description\":\"Koop kwaliteit Hydrocodon-poeder te koop in Europa, VK, AU Online. Hydrocodon-poeder is een semi-synthetisch opio\u00efde afgeleid van code\u00efne. Bestel Hydrocodon Poeder tegen de beste prijzen\",\"breadcrumb\":{\"@id\":\"https:\\\/\\\/medicinasinc.com\\\/nl\\\/product\\\/koop-hydrocodon-poeder\\\/#breadcrumb\"},\"inLanguage\":\"nl-NL\",\"potentialAction\":[{\"@type\":\"ReadAction\",\"target\":[\"https:\\\/\\\/medicinasinc.com\\\/nl\\\/product\\\/koop-hydrocodon-poeder\\\/\"]}]},{\"@type\":\"ImageObject\",\"inLanguage\":\"nl-NL\",\"@id\":\"https:\\\/\\\/medicinasinc.com\\\/nl\\\/product\\\/koop-hydrocodon-poeder\\\/#primaryimage\",\"url\":\"https:\\\/\\\/medicinasinc.com\\\/nl\\\/wp-content\\\/uploads\\\/sites\\\/17\\\/2022\\\/02\\\/Buy-Hydrocodone-Powder.jpg\",\"contentUrl\":\"https:\\\/\\\/medicinasinc.com\\\/nl\\\/wp-content\\\/uploads\\\/sites\\\/17\\\/2022\\\/02\\\/Buy-Hydrocodone-Powder.jpg\",\"width\":650,\"height\":390},{\"@type\":\"BreadcrumbList\",\"@id\":\"https:\\\/\\\/medicinasinc.com\\\/nl\\\/product\\\/koop-hydrocodon-poeder\\\/#breadcrumb\",\"itemListElement\":[{\"@type\":\"ListItem\",\"position\":1,\"name\":\"Winkel\",\"item\":\"https:\\\/\\\/medicinasinc.com\\\/nl\\\/winkel\\\/\"},{\"@type\":\"ListItem\",\"position\":2,\"name\":\"Hydrocodon-poeder kopen\"}]},{\"@type\":\"WebSite\",\"@id\":\"https:\\\/\\\/medicinasinc.com\\\/nl\\\/#website\",\"url\":\"https:\\\/\\\/medicinasinc.com\\\/nl\\\/\",\"name\":\"Medicinas Inc\",\"description\":\"Health Medical Clinic\",\"potentialAction\":[{\"@type\":\"SearchAction\",\"target\":{\"@type\":\"EntryPoint\",\"urlTemplate\":\"https:\\\/\\\/medicinasinc.com\\\/nl\\\/?s={search_term_string}\"},\"query-input\":{\"@type\":\"PropertyValueSpecification\",\"valueRequired\":true,\"valueName\":\"search_term_string\"}}],\"inLanguage\":\"nl-NL\"}]}<\/script>\n<!-- \/ Yoast SEO plugin. -->","yoast_head_json":{"title":"Koop Hydrocodon-poeder - Hydrocodon-poeder - Best Global Meds","description":"Koop kwaliteit Hydrocodon-poeder te koop in Europa, VK, AU Online. Hydrocodon-poeder is een semi-synthetisch opio\u00efde afgeleid van code\u00efne. Bestel Hydrocodon Poeder tegen de beste prijzen","robots":{"index":"index","follow":"follow","max-snippet":"max-snippet:-1","max-image-preview":"max-image-preview:large","max-video-preview":"max-video-preview:-1"},"canonical":"https:\/\/medicinasinc.com\/nl\/product\/koop-hydrocodon-poeder\/","og_locale":"nl_NL","og_type":"article","og_title":"Koop Hydrocodon-poeder - Hydrocodon-poeder - Best Global Meds","og_description":"Koop kwaliteit Hydrocodon-poeder te koop in Europa, VK, AU Online. Hydrocodon-poeder is een semi-synthetisch opio\u00efde afgeleid van code\u00efne. Bestel Hydrocodon Poeder tegen de beste prijzen","og_url":"https:\/\/medicinasinc.com\/nl\/product\/koop-hydrocodon-poeder\/","og_site_name":"Medicinas Inc","article_modified_time":"2022-07-05T02:23:29+00:00","og_image":[{"width":650,"height":390,"url":"https:\/\/medicinasinc.com\/nl\/wp-content\/uploads\/sites\/17\/2022\/02\/Buy-Hydrocodone-Powder.jpg","type":"image\/jpeg"}],"twitter_card":"summary_large_image","twitter_misc":{"Geschatte leestijd":"1 minuut"},"schema":{"@context":"https:\/\/schema.org","@graph":[{"@type":"WebPage","@id":"https:\/\/medicinasinc.com\/nl\/product\/koop-hydrocodon-poeder\/","url":"https:\/\/medicinasinc.com\/nl\/product\/koop-hydrocodon-poeder\/","name":"Koop Hydrocodon-poeder - Hydrocodon-poeder - Best Global Meds","isPartOf":{"@id":"https:\/\/medicinasinc.com\/nl\/#website"},"primaryImageOfPage":{"@id":"https:\/\/medicinasinc.com\/nl\/product\/koop-hydrocodon-poeder\/#primaryimage"},"image":{"@id":"https:\/\/medicinasinc.com\/nl\/product\/koop-hydrocodon-poeder\/#primaryimage"},"thumbnailUrl":"https:\/\/medicinasinc.com\/nl\/wp-content\/uploads\/sites\/17\/2022\/02\/Buy-Hydrocodone-Powder.jpg","datePublished":"2022-02-22T04:59:37+00:00","dateModified":"2022-07-05T02:23:29+00:00","description":"Koop kwaliteit Hydrocodon-poeder te koop in Europa, VK, AU Online. Hydrocodon-poeder is een semi-synthetisch opio\u00efde afgeleid van code\u00efne. Bestel Hydrocodon Poeder tegen de beste prijzen","breadcrumb":{"@id":"https:\/\/medicinasinc.com\/nl\/product\/koop-hydrocodon-poeder\/#breadcrumb"},"inLanguage":"nl-NL","potentialAction":[{"@type":"ReadAction","target":["https:\/\/medicinasinc.com\/nl\/product\/koop-hydrocodon-poeder\/"]}]},{"@type":"ImageObject","inLanguage":"nl-NL","@id":"https:\/\/medicinasinc.com\/nl\/product\/koop-hydrocodon-poeder\/#primaryimage","url":"https:\/\/medicinasinc.com\/nl\/wp-content\/uploads\/sites\/17\/2022\/02\/Buy-Hydrocodone-Powder.jpg","contentUrl":"https:\/\/medicinasinc.com\/nl\/wp-content\/uploads\/sites\/17\/2022\/02\/Buy-Hydrocodone-Powder.jpg","width":650,"height":390},{"@type":"BreadcrumbList","@id":"https:\/\/medicinasinc.com\/nl\/product\/koop-hydrocodon-poeder\/#breadcrumb","itemListElement":[{"@type":"ListItem","position":1,"name":"Winkel","item":"https:\/\/medicinasinc.com\/nl\/winkel\/"},{"@type":"ListItem","position":2,"name":"Hydrocodon-poeder kopen"}]},{"@type":"WebSite","@id":"https:\/\/medicinasinc.com\/nl\/#website","url":"https:\/\/medicinasinc.com\/nl\/","name":"Medicinas Inc","description":"Health Medical Clinic","potentialAction":[{"@type":"SearchAction","target":{"@type":"EntryPoint","urlTemplate":"https:\/\/medicinasinc.com\/nl\/?s={search_term_string}"},"query-input":{"@type":"PropertyValueSpecification","valueRequired":true,"valueName":"search_term_string"}}],"inLanguage":"nl-NL"}]}},"_links":{"self":[{"href":"https:\/\/medicinasinc.com\/nl\/wp-json\/wp\/v2\/product\/5729","targetHints":{"allow":["GET"]}}],"collection":[{"href":"https:\/\/medicinasinc.com\/nl\/wp-json\/wp\/v2\/product"}],"about":[{"href":"https:\/\/medicinasinc.com\/nl\/wp-json\/wp\/v2\/types\/product"}],"replies":[{"embeddable":true,"href":"https:\/\/medicinasinc.com\/nl\/wp-json\/wp\/v2\/comments?post=5729"}],"wp:featuredmedia":[{"embeddable":true,"href":"https:\/\/medicinasinc.com\/nl\/wp-json\/wp\/v2\/media\/5738"}],"wp:attachment":[{"href":"https:\/\/medicinasinc.com\/nl\/wp-json\/wp\/v2\/media?parent=5729"}],"wp:term":[{"taxonomy":"product_brand","embeddable":true,"href":"https:\/\/medicinasinc.com\/nl\/wp-json\/wp\/v2\/product_brand?post=5729"},{"taxonomy":"product_cat","embeddable":true,"href":"https:\/\/medicinasinc.com\/nl\/wp-json\/wp\/v2\/product_cat?post=5729"},{"taxonomy":"product_tag","embeddable":true,"href":"https:\/\/medicinasinc.com\/nl\/wp-json\/wp\/v2\/product_tag?post=5729"}],"curies":[{"name":"wp","href":"https:\/\/api.w.org\/{rel}","templated":true}]}}