{"id":5653,"date":"2022-02-22T03:27:38","date_gmt":"2022-02-22T03:27:38","guid":{"rendered":"https:\/\/medicinasinc.com\/nl\/?post_type=product&#038;p=5653"},"modified":"2022-07-05T02:26:39","modified_gmt":"2022-07-05T02:26:39","slug":"koop-3-mmc-poeder","status":"publish","type":"product","link":"https:\/\/medicinasinc.com\/nl\/product\/koop-3-mmc-poeder\/","title":{"rendered":"Koop 3-mmc poeder"},"content":{"rendered":"<p>De beste plaats om online 3-MMC-poeder te kopen is medicinasinc.com\/nl, de beste plaats om 3-MMC-poeder te kopen bij een chemische leverancier in Europa.<\/p>\n<p>Bankoverschrijving of bitcoin-betalingen ? Bekijk de details bij het uitchecken.<br \/> Houd er rekening mee dat u alleen gedekt bent voor verlies op een service die wordt bijgehouden en verzekerd. Als je pakket zoekraakt, krijg je na 30 dagen gratis verzending. Als uw pakket zoekraakt, krijgt u geen gratis nieuwe verzending.<br \/> Bitcoin-bestellingen die voor 15.30 uur zijn geplaatst, worden dezelfde dag verzonden.<br \/> Koop 3MMC-kaarten.<\/p>\n<p>U kunt Chemical kopen 3-MMC-poeder van www.bestglobalmeds.com in bulk voor een goedkope prijs.<\/p>\n<p>3-Methylmethcathinone, of 3-MMC, is een voorbeeld van een molecuul in de klasse van cathinonen die eraan zijn toegevoegd . Het is een type amfetamine met een fenylring die is gekoppeld aan een aminogroep (NH2) via een ethylketen en een extra methylsubstitutie op R.<\/p>\n<p>3-MMC en andere cathinonen verschillen van elk andere omdat ze ketonsubstituties hebben op de b\u00e8ta-koolstof van het amfetamineskelet, waardoor ze -keto-amfetaminen worden. methylsubstituties: 3-MMC heeft twee op zijn cathinonstructuur, \u00e9\u00e9n op R3 van de fenylgroep en \u00e9\u00e9n op de stikstofgroep RN, waar de methylgroep naartoe gaat. 3-MMC lijkt op mefedron, behalve \u00e9\u00e9n ding: de methylgroep wordt op R3 gezet in plaats van R4.<\/p>\n<p>Er zijn veel verschillende manieren waarop u 3-MMC-poeder kunt gebruiken, maar het is alleen bedoeld om gebruikt voor onderzoek. Het kan voor geen van deze andere dingen worden gebruikt.<\/p>\n<p>Voordat u onderzoekchemicali\u00ebn koopt, moet u ervoor zorgen dat u over het juiste gereedschap beschikt en dat uw werkruimte goed geventileerd is.<\/p>\n<p> Je moet ten minste 18 jaar oud zijn om dit artikel te kopen.<\/p>\n<p>Het 3-MMC-poeder is legaal in ons thuisland, waar we wonen. Het is aan u om de wetten in uw land, provincie, regio, staat of stad te kennen en te volgen. Wij zijn niet verantwoordelijk voor wat u doet of wat er gebeurt nadat u heeft besteld.<\/p>\n","protected":false},"excerpt":{"rendered":"<p>3-Methylmethcathinone, ook bekend als 3-MMC of metafedron[1], is een nieuw medicijn. Het hydrochloridezout van 3-MMC is een wit poeder dat eruitziet als vlokken.<\/p>\n<p>Waar kan ik 3-mmc-poeder kopen dat te koop is in het VK en Europa? In kristal-, pellet- en poedervorm hebben we hoogwaardige 3-MMC te koop. U kunt het bij ons kopen bij Best Global Meds.<\/p>\n<p>Het is gemakkelijk om 3-MMC-poeder online te kopen bij een bedrijf genaamd medicinasinc.com\/nl, dat een van de beste chemische leveranciers in Europa. Bankoverschrijving of bitcoin-betalingen zijn twee manieren waarop u dingen kunt betalen.<\/p>\n","protected":false},"featured_media":5664,"comment_status":"open","ping_status":"closed","template":"","meta":[],"product_brand":[],"product_cat":[2014],"product_tag":[2101,2102,2125,2129,2134,2135,2130,2131,2136,2178,2103,2104,2313,2259,2105,2106,2107,2110,2112,2113,2114,2115,2116,2144,2117,2118,2119,2108,2120,2121,2122,2123,2124,2126,2368,2133,2132,2127,2128,2139,2141,2140,2142,2111,2143,2145,2146,2152,2153,2150,2151,2155,2156,2403,2158,2372,2159,2160,2164,2161,2162,2163,2165,2166,2167,2168,2169,2172,2173,2174,2175,2176,2177,2179,2180,2182,2183,2184,2185,2186,2187,2188,2189,2190,2192,2193,2196,2197,2198,2199,2200,2201,2202,2204,2203,2205,2206,2209,2207,2208,2211,2212,2213,2214,2215,2216,2217,2218,2210,2219,2220,2221,2222,2223,2225,2226,2232,2233,2234,2236,2238,2239,2240,2243,2244,2245,2246,2247,2248,2249,2250,2251,2253,2254,2255,2256,2257,2258,2260,2262,2263,2265,2266,2157,2268,2269,2270,2271,2272,2273,2275,2276,2277,2278,2274,2279,2432,2170,2280,2281,2282,2283,2284,2285,2191,2286,2287,2288,2289,2194,2195,2290,2308,2359,2291,2447,2360,2292,2293,2361,2138,2295,2171,2294,2322,2433,2406,2267,2476,2309,2297,2298,2301,2302,2299,2300,2303,2304,2305,2306,2307,2441,2310,2422,2311,2315,2426,2312,2423,2424,2314,2425,2427,2316,2227,2228,2229,2261,2317,2428,2318,2429,2431,2264,2320,2235,2319,2430,2181,2321,2434,2323,2252,2329,2326,2327,2328,2331,2333,2334,2335,2337,2339,2340,2342,2345,2346,2347,2348,2349,2350,2351,2352,2353,2354,2355,2356,2357,2358,2362,2363,2364,2365,2366,2367,2369,2371,2373,2374,3500,2343,2380,2381,2382,2383,2384,2385,2386,2387,2390,2391,2395,2399,2396,2397,2398,2400,2401,2402,2404,2405,2407,2324,2325,2338,2330,2341,2332,2344,2336,2412,2413,2414,2415,2420,2421,2435,2437,2438,2439,2440,2442,2444,2446,2137,2436,2443,2445,2449,2450,2451,2452,2453,2454,2455,2456,2457,2458,2459,2460,2461,2462,2463,2379,2394,2408,2464,2409,2465,2410,2466,2411,2467,2468,2469,2470,2471,2472,2389,2417,2473,2388,2418,2474,2392,2475,2416,2370,2419],"class_list":{"0":"post-5653","1":"product","2":"type-product","3":"status-publish","4":"has-post-thumbnail","6":"product_cat-onderzoek-chemicalien-kopen","7":"product_tag-2-fdck","8":"product_tag-2-mmc","9":"product_tag-3-mmc-pellets","10":"product_tag-3-mmc-poeder","11":"product_tag-3-mmc-poeder-order","12":"product_tag-3-mmc-poeder-reddit","13":"product_tag-3-mmc-poeder-bulk","14":"product_tag-3-mmc-poeder-effect","15":"product_tag-3-mmc-poeder-verkoop","16":"product_tag-koop-3-mmc-pillen","17":"product_tag-3-cmc","18":"product_tag-3-mma","19":"product_tag-cup-3-moeder","20":"product_tag-cumpara-3-mma","21":"product_tag-3-mmc","22":"product_tag-3-mmc-bitcoin","23":"product_tag-3-mmc-bulgarije","24":"product_tag-3-mmc-cyprus","25":"product_tag-3-mmc-denmark","26":"product_tag-3-mmc-estonia","27":"product_tag-3-mmc-finland","28":"product_tag-3-mmc-frankrijk","29":"product_tag-3-mmc-griekenland","30":"product_tag-3-mmc-groothandel","31":"product_tag-3-mmc-hongarije","32":"product_tag-3-mmc-ierland","33":"product_tag-3-mmc-itali","34":"product_tag-3-mmc-kroatisch","35":"product_tag-3-mmc-letland","36":"product_tag-3-mmc-litouwen","37":"product_tag-3-mmc-luxemburg","38":"product_tag-3-mmc-malta","39":"product_tag-3-mmc-nederland","40":"product_tag-3-mmc-pillen","41":"product_tag-winkel-3-mmc-pillen","42":"product_tag-3-mmc-poeder-online","43":"product_tag-3-mmc-poeder-te-koop","44":"product_tag-3-mmc-polen","45":"product_tag-3-mmc-portugal","46":"product_tag-3-mmc-roemeni","47":"product_tag-3-mmc-slovenia","48":"product_tag-3-mmc-slowakije","49":"product_tag-3-mmc-spain","50":"product_tag-3-mmc-tsjechi","51":"product_tag-3-mmc-zweden","52":"product_tag-3mmc","53":"product_tag-3mmc-belgie","54":"product_tag-3mmc-groothandel","55":"product_tag-3mmc-met-bitcoin","56":"product_tag-3mmc-roemeni","57":"product_tag-3mmc-spanje","58":"product_tag-4-cmc","59":"product_tag-5-mmpa","60":"product_tag-winkel-naar-php","61":"product_tag-a-pihp","62":"product_tag-winkel-bij-pihp","63":"product_tag-acheter-2-fdck","64":"product_tag-acheter-2-mmc","65":"product_tag-acheter-3-mmc-pellets","66":"product_tag-acheter-3-cmc","67":"product_tag-acheter-3-mma","68":"product_tag-acheter-3-mmc","69":"product_tag-acheter-3-mmc-pillen","70":"product_tag-acheter-4-cmc","71":"product_tag-acheter-5-mmpa","72":"product_tag-acheter-a-php","73":"product_tag-acheter-a-pihp","74":"product_tag-acquista-2-fdck","75":"product_tag-acquista-2-mmc","76":"product_tag-acquista-3-cmc","77":"product_tag-acquista-3-mma","78":"product_tag-acquista-3-mmc","79":"product_tag-acquista-3-mmc-pellets","80":"product_tag-acquista-4-cmc","81":"product_tag-acquista-5-mmpa","82":"product_tag-acquista-a-pihp","83":"product_tag-acquista-eutylone","84":"product_tag-acquista-hexen","85":"product_tag-al-por-mayor-2-fdck","86":"product_tag-al-por-mayor-2-mmc","87":"product_tag-al-por-mayor-3-cmc","88":"product_tag-al-por-mayor-3-mma","89":"product_tag-al-por-mayor-3-mmc","90":"product_tag-al-por-mayor-3-mmc-pellets","91":"product_tag-al-por-mayor-4-cmc","92":"product_tag-al-por-mayor-5-mmpa","93":"product_tag-al-por-mayor-eutylone","94":"product_tag-al-por-mayor-hexedrone","95":"product_tag-al-por-mayor-hexen","96":"product_tag-beste-3-cmc","97":"product_tag-beste-3-mmc","98":"product_tag-beste-4-cmc","99":"product_tag-best-a-pihp","100":"product_tag-beste-heks","101":"product_tag-beste-hexadron","102":"product_tag-bulk-2-fdck","103":"product_tag-bulk-2-mmc","104":"product_tag-bulk-3-mmc","105":"product_tag-bulk-3-cmc","106":"product_tag-bulk-3-mma","107":"product_tag-bulk-3-mmc-pillen","108":"product_tag-bulk-4-cmc","109":"product_tag-bulk-5-mmpa","110":"product_tag-bulk-a-php","111":"product_tag-bulk-a-pihp","112":"product_tag-bulk-eutylon","113":"product_tag-bulk-hexedrone","114":"product_tag-bulk-hexen","115":"product_tag-bulk-3-mmc-pellets","116":"product_tag-buy-2-fdck","117":"product_tag-buy-2-mmc","118":"product_tag-buy-3-cmc","119":"product_tag-buy-3-mma","120":"product_tag-buy-3-mmc","121":"product_tag-buy-3-mmc-pellets","122":"product_tag-buy-3-mmc-pills","123":"product_tag-buy-3mmc-powder","124":"product_tag-buy-4-cmc","125":"product_tag-buy-5-mmpa","126":"product_tag-buy-a-pihp","127":"product_tag-buy-eutylone","128":"product_tag-buy-hexedrone","129":"product_tag-buy-hexen","130":"product_tag-comprar-2-fdck","131":"product_tag-comprar-2-mmc","132":"product_tag-comprar-3-cmc","133":"product_tag-comprar-3-mma","134":"product_tag-comprar-3-mmc","135":"product_tag-comprar-3-mmc-pellets","136":"product_tag-comprar-3-mmc-pills","137":"product_tag-comprar-4-cmc","138":"product_tag-comprar-5-mmpa","139":"product_tag-comprar-a-pihp","140":"product_tag-comprar-eutylone","141":"product_tag-comprar-hexedrone","142":"product_tag-comprar-hexen","143":"product_tag-cumpara-2-fdck","144":"product_tag-cumpara-3-cmc","145":"product_tag-cumpara-3-mmc","146":"product_tag-cumpara-5-mmpa","147":"product_tag-cumpara-a-php","148":"product_tag-cumpara-eutylone","149":"product_tag-cumpara-hexedrone","150":"product_tag-a-php","151":"product_tag-en-gros-2-fdck","152":"product_tag-en-gros-3-cmc","153":"product_tag-en-gros-3-mma","154":"product_tag-nl-gros-3-mmc","155":"product_tag-en-gros-4-cmc","156":"product_tag-en-gros-5-mmpa","157":"product_tag-en-gros-a-pihp","158":"product_tag-en-gros-eutylone","159":"product_tag-en-gros-hexedrone","160":"product_tag-en-gros-hexen","161":"product_tag-nl-gros-naar-php","162":"product_tag-eutylone","163":"product_tag-vasarold-meg-eutylone","164":"product_tag-koop-eutylon","165":"product_tag-groothandel-2-fdck","166":"product_tag-groothandel-2-mmc","167":"product_tag-groothandel-3-cmc","168":"product_tag-groothandel-3-mma","169":"product_tag-groothandel-3-mmc","170":"product_tag-groothandel-3-mmc-pellets","171":"product_tag-groothandel-3-mmc-pillen","172":"product_tag-groothandel-3-mmc-pills","173":"product_tag-groothandel-4-cmc","174":"product_tag-groothandel-5-mmpa","175":"product_tag-groothandel-a-php","176":"product_tag-groothandel-naar-php","177":"product_tag-groothandel-naar-pihp","178":"product_tag-groothandel-a-pihp","179":"product_tag-ingrosso-eutylon","180":"product_tag-groothandel-eutylon","181":"product_tag-groothandel-eutylone","182":"product_tag-vente-en-gros-hexen","183":"product_tag-groothandel-hexedron","184":"product_tag-groothandel-hexedrone","185":"product_tag-groothandel-hexen","186":"product_tag-groothandel-hexeen","187":"product_tag-3-mmc-poeder-groothandel","188":"product_tag-heksen","189":"product_tag-acheter-hexen","190":"product_tag-hexadron","191":"product_tag-hexedron-kopen","192":"product_tag-ijzer-solve-hexedron","193":"product_tag-hexedrone-winkel","194":"product_tag-hexeen-kopen","195":"product_tag-hoek-heksen","196":"product_tag-ingrosso-heksen","197":"product_tag-ingrosso-2-fdck","198":"product_tag-ingrosso-2-mmc","199":"product_tag-ingrosso-3-mmc","200":"product_tag-ingrosso-3-mmc-pellets","201":"product_tag-ingrosso-3-cmc","202":"product_tag-ingrosso-3-mma","203":"product_tag-ingrosso-3-mmc-pillen","204":"product_tag-ingrosso-4-cmc","205":"product_tag-ingrosso-5-mmpa","206":"product_tag-ingrosso-a-php","207":"product_tag-ingrosso-a-pihp","208":"product_tag-vente-en-gros-3-mmc-pillen","209":"product_tag-koop-2-fdck","210":"product_tag-ijzer-solve-2-mmc","211":"product_tag-koop-2-mmc","212":"product_tag-koop-3-mmc-pellets","213":"product_tag-ijzer-solve-3-mmc-pellets","214":"product_tag-koop-3-cmc","215":"product_tag-ijzer-solve-3-cmc","216":"product_tag-ijzer-oplossen-3-mma","217":"product_tag-koop-3-mmc","218":"product_tag-ijzer-solve-3-mmc","219":"product_tag-ijzer-oplossen-3-mmc-pillen","220":"product_tag-koop-3-mmc-pills","221":"product_tag-koop-3-mmc-poeder-europa","222":"product_tag-koop-3-mmc-poeder-uk","223":"product_tag-koop-3mmc","224":"product_tag-koop-4-cm3","225":"product_tag-koop-4-cmc","226":"product_tag-ijzer-solve-4-cmc","227":"product_tag-koop-5-mmpa","228":"product_tag-ijzer-solve-5-mmpa","229":"product_tag-ijzer-en-de-pihp","230":"product_tag-koop-een-pihp","231":"product_tag-koop-a-pihp","232":"product_tag-koop-een-php","233":"product_tag-koop-a-php","234":"product_tag-ijzer-oplossen-de-php","235":"product_tag-kopen-op-php","236":"product_tag-koop-eutylone","237":"product_tag-ijzer-solve-hexeen","238":"product_tag-koop-hexen","239":"product_tag-kopen-naar-php","240":"product_tag-magasin-3-mmc-pellets","241":"product_tag-magasin-3-cmc","242":"product_tag-magasin-3-mma","243":"product_tag-magasin-3-mmc","244":"product_tag-magasin-4-cmc","245":"product_tag-magasin-a-php","246":"product_tag-magasin-a-pihp","247":"product_tag-magasin-eutylone","248":"product_tag-magazin-2-fdck","249":"product_tag-magazin-3-mma","250":"product_tag-magazin-3-mmc","251":"product_tag-magazin-5-mmpa","252":"product_tag-magazin-eutylone","253":"product_tag-magazin-hexedrone","254":"product_tag-magazin-hexen","255":"product_tag-nagykereskedelem-2-fdck","256":"product_tag-nagykereskedelem-2-mmc","257":"product_tag-nagykereskedelem-3-cmc","258":"product_tag-nagykereskedelem-3-mma","259":"product_tag-nagykereskedelem-3-mmc","260":"product_tag-nagykereskedelem-3-mmc-pellets","261":"product_tag-nagykereskedelem-3-mmc-pills","262":"product_tag-nagykereskedelem-4-cmc","263":"product_tag-nagykereskedelem-5-mmpa","264":"product_tag-nagykereskedelem-a-php","265":"product_tag-nagykereskedelem-a-pihp","266":"product_tag-negozio-2-fdck","267":"product_tag-negozio-2-mmc","268":"product_tag-negozio-3-cmc","269":"product_tag-negozio-3-mma","270":"product_tag-negozio-3-mmc","271":"product_tag-negozio-3-mmc-pellets","272":"product_tag-negozio-4-cmc","273":"product_tag-negozio-a-php","274":"product_tag-negozio-eutylone","275":"product_tag-negozio-hexen","276":"product_tag-research-chemical-3-mmc-poeder","277":"product_tag-tijdschrift-a-php","278":"product_tag-shop-2-mmc","279":"product_tag-shop-3-cmc","280":"product_tag-shop-3-mma","281":"product_tag-shop-3-mmc","282":"product_tag-shop-3-mmc-pellets","283":"product_tag-shop-3-mmc-pills","284":"product_tag-shop-4-cmc","285":"product_tag-shop-5-mmpa","286":"product_tag-shop-eutylone","287":"product_tag-shop-hexedrone","288":"product_tag-tienda-2-mmc","289":"product_tag-tienda-3-mmc-pellets","290":"product_tag-tienda-3-cmc","291":"product_tag-tienda-3-mma","292":"product_tag-tienda-3-mmc","293":"product_tag-tienda-3-mmc-pills","294":"product_tag-tienda-4-cmc","295":"product_tag-tienda-5-mmpa","296":"product_tag-tienda-a-pihp","297":"product_tag-tienda-eutylone","298":"product_tag-tienda-hexen","299":"product_tag-tijdschrift-2-fdck","300":"product_tag-tijdschrift-2-mmc","301":"product_tag-tijdschrift-3-cmc","302":"product_tag-tijdschrift-3-mmc-pillen","303":"product_tag-tijdschrift-4-cmc","304":"product_tag-tijdschrift-5-mmpa","305":"product_tag-tijdschrift-a-pihp","306":"product_tag-tijdschrift-heksen","307":"product_tag-uzlet-3-mmc","308":"product_tag-uzlet-3-mmc-pellets","309":"product_tag-uzlet-3-mmc-pills","310":"product_tag-uzlet-4-cmc","311":"product_tag-uzlet-hexen","312":"product_tag-vasarold-meg-2-fdck","313":"product_tag-vente-en-gros-2-fdck","314":"product_tag-vente-en-gros-3-cmc","315":"product_tag-vente-en-gros-3-mma","316":"product_tag-vente-en-gros-3-mmc","317":"product_tag-vente-en-gros-3-mmc-pellets","318":"product_tag-vente-en-gros-4-cmc","319":"product_tag-vente-en-gros-a-php","320":"product_tag-vente-en-gros-eutylone","321":"product_tag-3-mmc-poederverkoop","322":"product_tag-verkoop-in-gros-2-mmc","323":"product_tag-verkoop-in-gros-5-mmpa","324":"product_tag-com-in-gros-a-pihp","325":"product_tag-wholesale-2-fdck","326":"product_tag-wholesale-2-mmc","327":"product_tag-wholesale-3-cmc","328":"product_tag-wholesale-3-mma","329":"product_tag-wholesale-3-mmc","330":"product_tag-wholesale-3-mmc-pellets","331":"product_tag-wholesale-3-mmc-pills","332":"product_tag-wholesale-4-cmc","333":"product_tag-wholesale-5-mmpa","334":"product_tag-wholesale-a-php","335":"product_tag-wholesale-a-pihp","336":"product_tag-wholesale-eutylone","337":"product_tag-wholesale-hexedrone","338":"product_tag-wholesale-hexen","339":"product_tag-winkel-2-fdck","340":"product_tag-shop-2-fdck","341":"product_tag-store-2-fdck","342":"product_tag-start-2-fdck","343":"product_tag-winkel-2-mmc","344":"product_tag-uzlet-2-mmc","345":"product_tag-winkel-3-cmc","346":"product_tag-opstijgen-3-cmc","347":"product_tag-winkel-3-mma","348":"product_tag-uzlet-3-mma","349":"product_tag-winkel-3-mmc","350":"product_tag-winkel-3-mmc-pellets","351":"product_tag-winkel-3-mmc-pills","352":"product_tag-winkel-4-cmc","353":"product_tag-winkel-5-mmpa","354":"product_tag-winkel-a-php","355":"product_tag-shop-a-pihp","356":"product_tag-take-off-a-pihp","357":"product_tag-winkel-a-pihp","358":"product_tag-shop-a-php","359":"product_tag-start-eutylone","360":"product_tag-winkel-eutylone","361":"product_tag-winkel-heksen","362":"product_tag-winkel-hexedrone","363":"product_tag-uzlet-a-php","364":"product_tag-zakelijk-5-mmpa","365":"product_tag-start-hexedrone","367":"first","368":"instock","369":"shipping-taxable","370":"purchasable","371":"product-type-variable","372":"has-default-attributes"},"yoast_head":"<!-- This site is optimized with the Yoast SEO plugin v27.3 - https:\/\/yoast.com\/product\/yoast-seo-wordpress\/ -->\n<title>Koop 3-mmc-poeder - 3-mmc-poeder te koop - Best Global Meds<\/title>\n<meta name=\"description\" content=\"Waar koop je 3-mmc-poeder te koop in het VK, Europa? Hier bij Best Global Meds hebben we 3-MMC-poeder van hoge kwaliteit te koop in kristal-, pellet- en poedervorm.\" \/>\n<meta name=\"robots\" content=\"index, follow, max-snippet:-1, max-image-preview:large, max-video-preview:-1\" \/>\n<link rel=\"canonical\" href=\"https:\/\/medicinasinc.com\/nl\/product\/koop-3-mmc-poeder\/\" \/>\n<meta property=\"og:locale\" content=\"nl_NL\" \/>\n<meta property=\"og:type\" content=\"article\" \/>\n<meta property=\"og:title\" content=\"Koop 3-mmc-poeder - 3-mmc-poeder te koop - Best Global Meds\" \/>\n<meta property=\"og:description\" content=\"Waar koop je 3-mmc-poeder te koop in het VK, Europa? Hier bij Best Global Meds hebben we 3-MMC-poeder van hoge kwaliteit te koop in kristal-, pellet- en poedervorm.\" \/>\n<meta property=\"og:url\" content=\"https:\/\/medicinasinc.com\/nl\/product\/koop-3-mmc-poeder\/\" \/>\n<meta property=\"og:site_name\" content=\"Medicinas Inc\" \/>\n<meta property=\"article:modified_time\" content=\"2022-07-05T02:26:39+00:00\" \/>\n<meta property=\"og:image\" content=\"https:\/\/medicinasinc.com\/nl\/wp-content\/uploads\/sites\/17\/2022\/02\/3-MMC-powder.jpg\" \/>\n\t<meta property=\"og:image:width\" content=\"350\" \/>\n\t<meta property=\"og:image:height\" content=\"350\" \/>\n\t<meta property=\"og:image:type\" content=\"image\/jpeg\" \/>\n<meta name=\"twitter:card\" content=\"summary_large_image\" \/>\n<meta name=\"twitter:label1\" content=\"Geschatte leestijd\" \/>\n\t<meta name=\"twitter:data1\" content=\"2 minuten\" \/>\n<script type=\"application\/ld+json\" class=\"yoast-schema-graph\">{\"@context\":\"https:\\\/\\\/schema.org\",\"@graph\":[{\"@type\":\"WebPage\",\"@id\":\"https:\\\/\\\/medicinasinc.com\\\/nl\\\/product\\\/koop-3-mmc-poeder\\\/\",\"url\":\"https:\\\/\\\/medicinasinc.com\\\/nl\\\/product\\\/koop-3-mmc-poeder\\\/\",\"name\":\"Koop 3-mmc-poeder - 3-mmc-poeder te koop - Best Global Meds\",\"isPartOf\":{\"@id\":\"https:\\\/\\\/medicinasinc.com\\\/nl\\\/#website\"},\"primaryImageOfPage\":{\"@id\":\"https:\\\/\\\/medicinasinc.com\\\/nl\\\/product\\\/koop-3-mmc-poeder\\\/#primaryimage\"},\"image\":{\"@id\":\"https:\\\/\\\/medicinasinc.com\\\/nl\\\/product\\\/koop-3-mmc-poeder\\\/#primaryimage\"},\"thumbnailUrl\":\"https:\\\/\\\/medicinasinc.com\\\/nl\\\/wp-content\\\/uploads\\\/sites\\\/17\\\/2022\\\/02\\\/3-MMC-powder.jpg\",\"datePublished\":\"2022-02-22T03:27:38+00:00\",\"dateModified\":\"2022-07-05T02:26:39+00:00\",\"description\":\"Waar koop je 3-mmc-poeder te koop in het VK, Europa? Hier bij Best Global Meds hebben we 3-MMC-poeder van hoge kwaliteit te koop in kristal-, pellet- en poedervorm.\",\"breadcrumb\":{\"@id\":\"https:\\\/\\\/medicinasinc.com\\\/nl\\\/product\\\/koop-3-mmc-poeder\\\/#breadcrumb\"},\"inLanguage\":\"nl-NL\",\"potentialAction\":[{\"@type\":\"ReadAction\",\"target\":[\"https:\\\/\\\/medicinasinc.com\\\/nl\\\/product\\\/koop-3-mmc-poeder\\\/\"]}]},{\"@type\":\"ImageObject\",\"inLanguage\":\"nl-NL\",\"@id\":\"https:\\\/\\\/medicinasinc.com\\\/nl\\\/product\\\/koop-3-mmc-poeder\\\/#primaryimage\",\"url\":\"https:\\\/\\\/medicinasinc.com\\\/nl\\\/wp-content\\\/uploads\\\/sites\\\/17\\\/2022\\\/02\\\/3-MMC-powder.jpg\",\"contentUrl\":\"https:\\\/\\\/medicinasinc.com\\\/nl\\\/wp-content\\\/uploads\\\/sites\\\/17\\\/2022\\\/02\\\/3-MMC-powder.jpg\",\"width\":350,\"height\":350},{\"@type\":\"BreadcrumbList\",\"@id\":\"https:\\\/\\\/medicinasinc.com\\\/nl\\\/product\\\/koop-3-mmc-poeder\\\/#breadcrumb\",\"itemListElement\":[{\"@type\":\"ListItem\",\"position\":1,\"name\":\"Winkel\",\"item\":\"https:\\\/\\\/medicinasinc.com\\\/nl\\\/winkel\\\/\"},{\"@type\":\"ListItem\",\"position\":2,\"name\":\"Koop 3-mmc poeder\"}]},{\"@type\":\"WebSite\",\"@id\":\"https:\\\/\\\/medicinasinc.com\\\/nl\\\/#website\",\"url\":\"https:\\\/\\\/medicinasinc.com\\\/nl\\\/\",\"name\":\"Medicinas Inc\",\"description\":\"Health Medical Clinic\",\"potentialAction\":[{\"@type\":\"SearchAction\",\"target\":{\"@type\":\"EntryPoint\",\"urlTemplate\":\"https:\\\/\\\/medicinasinc.com\\\/nl\\\/?s={search_term_string}\"},\"query-input\":{\"@type\":\"PropertyValueSpecification\",\"valueRequired\":true,\"valueName\":\"search_term_string\"}}],\"inLanguage\":\"nl-NL\"}]}<\/script>\n<!-- \/ Yoast SEO plugin. -->","yoast_head_json":{"title":"Koop 3-mmc-poeder - 3-mmc-poeder te koop - Best Global Meds","description":"Waar koop je 3-mmc-poeder te koop in het VK, Europa? Hier bij Best Global Meds hebben we 3-MMC-poeder van hoge kwaliteit te koop in kristal-, pellet- en poedervorm.","robots":{"index":"index","follow":"follow","max-snippet":"max-snippet:-1","max-image-preview":"max-image-preview:large","max-video-preview":"max-video-preview:-1"},"canonical":"https:\/\/medicinasinc.com\/nl\/product\/koop-3-mmc-poeder\/","og_locale":"nl_NL","og_type":"article","og_title":"Koop 3-mmc-poeder - 3-mmc-poeder te koop - Best Global Meds","og_description":"Waar koop je 3-mmc-poeder te koop in het VK, Europa? Hier bij Best Global Meds hebben we 3-MMC-poeder van hoge kwaliteit te koop in kristal-, pellet- en poedervorm.","og_url":"https:\/\/medicinasinc.com\/nl\/product\/koop-3-mmc-poeder\/","og_site_name":"Medicinas Inc","article_modified_time":"2022-07-05T02:26:39+00:00","og_image":[{"width":350,"height":350,"url":"https:\/\/medicinasinc.com\/nl\/wp-content\/uploads\/sites\/17\/2022\/02\/3-MMC-powder.jpg","type":"image\/jpeg"}],"twitter_card":"summary_large_image","twitter_misc":{"Geschatte leestijd":"2 minuten"},"schema":{"@context":"https:\/\/schema.org","@graph":[{"@type":"WebPage","@id":"https:\/\/medicinasinc.com\/nl\/product\/koop-3-mmc-poeder\/","url":"https:\/\/medicinasinc.com\/nl\/product\/koop-3-mmc-poeder\/","name":"Koop 3-mmc-poeder - 3-mmc-poeder te koop - Best Global Meds","isPartOf":{"@id":"https:\/\/medicinasinc.com\/nl\/#website"},"primaryImageOfPage":{"@id":"https:\/\/medicinasinc.com\/nl\/product\/koop-3-mmc-poeder\/#primaryimage"},"image":{"@id":"https:\/\/medicinasinc.com\/nl\/product\/koop-3-mmc-poeder\/#primaryimage"},"thumbnailUrl":"https:\/\/medicinasinc.com\/nl\/wp-content\/uploads\/sites\/17\/2022\/02\/3-MMC-powder.jpg","datePublished":"2022-02-22T03:27:38+00:00","dateModified":"2022-07-05T02:26:39+00:00","description":"Waar koop je 3-mmc-poeder te koop in het VK, Europa? Hier bij Best Global Meds hebben we 3-MMC-poeder van hoge kwaliteit te koop in kristal-, pellet- en poedervorm.","breadcrumb":{"@id":"https:\/\/medicinasinc.com\/nl\/product\/koop-3-mmc-poeder\/#breadcrumb"},"inLanguage":"nl-NL","potentialAction":[{"@type":"ReadAction","target":["https:\/\/medicinasinc.com\/nl\/product\/koop-3-mmc-poeder\/"]}]},{"@type":"ImageObject","inLanguage":"nl-NL","@id":"https:\/\/medicinasinc.com\/nl\/product\/koop-3-mmc-poeder\/#primaryimage","url":"https:\/\/medicinasinc.com\/nl\/wp-content\/uploads\/sites\/17\/2022\/02\/3-MMC-powder.jpg","contentUrl":"https:\/\/medicinasinc.com\/nl\/wp-content\/uploads\/sites\/17\/2022\/02\/3-MMC-powder.jpg","width":350,"height":350},{"@type":"BreadcrumbList","@id":"https:\/\/medicinasinc.com\/nl\/product\/koop-3-mmc-poeder\/#breadcrumb","itemListElement":[{"@type":"ListItem","position":1,"name":"Winkel","item":"https:\/\/medicinasinc.com\/nl\/winkel\/"},{"@type":"ListItem","position":2,"name":"Koop 3-mmc poeder"}]},{"@type":"WebSite","@id":"https:\/\/medicinasinc.com\/nl\/#website","url":"https:\/\/medicinasinc.com\/nl\/","name":"Medicinas Inc","description":"Health Medical Clinic","potentialAction":[{"@type":"SearchAction","target":{"@type":"EntryPoint","urlTemplate":"https:\/\/medicinasinc.com\/nl\/?s={search_term_string}"},"query-input":{"@type":"PropertyValueSpecification","valueRequired":true,"valueName":"search_term_string"}}],"inLanguage":"nl-NL"}]}},"_links":{"self":[{"href":"https:\/\/medicinasinc.com\/nl\/wp-json\/wp\/v2\/product\/5653","targetHints":{"allow":["GET"]}}],"collection":[{"href":"https:\/\/medicinasinc.com\/nl\/wp-json\/wp\/v2\/product"}],"about":[{"href":"https:\/\/medicinasinc.com\/nl\/wp-json\/wp\/v2\/types\/product"}],"replies":[{"embeddable":true,"href":"https:\/\/medicinasinc.com\/nl\/wp-json\/wp\/v2\/comments?post=5653"}],"wp:featuredmedia":[{"embeddable":true,"href":"https:\/\/medicinasinc.com\/nl\/wp-json\/wp\/v2\/media\/5664"}],"wp:attachment":[{"href":"https:\/\/medicinasinc.com\/nl\/wp-json\/wp\/v2\/media?parent=5653"}],"wp:term":[{"taxonomy":"product_brand","embeddable":true,"href":"https:\/\/medicinasinc.com\/nl\/wp-json\/wp\/v2\/product_brand?post=5653"},{"taxonomy":"product_cat","embeddable":true,"href":"https:\/\/medicinasinc.com\/nl\/wp-json\/wp\/v2\/product_cat?post=5653"},{"taxonomy":"product_tag","embeddable":true,"href":"https:\/\/medicinasinc.com\/nl\/wp-json\/wp\/v2\/product_tag?post=5653"}],"curies":[{"name":"wp","href":"https:\/\/api.w.org\/{rel}","templated":true}]}}