{"id":5651,"date":"2022-02-22T03:22:57","date_gmt":"2022-02-22T03:22:57","guid":{"rendered":"https:\/\/medicinasinc.com\/nl\/?post_type=product&#038;p=5651"},"modified":"2022-07-05T02:27:09","modified_gmt":"2022-07-05T02:27:09","slug":"koop-oxycodon-poeder","status":"publish","type":"product","link":"https:\/\/medicinasinc.com\/nl\/product\/koop-oxycodon-poeder\/","title":{"rendered":"Oxycodonpoeder kopen"},"content":{"rendered":"<p>U kunt Oxycodon-poeder van hoge kwaliteit kopen op een website als deze:<br \/> Oxycodon-poeder te koop kan u helpen uw pijn te be\u00ebindigen en beter te worden.<\/p>\n<p>Oxycodon zit in een groep geneesmiddelen die verdovende pijnstillers. Het wordt gebruikt om chronische pijn te behandelen die erg slecht is wanneer andere behandelingen niet goed genoeg werken. Receptvormen van dit medicijn zijn bedoeld om mensen te helpen die de hele dag artritis, kanker of andere fysieke problemen hebben. De manier waarop het werkt, is vergelijkbaar met hoe andere opiaten werken. Het bindt zich aan receptoren in de hersenen en verandert hoe de hersenen op pijn reageren.<\/p>\n<p>Oxycodonpoeder dat te koop is, is een krachtig ingredi\u00ebnt in een verscheidenheid aan pijnstillers die in verschillende vormen en maten verkrijgbaar zijn. Het wordt meestal gegeven met ibuprofen en aspirine, maar het kan ook alleen worden gegeven.<\/p>\n<p>Oxycodonpoeder kan online worden gekocht bij de bekendste winkel in de Verenigde Staten.<\/p>\n<p>Bestgoalmeds. com Shop is een waardegedreven bedrijf dat al meer dan 15 jaar de beste medicijnen verkoopt. In onze winkel kunt u oxycodonpoeder kopen dat is gecontroleerd op kwaliteit in een erkend laboratorium. Van de VS tot Azi\u00eb bedienen we klanten van over de hele wereld. Het is gemakkelijk om onze producten te kopen omdat ze legaal zijn en u zich nergens zorgen over hoeft te maken. Als het op ons aankomt, houden we alles priv\u00e9 omdat we uw privacy waarderen. Neem contact met ons op als u vragen of opmerkingen heeft!<\/p>\n","protected":false},"excerpt":{"rendered":"<div class=\"woocommerce-product-details__short-description\">\n<p>Koop oxycodonpoeder in het VK en Europa op medicinasinc.com\/nl, waar u het snel van over de hele wereld kunt krijgen. Hier kunt u het beste oxycodonpoeder kopen dat u kunt vinden.<\/p>\n<p>U kunt online Oxycodon-poeder van hoge kwaliteit kopen voor matige tot ernstige pijn wanneer u de hele dag en nacht pijnvrij moet zijn tijd.<\/p>\n<p>U kunt Oxycodon-poeder op internet kopen voor de beste prijs. USpharma Shop is een bekende online apotheek die legale medicijnen verkoopt. Bestel online en bespaar uzelf tijd en geld.<\/p>\n<p>Oxycodon (Bulk) is 100% poeder. Oxycodon is de generieke naam (bulk). Bekijk de gratis coupon. In dit gedeelte leert u hoe u het moet gebruiken, wat het doet, wat het kan doen en hoe u het kunt vermijden.<\/p>\n<p>Een van de vele alkalo\u00efden in de Perzische papaver wordt theba\u00efne genoemd, en oxycodonpoeder is gemaakt van deze alkalo\u00efde. Oxycodonpoeder is een wit, geurloos, kristallijn poeder dat is gemaakt van deze alkalo\u00efde. Oxycodonhydrochloride lost op in water (1 g in 6 tot 7 ml) en is een beetje oplosbaar in alcohol, maar niet erg veel (octanol-waterverdelingsco\u00ebffici\u00ebnt is 0,7).<\/p>\n<p>Oxycodonhydrochloride bestaat uit 4 , 5a-epoxy-14-hydroxy-3-methoxy-17-methylmorphinan-6-one hydrochloride, wat de chemische naam is.<\/p>\n<p>Een semi-synthetisch opio\u00efde analgeticum genaamd oxycodonpoeder wordt gebruikt voor de behandeling van matige tot ernstige pijn. Oxycodonpoeder wordt meestal gebruikt om matige tot ernstige pijn te behandelen. Toen Oxycodon in 1917 in Duitsland werd gemaakt, behoorde het tot een groep semi-synthetische opio\u00efden die werden gemaakt om de bestaande opio\u00efden te verbeteren.<\/p>\n<\/p><\/div>\n","protected":false},"featured_media":5660,"comment_status":"open","ping_status":"closed","template":"","meta":[],"product_brand":[],"product_cat":[2014],"product_tag":[3415,3416,3427,3417,3428,3423,3419,3420,3418,3424,3426,3425,3429,3421,3422,3430,3431],"class_list":{"0":"post-5651","1":"product","2":"type-product","3":"status-publish","4":"has-post-thumbnail","6":"product_cat-onderzoek-chemicalien-kopen","7":"product_tag-beste-plek-om-oxycodonpoeder-te-kopen","8":"product_tag-buy-oxycodone-powder","9":"product_tag-oxycodon-poeder-order","10":"product_tag-bestelling-oxycodon-poeder","11":"product_tag-oxycodon-poeder-bestelling-uk","12":"product_tag-oxycodon-poeder-duitsland","13":"product_tag-oxycodon-poeder-effect","14":"product_tag-oxycodon-poeder-europa","15":"product_tag-oxycodon-poeder-kopen","16":"product_tag-oxycodon-poeder-mail","17":"product_tag-oxycodon-poeder-online","18":"product_tag-oxycodon-poeder-postorder","19":"product_tag-oxycodon-poeder-reddit","20":"product_tag-oxycodon-poeder-te-verkoop","21":"product_tag-oxycodon-poeder-te-koop-uk","22":"product_tag-oxycodon-poeder-verkoop","23":"product_tag-waar-oxycodon-poeder-te-kopen","25":"first","26":"instock","27":"shipping-taxable","28":"purchasable","29":"product-type-variable","30":"has-default-attributes"},"yoast_head":"<!-- This site is optimized with the Yoast SEO plugin v27.2 - https:\/\/yoast.com\/product\/yoast-seo-wordpress\/ -->\n<title>Koop oxycodonpoeder - oxycodonpoeder - Best Global Meds<\/title>\n<meta name=\"description\" content=\"Koop oxycodon poeder UK, Europa in onze medicinasinc.com\/nl online shop met snelle wereldwijde levering! Het beste oxycodonpoeder om te bestellen vind je hier!\" \/>\n<meta name=\"robots\" content=\"index, follow, max-snippet:-1, max-image-preview:large, max-video-preview:-1\" \/>\n<link rel=\"canonical\" href=\"https:\/\/medicinasinc.com\/nl\/product\/koop-oxycodon-poeder\/\" \/>\n<meta property=\"og:locale\" content=\"nl_NL\" \/>\n<meta property=\"og:type\" content=\"article\" \/>\n<meta property=\"og:title\" content=\"Koop oxycodonpoeder - oxycodonpoeder - Best Global Meds\" \/>\n<meta property=\"og:description\" content=\"Koop oxycodon poeder UK, Europa in onze medicinasinc.com\/nl online shop met snelle wereldwijde levering! Het beste oxycodonpoeder om te bestellen vind je hier!\" \/>\n<meta property=\"og:url\" content=\"https:\/\/medicinasinc.com\/nl\/product\/koop-oxycodon-poeder\/\" \/>\n<meta property=\"og:site_name\" content=\"Medicinas Inc\" \/>\n<meta property=\"article:modified_time\" content=\"2022-07-05T02:27:09+00:00\" \/>\n<meta property=\"og:image\" content=\"https:\/\/medicinasinc.com\/nl\/wp-content\/uploads\/sites\/17\/2022\/02\/Buy-oxycodone-powder.jpeg\" \/>\n\t<meta property=\"og:image:width\" content=\"510\" \/>\n\t<meta property=\"og:image:height\" content=\"389\" \/>\n\t<meta property=\"og:image:type\" content=\"image\/jpeg\" \/>\n<meta name=\"twitter:card\" content=\"summary_large_image\" \/>\n<meta name=\"twitter:label1\" content=\"Geschatte leestijd\" \/>\n\t<meta name=\"twitter:data1\" content=\"2 minuten\" \/>\n<script type=\"application\/ld+json\" class=\"yoast-schema-graph\">{\"@context\":\"https:\/\/schema.org\",\"@graph\":[{\"@type\":\"WebPage\",\"@id\":\"https:\/\/medicinasinc.com\/nl\/product\/koop-oxycodon-poeder\/\",\"url\":\"https:\/\/medicinasinc.com\/nl\/product\/koop-oxycodon-poeder\/\",\"name\":\"Koop oxycodonpoeder - oxycodonpoeder - Best Global Meds\",\"isPartOf\":{\"@id\":\"https:\/\/medicinasinc.com\/nl\/#website\"},\"primaryImageOfPage\":{\"@id\":\"https:\/\/medicinasinc.com\/nl\/product\/koop-oxycodon-poeder\/#primaryimage\"},\"image\":{\"@id\":\"https:\/\/medicinasinc.com\/nl\/product\/koop-oxycodon-poeder\/#primaryimage\"},\"thumbnailUrl\":\"https:\/\/medicinasinc.com\/nl\/wp-content\/uploads\/sites\/17\/2022\/02\/Buy-oxycodone-powder.jpeg\",\"datePublished\":\"2022-02-22T03:22:57+00:00\",\"dateModified\":\"2022-07-05T02:27:09+00:00\",\"description\":\"Koop oxycodon poeder UK, Europa in onze medicinasinc.com\/nl online shop met snelle wereldwijde levering! Het beste oxycodonpoeder om te bestellen vind je hier!\",\"breadcrumb\":{\"@id\":\"https:\/\/medicinasinc.com\/nl\/product\/koop-oxycodon-poeder\/#breadcrumb\"},\"inLanguage\":\"nl-NL\",\"potentialAction\":[{\"@type\":\"ReadAction\",\"target\":[\"https:\/\/medicinasinc.com\/nl\/product\/koop-oxycodon-poeder\/\"]}]},{\"@type\":\"ImageObject\",\"inLanguage\":\"nl-NL\",\"@id\":\"https:\/\/medicinasinc.com\/nl\/product\/koop-oxycodon-poeder\/#primaryimage\",\"url\":\"https:\/\/medicinasinc.com\/nl\/wp-content\/uploads\/sites\/17\/2022\/02\/Buy-oxycodone-powder.jpeg\",\"contentUrl\":\"https:\/\/medicinasinc.com\/nl\/wp-content\/uploads\/sites\/17\/2022\/02\/Buy-oxycodone-powder.jpeg\",\"width\":510,\"height\":389},{\"@type\":\"BreadcrumbList\",\"@id\":\"https:\/\/medicinasinc.com\/nl\/product\/koop-oxycodon-poeder\/#breadcrumb\",\"itemListElement\":[{\"@type\":\"ListItem\",\"position\":1,\"name\":\"Winkel\",\"item\":\"https:\/\/medicinasinc.com\/nl\/winkel\/\"},{\"@type\":\"ListItem\",\"position\":2,\"name\":\"Oxycodonpoeder kopen\"}]},{\"@type\":\"WebSite\",\"@id\":\"https:\/\/medicinasinc.com\/nl\/#website\",\"url\":\"https:\/\/medicinasinc.com\/nl\/\",\"name\":\"Medicinas Inc\",\"description\":\"Health Medical Clinic\",\"potentialAction\":[{\"@type\":\"SearchAction\",\"target\":{\"@type\":\"EntryPoint\",\"urlTemplate\":\"https:\/\/medicinasinc.com\/nl\/?s={search_term_string}\"},\"query-input\":{\"@type\":\"PropertyValueSpecification\",\"valueRequired\":true,\"valueName\":\"search_term_string\"}}],\"inLanguage\":\"nl-NL\"}]}<\/script>\n<!-- \/ Yoast SEO plugin. -->","yoast_head_json":{"title":"Koop oxycodonpoeder - oxycodonpoeder - Best Global Meds","description":"Koop oxycodon poeder UK, Europa in onze medicinasinc.com\/nl online shop met snelle wereldwijde levering! Het beste oxycodonpoeder om te bestellen vind je hier!","robots":{"index":"index","follow":"follow","max-snippet":"max-snippet:-1","max-image-preview":"max-image-preview:large","max-video-preview":"max-video-preview:-1"},"canonical":"https:\/\/medicinasinc.com\/nl\/product\/koop-oxycodon-poeder\/","og_locale":"nl_NL","og_type":"article","og_title":"Koop oxycodonpoeder - oxycodonpoeder - Best Global Meds","og_description":"Koop oxycodon poeder UK, Europa in onze medicinasinc.com\/nl online shop met snelle wereldwijde levering! Het beste oxycodonpoeder om te bestellen vind je hier!","og_url":"https:\/\/medicinasinc.com\/nl\/product\/koop-oxycodon-poeder\/","og_site_name":"Medicinas Inc","article_modified_time":"2022-07-05T02:27:09+00:00","og_image":[{"width":510,"height":389,"url":"https:\/\/medicinasinc.com\/nl\/wp-content\/uploads\/sites\/17\/2022\/02\/Buy-oxycodone-powder.jpeg","type":"image\/jpeg"}],"twitter_card":"summary_large_image","twitter_misc":{"Geschatte leestijd":"2 minuten"},"schema":{"@context":"https:\/\/schema.org","@graph":[{"@type":"WebPage","@id":"https:\/\/medicinasinc.com\/nl\/product\/koop-oxycodon-poeder\/","url":"https:\/\/medicinasinc.com\/nl\/product\/koop-oxycodon-poeder\/","name":"Koop oxycodonpoeder - oxycodonpoeder - Best Global Meds","isPartOf":{"@id":"https:\/\/medicinasinc.com\/nl\/#website"},"primaryImageOfPage":{"@id":"https:\/\/medicinasinc.com\/nl\/product\/koop-oxycodon-poeder\/#primaryimage"},"image":{"@id":"https:\/\/medicinasinc.com\/nl\/product\/koop-oxycodon-poeder\/#primaryimage"},"thumbnailUrl":"https:\/\/medicinasinc.com\/nl\/wp-content\/uploads\/sites\/17\/2022\/02\/Buy-oxycodone-powder.jpeg","datePublished":"2022-02-22T03:22:57+00:00","dateModified":"2022-07-05T02:27:09+00:00","description":"Koop oxycodon poeder UK, Europa in onze medicinasinc.com\/nl online shop met snelle wereldwijde levering! Het beste oxycodonpoeder om te bestellen vind je hier!","breadcrumb":{"@id":"https:\/\/medicinasinc.com\/nl\/product\/koop-oxycodon-poeder\/#breadcrumb"},"inLanguage":"nl-NL","potentialAction":[{"@type":"ReadAction","target":["https:\/\/medicinasinc.com\/nl\/product\/koop-oxycodon-poeder\/"]}]},{"@type":"ImageObject","inLanguage":"nl-NL","@id":"https:\/\/medicinasinc.com\/nl\/product\/koop-oxycodon-poeder\/#primaryimage","url":"https:\/\/medicinasinc.com\/nl\/wp-content\/uploads\/sites\/17\/2022\/02\/Buy-oxycodone-powder.jpeg","contentUrl":"https:\/\/medicinasinc.com\/nl\/wp-content\/uploads\/sites\/17\/2022\/02\/Buy-oxycodone-powder.jpeg","width":510,"height":389},{"@type":"BreadcrumbList","@id":"https:\/\/medicinasinc.com\/nl\/product\/koop-oxycodon-poeder\/#breadcrumb","itemListElement":[{"@type":"ListItem","position":1,"name":"Winkel","item":"https:\/\/medicinasinc.com\/nl\/winkel\/"},{"@type":"ListItem","position":2,"name":"Oxycodonpoeder kopen"}]},{"@type":"WebSite","@id":"https:\/\/medicinasinc.com\/nl\/#website","url":"https:\/\/medicinasinc.com\/nl\/","name":"Medicinas Inc","description":"Health Medical Clinic","potentialAction":[{"@type":"SearchAction","target":{"@type":"EntryPoint","urlTemplate":"https:\/\/medicinasinc.com\/nl\/?s={search_term_string}"},"query-input":{"@type":"PropertyValueSpecification","valueRequired":true,"valueName":"search_term_string"}}],"inLanguage":"nl-NL"}]}},"_links":{"self":[{"href":"https:\/\/medicinasinc.com\/nl\/wp-json\/wp\/v2\/product\/5651","targetHints":{"allow":["GET"]}}],"collection":[{"href":"https:\/\/medicinasinc.com\/nl\/wp-json\/wp\/v2\/product"}],"about":[{"href":"https:\/\/medicinasinc.com\/nl\/wp-json\/wp\/v2\/types\/product"}],"replies":[{"embeddable":true,"href":"https:\/\/medicinasinc.com\/nl\/wp-json\/wp\/v2\/comments?post=5651"}],"wp:featuredmedia":[{"embeddable":true,"href":"https:\/\/medicinasinc.com\/nl\/wp-json\/wp\/v2\/media\/5660"}],"wp:attachment":[{"href":"https:\/\/medicinasinc.com\/nl\/wp-json\/wp\/v2\/media?parent=5651"}],"wp:term":[{"taxonomy":"product_brand","embeddable":true,"href":"https:\/\/medicinasinc.com\/nl\/wp-json\/wp\/v2\/product_brand?post=5651"},{"taxonomy":"product_cat","embeddable":true,"href":"https:\/\/medicinasinc.com\/nl\/wp-json\/wp\/v2\/product_cat?post=5651"},{"taxonomy":"product_tag","embeddable":true,"href":"https:\/\/medicinasinc.com\/nl\/wp-json\/wp\/v2\/product_tag?post=5651"}],"curies":[{"name":"wp","href":"https:\/\/api.w.org\/{rel}","templated":true}]}}