{"id":5566,"date":"2022-02-22T01:53:35","date_gmt":"2022-02-22T01:53:35","guid":{"rendered":"https:\/\/medicinasinc.com\/nl\/?post_type=product&#038;p=5566"},"modified":"2022-07-05T02:34:35","modified_gmt":"2022-07-05T02:34:35","slug":"methadon-hydrochloride-usp-poeder-voor-oraal-gebruik","status":"publish","type":"product","link":"https:\/\/medicinasinc.com\/nl\/product\/methadon-hydrochloride-usp-poeder-voor-oraal-gebruik\/","title":{"rendered":"Methadonhydrochloride USP POEDER VOOR ORAAL GEBRUIK"},"content":{"rendered":"<p>Metho Methadon Hydrochloride Poeder Aankoop<\/p>\n<p>Methadon is een opio\u00efde geneesmiddel dat wordt gebruikt om opio\u00efde-afhankelijkheid en ernstige pijn te behandelen.<\/p>\n<p>Methadon kan worden ingenomen als een pil of een orale oplossing om verlichten ernstige pijn.<\/p>\n<p>Dranken met fruitsmaak zijn de meest voorkomende vorm van methadon wanneer het wordt gebruikt voor de behandeling van opiaatverslaving. Eenmaal daags wordt het poeder opgelost en in zijn geheel doorgeslikt.<\/p>\n<p>Methadon is een medicijn dat wordt gebruikt om verslaving te behandelen.<\/p>\n<p>Hero\u00efne, oxycodon, fentanyl en hydromorfon kunnen allemaal worden vervangen door methadon bij de behandeling van opio\u00efdenverslaving. De term &#8220;langwerkend&#8221; verwijst naar een medicijn dat een langzamere werking heeft en langer in het lichaam blijft. De effecten van methadon kunnen 24 tot 36 uur aanhouden, afhankelijk van de dosering. Aan de andere kant moeten kortwerkende opio\u00efden drie tot vier keer per dag worden ingenomen door iemand die ontwenning probeert te voorkomen.<\/p>\n<p>Zolang de juiste dosering van methadon wordt gebruikt, kan het hunkeren naar drugs en ontwenningsverschijnselen te voorkomen. De risico&#8217;s van opio\u00efdenmisbruik worden verminderd en degenen die verslaafd zijn aan opio\u00efden hebben een grotere kans om hun leven weer op de rails te krijgen. Methadononderhoud is een type opio\u00efde-agonisttherapie die wordt gebruikt om opio\u00efde-afhankelijkheid te behandelen. Buprenorfine, een andere opio\u00efde-agonist, wordt gebruikt bij de behandeling van opio\u00efde-verslaving, net als methadon.<\/p>\n<p>Methadon en buprenorfine zijn beide effectieve therapie\u00ebn voor opio\u00efde-verslaving wanneer ze worden gebruikt in combinatie met medische en ondersteunende zorg, hoe dan ook. voor sommige mensen succesvoller dan de andere.<\/p>\n<p>Langdurige behandeling met methadon is vereist. De duur van de behandeling varieert van enkele maanden tot meer dan twee decennia. Wanneer een methadongebruiker besluit te stoppen met het gebruik van het medicijn, verlaagt zijn arts de hoeveelheid methadon die hij neemt geleidelijk over een periode van weken of maanden.<\/p>\n<p>Bijwerkingen van methadon<\/p>\n<p>Een van de mogelijke bijwerkingen:<\/p>\n<p>Een licht gevoel in het hoofd wordt veroorzaakt door constipatie, zwaar zweten, droge mond en veranderingen in geslacht.<\/p>\n<p>&nbsp;<\/p>\n","protected":false},"excerpt":{"rendered":"<p>Koop Metho Methadon HCL-poeder online. Metho Methadon HCL-poeder groothandel 99,8% Puur @ groothandelsprijzen. Metho (Methadon HCL) behandelt matige tot ernstige pijn.<\/p>\n","protected":false},"featured_media":5578,"comment_status":"open","ping_status":"closed","template":"","meta":[],"product_brand":[],"product_cat":[2014],"product_tag":[3190,3191,3204,3209,3192,3196,3202,3198,3203,3194,3199,3200,3205,3195,3197,3201,3206,3193,3208,3207],"class_list":{"0":"post-5566","1":"product","2":"type-product","3":"status-publish","4":"has-post-thumbnail","6":"product_cat-onderzoek-chemicalien-kopen","7":"product_tag-buy-methadone-hydrochloride","8":"product_tag-buy-methadone-powder","9":"product_tag-methadon-poeder-detailhandel","10":"product_tag-groothandel-methadon-poeder","11":"product_tag-koop-metho-hcl","12":"product_tag-methadon-poeder","13":"product_tag-methadon-poeder-order","14":"product_tag-methadon-poeder-effect","15":"product_tag-methadon-poeder-reddit","16":"product_tag-methadone-hydrochloride-effect","17":"product_tag-methadone-powder-for-sale","18":"product_tag-methadone-powder-for-sale-online","19":"product_tag-methadone-powder-sales","20":"product_tag-methadon-hydrochloride-groothandel","21":"product_tag-methadon-poeder-kopen","22":"product_tag-methadon-poeder-online","23":"product_tag-methadon-poeder-verkopen","24":"product_tag-koop-metho-poeder","25":"product_tag-waar-methadon-poeder-te-bestellen","26":"product_tag-waar-methadon-poeder-te-kopen","28":"first","29":"instock","30":"shipping-taxable","31":"purchasable","32":"product-type-variable","33":"has-default-attributes"},"yoast_head":"<!-- This site is optimized with the Yoast SEO plugin v27.2 - https:\/\/yoast.com\/product\/yoast-seo-wordpress\/ -->\n<title>Methadonhydrochloride USP POEDER VOOR ORAAL GEBRUIK<\/title>\n<meta name=\"description\" content=\"Koop Metho Methadon HCL-poeder online. Metho Methadon HCL-poeder groothandel 99,8% Puur @ groothandelsprijzen. Metho (Methadon HCL) behandelt matige tot ernstige pijn.\" \/>\n<meta name=\"robots\" content=\"index, follow, max-snippet:-1, max-image-preview:large, max-video-preview:-1\" \/>\n<link rel=\"canonical\" href=\"https:\/\/medicinasinc.com\/nl\/product\/methadon-hydrochloride-usp-poeder-voor-oraal-gebruik\/\" \/>\n<meta property=\"og:locale\" content=\"nl_NL\" \/>\n<meta property=\"og:type\" content=\"article\" \/>\n<meta property=\"og:title\" content=\"Methadonhydrochloride USP POEDER VOOR ORAAL GEBRUIK\" \/>\n<meta property=\"og:description\" content=\"Koop Metho Methadon HCL-poeder online. Metho Methadon HCL-poeder groothandel 99,8% Puur @ groothandelsprijzen. Metho (Methadon HCL) behandelt matige tot ernstige pijn.\" \/>\n<meta property=\"og:url\" content=\"https:\/\/medicinasinc.com\/nl\/product\/methadon-hydrochloride-usp-poeder-voor-oraal-gebruik\/\" \/>\n<meta property=\"og:site_name\" content=\"Medicinas Inc\" \/>\n<meta property=\"article:modified_time\" content=\"2022-07-05T02:34:35+00:00\" \/>\n<meta property=\"og:image\" content=\"https:\/\/medicinasinc.com\/nl\/wp-content\/uploads\/sites\/17\/2022\/02\/Buy-Methadone.jpg\" \/>\n\t<meta property=\"og:image:width\" content=\"600\" \/>\n\t<meta property=\"og:image:height\" content=\"600\" \/>\n\t<meta property=\"og:image:type\" content=\"image\/jpeg\" \/>\n<meta name=\"twitter:card\" content=\"summary_large_image\" \/>\n<meta name=\"twitter:label1\" content=\"Geschatte leestijd\" \/>\n\t<meta name=\"twitter:data1\" content=\"2 minuten\" \/>\n<script type=\"application\/ld+json\" class=\"yoast-schema-graph\">{\"@context\":\"https:\/\/schema.org\",\"@graph\":[{\"@type\":\"WebPage\",\"@id\":\"https:\/\/medicinasinc.com\/nl\/product\/methadon-hydrochloride-usp-poeder-voor-oraal-gebruik\/\",\"url\":\"https:\/\/medicinasinc.com\/nl\/product\/methadon-hydrochloride-usp-poeder-voor-oraal-gebruik\/\",\"name\":\"Methadonhydrochloride USP POEDER VOOR ORAAL GEBRUIK\",\"isPartOf\":{\"@id\":\"https:\/\/medicinasinc.com\/nl\/#website\"},\"primaryImageOfPage\":{\"@id\":\"https:\/\/medicinasinc.com\/nl\/product\/methadon-hydrochloride-usp-poeder-voor-oraal-gebruik\/#primaryimage\"},\"image\":{\"@id\":\"https:\/\/medicinasinc.com\/nl\/product\/methadon-hydrochloride-usp-poeder-voor-oraal-gebruik\/#primaryimage\"},\"thumbnailUrl\":\"https:\/\/medicinasinc.com\/nl\/wp-content\/uploads\/sites\/17\/2022\/02\/Buy-Methadone.jpg\",\"datePublished\":\"2022-02-22T01:53:35+00:00\",\"dateModified\":\"2022-07-05T02:34:35+00:00\",\"description\":\"Koop Metho Methadon HCL-poeder online. Metho Methadon HCL-poeder groothandel 99,8% Puur @ groothandelsprijzen. Metho (Methadon HCL) behandelt matige tot ernstige pijn.\",\"breadcrumb\":{\"@id\":\"https:\/\/medicinasinc.com\/nl\/product\/methadon-hydrochloride-usp-poeder-voor-oraal-gebruik\/#breadcrumb\"},\"inLanguage\":\"nl-NL\",\"potentialAction\":[{\"@type\":\"ReadAction\",\"target\":[\"https:\/\/medicinasinc.com\/nl\/product\/methadon-hydrochloride-usp-poeder-voor-oraal-gebruik\/\"]}]},{\"@type\":\"ImageObject\",\"inLanguage\":\"nl-NL\",\"@id\":\"https:\/\/medicinasinc.com\/nl\/product\/methadon-hydrochloride-usp-poeder-voor-oraal-gebruik\/#primaryimage\",\"url\":\"https:\/\/medicinasinc.com\/nl\/wp-content\/uploads\/sites\/17\/2022\/02\/Buy-Methadone.jpg\",\"contentUrl\":\"https:\/\/medicinasinc.com\/nl\/wp-content\/uploads\/sites\/17\/2022\/02\/Buy-Methadone.jpg\",\"width\":600,\"height\":600},{\"@type\":\"BreadcrumbList\",\"@id\":\"https:\/\/medicinasinc.com\/nl\/product\/methadon-hydrochloride-usp-poeder-voor-oraal-gebruik\/#breadcrumb\",\"itemListElement\":[{\"@type\":\"ListItem\",\"position\":1,\"name\":\"Winkel\",\"item\":\"https:\/\/medicinasinc.com\/nl\/winkel\/\"},{\"@type\":\"ListItem\",\"position\":2,\"name\":\"Methadonhydrochloride USP POEDER VOOR ORAAL GEBRUIK\"}]},{\"@type\":\"WebSite\",\"@id\":\"https:\/\/medicinasinc.com\/nl\/#website\",\"url\":\"https:\/\/medicinasinc.com\/nl\/\",\"name\":\"Medicinas Inc\",\"description\":\"Health Medical Clinic\",\"potentialAction\":[{\"@type\":\"SearchAction\",\"target\":{\"@type\":\"EntryPoint\",\"urlTemplate\":\"https:\/\/medicinasinc.com\/nl\/?s={search_term_string}\"},\"query-input\":{\"@type\":\"PropertyValueSpecification\",\"valueRequired\":true,\"valueName\":\"search_term_string\"}}],\"inLanguage\":\"nl-NL\"}]}<\/script>\n<!-- \/ Yoast SEO plugin. -->","yoast_head_json":{"title":"Methadonhydrochloride USP POEDER VOOR ORAAL GEBRUIK","description":"Koop Metho Methadon HCL-poeder online. Metho Methadon HCL-poeder groothandel 99,8% Puur @ groothandelsprijzen. Metho (Methadon HCL) behandelt matige tot ernstige pijn.","robots":{"index":"index","follow":"follow","max-snippet":"max-snippet:-1","max-image-preview":"max-image-preview:large","max-video-preview":"max-video-preview:-1"},"canonical":"https:\/\/medicinasinc.com\/nl\/product\/methadon-hydrochloride-usp-poeder-voor-oraal-gebruik\/","og_locale":"nl_NL","og_type":"article","og_title":"Methadonhydrochloride USP POEDER VOOR ORAAL GEBRUIK","og_description":"Koop Metho Methadon HCL-poeder online. Metho Methadon HCL-poeder groothandel 99,8% Puur @ groothandelsprijzen. Metho (Methadon HCL) behandelt matige tot ernstige pijn.","og_url":"https:\/\/medicinasinc.com\/nl\/product\/methadon-hydrochloride-usp-poeder-voor-oraal-gebruik\/","og_site_name":"Medicinas Inc","article_modified_time":"2022-07-05T02:34:35+00:00","og_image":[{"width":600,"height":600,"url":"https:\/\/medicinasinc.com\/nl\/wp-content\/uploads\/sites\/17\/2022\/02\/Buy-Methadone.jpg","type":"image\/jpeg"}],"twitter_card":"summary_large_image","twitter_misc":{"Geschatte leestijd":"2 minuten"},"schema":{"@context":"https:\/\/schema.org","@graph":[{"@type":"WebPage","@id":"https:\/\/medicinasinc.com\/nl\/product\/methadon-hydrochloride-usp-poeder-voor-oraal-gebruik\/","url":"https:\/\/medicinasinc.com\/nl\/product\/methadon-hydrochloride-usp-poeder-voor-oraal-gebruik\/","name":"Methadonhydrochloride USP POEDER VOOR ORAAL GEBRUIK","isPartOf":{"@id":"https:\/\/medicinasinc.com\/nl\/#website"},"primaryImageOfPage":{"@id":"https:\/\/medicinasinc.com\/nl\/product\/methadon-hydrochloride-usp-poeder-voor-oraal-gebruik\/#primaryimage"},"image":{"@id":"https:\/\/medicinasinc.com\/nl\/product\/methadon-hydrochloride-usp-poeder-voor-oraal-gebruik\/#primaryimage"},"thumbnailUrl":"https:\/\/medicinasinc.com\/nl\/wp-content\/uploads\/sites\/17\/2022\/02\/Buy-Methadone.jpg","datePublished":"2022-02-22T01:53:35+00:00","dateModified":"2022-07-05T02:34:35+00:00","description":"Koop Metho Methadon HCL-poeder online. Metho Methadon HCL-poeder groothandel 99,8% Puur @ groothandelsprijzen. Metho (Methadon HCL) behandelt matige tot ernstige pijn.","breadcrumb":{"@id":"https:\/\/medicinasinc.com\/nl\/product\/methadon-hydrochloride-usp-poeder-voor-oraal-gebruik\/#breadcrumb"},"inLanguage":"nl-NL","potentialAction":[{"@type":"ReadAction","target":["https:\/\/medicinasinc.com\/nl\/product\/methadon-hydrochloride-usp-poeder-voor-oraal-gebruik\/"]}]},{"@type":"ImageObject","inLanguage":"nl-NL","@id":"https:\/\/medicinasinc.com\/nl\/product\/methadon-hydrochloride-usp-poeder-voor-oraal-gebruik\/#primaryimage","url":"https:\/\/medicinasinc.com\/nl\/wp-content\/uploads\/sites\/17\/2022\/02\/Buy-Methadone.jpg","contentUrl":"https:\/\/medicinasinc.com\/nl\/wp-content\/uploads\/sites\/17\/2022\/02\/Buy-Methadone.jpg","width":600,"height":600},{"@type":"BreadcrumbList","@id":"https:\/\/medicinasinc.com\/nl\/product\/methadon-hydrochloride-usp-poeder-voor-oraal-gebruik\/#breadcrumb","itemListElement":[{"@type":"ListItem","position":1,"name":"Winkel","item":"https:\/\/medicinasinc.com\/nl\/winkel\/"},{"@type":"ListItem","position":2,"name":"Methadonhydrochloride USP POEDER VOOR ORAAL GEBRUIK"}]},{"@type":"WebSite","@id":"https:\/\/medicinasinc.com\/nl\/#website","url":"https:\/\/medicinasinc.com\/nl\/","name":"Medicinas Inc","description":"Health Medical Clinic","potentialAction":[{"@type":"SearchAction","target":{"@type":"EntryPoint","urlTemplate":"https:\/\/medicinasinc.com\/nl\/?s={search_term_string}"},"query-input":{"@type":"PropertyValueSpecification","valueRequired":true,"valueName":"search_term_string"}}],"inLanguage":"nl-NL"}]}},"_links":{"self":[{"href":"https:\/\/medicinasinc.com\/nl\/wp-json\/wp\/v2\/product\/5566","targetHints":{"allow":["GET"]}}],"collection":[{"href":"https:\/\/medicinasinc.com\/nl\/wp-json\/wp\/v2\/product"}],"about":[{"href":"https:\/\/medicinasinc.com\/nl\/wp-json\/wp\/v2\/types\/product"}],"replies":[{"embeddable":true,"href":"https:\/\/medicinasinc.com\/nl\/wp-json\/wp\/v2\/comments?post=5566"}],"wp:featuredmedia":[{"embeddable":true,"href":"https:\/\/medicinasinc.com\/nl\/wp-json\/wp\/v2\/media\/5578"}],"wp:attachment":[{"href":"https:\/\/medicinasinc.com\/nl\/wp-json\/wp\/v2\/media?parent=5566"}],"wp:term":[{"taxonomy":"product_brand","embeddable":true,"href":"https:\/\/medicinasinc.com\/nl\/wp-json\/wp\/v2\/product_brand?post=5566"},{"taxonomy":"product_cat","embeddable":true,"href":"https:\/\/medicinasinc.com\/nl\/wp-json\/wp\/v2\/product_cat?post=5566"},{"taxonomy":"product_tag","embeddable":true,"href":"https:\/\/medicinasinc.com\/nl\/wp-json\/wp\/v2\/product_tag?post=5566"}],"curies":[{"name":"wp","href":"https:\/\/api.w.org\/{rel}","templated":true}]}}