{"id":5547,"date":"2022-02-22T01:30:48","date_gmt":"2022-02-22T01:30:48","guid":{"rendered":"https:\/\/medicinasinc.com\/nl\/?post_type=product&#038;p=5547"},"modified":"2022-07-05T02:36:01","modified_gmt":"2022-07-05T02:36:01","slug":"koop-jwh-200-chemical","status":"publish","type":"product","link":"https:\/\/medicinasinc.com\/nl\/product\/koop-jwh-200-chemical\/","title":{"rendered":"Koop JWH-200 Chemical"},"content":{"rendered":"<p>Informeer naar de aankoop van de chemische stof JWH-200<\/p>\n<p>In de naftoylindol-familie is AM-678 (1-pentyl-3-(1-naftoyl)indol) een analgeticum dat een volledige agonist is bij zowel de CB1- als CB2-cannabino\u00efdereceptoren, met een lichte voorkeur voor de CB2-receptor. Het wordt gebruikt in synthetische cannabisproducten die in sommige landen legaal als &#8220;wierookmelanges&#8221; worden verkocht, omdat het effecten op dieren heeft die vergelijkbaar zijn met die van tetrahydrocannabinol (THC), een cannabino\u00efde die van nature in cannabis voorkomt. Research Chemicals JWH-200<\/p>\n<p>Met behulp van Wistar-ratten die een ethanolisch extract met JWH-200 hadden gekregen, werd de metabolische activiteit van het medicijn bestudeerd. Dit werd gevolgd door extractie van JWH-200-metabolieten uit 24-uurs urinemonsters waarbij zowel vloeibare als vaste scheidingsfasen werden gebruikt. De ge\u00ebxtraheerde chemicali\u00ebn werden gescheiden en ge\u00efdentificeerd met behulp van GC-MS. Het belangrijkste signaal was gehydroxyleerde N-gedealkyleerde metabolieten, niet JWH-200 of zijn N-gedealkyleerde metaboliet. De waargenomen massaverschuiving suggereert dat de naftaleen- en indolhydroxylgroepen van het molecuul waarschijnlijk hydroxylering ondergaan. De gehydroxyleerde metabolieten werden op grote schaal geconjugeerd met glucuronide bij mensen, hoewel de indolring en pentylzijketen de primaire plaatsen van metabolisme waren.<\/p>\n<p>Onderzoek chemisch gebruik van JWH-200<\/p>\n<p>De media hebben rapporteerde ten minste \u00e9\u00e9n geval van JWH-200-afhankelijkheid. Acht maanden lang dronk de gebruiker dagelijks JWH-018. In vergelijking met de effecten van cannabisverslaving waren de ontwenningsverschijnselen hier ernstiger. Na behandeling is aangetoond dat JWH-200 significante veranderingen in de CB1-receptordichtheid veroorzaakt. Minder snel dan vergelijkbare cannabino\u00efden, veroorzaakt het tolerantie voor de effecten ervan.<\/p>\n","protected":false},"excerpt":{"rendered":"<div class=\"woocommerce-product-details__short-description\">\n<p>Koop online JWH-200 chemisch poeder dat te koop is in het VK, Europa. (1-(2-morfolin-4-ylethyl)indol-3-yl)-naftaleen-1-ylmethanon is een andere naam. Kom en koop nu!. We hebben de beste discrete verpakkings- en verzendmethode.<\/p>\n<\/p><\/div>\n","protected":false},"featured_media":5556,"comment_status":"open","ping_status":"closed","template":"","meta":[],"product_brand":[],"product_cat":[2014],"product_tag":[3029,3033,3034,3035,3040,3042,3038,3039,3046,3036,3043,3041,3032,3044,3045,3037,3047,3030,3031,3048,3049],"class_list":{"0":"post-5547","1":"product","2":"type-product","3":"status-publish","4":"has-post-thumbnail","6":"product_cat-onderzoek-chemicalien-kopen","7":"product_tag-ben-2233","8":"product_tag-hoe-te-bestellen-jwh-200-online","9":"product_tag-jwh-018","10":"product_tag-jwh-073","11":"product_tag-jwh-200-bestelling","12":"product_tag-jwh-200-detailhandel","13":"product_tag-jwh-200-effects","14":"product_tag-jwh-200-for-sale","15":"product_tag-jwh-200-groothandel","16":"product_tag-jwh-200-kopen","17":"product_tag-jwh-200-review","18":"product_tag-jwh-200-reddit","19":"product_tag-koop-jwh-200-onderzoek-chemicalin","20":"product_tag-jwh-200-verkoop","21":"product_tag-jwh-200-verkopen","22":"product_tag-jwh-200-effect","23":"product_tag-jwh-250","24":"product_tag-koop-jwh-200-chemical","25":"product_tag-koop-jwh-200-online","26":"product_tag-aankoop-jwh-200-onderzoek-chemicalin","27":"product_tag-waar-te-bestellen-jwh-200-onderzoek-chemicalin","29":"first","30":"instock","31":"shipping-taxable","32":"purchasable","33":"product-type-variable","34":"has-default-attributes"},"yoast_head":"<!-- This site is optimized with the Yoast SEO plugin v27.2 - https:\/\/yoast.com\/product\/yoast-seo-wordpress\/ -->\n<title>Koop JWH-200 Chemical - JWH-200 Chemical - Beste wereldwijde medicijnen<\/title>\n<meta name=\"description\" content=\"Koop JWH-200 Chemisch poeder te koop in het VK, Europa online. (1-(2-morfolin-4-ylethyl)indol-3-yl)-naftaleen-1-ylmethanon is een andere naam. Kom en koop nu!. We hebben de beste discrete verpakkings- en verzendmethode.\" \/>\n<meta name=\"robots\" content=\"index, follow, max-snippet:-1, max-image-preview:large, max-video-preview:-1\" \/>\n<link rel=\"canonical\" href=\"https:\/\/medicinasinc.com\/nl\/product\/koop-jwh-200-chemical\/\" \/>\n<meta property=\"og:locale\" content=\"nl_NL\" \/>\n<meta property=\"og:type\" content=\"article\" \/>\n<meta property=\"og:title\" content=\"Koop JWH-200 Chemical - JWH-200 Chemical - Beste wereldwijde medicijnen\" \/>\n<meta property=\"og:description\" content=\"Koop JWH-200 Chemisch poeder te koop in het VK, Europa online. (1-(2-morfolin-4-ylethyl)indol-3-yl)-naftaleen-1-ylmethanon is een andere naam. Kom en koop nu!. We hebben de beste discrete verpakkings- en verzendmethode.\" \/>\n<meta property=\"og:url\" content=\"https:\/\/medicinasinc.com\/nl\/product\/koop-jwh-200-chemical\/\" \/>\n<meta property=\"og:site_name\" content=\"Medicinas Inc\" \/>\n<meta property=\"article:modified_time\" content=\"2022-07-05T02:36:01+00:00\" \/>\n<meta property=\"og:image\" content=\"https:\/\/medicinasinc.com\/nl\/wp-content\/uploads\/sites\/17\/2022\/02\/Buy-JWH-200-Chemical.jpg\" \/>\n\t<meta property=\"og:image:width\" content=\"458\" \/>\n\t<meta property=\"og:image:height\" content=\"458\" \/>\n\t<meta property=\"og:image:type\" content=\"image\/jpeg\" \/>\n<meta name=\"twitter:card\" content=\"summary_large_image\" \/>\n<meta name=\"twitter:label1\" content=\"Geschatte leestijd\" \/>\n\t<meta name=\"twitter:data1\" content=\"2 minuten\" \/>\n<script type=\"application\/ld+json\" class=\"yoast-schema-graph\">{\"@context\":\"https:\/\/schema.org\",\"@graph\":[{\"@type\":\"WebPage\",\"@id\":\"https:\/\/medicinasinc.com\/nl\/product\/koop-jwh-200-chemical\/\",\"url\":\"https:\/\/medicinasinc.com\/nl\/product\/koop-jwh-200-chemical\/\",\"name\":\"Koop JWH-200 Chemical - JWH-200 Chemical - Beste wereldwijde medicijnen\",\"isPartOf\":{\"@id\":\"https:\/\/medicinasinc.com\/nl\/#website\"},\"primaryImageOfPage\":{\"@id\":\"https:\/\/medicinasinc.com\/nl\/product\/koop-jwh-200-chemical\/#primaryimage\"},\"image\":{\"@id\":\"https:\/\/medicinasinc.com\/nl\/product\/koop-jwh-200-chemical\/#primaryimage\"},\"thumbnailUrl\":\"https:\/\/medicinasinc.com\/nl\/wp-content\/uploads\/sites\/17\/2022\/02\/Buy-JWH-200-Chemical.jpg\",\"datePublished\":\"2022-02-22T01:30:48+00:00\",\"dateModified\":\"2022-07-05T02:36:01+00:00\",\"description\":\"Koop JWH-200 Chemisch poeder te koop in het VK, Europa online. (1-(2-morfolin-4-ylethyl)indol-3-yl)-naftaleen-1-ylmethanon is een andere naam. Kom en koop nu!. We hebben de beste discrete verpakkings- en verzendmethode.\",\"breadcrumb\":{\"@id\":\"https:\/\/medicinasinc.com\/nl\/product\/koop-jwh-200-chemical\/#breadcrumb\"},\"inLanguage\":\"nl-NL\",\"potentialAction\":[{\"@type\":\"ReadAction\",\"target\":[\"https:\/\/medicinasinc.com\/nl\/product\/koop-jwh-200-chemical\/\"]}]},{\"@type\":\"ImageObject\",\"inLanguage\":\"nl-NL\",\"@id\":\"https:\/\/medicinasinc.com\/nl\/product\/koop-jwh-200-chemical\/#primaryimage\",\"url\":\"https:\/\/medicinasinc.com\/nl\/wp-content\/uploads\/sites\/17\/2022\/02\/Buy-JWH-200-Chemical.jpg\",\"contentUrl\":\"https:\/\/medicinasinc.com\/nl\/wp-content\/uploads\/sites\/17\/2022\/02\/Buy-JWH-200-Chemical.jpg\",\"width\":458,\"height\":458},{\"@type\":\"BreadcrumbList\",\"@id\":\"https:\/\/medicinasinc.com\/nl\/product\/koop-jwh-200-chemical\/#breadcrumb\",\"itemListElement\":[{\"@type\":\"ListItem\",\"position\":1,\"name\":\"Winkel\",\"item\":\"https:\/\/medicinasinc.com\/nl\/winkel\/\"},{\"@type\":\"ListItem\",\"position\":2,\"name\":\"Koop JWH-200 Chemical\"}]},{\"@type\":\"WebSite\",\"@id\":\"https:\/\/medicinasinc.com\/nl\/#website\",\"url\":\"https:\/\/medicinasinc.com\/nl\/\",\"name\":\"Medicinas Inc\",\"description\":\"Health Medical Clinic\",\"potentialAction\":[{\"@type\":\"SearchAction\",\"target\":{\"@type\":\"EntryPoint\",\"urlTemplate\":\"https:\/\/medicinasinc.com\/nl\/?s={search_term_string}\"},\"query-input\":{\"@type\":\"PropertyValueSpecification\",\"valueRequired\":true,\"valueName\":\"search_term_string\"}}],\"inLanguage\":\"nl-NL\"}]}<\/script>\n<!-- \/ Yoast SEO plugin. -->","yoast_head_json":{"title":"Koop JWH-200 Chemical - JWH-200 Chemical - Beste wereldwijde medicijnen","description":"Koop JWH-200 Chemisch poeder te koop in het VK, Europa online. (1-(2-morfolin-4-ylethyl)indol-3-yl)-naftaleen-1-ylmethanon is een andere naam. Kom en koop nu!. We hebben de beste discrete verpakkings- en verzendmethode.","robots":{"index":"index","follow":"follow","max-snippet":"max-snippet:-1","max-image-preview":"max-image-preview:large","max-video-preview":"max-video-preview:-1"},"canonical":"https:\/\/medicinasinc.com\/nl\/product\/koop-jwh-200-chemical\/","og_locale":"nl_NL","og_type":"article","og_title":"Koop JWH-200 Chemical - JWH-200 Chemical - Beste wereldwijde medicijnen","og_description":"Koop JWH-200 Chemisch poeder te koop in het VK, Europa online. (1-(2-morfolin-4-ylethyl)indol-3-yl)-naftaleen-1-ylmethanon is een andere naam. Kom en koop nu!. We hebben de beste discrete verpakkings- en verzendmethode.","og_url":"https:\/\/medicinasinc.com\/nl\/product\/koop-jwh-200-chemical\/","og_site_name":"Medicinas Inc","article_modified_time":"2022-07-05T02:36:01+00:00","og_image":[{"width":458,"height":458,"url":"https:\/\/medicinasinc.com\/nl\/wp-content\/uploads\/sites\/17\/2022\/02\/Buy-JWH-200-Chemical.jpg","type":"image\/jpeg"}],"twitter_card":"summary_large_image","twitter_misc":{"Geschatte leestijd":"2 minuten"},"schema":{"@context":"https:\/\/schema.org","@graph":[{"@type":"WebPage","@id":"https:\/\/medicinasinc.com\/nl\/product\/koop-jwh-200-chemical\/","url":"https:\/\/medicinasinc.com\/nl\/product\/koop-jwh-200-chemical\/","name":"Koop JWH-200 Chemical - JWH-200 Chemical - Beste wereldwijde medicijnen","isPartOf":{"@id":"https:\/\/medicinasinc.com\/nl\/#website"},"primaryImageOfPage":{"@id":"https:\/\/medicinasinc.com\/nl\/product\/koop-jwh-200-chemical\/#primaryimage"},"image":{"@id":"https:\/\/medicinasinc.com\/nl\/product\/koop-jwh-200-chemical\/#primaryimage"},"thumbnailUrl":"https:\/\/medicinasinc.com\/nl\/wp-content\/uploads\/sites\/17\/2022\/02\/Buy-JWH-200-Chemical.jpg","datePublished":"2022-02-22T01:30:48+00:00","dateModified":"2022-07-05T02:36:01+00:00","description":"Koop JWH-200 Chemisch poeder te koop in het VK, Europa online. (1-(2-morfolin-4-ylethyl)indol-3-yl)-naftaleen-1-ylmethanon is een andere naam. Kom en koop nu!. We hebben de beste discrete verpakkings- en verzendmethode.","breadcrumb":{"@id":"https:\/\/medicinasinc.com\/nl\/product\/koop-jwh-200-chemical\/#breadcrumb"},"inLanguage":"nl-NL","potentialAction":[{"@type":"ReadAction","target":["https:\/\/medicinasinc.com\/nl\/product\/koop-jwh-200-chemical\/"]}]},{"@type":"ImageObject","inLanguage":"nl-NL","@id":"https:\/\/medicinasinc.com\/nl\/product\/koop-jwh-200-chemical\/#primaryimage","url":"https:\/\/medicinasinc.com\/nl\/wp-content\/uploads\/sites\/17\/2022\/02\/Buy-JWH-200-Chemical.jpg","contentUrl":"https:\/\/medicinasinc.com\/nl\/wp-content\/uploads\/sites\/17\/2022\/02\/Buy-JWH-200-Chemical.jpg","width":458,"height":458},{"@type":"BreadcrumbList","@id":"https:\/\/medicinasinc.com\/nl\/product\/koop-jwh-200-chemical\/#breadcrumb","itemListElement":[{"@type":"ListItem","position":1,"name":"Winkel","item":"https:\/\/medicinasinc.com\/nl\/winkel\/"},{"@type":"ListItem","position":2,"name":"Koop JWH-200 Chemical"}]},{"@type":"WebSite","@id":"https:\/\/medicinasinc.com\/nl\/#website","url":"https:\/\/medicinasinc.com\/nl\/","name":"Medicinas Inc","description":"Health Medical Clinic","potentialAction":[{"@type":"SearchAction","target":{"@type":"EntryPoint","urlTemplate":"https:\/\/medicinasinc.com\/nl\/?s={search_term_string}"},"query-input":{"@type":"PropertyValueSpecification","valueRequired":true,"valueName":"search_term_string"}}],"inLanguage":"nl-NL"}]}},"_links":{"self":[{"href":"https:\/\/medicinasinc.com\/nl\/wp-json\/wp\/v2\/product\/5547","targetHints":{"allow":["GET"]}}],"collection":[{"href":"https:\/\/medicinasinc.com\/nl\/wp-json\/wp\/v2\/product"}],"about":[{"href":"https:\/\/medicinasinc.com\/nl\/wp-json\/wp\/v2\/types\/product"}],"replies":[{"embeddable":true,"href":"https:\/\/medicinasinc.com\/nl\/wp-json\/wp\/v2\/comments?post=5547"}],"wp:featuredmedia":[{"embeddable":true,"href":"https:\/\/medicinasinc.com\/nl\/wp-json\/wp\/v2\/media\/5556"}],"wp:attachment":[{"href":"https:\/\/medicinasinc.com\/nl\/wp-json\/wp\/v2\/media?parent=5547"}],"wp:term":[{"taxonomy":"product_brand","embeddable":true,"href":"https:\/\/medicinasinc.com\/nl\/wp-json\/wp\/v2\/product_brand?post=5547"},{"taxonomy":"product_cat","embeddable":true,"href":"https:\/\/medicinasinc.com\/nl\/wp-json\/wp\/v2\/product_cat?post=5547"},{"taxonomy":"product_tag","embeddable":true,"href":"https:\/\/medicinasinc.com\/nl\/wp-json\/wp\/v2\/product_tag?post=5547"}],"curies":[{"name":"wp","href":"https:\/\/api.w.org\/{rel}","templated":true}]}}