{"id":5495,"date":"2022-02-22T00:33:03","date_gmt":"2022-02-22T00:33:03","guid":{"rendered":"https:\/\/medicinasinc.com\/nl\/?post_type=product&#038;p=5495"},"modified":"2022-07-05T02:37:33","modified_gmt":"2022-07-05T02:37:33","slug":"koop-fentanyl-poeder","status":"publish","type":"product","link":"https:\/\/medicinasinc.com\/nl\/product\/koop-fentanyl-poeder\/","title":{"rendered":"Fentanylpoeder kopen"},"content":{"rendered":"<p>Online aankoop van fentanylpoeder<\/p>\n<p>Misschien krijgt u bij ons fentanylpoeder te koop voor een goede prijs. F\u0435nt\u0430n\u0443l P\u043ewd\u0435r is verkrijgbaar in hoge zuiverheid. Het is een fantastische deal! De meest effectieve geneesmiddelen ter wereld<\/p>\n<p>Wat is fentanylpoeder?<\/p>\n<p>Fentanyl, ook bekend als fentanil, is een opio\u00efde die wordt gebruikt als pijnstiller en in combinatie met andere medicijnen voor anesthesie . De effecten duren meestal minder dan een uur of twee. Fentanyl is verkrijgbaar in verschillende vormen, waaronder injecties, huidpleisters en orale absorptie. F\u0435nt\u0430n\u0443l is ook af en toe verkrijgbaar als poeder. Laboratoria gebruiken het poeder vaak.<\/p>\n<p>&nbsp;<\/p>\n<p>Koop Fentanyl-poeder online bij Best global meds<\/p>\n<p>Je vraagt \u200b\u200bje op dit moment misschien af \u200b\u200bwat een opio\u00efde is. Opio\u00efden zijn een klasse geneesmiddelen. Opio\u00efden zijn stoffen die interageren met opio\u00efde-receptoren om opiumachtige effecten te produceren. Vicodin, oxycontin, oxycodon en percocet vallen allemaal in deze categorie. Fentanyl zit ook in sedativa. Een kalmerend middel is een soort medicijn of stof die wordt gebruikt om het centrale zenuwstelsel te kalmeren. Je zou kunnen zeggen dat fentanyl wordt gebruikt om het centrale zenuwstelsel te kalmeren. u-47700 Poeder is ook een goed kalmerend middel. De beste plaats om Fentanyl te krijgen is online.<\/p>\n<p>Misselijkheid, constipatie, vermoeidheid en verwardheid behoren tot de meest voorkomende bijwerkingen. Vermindering van de inspanning om te ademen (ademhalingsdepressie), serotoninesyndroom en lage bloeddruk zijn allemaal mogelijke bijwerkingen van het medicijn. Door de -opio\u00efde receptoren te activeren, werkt fentanyl gedeeltelijk. Voor een bepaalde hoeveelheid is het 75 keer sterker dan morph. Sommige fentanyl-analogen kunnen 10.000 keer krachtiger zijn dan morfine. Fentanylpoeder te koop<\/p>\n","protected":false},"excerpt":{"rendered":"<p>Met behulp van onze website medicinasinc.com\/nl kunt u FENTANYL POEDER kopen voor verkoop in het Verenigd Koninkrijk en de Europese Unie. U zult hier de meest betaalbare FENTANYL ontdekken!<\/p>\n<p>Fentanyl in poedervorm, vloeipapier en massaproductie in China zijn enkele van de manieren waarop niet-farmaceutische fentanyl wordt verkocht.<\/p>\n<p>Fentanyl wordt gebruikt om pijn te behandelen die niet kan worden verlicht door andere medicijnen, zoals chronische of ondraaglijke pijn. Een verdovende pijnstiller, dit medicijn is voorgeschreven.<br \/> We verzenden discreet en geven een geld-terug-garantie wanneer u uw Fentanyl bij ons bestelt.<\/p>\n","protected":false},"featured_media":5505,"comment_status":"open","ping_status":"closed","template":"","meta":[],"product_brand":[],"product_cat":[2014],"product_tag":[2856,2858,2839,2842,2843,2861,2846,2857,2860,2849,2853,2854,2848,2852,2851,2850,2855,2840,2841,2844,2845,2847,2859,2863,2864,2862,2866,2865],"class_list":{"0":"post-5495","1":"product","2":"type-product","3":"status-publish","4":"has-post-thumbnail","6":"product_cat-onderzoek-chemicalien-kopen","7":"product_tag-bestel-fentanyl-poeder-bij-mij-in-de-buurt","8":"product_tag-bestel-pure-fentanyl-hcl-poeder-online","9":"product_tag-buy-fentanyl-hcl-online","10":"product_tag-buy-fentanyl-powder-on-dark-web","11":"product_tag-buy-fentanyl-powder-online","12":"product_tag-de-beste-plek-om-fentanyl-poeder-online-te-kopen","13":"product_tag-koop-fentanyl-poeder-met-paypal","14":"product_tag-bestel-fentanyl-poeder-online","15":"product_tag-aankoop-fentanyl-poeder-online","16":"product_tag-fentanyl-powder-europe","17":"product_tag-fentanyl-powder-reddit","18":"product_tag-fentanyl-powder-shipping","19":"product_tag-fentanyl-poeder-effect","20":"product_tag-fentanyl-poeder-overnachting","21":"product_tag-fentanyl-poeder-te-koop-online","22":"product_tag-fentanyl-poeder-te-verkoop","23":"product_tag-hoe-fentanyl-poeder-online-kopen","24":"product_tag-koop-fentanyl-hcl-poeder-online","25":"product_tag-fentanyl-online-kopen","26":"product_tag-koop-fentanyl-poederveilig","27":"product_tag-koop-fentanyl-poeder-usa","28":"product_tag-koop-pure-fentanyl-poeder-online","29":"product_tag-order-pure-fentanyl-powder-online","30":"product_tag-waar-te-kopen-fentanyl-hcl-poeder-online","31":"product_tag-waar-te-kopen-fentanyl-poeder-online","32":"product_tag-waar-kan-ik-fentanyl-poeder-online-kopen","33":"product_tag-waar-te-kopen-pure-fentanyl-poeder-online","34":"product_tag-waar-te-kopen-pure-fentanyl-hcl-poeder-online","36":"first","37":"instock","38":"shipping-taxable","39":"purchasable","40":"product-type-variable","41":"has-default-attributes"},"yoast_head":"<!-- This site is optimized with the Yoast SEO plugin v27.3 - https:\/\/yoast.com\/product\/yoast-seo-wordpress\/ -->\n<title>Koop Fentanyl-poeder online - Best Best Global Meds<\/title>\n<meta name=\"description\" content=\"Koop FENTANYL POEDER te koop VK, EU Europa in onze medicinasinc.com\/nl online winkel met snelle wereldwijde levering! De beste FENTANYL om te bestellen vind je hier!\" \/>\n<meta name=\"robots\" content=\"index, follow, max-snippet:-1, max-image-preview:large, max-video-preview:-1\" \/>\n<link rel=\"canonical\" href=\"https:\/\/medicinasinc.com\/nl\/product\/koop-fentanyl-poeder\/\" \/>\n<meta property=\"og:locale\" content=\"nl_NL\" \/>\n<meta property=\"og:type\" content=\"article\" \/>\n<meta property=\"og:title\" content=\"Koop Fentanyl-poeder online - Best Best Global Meds\" \/>\n<meta property=\"og:description\" content=\"Koop FENTANYL POEDER te koop VK, EU Europa in onze medicinasinc.com\/nl online winkel met snelle wereldwijde levering! De beste FENTANYL om te bestellen vind je hier!\" \/>\n<meta property=\"og:url\" content=\"https:\/\/medicinasinc.com\/nl\/product\/koop-fentanyl-poeder\/\" \/>\n<meta property=\"og:site_name\" content=\"Medicinas Inc\" \/>\n<meta property=\"article:modified_time\" content=\"2022-07-05T02:37:33+00:00\" \/>\n<meta property=\"og:image\" content=\"https:\/\/medicinasinc.com\/nl\/wp-content\/uploads\/sites\/17\/2022\/02\/Buy-Fentanyl-Powder-Online.jpg\" \/>\n\t<meta property=\"og:image:width\" content=\"768\" \/>\n\t<meta property=\"og:image:height\" content=\"768\" \/>\n\t<meta property=\"og:image:type\" content=\"image\/jpeg\" \/>\n<meta name=\"twitter:card\" content=\"summary_large_image\" \/>\n<meta name=\"twitter:label1\" content=\"Geschatte leestijd\" \/>\n\t<meta name=\"twitter:data1\" content=\"2 minuten\" \/>\n<script type=\"application\/ld+json\" class=\"yoast-schema-graph\">{\"@context\":\"https:\\\/\\\/schema.org\",\"@graph\":[{\"@type\":\"WebPage\",\"@id\":\"https:\\\/\\\/medicinasinc.com\\\/nl\\\/product\\\/koop-fentanyl-poeder\\\/\",\"url\":\"https:\\\/\\\/medicinasinc.com\\\/nl\\\/product\\\/koop-fentanyl-poeder\\\/\",\"name\":\"Koop Fentanyl-poeder online - Best Best Global Meds\",\"isPartOf\":{\"@id\":\"https:\\\/\\\/medicinasinc.com\\\/nl\\\/#website\"},\"primaryImageOfPage\":{\"@id\":\"https:\\\/\\\/medicinasinc.com\\\/nl\\\/product\\\/koop-fentanyl-poeder\\\/#primaryimage\"},\"image\":{\"@id\":\"https:\\\/\\\/medicinasinc.com\\\/nl\\\/product\\\/koop-fentanyl-poeder\\\/#primaryimage\"},\"thumbnailUrl\":\"https:\\\/\\\/medicinasinc.com\\\/nl\\\/wp-content\\\/uploads\\\/sites\\\/17\\\/2022\\\/02\\\/Buy-Fentanyl-Powder-Online.jpg\",\"datePublished\":\"2022-02-22T00:33:03+00:00\",\"dateModified\":\"2022-07-05T02:37:33+00:00\",\"description\":\"Koop FENTANYL POEDER te koop VK, EU Europa in onze medicinasinc.com\\\/nl online winkel met snelle wereldwijde levering! De beste FENTANYL om te bestellen vind je hier!\",\"breadcrumb\":{\"@id\":\"https:\\\/\\\/medicinasinc.com\\\/nl\\\/product\\\/koop-fentanyl-poeder\\\/#breadcrumb\"},\"inLanguage\":\"nl-NL\",\"potentialAction\":[{\"@type\":\"ReadAction\",\"target\":[\"https:\\\/\\\/medicinasinc.com\\\/nl\\\/product\\\/koop-fentanyl-poeder\\\/\"]}]},{\"@type\":\"ImageObject\",\"inLanguage\":\"nl-NL\",\"@id\":\"https:\\\/\\\/medicinasinc.com\\\/nl\\\/product\\\/koop-fentanyl-poeder\\\/#primaryimage\",\"url\":\"https:\\\/\\\/medicinasinc.com\\\/nl\\\/wp-content\\\/uploads\\\/sites\\\/17\\\/2022\\\/02\\\/Buy-Fentanyl-Powder-Online.jpg\",\"contentUrl\":\"https:\\\/\\\/medicinasinc.com\\\/nl\\\/wp-content\\\/uploads\\\/sites\\\/17\\\/2022\\\/02\\\/Buy-Fentanyl-Powder-Online.jpg\",\"width\":768,\"height\":768},{\"@type\":\"BreadcrumbList\",\"@id\":\"https:\\\/\\\/medicinasinc.com\\\/nl\\\/product\\\/koop-fentanyl-poeder\\\/#breadcrumb\",\"itemListElement\":[{\"@type\":\"ListItem\",\"position\":1,\"name\":\"Winkel\",\"item\":\"https:\\\/\\\/medicinasinc.com\\\/nl\\\/winkel\\\/\"},{\"@type\":\"ListItem\",\"position\":2,\"name\":\"Fentanylpoeder kopen\"}]},{\"@type\":\"WebSite\",\"@id\":\"https:\\\/\\\/medicinasinc.com\\\/nl\\\/#website\",\"url\":\"https:\\\/\\\/medicinasinc.com\\\/nl\\\/\",\"name\":\"Medicinas Inc\",\"description\":\"Health Medical Clinic\",\"potentialAction\":[{\"@type\":\"SearchAction\",\"target\":{\"@type\":\"EntryPoint\",\"urlTemplate\":\"https:\\\/\\\/medicinasinc.com\\\/nl\\\/?s={search_term_string}\"},\"query-input\":{\"@type\":\"PropertyValueSpecification\",\"valueRequired\":true,\"valueName\":\"search_term_string\"}}],\"inLanguage\":\"nl-NL\"}]}<\/script>\n<!-- \/ Yoast SEO plugin. -->","yoast_head_json":{"title":"Koop Fentanyl-poeder online - Best Best Global Meds","description":"Koop FENTANYL POEDER te koop VK, EU Europa in onze medicinasinc.com\/nl online winkel met snelle wereldwijde levering! De beste FENTANYL om te bestellen vind je hier!","robots":{"index":"index","follow":"follow","max-snippet":"max-snippet:-1","max-image-preview":"max-image-preview:large","max-video-preview":"max-video-preview:-1"},"canonical":"https:\/\/medicinasinc.com\/nl\/product\/koop-fentanyl-poeder\/","og_locale":"nl_NL","og_type":"article","og_title":"Koop Fentanyl-poeder online - Best Best Global Meds","og_description":"Koop FENTANYL POEDER te koop VK, EU Europa in onze medicinasinc.com\/nl online winkel met snelle wereldwijde levering! De beste FENTANYL om te bestellen vind je hier!","og_url":"https:\/\/medicinasinc.com\/nl\/product\/koop-fentanyl-poeder\/","og_site_name":"Medicinas Inc","article_modified_time":"2022-07-05T02:37:33+00:00","og_image":[{"width":768,"height":768,"url":"https:\/\/medicinasinc.com\/nl\/wp-content\/uploads\/sites\/17\/2022\/02\/Buy-Fentanyl-Powder-Online.jpg","type":"image\/jpeg"}],"twitter_card":"summary_large_image","twitter_misc":{"Geschatte leestijd":"2 minuten"},"schema":{"@context":"https:\/\/schema.org","@graph":[{"@type":"WebPage","@id":"https:\/\/medicinasinc.com\/nl\/product\/koop-fentanyl-poeder\/","url":"https:\/\/medicinasinc.com\/nl\/product\/koop-fentanyl-poeder\/","name":"Koop Fentanyl-poeder online - Best Best Global Meds","isPartOf":{"@id":"https:\/\/medicinasinc.com\/nl\/#website"},"primaryImageOfPage":{"@id":"https:\/\/medicinasinc.com\/nl\/product\/koop-fentanyl-poeder\/#primaryimage"},"image":{"@id":"https:\/\/medicinasinc.com\/nl\/product\/koop-fentanyl-poeder\/#primaryimage"},"thumbnailUrl":"https:\/\/medicinasinc.com\/nl\/wp-content\/uploads\/sites\/17\/2022\/02\/Buy-Fentanyl-Powder-Online.jpg","datePublished":"2022-02-22T00:33:03+00:00","dateModified":"2022-07-05T02:37:33+00:00","description":"Koop FENTANYL POEDER te koop VK, EU Europa in onze medicinasinc.com\/nl online winkel met snelle wereldwijde levering! De beste FENTANYL om te bestellen vind je hier!","breadcrumb":{"@id":"https:\/\/medicinasinc.com\/nl\/product\/koop-fentanyl-poeder\/#breadcrumb"},"inLanguage":"nl-NL","potentialAction":[{"@type":"ReadAction","target":["https:\/\/medicinasinc.com\/nl\/product\/koop-fentanyl-poeder\/"]}]},{"@type":"ImageObject","inLanguage":"nl-NL","@id":"https:\/\/medicinasinc.com\/nl\/product\/koop-fentanyl-poeder\/#primaryimage","url":"https:\/\/medicinasinc.com\/nl\/wp-content\/uploads\/sites\/17\/2022\/02\/Buy-Fentanyl-Powder-Online.jpg","contentUrl":"https:\/\/medicinasinc.com\/nl\/wp-content\/uploads\/sites\/17\/2022\/02\/Buy-Fentanyl-Powder-Online.jpg","width":768,"height":768},{"@type":"BreadcrumbList","@id":"https:\/\/medicinasinc.com\/nl\/product\/koop-fentanyl-poeder\/#breadcrumb","itemListElement":[{"@type":"ListItem","position":1,"name":"Winkel","item":"https:\/\/medicinasinc.com\/nl\/winkel\/"},{"@type":"ListItem","position":2,"name":"Fentanylpoeder kopen"}]},{"@type":"WebSite","@id":"https:\/\/medicinasinc.com\/nl\/#website","url":"https:\/\/medicinasinc.com\/nl\/","name":"Medicinas Inc","description":"Health Medical Clinic","potentialAction":[{"@type":"SearchAction","target":{"@type":"EntryPoint","urlTemplate":"https:\/\/medicinasinc.com\/nl\/?s={search_term_string}"},"query-input":{"@type":"PropertyValueSpecification","valueRequired":true,"valueName":"search_term_string"}}],"inLanguage":"nl-NL"}]}},"_links":{"self":[{"href":"https:\/\/medicinasinc.com\/nl\/wp-json\/wp\/v2\/product\/5495","targetHints":{"allow":["GET"]}}],"collection":[{"href":"https:\/\/medicinasinc.com\/nl\/wp-json\/wp\/v2\/product"}],"about":[{"href":"https:\/\/medicinasinc.com\/nl\/wp-json\/wp\/v2\/types\/product"}],"replies":[{"embeddable":true,"href":"https:\/\/medicinasinc.com\/nl\/wp-json\/wp\/v2\/comments?post=5495"}],"wp:featuredmedia":[{"embeddable":true,"href":"https:\/\/medicinasinc.com\/nl\/wp-json\/wp\/v2\/media\/5505"}],"wp:attachment":[{"href":"https:\/\/medicinasinc.com\/nl\/wp-json\/wp\/v2\/media?parent=5495"}],"wp:term":[{"taxonomy":"product_brand","embeddable":true,"href":"https:\/\/medicinasinc.com\/nl\/wp-json\/wp\/v2\/product_brand?post=5495"},{"taxonomy":"product_cat","embeddable":true,"href":"https:\/\/medicinasinc.com\/nl\/wp-json\/wp\/v2\/product_cat?post=5495"},{"taxonomy":"product_tag","embeddable":true,"href":"https:\/\/medicinasinc.com\/nl\/wp-json\/wp\/v2\/product_tag?post=5495"}],"curies":[{"name":"wp","href":"https:\/\/api.w.org\/{rel}","templated":true}]}}