{"id":5469,"date":"2022-02-22T00:05:12","date_gmt":"2022-02-22T00:05:12","guid":{"rendered":"https:\/\/medicinasinc.com\/nl\/?post_type=product&#038;p=5469"},"modified":"2022-07-05T02:40:23","modified_gmt":"2022-07-05T02:40:23","slug":"clonazolam-poeder-kopen","status":"publish","type":"product","link":"https:\/\/medicinasinc.com\/nl\/product\/clonazolam-poeder-kopen\/","title":{"rendered":"Clonazolam-poeder kopen"},"content":{"rendered":"<h1 style=\"font-weight: 600\"><b><strong>Koop Clonazolam Poeder\u00a0<\/strong><\/b><\/h1>\n<p style=\"font-weight: 400\">High Store Europa&#8217;s toonaangevende clonazolam Groothandel in chemicali\u00ebn<\/p>\n<h2 style=\"font-weight: 600\">CLONAZOLAM Powder EU-leverancier, VK<\/h2>\n<ul style=\"font-weight: 400\">\n<li>Bijgehouden\u00a0 &#8211; Bijgehouden Verzekerd of normaal levering<\/li>\n<li>Bankoverschrijving of bitcoin-betalingsgegevens bij het afrekenen.<\/li>\n<li>Verzending van maandag tot vrijdag<\/li>\n<li><b><strong>Let op: u bent alleen gedekt voor verlies na 30 dagen 1 x gratis opnieuw verzenden op een bijgehouden verzekerde service &#8211; Sorry geen uitzonderingen!<\/strong><\/b><\/li>\n<\/ul>\n<h3 style=\"font-weight: 600\"><\/h3>\n<h3 style=\"font-weight: 600\"><b><strong>Clonazolam-poeder\u00a0<\/strong><\/b><\/h3>\n<ul style=\"font-weight: 400\">\n<li><b><a href=\"https:\/\/psychonautwiki.org\/wiki\/Sedation\">Sedatie<\/a><\/b>\u00a0&#8211; Clonazolam kan extreem verdovend werken en resulteert vaak in een overweldigend lethargische toestand. Op hogere niveaus zorgt dit ervoor dat gebruikers plotseling het gevoel hebben dat ze extreem weinig slaap hebben en dagenlang niet hebben geslapen, waardoor ze gedwongen worden te gaan zitten en over het algemeen het gevoel hebben dat ze constant op het punt staan \u200b\u200bom flauw te vallen in plaats van fysieke activiteiten te ondernemen. Dit gevoel van slaapgebrek neemt evenredig met de dosering toe en wordt uiteindelijk krachtig genoeg om een \u200b\u200bpersoon tot volledige bewusteloosheid te dwingen.<\/li>\n<li><b><a href=\"https:\/\/psychonautwiki.org\/wiki\/Muscle_relaxation\"> Spierontspanning<\/a><\/b>\u00a0&#8211; Dit effect is bijzonder sterk in vergelijking met andere benzodiazepinen zoals\u00a0<a href=\"https:\/\/psychonautwiki.org\/wiki\/Alprazolam\">alprazolam<\/a>.<\/li>\n<li><b><a href=\"https:\/\/psychonautwiki.org\/wiki\/Motor_control_loss\">Verlies van motorische controle<\/a><\/b><\/li>\n<li><b><a href=\"https:\/\/psychonautwiki.org\/wiki\/Duizeligheid\">Duizeligheid<\/a><\/b><\/li>\n<li><b><a href=\"https:\/\/psychonautwiki.org\/wiki\/Increased_libido\">Verhoogd libido<\/a><\/b><\/li>\n<li><b><a href=\"https:\/\/psychonautwiki.org\/wiki\/Respiratory_depression\">Respiratoire depressie<\/a><\/b><\/li>\n<\/ul>\n<p style=\"font-weight: 400\"><b><strong>Clonazolam\u00a0<\/strong><\/b>zit in de klasse van benzodiazepines. Benzodiazepinen bevatten een benzeenring die is gefuseerd met een diazepinering, een zevenledige ring met de twee stikstofbestanddelen die zich op R1 en R4 bevinden. De benzylring van clonazolam is op R8 gesubstitueerd met een nitrogroep NO2-. De diazepine-ring is ook bij R6 gebonden aan een 2-gechloreerde fenylring.<\/p>\n<p style=\"font-weight: 400\"><a href=\"https:\/\/www.bestglobalmeds.com\/product\/ research-chemicals\/buy-clonazolam-powder\/\">Clonazolam<\/a> bevat een 1-gemethyleerde triazoolring die is gefuseerd aan en waarin R1 en R2 van zijn diazepinering zijn opgenomen. Clonazolam behoort tot een klasse van benzodiazepinen die deze gefuseerde triazoolring bevatten, triazolobenzodiazepinen genaamd, te onderscheiden door het achtervoegsel -zolam. Andere nitrobenzodiazepinen zijn clonazepam en flunitrazepam.<\/p>\n<p style=\"font-weight: 400\">6-(2-chloorfenyl)-1-methyl-8-nitro-4H-s-triazolo- (4,3- a)-(1,4)-benzodiazepine<\/p>\n<p>Dit product wordt alleen verkocht voor onderzoeksdoeleinden en mag niet worden gebruikt voor andere doeleinden, inclusief, maar niet beperkt tot, in vivo diagnostische doeleinden, in voedingsmiddelen, in medicijnen, in medicinale apparaten en\/of cosmetica voor mensen en\/of dieren.<\/p>\n<p style=\"font-weight: 400\">Zorg er v\u00f3\u00f3r het bestellen voor dat u goed bent uitgerust voor onderzoekchemicali\u00ebn en dat uw werkruimte goed geventileerd is.<\/p>\n<p style=\"font-weight: 400\">U moet 18 jaar of ouder zijn om dit product te bestellen.<\/p>\n","protected":false},"excerpt":{"rendered":"<div class=\"woocommerce-product-details__short-description\">\n<p>Koop puur hoogwaardig Clonazolam-poeder Europa, VK, EU online met Bitcoin &#8211; Koop legale medicijnen online, koop clonazolam-chemicali\u00ebn, koop onbewerkte farmaceutische poeders.<\/p>\n<p>Met Bitcoin kunt u online pure, hoogwaardige Clonazolam-poeder kopen. U kunt overal op internet legale medicijnen, onderzoekschemicali\u00ebn en farmaceutische onbewerkte poeders kopen.<\/p>\n<p>Koop Clonazolam om uw angst- en paniekaanvallen te verminderen. Het heeft een positief effect op je mentale welzijn.<\/p>\n<p>Waar kan ik Clonazolam krijgen in de V.S.? Verkoper van clonazolam, snelle levering, geweldige kwaliteit en het vermogen om de douane gemakkelijk te ontwijken<\/p>\n<p>Winkel voor clonazolampoeder op internet. Clonazolam is structureel identiek aan Clonazepam, met uitzondering van de 1,2,4-triazoolring die aan de benzeenring is gefuseerd. Waar wordt Clonazolam voor gebruikt en hoe helpt het mensen? Ondertussen is Clonazolam alleen beschikbaar voor onderzoeksdoeleinden en niet voor menselijke consumptie.<\/p>\n<\/p><\/div>\n","protected":false},"featured_media":5479,"comment_status":"open","ping_status":"closed","template":"","meta":[],"product_brand":[],"product_cat":[2014],"product_tag":[2772,2748,2752,2753,2754,2749,2755,2756,2750,2765,2751,2758,2760,2759,2762,2763,2764,2757,2761,2766,2768,2771,2770,2769,2767,2774,2773,2775,2776,2777],"class_list":{"0":"post-5469","1":"product","2":"type-product","3":"status-publish","4":"has-post-thumbnail","6":"product_cat-onderzoek-chemicalien-kopen","7":"product_tag-bestel-c-lam-trott-2019-poeder","8":"product_tag-buy-cheap-clonazolam-powder-online","9":"product_tag-buy-clonazolam-powder","10":"product_tag-buy-clonazolam-powder-online","11":"product_tag-buy-pure-clonazolam-powder-online","12":"product_tag-koop-klon-clam-poeder","13":"product_tag-clonazolam","14":"product_tag-clonazolam-buy","15":"product_tag-clonazolam-kopen","16":"product_tag-clonazolam-onderzoek","17":"product_tag-clonazolam-online-kopen","18":"product_tag-clonazolam-poeder","19":"product_tag-clonazolam-poeder-eu","20":"product_tag-clonazolam-poeder-educatie","21":"product_tag-clonazolam-poeder-online","22":"product_tag-clonazolam-poeder-prijs","23":"product_tag-clonazolam-price","24":"product_tag-clonazolam-te-koop","25":"product_tag-clonazolam-poeder-in-canada","26":"product_tag-clonitrazolam-poeder-beste-prijs-online","27":"product_tag-eclonazolam-poeder-te-verkoop","28":"product_tag-hoe-te-bestellen-clonazolam-poeder-online","29":"product_tag-hoe-te-krijgen-pure-clonazolam-poeder-online","30":"product_tag-how-to-consume-clonazolam-powder","31":"product_tag-kristallijn-clonazolam-poeder","32":"product_tag-kwaliteit-clonazolam-poeder","33":"product_tag-pure-clonazolam-powder","34":"product_tag-waar-clonazolam-poeder-te-kopen","35":"product_tag-waar-te-kopen-clonazolam-poeder-online","36":"product_tag-waar-te-kopen-clonitrazolam-poeder-online","38":"first","39":"instock","40":"shipping-taxable","41":"purchasable","42":"product-type-variable","43":"has-default-attributes"},"yoast_head":"<!-- This site is optimized with the Yoast SEO plugin v27.3 - https:\/\/yoast.com\/product\/yoast-seo-wordpress\/ -->\n<title>Koop Clonazolam-poeder - Clonazolam-poeder - Best Best Global Meds<\/title>\n<meta name=\"description\" content=\"Koop puur hoogwaardig Clonazolam-poeder Europa, VK, EU online met Bitcoin - Koop legale medicijnen online, koop clonazolam-chemicali\u00ebn, koop onbewerkte farmaceutische poeders.\" \/>\n<meta name=\"robots\" content=\"index, follow, max-snippet:-1, max-image-preview:large, max-video-preview:-1\" \/>\n<link rel=\"canonical\" href=\"https:\/\/medicinasinc.com\/nl\/product\/clonazolam-poeder-kopen\/\" \/>\n<meta property=\"og:locale\" content=\"nl_NL\" \/>\n<meta property=\"og:type\" content=\"article\" \/>\n<meta property=\"og:title\" content=\"Koop Clonazolam-poeder - Clonazolam-poeder - Best Best Global Meds\" \/>\n<meta property=\"og:description\" content=\"Koop puur hoogwaardig Clonazolam-poeder Europa, VK, EU online met Bitcoin - Koop legale medicijnen online, koop clonazolam-chemicali\u00ebn, koop onbewerkte farmaceutische poeders.\" \/>\n<meta property=\"og:url\" content=\"https:\/\/medicinasinc.com\/nl\/product\/clonazolam-poeder-kopen\/\" \/>\n<meta property=\"og:site_name\" content=\"Medicinas Inc\" \/>\n<meta property=\"article:modified_time\" content=\"2022-07-05T02:40:23+00:00\" \/>\n<meta property=\"og:image\" content=\"https:\/\/medicinasinc.com\/nl\/wp-content\/uploads\/sites\/17\/2022\/02\/Buy-Clonazolam-Powder.jpeg\" \/>\n\t<meta property=\"og:image:width\" content=\"566\" \/>\n\t<meta property=\"og:image:height\" content=\"600\" \/>\n\t<meta property=\"og:image:type\" content=\"image\/jpeg\" \/>\n<meta name=\"twitter:card\" content=\"summary_large_image\" \/>\n<meta name=\"twitter:label1\" content=\"Geschatte leestijd\" \/>\n\t<meta name=\"twitter:data1\" content=\"2 minuten\" \/>\n<script type=\"application\/ld+json\" class=\"yoast-schema-graph\">{\"@context\":\"https:\\\/\\\/schema.org\",\"@graph\":[{\"@type\":\"WebPage\",\"@id\":\"https:\\\/\\\/medicinasinc.com\\\/nl\\\/product\\\/clonazolam-poeder-kopen\\\/\",\"url\":\"https:\\\/\\\/medicinasinc.com\\\/nl\\\/product\\\/clonazolam-poeder-kopen\\\/\",\"name\":\"Koop Clonazolam-poeder - Clonazolam-poeder - Best Best Global Meds\",\"isPartOf\":{\"@id\":\"https:\\\/\\\/medicinasinc.com\\\/nl\\\/#website\"},\"primaryImageOfPage\":{\"@id\":\"https:\\\/\\\/medicinasinc.com\\\/nl\\\/product\\\/clonazolam-poeder-kopen\\\/#primaryimage\"},\"image\":{\"@id\":\"https:\\\/\\\/medicinasinc.com\\\/nl\\\/product\\\/clonazolam-poeder-kopen\\\/#primaryimage\"},\"thumbnailUrl\":\"https:\\\/\\\/medicinasinc.com\\\/nl\\\/wp-content\\\/uploads\\\/sites\\\/17\\\/2022\\\/02\\\/Buy-Clonazolam-Powder.jpeg\",\"datePublished\":\"2022-02-22T00:05:12+00:00\",\"dateModified\":\"2022-07-05T02:40:23+00:00\",\"description\":\"Koop puur hoogwaardig Clonazolam-poeder Europa, VK, EU online met Bitcoin - Koop legale medicijnen online, koop clonazolam-chemicali\u00ebn, koop onbewerkte farmaceutische poeders.\",\"breadcrumb\":{\"@id\":\"https:\\\/\\\/medicinasinc.com\\\/nl\\\/product\\\/clonazolam-poeder-kopen\\\/#breadcrumb\"},\"inLanguage\":\"nl-NL\",\"potentialAction\":[{\"@type\":\"ReadAction\",\"target\":[\"https:\\\/\\\/medicinasinc.com\\\/nl\\\/product\\\/clonazolam-poeder-kopen\\\/\"]}]},{\"@type\":\"ImageObject\",\"inLanguage\":\"nl-NL\",\"@id\":\"https:\\\/\\\/medicinasinc.com\\\/nl\\\/product\\\/clonazolam-poeder-kopen\\\/#primaryimage\",\"url\":\"https:\\\/\\\/medicinasinc.com\\\/nl\\\/wp-content\\\/uploads\\\/sites\\\/17\\\/2022\\\/02\\\/Buy-Clonazolam-Powder.jpeg\",\"contentUrl\":\"https:\\\/\\\/medicinasinc.com\\\/nl\\\/wp-content\\\/uploads\\\/sites\\\/17\\\/2022\\\/02\\\/Buy-Clonazolam-Powder.jpeg\",\"width\":566,\"height\":600},{\"@type\":\"BreadcrumbList\",\"@id\":\"https:\\\/\\\/medicinasinc.com\\\/nl\\\/product\\\/clonazolam-poeder-kopen\\\/#breadcrumb\",\"itemListElement\":[{\"@type\":\"ListItem\",\"position\":1,\"name\":\"Winkel\",\"item\":\"https:\\\/\\\/medicinasinc.com\\\/nl\\\/winkel\\\/\"},{\"@type\":\"ListItem\",\"position\":2,\"name\":\"Clonazolam-poeder kopen\"}]},{\"@type\":\"WebSite\",\"@id\":\"https:\\\/\\\/medicinasinc.com\\\/nl\\\/#website\",\"url\":\"https:\\\/\\\/medicinasinc.com\\\/nl\\\/\",\"name\":\"Medicinas Inc\",\"description\":\"Health Medical Clinic\",\"potentialAction\":[{\"@type\":\"SearchAction\",\"target\":{\"@type\":\"EntryPoint\",\"urlTemplate\":\"https:\\\/\\\/medicinasinc.com\\\/nl\\\/?s={search_term_string}\"},\"query-input\":{\"@type\":\"PropertyValueSpecification\",\"valueRequired\":true,\"valueName\":\"search_term_string\"}}],\"inLanguage\":\"nl-NL\"}]}<\/script>\n<!-- \/ Yoast SEO plugin. -->","yoast_head_json":{"title":"Koop Clonazolam-poeder - Clonazolam-poeder - Best Best Global Meds","description":"Koop puur hoogwaardig Clonazolam-poeder Europa, VK, EU online met Bitcoin - Koop legale medicijnen online, koop clonazolam-chemicali\u00ebn, koop onbewerkte farmaceutische poeders.","robots":{"index":"index","follow":"follow","max-snippet":"max-snippet:-1","max-image-preview":"max-image-preview:large","max-video-preview":"max-video-preview:-1"},"canonical":"https:\/\/medicinasinc.com\/nl\/product\/clonazolam-poeder-kopen\/","og_locale":"nl_NL","og_type":"article","og_title":"Koop Clonazolam-poeder - Clonazolam-poeder - Best Best Global Meds","og_description":"Koop puur hoogwaardig Clonazolam-poeder Europa, VK, EU online met Bitcoin - Koop legale medicijnen online, koop clonazolam-chemicali\u00ebn, koop onbewerkte farmaceutische poeders.","og_url":"https:\/\/medicinasinc.com\/nl\/product\/clonazolam-poeder-kopen\/","og_site_name":"Medicinas Inc","article_modified_time":"2022-07-05T02:40:23+00:00","og_image":[{"width":566,"height":600,"url":"https:\/\/medicinasinc.com\/nl\/wp-content\/uploads\/sites\/17\/2022\/02\/Buy-Clonazolam-Powder.jpeg","type":"image\/jpeg"}],"twitter_card":"summary_large_image","twitter_misc":{"Geschatte leestijd":"2 minuten"},"schema":{"@context":"https:\/\/schema.org","@graph":[{"@type":"WebPage","@id":"https:\/\/medicinasinc.com\/nl\/product\/clonazolam-poeder-kopen\/","url":"https:\/\/medicinasinc.com\/nl\/product\/clonazolam-poeder-kopen\/","name":"Koop Clonazolam-poeder - Clonazolam-poeder - Best Best Global Meds","isPartOf":{"@id":"https:\/\/medicinasinc.com\/nl\/#website"},"primaryImageOfPage":{"@id":"https:\/\/medicinasinc.com\/nl\/product\/clonazolam-poeder-kopen\/#primaryimage"},"image":{"@id":"https:\/\/medicinasinc.com\/nl\/product\/clonazolam-poeder-kopen\/#primaryimage"},"thumbnailUrl":"https:\/\/medicinasinc.com\/nl\/wp-content\/uploads\/sites\/17\/2022\/02\/Buy-Clonazolam-Powder.jpeg","datePublished":"2022-02-22T00:05:12+00:00","dateModified":"2022-07-05T02:40:23+00:00","description":"Koop puur hoogwaardig Clonazolam-poeder Europa, VK, EU online met Bitcoin - Koop legale medicijnen online, koop clonazolam-chemicali\u00ebn, koop onbewerkte farmaceutische poeders.","breadcrumb":{"@id":"https:\/\/medicinasinc.com\/nl\/product\/clonazolam-poeder-kopen\/#breadcrumb"},"inLanguage":"nl-NL","potentialAction":[{"@type":"ReadAction","target":["https:\/\/medicinasinc.com\/nl\/product\/clonazolam-poeder-kopen\/"]}]},{"@type":"ImageObject","inLanguage":"nl-NL","@id":"https:\/\/medicinasinc.com\/nl\/product\/clonazolam-poeder-kopen\/#primaryimage","url":"https:\/\/medicinasinc.com\/nl\/wp-content\/uploads\/sites\/17\/2022\/02\/Buy-Clonazolam-Powder.jpeg","contentUrl":"https:\/\/medicinasinc.com\/nl\/wp-content\/uploads\/sites\/17\/2022\/02\/Buy-Clonazolam-Powder.jpeg","width":566,"height":600},{"@type":"BreadcrumbList","@id":"https:\/\/medicinasinc.com\/nl\/product\/clonazolam-poeder-kopen\/#breadcrumb","itemListElement":[{"@type":"ListItem","position":1,"name":"Winkel","item":"https:\/\/medicinasinc.com\/nl\/winkel\/"},{"@type":"ListItem","position":2,"name":"Clonazolam-poeder kopen"}]},{"@type":"WebSite","@id":"https:\/\/medicinasinc.com\/nl\/#website","url":"https:\/\/medicinasinc.com\/nl\/","name":"Medicinas Inc","description":"Health Medical Clinic","potentialAction":[{"@type":"SearchAction","target":{"@type":"EntryPoint","urlTemplate":"https:\/\/medicinasinc.com\/nl\/?s={search_term_string}"},"query-input":{"@type":"PropertyValueSpecification","valueRequired":true,"valueName":"search_term_string"}}],"inLanguage":"nl-NL"}]}},"_links":{"self":[{"href":"https:\/\/medicinasinc.com\/nl\/wp-json\/wp\/v2\/product\/5469","targetHints":{"allow":["GET"]}}],"collection":[{"href":"https:\/\/medicinasinc.com\/nl\/wp-json\/wp\/v2\/product"}],"about":[{"href":"https:\/\/medicinasinc.com\/nl\/wp-json\/wp\/v2\/types\/product"}],"replies":[{"embeddable":true,"href":"https:\/\/medicinasinc.com\/nl\/wp-json\/wp\/v2\/comments?post=5469"}],"wp:featuredmedia":[{"embeddable":true,"href":"https:\/\/medicinasinc.com\/nl\/wp-json\/wp\/v2\/media\/5479"}],"wp:attachment":[{"href":"https:\/\/medicinasinc.com\/nl\/wp-json\/wp\/v2\/media?parent=5469"}],"wp:term":[{"taxonomy":"product_brand","embeddable":true,"href":"https:\/\/medicinasinc.com\/nl\/wp-json\/wp\/v2\/product_brand?post=5469"},{"taxonomy":"product_cat","embeddable":true,"href":"https:\/\/medicinasinc.com\/nl\/wp-json\/wp\/v2\/product_cat?post=5469"},{"taxonomy":"product_tag","embeddable":true,"href":"https:\/\/medicinasinc.com\/nl\/wp-json\/wp\/v2\/product_tag?post=5469"}],"curies":[{"name":"wp","href":"https:\/\/api.w.org\/{rel}","templated":true}]}}