{"id":5419,"date":"2022-02-21T23:00:46","date_gmt":"2022-02-21T23:00:46","guid":{"rendered":"https:\/\/medicinasinc.com\/nl\/?post_type=product&#038;p=5419"},"modified":"2022-07-05T02:41:17","modified_gmt":"2022-07-05T02:41:17","slug":"koop-adb-pinaca-poeder","status":"publish","type":"product","link":"https:\/\/medicinasinc.com\/nl\/product\/koop-adb-pinaca-poeder\/","title":{"rendered":"Koop ADB-PINACA-poeder"},"content":{"rendered":"<p><strong>ADB-Pinaca-poeder met hoge zuiverheid is beschikbaar<\/strong><\/p>\n<p>Poeder en kristalmethiopropamine \/ MPA kunnen worden gekocht bij ADB-Pinaca Powder Purity 98% Chemical Stock<\/p>\n<p>Zuiverheid van ADB-Pinaca-poeder<\/p>\n<p>ProName: 5F-MDMB-PINACA 5F-ADB 5FADB ADB-poeder<br \/> CasNo: 68585-34-2<br \/> Molecuulformule: ADB<br \/> Uiterlijk: wit kristallijn poeder<br \/>Toepassing: farmaceutisch tussenproduct<br \/>Levertijd: 4-7 dagen voor kant-en-klare goederen<br \/>Pakket: 1kg\/aluminiumfoliezak<br \/>Poort: Tianjin<br \/>Productiecapaciteit : 10000 kg\/maand<br \/> Zuiverheid: &gt;99,5%<br \/> Opslag: koel, droog en goed afgesloten bewaren<br \/> Transport: door EMS, DHL, FEDEX<br \/> Vochtgehalte: \u2264 0,01<\/p>\n<p>Koop <a href=\"https:\/\/en.wikipedia.org\/wiki\/ADB-PINACA\">ADB-Pinaca<\/a> Poederzuiverheid 98% te koop, onderzoek chemische leveranciers, koop onderzoekschemicali\u00ebn china, beste site om onderzoekchemicali\u00ebn te kopen, onderzoekschemicali\u00ebn reddit, bodybuilding onderzoekschemicali\u00ebn, goedkope onderzoekchemicali\u00ebn usa, koop onderzoek c hemicals online europa<\/p>\n<p>&nbsp;<\/p>\n<div class=\"product-next-previous\">\n<div class=\"product-prev\"><\/div><\/div>\n","protected":false},"excerpt":{"rendered":"<p>Koop ADB-Pinaca Poeder Hoge Zuiverheid. Koop ADB-Pinaca Powder Purity 98% Chemical Stock beschikbaar in Powder &amp; Crystal<\/p>\n<p>Koop ADB-Pinaca-poeder te koop in Europa, VK, EU, China Zuiverheid 98% chemische voorraad beschikbaar in poeder en amp; CrystalMethiopropamine \/ MPA ADB-Pinaca Poeder Zuiverheid.<\/p>\n","protected":false},"featured_media":5431,"comment_status":"open","ping_status":"closed","template":"","meta":[],"product_brand":[],"product_cat":[2014],"product_tag":[2634,2635,2632,2633,2638,2648,2640,2642,2641,2643,2636,2637,2645,2644,2646,2647,2649,2639],"class_list":{"0":"post-5419","1":"product","2":"type-product","3":"status-publish","4":"has-post-thumbnail","6":"product_cat-onderzoek-chemicalien-kopen","7":"product_tag-adb-fubinaca-review","8":"product_tag-adb-fubinaca-leveranciers","9":"product_tag-adb-fubinaca-per-gram","10":"product_tag-adb-fubinaca-prijs","11":"product_tag-beschrijving-adb-fubinaca","12":"product_tag-bestelling-adb-fubinaca","13":"product_tag-fubinaca-effecten","14":"product_tag-hoe-te-kopen-adb-fubinaca","15":"product_tag-hoeveel-is-snelheid-kosten-adb-fubinaca","16":"product_tag-how-to-purchase-adb-fubinaca","17":"product_tag-adb-fubinaca-kopen","18":"product_tag-online-adb-fubinaca-kopen","19":"product_tag-low-rate-adb-fubinaca","20":"product_tag-lage-prijs-adb-fubinaca","21":"product_tag-mdmb-fubinaca","22":"product_tag-online-kopen-adb-fubinaca","23":"product_tag-review-adb-fubinaca","24":"product_tag-te-koop-adb-fubinaca","26":"first","27":"instock","28":"shipping-taxable","29":"purchasable","30":"product-type-variable","31":"has-default-attributes"},"yoast_head":"<!-- This site is optimized with the Yoast SEO plugin v27.3 - https:\/\/yoast.com\/product\/yoast-seo-wordpress\/ -->\n<title>Koop ADB-PINACA-poeder - ADB-PINACA - Best Best Global Meds<\/title>\n<meta name=\"description\" content=\"Koop ADB-Pinaca-poeder te koop in Europa, VK, EU, China Zuiverheid 98% chemische voorraad in poeder &amp; CrystalMethiopropamine \/ MPA ADB-Pinaca-poeder.\" \/>\n<meta name=\"robots\" content=\"index, follow, max-snippet:-1, max-image-preview:large, max-video-preview:-1\" \/>\n<link rel=\"canonical\" href=\"https:\/\/medicinasinc.com\/nl\/product\/koop-adb-pinaca-poeder\/\" \/>\n<meta property=\"og:locale\" content=\"nl_NL\" \/>\n<meta property=\"og:type\" content=\"article\" \/>\n<meta property=\"og:title\" content=\"Koop ADB-PINACA-poeder - ADB-PINACA - Best Best Global Meds\" \/>\n<meta property=\"og:description\" content=\"Koop ADB-Pinaca-poeder te koop in Europa, VK, EU, China Zuiverheid 98% chemische voorraad in poeder &amp; CrystalMethiopropamine \/ MPA ADB-Pinaca-poeder.\" \/>\n<meta property=\"og:url\" content=\"https:\/\/medicinasinc.com\/nl\/product\/koop-adb-pinaca-poeder\/\" \/>\n<meta property=\"og:site_name\" content=\"Medicinas Inc\" \/>\n<meta property=\"article:modified_time\" content=\"2022-07-05T02:41:17+00:00\" \/>\n<meta property=\"og:image\" content=\"https:\/\/medicinasinc.com\/nl\/wp-content\/uploads\/sites\/17\/2022\/02\/Buy-ADB-Pinaca-Powder.png\" \/>\n\t<meta property=\"og:image:width\" content=\"600\" \/>\n\t<meta property=\"og:image:height\" content=\"400\" \/>\n\t<meta property=\"og:image:type\" content=\"image\/png\" \/>\n<meta name=\"twitter:card\" content=\"summary_large_image\" \/>\n<meta name=\"twitter:label1\" content=\"Geschatte leestijd\" \/>\n\t<meta name=\"twitter:data1\" content=\"1 minuut\" \/>\n<script type=\"application\/ld+json\" class=\"yoast-schema-graph\">{\"@context\":\"https:\\\/\\\/schema.org\",\"@graph\":[{\"@type\":\"WebPage\",\"@id\":\"https:\\\/\\\/medicinasinc.com\\\/nl\\\/product\\\/koop-adb-pinaca-poeder\\\/\",\"url\":\"https:\\\/\\\/medicinasinc.com\\\/nl\\\/product\\\/koop-adb-pinaca-poeder\\\/\",\"name\":\"Koop ADB-PINACA-poeder - ADB-PINACA - Best Best Global Meds\",\"isPartOf\":{\"@id\":\"https:\\\/\\\/medicinasinc.com\\\/nl\\\/#website\"},\"primaryImageOfPage\":{\"@id\":\"https:\\\/\\\/medicinasinc.com\\\/nl\\\/product\\\/koop-adb-pinaca-poeder\\\/#primaryimage\"},\"image\":{\"@id\":\"https:\\\/\\\/medicinasinc.com\\\/nl\\\/product\\\/koop-adb-pinaca-poeder\\\/#primaryimage\"},\"thumbnailUrl\":\"https:\\\/\\\/medicinasinc.com\\\/nl\\\/wp-content\\\/uploads\\\/sites\\\/17\\\/2022\\\/02\\\/Buy-ADB-Pinaca-Powder.png\",\"datePublished\":\"2022-02-21T23:00:46+00:00\",\"dateModified\":\"2022-07-05T02:41:17+00:00\",\"description\":\"Koop ADB-Pinaca-poeder te koop in Europa, VK, EU, China Zuiverheid 98% chemische voorraad in poeder &amp; CrystalMethiopropamine \\\/ MPA ADB-Pinaca-poeder.\",\"breadcrumb\":{\"@id\":\"https:\\\/\\\/medicinasinc.com\\\/nl\\\/product\\\/koop-adb-pinaca-poeder\\\/#breadcrumb\"},\"inLanguage\":\"nl-NL\",\"potentialAction\":[{\"@type\":\"ReadAction\",\"target\":[\"https:\\\/\\\/medicinasinc.com\\\/nl\\\/product\\\/koop-adb-pinaca-poeder\\\/\"]}]},{\"@type\":\"ImageObject\",\"inLanguage\":\"nl-NL\",\"@id\":\"https:\\\/\\\/medicinasinc.com\\\/nl\\\/product\\\/koop-adb-pinaca-poeder\\\/#primaryimage\",\"url\":\"https:\\\/\\\/medicinasinc.com\\\/nl\\\/wp-content\\\/uploads\\\/sites\\\/17\\\/2022\\\/02\\\/Buy-ADB-Pinaca-Powder.png\",\"contentUrl\":\"https:\\\/\\\/medicinasinc.com\\\/nl\\\/wp-content\\\/uploads\\\/sites\\\/17\\\/2022\\\/02\\\/Buy-ADB-Pinaca-Powder.png\",\"width\":600,\"height\":400},{\"@type\":\"BreadcrumbList\",\"@id\":\"https:\\\/\\\/medicinasinc.com\\\/nl\\\/product\\\/koop-adb-pinaca-poeder\\\/#breadcrumb\",\"itemListElement\":[{\"@type\":\"ListItem\",\"position\":1,\"name\":\"Winkel\",\"item\":\"https:\\\/\\\/medicinasinc.com\\\/nl\\\/winkel\\\/\"},{\"@type\":\"ListItem\",\"position\":2,\"name\":\"Koop ADB-PINACA-poeder\"}]},{\"@type\":\"WebSite\",\"@id\":\"https:\\\/\\\/medicinasinc.com\\\/nl\\\/#website\",\"url\":\"https:\\\/\\\/medicinasinc.com\\\/nl\\\/\",\"name\":\"Medicinas Inc\",\"description\":\"Health Medical Clinic\",\"potentialAction\":[{\"@type\":\"SearchAction\",\"target\":{\"@type\":\"EntryPoint\",\"urlTemplate\":\"https:\\\/\\\/medicinasinc.com\\\/nl\\\/?s={search_term_string}\"},\"query-input\":{\"@type\":\"PropertyValueSpecification\",\"valueRequired\":true,\"valueName\":\"search_term_string\"}}],\"inLanguage\":\"nl-NL\"}]}<\/script>\n<!-- \/ Yoast SEO plugin. -->","yoast_head_json":{"title":"Koop ADB-PINACA-poeder - ADB-PINACA - Best Best Global Meds","description":"Koop ADB-Pinaca-poeder te koop in Europa, VK, EU, China Zuiverheid 98% chemische voorraad in poeder &amp; CrystalMethiopropamine \/ MPA ADB-Pinaca-poeder.","robots":{"index":"index","follow":"follow","max-snippet":"max-snippet:-1","max-image-preview":"max-image-preview:large","max-video-preview":"max-video-preview:-1"},"canonical":"https:\/\/medicinasinc.com\/nl\/product\/koop-adb-pinaca-poeder\/","og_locale":"nl_NL","og_type":"article","og_title":"Koop ADB-PINACA-poeder - ADB-PINACA - Best Best Global Meds","og_description":"Koop ADB-Pinaca-poeder te koop in Europa, VK, EU, China Zuiverheid 98% chemische voorraad in poeder &amp; CrystalMethiopropamine \/ MPA ADB-Pinaca-poeder.","og_url":"https:\/\/medicinasinc.com\/nl\/product\/koop-adb-pinaca-poeder\/","og_site_name":"Medicinas Inc","article_modified_time":"2022-07-05T02:41:17+00:00","og_image":[{"width":600,"height":400,"url":"https:\/\/medicinasinc.com\/nl\/wp-content\/uploads\/sites\/17\/2022\/02\/Buy-ADB-Pinaca-Powder.png","type":"image\/png"}],"twitter_card":"summary_large_image","twitter_misc":{"Geschatte leestijd":"1 minuut"},"schema":{"@context":"https:\/\/schema.org","@graph":[{"@type":"WebPage","@id":"https:\/\/medicinasinc.com\/nl\/product\/koop-adb-pinaca-poeder\/","url":"https:\/\/medicinasinc.com\/nl\/product\/koop-adb-pinaca-poeder\/","name":"Koop ADB-PINACA-poeder - ADB-PINACA - Best Best Global Meds","isPartOf":{"@id":"https:\/\/medicinasinc.com\/nl\/#website"},"primaryImageOfPage":{"@id":"https:\/\/medicinasinc.com\/nl\/product\/koop-adb-pinaca-poeder\/#primaryimage"},"image":{"@id":"https:\/\/medicinasinc.com\/nl\/product\/koop-adb-pinaca-poeder\/#primaryimage"},"thumbnailUrl":"https:\/\/medicinasinc.com\/nl\/wp-content\/uploads\/sites\/17\/2022\/02\/Buy-ADB-Pinaca-Powder.png","datePublished":"2022-02-21T23:00:46+00:00","dateModified":"2022-07-05T02:41:17+00:00","description":"Koop ADB-Pinaca-poeder te koop in Europa, VK, EU, China Zuiverheid 98% chemische voorraad in poeder &amp; CrystalMethiopropamine \/ MPA ADB-Pinaca-poeder.","breadcrumb":{"@id":"https:\/\/medicinasinc.com\/nl\/product\/koop-adb-pinaca-poeder\/#breadcrumb"},"inLanguage":"nl-NL","potentialAction":[{"@type":"ReadAction","target":["https:\/\/medicinasinc.com\/nl\/product\/koop-adb-pinaca-poeder\/"]}]},{"@type":"ImageObject","inLanguage":"nl-NL","@id":"https:\/\/medicinasinc.com\/nl\/product\/koop-adb-pinaca-poeder\/#primaryimage","url":"https:\/\/medicinasinc.com\/nl\/wp-content\/uploads\/sites\/17\/2022\/02\/Buy-ADB-Pinaca-Powder.png","contentUrl":"https:\/\/medicinasinc.com\/nl\/wp-content\/uploads\/sites\/17\/2022\/02\/Buy-ADB-Pinaca-Powder.png","width":600,"height":400},{"@type":"BreadcrumbList","@id":"https:\/\/medicinasinc.com\/nl\/product\/koop-adb-pinaca-poeder\/#breadcrumb","itemListElement":[{"@type":"ListItem","position":1,"name":"Winkel","item":"https:\/\/medicinasinc.com\/nl\/winkel\/"},{"@type":"ListItem","position":2,"name":"Koop ADB-PINACA-poeder"}]},{"@type":"WebSite","@id":"https:\/\/medicinasinc.com\/nl\/#website","url":"https:\/\/medicinasinc.com\/nl\/","name":"Medicinas Inc","description":"Health Medical Clinic","potentialAction":[{"@type":"SearchAction","target":{"@type":"EntryPoint","urlTemplate":"https:\/\/medicinasinc.com\/nl\/?s={search_term_string}"},"query-input":{"@type":"PropertyValueSpecification","valueRequired":true,"valueName":"search_term_string"}}],"inLanguage":"nl-NL"}]}},"_links":{"self":[{"href":"https:\/\/medicinasinc.com\/nl\/wp-json\/wp\/v2\/product\/5419","targetHints":{"allow":["GET"]}}],"collection":[{"href":"https:\/\/medicinasinc.com\/nl\/wp-json\/wp\/v2\/product"}],"about":[{"href":"https:\/\/medicinasinc.com\/nl\/wp-json\/wp\/v2\/types\/product"}],"replies":[{"embeddable":true,"href":"https:\/\/medicinasinc.com\/nl\/wp-json\/wp\/v2\/comments?post=5419"}],"wp:featuredmedia":[{"embeddable":true,"href":"https:\/\/medicinasinc.com\/nl\/wp-json\/wp\/v2\/media\/5431"}],"wp:attachment":[{"href":"https:\/\/medicinasinc.com\/nl\/wp-json\/wp\/v2\/media?parent=5419"}],"wp:term":[{"taxonomy":"product_brand","embeddable":true,"href":"https:\/\/medicinasinc.com\/nl\/wp-json\/wp\/v2\/product_brand?post=5419"},{"taxonomy":"product_cat","embeddable":true,"href":"https:\/\/medicinasinc.com\/nl\/wp-json\/wp\/v2\/product_cat?post=5419"},{"taxonomy":"product_tag","embeddable":true,"href":"https:\/\/medicinasinc.com\/nl\/wp-json\/wp\/v2\/product_tag?post=5419"}],"curies":[{"name":"wp","href":"https:\/\/api.w.org\/{rel}","templated":true}]}}